{"id":20681,"date":"2023-12-04T19:41:04","date_gmt":"2023-12-04T18:41:04","guid":{"rendered":"https:\/\/eurosdiscounts.com\/?post_type=product&#038;p=20681"},"modified":"2023-12-04T19:41:05","modified_gmt":"2023-12-04T18:41:05","slug":"refrigerateur-multi-portes-lg-gml8031mt","status":"publish","type":"product","link":"https:\/\/eurosdiscounts.com\/index.php\/produit\/refrigerateur-multi-portes-lg-gml8031mt\/","title":{"rendered":"R\u00e9frig\u00e9rateur multi portes Lg GML8031MT"},"content":{"rendered":"<ul class=\"product-features__list\">\n<li class=\"feature-item\">\n<h3 class=\"feature-item__title\">Type de r\u00e9frig\u00e9rateur<\/h3>\n<ul>\n<li class=\"feature-item__content\"><span class=\"is--bold\">Format :<\/span>\u00a0multi portes avec cong\u00e9lateur en bas<\/li>\n<li class=\"feature-item__content\"><span class=\"is--bold\">Volume total :<\/span>\u00a0616 L<\/li>\n<li class=\"feature-item__content\"><span class=\"is--bold\">Rev\u00eatement ext\u00e9rieur de la porte :<\/span>\u00a0non concern\u00e9<\/li>\n<li class=\"feature-item__content\"><span class=\"is--bold\">Couleur du produit :<\/span>\u00a0carbone<\/li>\n<\/ul>\n<\/li>\n<li class=\"feature-item\">\n<h3 class=\"feature-item__title\">Type d\u2019installation<\/h3>\n<ul>\n<li class=\"feature-item__content\"><span class=\"is--bold\">Pose de l\u2019appareil :<\/span>\u00a0pose libre, peut \u00eatre install\u00e9 librement dans n\u2019importe quelle pi\u00e8ce de la maison<\/li>\n<li class=\"feature-item__content\"><span class=\"is--bold\">Installation contre un mur :<\/span>\u00a0le r\u00e9frig\u00e9rateur peut \u00eatre install\u00e9 contre le mur<\/li>\n<li class=\"feature-item__content\"><span class=\"is--bold\">Sens d\u2019ouverture de la porte :<\/span>\u00a0Les deux (gauche et droite)<\/li>\n<li class=\"feature-item__content\"><span class=\"is--bold\">Type de poign\u00e9es :<\/span>\u00a0int\u00e9gr\u00e9e(s), elles sont invisibles pour un rendu esth\u00e9tique<\/li>\n<li class=\"feature-item__content\"><span class=\"is--bold\">Classe climatique :<\/span>\u00a0la classe climatique N\/T (de 16\u00b0C \u00e0 43\u00b0C) permet un fonctionnement optimum dans cette plage de temp\u00e9ratures<\/li>\n<li class=\"feature-item__content\"><span class=\"is--bold\">Porte d\u2019habillage :<\/span>\u00a0en pose libre, elle n\u2019est pas n\u00e9cessaire pour cet appareil car elle est d\u00e9j\u00e0 incluse<\/li>\n<li class=\"feature-item__content\"><span class=\"is--bold\">Guides &amp; tutoriels d\u2019entretiens :<\/span>\u00a0D\u00e9couvrez nos conseils et \u00e9co-gestes pour entretenir votre r\u00e9frig\u00e9rateur<\/li>\n<\/ul>\n<\/li>\n<li class=\"feature-item\">\n<h3 class=\"feature-item__title\">R\u00e9frig\u00e9rateur<\/h3>\n<ul>\n<li class=\"feature-item__content\"><span class=\"is--bold\">Volume r\u00e9frig\u00e9rateur :<\/span>\u00a0398 L<\/li>\n<li class=\"feature-item__content\"><span class=\"is--bold\">Froid du r\u00e9frig\u00e9rateur :<\/span>\u00a0le froid ventil\u00e9 permet une r\u00e9partition du froid de mani\u00e8re homog\u00e8ne et un rangement libre, sans contrainte, des aliments dans le r\u00e9frig\u00e9rateur<\/li>\n<li class=\"feature-item__content\"><span class=\"is--bold\">Filtre antibacterien de conservation :<\/span>\u00a0A changer tous les 6 mois. Le filtre anti-bact\u00e9rien recycle 100% de l\u2019air du r\u00e9frig\u00e9rateur et permet de lutter contre les bact\u00e9ries et les mauvaises odeurs.<\/li>\n<li class=\"feature-item__content\"><span class=\"is--bold\">Type de thermostat :<\/span>\u00a0\u00e9lectronique, permet un r\u00e9glage pr\u00e9cis de la temp\u00e9rature du r\u00e9frig\u00e9rateur. Esth\u00e9tique, intuitif et nettoyage facile<\/li>\n<li class=\"feature-item__content\"><span class=\"is--bold\">D\u00e9givrage du r\u00e9frig\u00e9rateur :<\/span>\u00a0automatique<\/li>\n<\/ul>\n<\/li>\n<li class=\"feature-item\">\n<h3 class=\"feature-item__title\">Cong\u00e9lateur<\/h3>\n<ul>\n<li class=\"feature-item__content\"><span class=\"is--bold\">Volume du cong\u00e9lateur : :<\/span>\u00a0218L<\/li>\n<li class=\"feature-item__content\"><span class=\"is--bold\">D\u00e9givrage du cong\u00e9lateur :<\/span>\u00a0automatique ( pas besoin de d\u00e9givrer)<\/li>\n<li class=\"feature-item__content\"><span class=\"is--bold\">Pouvoir de cong\u00e9lation :<\/span>\u00a010 kg\/24h<\/li>\n<li class=\"feature-item__content\"><span class=\"is--bold\">Le saviez-vous ? :<\/span>\u00a0plus la capacit\u00e9 de cong\u00e9lation est importante, plus le cong\u00e9lateur cong\u00e8le rapidement les aliments. Les aliments frais se conserveront plus longtemps, et garderont mieux toutes leurs saveurs et nutriments.<\/li>\n<li class=\"feature-item__content\"><span class=\"is--bold\">Autonomie en cas de coupure de courant :<\/span>\u00a013 h<\/li>\n<\/ul>\n<\/li>\n<li class=\"feature-item\">\n<h3 class=\"feature-item__title\">Agencement<\/h3>\n<ul>\n<li class=\"feature-item__content\"><span class=\"is--bold\">Nombre de clayettes r\u00e9frig\u00e9rateur :<\/span>\u00a04<\/li>\n<li class=\"feature-item__content\"><span class=\"is--bold\">Mati\u00e8re des clayettes :<\/span>\u00a0verre<\/li>\n<li class=\"feature-item__content\"><span class=\"is--bold\">Clayette porte bouteille :<\/span>\u00a0non<\/li>\n<li class=\"feature-item__content\"><span class=\"is--bold\">Nombre de tiroirs dans le r\u00e9frig\u00e9rateur :<\/span>\u00a02<\/li>\n<li class=\"feature-item__content\"><span class=\"is--bold\">Type d\u2019alimentation d\u2019eau :<\/span>\u00a0alimentation d\u2019eau classique : L\u2019utilisation du distributeur n\u00e9cessite le branchement du r\u00e9frig\u00e9rateur \u00e0 une arriv\u00e9e d\u2019eau froide (le tuyau de raccordement est fourni)<\/li>\n<li class=\"feature-item__content\"><span class=\"is--bold\">Distributeur :<\/span>\u00a0eau, gla\u00e7ons, glace pil\u00e9e<\/li>\n<li class=\"feature-item__content\"><span class=\"is--bold\">N\u00e9cessite une arriv\u00e9e d\u2019eau :<\/span>\u00a0oui<\/li>\n<li class=\"feature-item__content\"><span class=\"is--bold\">Filtre antibact\u00e9rien d\u2019alimentation d\u2019eau :<\/span>\u00a0A changer tous les 6 mois. Le filtre anti-bact\u00e9rien d\u2019alimentation d\u2019eau permet de lutter contre les bact\u00e9ries .<\/li>\n<li class=\"feature-item__content\"><span class=\"is--bold\">Syst\u00e8me \u00e0 gla\u00e7ons :<\/span>\u00a0bac \u00e0 gla\u00e7ons<\/li>\n<li class=\"feature-item__content\"><span class=\"is--bold\">Panneau de commandes :<\/span>\u00a0ext\u00e9rieur tactile<\/li>\n<li class=\"feature-item__content\"><span class=\"is--bold\">Fonction \u00e9co :<\/span>\u00a0ajuste automatiquement la temp\u00e9rature la plus \u00e9conomique en \u00e9nergie<\/li>\n<li class=\"feature-item__content\"><span class=\"is--bold\">Alarme d\u2019ouverture de porte :<\/span>\u00a0permet de signaler une ouverture accidentelle de la porte pour \u00e9viter la d\u00e9perdition de froid<\/li>\n<li class=\"feature-item__content\"><span class=\"is--bold\">Eclairage :<\/span>\u00a0LED<\/li>\n<li class=\"feature-item__content\"><span class=\"is--bold\">Nombre de tiroirs dans le cong\u00e9lateur :<\/span>\u00a03<\/li>\n<\/ul>\n<\/li>\n<li class=\"feature-item\">\n<h3 class=\"feature-item__title\">Conservation<\/h3>\n<ul>\n<li class=\"feature-item__content\"><span class=\"is--bold\">Zone fra\u00eecheur pour les fruits et l\u00e9gumes :<\/span>\u00a0oui, la ma\u00eetrise du taux d\u2019humidit\u00e9 dans le compartiment permet une conservation parfaite des fruits et l\u00e9gumes<\/li>\n<li class=\"feature-item__content\"><span class=\"is--bold\">Fonction cong\u00e9lation rapide :<\/span>\u00a0oui, elle permet d\u2019acc\u00e9l\u00e9rer la baisse de la temp\u00e9rature pour congeler rapidement les aliments en conservant leurs saveurs et nutriments<\/li>\n<li class=\"feature-item__content\"><span class=\"is--bold\">Am\u00e9lioration du refroidissement :<\/span>\u00a0oui, le Door Cooling est un rideau d\u2019air frais situ\u00e9 \u00e0 l\u2019avant du r\u00e9frig\u00e9rateur qui permet de limiter la d\u00e9perdition de froid \u00e0 chaque ouverture de porte, pour une meilleure conservation des aliments<\/li>\n<\/ul>\n<\/li>\n<li class=\"feature-item\">\n<h3 class=\"feature-item__title\">Technologie<\/h3>\n<ul>\n<li class=\"feature-item__content\"><span class=\"is--bold\">Type de moteur :<\/span>\u00a0inverter, un compresseur \u00e0 induction plus silencieux et qui permet aussi de limiter la consommation d\u2019\u00e9nergie<\/li>\n<li class=\"feature-item__content\"><span class=\"is--bold\">Niveau sonore :<\/span>\u00a0niveau sonore standard (42 db)<\/li>\n<li class=\"feature-item__content\"><span class=\"is--bold\">Multi Air Flow :<\/span>\u00a0dispose d\u2019a\u00e9rations qui injectent de l\u2019air frais de mani\u00e8re homog\u00e8ne dans l\u2019appareil<\/li>\n<\/ul>\n<\/li>\n<li class=\"feature-item\">\n<h3 class=\"feature-item__title\">Connect\u00e9<\/h3>\n<ul>\n<li class=\"feature-item__content\"><span class=\"is--bold\">Connectivit\u00e9 wifi :<\/span>\u00a0oui, permet de contr\u00f4ler \u00e0 distance la temp\u00e9rature et de diagnostiquer une panne<\/li>\n<li class=\"feature-item__content\"><span class=\"is--bold\">Compatibilit\u00e9 :<\/span>\u00a0iOs et Android<\/li>\n<li class=\"feature-item__content\"><span class=\"is--bold\">Application d\u00e9di\u00e9e :<\/span>\u00a0LG ThinQ<\/li>\n<li class=\"feature-item__content\"><span class=\"is--bold\">Services associ\u00e9s :<\/span>\u00a0L\u2019application SmartThinQ permet de contr\u00f4ler \u00e0 distance votre r\u00e9frig\u00e9rateur. Avec un smartphone compatible et l\u2019application, vous pouvez r\u00e9gler \u00e0 distance les param\u00e8tres de temp\u00e9rature pour que votre r\u00e9frig\u00e9rateur soit pr\u00eat \u00e0 accueillir vos courses<\/li>\n<\/ul>\n<\/li>\n<li class=\"feature-item\">\n<h3 class=\"feature-item__title\">Consommation<\/h3>\n<ul>\n<li class=\"feature-item__content\"><span class=\"is--bold\">Label \u00e9nergie :<\/span>\u00a0F<\/li>\n<li class=\"feature-item__content\"><span class=\"is--bold\">Economie d\u2019\u00e9nergie :<\/span>\u00a0Un changement de classe repr\u00e9sente 16% d\u2019\u00e9conomies sur la consommation d\u2019\u00e9nergie : source ADEME<\/li>\n<li class=\"feature-item__content\"><span class=\"is--bold\">Co\u00fbt annuel d\u2019utilisation ( Calcul\u00e9e avec 0.1740 euros par kWh ) :<\/span>\u00a074 euros<\/li>\n<li class=\"feature-item__content\"><span class=\"is--bold\">Consommation d\u2019\u00e9nergie annuelle :<\/span>\u00a0426 kWh\/an<\/li>\n<\/ul>\n<\/li>\n<li class=\"feature-item\">\n<h3 class=\"feature-item__title\">Contenu du carton<\/h3>\n<ul>\n<li class=\"feature-item__content\"><span class=\"is--bold\">Livr\u00e9 avec :<\/span>\u00a0Bac \u00e0 gla\u00e7ons, Filtre \u00e0 eau, Filtre anti bacterien<\/li>\n<\/ul>\n<\/li>\n<li class=\"feature-item\">\n<h3 class=\"feature-item__title\">Dimensions<\/h3>\n<ul>\n<li class=\"feature-item__content\"><span class=\"is--bold\">LxHxP :<\/span>\u00a090.8 x 177.2 x 79.2 cm<\/li>\n<li class=\"feature-item__content\"><span class=\"is--bold\">Poids net :<\/span>\u00a0133,0 kg<\/li>\n<li class=\"feature-item__content\"><span class=\"is--bold\">Poids brut :<\/span>\u00a0143,0 kg<\/li>\n<\/ul>\n<\/li>\n<li class=\"feature-item\">\n<h3 class=\"feature-item__title\">Informations<\/h3>\n<ul>\n<li class=\"feature-item__content\"><span class=\"is--bold\">Garantie :<\/span>\u00a02 ans<\/li>\n<li class=\"feature-item__content\"><span class=\"is--bold\">Disponibilit\u00e9 des pi\u00e8ces d\u00e9tach\u00e9es (donn\u00e9es fournisseur) :<\/span>\u00a0Pendant 10 ans, \u00e0 compter de la date d\u2019achat<\/li>\n<li class=\"feature-item__content\"><span class=\"is--bold\">Fabriqu\u00e9 en :<\/span>\u00a0Chine<\/li>\n<\/ul>\n<\/li>\n<\/ul>\n","protected":false},"excerpt":{"rendered":"<h3 class=\"keypoints__title\">Les points cl\u00e9s<\/h3>\n<ul>\n<li class=\"keypoints__item\">LxHxP : 90.8 x 177.2 x 79.2 cm<\/li>\n<li class=\"keypoints__item\">Niveau sonore de 42dB \u2013 Label \u00e9nergie F<\/li>\n<li class=\"keypoints__item\">Volume total : 616 L \u2013 D\u00e9givrage automatique du cong\u00e9lateur<\/li>\n<li class=\"keypoints__item\">Frigo de : 398 L (id\u00e9al pour 4 personnes et +) \u2013 cong\u00e9lateur de 218L<\/li>\n<li class=\"keypoints__item keypoints__item--advantage\"><strong>Le + :<\/strong>\u00a0L\u2019\u00e9l\u00e9gance de sa couleur cabone et sa connectivit\u00e9: contr\u00f4le \u00e0 distance gr\u00e2ce \u00e0 l\u2019application LG ThinQ.<\/li>\n<\/ul>\n","protected":false},"featured_media":20682,"comment_status":"open","ping_status":"closed","template":"","meta":[],"product_cat":[191],"product_tag":[],"class_list":{"0":"post-20681","1":"product","2":"type-product","3":"status-publish","4":"has-post-thumbnail","6":"product_brand-lg","7":"product_cat-refrigerateurs","9":"first","10":"instock","11":"sale","12":"shipping-taxable","13":"purchasable","14":"product-type-simple","15":"col-xs-6 col-sm-4","16":"col-md-3 col-lg-3","17":"un-4-cols"},"yoast_head":"<!-- This site is optimized with the Yoast SEO plugin v27.0 - https:\/\/yoast.com\/product\/yoast-seo-wordpress\/ -->\n<title>R\u00e9frig\u00e9rateur multi portes Lg GML8031MT - Eurosdiscounts.com- Achat sur Internet a prix discount, Canap\u00e9s pas cher, Smartphone pas cher, pc portable pas cher..<\/title>\n<meta name=\"description\" content=\"R\u00e9frig\u00e9rateur multi portes Lg GML8031MT\" \/>\n<meta name=\"robots\" content=\"index, follow, max-snippet:-1, max-image-preview:large, max-video-preview:-1\" \/>\n<link rel=\"canonical\" href=\"https:\/\/eurosdiscounts.com\/index.php\/produit\/refrigerateur-multi-portes-lg-gml8031mt\/\" \/>\n<meta property=\"og:locale\" content=\"fr_FR\" \/>\n<meta property=\"og:type\" content=\"article\" \/>\n<meta property=\"og:title\" content=\"R\u00e9frig\u00e9rateur multi portes Lg GML8031MT - Eurosdiscounts.com- Achat sur Internet a prix discount, Canap\u00e9s pas cher, Smartphone pas cher, pc portable pas cher..\" \/>\n<meta property=\"og:description\" content=\"R\u00e9frig\u00e9rateur multi portes Lg GML8031MT\" \/>\n<meta property=\"og:url\" content=\"https:\/\/eurosdiscounts.com\/index.php\/produit\/refrigerateur-multi-portes-lg-gml8031mt\/\" \/>\n<meta property=\"og:site_name\" content=\"Eurosdiscounts.com- Achat sur Internet a prix discount, Canap\u00e9s pas cher, Smartphone pas cher, pc portable pas cher..\" \/>\n<meta property=\"article:modified_time\" content=\"2023-12-04T18:41:05+00:00\" \/>\n<meta property=\"og:image\" content=\"https:\/\/eurosdiscounts.com\/wp-content\/uploads\/2023\/12\/8806098443499_h_f_l_0.webp\" \/>\n\t<meta property=\"og:image:width\" content=\"500\" \/>\n\t<meta property=\"og:image:height\" content=\"500\" \/>\n\t<meta property=\"og:image:type\" content=\"image\/webp\" \/>\n<meta name=\"twitter:card\" content=\"summary_large_image\" \/>\n<meta name=\"twitter:label1\" content=\"Dur\u00e9e de lecture estim\u00e9e\" \/>\n\t<meta name=\"twitter:data1\" content=\"4 minutes\" \/>\n<script type=\"application\/ld+json\" class=\"yoast-schema-graph\">{\"@context\":\"https:\/\/schema.org\",\"@graph\":[{\"@type\":\"WebPage\",\"@id\":\"https:\/\/eurosdiscounts.com\/index.php\/produit\/refrigerateur-multi-portes-lg-gml8031mt\/\",\"url\":\"https:\/\/eurosdiscounts.com\/index.php\/produit\/refrigerateur-multi-portes-lg-gml8031mt\/\",\"name\":\"R\u00e9frig\u00e9rateur multi portes Lg GML8031MT - Eurosdiscounts.com- Achat sur Internet a prix discount, Canap\u00e9s pas cher, Smartphone pas cher, pc portable pas cher..\",\"isPartOf\":{\"@id\":\"https:\/\/eurosdiscounts.com\/#website\"},\"primaryImageOfPage\":{\"@id\":\"https:\/\/eurosdiscounts.com\/index.php\/produit\/refrigerateur-multi-portes-lg-gml8031mt\/#primaryimage\"},\"image\":{\"@id\":\"https:\/\/eurosdiscounts.com\/index.php\/produit\/refrigerateur-multi-portes-lg-gml8031mt\/#primaryimage\"},\"thumbnailUrl\":\"https:\/\/eurosdiscounts.com\/wp-content\/uploads\/2023\/12\/8806098443499_h_f_l_0.webp\",\"datePublished\":\"2023-12-04T18:41:04+00:00\",\"dateModified\":\"2023-12-04T18:41:05+00:00\",\"description\":\"R\u00e9frig\u00e9rateur multi portes Lg GML8031MT\",\"breadcrumb\":{\"@id\":\"https:\/\/eurosdiscounts.com\/index.php\/produit\/refrigerateur-multi-portes-lg-gml8031mt\/#breadcrumb\"},\"inLanguage\":\"fr-FR\",\"potentialAction\":[{\"@type\":\"ReadAction\",\"target\":[\"https:\/\/eurosdiscounts.com\/index.php\/produit\/refrigerateur-multi-portes-lg-gml8031mt\/\"]}]},{\"@type\":\"ImageObject\",\"inLanguage\":\"fr-FR\",\"@id\":\"https:\/\/eurosdiscounts.com\/index.php\/produit\/refrigerateur-multi-portes-lg-gml8031mt\/#primaryimage\",\"url\":\"https:\/\/eurosdiscounts.com\/wp-content\/uploads\/2023\/12\/8806098443499_h_f_l_0.webp\",\"contentUrl\":\"https:\/\/eurosdiscounts.com\/wp-content\/uploads\/2023\/12\/8806098443499_h_f_l_0.webp\",\"width\":500,\"height\":500},{\"@type\":\"BreadcrumbList\",\"@id\":\"https:\/\/eurosdiscounts.com\/index.php\/produit\/refrigerateur-multi-portes-lg-gml8031mt\/#breadcrumb\",\"itemListElement\":[{\"@type\":\"ListItem\",\"position\":1,\"name\":\"Accueil\",\"item\":\"https:\/\/eurosdiscounts.com\/\"},{\"@type\":\"ListItem\",\"position\":2,\"name\":\"Boutique\",\"item\":\"https:\/\/eurosdiscounts.com\/index.php\/boutique\/\"},{\"@type\":\"ListItem\",\"position\":3,\"name\":\"R\u00e9frig\u00e9rateur multi portes Lg GML8031MT\"}]},{\"@type\":\"WebSite\",\"@id\":\"https:\/\/eurosdiscounts.com\/#website\",\"url\":\"https:\/\/eurosdiscounts.com\/\",\"name\":\"Eurosdiscounts.com- Achat sur Internet a prix discount, Canap\u00e9s pas cher, Smartphone pas cher, pc portable pas cher..\",\"description\":\"Eurosdiscounts.com- Achat sur Internet a prix discount, Canap\u00e9s pas cher, Smartphone pas cher, pc portable pas cher..\",\"potentialAction\":[{\"@type\":\"SearchAction\",\"target\":{\"@type\":\"EntryPoint\",\"urlTemplate\":\"https:\/\/eurosdiscounts.com\/?s={search_term_string}\"},\"query-input\":{\"@type\":\"PropertyValueSpecification\",\"valueRequired\":true,\"valueName\":\"search_term_string\"}}],\"inLanguage\":\"fr-FR\"}]}<\/script>\n<!-- \/ Yoast SEO plugin. -->","yoast_head_json":{"title":"R\u00e9frig\u00e9rateur multi portes Lg GML8031MT - Eurosdiscounts.com- Achat sur Internet a prix discount, Canap\u00e9s pas cher, Smartphone pas cher, pc portable pas cher..","description":"R\u00e9frig\u00e9rateur multi portes Lg GML8031MT","robots":{"index":"index","follow":"follow","max-snippet":"max-snippet:-1","max-image-preview":"max-image-preview:large","max-video-preview":"max-video-preview:-1"},"canonical":"https:\/\/eurosdiscounts.com\/index.php\/produit\/refrigerateur-multi-portes-lg-gml8031mt\/","og_locale":"fr_FR","og_type":"article","og_title":"R\u00e9frig\u00e9rateur multi portes Lg GML8031MT - Eurosdiscounts.com- Achat sur Internet a prix discount, Canap\u00e9s pas cher, Smartphone pas cher, pc portable pas cher..","og_description":"R\u00e9frig\u00e9rateur multi portes Lg GML8031MT","og_url":"https:\/\/eurosdiscounts.com\/index.php\/produit\/refrigerateur-multi-portes-lg-gml8031mt\/","og_site_name":"Eurosdiscounts.com- Achat sur Internet a prix discount, Canap\u00e9s pas cher, Smartphone pas cher, pc portable pas cher..","article_modified_time":"2023-12-04T18:41:05+00:00","og_image":[{"width":500,"height":500,"url":"https:\/\/eurosdiscounts.com\/wp-content\/uploads\/2023\/12\/8806098443499_h_f_l_0.webp","type":"image\/webp"}],"twitter_card":"summary_large_image","twitter_misc":{"Dur\u00e9e de lecture estim\u00e9e":"4 minutes"},"schema":{"@context":"https:\/\/schema.org","@graph":[{"@type":"WebPage","@id":"https:\/\/eurosdiscounts.com\/index.php\/produit\/refrigerateur-multi-portes-lg-gml8031mt\/","url":"https:\/\/eurosdiscounts.com\/index.php\/produit\/refrigerateur-multi-portes-lg-gml8031mt\/","name":"R\u00e9frig\u00e9rateur multi portes Lg GML8031MT - Eurosdiscounts.com- Achat sur Internet a prix discount, Canap\u00e9s pas cher, Smartphone pas cher, pc portable pas cher..","isPartOf":{"@id":"https:\/\/eurosdiscounts.com\/#website"},"primaryImageOfPage":{"@id":"https:\/\/eurosdiscounts.com\/index.php\/produit\/refrigerateur-multi-portes-lg-gml8031mt\/#primaryimage"},"image":{"@id":"https:\/\/eurosdiscounts.com\/index.php\/produit\/refrigerateur-multi-portes-lg-gml8031mt\/#primaryimage"},"thumbnailUrl":"https:\/\/eurosdiscounts.com\/wp-content\/uploads\/2023\/12\/8806098443499_h_f_l_0.webp","datePublished":"2023-12-04T18:41:04+00:00","dateModified":"2023-12-04T18:41:05+00:00","description":"R\u00e9frig\u00e9rateur multi portes Lg GML8031MT","breadcrumb":{"@id":"https:\/\/eurosdiscounts.com\/index.php\/produit\/refrigerateur-multi-portes-lg-gml8031mt\/#breadcrumb"},"inLanguage":"fr-FR","potentialAction":[{"@type":"ReadAction","target":["https:\/\/eurosdiscounts.com\/index.php\/produit\/refrigerateur-multi-portes-lg-gml8031mt\/"]}]},{"@type":"ImageObject","inLanguage":"fr-FR","@id":"https:\/\/eurosdiscounts.com\/index.php\/produit\/refrigerateur-multi-portes-lg-gml8031mt\/#primaryimage","url":"https:\/\/eurosdiscounts.com\/wp-content\/uploads\/2023\/12\/8806098443499_h_f_l_0.webp","contentUrl":"https:\/\/eurosdiscounts.com\/wp-content\/uploads\/2023\/12\/8806098443499_h_f_l_0.webp","width":500,"height":500},{"@type":"BreadcrumbList","@id":"https:\/\/eurosdiscounts.com\/index.php\/produit\/refrigerateur-multi-portes-lg-gml8031mt\/#breadcrumb","itemListElement":[{"@type":"ListItem","position":1,"name":"Accueil","item":"https:\/\/eurosdiscounts.com\/"},{"@type":"ListItem","position":2,"name":"Boutique","item":"https:\/\/eurosdiscounts.com\/index.php\/boutique\/"},{"@type":"ListItem","position":3,"name":"R\u00e9frig\u00e9rateur multi portes Lg GML8031MT"}]},{"@type":"WebSite","@id":"https:\/\/eurosdiscounts.com\/#website","url":"https:\/\/eurosdiscounts.com\/","name":"Eurosdiscounts.com- Achat sur Internet a prix discount, Canap\u00e9s pas cher, Smartphone pas cher, pc portable pas cher..","description":"Eurosdiscounts.com- Achat sur Internet a prix discount, Canap\u00e9s pas cher, Smartphone pas cher, pc portable pas cher..","potentialAction":[{"@type":"SearchAction","target":{"@type":"EntryPoint","urlTemplate":"https:\/\/eurosdiscounts.com\/?s={search_term_string}"},"query-input":{"@type":"PropertyValueSpecification","valueRequired":true,"valueName":"search_term_string"}}],"inLanguage":"fr-FR"}]}},"_links":{"self":[{"href":"https:\/\/eurosdiscounts.com\/index.php\/wp-json\/wp\/v2\/product\/20681","targetHints":{"allow":["GET"]}}],"collection":[{"href":"https:\/\/eurosdiscounts.com\/index.php\/wp-json\/wp\/v2\/product"}],"about":[{"href":"https:\/\/eurosdiscounts.com\/index.php\/wp-json\/wp\/v2\/types\/product"}],"replies":[{"embeddable":true,"href":"https:\/\/eurosdiscounts.com\/index.php\/wp-json\/wp\/v2\/comments?post=20681"}],"wp:featuredmedia":[{"embeddable":true,"href":"https:\/\/eurosdiscounts.com\/index.php\/wp-json\/wp\/v2\/media\/20682"}],"wp:attachment":[{"href":"https:\/\/eurosdiscounts.com\/index.php\/wp-json\/wp\/v2\/media?parent=20681"}],"wp:term":[{"taxonomy":"product_cat","embeddable":true,"href":"https:\/\/eurosdiscounts.com\/index.php\/wp-json\/wp\/v2\/product_cat?post=20681"},{"taxonomy":"product_tag","embeddable":true,"href":"https:\/\/eurosdiscounts.com\/index.php\/wp-json\/wp\/v2\/product_tag?post=20681"}],"curies":[{"name":"wp","href":"https:\/\/api.w.org\/{rel}","templated":true}]}}