{"id":20242,"date":"2023-04-21T13:36:20","date_gmt":"2023-04-21T11:36:20","guid":{"rendered":"https:\/\/eurosdiscounts.com\/?post_type=product&#038;p=20242"},"modified":"2023-04-21T13:42:36","modified_gmt":"2023-04-21T11:42:36","slug":"robot-thermomix-tm5","status":"publish","type":"product","link":"https:\/\/eurosdiscounts.com\/index.php\/produit\/robot-thermomix-tm5\/","title":{"rendered":"ROBOT THERMOMIX TM5"},"content":{"rendered":"<table class=\"table table--fpDescTb fpDescTb fpDescTbPub\" role=\"table\" aria-label=\"Semantic Elements\" aria-describedby=\"semantic_elements_table_desc\" aria-rowcount=\"81\">\n<tbody class=\"table__body\" role=\"rowgroup\">\n<tr class=\"table__row\" role=\"row\">\n<th class=\"table__head\" role=\"cell\" colspan=\"2\" scope=\"col\">Informations g\u00e9n\u00e9rales sur le produit<\/th>\n<\/tr>\n<tr class=\"table__row\" role=\"row\">\n<th class=\"table__cell\" role=\"cell\" scope=\"row\">Marque<\/th>\n<td class=\"table__cell\" role=\"cell\">VORWERK<\/td>\n<\/tr>\n<tr class=\"table__row\" role=\"row\">\n<th class=\"table__cell\" role=\"cell\" scope=\"row\">Nom du produit<\/th>\n<td class=\"table__cell\" role=\"cell\">ROBOT THERMOMIX TM5<\/td>\n<\/tr>\n<tr class=\"table__row\" role=\"row\">\n<th class=\"table__cell\" role=\"cell\" scope=\"row\">Cat\u00e9gorie<\/th>\n<td class=\"table__cell\" role=\"cell\">ROBOT DE CUISINE<\/td>\n<\/tr>\n<\/tbody>\n<\/table>\n","protected":false},"excerpt":{"rendered":"<div id=\"presContent\" class=\"o-block__content o-block__content--white\">\n<div class=\"fpBlk testSep extCode\" data-provider=\"None\">Ce robot culinaire haut de gamme a plus d&rsquo;un atout \u00e0 son actif. Ses douze fonctions (fouetter, m\u00e9langer, mixer, remuer, peser, cuire \u00e0 la vapeur, \u00e9mulsionner, moudre, contr\u00f4ler les temp\u00e9ratures, cuire, p\u00e9trir, \u00e9mincer) facilitent la cuisine du quotidien. En automatisant toutes les diff\u00e9rentes \u00e9tapes (parfois longues et fastidieuses) des recettes, le Thermomix TM5 permet un gain de temps particuli\u00e8rement int\u00e9ressant. Les passionn\u00e9s de cuisine, amateurs et professionnels aguerris, peuvent d\u00e9sormais r\u00e9aliser toutes sortes de plats \u00e9quilibr\u00e9s et savoureux en un temps record. Ce robot culinaire haut de gamme a plus d&rsquo;un atout \u00e0 son actif. Ses douze fonctions (fouetter, m\u00e9langer, mixer, remuer, peser, cuire \u00e0 la vapeur, \u00e9mulsionner, moudre, contr\u00f4ler les temp\u00e9ratures, cuire, p\u00e9trir, \u00e9mincer) facilitent la cuisine<\/div>\n<\/div>\n","protected":false},"featured_media":20243,"comment_status":"open","ping_status":"closed","template":"","meta":[],"product_cat":[232],"product_tag":[],"class_list":{"0":"post-20242","1":"product","2":"type-product","3":"status-publish","4":"has-post-thumbnail","6":"product_brand-vorwerk","7":"product_cat-mixeurs-batteurs-et-robots-multifonctions","9":"first","10":"instock","11":"sale","12":"shipping-taxable","13":"purchasable","14":"product-type-simple","15":"col-xs-6 col-sm-4","16":"col-md-3 col-lg-3","17":"un-4-cols"},"yoast_head":"<!-- This site is optimized with the Yoast SEO plugin v27.0 - https:\/\/yoast.com\/product\/yoast-seo-wordpress\/ -->\n<title>ROBOT THERMOMIX TM5 - Eurosdiscounts.com- Achat sur Internet a prix discount, Canap\u00e9s pas cher, Smartphone pas cher, pc portable pas cher..<\/title>\n<meta name=\"description\" content=\"Ce robot culinaire haut de gamme a plus d&#039;un atout \u00e0 son actif. Ses douze fonctions (fouetter, m\u00e9langer, mixer, remuer, peser, cuire \u00e0 la vapeur, \u00e9mulsionner, moudre, contr\u00f4ler les temp\u00e9ratures, cuire, p\u00e9trir, \u00e9mincer) facilitent la cuisine\" \/>\n<meta name=\"robots\" content=\"index, follow, max-snippet:-1, max-image-preview:large, max-video-preview:-1\" \/>\n<link rel=\"canonical\" href=\"https:\/\/eurosdiscounts.com\/index.php\/produit\/robot-thermomix-tm5\/\" \/>\n<meta property=\"og:locale\" content=\"fr_FR\" \/>\n<meta property=\"og:type\" content=\"article\" \/>\n<meta property=\"og:title\" content=\"ROBOT THERMOMIX TM5 - Eurosdiscounts.com- Achat sur Internet a prix discount, Canap\u00e9s pas cher, Smartphone pas cher, pc portable pas cher..\" \/>\n<meta property=\"og:description\" content=\"Ce robot culinaire haut de gamme a plus d&#039;un atout \u00e0 son actif. Ses douze fonctions (fouetter, m\u00e9langer, mixer, remuer, peser, cuire \u00e0 la vapeur, \u00e9mulsionner, moudre, contr\u00f4ler les temp\u00e9ratures, cuire, p\u00e9trir, \u00e9mincer) facilitent la cuisine\" \/>\n<meta property=\"og:url\" content=\"https:\/\/eurosdiscounts.com\/index.php\/produit\/robot-thermomix-tm5\/\" \/>\n<meta property=\"og:site_name\" content=\"Eurosdiscounts.com- Achat sur Internet a prix discount, Canap\u00e9s pas cher, Smartphone pas cher, pc portable pas cher..\" \/>\n<meta property=\"article:modified_time\" content=\"2023-04-21T11:42:36+00:00\" \/>\n<meta property=\"og:image\" content=\"https:\/\/eurosdiscounts.com\/wp-content\/uploads\/2023\/04\/robot-thermomix-tm5.webp\" \/>\n\t<meta property=\"og:image:width\" content=\"550\" \/>\n\t<meta property=\"og:image:height\" content=\"550\" \/>\n\t<meta property=\"og:image:type\" content=\"image\/webp\" \/>\n<meta name=\"twitter:card\" content=\"summary_large_image\" \/>\n<meta name=\"twitter:label1\" content=\"Dur\u00e9e de lecture estim\u00e9e\" \/>\n\t<meta name=\"twitter:data1\" content=\"1 minute\" \/>\n<script type=\"application\/ld+json\" class=\"yoast-schema-graph\">{\"@context\":\"https:\/\/schema.org\",\"@graph\":[{\"@type\":\"WebPage\",\"@id\":\"https:\/\/eurosdiscounts.com\/index.php\/produit\/robot-thermomix-tm5\/\",\"url\":\"https:\/\/eurosdiscounts.com\/index.php\/produit\/robot-thermomix-tm5\/\",\"name\":\"ROBOT THERMOMIX TM5 - Eurosdiscounts.com- Achat sur Internet a prix discount, Canap\u00e9s pas cher, Smartphone pas cher, pc portable pas cher..\",\"isPartOf\":{\"@id\":\"https:\/\/eurosdiscounts.com\/#website\"},\"primaryImageOfPage\":{\"@id\":\"https:\/\/eurosdiscounts.com\/index.php\/produit\/robot-thermomix-tm5\/#primaryimage\"},\"image\":{\"@id\":\"https:\/\/eurosdiscounts.com\/index.php\/produit\/robot-thermomix-tm5\/#primaryimage\"},\"thumbnailUrl\":\"https:\/\/eurosdiscounts.com\/wp-content\/uploads\/2023\/04\/robot-thermomix-tm5.webp\",\"datePublished\":\"2023-04-21T11:36:20+00:00\",\"dateModified\":\"2023-04-21T11:42:36+00:00\",\"description\":\"Ce robot culinaire haut de gamme a plus d'un atout \u00e0 son actif. Ses douze fonctions (fouetter, m\u00e9langer, mixer, remuer, peser, cuire \u00e0 la vapeur, \u00e9mulsionner, moudre, contr\u00f4ler les temp\u00e9ratures, cuire, p\u00e9trir, \u00e9mincer) facilitent la cuisine\",\"breadcrumb\":{\"@id\":\"https:\/\/eurosdiscounts.com\/index.php\/produit\/robot-thermomix-tm5\/#breadcrumb\"},\"inLanguage\":\"fr-FR\",\"potentialAction\":[{\"@type\":\"ReadAction\",\"target\":[\"https:\/\/eurosdiscounts.com\/index.php\/produit\/robot-thermomix-tm5\/\"]}]},{\"@type\":\"ImageObject\",\"inLanguage\":\"fr-FR\",\"@id\":\"https:\/\/eurosdiscounts.com\/index.php\/produit\/robot-thermomix-tm5\/#primaryimage\",\"url\":\"https:\/\/eurosdiscounts.com\/wp-content\/uploads\/2023\/04\/robot-thermomix-tm5.webp\",\"contentUrl\":\"https:\/\/eurosdiscounts.com\/wp-content\/uploads\/2023\/04\/robot-thermomix-tm5.webp\",\"width\":550,\"height\":550},{\"@type\":\"BreadcrumbList\",\"@id\":\"https:\/\/eurosdiscounts.com\/index.php\/produit\/robot-thermomix-tm5\/#breadcrumb\",\"itemListElement\":[{\"@type\":\"ListItem\",\"position\":1,\"name\":\"Accueil\",\"item\":\"https:\/\/eurosdiscounts.com\/\"},{\"@type\":\"ListItem\",\"position\":2,\"name\":\"Boutique\",\"item\":\"https:\/\/eurosdiscounts.com\/index.php\/boutique\/\"},{\"@type\":\"ListItem\",\"position\":3,\"name\":\"ROBOT THERMOMIX TM5\"}]},{\"@type\":\"WebSite\",\"@id\":\"https:\/\/eurosdiscounts.com\/#website\",\"url\":\"https:\/\/eurosdiscounts.com\/\",\"name\":\"Eurosdiscounts.com- Achat sur Internet a prix discount, Canap\u00e9s pas cher, Smartphone pas cher, pc portable pas cher..\",\"description\":\"Eurosdiscounts.com- Achat sur Internet a prix discount, Canap\u00e9s pas cher, Smartphone pas cher, pc portable pas cher..\",\"potentialAction\":[{\"@type\":\"SearchAction\",\"target\":{\"@type\":\"EntryPoint\",\"urlTemplate\":\"https:\/\/eurosdiscounts.com\/?s={search_term_string}\"},\"query-input\":{\"@type\":\"PropertyValueSpecification\",\"valueRequired\":true,\"valueName\":\"search_term_string\"}}],\"inLanguage\":\"fr-FR\"}]}<\/script>\n<!-- \/ Yoast SEO plugin. -->","yoast_head_json":{"title":"ROBOT THERMOMIX TM5 - Eurosdiscounts.com- Achat sur Internet a prix discount, Canap\u00e9s pas cher, Smartphone pas cher, pc portable pas cher..","description":"Ce robot culinaire haut de gamme a plus d'un atout \u00e0 son actif. Ses douze fonctions (fouetter, m\u00e9langer, mixer, remuer, peser, cuire \u00e0 la vapeur, \u00e9mulsionner, moudre, contr\u00f4ler les temp\u00e9ratures, cuire, p\u00e9trir, \u00e9mincer) facilitent la cuisine","robots":{"index":"index","follow":"follow","max-snippet":"max-snippet:-1","max-image-preview":"max-image-preview:large","max-video-preview":"max-video-preview:-1"},"canonical":"https:\/\/eurosdiscounts.com\/index.php\/produit\/robot-thermomix-tm5\/","og_locale":"fr_FR","og_type":"article","og_title":"ROBOT THERMOMIX TM5 - Eurosdiscounts.com- Achat sur Internet a prix discount, Canap\u00e9s pas cher, Smartphone pas cher, pc portable pas cher..","og_description":"Ce robot culinaire haut de gamme a plus d'un atout \u00e0 son actif. Ses douze fonctions (fouetter, m\u00e9langer, mixer, remuer, peser, cuire \u00e0 la vapeur, \u00e9mulsionner, moudre, contr\u00f4ler les temp\u00e9ratures, cuire, p\u00e9trir, \u00e9mincer) facilitent la cuisine","og_url":"https:\/\/eurosdiscounts.com\/index.php\/produit\/robot-thermomix-tm5\/","og_site_name":"Eurosdiscounts.com- Achat sur Internet a prix discount, Canap\u00e9s pas cher, Smartphone pas cher, pc portable pas cher..","article_modified_time":"2023-04-21T11:42:36+00:00","og_image":[{"width":550,"height":550,"url":"https:\/\/eurosdiscounts.com\/wp-content\/uploads\/2023\/04\/robot-thermomix-tm5.webp","type":"image\/webp"}],"twitter_card":"summary_large_image","twitter_misc":{"Dur\u00e9e de lecture estim\u00e9e":"1 minute"},"schema":{"@context":"https:\/\/schema.org","@graph":[{"@type":"WebPage","@id":"https:\/\/eurosdiscounts.com\/index.php\/produit\/robot-thermomix-tm5\/","url":"https:\/\/eurosdiscounts.com\/index.php\/produit\/robot-thermomix-tm5\/","name":"ROBOT THERMOMIX TM5 - Eurosdiscounts.com- Achat sur Internet a prix discount, Canap\u00e9s pas cher, Smartphone pas cher, pc portable pas cher..","isPartOf":{"@id":"https:\/\/eurosdiscounts.com\/#website"},"primaryImageOfPage":{"@id":"https:\/\/eurosdiscounts.com\/index.php\/produit\/robot-thermomix-tm5\/#primaryimage"},"image":{"@id":"https:\/\/eurosdiscounts.com\/index.php\/produit\/robot-thermomix-tm5\/#primaryimage"},"thumbnailUrl":"https:\/\/eurosdiscounts.com\/wp-content\/uploads\/2023\/04\/robot-thermomix-tm5.webp","datePublished":"2023-04-21T11:36:20+00:00","dateModified":"2023-04-21T11:42:36+00:00","description":"Ce robot culinaire haut de gamme a plus d'un atout \u00e0 son actif. Ses douze fonctions (fouetter, m\u00e9langer, mixer, remuer, peser, cuire \u00e0 la vapeur, \u00e9mulsionner, moudre, contr\u00f4ler les temp\u00e9ratures, cuire, p\u00e9trir, \u00e9mincer) facilitent la cuisine","breadcrumb":{"@id":"https:\/\/eurosdiscounts.com\/index.php\/produit\/robot-thermomix-tm5\/#breadcrumb"},"inLanguage":"fr-FR","potentialAction":[{"@type":"ReadAction","target":["https:\/\/eurosdiscounts.com\/index.php\/produit\/robot-thermomix-tm5\/"]}]},{"@type":"ImageObject","inLanguage":"fr-FR","@id":"https:\/\/eurosdiscounts.com\/index.php\/produit\/robot-thermomix-tm5\/#primaryimage","url":"https:\/\/eurosdiscounts.com\/wp-content\/uploads\/2023\/04\/robot-thermomix-tm5.webp","contentUrl":"https:\/\/eurosdiscounts.com\/wp-content\/uploads\/2023\/04\/robot-thermomix-tm5.webp","width":550,"height":550},{"@type":"BreadcrumbList","@id":"https:\/\/eurosdiscounts.com\/index.php\/produit\/robot-thermomix-tm5\/#breadcrumb","itemListElement":[{"@type":"ListItem","position":1,"name":"Accueil","item":"https:\/\/eurosdiscounts.com\/"},{"@type":"ListItem","position":2,"name":"Boutique","item":"https:\/\/eurosdiscounts.com\/index.php\/boutique\/"},{"@type":"ListItem","position":3,"name":"ROBOT THERMOMIX TM5"}]},{"@type":"WebSite","@id":"https:\/\/eurosdiscounts.com\/#website","url":"https:\/\/eurosdiscounts.com\/","name":"Eurosdiscounts.com- Achat sur Internet a prix discount, Canap\u00e9s pas cher, Smartphone pas cher, pc portable pas cher..","description":"Eurosdiscounts.com- Achat sur Internet a prix discount, Canap\u00e9s pas cher, Smartphone pas cher, pc portable pas cher..","potentialAction":[{"@type":"SearchAction","target":{"@type":"EntryPoint","urlTemplate":"https:\/\/eurosdiscounts.com\/?s={search_term_string}"},"query-input":{"@type":"PropertyValueSpecification","valueRequired":true,"valueName":"search_term_string"}}],"inLanguage":"fr-FR"}]}},"_links":{"self":[{"href":"https:\/\/eurosdiscounts.com\/index.php\/wp-json\/wp\/v2\/product\/20242","targetHints":{"allow":["GET"]}}],"collection":[{"href":"https:\/\/eurosdiscounts.com\/index.php\/wp-json\/wp\/v2\/product"}],"about":[{"href":"https:\/\/eurosdiscounts.com\/index.php\/wp-json\/wp\/v2\/types\/product"}],"replies":[{"embeddable":true,"href":"https:\/\/eurosdiscounts.com\/index.php\/wp-json\/wp\/v2\/comments?post=20242"}],"wp:featuredmedia":[{"embeddable":true,"href":"https:\/\/eurosdiscounts.com\/index.php\/wp-json\/wp\/v2\/media\/20243"}],"wp:attachment":[{"href":"https:\/\/eurosdiscounts.com\/index.php\/wp-json\/wp\/v2\/media?parent=20242"}],"wp:term":[{"taxonomy":"product_cat","embeddable":true,"href":"https:\/\/eurosdiscounts.com\/index.php\/wp-json\/wp\/v2\/product_cat?post=20242"},{"taxonomy":"product_tag","embeddable":true,"href":"https:\/\/eurosdiscounts.com\/index.php\/wp-json\/wp\/v2\/product_tag?post=20242"}],"curies":[{"name":"wp","href":"https:\/\/api.w.org\/{rel}","templated":true}]}}