{"id":20238,"date":"2023-04-21T13:29:29","date_gmt":"2023-04-21T11:29:29","guid":{"rendered":"https:\/\/eurosdiscounts.com\/?post_type=product&#038;p=20238"},"modified":"2023-04-21T13:34:14","modified_gmt":"2023-04-21T11:34:14","slug":"thermomix-tm6","status":"publish","type":"product","link":"https:\/\/eurosdiscounts.com\/index.php\/produit\/thermomix-tm6\/","title":{"rendered":"THERMOMIX TM6"},"content":{"rendered":"<table class=\"table table--fpDescTb fpDescTb fpDescTbPub\" role=\"table\" aria-label=\"Semantic Elements\" aria-describedby=\"semantic_elements_table_desc\" aria-rowcount=\"81\">\n<tbody class=\"table__body\" role=\"rowgroup\">\n<tr class=\"table__row\" role=\"row\">\n<th class=\"table__head\" role=\"cell\" colspan=\"2\" scope=\"col\">Informations g\u00e9n\u00e9rales sur le produit<\/th>\n<\/tr>\n<tr class=\"table__row\" role=\"row\">\n<th class=\"table__cell\" role=\"cell\" scope=\"row\">Marque<\/th>\n<td class=\"table__cell\" role=\"cell\">VORWERK<\/td>\n<\/tr>\n<tr class=\"table__row\" role=\"row\">\n<th class=\"table__cell\" role=\"cell\" scope=\"row\">Nom du produit<\/th>\n<td class=\"table__cell\" role=\"cell\">THERMOMIX TM6<\/td>\n<\/tr>\n<tr class=\"table__row\" role=\"row\">\n<th class=\"table__cell\" role=\"cell\" scope=\"row\">Cat\u00e9gorie<\/th>\n<td class=\"table__cell\" role=\"cell\">ROBOT DE CUISINE<\/td>\n<\/tr>\n<tr class=\"table__row\" role=\"row\">\n<th class=\"table__head\" role=\"cell\" colspan=\"2\" scope=\"col\">Informations sur le produit<\/th>\n<\/tr>\n<tr class=\"table__row\" role=\"row\">\n<th class=\"table__cell\" role=\"cell\" scope=\"row\">Couleur(s)<\/th>\n<td class=\"table__cell\" role=\"cell\">BLANC<\/td>\n<\/tr>\n<tr class=\"table__row\" role=\"row\">\n<th class=\"table__head\" role=\"cell\" colspan=\"2\" scope=\"col\">G\u00e9n\u00e9ral<\/th>\n<\/tr>\n<tr class=\"table__row\" role=\"row\">\n<th class=\"table__cell\" role=\"cell\" scope=\"row\">Couleur<\/th>\n<td class=\"table__cell\" role=\"cell\">Gris et noir<\/td>\n<\/tr>\n<tr class=\"table__row\" role=\"row\">\n<th class=\"table__cell\" role=\"cell\" scope=\"row\">Capacit\u00e9 du bol<\/th>\n<td class=\"table__cell\" role=\"cell\">2.2<\/td>\n<\/tr>\n<tr class=\"table__row\" role=\"row\">\n<th class=\"table__cell\" role=\"cell\" scope=\"row\">Fonctionnalit\u00e9s<\/th>\n<td class=\"table__cell\" role=\"cell\">Balance<\/td>\n<\/tr>\n<tr class=\"table__row\" role=\"row\">\n<th class=\"table__cell\" role=\"cell\" scope=\"row\">Caract\u00e9ristiques<\/th>\n<td class=\"table__cell\" role=\"cell\">Fiche technique sur Robot m\u00e9nager multifonctions VORWERK Thermomix TM6 Gris\/Noir Puissance (W) : 1000 Mod\u00e8le : Thermomix TM6 Couleur : Gris\/Noir Capacit\u00e9 (L) : 2.2 Mati\u00e8re du corps : Acier inoxydable Marque : Vorwerk Poids : 7950 g<\/td>\n<\/tr>\n<tr class=\"table__row\" role=\"row\">\n<th class=\"table__head\" role=\"cell\" colspan=\"2\" scope=\"col\">Consommation<\/th>\n<\/tr>\n<tr class=\"table__row\" role=\"row\">\n<th class=\"table__cell\" role=\"cell\" scope=\"row\">Puissance \u00e9lectrique<\/th>\n<td class=\"table__cell\" role=\"cell\">1000 Watt<\/td>\n<\/tr>\n<\/tbody>\n<\/table>\n","protected":false},"excerpt":{"rendered":"<p><span class=\"fpBlocTitle\">Les points forts :<\/span><\/p>\n<ul>\n<li>Balance<\/li>\n<li>Puissance \u00e9lectrique : 1000 Watt<\/li>\n<li>Capacit\u00e9 du bol : 2.2<\/li>\n<li>Couleur : Gris et noir<\/li>\n<\/ul>\n<div id=\"presContent\" class=\"o-block__content o-block__content--white\">\n<div class=\"fpBlk testSep extCode\" data-provider=\"None\">Fiche technique sur Robot m\u00e9nager multifonctions VORWERK Thermomix TM6 Gris\/Noir Puissance (W) : 1000 Mod\u00e8le : Thermomix TM6 Couleur : Gris\/Noir Capacit\u00e9 (L) : 2.2 Mati\u00e8re du corps : Acier inoxydable Marque : Vorwerk Poids : 7950 g Vorwerk Thermomix TM6 Gr\u00e2ce \u00e0 une ing\u00e9nierie allemande de haute qualit\u00e9, les produits Vorwerk sont devenus indispensables dans des millions de foyers du monde entier. Le moteur | Moteur \u00e0 reluctance sans entretien, puissance 500 WVitesse de rotation progressive des couteaux de 100 \u00e0 10 700 tours\/ min (vitesse Mijotage 40 tours\/minVitesse intermittente pour le p\u00e9trissageDispositif de s\u00e9curit\u00e9 : disjoncteur automatique en cas de surcharge moteurMijotage de 40 tours\/min Le syst\u00e8me de chauffe : | Puissance absorb\u00e9e de 1000 WProtection en cas de surchauffer La balance int\u00e9gr\u00e9e | Pes\u00e9e de 5 \u00e0 3000 g par tranche de 1 g (avec un poids maximum de 6kgs Le bloc moteur : | Mati\u00e8re plastique de haute qualit\u00e9 Le bol de mixage : | Acier inoxydable avec syst\u00e8me de chauffe et capteur de temp\u00e9rature int\u00e9gr\u00e9sCapacit\u00e9 maximale de 2,2 litres Le processeur | Processeur Quad Core 16 GB Flash1GB DDR RAM Dimensions et poids (sans le varoma) | Hauteur: 33.5cmLargeur: 33.3cmProfondeur: 32.6cmPoids: 7.7kg Alimentation secteur: | 240 V Puissance totale: 1500 WLongueur maximale du c\u00e2ble d&rsquo;alimentation : 1 m<\/p>\n<p class=\"fpOfferCom\">VORWERK THERMOMIX NEUF AVEC 4 ANS DE GARANTIE. LIVRE DE RECETTES FRAN\u00c7AIS NON INCLUS SEULEMENT LIVRE DE RECETTES NUM\u00c9RIQUE E-BOOK.<\/p>\n<\/div>\n<\/div>\n","protected":false},"featured_media":20239,"comment_status":"open","ping_status":"closed","template":"","meta":[],"product_cat":[232],"product_tag":[],"class_list":{"0":"post-20238","1":"product","2":"type-product","3":"status-publish","4":"has-post-thumbnail","6":"product_brand-vorwerk","7":"product_cat-mixeurs-batteurs-et-robots-multifonctions","9":"first","10":"instock","11":"sale","12":"shipping-taxable","13":"purchasable","14":"product-type-simple","15":"col-xs-6 col-sm-4","16":"col-md-3 col-lg-3","17":"un-4-cols"},"yoast_head":"<!-- This site is optimized with the Yoast SEO plugin v27.0 - https:\/\/yoast.com\/product\/yoast-seo-wordpress\/ -->\n<title>THERMOMIX TM6 - Eurosdiscounts.com- Achat sur Internet a prix discount, Canap\u00e9s pas cher, Smartphone pas cher, pc portable pas cher..<\/title>\n<meta name=\"description\" content=\"Robot m\u00e9nager multifonctions VORWERK Thermomix TM6 Gris\/Noir Puissance (W) : 1000 Mod\u00e8le : Thermomix TM6\" \/>\n<meta name=\"robots\" content=\"index, follow, max-snippet:-1, max-image-preview:large, max-video-preview:-1\" \/>\n<link rel=\"canonical\" href=\"https:\/\/eurosdiscounts.com\/index.php\/produit\/thermomix-tm6\/\" \/>\n<meta property=\"og:locale\" content=\"fr_FR\" \/>\n<meta property=\"og:type\" content=\"article\" \/>\n<meta property=\"og:title\" content=\"THERMOMIX TM6 - Eurosdiscounts.com- Achat sur Internet a prix discount, Canap\u00e9s pas cher, Smartphone pas cher, pc portable pas cher..\" \/>\n<meta property=\"og:description\" content=\"Robot m\u00e9nager multifonctions VORWERK Thermomix TM6 Gris\/Noir Puissance (W) : 1000 Mod\u00e8le : Thermomix TM6\" \/>\n<meta property=\"og:url\" content=\"https:\/\/eurosdiscounts.com\/index.php\/produit\/thermomix-tm6\/\" \/>\n<meta property=\"og:site_name\" content=\"Eurosdiscounts.com- Achat sur Internet a prix discount, Canap\u00e9s pas cher, Smartphone pas cher, pc portable pas cher..\" \/>\n<meta property=\"article:modified_time\" content=\"2023-04-21T11:34:14+00:00\" \/>\n<meta property=\"og:image\" content=\"https:\/\/eurosdiscounts.com\/wp-content\/uploads\/2023\/04\/thermomix-tm6.webp\" \/>\n\t<meta property=\"og:image:width\" content=\"700\" \/>\n\t<meta property=\"og:image:height\" content=\"700\" \/>\n\t<meta property=\"og:image:type\" content=\"image\/webp\" \/>\n<meta name=\"twitter:card\" content=\"summary_large_image\" \/>\n<meta name=\"twitter:label1\" content=\"Dur\u00e9e de lecture estim\u00e9e\" \/>\n\t<meta name=\"twitter:data1\" content=\"1 minute\" \/>\n<script type=\"application\/ld+json\" class=\"yoast-schema-graph\">{\"@context\":\"https:\/\/schema.org\",\"@graph\":[{\"@type\":\"WebPage\",\"@id\":\"https:\/\/eurosdiscounts.com\/index.php\/produit\/thermomix-tm6\/\",\"url\":\"https:\/\/eurosdiscounts.com\/index.php\/produit\/thermomix-tm6\/\",\"name\":\"THERMOMIX TM6 - Eurosdiscounts.com- Achat sur Internet a prix discount, Canap\u00e9s pas cher, Smartphone pas cher, pc portable pas cher..\",\"isPartOf\":{\"@id\":\"https:\/\/eurosdiscounts.com\/#website\"},\"primaryImageOfPage\":{\"@id\":\"https:\/\/eurosdiscounts.com\/index.php\/produit\/thermomix-tm6\/#primaryimage\"},\"image\":{\"@id\":\"https:\/\/eurosdiscounts.com\/index.php\/produit\/thermomix-tm6\/#primaryimage\"},\"thumbnailUrl\":\"https:\/\/eurosdiscounts.com\/wp-content\/uploads\/2023\/04\/thermomix-tm6.webp\",\"datePublished\":\"2023-04-21T11:29:29+00:00\",\"dateModified\":\"2023-04-21T11:34:14+00:00\",\"description\":\"Robot m\u00e9nager multifonctions VORWERK Thermomix TM6 Gris\/Noir Puissance (W) : 1000 Mod\u00e8le : Thermomix TM6\",\"breadcrumb\":{\"@id\":\"https:\/\/eurosdiscounts.com\/index.php\/produit\/thermomix-tm6\/#breadcrumb\"},\"inLanguage\":\"fr-FR\",\"potentialAction\":[{\"@type\":\"ReadAction\",\"target\":[\"https:\/\/eurosdiscounts.com\/index.php\/produit\/thermomix-tm6\/\"]}]},{\"@type\":\"ImageObject\",\"inLanguage\":\"fr-FR\",\"@id\":\"https:\/\/eurosdiscounts.com\/index.php\/produit\/thermomix-tm6\/#primaryimage\",\"url\":\"https:\/\/eurosdiscounts.com\/wp-content\/uploads\/2023\/04\/thermomix-tm6.webp\",\"contentUrl\":\"https:\/\/eurosdiscounts.com\/wp-content\/uploads\/2023\/04\/thermomix-tm6.webp\",\"width\":700,\"height\":700},{\"@type\":\"BreadcrumbList\",\"@id\":\"https:\/\/eurosdiscounts.com\/index.php\/produit\/thermomix-tm6\/#breadcrumb\",\"itemListElement\":[{\"@type\":\"ListItem\",\"position\":1,\"name\":\"Accueil\",\"item\":\"https:\/\/eurosdiscounts.com\/\"},{\"@type\":\"ListItem\",\"position\":2,\"name\":\"Boutique\",\"item\":\"https:\/\/eurosdiscounts.com\/index.php\/boutique\/\"},{\"@type\":\"ListItem\",\"position\":3,\"name\":\"THERMOMIX TM6\"}]},{\"@type\":\"WebSite\",\"@id\":\"https:\/\/eurosdiscounts.com\/#website\",\"url\":\"https:\/\/eurosdiscounts.com\/\",\"name\":\"Eurosdiscounts.com- Achat sur Internet a prix discount, Canap\u00e9s pas cher, Smartphone pas cher, pc portable pas cher..\",\"description\":\"Eurosdiscounts.com- Achat sur Internet a prix discount, Canap\u00e9s pas cher, Smartphone pas cher, pc portable pas cher..\",\"potentialAction\":[{\"@type\":\"SearchAction\",\"target\":{\"@type\":\"EntryPoint\",\"urlTemplate\":\"https:\/\/eurosdiscounts.com\/?s={search_term_string}\"},\"query-input\":{\"@type\":\"PropertyValueSpecification\",\"valueRequired\":true,\"valueName\":\"search_term_string\"}}],\"inLanguage\":\"fr-FR\"}]}<\/script>\n<!-- \/ Yoast SEO plugin. -->","yoast_head_json":{"title":"THERMOMIX TM6 - Eurosdiscounts.com- Achat sur Internet a prix discount, Canap\u00e9s pas cher, Smartphone pas cher, pc portable pas cher..","description":"Robot m\u00e9nager multifonctions VORWERK Thermomix TM6 Gris\/Noir Puissance (W) : 1000 Mod\u00e8le : Thermomix TM6","robots":{"index":"index","follow":"follow","max-snippet":"max-snippet:-1","max-image-preview":"max-image-preview:large","max-video-preview":"max-video-preview:-1"},"canonical":"https:\/\/eurosdiscounts.com\/index.php\/produit\/thermomix-tm6\/","og_locale":"fr_FR","og_type":"article","og_title":"THERMOMIX TM6 - Eurosdiscounts.com- Achat sur Internet a prix discount, Canap\u00e9s pas cher, Smartphone pas cher, pc portable pas cher..","og_description":"Robot m\u00e9nager multifonctions VORWERK Thermomix TM6 Gris\/Noir Puissance (W) : 1000 Mod\u00e8le : Thermomix TM6","og_url":"https:\/\/eurosdiscounts.com\/index.php\/produit\/thermomix-tm6\/","og_site_name":"Eurosdiscounts.com- Achat sur Internet a prix discount, Canap\u00e9s pas cher, Smartphone pas cher, pc portable pas cher..","article_modified_time":"2023-04-21T11:34:14+00:00","og_image":[{"width":700,"height":700,"url":"https:\/\/eurosdiscounts.com\/wp-content\/uploads\/2023\/04\/thermomix-tm6.webp","type":"image\/webp"}],"twitter_card":"summary_large_image","twitter_misc":{"Dur\u00e9e de lecture estim\u00e9e":"1 minute"},"schema":{"@context":"https:\/\/schema.org","@graph":[{"@type":"WebPage","@id":"https:\/\/eurosdiscounts.com\/index.php\/produit\/thermomix-tm6\/","url":"https:\/\/eurosdiscounts.com\/index.php\/produit\/thermomix-tm6\/","name":"THERMOMIX TM6 - Eurosdiscounts.com- Achat sur Internet a prix discount, Canap\u00e9s pas cher, Smartphone pas cher, pc portable pas cher..","isPartOf":{"@id":"https:\/\/eurosdiscounts.com\/#website"},"primaryImageOfPage":{"@id":"https:\/\/eurosdiscounts.com\/index.php\/produit\/thermomix-tm6\/#primaryimage"},"image":{"@id":"https:\/\/eurosdiscounts.com\/index.php\/produit\/thermomix-tm6\/#primaryimage"},"thumbnailUrl":"https:\/\/eurosdiscounts.com\/wp-content\/uploads\/2023\/04\/thermomix-tm6.webp","datePublished":"2023-04-21T11:29:29+00:00","dateModified":"2023-04-21T11:34:14+00:00","description":"Robot m\u00e9nager multifonctions VORWERK Thermomix TM6 Gris\/Noir Puissance (W) : 1000 Mod\u00e8le : Thermomix TM6","breadcrumb":{"@id":"https:\/\/eurosdiscounts.com\/index.php\/produit\/thermomix-tm6\/#breadcrumb"},"inLanguage":"fr-FR","potentialAction":[{"@type":"ReadAction","target":["https:\/\/eurosdiscounts.com\/index.php\/produit\/thermomix-tm6\/"]}]},{"@type":"ImageObject","inLanguage":"fr-FR","@id":"https:\/\/eurosdiscounts.com\/index.php\/produit\/thermomix-tm6\/#primaryimage","url":"https:\/\/eurosdiscounts.com\/wp-content\/uploads\/2023\/04\/thermomix-tm6.webp","contentUrl":"https:\/\/eurosdiscounts.com\/wp-content\/uploads\/2023\/04\/thermomix-tm6.webp","width":700,"height":700},{"@type":"BreadcrumbList","@id":"https:\/\/eurosdiscounts.com\/index.php\/produit\/thermomix-tm6\/#breadcrumb","itemListElement":[{"@type":"ListItem","position":1,"name":"Accueil","item":"https:\/\/eurosdiscounts.com\/"},{"@type":"ListItem","position":2,"name":"Boutique","item":"https:\/\/eurosdiscounts.com\/index.php\/boutique\/"},{"@type":"ListItem","position":3,"name":"THERMOMIX TM6"}]},{"@type":"WebSite","@id":"https:\/\/eurosdiscounts.com\/#website","url":"https:\/\/eurosdiscounts.com\/","name":"Eurosdiscounts.com- Achat sur Internet a prix discount, Canap\u00e9s pas cher, Smartphone pas cher, pc portable pas cher..","description":"Eurosdiscounts.com- Achat sur Internet a prix discount, Canap\u00e9s pas cher, Smartphone pas cher, pc portable pas cher..","potentialAction":[{"@type":"SearchAction","target":{"@type":"EntryPoint","urlTemplate":"https:\/\/eurosdiscounts.com\/?s={search_term_string}"},"query-input":{"@type":"PropertyValueSpecification","valueRequired":true,"valueName":"search_term_string"}}],"inLanguage":"fr-FR"}]}},"_links":{"self":[{"href":"https:\/\/eurosdiscounts.com\/index.php\/wp-json\/wp\/v2\/product\/20238","targetHints":{"allow":["GET"]}}],"collection":[{"href":"https:\/\/eurosdiscounts.com\/index.php\/wp-json\/wp\/v2\/product"}],"about":[{"href":"https:\/\/eurosdiscounts.com\/index.php\/wp-json\/wp\/v2\/types\/product"}],"replies":[{"embeddable":true,"href":"https:\/\/eurosdiscounts.com\/index.php\/wp-json\/wp\/v2\/comments?post=20238"}],"wp:featuredmedia":[{"embeddable":true,"href":"https:\/\/eurosdiscounts.com\/index.php\/wp-json\/wp\/v2\/media\/20239"}],"wp:attachment":[{"href":"https:\/\/eurosdiscounts.com\/index.php\/wp-json\/wp\/v2\/media?parent=20238"}],"wp:term":[{"taxonomy":"product_cat","embeddable":true,"href":"https:\/\/eurosdiscounts.com\/index.php\/wp-json\/wp\/v2\/product_cat?post=20238"},{"taxonomy":"product_tag","embeddable":true,"href":"https:\/\/eurosdiscounts.com\/index.php\/wp-json\/wp\/v2\/product_tag?post=20238"}],"curies":[{"name":"wp","href":"https:\/\/api.w.org\/{rel}","templated":true}]}}