{"id":20235,"date":"2023-04-21T13:21:34","date_gmt":"2023-04-21T11:21:34","guid":{"rendered":"https:\/\/eurosdiscounts.com\/?post_type=product&#038;p=20235"},"modified":"2023-04-21T13:28:07","modified_gmt":"2023-04-21T11:28:07","slug":"magimix-cs-5200-xl-premium-robot-multi-fonctions-1100-watt-chrome-brillant","status":"publish","type":"product","link":"https:\/\/eurosdiscounts.com\/index.php\/produit\/magimix-cs-5200-xl-premium-robot-multi-fonctions-1100-watt-chrome-brillant\/","title":{"rendered":"Magimix CS 5200 XL Premium Robot multi-fonctions 1100 Watt chrome brillant"},"content":{"rendered":"<table class=\"table table--fpDescTb fpDescTb fpDescTbPub\" role=\"table\" aria-label=\"Semantic Elements\" aria-describedby=\"semantic_elements_table_desc\" aria-rowcount=\"81\">\n<tbody class=\"table__body\" role=\"rowgroup\">\n<tr class=\"table__row\" role=\"row\">\n<th class=\"table__head\" role=\"cell\" colspan=\"2\" scope=\"col\">Informations g\u00e9n\u00e9rales sur le produit<\/th>\n<\/tr>\n<tr class=\"table__row\" role=\"row\">\n<th class=\"table__cell\" role=\"cell\" scope=\"row\">Marque<\/th>\n<td class=\"table__cell\" role=\"cell\">MAGIMIX<\/td>\n<\/tr>\n<tr class=\"table__row\" role=\"row\">\n<th class=\"table__cell\" role=\"cell\" scope=\"row\">Nom du produit<\/th>\n<td class=\"table__cell\" role=\"cell\">Magimix CS 5200 XL Premium Robot multi-fonctions 1<\/td>\n<\/tr>\n<tr class=\"table__row\" role=\"row\">\n<th class=\"table__cell\" role=\"cell\" scope=\"row\">Cat\u00e9gorie<\/th>\n<td class=\"table__cell\" role=\"cell\">ROBOT DE CUISINE<\/td>\n<\/tr>\n<tr class=\"table__row\" role=\"row\">\n<th class=\"table__cell\" role=\"cell\" scope=\"row\">R\u00e9f\u00e9rence<\/th>\n<td class=\"table__cell\" role=\"cell\">18715F<\/td>\n<\/tr>\n<tr class=\"table__row\" role=\"row\">\n<th class=\"table__head\" role=\"cell\" colspan=\"2\" scope=\"col\">G\u00e9n\u00e9ral<\/th>\n<\/tr>\n<tr class=\"table__row\" role=\"row\">\n<th class=\"table__cell\" role=\"cell\" scope=\"row\">Type de produit<\/th>\n<td class=\"table__cell\" role=\"cell\">Robot multi-fonctions<\/td>\n<\/tr>\n<tr class=\"table__row\" role=\"row\">\n<th class=\"table__cell\" role=\"cell\" scope=\"row\">Couleur<\/th>\n<td class=\"table__cell\" role=\"cell\">Chrome brillant<\/td>\n<\/tr>\n<tr class=\"table__row\" role=\"row\">\n<th class=\"table__cell\" role=\"cell\" scope=\"row\">Capacit\u00e9 du bol<\/th>\n<td class=\"table__cell\" role=\"cell\">3.6 litres<\/td>\n<\/tr>\n<tr class=\"table__row\" role=\"row\">\n<th class=\"table__cell\" role=\"cell\" scope=\"row\">Fonctionnalit\u00e9s<\/th>\n<td class=\"table__cell\" role=\"cell\">M\u00e9langeur, centrifugeuse, trancheuse, r\u00e2pe, p\u00e9trin, hachoir, presse-agrumes, fouet<\/td>\n<\/tr>\n<tr class=\"table__row\" role=\"row\">\n<th class=\"table__cell\" role=\"cell\" scope=\"row\">Bouche d&rsquo;alimentation large<\/th>\n<td class=\"table__cell\" role=\"cell\">Oui<\/td>\n<\/tr>\n<tr class=\"table__row\" role=\"row\">\n<th class=\"table__head\" role=\"cell\" colspan=\"2\" scope=\"col\">R\u00e9glages, commandes et voyants<\/th>\n<\/tr>\n<tr class=\"table__row\" role=\"row\">\n<th class=\"table__cell\" role=\"cell\" scope=\"row\">Fonction pulse<\/th>\n<td class=\"table__cell\" role=\"cell\">Oui<\/td>\n<\/tr>\n<tr class=\"table__row\" role=\"row\">\n<th class=\"table__head\" role=\"cell\" colspan=\"2\" scope=\"col\">Consommation<\/th>\n<\/tr>\n<tr class=\"table__row\" role=\"row\">\n<th class=\"table__cell\" role=\"cell\" scope=\"row\">Alimentation<\/th>\n<td class=\"table__cell\" role=\"cell\">220 V &#8211; 50 &#8211; 60 Hz<\/td>\n<\/tr>\n<tr class=\"table__row\" role=\"row\">\n<th class=\"table__cell\" role=\"cell\" scope=\"row\">Puissance \u00e9lectrique<\/th>\n<td class=\"table__cell\" role=\"cell\">1100 Watt<\/td>\n<\/tr>\n<tr class=\"table__row\" role=\"row\">\n<th class=\"table__cell\" role=\"cell\" scope=\"row\">Longueur du cordon<\/th>\n<td class=\"table__cell\" role=\"cell\">1 m<\/td>\n<\/tr>\n<tr class=\"table__row\" role=\"row\">\n<th class=\"table__head\" role=\"cell\" colspan=\"2\" scope=\"col\">Divers<\/th>\n<\/tr>\n<tr class=\"table__row\" role=\"row\">\n<th class=\"table__cell\" role=\"cell\" scope=\"row\">Accessoires adaptables<\/th>\n<td class=\"table__cell\" role=\"cell\">Disque pour r\u00e2per (4 mm), BlenderMix, lame universelle, lame pour p\u00e2te, disque parmesan, accessoire centrifugeuse, accessoire presse-agrumes, petit c\u00f4ne \u00e0 jus, grand c\u00f4ne \u00e0 jus, batteur \u00e0 oeufs, disque \u00e0 r\u00e2per (2 mm), disque \u00e0 r\u00e2per (4 mm), disque \u00e0 trancher (2 mm), couteau pour mini-bol, mini bol (1,2 l), mini bol (2,6 l), disque \u00e0 trancher (1 mm), disque \u00e0 r\u00e2per (6 mm)<\/td>\n<\/tr>\n<tr class=\"table__row\" role=\"row\">\n<th class=\"table__cell\" role=\"cell\" scope=\"row\">Egalement inclus<\/th>\n<td class=\"table__cell\" role=\"cell\">Livre de recettes<br \/>\nSpatule<br \/>\nBoitier \u00e0 accessoires<\/td>\n<\/tr>\n<tr class=\"table__row\" role=\"row\">\n<th class=\"table__cell\" role=\"cell\" scope=\"row\">Normes de conformit\u00e9<\/th>\n<td class=\"table__cell\" role=\"cell\">NF<\/td>\n<\/tr>\n<tr class=\"table__row\" role=\"row\">\n<th class=\"table__head\" role=\"cell\" colspan=\"2\" scope=\"col\">Dimensions et poids<\/th>\n<\/tr>\n<tr class=\"table__row\" role=\"row\">\n<th class=\"table__cell\" role=\"cell\" scope=\"row\">Largeur<\/th>\n<td class=\"table__cell\" role=\"cell\">21 cm<\/td>\n<\/tr>\n<tr class=\"table__row\" role=\"row\">\n<th class=\"table__cell\" role=\"cell\" scope=\"row\">Hauteur<\/th>\n<td class=\"table__cell\" role=\"cell\">44.5 cm<\/td>\n<\/tr>\n<tr class=\"table__row\" role=\"row\">\n<th class=\"table__cell\" role=\"cell\" scope=\"row\">Profondeur<\/th>\n<td class=\"table__cell\" role=\"cell\">26 cm<\/td>\n<\/tr>\n<tr class=\"table__row\" role=\"row\">\n<th class=\"table__cell\" role=\"cell\" scope=\"row\">Poids<\/th>\n<td class=\"table__cell\" role=\"cell\">11 kg<\/td>\n<\/tr>\n<tr class=\"table__row\" role=\"row\">\n<th class=\"table__head\" role=\"cell\" colspan=\"2\" scope=\"col\">Garantie du fabricant<\/th>\n<\/tr>\n<tr class=\"table__row\" role=\"row\">\n<th class=\"table__cell\" role=\"cell\" scope=\"row\">D\u00e9tails de la garantie<\/th>\n<td class=\"table__cell\" role=\"cell\">Garantie moteur de 30 ans, 2 ans de travaux, pi\u00e8ces garanties 3 ans<\/td>\n<\/tr>\n<\/tbody>\n<\/table>\n","protected":false},"excerpt":{"rendered":"<p><span class=\"fpBlocTitle\">Les points forts :<\/span><\/p>\n<ul>\n<li>M\u00e9langeur, centrifugeuse, trancheuse, r\u00e2pe, p\u00e9trin, hachoir, presse-agrumes, fouet<\/li>\n<li>Puissance \u00e9lectrique : 1100 Watt<\/li>\n<li>Capacit\u00e9 du bol : 3.6 litres<\/li>\n<li>Couleur : Chrome brillant<\/li>\n<\/ul>\n","protected":false},"featured_media":20236,"comment_status":"open","ping_status":"closed","template":"","meta":[],"product_cat":[232],"product_tag":[],"class_list":{"0":"post-20235","1":"product","2":"type-product","3":"status-publish","4":"has-post-thumbnail","6":"product_brand-magimix","7":"product_cat-mixeurs-batteurs-et-robots-multifonctions","9":"first","10":"instock","11":"sale","12":"shipping-taxable","13":"purchasable","14":"product-type-simple","15":"col-xs-6 col-sm-4","16":"col-md-3 col-lg-3","17":"un-4-cols"},"yoast_head":"<!-- This site is optimized with the Yoast SEO plugin v27.0 - https:\/\/yoast.com\/product\/yoast-seo-wordpress\/ -->\n<title>Magimix CS 5200 XL Premium Robot multi-fonctions 1100 Watt chrome brillant - Eurosdiscounts.com- Achat sur Internet a prix discount, Canap\u00e9s pas cher, Smartphone pas cher, pc portable pas cher..<\/title>\n<meta name=\"description\" content=\"Magimix CS 5200 XL Premium Robot multi-fonctions 1100 Watt chrome brillant\" \/>\n<meta name=\"robots\" content=\"index, follow, max-snippet:-1, max-image-preview:large, max-video-preview:-1\" \/>\n<link rel=\"canonical\" href=\"https:\/\/eurosdiscounts.com\/index.php\/produit\/magimix-cs-5200-xl-premium-robot-multi-fonctions-1100-watt-chrome-brillant\/\" \/>\n<meta property=\"og:locale\" content=\"fr_FR\" \/>\n<meta property=\"og:type\" content=\"article\" \/>\n<meta property=\"og:title\" content=\"Magimix CS 5200 XL Premium Robot multi-fonctions 1100 Watt chrome brillant - Eurosdiscounts.com- Achat sur Internet a prix discount, Canap\u00e9s pas cher, Smartphone pas cher, pc portable pas cher..\" \/>\n<meta property=\"og:description\" content=\"Magimix CS 5200 XL Premium Robot multi-fonctions 1100 Watt chrome brillant\" \/>\n<meta property=\"og:url\" content=\"https:\/\/eurosdiscounts.com\/index.php\/produit\/magimix-cs-5200-xl-premium-robot-multi-fonctions-1100-watt-chrome-brillant\/\" \/>\n<meta property=\"og:site_name\" content=\"Eurosdiscounts.com- Achat sur Internet a prix discount, Canap\u00e9s pas cher, Smartphone pas cher, pc portable pas cher..\" \/>\n<meta property=\"article:modified_time\" content=\"2023-04-21T11:28:07+00:00\" \/>\n<meta property=\"og:image\" content=\"https:\/\/eurosdiscounts.com\/wp-content\/uploads\/2023\/04\/magimix-cs-5200-xl-premium-robot-multi-fonctions-1.webp\" \/>\n\t<meta property=\"og:image:width\" content=\"700\" \/>\n\t<meta property=\"og:image:height\" content=\"700\" \/>\n\t<meta property=\"og:image:type\" content=\"image\/webp\" \/>\n<meta name=\"twitter:card\" content=\"summary_large_image\" \/>\n<meta name=\"twitter:label1\" content=\"Dur\u00e9e de lecture estim\u00e9e\" \/>\n\t<meta name=\"twitter:data1\" content=\"1 minute\" \/>\n<script type=\"application\/ld+json\" class=\"yoast-schema-graph\">{\"@context\":\"https:\/\/schema.org\",\"@graph\":[{\"@type\":\"WebPage\",\"@id\":\"https:\/\/eurosdiscounts.com\/index.php\/produit\/magimix-cs-5200-xl-premium-robot-multi-fonctions-1100-watt-chrome-brillant\/\",\"url\":\"https:\/\/eurosdiscounts.com\/index.php\/produit\/magimix-cs-5200-xl-premium-robot-multi-fonctions-1100-watt-chrome-brillant\/\",\"name\":\"Magimix CS 5200 XL Premium Robot multi-fonctions 1100 Watt chrome brillant - Eurosdiscounts.com- Achat sur Internet a prix discount, Canap\u00e9s pas cher, Smartphone pas cher, pc portable pas cher..\",\"isPartOf\":{\"@id\":\"https:\/\/eurosdiscounts.com\/#website\"},\"primaryImageOfPage\":{\"@id\":\"https:\/\/eurosdiscounts.com\/index.php\/produit\/magimix-cs-5200-xl-premium-robot-multi-fonctions-1100-watt-chrome-brillant\/#primaryimage\"},\"image\":{\"@id\":\"https:\/\/eurosdiscounts.com\/index.php\/produit\/magimix-cs-5200-xl-premium-robot-multi-fonctions-1100-watt-chrome-brillant\/#primaryimage\"},\"thumbnailUrl\":\"https:\/\/eurosdiscounts.com\/wp-content\/uploads\/2023\/04\/magimix-cs-5200-xl-premium-robot-multi-fonctions-1.webp\",\"datePublished\":\"2023-04-21T11:21:34+00:00\",\"dateModified\":\"2023-04-21T11:28:07+00:00\",\"description\":\"Magimix CS 5200 XL Premium Robot multi-fonctions 1100 Watt chrome brillant\",\"breadcrumb\":{\"@id\":\"https:\/\/eurosdiscounts.com\/index.php\/produit\/magimix-cs-5200-xl-premium-robot-multi-fonctions-1100-watt-chrome-brillant\/#breadcrumb\"},\"inLanguage\":\"fr-FR\",\"potentialAction\":[{\"@type\":\"ReadAction\",\"target\":[\"https:\/\/eurosdiscounts.com\/index.php\/produit\/magimix-cs-5200-xl-premium-robot-multi-fonctions-1100-watt-chrome-brillant\/\"]}]},{\"@type\":\"ImageObject\",\"inLanguage\":\"fr-FR\",\"@id\":\"https:\/\/eurosdiscounts.com\/index.php\/produit\/magimix-cs-5200-xl-premium-robot-multi-fonctions-1100-watt-chrome-brillant\/#primaryimage\",\"url\":\"https:\/\/eurosdiscounts.com\/wp-content\/uploads\/2023\/04\/magimix-cs-5200-xl-premium-robot-multi-fonctions-1.webp\",\"contentUrl\":\"https:\/\/eurosdiscounts.com\/wp-content\/uploads\/2023\/04\/magimix-cs-5200-xl-premium-robot-multi-fonctions-1.webp\",\"width\":700,\"height\":700},{\"@type\":\"BreadcrumbList\",\"@id\":\"https:\/\/eurosdiscounts.com\/index.php\/produit\/magimix-cs-5200-xl-premium-robot-multi-fonctions-1100-watt-chrome-brillant\/#breadcrumb\",\"itemListElement\":[{\"@type\":\"ListItem\",\"position\":1,\"name\":\"Accueil\",\"item\":\"https:\/\/eurosdiscounts.com\/\"},{\"@type\":\"ListItem\",\"position\":2,\"name\":\"Boutique\",\"item\":\"https:\/\/eurosdiscounts.com\/index.php\/boutique\/\"},{\"@type\":\"ListItem\",\"position\":3,\"name\":\"Magimix CS 5200 XL Premium Robot multi-fonctions 1100 Watt chrome brillant\"}]},{\"@type\":\"WebSite\",\"@id\":\"https:\/\/eurosdiscounts.com\/#website\",\"url\":\"https:\/\/eurosdiscounts.com\/\",\"name\":\"Eurosdiscounts.com- Achat sur Internet a prix discount, Canap\u00e9s pas cher, Smartphone pas cher, pc portable pas cher..\",\"description\":\"Eurosdiscounts.com- Achat sur Internet a prix discount, Canap\u00e9s pas cher, Smartphone pas cher, pc portable pas cher..\",\"potentialAction\":[{\"@type\":\"SearchAction\",\"target\":{\"@type\":\"EntryPoint\",\"urlTemplate\":\"https:\/\/eurosdiscounts.com\/?s={search_term_string}\"},\"query-input\":{\"@type\":\"PropertyValueSpecification\",\"valueRequired\":true,\"valueName\":\"search_term_string\"}}],\"inLanguage\":\"fr-FR\"}]}<\/script>\n<!-- \/ Yoast SEO plugin. -->","yoast_head_json":{"title":"Magimix CS 5200 XL Premium Robot multi-fonctions 1100 Watt chrome brillant - Eurosdiscounts.com- Achat sur Internet a prix discount, Canap\u00e9s pas cher, Smartphone pas cher, pc portable pas cher..","description":"Magimix CS 5200 XL Premium Robot multi-fonctions 1100 Watt chrome brillant","robots":{"index":"index","follow":"follow","max-snippet":"max-snippet:-1","max-image-preview":"max-image-preview:large","max-video-preview":"max-video-preview:-1"},"canonical":"https:\/\/eurosdiscounts.com\/index.php\/produit\/magimix-cs-5200-xl-premium-robot-multi-fonctions-1100-watt-chrome-brillant\/","og_locale":"fr_FR","og_type":"article","og_title":"Magimix CS 5200 XL Premium Robot multi-fonctions 1100 Watt chrome brillant - Eurosdiscounts.com- Achat sur Internet a prix discount, Canap\u00e9s pas cher, Smartphone pas cher, pc portable pas cher..","og_description":"Magimix CS 5200 XL Premium Robot multi-fonctions 1100 Watt chrome brillant","og_url":"https:\/\/eurosdiscounts.com\/index.php\/produit\/magimix-cs-5200-xl-premium-robot-multi-fonctions-1100-watt-chrome-brillant\/","og_site_name":"Eurosdiscounts.com- Achat sur Internet a prix discount, Canap\u00e9s pas cher, Smartphone pas cher, pc portable pas cher..","article_modified_time":"2023-04-21T11:28:07+00:00","og_image":[{"width":700,"height":700,"url":"https:\/\/eurosdiscounts.com\/wp-content\/uploads\/2023\/04\/magimix-cs-5200-xl-premium-robot-multi-fonctions-1.webp","type":"image\/webp"}],"twitter_card":"summary_large_image","twitter_misc":{"Dur\u00e9e de lecture estim\u00e9e":"1 minute"},"schema":{"@context":"https:\/\/schema.org","@graph":[{"@type":"WebPage","@id":"https:\/\/eurosdiscounts.com\/index.php\/produit\/magimix-cs-5200-xl-premium-robot-multi-fonctions-1100-watt-chrome-brillant\/","url":"https:\/\/eurosdiscounts.com\/index.php\/produit\/magimix-cs-5200-xl-premium-robot-multi-fonctions-1100-watt-chrome-brillant\/","name":"Magimix CS 5200 XL Premium Robot multi-fonctions 1100 Watt chrome brillant - Eurosdiscounts.com- Achat sur Internet a prix discount, Canap\u00e9s pas cher, Smartphone pas cher, pc portable pas cher..","isPartOf":{"@id":"https:\/\/eurosdiscounts.com\/#website"},"primaryImageOfPage":{"@id":"https:\/\/eurosdiscounts.com\/index.php\/produit\/magimix-cs-5200-xl-premium-robot-multi-fonctions-1100-watt-chrome-brillant\/#primaryimage"},"image":{"@id":"https:\/\/eurosdiscounts.com\/index.php\/produit\/magimix-cs-5200-xl-premium-robot-multi-fonctions-1100-watt-chrome-brillant\/#primaryimage"},"thumbnailUrl":"https:\/\/eurosdiscounts.com\/wp-content\/uploads\/2023\/04\/magimix-cs-5200-xl-premium-robot-multi-fonctions-1.webp","datePublished":"2023-04-21T11:21:34+00:00","dateModified":"2023-04-21T11:28:07+00:00","description":"Magimix CS 5200 XL Premium Robot multi-fonctions 1100 Watt chrome brillant","breadcrumb":{"@id":"https:\/\/eurosdiscounts.com\/index.php\/produit\/magimix-cs-5200-xl-premium-robot-multi-fonctions-1100-watt-chrome-brillant\/#breadcrumb"},"inLanguage":"fr-FR","potentialAction":[{"@type":"ReadAction","target":["https:\/\/eurosdiscounts.com\/index.php\/produit\/magimix-cs-5200-xl-premium-robot-multi-fonctions-1100-watt-chrome-brillant\/"]}]},{"@type":"ImageObject","inLanguage":"fr-FR","@id":"https:\/\/eurosdiscounts.com\/index.php\/produit\/magimix-cs-5200-xl-premium-robot-multi-fonctions-1100-watt-chrome-brillant\/#primaryimage","url":"https:\/\/eurosdiscounts.com\/wp-content\/uploads\/2023\/04\/magimix-cs-5200-xl-premium-robot-multi-fonctions-1.webp","contentUrl":"https:\/\/eurosdiscounts.com\/wp-content\/uploads\/2023\/04\/magimix-cs-5200-xl-premium-robot-multi-fonctions-1.webp","width":700,"height":700},{"@type":"BreadcrumbList","@id":"https:\/\/eurosdiscounts.com\/index.php\/produit\/magimix-cs-5200-xl-premium-robot-multi-fonctions-1100-watt-chrome-brillant\/#breadcrumb","itemListElement":[{"@type":"ListItem","position":1,"name":"Accueil","item":"https:\/\/eurosdiscounts.com\/"},{"@type":"ListItem","position":2,"name":"Boutique","item":"https:\/\/eurosdiscounts.com\/index.php\/boutique\/"},{"@type":"ListItem","position":3,"name":"Magimix CS 5200 XL Premium Robot multi-fonctions 1100 Watt chrome brillant"}]},{"@type":"WebSite","@id":"https:\/\/eurosdiscounts.com\/#website","url":"https:\/\/eurosdiscounts.com\/","name":"Eurosdiscounts.com- Achat sur Internet a prix discount, Canap\u00e9s pas cher, Smartphone pas cher, pc portable pas cher..","description":"Eurosdiscounts.com- Achat sur Internet a prix discount, Canap\u00e9s pas cher, Smartphone pas cher, pc portable pas cher..","potentialAction":[{"@type":"SearchAction","target":{"@type":"EntryPoint","urlTemplate":"https:\/\/eurosdiscounts.com\/?s={search_term_string}"},"query-input":{"@type":"PropertyValueSpecification","valueRequired":true,"valueName":"search_term_string"}}],"inLanguage":"fr-FR"}]}},"_links":{"self":[{"href":"https:\/\/eurosdiscounts.com\/index.php\/wp-json\/wp\/v2\/product\/20235","targetHints":{"allow":["GET"]}}],"collection":[{"href":"https:\/\/eurosdiscounts.com\/index.php\/wp-json\/wp\/v2\/product"}],"about":[{"href":"https:\/\/eurosdiscounts.com\/index.php\/wp-json\/wp\/v2\/types\/product"}],"replies":[{"embeddable":true,"href":"https:\/\/eurosdiscounts.com\/index.php\/wp-json\/wp\/v2\/comments?post=20235"}],"wp:featuredmedia":[{"embeddable":true,"href":"https:\/\/eurosdiscounts.com\/index.php\/wp-json\/wp\/v2\/media\/20236"}],"wp:attachment":[{"href":"https:\/\/eurosdiscounts.com\/index.php\/wp-json\/wp\/v2\/media?parent=20235"}],"wp:term":[{"taxonomy":"product_cat","embeddable":true,"href":"https:\/\/eurosdiscounts.com\/index.php\/wp-json\/wp\/v2\/product_cat?post=20235"},{"taxonomy":"product_tag","embeddable":true,"href":"https:\/\/eurosdiscounts.com\/index.php\/wp-json\/wp\/v2\/product_tag?post=20235"}],"curies":[{"name":"wp","href":"https:\/\/api.w.org\/{rel}","templated":true}]}}