{"id":19857,"date":"2023-04-18T15:02:29","date_gmt":"2023-04-18T13:02:29","guid":{"rendered":"https:\/\/eurosdiscounts.com\/?post_type=product&#038;p=19857"},"modified":"2023-04-18T15:07:28","modified_gmt":"2023-04-18T13:07:28","slug":"lave-vaisselle-pose-libre-brandt-lvc128s-12-couverts-l60cm-48-db-silver","status":"publish","type":"product","link":"https:\/\/eurosdiscounts.com\/index.php\/produit\/lave-vaisselle-pose-libre-brandt-lvc128s-12-couverts-l60cm-48-db-silver\/","title":{"rendered":"Lave-vaisselle pose libre BRANDT LVC128S &#8211; 12 couverts &#8211; L60cm &#8211; 48 dB &#8211; Silver"},"content":{"rendered":"<table class=\"table table--fpDescTb fpDescTb fpDescTbPub\" role=\"table\" aria-label=\"Semantic Elements\" aria-describedby=\"semantic_elements_table_desc\" aria-rowcount=\"81\">\n<tbody class=\"table__body\" role=\"rowgroup\">\n<tr class=\"table__row\" role=\"row\">\n<th class=\"table__head\" role=\"cell\" colspan=\"2\" scope=\"col\">Informations g\u00e9n\u00e9rales sur le produit<\/th>\n<\/tr>\n<tr class=\"table__row\" role=\"row\">\n<th class=\"table__cell\" role=\"cell\" scope=\"row\">Marque<\/th>\n<td class=\"table__cell\" role=\"cell\">BRANDT<\/td>\n<\/tr>\n<tr class=\"table__row\" role=\"row\">\n<th class=\"table__cell\" role=\"cell\" scope=\"row\">Nom du produit<\/th>\n<td class=\"table__cell\" role=\"cell\">Lave-vaisselle pose libre BRANDT LVC128S &#8211; 12 couv<\/td>\n<\/tr>\n<tr class=\"table__row\" role=\"row\">\n<th class=\"table__cell\" role=\"cell\" scope=\"row\">Cat\u00e9gorie<\/th>\n<td class=\"table__cell\" role=\"cell\">LAVE-VAISSELLE<\/td>\n<\/tr>\n<tr class=\"table__row\" role=\"row\">\n<th class=\"table__cell\" role=\"cell\" scope=\"row\">R\u00e9f\u00e9rence<\/th>\n<td class=\"table__cell\" role=\"cell\">LVC128S<\/td>\n<\/tr>\n<tr class=\"table__row\" role=\"row\">\n<th class=\"table__head\" role=\"cell\" colspan=\"2\" scope=\"col\">Informations sur le produit<\/th>\n<\/tr>\n<tr class=\"table__row\" role=\"row\">\n<th class=\"table__cell\" role=\"cell\" scope=\"row\">Economie d\u2019\u00e9nergie<\/th>\n<td class=\"table__cell\" role=\"cell\">Dans le cadre des CEE , Nous\u00a0 collaborns avec Greenyellow afin de promouvoir des \u00e9quipements \u00e0 faible consommation \u00e9nerg\u00e9tique et une utilisation optimale de votre \u00e9nergie.<br \/>\nPour tout achat d\u2019un produit A++ ou A+++ vendu et exp\u00e9di\u00e9 , Greenyellow nous versera une incitation financi\u00e8re afin de d&rsquo;optimiser le prix de cet \u00e9quipement et un guide des \u00e9cogeste vous sera prochainement envoy\u00e9.<\/td>\n<\/tr>\n<tr class=\"table__row\" role=\"row\">\n<th class=\"table__cell\" role=\"cell\" scope=\"row\">Identifiant EPREL<\/th>\n<td class=\"table__cell\" role=\"cell\">420533<\/td>\n<\/tr>\n<tr class=\"table__row\" role=\"row\">\n<th class=\"table__cell\" role=\"cell\" scope=\"row\">Indice de r\u00e9parabilit\u00e9<\/th>\n<td class=\"table__cell\" role=\"cell\">7,3<\/td>\n<\/tr>\n<tr class=\"table__row\" role=\"row\">\n<th class=\"table__head\" role=\"cell\" colspan=\"2\" scope=\"col\">G\u00e9n\u00e9ral<\/th>\n<\/tr>\n<tr class=\"table__row\" role=\"row\">\n<th class=\"table__cell\" role=\"cell\" scope=\"row\">Format<\/th>\n<td class=\"table__cell\" role=\"cell\">Pose libre (peut \u00eatre int\u00e9gr\u00e9)<\/td>\n<\/tr>\n<tr class=\"table__row\" role=\"row\">\n<th class=\"table__cell\" role=\"cell\" scope=\"row\">Type de produit<\/th>\n<td class=\"table__cell\" role=\"cell\">Lave-vaisselle<\/td>\n<\/tr>\n<tr class=\"table__row\" role=\"row\">\n<th class=\"table__cell\" role=\"cell\" scope=\"row\">Couleur<\/th>\n<td class=\"table__cell\" role=\"cell\">Argent<\/td>\n<\/tr>\n<tr class=\"table__row\" role=\"row\">\n<th class=\"table__cell\" role=\"cell\" scope=\"row\">Consommation d&rsquo;eau annuelle<\/th>\n<td class=\"table__cell\" role=\"cell\">3080 litres<\/td>\n<\/tr>\n<tr class=\"table__row\" role=\"row\">\n<th class=\"table__cell\" role=\"cell\" scope=\"row\">Classe d&rsquo;efficacit\u00e9 de s\u00e9chage<\/th>\n<td class=\"table__cell\" role=\"cell\">Classe A<\/td>\n<\/tr>\n<tr class=\"table__row\" role=\"row\">\n<th class=\"table__cell\" role=\"cell\" scope=\"row\">Type d&rsquo;installation<\/th>\n<td class=\"table__cell\" role=\"cell\">Sous-plan<\/td>\n<\/tr>\n<tr class=\"table__row\" role=\"row\">\n<th class=\"table__cell\" role=\"cell\" scope=\"row\">Classe de lavage<\/th>\n<td class=\"table__cell\" role=\"cell\">Classe A<\/td>\n<\/tr>\n<tr class=\"table__row\" role=\"row\">\n<th class=\"table__cell\" role=\"cell\" scope=\"row\">Nbre de programmes<\/th>\n<td class=\"table__cell\" role=\"cell\">6<\/td>\n<\/tr>\n<tr class=\"table__row\" role=\"row\">\n<th class=\"table__cell\" role=\"cell\" scope=\"row\">Consommation d&rsquo;\u00e9nergie annuelle<\/th>\n<td class=\"table__cell\" role=\"cell\">262 kWh<\/td>\n<\/tr>\n<tr class=\"table__row\" role=\"row\">\n<th class=\"table__cell\" role=\"cell\" scope=\"row\">Options et programmes sp\u00e9ciaux<\/th>\n<td class=\"table__cell\" role=\"cell\">Lavage rapide, lavage intensif, verre<\/td>\n<\/tr>\n<tr class=\"table__row\" role=\"row\">\n<th class=\"table__cell\" role=\"cell\" scope=\"row\">Classe \u00e9nerg\u00e9tique<\/th>\n<td class=\"table__cell\" role=\"cell\">Classe E<\/td>\n<\/tr>\n<tr class=\"table__row\" role=\"row\">\n<th class=\"table__cell\" role=\"cell\" scope=\"row\">Dur\u00e9e du cycle de lavage standard<\/th>\n<td class=\"table__cell\" role=\"cell\">190 min<\/td>\n<\/tr>\n<tr class=\"table__row\" role=\"row\">\n<th class=\"table__cell\" role=\"cell\" scope=\"row\">Nbre de param\u00e8tres de temp\u00e9rature<\/th>\n<td class=\"table__cell\" role=\"cell\">5<\/td>\n<\/tr>\n<tr class=\"table__row\" role=\"row\">\n<th class=\"table__cell\" role=\"cell\" scope=\"row\">Capacit\u00e9 nominale<\/th>\n<td class=\"table__cell\" role=\"cell\">12<\/td>\n<\/tr>\n<tr class=\"table__row\" role=\"row\">\n<th class=\"table__cell\" role=\"cell\" scope=\"row\">Capacit\u00e9 nominale du programme Eco<\/th>\n<td class=\"table__cell\" role=\"cell\">12<\/td>\n<\/tr>\n<tr class=\"table__row\" role=\"row\">\n<th class=\"table__cell\" role=\"cell\" scope=\"row\">Classe de bruit (Programme Eco)<\/th>\n<td class=\"table__cell\" role=\"cell\">C<\/td>\n<\/tr>\n<tr class=\"table__row\" role=\"row\">\n<th class=\"table__cell\" role=\"cell\" scope=\"row\">Dur\u00e9e du programme Eco<\/th>\n<td class=\"table__cell\" role=\"cell\">230 min<\/td>\n<\/tr>\n<tr class=\"table__row\" role=\"row\">\n<th class=\"table__cell\" role=\"cell\" scope=\"row\">Niveau de bruit (Programme Eco)<\/th>\n<td class=\"table__cell\" role=\"cell\">47 dB (A) par rapport \u00e0 1 pW<\/td>\n<\/tr>\n<tr class=\"table__row\" role=\"row\">\n<th class=\"table__cell\" role=\"cell\" scope=\"row\">Niveau de pression acoustique (SPL)<\/th>\n<td class=\"table__cell\" role=\"cell\">48 dB (A)<\/td>\n<\/tr>\n<tr class=\"table__row\" role=\"row\">\n<th class=\"table__head\" role=\"cell\" colspan=\"2\" scope=\"col\">R\u00e9glages, commandes et voyants<\/th>\n<\/tr>\n<tr class=\"table__row\" role=\"row\">\n<th class=\"table__cell\" role=\"cell\" scope=\"row\">T\u00e9moins<\/th>\n<td class=\"table__cell\" role=\"cell\">Agent de rin\u00e7age, sel<\/td>\n<\/tr>\n<tr class=\"table__row\" role=\"row\">\n<th class=\"table__cell\" role=\"cell\" scope=\"row\">Fonctions du minuteur<\/th>\n<td class=\"table__cell\" role=\"cell\">D\u00e9part diff\u00e9r\u00e9<\/td>\n<\/tr>\n<tr class=\"table__row\" role=\"row\">\n<th class=\"table__head\" role=\"cell\" colspan=\"2\" scope=\"col\">Divers<\/th>\n<\/tr>\n<tr class=\"table__row\" role=\"row\">\n<th class=\"table__cell\" role=\"cell\" scope=\"row\">Fonctions personnalisables<\/th>\n<td class=\"table__cell\" role=\"cell\">Panier sup\u00e9rieur r\u00e9glable, top amovible<\/td>\n<\/tr>\n<tr class=\"table__row\" role=\"row\">\n<th class=\"table__cell\" role=\"cell\" scope=\"row\">Roulettes \/ pieds<\/th>\n<td class=\"table__cell\" role=\"cell\">Pieds r\u00e9glables<\/td>\n<\/tr>\n<tr class=\"table__row\" role=\"row\">\n<th class=\"table__cell\" role=\"cell\" scope=\"row\">Mat\u00e9riel de baignoire<\/th>\n<td class=\"table__cell\" role=\"cell\">Acier inoxydable<\/td>\n<\/tr>\n<tr class=\"table__row\" role=\"row\">\n<th class=\"table__head\" role=\"cell\" colspan=\"2\" scope=\"col\">Consommation<\/th>\n<\/tr>\n<tr class=\"table__row\" role=\"row\">\n<th class=\"table__cell\" role=\"cell\" scope=\"row\">Alimentation<\/th>\n<td class=\"table__cell\" role=\"cell\">230 V \/ 50 Hz<\/td>\n<\/tr>\n<tr class=\"table__row\" role=\"row\">\n<th class=\"table__cell\" role=\"cell\" scope=\"row\">Courant nominal<\/th>\n<td class=\"table__cell\" role=\"cell\">10 A<\/td>\n<\/tr>\n<tr class=\"table__row\" role=\"row\">\n<th class=\"table__cell\" role=\"cell\" scope=\"row\">Consommation d&rsquo;\u00e9nergie<\/th>\n<td class=\"table__cell\" role=\"cell\">1930 Watt<\/td>\n<\/tr>\n<tr class=\"table__row\" role=\"row\">\n<th class=\"table__head\" role=\"cell\" colspan=\"2\" scope=\"col\">Consommation d&rsquo;eau et d&rsquo;\u00e9nergie<\/th>\n<\/tr>\n<tr class=\"table__row\" role=\"row\">\n<th class=\"table__cell\" role=\"cell\" scope=\"row\">Consommation d&rsquo;\u00e9nergie par cycle<\/th>\n<td class=\"table__cell\" role=\"cell\">0.92 kWh<\/td>\n<\/tr>\n<tr class=\"table__row\" role=\"row\">\n<th class=\"table__cell\" role=\"cell\" scope=\"row\">Consommation d&rsquo;eau par cycle<\/th>\n<td class=\"table__cell\" role=\"cell\">11 litres<\/td>\n<\/tr>\n<tr class=\"table__row\" role=\"row\">\n<th class=\"table__cell\" role=\"cell\" scope=\"row\">Programme Eco Consommation d&rsquo;eau (EPWC)<\/th>\n<td class=\"table__cell\" role=\"cell\">11 litres par cycle<\/td>\n<\/tr>\n<tr class=\"table__row\" role=\"row\">\n<th class=\"table__cell\" role=\"cell\" scope=\"row\">Programme Eco Consommation d&rsquo;\u00e9nergie (EPEC)<\/th>\n<td class=\"table__cell\" role=\"cell\">92 kWh pour 100 cycles<\/td>\n<\/tr>\n<tr class=\"table__row\" role=\"row\">\n<th class=\"table__head\" role=\"cell\" colspan=\"2\" scope=\"col\">Dimensions et poids<\/th>\n<\/tr>\n<tr class=\"table__row\" role=\"row\">\n<th class=\"table__cell\" role=\"cell\" scope=\"row\">Largeur<\/th>\n<td class=\"table__cell\" role=\"cell\">59.8 cm<\/td>\n<\/tr>\n<tr class=\"table__row\" role=\"row\">\n<th class=\"table__cell\" role=\"cell\" scope=\"row\">Profondeur<\/th>\n<td class=\"table__cell\" role=\"cell\">59.8 cm<\/td>\n<\/tr>\n<tr class=\"table__row\" role=\"row\">\n<th class=\"table__cell\" role=\"cell\" scope=\"row\">Hauteur<\/th>\n<td class=\"table__cell\" role=\"cell\">84.5 cm<\/td>\n<\/tr>\n<tr class=\"table__row\" role=\"row\">\n<th class=\"table__cell\" role=\"cell\" scope=\"row\">Poids<\/th>\n<td class=\"table__cell\" role=\"cell\">43.5 kg<\/td>\n<\/tr>\n<tr class=\"table__row\" role=\"row\">\n<th class=\"table__cell\" role=\"cell\" scope=\"row\">Informations sur les dimensions<\/th>\n<td class=\"table__cell\" role=\"cell\">Hauteur sans le plan de travail: 81.5 cm<\/td>\n<\/tr>\n<tr class=\"table__row\" role=\"row\">\n<th class=\"table__head\" role=\"cell\" colspan=\"2\" scope=\"col\">Dimensions et poids (emball\u00e9)<\/th>\n<\/tr>\n<tr class=\"table__row\" role=\"row\">\n<th class=\"table__cell\" role=\"cell\" scope=\"row\">Largeur (emball\u00e9e)<\/th>\n<td class=\"table__cell\" role=\"cell\">64.5 cm<\/td>\n<\/tr>\n<tr class=\"table__row\" role=\"row\">\n<th class=\"table__cell\" role=\"cell\" scope=\"row\">Profondeur (emball\u00e9e)<\/th>\n<td class=\"table__cell\" role=\"cell\">64.5 cm<\/td>\n<\/tr>\n<tr class=\"table__row\" role=\"row\">\n<th class=\"table__cell\" role=\"cell\" scope=\"row\">Hauteur (Exp\u00e9dition)<\/th>\n<td class=\"table__cell\" role=\"cell\">88.4 cm<\/td>\n<\/tr>\n<tr class=\"table__row\" role=\"row\">\n<th class=\"table__cell\" role=\"cell\" scope=\"row\">Poids (Exp\u00e9dition)<\/th>\n<td class=\"table__cell\" role=\"cell\">49 kg<\/td>\n<\/tr>\n<tr class=\"table__row\" role=\"row\">\n<th class=\"table__head\" role=\"cell\" colspan=\"2\" scope=\"col\">Vos garanties incluses<\/th>\n<\/tr>\n<tr class=\"table__row\" role=\"row\">\n<th class=\"table__cell\" role=\"cell\" scope=\"row\">Garantie (\u00b2)<\/th>\n<td class=\"table__cell\" role=\"cell\">2 ans<\/td>\n<\/tr>\n<\/tbody>\n<\/table>\n","protected":false},"excerpt":{"rendered":"<p><span class=\"fpBlocTitle\">Les points forts :<\/span><\/p>\n<ul>\n<li>Type d&rsquo;installation : Sous-plan<\/li>\n<li>Largeur : 59.8 cm<\/li>\n<li>Consommation d&rsquo;eau par cycle : 11 litres<\/li>\n<\/ul>\n","protected":false},"featured_media":19858,"comment_status":"open","ping_status":"closed","template":"","meta":[],"product_cat":[174],"product_tag":[],"class_list":{"0":"post-19857","1":"product","2":"type-product","3":"status-publish","4":"has-post-thumbnail","6":"product_brand-brandt","7":"product_cat-lave-vaisselle","9":"first","10":"instock","11":"sale","12":"shipping-taxable","13":"purchasable","14":"product-type-simple","15":"col-xs-6 col-sm-4","16":"col-md-3 col-lg-3","17":"un-4-cols"},"yoast_head":"<!-- This site is optimized with the Yoast SEO plugin v27.0 - https:\/\/yoast.com\/product\/yoast-seo-wordpress\/ -->\n<title>Lave-vaisselle pose libre BRANDT LVC128S - 12 couverts - L60cm - 48 dB - Silver - Eurosdiscounts.com- Achat sur Internet a prix discount, Canap\u00e9s pas cher, Smartphone pas cher, pc portable pas cher..<\/title>\n<meta name=\"description\" content=\"Lave-vaisselle pose libre BRANDT LVC128S - 12 couverts - L60cm - 48 dB - Silver\" \/>\n<meta name=\"robots\" content=\"index, follow, max-snippet:-1, max-image-preview:large, max-video-preview:-1\" \/>\n<link rel=\"canonical\" href=\"https:\/\/eurosdiscounts.com\/index.php\/produit\/lave-vaisselle-pose-libre-brandt-lvc128s-12-couverts-l60cm-48-db-silver\/\" \/>\n<meta property=\"og:locale\" content=\"fr_FR\" \/>\n<meta property=\"og:type\" content=\"article\" \/>\n<meta property=\"og:title\" content=\"Lave-vaisselle pose libre BRANDT LVC128S - 12 couverts - L60cm - 48 dB - Silver - Eurosdiscounts.com- Achat sur Internet a prix discount, Canap\u00e9s pas cher, Smartphone pas cher, pc portable pas cher..\" \/>\n<meta property=\"og:description\" content=\"Lave-vaisselle pose libre BRANDT LVC128S - 12 couverts - L60cm - 48 dB - Silver\" \/>\n<meta property=\"og:url\" content=\"https:\/\/eurosdiscounts.com\/index.php\/produit\/lave-vaisselle-pose-libre-brandt-lvc128s-12-couverts-l60cm-48-db-silver\/\" \/>\n<meta property=\"og:site_name\" content=\"Eurosdiscounts.com- Achat sur Internet a prix discount, Canap\u00e9s pas cher, Smartphone pas cher, pc portable pas cher..\" \/>\n<meta property=\"article:modified_time\" content=\"2023-04-18T13:07:28+00:00\" \/>\n<meta property=\"og:image\" content=\"https:\/\/eurosdiscounts.com\/wp-content\/uploads\/2023\/04\/lave-vaisselle-pose-libre-brandt-lvc128s-12-couv.webp\" \/>\n\t<meta property=\"og:image:width\" content=\"700\" \/>\n\t<meta property=\"og:image:height\" content=\"700\" \/>\n\t<meta property=\"og:image:type\" content=\"image\/webp\" \/>\n<meta name=\"twitter:card\" content=\"summary_large_image\" \/>\n<meta name=\"twitter:label1\" content=\"Dur\u00e9e de lecture estim\u00e9e\" \/>\n\t<meta name=\"twitter:data1\" content=\"2 minutes\" \/>\n<script type=\"application\/ld+json\" class=\"yoast-schema-graph\">{\"@context\":\"https:\/\/schema.org\",\"@graph\":[{\"@type\":\"WebPage\",\"@id\":\"https:\/\/eurosdiscounts.com\/index.php\/produit\/lave-vaisselle-pose-libre-brandt-lvc128s-12-couverts-l60cm-48-db-silver\/\",\"url\":\"https:\/\/eurosdiscounts.com\/index.php\/produit\/lave-vaisselle-pose-libre-brandt-lvc128s-12-couverts-l60cm-48-db-silver\/\",\"name\":\"Lave-vaisselle pose libre BRANDT LVC128S - 12 couverts - L60cm - 48 dB - Silver - Eurosdiscounts.com- Achat sur Internet a prix discount, Canap\u00e9s pas cher, Smartphone pas cher, pc portable pas cher..\",\"isPartOf\":{\"@id\":\"https:\/\/eurosdiscounts.com\/#website\"},\"primaryImageOfPage\":{\"@id\":\"https:\/\/eurosdiscounts.com\/index.php\/produit\/lave-vaisselle-pose-libre-brandt-lvc128s-12-couverts-l60cm-48-db-silver\/#primaryimage\"},\"image\":{\"@id\":\"https:\/\/eurosdiscounts.com\/index.php\/produit\/lave-vaisselle-pose-libre-brandt-lvc128s-12-couverts-l60cm-48-db-silver\/#primaryimage\"},\"thumbnailUrl\":\"https:\/\/eurosdiscounts.com\/wp-content\/uploads\/2023\/04\/lave-vaisselle-pose-libre-brandt-lvc128s-12-couv.webp\",\"datePublished\":\"2023-04-18T13:02:29+00:00\",\"dateModified\":\"2023-04-18T13:07:28+00:00\",\"description\":\"Lave-vaisselle pose libre BRANDT LVC128S - 12 couverts - L60cm - 48 dB - Silver\",\"breadcrumb\":{\"@id\":\"https:\/\/eurosdiscounts.com\/index.php\/produit\/lave-vaisselle-pose-libre-brandt-lvc128s-12-couverts-l60cm-48-db-silver\/#breadcrumb\"},\"inLanguage\":\"fr-FR\",\"potentialAction\":[{\"@type\":\"ReadAction\",\"target\":[\"https:\/\/eurosdiscounts.com\/index.php\/produit\/lave-vaisselle-pose-libre-brandt-lvc128s-12-couverts-l60cm-48-db-silver\/\"]}]},{\"@type\":\"ImageObject\",\"inLanguage\":\"fr-FR\",\"@id\":\"https:\/\/eurosdiscounts.com\/index.php\/produit\/lave-vaisselle-pose-libre-brandt-lvc128s-12-couverts-l60cm-48-db-silver\/#primaryimage\",\"url\":\"https:\/\/eurosdiscounts.com\/wp-content\/uploads\/2023\/04\/lave-vaisselle-pose-libre-brandt-lvc128s-12-couv.webp\",\"contentUrl\":\"https:\/\/eurosdiscounts.com\/wp-content\/uploads\/2023\/04\/lave-vaisselle-pose-libre-brandt-lvc128s-12-couv.webp\",\"width\":700,\"height\":700},{\"@type\":\"BreadcrumbList\",\"@id\":\"https:\/\/eurosdiscounts.com\/index.php\/produit\/lave-vaisselle-pose-libre-brandt-lvc128s-12-couverts-l60cm-48-db-silver\/#breadcrumb\",\"itemListElement\":[{\"@type\":\"ListItem\",\"position\":1,\"name\":\"Accueil\",\"item\":\"https:\/\/eurosdiscounts.com\/\"},{\"@type\":\"ListItem\",\"position\":2,\"name\":\"Boutique\",\"item\":\"https:\/\/eurosdiscounts.com\/index.php\/boutique\/\"},{\"@type\":\"ListItem\",\"position\":3,\"name\":\"Lave-vaisselle pose libre BRANDT LVC128S &#8211; 12 couverts &#8211; L60cm &#8211; 48 dB &#8211; Silver\"}]},{\"@type\":\"WebSite\",\"@id\":\"https:\/\/eurosdiscounts.com\/#website\",\"url\":\"https:\/\/eurosdiscounts.com\/\",\"name\":\"Eurosdiscounts.com- Achat sur Internet a prix discount, Canap\u00e9s pas cher, Smartphone pas cher, pc portable pas cher..\",\"description\":\"Eurosdiscounts.com- Achat sur Internet a prix discount, Canap\u00e9s pas cher, Smartphone pas cher, pc portable pas cher..\",\"potentialAction\":[{\"@type\":\"SearchAction\",\"target\":{\"@type\":\"EntryPoint\",\"urlTemplate\":\"https:\/\/eurosdiscounts.com\/?s={search_term_string}\"},\"query-input\":{\"@type\":\"PropertyValueSpecification\",\"valueRequired\":true,\"valueName\":\"search_term_string\"}}],\"inLanguage\":\"fr-FR\"}]}<\/script>\n<!-- \/ Yoast SEO plugin. -->","yoast_head_json":{"title":"Lave-vaisselle pose libre BRANDT LVC128S - 12 couverts - L60cm - 48 dB - Silver - Eurosdiscounts.com- Achat sur Internet a prix discount, Canap\u00e9s pas cher, Smartphone pas cher, pc portable pas cher..","description":"Lave-vaisselle pose libre BRANDT LVC128S - 12 couverts - L60cm - 48 dB - Silver","robots":{"index":"index","follow":"follow","max-snippet":"max-snippet:-1","max-image-preview":"max-image-preview:large","max-video-preview":"max-video-preview:-1"},"canonical":"https:\/\/eurosdiscounts.com\/index.php\/produit\/lave-vaisselle-pose-libre-brandt-lvc128s-12-couverts-l60cm-48-db-silver\/","og_locale":"fr_FR","og_type":"article","og_title":"Lave-vaisselle pose libre BRANDT LVC128S - 12 couverts - L60cm - 48 dB - Silver - Eurosdiscounts.com- Achat sur Internet a prix discount, Canap\u00e9s pas cher, Smartphone pas cher, pc portable pas cher..","og_description":"Lave-vaisselle pose libre BRANDT LVC128S - 12 couverts - L60cm - 48 dB - Silver","og_url":"https:\/\/eurosdiscounts.com\/index.php\/produit\/lave-vaisselle-pose-libre-brandt-lvc128s-12-couverts-l60cm-48-db-silver\/","og_site_name":"Eurosdiscounts.com- Achat sur Internet a prix discount, Canap\u00e9s pas cher, Smartphone pas cher, pc portable pas cher..","article_modified_time":"2023-04-18T13:07:28+00:00","og_image":[{"width":700,"height":700,"url":"https:\/\/eurosdiscounts.com\/wp-content\/uploads\/2023\/04\/lave-vaisselle-pose-libre-brandt-lvc128s-12-couv.webp","type":"image\/webp"}],"twitter_card":"summary_large_image","twitter_misc":{"Dur\u00e9e de lecture estim\u00e9e":"2 minutes"},"schema":{"@context":"https:\/\/schema.org","@graph":[{"@type":"WebPage","@id":"https:\/\/eurosdiscounts.com\/index.php\/produit\/lave-vaisselle-pose-libre-brandt-lvc128s-12-couverts-l60cm-48-db-silver\/","url":"https:\/\/eurosdiscounts.com\/index.php\/produit\/lave-vaisselle-pose-libre-brandt-lvc128s-12-couverts-l60cm-48-db-silver\/","name":"Lave-vaisselle pose libre BRANDT LVC128S - 12 couverts - L60cm - 48 dB - Silver - Eurosdiscounts.com- Achat sur Internet a prix discount, Canap\u00e9s pas cher, Smartphone pas cher, pc portable pas cher..","isPartOf":{"@id":"https:\/\/eurosdiscounts.com\/#website"},"primaryImageOfPage":{"@id":"https:\/\/eurosdiscounts.com\/index.php\/produit\/lave-vaisselle-pose-libre-brandt-lvc128s-12-couverts-l60cm-48-db-silver\/#primaryimage"},"image":{"@id":"https:\/\/eurosdiscounts.com\/index.php\/produit\/lave-vaisselle-pose-libre-brandt-lvc128s-12-couverts-l60cm-48-db-silver\/#primaryimage"},"thumbnailUrl":"https:\/\/eurosdiscounts.com\/wp-content\/uploads\/2023\/04\/lave-vaisselle-pose-libre-brandt-lvc128s-12-couv.webp","datePublished":"2023-04-18T13:02:29+00:00","dateModified":"2023-04-18T13:07:28+00:00","description":"Lave-vaisselle pose libre BRANDT LVC128S - 12 couverts - L60cm - 48 dB - Silver","breadcrumb":{"@id":"https:\/\/eurosdiscounts.com\/index.php\/produit\/lave-vaisselle-pose-libre-brandt-lvc128s-12-couverts-l60cm-48-db-silver\/#breadcrumb"},"inLanguage":"fr-FR","potentialAction":[{"@type":"ReadAction","target":["https:\/\/eurosdiscounts.com\/index.php\/produit\/lave-vaisselle-pose-libre-brandt-lvc128s-12-couverts-l60cm-48-db-silver\/"]}]},{"@type":"ImageObject","inLanguage":"fr-FR","@id":"https:\/\/eurosdiscounts.com\/index.php\/produit\/lave-vaisselle-pose-libre-brandt-lvc128s-12-couverts-l60cm-48-db-silver\/#primaryimage","url":"https:\/\/eurosdiscounts.com\/wp-content\/uploads\/2023\/04\/lave-vaisselle-pose-libre-brandt-lvc128s-12-couv.webp","contentUrl":"https:\/\/eurosdiscounts.com\/wp-content\/uploads\/2023\/04\/lave-vaisselle-pose-libre-brandt-lvc128s-12-couv.webp","width":700,"height":700},{"@type":"BreadcrumbList","@id":"https:\/\/eurosdiscounts.com\/index.php\/produit\/lave-vaisselle-pose-libre-brandt-lvc128s-12-couverts-l60cm-48-db-silver\/#breadcrumb","itemListElement":[{"@type":"ListItem","position":1,"name":"Accueil","item":"https:\/\/eurosdiscounts.com\/"},{"@type":"ListItem","position":2,"name":"Boutique","item":"https:\/\/eurosdiscounts.com\/index.php\/boutique\/"},{"@type":"ListItem","position":3,"name":"Lave-vaisselle pose libre BRANDT LVC128S &#8211; 12 couverts &#8211; L60cm &#8211; 48 dB &#8211; Silver"}]},{"@type":"WebSite","@id":"https:\/\/eurosdiscounts.com\/#website","url":"https:\/\/eurosdiscounts.com\/","name":"Eurosdiscounts.com- Achat sur Internet a prix discount, Canap\u00e9s pas cher, Smartphone pas cher, pc portable pas cher..","description":"Eurosdiscounts.com- Achat sur Internet a prix discount, Canap\u00e9s pas cher, Smartphone pas cher, pc portable pas cher..","potentialAction":[{"@type":"SearchAction","target":{"@type":"EntryPoint","urlTemplate":"https:\/\/eurosdiscounts.com\/?s={search_term_string}"},"query-input":{"@type":"PropertyValueSpecification","valueRequired":true,"valueName":"search_term_string"}}],"inLanguage":"fr-FR"}]}},"_links":{"self":[{"href":"https:\/\/eurosdiscounts.com\/index.php\/wp-json\/wp\/v2\/product\/19857","targetHints":{"allow":["GET"]}}],"collection":[{"href":"https:\/\/eurosdiscounts.com\/index.php\/wp-json\/wp\/v2\/product"}],"about":[{"href":"https:\/\/eurosdiscounts.com\/index.php\/wp-json\/wp\/v2\/types\/product"}],"replies":[{"embeddable":true,"href":"https:\/\/eurosdiscounts.com\/index.php\/wp-json\/wp\/v2\/comments?post=19857"}],"wp:featuredmedia":[{"embeddable":true,"href":"https:\/\/eurosdiscounts.com\/index.php\/wp-json\/wp\/v2\/media\/19858"}],"wp:attachment":[{"href":"https:\/\/eurosdiscounts.com\/index.php\/wp-json\/wp\/v2\/media?parent=19857"}],"wp:term":[{"taxonomy":"product_cat","embeddable":true,"href":"https:\/\/eurosdiscounts.com\/index.php\/wp-json\/wp\/v2\/product_cat?post=19857"},{"taxonomy":"product_tag","embeddable":true,"href":"https:\/\/eurosdiscounts.com\/index.php\/wp-json\/wp\/v2\/product_tag?post=19857"}],"curies":[{"name":"wp","href":"https:\/\/api.w.org\/{rel}","templated":true}]}}