{"id":19851,"date":"2023-04-18T14:56:31","date_gmt":"2023-04-18T12:56:31","guid":{"rendered":"https:\/\/eurosdiscounts.com\/?post_type=product&#038;p=19851"},"modified":"2023-04-18T15:02:02","modified_gmt":"2023-04-18T13:02:02","slug":"lave-vaisselle-pose-libre-oceanic-ocealv1249wp-12-couverts-l-598-cm-49-db-blanc","status":"publish","type":"product","link":"https:\/\/eurosdiscounts.com\/index.php\/produit\/lave-vaisselle-pose-libre-oceanic-ocealv1249wp-12-couverts-l-598-cm-49-db-blanc\/","title":{"rendered":"Lave-vaisselle pose-libre OCEANIC OCEALV1249WP &#8211; 12 couverts &#8211; L 59,8 cm &#8211; 49 dB &#8211; Blanc"},"content":{"rendered":"<table class=\"table table--fpDescTb fpDescTb fpDescTbPub\" role=\"table\" aria-label=\"Semantic Elements\" aria-describedby=\"semantic_elements_table_desc\" aria-rowcount=\"81\">\n<tbody class=\"table__body\" role=\"rowgroup\">\n<tr class=\"table__row\" role=\"row\">\n<th class=\"table__head\" role=\"cell\" colspan=\"2\" scope=\"col\">Informations g\u00e9n\u00e9rales sur le produit<\/th>\n<\/tr>\n<tr class=\"table__row\" role=\"row\">\n<th class=\"table__cell\" role=\"cell\" scope=\"row\">Marque<\/th>\n<td class=\"table__cell\" role=\"cell\">OCEANIC<\/td>\n<\/tr>\n<tr class=\"table__row\" role=\"row\">\n<th class=\"table__cell\" role=\"cell\" scope=\"row\">Nom du produit<\/th>\n<td class=\"table__cell\" role=\"cell\">Lave-vaisselle pose-libre OCEANIC OCEALV1249WP &#8211; 1<\/td>\n<\/tr>\n<tr class=\"table__row\" role=\"row\">\n<th class=\"table__cell\" role=\"cell\" scope=\"row\">Cat\u00e9gorie<\/th>\n<td class=\"table__cell\" role=\"cell\">LAVE-VAISSELLE<\/td>\n<\/tr>\n<tr class=\"table__row\" role=\"row\">\n<th class=\"table__cell\" role=\"cell\" scope=\"row\">R\u00e9f\u00e9rence<\/th>\n<td class=\"table__cell\" role=\"cell\">OCEALV1249WP<\/td>\n<\/tr>\n<tr class=\"table__row\" role=\"row\">\n<th class=\"table__head\" role=\"cell\" colspan=\"2\" scope=\"col\">G\u00e9n\u00e9ral<\/th>\n<\/tr>\n<tr class=\"table__row\" role=\"row\">\n<th class=\"table__cell\" role=\"cell\" scope=\"row\">Format<\/th>\n<td class=\"table__cell\" role=\"cell\">Pose libre<\/td>\n<\/tr>\n<tr class=\"table__row\" role=\"row\">\n<th class=\"table__cell\" role=\"cell\" scope=\"row\">Type de produit<\/th>\n<td class=\"table__cell\" role=\"cell\">Lave-vaisselle<\/td>\n<\/tr>\n<tr class=\"table__row\" role=\"row\">\n<th class=\"table__cell\" role=\"cell\" scope=\"row\">Couleur<\/th>\n<td class=\"table__cell\" role=\"cell\">Blanc<\/td>\n<\/tr>\n<tr class=\"table__row\" role=\"row\">\n<th class=\"table__cell\" role=\"cell\" scope=\"row\">Classe d&rsquo;efficacit\u00e9 de s\u00e9chage<\/th>\n<td class=\"table__cell\" role=\"cell\">Classe A<\/td>\n<\/tr>\n<tr class=\"table__row\" role=\"row\">\n<th class=\"table__cell\" role=\"cell\" scope=\"row\">Nbre de programmes<\/th>\n<td class=\"table__cell\" role=\"cell\">4<\/td>\n<\/tr>\n<tr class=\"table__row\" role=\"row\">\n<th class=\"table__cell\" role=\"cell\" scope=\"row\">Consommation d&rsquo;\u00e9nergie annuelle<\/th>\n<td class=\"table__cell\" role=\"cell\">258 kWh<\/td>\n<\/tr>\n<tr class=\"table__row\" role=\"row\">\n<th class=\"table__cell\" role=\"cell\" scope=\"row\">Options et programmes sp\u00e9ciaux<\/th>\n<td class=\"table__cell\" role=\"cell\">Demi-charge, normal<\/td>\n<\/tr>\n<tr class=\"table__row\" role=\"row\">\n<th class=\"table__cell\" role=\"cell\" scope=\"row\">Niveau sonore maximum<\/th>\n<td class=\"table__cell\" role=\"cell\">49 dB (A)<\/td>\n<\/tr>\n<tr class=\"table__row\" role=\"row\">\n<th class=\"table__cell\" role=\"cell\" scope=\"row\">Classe \u00e9nerg\u00e9tique<\/th>\n<td class=\"table__cell\" role=\"cell\">Classe E<\/td>\n<\/tr>\n<tr class=\"table__row\" role=\"row\">\n<th class=\"table__cell\" role=\"cell\" scope=\"row\">Capacit\u00e9 nominale<\/th>\n<td class=\"table__cell\" role=\"cell\">12<\/td>\n<\/tr>\n<tr class=\"table__row\" role=\"row\">\n<th class=\"table__cell\" role=\"cell\" scope=\"row\">Capacit\u00e9 nominale du programme Eco<\/th>\n<td class=\"table__cell\" role=\"cell\">12<\/td>\n<\/tr>\n<tr class=\"table__row\" role=\"row\">\n<th class=\"table__cell\" role=\"cell\" scope=\"row\">Classe de bruit (Programme Eco)<\/th>\n<td class=\"table__cell\" role=\"cell\">C<\/td>\n<\/tr>\n<tr class=\"table__row\" role=\"row\">\n<th class=\"table__cell\" role=\"cell\" scope=\"row\">Dur\u00e9e du programme Eco<\/th>\n<td class=\"table__cell\" role=\"cell\">230 min<\/td>\n<\/tr>\n<tr class=\"table__row\" role=\"row\">\n<th class=\"table__cell\" role=\"cell\" scope=\"row\">Niveau de bruit (Programme Eco)<\/th>\n<td class=\"table__cell\" role=\"cell\">49 dB (A) par rapport \u00e0 1 pW<\/td>\n<\/tr>\n<tr class=\"table__row\" role=\"row\">\n<th class=\"table__head\" role=\"cell\" colspan=\"2\" scope=\"col\">R\u00e9glages, commandes et voyants<\/th>\n<\/tr>\n<tr class=\"table__row\" role=\"row\">\n<th class=\"table__cell\" role=\"cell\" scope=\"row\">T\u00e9moins<\/th>\n<td class=\"table__cell\" role=\"cell\">Sel<\/td>\n<\/tr>\n<tr class=\"table__row\" role=\"row\">\n<th class=\"table__cell\" role=\"cell\" scope=\"row\">D\u00e9part diff\u00e9r\u00e9<\/th>\n<td class=\"table__cell\" role=\"cell\">9 heures<\/td>\n<\/tr>\n<tr class=\"table__row\" role=\"row\">\n<th class=\"table__cell\" role=\"cell\" scope=\"row\">Type de commande<\/th>\n<td class=\"table__cell\" role=\"cell\">Electronique<\/td>\n<\/tr>\n<tr class=\"table__row\" role=\"row\">\n<th class=\"table__head\" role=\"cell\" colspan=\"2\" scope=\"col\">Divers<\/th>\n<\/tr>\n<tr class=\"table__row\" role=\"row\">\n<th class=\"table__cell\" role=\"cell\" scope=\"row\">Roulettes \/ pieds<\/th>\n<td class=\"table__cell\" role=\"cell\">Pieds r\u00e9glables<\/td>\n<\/tr>\n<tr class=\"table__row\" role=\"row\">\n<th class=\"table__cell\" role=\"cell\" scope=\"row\">Normes de conformit\u00e9<\/th>\n<td class=\"table__cell\" role=\"cell\">RoHS, REACH, LVD, IP21, CEM<\/td>\n<\/tr>\n<tr class=\"table__row\" role=\"row\">\n<th class=\"table__head\" role=\"cell\" colspan=\"2\" scope=\"col\">Consommation<\/th>\n<\/tr>\n<tr class=\"table__row\" role=\"row\">\n<th class=\"table__cell\" role=\"cell\" scope=\"row\">Alimentation<\/th>\n<td class=\"table__cell\" role=\"cell\">230 V \/ 50 Hz<\/td>\n<\/tr>\n<tr class=\"table__row\" role=\"row\">\n<th class=\"table__cell\" role=\"cell\" scope=\"row\">Longueur du cordon<\/th>\n<td class=\"table__cell\" role=\"cell\">1.5 m<\/td>\n<\/tr>\n<tr class=\"table__row\" role=\"row\">\n<th class=\"table__cell\" role=\"cell\" scope=\"row\">Consommation d&rsquo;\u00e9nergie<\/th>\n<td class=\"table__cell\" role=\"cell\">2100 Watt<\/td>\n<\/tr>\n<tr class=\"table__row\" role=\"row\">\n<th class=\"table__head\" role=\"cell\" colspan=\"2\" scope=\"col\">Consommation d&rsquo;eau et d&rsquo;\u00e9nergie<\/th>\n<\/tr>\n<tr class=\"table__row\" role=\"row\">\n<th class=\"table__cell\" role=\"cell\" scope=\"row\">Programme Eco Consommation d&rsquo;eau (EPWC)<\/th>\n<td class=\"table__cell\" role=\"cell\">11 litres par cycle<\/td>\n<\/tr>\n<tr class=\"table__row\" role=\"row\">\n<th class=\"table__cell\" role=\"cell\" scope=\"row\">Programme Eco Consommation d&rsquo;\u00e9nergie (EPEC)<\/th>\n<td class=\"table__cell\" role=\"cell\">92 kWh pour 100 cycles<\/td>\n<\/tr>\n<tr class=\"table__row\" role=\"row\">\n<th class=\"table__head\" role=\"cell\" colspan=\"2\" scope=\"col\">Dimensions et poids<\/th>\n<\/tr>\n<tr class=\"table__row\" role=\"row\">\n<th class=\"table__cell\" role=\"cell\" scope=\"row\">Largeur<\/th>\n<td class=\"table__cell\" role=\"cell\">59.8 cm<\/td>\n<\/tr>\n<tr class=\"table__row\" role=\"row\">\n<th class=\"table__cell\" role=\"cell\" scope=\"row\">Profondeur<\/th>\n<td class=\"table__cell\" role=\"cell\">60 cm<\/td>\n<\/tr>\n<tr class=\"table__row\" role=\"row\">\n<th class=\"table__cell\" role=\"cell\" scope=\"row\">Hauteur<\/th>\n<td class=\"table__cell\" role=\"cell\">84.5 cm<\/td>\n<\/tr>\n<tr class=\"table__row\" role=\"row\">\n<th class=\"table__cell\" role=\"cell\" scope=\"row\">Poids<\/th>\n<td class=\"table__cell\" role=\"cell\">42 kg<\/td>\n<\/tr>\n<tr class=\"table__row\" role=\"row\">\n<th class=\"table__head\" role=\"cell\" colspan=\"2\" scope=\"col\">Dimensions et poids (emball\u00e9)<\/th>\n<\/tr>\n<tr class=\"table__row\" role=\"row\">\n<th class=\"table__cell\" role=\"cell\" scope=\"row\">Largeur (emball\u00e9e)<\/th>\n<td class=\"table__cell\" role=\"cell\">64.5 cm<\/td>\n<\/tr>\n<tr class=\"table__row\" role=\"row\">\n<th class=\"table__cell\" role=\"cell\" scope=\"row\">Profondeur (emball\u00e9e)<\/th>\n<td class=\"table__cell\" role=\"cell\">64.5 cm<\/td>\n<\/tr>\n<tr class=\"table__row\" role=\"row\">\n<th class=\"table__cell\" role=\"cell\" scope=\"row\">Hauteur (Exp\u00e9dition)<\/th>\n<td class=\"table__cell\" role=\"cell\">89 cm<\/td>\n<\/tr>\n<tr class=\"table__row\" role=\"row\">\n<th class=\"table__cell\" role=\"cell\" scope=\"row\">Poids (Exp\u00e9dition)<\/th>\n<td class=\"table__cell\" role=\"cell\">48 kg<\/td>\n<\/tr>\n<tr class=\"table__row\" role=\"row\">\n<th class=\"table__head\" role=\"cell\" colspan=\"2\" scope=\"col\">Affichage<\/th>\n<\/tr>\n<tr class=\"table__row\" role=\"row\">\n<th class=\"table__cell\" role=\"cell\" scope=\"row\">Type<\/th>\n<td class=\"table__cell\" role=\"cell\">Affichage LED<\/td>\n<\/tr>\n<tr class=\"table__row\" role=\"row\">\n<th class=\"table__head\" role=\"cell\" colspan=\"2\" scope=\"col\">Vos garanties incluses<\/th>\n<\/tr>\n<tr class=\"table__row\" role=\"row\">\n<th class=\"table__cell\" role=\"cell\" scope=\"row\">Garantie (\u00b2)<\/th>\n<td class=\"table__cell\" role=\"cell\">2 ans<\/td>\n<\/tr>\n<\/tbody>\n<\/table>\n","protected":false},"excerpt":{"rendered":"<ul>\n<li>D\u00e9part diff\u00e9r\u00e9 : 1 \u00e0 9h<\/li>\n<li>Nombre de couverts : 12 couverts<\/li>\n<li>Type d\u2019installation : Pose Libre<\/li>\n<li>Nombre de programmes : 4<\/li>\n<li>Option demi charge<\/li>\n<li>Indicateurs : Sel, Liquide de rin\u00e7age<\/li>\n<\/ul>\n<p>Lave vaisselle 12 couverts &#8211; Niveau sonore 49dB, &#8211; Classe d&rsquo;efficacit\u00e9 \u00e9nerg\u00e9tique Classe E &#8211; 1\/2 charge, d\u00e9part diff\u00e9r\u00e9: 3h\/6h\/9h, LEDS, 4 programmes (Intensif \/ Normal \/ Eco \/ Verre \/ 90min \/ Rapide), cuve plastique Blanc<\/p>\n","protected":false},"featured_media":19852,"comment_status":"open","ping_status":"closed","template":"","meta":[],"product_cat":[174],"product_tag":[],"class_list":{"0":"post-19851","1":"product","2":"type-product","3":"status-publish","4":"has-post-thumbnail","6":"product_brand-oceanic","7":"product_cat-lave-vaisselle","9":"first","10":"instock","11":"shipping-taxable","12":"purchasable","13":"product-type-simple","14":"col-xs-6 col-sm-4","15":"col-md-3 col-lg-3","16":"un-4-cols"},"yoast_head":"<!-- This site is optimized with the Yoast SEO plugin v27.0 - https:\/\/yoast.com\/product\/yoast-seo-wordpress\/ -->\n<title>Lave-vaisselle pose-libre OCEANIC OCEALV1249WP - 12 couverts - L 59,8 cm - 49 dB - Blanc - Eurosdiscounts.com- Achat sur Internet a prix discount, Canap\u00e9s pas cher, Smartphone pas cher, pc portable pas cher..<\/title>\n<meta name=\"description\" content=\"Lave-vaisselle pose-libre OCEANIC OCEALV1249WP - 12 couverts - L 59,8 cm - 49 dB - Blanc\" \/>\n<meta name=\"robots\" content=\"index, follow, max-snippet:-1, max-image-preview:large, max-video-preview:-1\" \/>\n<link rel=\"canonical\" href=\"https:\/\/eurosdiscounts.com\/index.php\/produit\/lave-vaisselle-pose-libre-oceanic-ocealv1249wp-12-couverts-l-598-cm-49-db-blanc\/\" \/>\n<meta property=\"og:locale\" content=\"fr_FR\" \/>\n<meta property=\"og:type\" content=\"article\" \/>\n<meta property=\"og:title\" content=\"Lave-vaisselle pose-libre OCEANIC OCEALV1249WP - 12 couverts - L 59,8 cm - 49 dB - Blanc - Eurosdiscounts.com- Achat sur Internet a prix discount, Canap\u00e9s pas cher, Smartphone pas cher, pc portable pas cher..\" \/>\n<meta property=\"og:description\" content=\"Lave-vaisselle pose-libre OCEANIC OCEALV1249WP - 12 couverts - L 59,8 cm - 49 dB - Blanc\" \/>\n<meta property=\"og:url\" content=\"https:\/\/eurosdiscounts.com\/index.php\/produit\/lave-vaisselle-pose-libre-oceanic-ocealv1249wp-12-couverts-l-598-cm-49-db-blanc\/\" \/>\n<meta property=\"og:site_name\" content=\"Eurosdiscounts.com- Achat sur Internet a prix discount, Canap\u00e9s pas cher, Smartphone pas cher, pc portable pas cher..\" \/>\n<meta property=\"article:modified_time\" content=\"2023-04-18T13:02:02+00:00\" \/>\n<meta property=\"og:image\" content=\"https:\/\/eurosdiscounts.com\/wp-content\/uploads\/2023\/04\/lave-vaisselle-pose-libre-oceanic-ocealv1249wp-1.webp\" \/>\n\t<meta property=\"og:image:width\" content=\"700\" \/>\n\t<meta property=\"og:image:height\" content=\"700\" \/>\n\t<meta property=\"og:image:type\" content=\"image\/webp\" \/>\n<meta name=\"twitter:card\" content=\"summary_large_image\" \/>\n<meta name=\"twitter:label1\" content=\"Dur\u00e9e de lecture estim\u00e9e\" \/>\n\t<meta name=\"twitter:data1\" content=\"2 minutes\" \/>\n<script type=\"application\/ld+json\" class=\"yoast-schema-graph\">{\"@context\":\"https:\/\/schema.org\",\"@graph\":[{\"@type\":\"WebPage\",\"@id\":\"https:\/\/eurosdiscounts.com\/index.php\/produit\/lave-vaisselle-pose-libre-oceanic-ocealv1249wp-12-couverts-l-598-cm-49-db-blanc\/\",\"url\":\"https:\/\/eurosdiscounts.com\/index.php\/produit\/lave-vaisselle-pose-libre-oceanic-ocealv1249wp-12-couverts-l-598-cm-49-db-blanc\/\",\"name\":\"Lave-vaisselle pose-libre OCEANIC OCEALV1249WP - 12 couverts - L 59,8 cm - 49 dB - Blanc - Eurosdiscounts.com- Achat sur Internet a prix discount, Canap\u00e9s pas cher, Smartphone pas cher, pc portable pas cher..\",\"isPartOf\":{\"@id\":\"https:\/\/eurosdiscounts.com\/#website\"},\"primaryImageOfPage\":{\"@id\":\"https:\/\/eurosdiscounts.com\/index.php\/produit\/lave-vaisselle-pose-libre-oceanic-ocealv1249wp-12-couverts-l-598-cm-49-db-blanc\/#primaryimage\"},\"image\":{\"@id\":\"https:\/\/eurosdiscounts.com\/index.php\/produit\/lave-vaisselle-pose-libre-oceanic-ocealv1249wp-12-couverts-l-598-cm-49-db-blanc\/#primaryimage\"},\"thumbnailUrl\":\"https:\/\/eurosdiscounts.com\/wp-content\/uploads\/2023\/04\/lave-vaisselle-pose-libre-oceanic-ocealv1249wp-1.webp\",\"datePublished\":\"2023-04-18T12:56:31+00:00\",\"dateModified\":\"2023-04-18T13:02:02+00:00\",\"description\":\"Lave-vaisselle pose-libre OCEANIC OCEALV1249WP - 12 couverts - L 59,8 cm - 49 dB - Blanc\",\"breadcrumb\":{\"@id\":\"https:\/\/eurosdiscounts.com\/index.php\/produit\/lave-vaisselle-pose-libre-oceanic-ocealv1249wp-12-couverts-l-598-cm-49-db-blanc\/#breadcrumb\"},\"inLanguage\":\"fr-FR\",\"potentialAction\":[{\"@type\":\"ReadAction\",\"target\":[\"https:\/\/eurosdiscounts.com\/index.php\/produit\/lave-vaisselle-pose-libre-oceanic-ocealv1249wp-12-couverts-l-598-cm-49-db-blanc\/\"]}]},{\"@type\":\"ImageObject\",\"inLanguage\":\"fr-FR\",\"@id\":\"https:\/\/eurosdiscounts.com\/index.php\/produit\/lave-vaisselle-pose-libre-oceanic-ocealv1249wp-12-couverts-l-598-cm-49-db-blanc\/#primaryimage\",\"url\":\"https:\/\/eurosdiscounts.com\/wp-content\/uploads\/2023\/04\/lave-vaisselle-pose-libre-oceanic-ocealv1249wp-1.webp\",\"contentUrl\":\"https:\/\/eurosdiscounts.com\/wp-content\/uploads\/2023\/04\/lave-vaisselle-pose-libre-oceanic-ocealv1249wp-1.webp\",\"width\":700,\"height\":700},{\"@type\":\"BreadcrumbList\",\"@id\":\"https:\/\/eurosdiscounts.com\/index.php\/produit\/lave-vaisselle-pose-libre-oceanic-ocealv1249wp-12-couverts-l-598-cm-49-db-blanc\/#breadcrumb\",\"itemListElement\":[{\"@type\":\"ListItem\",\"position\":1,\"name\":\"Accueil\",\"item\":\"https:\/\/eurosdiscounts.com\/\"},{\"@type\":\"ListItem\",\"position\":2,\"name\":\"Boutique\",\"item\":\"https:\/\/eurosdiscounts.com\/index.php\/boutique\/\"},{\"@type\":\"ListItem\",\"position\":3,\"name\":\"Lave-vaisselle pose-libre OCEANIC OCEALV1249WP &#8211; 12 couverts &#8211; L 59,8 cm &#8211; 49 dB &#8211; Blanc\"}]},{\"@type\":\"WebSite\",\"@id\":\"https:\/\/eurosdiscounts.com\/#website\",\"url\":\"https:\/\/eurosdiscounts.com\/\",\"name\":\"Eurosdiscounts.com- Achat sur Internet a prix discount, Canap\u00e9s pas cher, Smartphone pas cher, pc portable pas cher..\",\"description\":\"Eurosdiscounts.com- Achat sur Internet a prix discount, Canap\u00e9s pas cher, Smartphone pas cher, pc portable pas cher..\",\"potentialAction\":[{\"@type\":\"SearchAction\",\"target\":{\"@type\":\"EntryPoint\",\"urlTemplate\":\"https:\/\/eurosdiscounts.com\/?s={search_term_string}\"},\"query-input\":{\"@type\":\"PropertyValueSpecification\",\"valueRequired\":true,\"valueName\":\"search_term_string\"}}],\"inLanguage\":\"fr-FR\"}]}<\/script>\n<!-- \/ Yoast SEO plugin. -->","yoast_head_json":{"title":"Lave-vaisselle pose-libre OCEANIC OCEALV1249WP - 12 couverts - L 59,8 cm - 49 dB - Blanc - Eurosdiscounts.com- Achat sur Internet a prix discount, Canap\u00e9s pas cher, Smartphone pas cher, pc portable pas cher..","description":"Lave-vaisselle pose-libre OCEANIC OCEALV1249WP - 12 couverts - L 59,8 cm - 49 dB - Blanc","robots":{"index":"index","follow":"follow","max-snippet":"max-snippet:-1","max-image-preview":"max-image-preview:large","max-video-preview":"max-video-preview:-1"},"canonical":"https:\/\/eurosdiscounts.com\/index.php\/produit\/lave-vaisselle-pose-libre-oceanic-ocealv1249wp-12-couverts-l-598-cm-49-db-blanc\/","og_locale":"fr_FR","og_type":"article","og_title":"Lave-vaisselle pose-libre OCEANIC OCEALV1249WP - 12 couverts - L 59,8 cm - 49 dB - Blanc - Eurosdiscounts.com- Achat sur Internet a prix discount, Canap\u00e9s pas cher, Smartphone pas cher, pc portable pas cher..","og_description":"Lave-vaisselle pose-libre OCEANIC OCEALV1249WP - 12 couverts - L 59,8 cm - 49 dB - Blanc","og_url":"https:\/\/eurosdiscounts.com\/index.php\/produit\/lave-vaisselle-pose-libre-oceanic-ocealv1249wp-12-couverts-l-598-cm-49-db-blanc\/","og_site_name":"Eurosdiscounts.com- Achat sur Internet a prix discount, Canap\u00e9s pas cher, Smartphone pas cher, pc portable pas cher..","article_modified_time":"2023-04-18T13:02:02+00:00","og_image":[{"width":700,"height":700,"url":"https:\/\/eurosdiscounts.com\/wp-content\/uploads\/2023\/04\/lave-vaisselle-pose-libre-oceanic-ocealv1249wp-1.webp","type":"image\/webp"}],"twitter_card":"summary_large_image","twitter_misc":{"Dur\u00e9e de lecture estim\u00e9e":"2 minutes"},"schema":{"@context":"https:\/\/schema.org","@graph":[{"@type":"WebPage","@id":"https:\/\/eurosdiscounts.com\/index.php\/produit\/lave-vaisselle-pose-libre-oceanic-ocealv1249wp-12-couverts-l-598-cm-49-db-blanc\/","url":"https:\/\/eurosdiscounts.com\/index.php\/produit\/lave-vaisselle-pose-libre-oceanic-ocealv1249wp-12-couverts-l-598-cm-49-db-blanc\/","name":"Lave-vaisselle pose-libre OCEANIC OCEALV1249WP - 12 couverts - L 59,8 cm - 49 dB - Blanc - Eurosdiscounts.com- Achat sur Internet a prix discount, Canap\u00e9s pas cher, Smartphone pas cher, pc portable pas cher..","isPartOf":{"@id":"https:\/\/eurosdiscounts.com\/#website"},"primaryImageOfPage":{"@id":"https:\/\/eurosdiscounts.com\/index.php\/produit\/lave-vaisselle-pose-libre-oceanic-ocealv1249wp-12-couverts-l-598-cm-49-db-blanc\/#primaryimage"},"image":{"@id":"https:\/\/eurosdiscounts.com\/index.php\/produit\/lave-vaisselle-pose-libre-oceanic-ocealv1249wp-12-couverts-l-598-cm-49-db-blanc\/#primaryimage"},"thumbnailUrl":"https:\/\/eurosdiscounts.com\/wp-content\/uploads\/2023\/04\/lave-vaisselle-pose-libre-oceanic-ocealv1249wp-1.webp","datePublished":"2023-04-18T12:56:31+00:00","dateModified":"2023-04-18T13:02:02+00:00","description":"Lave-vaisselle pose-libre OCEANIC OCEALV1249WP - 12 couverts - L 59,8 cm - 49 dB - Blanc","breadcrumb":{"@id":"https:\/\/eurosdiscounts.com\/index.php\/produit\/lave-vaisselle-pose-libre-oceanic-ocealv1249wp-12-couverts-l-598-cm-49-db-blanc\/#breadcrumb"},"inLanguage":"fr-FR","potentialAction":[{"@type":"ReadAction","target":["https:\/\/eurosdiscounts.com\/index.php\/produit\/lave-vaisselle-pose-libre-oceanic-ocealv1249wp-12-couverts-l-598-cm-49-db-blanc\/"]}]},{"@type":"ImageObject","inLanguage":"fr-FR","@id":"https:\/\/eurosdiscounts.com\/index.php\/produit\/lave-vaisselle-pose-libre-oceanic-ocealv1249wp-12-couverts-l-598-cm-49-db-blanc\/#primaryimage","url":"https:\/\/eurosdiscounts.com\/wp-content\/uploads\/2023\/04\/lave-vaisselle-pose-libre-oceanic-ocealv1249wp-1.webp","contentUrl":"https:\/\/eurosdiscounts.com\/wp-content\/uploads\/2023\/04\/lave-vaisselle-pose-libre-oceanic-ocealv1249wp-1.webp","width":700,"height":700},{"@type":"BreadcrumbList","@id":"https:\/\/eurosdiscounts.com\/index.php\/produit\/lave-vaisselle-pose-libre-oceanic-ocealv1249wp-12-couverts-l-598-cm-49-db-blanc\/#breadcrumb","itemListElement":[{"@type":"ListItem","position":1,"name":"Accueil","item":"https:\/\/eurosdiscounts.com\/"},{"@type":"ListItem","position":2,"name":"Boutique","item":"https:\/\/eurosdiscounts.com\/index.php\/boutique\/"},{"@type":"ListItem","position":3,"name":"Lave-vaisselle pose-libre OCEANIC OCEALV1249WP &#8211; 12 couverts &#8211; L 59,8 cm &#8211; 49 dB &#8211; Blanc"}]},{"@type":"WebSite","@id":"https:\/\/eurosdiscounts.com\/#website","url":"https:\/\/eurosdiscounts.com\/","name":"Eurosdiscounts.com- Achat sur Internet a prix discount, Canap\u00e9s pas cher, Smartphone pas cher, pc portable pas cher..","description":"Eurosdiscounts.com- Achat sur Internet a prix discount, Canap\u00e9s pas cher, Smartphone pas cher, pc portable pas cher..","potentialAction":[{"@type":"SearchAction","target":{"@type":"EntryPoint","urlTemplate":"https:\/\/eurosdiscounts.com\/?s={search_term_string}"},"query-input":{"@type":"PropertyValueSpecification","valueRequired":true,"valueName":"search_term_string"}}],"inLanguage":"fr-FR"}]}},"_links":{"self":[{"href":"https:\/\/eurosdiscounts.com\/index.php\/wp-json\/wp\/v2\/product\/19851","targetHints":{"allow":["GET"]}}],"collection":[{"href":"https:\/\/eurosdiscounts.com\/index.php\/wp-json\/wp\/v2\/product"}],"about":[{"href":"https:\/\/eurosdiscounts.com\/index.php\/wp-json\/wp\/v2\/types\/product"}],"replies":[{"embeddable":true,"href":"https:\/\/eurosdiscounts.com\/index.php\/wp-json\/wp\/v2\/comments?post=19851"}],"wp:featuredmedia":[{"embeddable":true,"href":"https:\/\/eurosdiscounts.com\/index.php\/wp-json\/wp\/v2\/media\/19852"}],"wp:attachment":[{"href":"https:\/\/eurosdiscounts.com\/index.php\/wp-json\/wp\/v2\/media?parent=19851"}],"wp:term":[{"taxonomy":"product_cat","embeddable":true,"href":"https:\/\/eurosdiscounts.com\/index.php\/wp-json\/wp\/v2\/product_cat?post=19851"},{"taxonomy":"product_tag","embeddable":true,"href":"https:\/\/eurosdiscounts.com\/index.php\/wp-json\/wp\/v2\/product_tag?post=19851"}],"curies":[{"name":"wp","href":"https:\/\/api.w.org\/{rel}","templated":true}]}}