{"id":19767,"date":"2023-04-17T22:18:21","date_gmt":"2023-04-17T20:18:21","guid":{"rendered":"https:\/\/eurosdiscounts.com\/?post_type=product&#038;p=19767"},"modified":"2023-04-17T22:22:37","modified_gmt":"2023-04-17T20:22:37","slug":"tondeuse-autoportee-scheppach-mr196-61-largeur-de-coupe-61-cm-196-cc-ejection-bac-150l","status":"publish","type":"product","link":"https:\/\/eurosdiscounts.com\/index.php\/produit\/tondeuse-autoportee-scheppach-mr196-61-largeur-de-coupe-61-cm-196-cc-ejection-bac-150l\/","title":{"rendered":"Tondeuse autoport\u00e9e SCHEPPACH MR196 61 &#8211; Largeur de coupe : 61 cm &#8211; 196 cc &#8211; Ejection bac 150L"},"content":{"rendered":"<table class=\"table table--fpDescTb fpDescTb fpDescTbPub\" role=\"table\" aria-label=\"Semantic Elements\" aria-describedby=\"semantic_elements_table_desc\" aria-rowcount=\"81\">\n<tbody class=\"table__body\" role=\"rowgroup\">\n<tr class=\"table__row\" role=\"row\">\n<th class=\"table__head\" role=\"cell\" colspan=\"2\" scope=\"col\">Informations g\u00e9n\u00e9rales sur le produit<\/th>\n<\/tr>\n<tr class=\"table__row\" role=\"row\">\n<th class=\"table__cell\" role=\"cell\" scope=\"row\">Marque<\/th>\n<td class=\"table__cell\" role=\"cell\">SCHEPPACH<\/td>\n<\/tr>\n<tr class=\"table__row\" role=\"row\">\n<th class=\"table__cell\" role=\"cell\" scope=\"row\">Nom du produit<\/th>\n<td class=\"table__cell\" role=\"cell\">Tondeuse autoport\u00e9e SCHEPPACH MR196 61 &#8211; Largeur d<\/td>\n<\/tr>\n<tr class=\"table__row\" role=\"row\">\n<th class=\"table__cell\" role=\"cell\" scope=\"row\">Cat\u00e9gorie<\/th>\n<td class=\"table__cell\" role=\"cell\">TONDEUSE<\/td>\n<\/tr>\n<tr class=\"table__row\" role=\"row\">\n<th class=\"table__cell\" role=\"cell\" scope=\"row\">R\u00e9f\u00e9rence<\/th>\n<td class=\"table__cell\" role=\"cell\">5911235903<\/td>\n<\/tr>\n<tr class=\"table__row\" role=\"row\">\n<th class=\"table__head\" role=\"cell\" colspan=\"2\" scope=\"col\">G\u00e9n\u00e9ral<\/th>\n<\/tr>\n<tr class=\"table__row\" role=\"row\">\n<th class=\"table__cell\" role=\"cell\" scope=\"row\">Type de Produit<\/th>\n<td class=\"table__cell\" role=\"cell\">Tondeuse<\/td>\n<\/tr>\n<tr class=\"table__row\" role=\"row\">\n<th class=\"table__cell\" role=\"cell\" scope=\"row\">Description du produit<\/th>\n<td class=\"table__cell\" role=\"cell\">Tondeuse autoport\u00e9e &#8211; 196 cc &#8211; 61 cm &#8211; Ejection arri\u00e8re<\/td>\n<\/tr>\n<tr class=\"table__row\" role=\"row\">\n<th class=\"table__cell\" role=\"cell\" scope=\"row\">Type d&rsquo;outil<\/th>\n<td class=\"table__cell\" role=\"cell\">Motoris\u00e9<\/td>\n<\/tr>\n<tr class=\"table__row\" role=\"row\">\n<th class=\"table__cell\" role=\"cell\" scope=\"row\">Couleur(s)<\/th>\n<td class=\"table__cell\" role=\"cell\">Noir<\/td>\n<\/tr>\n<tr class=\"table__row\" role=\"row\">\n<th class=\"table__cell\" role=\"cell\" scope=\"row\">Fonction du produit<\/th>\n<td class=\"table__cell\" role=\"cell\">Entretenir le gazon<\/td>\n<\/tr>\n<tr class=\"table__row\" role=\"row\">\n<th class=\"table__cell\" role=\"cell\" scope=\"row\">Plus produit<\/th>\n<td class=\"table__cell\" role=\"cell\">3 en 1<br \/>\nLargeur de coupe 61 cm<br \/>\nHauteur de coupe ajustable sur 5 niveaux<br \/>\nD\u00e9marreur \u00e9lectrique<br \/>\n4 vitesses avant et 1 marche arri\u00e8re<br \/>\nBac 150L<\/td>\n<\/tr>\n<tr class=\"table__row\" role=\"row\">\n<th class=\"table__head\" role=\"cell\" colspan=\"2\" scope=\"col\">Dimensions et poids<\/th>\n<\/tr>\n<tr class=\"table__row\" role=\"row\">\n<th class=\"table__cell\" role=\"cell\" scope=\"row\">Dimensions<\/th>\n<td class=\"table__cell\" role=\"cell\">178 x 72 x 105 cm<\/td>\n<\/tr>\n<tr class=\"table__row\" role=\"row\">\n<th class=\"table__cell\" role=\"cell\" scope=\"row\">Poids<\/th>\n<td class=\"table__cell\" role=\"cell\">115 kg<\/td>\n<\/tr>\n<tr class=\"table__row\" role=\"row\">\n<th class=\"table__head\" role=\"cell\" colspan=\"2\" scope=\"col\">Caract\u00e9ristiques de la tondeuse<\/th>\n<\/tr>\n<tr class=\"table__row\" role=\"row\">\n<th class=\"table__cell\" role=\"cell\" scope=\"row\">Type de propulsion<\/th>\n<td class=\"table__cell\" role=\"cell\">Autotract\u00e9e<\/td>\n<\/tr>\n<tr class=\"table__row\" role=\"row\">\n<th class=\"table__cell\" role=\"cell\" scope=\"row\">Mati\u00e8re du carter<\/th>\n<td class=\"table__cell\" role=\"cell\">Acier<\/td>\n<\/tr>\n<tr class=\"table__row\" role=\"row\">\n<th class=\"table__cell\" role=\"cell\" scope=\"row\">Type d&rsquo;\u00e9jection<\/th>\n<td class=\"table__cell\" role=\"cell\">\u00c9jection bac<\/td>\n<\/tr>\n<tr class=\"table__row\" role=\"row\">\n<th class=\"table__cell\" role=\"cell\" scope=\"row\">Largeur de coupe<\/th>\n<td class=\"table__cell\" role=\"cell\">61 cm<\/td>\n<\/tr>\n<tr class=\"table__row\" role=\"row\">\n<th class=\"table__cell\" role=\"cell\" scope=\"row\">Hauteur de coupe maximum<\/th>\n<td class=\"table__cell\" role=\"cell\">75 mm<\/td>\n<\/tr>\n<tr class=\"table__row\" role=\"row\">\n<th class=\"table__head\" role=\"cell\" colspan=\"2\" scope=\"col\">Sp\u00e9cificit\u00e9s moteur<\/th>\n<\/tr>\n<tr class=\"table__row\" role=\"row\">\n<th class=\"table__cell\" role=\"cell\" scope=\"row\">Type de motorisation<\/th>\n<td class=\"table__cell\" role=\"cell\">Thermique<\/td>\n<\/tr>\n<tr class=\"table__row\" role=\"row\">\n<th class=\"table__cell\" role=\"cell\" scope=\"row\">Motorisation<\/th>\n<td class=\"table__cell\" role=\"cell\">4 temps<\/td>\n<\/tr>\n<tr class=\"table__row\" role=\"row\">\n<th class=\"table__cell\" role=\"cell\" scope=\"row\">Puissance du moteur en W<\/th>\n<td class=\"table__cell\" role=\"cell\">4800 W<\/td>\n<\/tr>\n<tr class=\"table__row\" role=\"row\">\n<th class=\"table__cell\" role=\"cell\" scope=\"row\">Puissance du moteur en CV<\/th>\n<td class=\"table__cell\" role=\"cell\">6,5 cv<\/td>\n<\/tr>\n<tr class=\"table__row\" role=\"row\">\n<th class=\"table__cell\" role=\"cell\" scope=\"row\">D\u00e9marrage<\/th>\n<td class=\"table__cell\" role=\"cell\">Electrique<\/td>\n<\/tr>\n<tr class=\"table__row\" role=\"row\">\n<th class=\"table__head\" role=\"cell\" colspan=\"2\" scope=\"col\">D\u00e9tail de l&rsquo;\u00e9quipement<\/th>\n<\/tr>\n<tr class=\"table__row\" role=\"row\">\n<th class=\"table__cell\" role=\"cell\" scope=\"row\">Bac de ramassage<\/th>\n<td class=\"table__cell\" role=\"cell\">Fourni, 150 L<\/td>\n<\/tr>\n<tr class=\"table__row\" role=\"row\">\n<th class=\"table__cell\" role=\"cell\" scope=\"row\">Fonction mulching<\/th>\n<td class=\"table__cell\" role=\"cell\">Non<\/td>\n<\/tr>\n<tr class=\"table__row\" role=\"row\">\n<th class=\"table__head\" role=\"cell\" colspan=\"2\" scope=\"col\">Vos garanties incluses<\/th>\n<\/tr>\n<tr class=\"table__row\" role=\"row\">\n<th class=\"table__cell\" role=\"cell\" scope=\"row\">Garantie (\u00b2)<\/th>\n<td class=\"table__cell\" role=\"cell\">5 ans &#8211; pi\u00e8ces, main d\u2019\u0153uvre et frais de retour<\/td>\n<\/tr>\n<tr class=\"table__row\" role=\"row\">\n<th class=\"table__cell\" role=\"cell\" scope=\"row\">Garantie additionnelle<\/th>\n<td class=\"table__cell\" role=\"cell\">Garantie fournisseur : 5 ans &#8211; Pi\u00e8ces<\/td>\n<\/tr>\n<\/tbody>\n<\/table>\n","protected":false},"excerpt":{"rendered":"<p><span class=\"fpBlocTitle\">Les points forts :<\/span><\/p>\n<ul>\n<li>Plus produit : 3 en 1, Largeur de coupe 61 cm, Hauteur de coupe ajustable sur 5 niveaux, D\u00e9marreur \u00e9lectrique, 4 vitesses avant et 1 marche arri\u00e8re, Bac 150L<\/li>\n<li>Type de motorisation : Thermique<\/li>\n<li>Largeur de coupe : 61 cm<\/li>\n<\/ul>\n","protected":false},"featured_media":19768,"comment_status":"open","ping_status":"closed","template":"","meta":[],"product_cat":[245],"product_tag":[],"class_list":{"0":"post-19767","1":"product","2":"type-product","3":"status-publish","4":"has-post-thumbnail","6":"product_brand-scheppach","7":"product_cat-tondeuse-a-gazon","9":"first","10":"instock","11":"sale","12":"shipping-taxable","13":"purchasable","14":"product-type-simple","15":"col-xs-6 col-sm-4","16":"col-md-3 col-lg-3","17":"un-4-cols"},"yoast_head":"<!-- This site is optimized with the Yoast SEO plugin v27.0 - https:\/\/yoast.com\/product\/yoast-seo-wordpress\/ -->\n<title>Tondeuse autoport\u00e9e SCHEPPACH MR196 61 - Largeur de coupe : 61 cm - 196 cc - Ejection bac 150L - Eurosdiscounts.com- Achat sur Internet a prix discount, Canap\u00e9s pas cher, Smartphone pas cher, pc portable pas cher..<\/title>\n<meta name=\"description\" content=\"Tondeuse autoport\u00e9e SCHEPPACH MR196 61 - Largeur de coupe : 61 cm - 196 cc - Ejection bac 150L\" \/>\n<meta name=\"robots\" content=\"index, follow, max-snippet:-1, max-image-preview:large, max-video-preview:-1\" \/>\n<link rel=\"canonical\" href=\"https:\/\/eurosdiscounts.com\/index.php\/produit\/tondeuse-autoportee-scheppach-mr196-61-largeur-de-coupe-61-cm-196-cc-ejection-bac-150l\/\" \/>\n<meta property=\"og:locale\" content=\"fr_FR\" \/>\n<meta property=\"og:type\" content=\"article\" \/>\n<meta property=\"og:title\" content=\"Tondeuse autoport\u00e9e SCHEPPACH MR196 61 - Largeur de coupe : 61 cm - 196 cc - Ejection bac 150L - Eurosdiscounts.com- Achat sur Internet a prix discount, Canap\u00e9s pas cher, Smartphone pas cher, pc portable pas cher..\" \/>\n<meta property=\"og:description\" content=\"Tondeuse autoport\u00e9e SCHEPPACH MR196 61 - Largeur de coupe : 61 cm - 196 cc - Ejection bac 150L\" \/>\n<meta property=\"og:url\" content=\"https:\/\/eurosdiscounts.com\/index.php\/produit\/tondeuse-autoportee-scheppach-mr196-61-largeur-de-coupe-61-cm-196-cc-ejection-bac-150l\/\" \/>\n<meta property=\"og:site_name\" content=\"Eurosdiscounts.com- Achat sur Internet a prix discount, Canap\u00e9s pas cher, Smartphone pas cher, pc portable pas cher..\" \/>\n<meta property=\"article:modified_time\" content=\"2023-04-17T20:22:37+00:00\" \/>\n<meta property=\"og:image\" content=\"https:\/\/eurosdiscounts.com\/wp-content\/uploads\/2023\/04\/tondeuse-autoportee-scheppach-mr196-61-largeur-d.webp\" \/>\n\t<meta property=\"og:image:width\" content=\"700\" \/>\n\t<meta property=\"og:image:height\" content=\"700\" \/>\n\t<meta property=\"og:image:type\" content=\"image\/webp\" \/>\n<meta name=\"twitter:card\" content=\"summary_large_image\" \/>\n<meta name=\"twitter:label1\" content=\"Dur\u00e9e de lecture estim\u00e9e\" \/>\n\t<meta name=\"twitter:data1\" content=\"1 minute\" \/>\n<script type=\"application\/ld+json\" class=\"yoast-schema-graph\">{\"@context\":\"https:\/\/schema.org\",\"@graph\":[{\"@type\":\"WebPage\",\"@id\":\"https:\/\/eurosdiscounts.com\/index.php\/produit\/tondeuse-autoportee-scheppach-mr196-61-largeur-de-coupe-61-cm-196-cc-ejection-bac-150l\/\",\"url\":\"https:\/\/eurosdiscounts.com\/index.php\/produit\/tondeuse-autoportee-scheppach-mr196-61-largeur-de-coupe-61-cm-196-cc-ejection-bac-150l\/\",\"name\":\"Tondeuse autoport\u00e9e SCHEPPACH MR196 61 - Largeur de coupe : 61 cm - 196 cc - Ejection bac 150L - Eurosdiscounts.com- Achat sur Internet a prix discount, Canap\u00e9s pas cher, Smartphone pas cher, pc portable pas cher..\",\"isPartOf\":{\"@id\":\"https:\/\/eurosdiscounts.com\/#website\"},\"primaryImageOfPage\":{\"@id\":\"https:\/\/eurosdiscounts.com\/index.php\/produit\/tondeuse-autoportee-scheppach-mr196-61-largeur-de-coupe-61-cm-196-cc-ejection-bac-150l\/#primaryimage\"},\"image\":{\"@id\":\"https:\/\/eurosdiscounts.com\/index.php\/produit\/tondeuse-autoportee-scheppach-mr196-61-largeur-de-coupe-61-cm-196-cc-ejection-bac-150l\/#primaryimage\"},\"thumbnailUrl\":\"https:\/\/eurosdiscounts.com\/wp-content\/uploads\/2023\/04\/tondeuse-autoportee-scheppach-mr196-61-largeur-d.webp\",\"datePublished\":\"2023-04-17T20:18:21+00:00\",\"dateModified\":\"2023-04-17T20:22:37+00:00\",\"description\":\"Tondeuse autoport\u00e9e SCHEPPACH MR196 61 - Largeur de coupe : 61 cm - 196 cc - Ejection bac 150L\",\"breadcrumb\":{\"@id\":\"https:\/\/eurosdiscounts.com\/index.php\/produit\/tondeuse-autoportee-scheppach-mr196-61-largeur-de-coupe-61-cm-196-cc-ejection-bac-150l\/#breadcrumb\"},\"inLanguage\":\"fr-FR\",\"potentialAction\":[{\"@type\":\"ReadAction\",\"target\":[\"https:\/\/eurosdiscounts.com\/index.php\/produit\/tondeuse-autoportee-scheppach-mr196-61-largeur-de-coupe-61-cm-196-cc-ejection-bac-150l\/\"]}]},{\"@type\":\"ImageObject\",\"inLanguage\":\"fr-FR\",\"@id\":\"https:\/\/eurosdiscounts.com\/index.php\/produit\/tondeuse-autoportee-scheppach-mr196-61-largeur-de-coupe-61-cm-196-cc-ejection-bac-150l\/#primaryimage\",\"url\":\"https:\/\/eurosdiscounts.com\/wp-content\/uploads\/2023\/04\/tondeuse-autoportee-scheppach-mr196-61-largeur-d.webp\",\"contentUrl\":\"https:\/\/eurosdiscounts.com\/wp-content\/uploads\/2023\/04\/tondeuse-autoportee-scheppach-mr196-61-largeur-d.webp\",\"width\":700,\"height\":700},{\"@type\":\"BreadcrumbList\",\"@id\":\"https:\/\/eurosdiscounts.com\/index.php\/produit\/tondeuse-autoportee-scheppach-mr196-61-largeur-de-coupe-61-cm-196-cc-ejection-bac-150l\/#breadcrumb\",\"itemListElement\":[{\"@type\":\"ListItem\",\"position\":1,\"name\":\"Accueil\",\"item\":\"https:\/\/eurosdiscounts.com\/\"},{\"@type\":\"ListItem\",\"position\":2,\"name\":\"Boutique\",\"item\":\"https:\/\/eurosdiscounts.com\/index.php\/boutique\/\"},{\"@type\":\"ListItem\",\"position\":3,\"name\":\"Tondeuse autoport\u00e9e SCHEPPACH MR196 61 &#8211; Largeur de coupe : 61 cm &#8211; 196 cc &#8211; Ejection bac 150L\"}]},{\"@type\":\"WebSite\",\"@id\":\"https:\/\/eurosdiscounts.com\/#website\",\"url\":\"https:\/\/eurosdiscounts.com\/\",\"name\":\"Eurosdiscounts.com- Achat sur Internet a prix discount, Canap\u00e9s pas cher, Smartphone pas cher, pc portable pas cher..\",\"description\":\"Eurosdiscounts.com- Achat sur Internet a prix discount, Canap\u00e9s pas cher, Smartphone pas cher, pc portable pas cher..\",\"potentialAction\":[{\"@type\":\"SearchAction\",\"target\":{\"@type\":\"EntryPoint\",\"urlTemplate\":\"https:\/\/eurosdiscounts.com\/?s={search_term_string}\"},\"query-input\":{\"@type\":\"PropertyValueSpecification\",\"valueRequired\":true,\"valueName\":\"search_term_string\"}}],\"inLanguage\":\"fr-FR\"}]}<\/script>\n<!-- \/ Yoast SEO plugin. -->","yoast_head_json":{"title":"Tondeuse autoport\u00e9e SCHEPPACH MR196 61 - Largeur de coupe : 61 cm - 196 cc - Ejection bac 150L - Eurosdiscounts.com- Achat sur Internet a prix discount, Canap\u00e9s pas cher, Smartphone pas cher, pc portable pas cher..","description":"Tondeuse autoport\u00e9e SCHEPPACH MR196 61 - Largeur de coupe : 61 cm - 196 cc - Ejection bac 150L","robots":{"index":"index","follow":"follow","max-snippet":"max-snippet:-1","max-image-preview":"max-image-preview:large","max-video-preview":"max-video-preview:-1"},"canonical":"https:\/\/eurosdiscounts.com\/index.php\/produit\/tondeuse-autoportee-scheppach-mr196-61-largeur-de-coupe-61-cm-196-cc-ejection-bac-150l\/","og_locale":"fr_FR","og_type":"article","og_title":"Tondeuse autoport\u00e9e SCHEPPACH MR196 61 - Largeur de coupe : 61 cm - 196 cc - Ejection bac 150L - Eurosdiscounts.com- Achat sur Internet a prix discount, Canap\u00e9s pas cher, Smartphone pas cher, pc portable pas cher..","og_description":"Tondeuse autoport\u00e9e SCHEPPACH MR196 61 - Largeur de coupe : 61 cm - 196 cc - Ejection bac 150L","og_url":"https:\/\/eurosdiscounts.com\/index.php\/produit\/tondeuse-autoportee-scheppach-mr196-61-largeur-de-coupe-61-cm-196-cc-ejection-bac-150l\/","og_site_name":"Eurosdiscounts.com- Achat sur Internet a prix discount, Canap\u00e9s pas cher, Smartphone pas cher, pc portable pas cher..","article_modified_time":"2023-04-17T20:22:37+00:00","og_image":[{"width":700,"height":700,"url":"https:\/\/eurosdiscounts.com\/wp-content\/uploads\/2023\/04\/tondeuse-autoportee-scheppach-mr196-61-largeur-d.webp","type":"image\/webp"}],"twitter_card":"summary_large_image","twitter_misc":{"Dur\u00e9e de lecture estim\u00e9e":"1 minute"},"schema":{"@context":"https:\/\/schema.org","@graph":[{"@type":"WebPage","@id":"https:\/\/eurosdiscounts.com\/index.php\/produit\/tondeuse-autoportee-scheppach-mr196-61-largeur-de-coupe-61-cm-196-cc-ejection-bac-150l\/","url":"https:\/\/eurosdiscounts.com\/index.php\/produit\/tondeuse-autoportee-scheppach-mr196-61-largeur-de-coupe-61-cm-196-cc-ejection-bac-150l\/","name":"Tondeuse autoport\u00e9e SCHEPPACH MR196 61 - Largeur de coupe : 61 cm - 196 cc - Ejection bac 150L - Eurosdiscounts.com- Achat sur Internet a prix discount, Canap\u00e9s pas cher, Smartphone pas cher, pc portable pas cher..","isPartOf":{"@id":"https:\/\/eurosdiscounts.com\/#website"},"primaryImageOfPage":{"@id":"https:\/\/eurosdiscounts.com\/index.php\/produit\/tondeuse-autoportee-scheppach-mr196-61-largeur-de-coupe-61-cm-196-cc-ejection-bac-150l\/#primaryimage"},"image":{"@id":"https:\/\/eurosdiscounts.com\/index.php\/produit\/tondeuse-autoportee-scheppach-mr196-61-largeur-de-coupe-61-cm-196-cc-ejection-bac-150l\/#primaryimage"},"thumbnailUrl":"https:\/\/eurosdiscounts.com\/wp-content\/uploads\/2023\/04\/tondeuse-autoportee-scheppach-mr196-61-largeur-d.webp","datePublished":"2023-04-17T20:18:21+00:00","dateModified":"2023-04-17T20:22:37+00:00","description":"Tondeuse autoport\u00e9e SCHEPPACH MR196 61 - Largeur de coupe : 61 cm - 196 cc - Ejection bac 150L","breadcrumb":{"@id":"https:\/\/eurosdiscounts.com\/index.php\/produit\/tondeuse-autoportee-scheppach-mr196-61-largeur-de-coupe-61-cm-196-cc-ejection-bac-150l\/#breadcrumb"},"inLanguage":"fr-FR","potentialAction":[{"@type":"ReadAction","target":["https:\/\/eurosdiscounts.com\/index.php\/produit\/tondeuse-autoportee-scheppach-mr196-61-largeur-de-coupe-61-cm-196-cc-ejection-bac-150l\/"]}]},{"@type":"ImageObject","inLanguage":"fr-FR","@id":"https:\/\/eurosdiscounts.com\/index.php\/produit\/tondeuse-autoportee-scheppach-mr196-61-largeur-de-coupe-61-cm-196-cc-ejection-bac-150l\/#primaryimage","url":"https:\/\/eurosdiscounts.com\/wp-content\/uploads\/2023\/04\/tondeuse-autoportee-scheppach-mr196-61-largeur-d.webp","contentUrl":"https:\/\/eurosdiscounts.com\/wp-content\/uploads\/2023\/04\/tondeuse-autoportee-scheppach-mr196-61-largeur-d.webp","width":700,"height":700},{"@type":"BreadcrumbList","@id":"https:\/\/eurosdiscounts.com\/index.php\/produit\/tondeuse-autoportee-scheppach-mr196-61-largeur-de-coupe-61-cm-196-cc-ejection-bac-150l\/#breadcrumb","itemListElement":[{"@type":"ListItem","position":1,"name":"Accueil","item":"https:\/\/eurosdiscounts.com\/"},{"@type":"ListItem","position":2,"name":"Boutique","item":"https:\/\/eurosdiscounts.com\/index.php\/boutique\/"},{"@type":"ListItem","position":3,"name":"Tondeuse autoport\u00e9e SCHEPPACH MR196 61 &#8211; Largeur de coupe : 61 cm &#8211; 196 cc &#8211; Ejection bac 150L"}]},{"@type":"WebSite","@id":"https:\/\/eurosdiscounts.com\/#website","url":"https:\/\/eurosdiscounts.com\/","name":"Eurosdiscounts.com- Achat sur Internet a prix discount, Canap\u00e9s pas cher, Smartphone pas cher, pc portable pas cher..","description":"Eurosdiscounts.com- Achat sur Internet a prix discount, Canap\u00e9s pas cher, Smartphone pas cher, pc portable pas cher..","potentialAction":[{"@type":"SearchAction","target":{"@type":"EntryPoint","urlTemplate":"https:\/\/eurosdiscounts.com\/?s={search_term_string}"},"query-input":{"@type":"PropertyValueSpecification","valueRequired":true,"valueName":"search_term_string"}}],"inLanguage":"fr-FR"}]}},"_links":{"self":[{"href":"https:\/\/eurosdiscounts.com\/index.php\/wp-json\/wp\/v2\/product\/19767","targetHints":{"allow":["GET"]}}],"collection":[{"href":"https:\/\/eurosdiscounts.com\/index.php\/wp-json\/wp\/v2\/product"}],"about":[{"href":"https:\/\/eurosdiscounts.com\/index.php\/wp-json\/wp\/v2\/types\/product"}],"replies":[{"embeddable":true,"href":"https:\/\/eurosdiscounts.com\/index.php\/wp-json\/wp\/v2\/comments?post=19767"}],"wp:featuredmedia":[{"embeddable":true,"href":"https:\/\/eurosdiscounts.com\/index.php\/wp-json\/wp\/v2\/media\/19768"}],"wp:attachment":[{"href":"https:\/\/eurosdiscounts.com\/index.php\/wp-json\/wp\/v2\/media?parent=19767"}],"wp:term":[{"taxonomy":"product_cat","embeddable":true,"href":"https:\/\/eurosdiscounts.com\/index.php\/wp-json\/wp\/v2\/product_cat?post=19767"},{"taxonomy":"product_tag","embeddable":true,"href":"https:\/\/eurosdiscounts.com\/index.php\/wp-json\/wp\/v2\/product_tag?post=19767"}],"curies":[{"name":"wp","href":"https:\/\/api.w.org\/{rel}","templated":true}]}}