{"id":19739,"date":"2023-04-17T21:53:34","date_gmt":"2023-04-17T19:53:34","guid":{"rendered":"https:\/\/eurosdiscounts.com\/?post_type=product&#038;p=19739"},"modified":"2023-04-17T21:58:41","modified_gmt":"2023-04-17T19:58:41","slug":"ryobi-pack-one-tondeuse-coupe-bordures-18v-sans-fil-rlm1833blt1825m-tondeuse-rlm18x33b40-et-coupe-bordures-olt1825m-offert","status":"publish","type":"product","link":"https:\/\/eurosdiscounts.com\/index.php\/produit\/ryobi-pack-one-tondeuse-coupe-bordures-18v-sans-fil-rlm1833blt1825m-tondeuse-rlm18x33b40-et-coupe-bordures-olt1825m-offert\/","title":{"rendered":"RYOBI Pack ONE+ tondeuse + coupe-bordures 18V sans fil RLM1833BLT1825M : tondeuse RLM18X33B40 et coupe-bordures OLT1825M OFFERT"},"content":{"rendered":"<table class=\"table table--fpDescTb fpDescTb fpDescTbPub\" role=\"table\" aria-label=\"Semantic Elements\" aria-describedby=\"semantic_elements_table_desc\" aria-rowcount=\"81\">\n<tbody class=\"table__body\" role=\"rowgroup\">\n<tr class=\"table__row\" role=\"row\">\n<th class=\"table__head\" role=\"cell\" colspan=\"2\" scope=\"col\">Informations g\u00e9n\u00e9rales sur le produit<\/th>\n<\/tr>\n<tr class=\"table__row\" role=\"row\">\n<th class=\"table__cell\" role=\"cell\" scope=\"row\">Marque<\/th>\n<td class=\"table__cell\" role=\"cell\">RYOBI<\/td>\n<\/tr>\n<tr class=\"table__row\" role=\"row\">\n<th class=\"table__cell\" role=\"cell\" scope=\"row\">Nom du produit<\/th>\n<td class=\"table__cell\" role=\"cell\">RYOBI Pack ONE+ tondeuse + coupe-bordures 18V sans<\/td>\n<\/tr>\n<tr class=\"table__row\" role=\"row\">\n<th class=\"table__cell\" role=\"cell\" scope=\"row\">Cat\u00e9gorie<\/th>\n<td class=\"table__cell\" role=\"cell\">TONDEUSE<\/td>\n<\/tr>\n<tr class=\"table__row\" role=\"row\">\n<th class=\"table__cell\" role=\"cell\" scope=\"row\">R\u00e9f\u00e9rence<\/th>\n<td class=\"table__cell\" role=\"cell\">5133004451<\/td>\n<\/tr>\n<tr class=\"table__row\" role=\"row\">\n<th class=\"table__head\" role=\"cell\" colspan=\"2\" scope=\"col\">G\u00e9n\u00e9ral<\/th>\n<\/tr>\n<tr class=\"table__row\" role=\"row\">\n<th class=\"table__cell\" role=\"cell\" scope=\"row\">Type de Produit<\/th>\n<td class=\"table__cell\" role=\"cell\">Combo Tondeuse + Coupe bordure<\/td>\n<\/tr>\n<tr class=\"table__row\" role=\"row\">\n<th class=\"table__cell\" role=\"cell\" scope=\"row\">Description du produit<\/th>\n<td class=\"table__cell\" role=\"cell\">Combo Tondeuse + Coupe bordure 18V : tondeuse 18V &#8211; \u00d8 coupe 33 cm &#8211; ramassage et mulching + coupe-bo<br \/>\nrdures \/ dresse-bordures 18V &#8211; \u00d8 coupe 25 cm &#8211; \u00d8 fil 1 x 1,6 mm + 1 batterie lithium+ 18V 4,0 Ah et<br \/>\n1 chargeur rapide 2,0 A<\/td>\n<\/tr>\n<tr class=\"table__row\" role=\"row\">\n<th class=\"table__cell\" role=\"cell\" scope=\"row\">Gamme<\/th>\n<td class=\"table__cell\" role=\"cell\">ONE+<\/td>\n<\/tr>\n<tr class=\"table__row\" role=\"row\">\n<th class=\"table__cell\" role=\"cell\" scope=\"row\">Mod\u00e8les<\/th>\n<td class=\"table__cell\" role=\"cell\">RLM1833BLT1825M<\/td>\n<\/tr>\n<tr class=\"table__row\" role=\"row\">\n<th class=\"table__cell\" role=\"cell\" scope=\"row\">Composition du lot<\/th>\n<td class=\"table__cell\" role=\"cell\">Tondeuse<br \/>\nCoupe bordure<br \/>\n1 batterie lithium + 18V 4,0 Ah<br \/>\n1 chargeur rapide 2,0 A<\/td>\n<\/tr>\n<tr class=\"table__row\" role=\"row\">\n<th class=\"table__cell\" role=\"cell\" scope=\"row\">Type d&rsquo;outil<\/th>\n<td class=\"table__cell\" role=\"cell\">Motoris\u00e9<\/td>\n<\/tr>\n<tr class=\"table__row\" role=\"row\">\n<th class=\"table__cell\" role=\"cell\" scope=\"row\">Couleur(s)<\/th>\n<td class=\"table__cell\" role=\"cell\">Vert<\/td>\n<\/tr>\n<tr class=\"table__row\" role=\"row\">\n<th class=\"table__cell\" role=\"cell\" scope=\"row\">Fonction du produit<\/th>\n<td class=\"table__cell\" role=\"cell\">Entretient du gazon<\/td>\n<\/tr>\n<tr class=\"table__row\" role=\"row\">\n<th class=\"table__cell\" role=\"cell\" scope=\"row\">Multifonction<\/th>\n<td class=\"table__cell\" role=\"cell\">Oui<\/td>\n<\/tr>\n<tr class=\"table__row\" role=\"row\">\n<th class=\"table__cell\" role=\"cell\" scope=\"row\">Plus produit<\/th>\n<td class=\"table__cell\" role=\"cell\">Compatible avec toutes les batteries Ryobi One+<br \/>\nTondeuse ergonomique 2 en 1 (ramassage ou mulching ) :<br \/>\nR\u00e9glage centralis\u00e9 de la hauteur de coupe<br \/>\nBac semi<br \/>\nrigide 35 L avec indicateur de niveau de charge<br \/>\nGrandes roues arri\u00e8re<br \/>\nPoign\u00e9es ergonomiques ajustables en hauteur (3 positions)<br \/>\n+ Brancard ajustable en hauteur (3<br \/>\nRabatteur d\u2019herbe<br \/>\nEasyEdge \u2122<br \/>\nLargeur de coupe : 33 cm<br \/>\nHauteur de coupe : 5 positions (25-65 mm)<br \/>\nCoupe bordure avec design ergonomique et confortable :<br \/>\nFonction dresse<br \/>\nbordures<br \/>\nT\u00eate automatique simple fil<br \/>\nDiam\u00e8tre de coupe : 25 cm<br \/>\nDiam\u00e8tre de fil : 1 x 1,6 mm<\/td>\n<\/tr>\n<tr class=\"table__row\" role=\"row\">\n<th class=\"table__cell\" role=\"cell\" scope=\"row\">R\u00e9f\u00e9rence compatible avec les mod\u00e8les suivants<\/th>\n<td class=\"table__cell\" role=\"cell\">compatibles avec toutes les batteries 18V One+<br \/>\nLame 33 cm RAC434<br \/>\n1 t\u00eate automatique simple fil 1,6mm<\/td>\n<\/tr>\n<tr class=\"table__row\" role=\"row\">\n<th class=\"table__cell\" role=\"cell\" scope=\"row\">Indice de r\u00e9parabilit\u00e9<\/th>\n<td class=\"table__cell\" role=\"cell\">8,8<\/td>\n<\/tr>\n<tr class=\"table__row\" role=\"row\">\n<th class=\"table__head\" role=\"cell\" colspan=\"2\" scope=\"col\">Dimensions et poids<\/th>\n<\/tr>\n<tr class=\"table__row\" role=\"row\">\n<th class=\"table__cell\" role=\"cell\" scope=\"row\">Poids<\/th>\n<td class=\"table__cell\" role=\"cell\">Poids tondeuse avec batterie : 8,2Kg<br \/>\nPoids coupe-bordures avec batterie : 2 Kg<\/td>\n<\/tr>\n<tr class=\"table__row\" role=\"row\">\n<th class=\"table__head\" role=\"cell\" colspan=\"2\" scope=\"col\">Caract\u00e9ristiques de la tondeuse<\/th>\n<\/tr>\n<tr class=\"table__row\" role=\"row\">\n<th class=\"table__cell\" role=\"cell\" scope=\"row\">Surface du jardin<\/th>\n<td class=\"table__cell\" role=\"cell\">300m\u00b2<\/td>\n<\/tr>\n<tr class=\"table__row\" role=\"row\">\n<th class=\"table__cell\" role=\"cell\" scope=\"row\">Type de propulsion<\/th>\n<td class=\"table__cell\" role=\"cell\">Pouss\u00e9e<\/td>\n<\/tr>\n<tr class=\"table__row\" role=\"row\">\n<th class=\"table__cell\" role=\"cell\" scope=\"row\">Mati\u00e8re du carter<\/th>\n<td class=\"table__cell\" role=\"cell\">ABS<\/td>\n<\/tr>\n<tr class=\"table__row\" role=\"row\">\n<th class=\"table__cell\" role=\"cell\" scope=\"row\">Type d&rsquo;\u00e9jection<\/th>\n<td class=\"table__cell\" role=\"cell\">\u00c9jection bac<br \/>\n\u00c9jection Mulching<br \/>\n\u00c9jection arri\u00e8re<\/td>\n<\/tr>\n<tr class=\"table__row\" role=\"row\">\n<th class=\"table__cell\" role=\"cell\" scope=\"row\">Guidon<\/th>\n<td class=\"table__cell\" role=\"cell\">Brancard ajustable en hauteur sur 3 positions : permet d\u2019ajuster la hauteur du brancard \u00e0 tout utili<br \/>\nsateur quelle que soit sa taille pour une position de travail confortable<\/td>\n<\/tr>\n<tr class=\"table__row\" role=\"row\">\n<th class=\"table__cell\" role=\"cell\" scope=\"row\">Largeur de coupe<\/th>\n<td class=\"table__cell\" role=\"cell\">33 cm<\/td>\n<\/tr>\n<tr class=\"table__row\" role=\"row\">\n<th class=\"table__cell\" role=\"cell\" scope=\"row\">Hauteur de coupe maximum<\/th>\n<td class=\"table__cell\" role=\"cell\">65 mm<\/td>\n<\/tr>\n<tr class=\"table__row\" role=\"row\">\n<th class=\"table__head\" role=\"cell\" colspan=\"2\" scope=\"col\">Caract\u00e9ristiques de l&rsquo;outil de taille<\/th>\n<\/tr>\n<tr class=\"table__row\" role=\"row\">\n<th class=\"table__cell\" role=\"cell\" scope=\"row\">Longueur de l&rsquo;outil de coupe<\/th>\n<td class=\"table__cell\" role=\"cell\">25 cm<\/td>\n<\/tr>\n<tr class=\"table__row\" role=\"row\">\n<th class=\"table__cell\" role=\"cell\" scope=\"row\">Type d&rsquo;avance du fil<\/th>\n<td class=\"table__cell\" role=\"cell\">Automatique<\/td>\n<\/tr>\n<tr class=\"table__row\" role=\"row\">\n<th class=\"table__cell\" role=\"cell\" scope=\"row\">Guidon repliable<\/th>\n<td class=\"table__cell\" role=\"cell\">Oui<\/td>\n<\/tr>\n<tr class=\"table__row\" role=\"row\">\n<th class=\"table__head\" role=\"cell\" colspan=\"2\" scope=\"col\">Sp\u00e9cificit\u00e9s moteur<\/th>\n<\/tr>\n<tr class=\"table__row\" role=\"row\">\n<th class=\"table__cell\" role=\"cell\" scope=\"row\">Type de motorisation<\/th>\n<td class=\"table__cell\" role=\"cell\">Sur batterie<\/td>\n<\/tr>\n<tr class=\"table__row\" role=\"row\">\n<th class=\"table__cell\" role=\"cell\" scope=\"row\">Batterie<\/th>\n<td class=\"table__cell\" role=\"cell\">1 batterie 18 Volts Li-ion 4,0Ah<\/td>\n<\/tr>\n<tr class=\"table__row\" role=\"row\">\n<th class=\"table__cell\" role=\"cell\" scope=\"row\">Temps de charge<\/th>\n<td class=\"table__cell\" role=\"cell\">1 heure<\/td>\n<\/tr>\n<tr class=\"table__row\" role=\"row\">\n<th class=\"table__cell\" role=\"cell\" scope=\"row\">Batterie Fournie<\/th>\n<td class=\"table__cell\" role=\"cell\">Oui<\/td>\n<\/tr>\n<tr class=\"table__row\" role=\"row\">\n<th class=\"table__cell\" role=\"cell\" scope=\"row\">Batterie unique<\/th>\n<td class=\"table__cell\" role=\"cell\">Oui<\/td>\n<\/tr>\n<tr class=\"table__row\" role=\"row\">\n<th class=\"table__cell\" role=\"cell\" scope=\"row\">Autonomie<\/th>\n<td class=\"table__cell\" role=\"cell\">variable selon utilisation<\/td>\n<\/tr>\n<tr class=\"table__row\" role=\"row\">\n<th class=\"table__cell\" role=\"cell\" scope=\"row\">Tension<\/th>\n<td class=\"table__cell\" role=\"cell\">18 Volts<\/td>\n<\/tr>\n<tr class=\"table__row\" role=\"row\">\n<th class=\"table__head\" role=\"cell\" colspan=\"2\" scope=\"col\">Informations de performance<\/th>\n<\/tr>\n<tr class=\"table__row\" role=\"row\">\n<th class=\"table__cell\" role=\"cell\" scope=\"row\">Longueur de la lame<\/th>\n<td class=\"table__cell\" role=\"cell\">33 cm<\/td>\n<\/tr>\n<tr class=\"table__row\" role=\"row\">\n<th class=\"table__head\" role=\"cell\" colspan=\"2\" scope=\"col\">D\u00e9tail de l&rsquo;\u00e9quipement<\/th>\n<\/tr>\n<tr class=\"table__row\" role=\"row\">\n<th class=\"table__cell\" role=\"cell\" scope=\"row\">Bac de ramassage<\/th>\n<td class=\"table__cell\" role=\"cell\">2-en-1 ramassage et mulching : bac de ramassage et obturateur pour basculer en fonction mulching<br \/>\nBac semi-rigide 35 L avec indicateur de niveau de charge : se replie sur lui-m\u00eame et se stocke sur l<br \/>\ne dessus de la tondeuse<\/td>\n<\/tr>\n<tr class=\"table__row\" role=\"row\">\n<th class=\"table__cell\" role=\"cell\" scope=\"row\">Fonction mulching<\/th>\n<td class=\"table__cell\" role=\"cell\">Oui<\/td>\n<\/tr>\n<tr class=\"table__row\" role=\"row\">\n<th class=\"table__head\" role=\"cell\" colspan=\"2\" scope=\"col\">Divers<\/th>\n<\/tr>\n<tr class=\"table__row\" role=\"row\">\n<th class=\"table__cell\" role=\"cell\" scope=\"row\">Pays d&rsquo;origine<\/th>\n<td class=\"table__cell\" role=\"cell\">Chine<\/td>\n<\/tr>\n<tr class=\"table__row\" role=\"row\">\n<th class=\"table__head\" role=\"cell\" colspan=\"2\" scope=\"col\">Dimensions colis<\/th>\n<\/tr>\n<tr class=\"table__row\" role=\"row\">\n<th class=\"table__cell\" role=\"cell\" scope=\"row\">Dimensions brutes &#8211; article emball\u00e9 (L x l x H)<\/th>\n<td class=\"table__cell\" role=\"cell\">67,5 x 38 x 36<\/td>\n<\/tr>\n<tr class=\"table__row\" role=\"row\">\n<th class=\"table__cell\" role=\"cell\" scope=\"row\">Poids emball\u00e9<\/th>\n<td class=\"table__cell\" role=\"cell\">7,5<\/td>\n<\/tr>\n<tr class=\"table__row\" role=\"row\">\n<th class=\"table__head\" role=\"cell\" colspan=\"2\" scope=\"col\">Vos garanties incluses<\/th>\n<\/tr>\n<tr class=\"table__row\" role=\"row\">\n<th class=\"table__cell\" role=\"cell\" scope=\"row\">Garantie (\u00b2)<\/th>\n<td class=\"table__cell\" role=\"cell\">2 ans &#8211; pi\u00e8ces, main d\u2019\u0153uvre et frais de retour<\/td>\n<\/tr>\n<tr class=\"table__row\" role=\"row\">\n<th class=\"table__cell\" role=\"cell\" scope=\"row\">Garantie additionnelle<\/th>\n<td class=\"table__cell\" role=\"cell\">Garantie fournisseur : 1 an &#8211; Pi\u00e8ces et main d\u2019\u0153uvre<\/td>\n<\/tr>\n<\/tbody>\n<\/table>\n","protected":false},"excerpt":{"rendered":"<p><span class=\"fpBlocTitle\">Les points forts :<\/span><\/p>\n<ul>\n<li>Composition du lot : Tondeuse , Coupe bordure, 1 batterie lithium + 18V 4,0 Ah , 1 chargeur rapide 2,0 A<\/li>\n<li>Plus produit : Compatible avec toutes les batteries Ryobi One+, Tondeuse ergonomique 2 en 1 (ramassage ou mulching ) :, R\u00e9glage centralis\u00e9 de la hauteur de coupe, Bac semi, rigide 35 L avec indicateur de niveau de charge, Grandes roues arri\u00e8re, Poign\u00e9es ergonomiques ajustables en hauteur (3 positions), + Brancard ajustable en hauteur (3, Rabatteur d\u2019herbe, EasyEdge \u2122, Largeur de coupe : 33 cm, Hauteur de coupe : 5 positions (25-65 mm), Coupe bordure avec design ergonomique et confortable :, Fonction dresse, bordures, T\u00eate automatique simple fil, Diam\u00e8tre de coupe : 25 cm, Diam\u00e8tre de fil : 1 x 1,6 mm<\/li>\n<li>Type de motorisation : Sur batterie<\/li>\n<li>Batterie Fournie : Oui<\/li>\n<li>Autonomie : variable selon utilisation<\/li>\n<\/ul>\n<div class=\"jsFpBulletPointMore\">\n<ul>\n<li>Largeur de coupe : 33 cm<\/li>\n<\/ul>\n<\/div>\n","protected":false},"featured_media":19740,"comment_status":"open","ping_status":"closed","template":"","meta":[],"product_cat":[245],"product_tag":[],"class_list":{"0":"post-19739","1":"product","2":"type-product","3":"status-publish","4":"has-post-thumbnail","6":"product_brand-ryobi","7":"product_cat-tondeuse-a-gazon","9":"first","10":"instock","11":"sale","12":"shipping-taxable","13":"purchasable","14":"product-type-simple","15":"col-xs-6 col-sm-4","16":"col-md-3 col-lg-3","17":"un-4-cols"},"yoast_head":"<!-- This site is optimized with the Yoast SEO plugin v27.0 - https:\/\/yoast.com\/product\/yoast-seo-wordpress\/ -->\n<title>RYOBI Pack ONE+ tondeuse + coupe-bordures 18V sans fil RLM1833BLT1825M : tondeuse RLM18X33B40 et coupe-bordures OLT1825M OFFERT - Eurosdiscounts.com- Achat sur Internet a prix discount, Canap\u00e9s pas cher, Smartphone pas cher, pc portable pas cher..<\/title>\n<meta name=\"description\" content=\"RYOBI Pack ONE+ tondeuse + coupe-bordures 18V sans fil RLM1833BLT1825M : tondeuse RLM18X33B40 et coupe-bordures OLT1825M OFFERT\" \/>\n<meta name=\"robots\" content=\"index, follow, max-snippet:-1, max-image-preview:large, max-video-preview:-1\" \/>\n<link rel=\"canonical\" href=\"https:\/\/eurosdiscounts.com\/index.php\/produit\/ryobi-pack-one-tondeuse-coupe-bordures-18v-sans-fil-rlm1833blt1825m-tondeuse-rlm18x33b40-et-coupe-bordures-olt1825m-offert\/\" \/>\n<meta property=\"og:locale\" content=\"fr_FR\" \/>\n<meta property=\"og:type\" content=\"article\" \/>\n<meta property=\"og:title\" content=\"RYOBI Pack ONE+ tondeuse + coupe-bordures 18V sans fil RLM1833BLT1825M : tondeuse RLM18X33B40 et coupe-bordures OLT1825M OFFERT - Eurosdiscounts.com- Achat sur Internet a prix discount, Canap\u00e9s pas cher, Smartphone pas cher, pc portable pas cher..\" \/>\n<meta property=\"og:description\" content=\"RYOBI Pack ONE+ tondeuse + coupe-bordures 18V sans fil RLM1833BLT1825M : tondeuse RLM18X33B40 et coupe-bordures OLT1825M OFFERT\" \/>\n<meta property=\"og:url\" content=\"https:\/\/eurosdiscounts.com\/index.php\/produit\/ryobi-pack-one-tondeuse-coupe-bordures-18v-sans-fil-rlm1833blt1825m-tondeuse-rlm18x33b40-et-coupe-bordures-olt1825m-offert\/\" \/>\n<meta property=\"og:site_name\" content=\"Eurosdiscounts.com- Achat sur Internet a prix discount, Canap\u00e9s pas cher, Smartphone pas cher, pc portable pas cher..\" \/>\n<meta property=\"article:modified_time\" content=\"2023-04-17T19:58:41+00:00\" \/>\n<meta property=\"og:image\" content=\"https:\/\/eurosdiscounts.com\/wp-content\/uploads\/2023\/04\/ryobi-pack-one-tondeuse-coupe-bordures-18v-sans.webp\" \/>\n\t<meta property=\"og:image:width\" content=\"550\" \/>\n\t<meta property=\"og:image:height\" content=\"550\" \/>\n\t<meta property=\"og:image:type\" content=\"image\/webp\" \/>\n<meta name=\"twitter:card\" content=\"summary_large_image\" \/>\n<meta name=\"twitter:label1\" content=\"Dur\u00e9e de lecture estim\u00e9e\" \/>\n\t<meta name=\"twitter:data1\" content=\"3 minutes\" \/>\n<script type=\"application\/ld+json\" class=\"yoast-schema-graph\">{\"@context\":\"https:\/\/schema.org\",\"@graph\":[{\"@type\":\"WebPage\",\"@id\":\"https:\/\/eurosdiscounts.com\/index.php\/produit\/ryobi-pack-one-tondeuse-coupe-bordures-18v-sans-fil-rlm1833blt1825m-tondeuse-rlm18x33b40-et-coupe-bordures-olt1825m-offert\/\",\"url\":\"https:\/\/eurosdiscounts.com\/index.php\/produit\/ryobi-pack-one-tondeuse-coupe-bordures-18v-sans-fil-rlm1833blt1825m-tondeuse-rlm18x33b40-et-coupe-bordures-olt1825m-offert\/\",\"name\":\"RYOBI Pack ONE+ tondeuse + coupe-bordures 18V sans fil RLM1833BLT1825M : tondeuse RLM18X33B40 et coupe-bordures OLT1825M OFFERT - Eurosdiscounts.com- Achat sur Internet a prix discount, Canap\u00e9s pas cher, Smartphone pas cher, pc portable pas cher..\",\"isPartOf\":{\"@id\":\"https:\/\/eurosdiscounts.com\/#website\"},\"primaryImageOfPage\":{\"@id\":\"https:\/\/eurosdiscounts.com\/index.php\/produit\/ryobi-pack-one-tondeuse-coupe-bordures-18v-sans-fil-rlm1833blt1825m-tondeuse-rlm18x33b40-et-coupe-bordures-olt1825m-offert\/#primaryimage\"},\"image\":{\"@id\":\"https:\/\/eurosdiscounts.com\/index.php\/produit\/ryobi-pack-one-tondeuse-coupe-bordures-18v-sans-fil-rlm1833blt1825m-tondeuse-rlm18x33b40-et-coupe-bordures-olt1825m-offert\/#primaryimage\"},\"thumbnailUrl\":\"https:\/\/eurosdiscounts.com\/wp-content\/uploads\/2023\/04\/ryobi-pack-one-tondeuse-coupe-bordures-18v-sans.webp\",\"datePublished\":\"2023-04-17T19:53:34+00:00\",\"dateModified\":\"2023-04-17T19:58:41+00:00\",\"description\":\"RYOBI Pack ONE+ tondeuse + coupe-bordures 18V sans fil RLM1833BLT1825M : tondeuse RLM18X33B40 et coupe-bordures OLT1825M OFFERT\",\"breadcrumb\":{\"@id\":\"https:\/\/eurosdiscounts.com\/index.php\/produit\/ryobi-pack-one-tondeuse-coupe-bordures-18v-sans-fil-rlm1833blt1825m-tondeuse-rlm18x33b40-et-coupe-bordures-olt1825m-offert\/#breadcrumb\"},\"inLanguage\":\"fr-FR\",\"potentialAction\":[{\"@type\":\"ReadAction\",\"target\":[\"https:\/\/eurosdiscounts.com\/index.php\/produit\/ryobi-pack-one-tondeuse-coupe-bordures-18v-sans-fil-rlm1833blt1825m-tondeuse-rlm18x33b40-et-coupe-bordures-olt1825m-offert\/\"]}]},{\"@type\":\"ImageObject\",\"inLanguage\":\"fr-FR\",\"@id\":\"https:\/\/eurosdiscounts.com\/index.php\/produit\/ryobi-pack-one-tondeuse-coupe-bordures-18v-sans-fil-rlm1833blt1825m-tondeuse-rlm18x33b40-et-coupe-bordures-olt1825m-offert\/#primaryimage\",\"url\":\"https:\/\/eurosdiscounts.com\/wp-content\/uploads\/2023\/04\/ryobi-pack-one-tondeuse-coupe-bordures-18v-sans.webp\",\"contentUrl\":\"https:\/\/eurosdiscounts.com\/wp-content\/uploads\/2023\/04\/ryobi-pack-one-tondeuse-coupe-bordures-18v-sans.webp\",\"width\":550,\"height\":550},{\"@type\":\"BreadcrumbList\",\"@id\":\"https:\/\/eurosdiscounts.com\/index.php\/produit\/ryobi-pack-one-tondeuse-coupe-bordures-18v-sans-fil-rlm1833blt1825m-tondeuse-rlm18x33b40-et-coupe-bordures-olt1825m-offert\/#breadcrumb\",\"itemListElement\":[{\"@type\":\"ListItem\",\"position\":1,\"name\":\"Accueil\",\"item\":\"https:\/\/eurosdiscounts.com\/\"},{\"@type\":\"ListItem\",\"position\":2,\"name\":\"Boutique\",\"item\":\"https:\/\/eurosdiscounts.com\/index.php\/boutique\/\"},{\"@type\":\"ListItem\",\"position\":3,\"name\":\"RYOBI Pack ONE+ tondeuse + coupe-bordures 18V sans fil RLM1833BLT1825M : tondeuse RLM18X33B40 et coupe-bordures OLT1825M OFFERT\"}]},{\"@type\":\"WebSite\",\"@id\":\"https:\/\/eurosdiscounts.com\/#website\",\"url\":\"https:\/\/eurosdiscounts.com\/\",\"name\":\"Eurosdiscounts.com- Achat sur Internet a prix discount, Canap\u00e9s pas cher, Smartphone pas cher, pc portable pas cher..\",\"description\":\"Eurosdiscounts.com- Achat sur Internet a prix discount, Canap\u00e9s pas cher, Smartphone pas cher, pc portable pas cher..\",\"potentialAction\":[{\"@type\":\"SearchAction\",\"target\":{\"@type\":\"EntryPoint\",\"urlTemplate\":\"https:\/\/eurosdiscounts.com\/?s={search_term_string}\"},\"query-input\":{\"@type\":\"PropertyValueSpecification\",\"valueRequired\":true,\"valueName\":\"search_term_string\"}}],\"inLanguage\":\"fr-FR\"}]}<\/script>\n<!-- \/ Yoast SEO plugin. -->","yoast_head_json":{"title":"RYOBI Pack ONE+ tondeuse + coupe-bordures 18V sans fil RLM1833BLT1825M : tondeuse RLM18X33B40 et coupe-bordures OLT1825M OFFERT - Eurosdiscounts.com- Achat sur Internet a prix discount, Canap\u00e9s pas cher, Smartphone pas cher, pc portable pas cher..","description":"RYOBI Pack ONE+ tondeuse + coupe-bordures 18V sans fil RLM1833BLT1825M : tondeuse RLM18X33B40 et coupe-bordures OLT1825M OFFERT","robots":{"index":"index","follow":"follow","max-snippet":"max-snippet:-1","max-image-preview":"max-image-preview:large","max-video-preview":"max-video-preview:-1"},"canonical":"https:\/\/eurosdiscounts.com\/index.php\/produit\/ryobi-pack-one-tondeuse-coupe-bordures-18v-sans-fil-rlm1833blt1825m-tondeuse-rlm18x33b40-et-coupe-bordures-olt1825m-offert\/","og_locale":"fr_FR","og_type":"article","og_title":"RYOBI Pack ONE+ tondeuse + coupe-bordures 18V sans fil RLM1833BLT1825M : tondeuse RLM18X33B40 et coupe-bordures OLT1825M OFFERT - Eurosdiscounts.com- Achat sur Internet a prix discount, Canap\u00e9s pas cher, Smartphone pas cher, pc portable pas cher..","og_description":"RYOBI Pack ONE+ tondeuse + coupe-bordures 18V sans fil RLM1833BLT1825M : tondeuse RLM18X33B40 et coupe-bordures OLT1825M OFFERT","og_url":"https:\/\/eurosdiscounts.com\/index.php\/produit\/ryobi-pack-one-tondeuse-coupe-bordures-18v-sans-fil-rlm1833blt1825m-tondeuse-rlm18x33b40-et-coupe-bordures-olt1825m-offert\/","og_site_name":"Eurosdiscounts.com- Achat sur Internet a prix discount, Canap\u00e9s pas cher, Smartphone pas cher, pc portable pas cher..","article_modified_time":"2023-04-17T19:58:41+00:00","og_image":[{"width":550,"height":550,"url":"https:\/\/eurosdiscounts.com\/wp-content\/uploads\/2023\/04\/ryobi-pack-one-tondeuse-coupe-bordures-18v-sans.webp","type":"image\/webp"}],"twitter_card":"summary_large_image","twitter_misc":{"Dur\u00e9e de lecture estim\u00e9e":"3 minutes"},"schema":{"@context":"https:\/\/schema.org","@graph":[{"@type":"WebPage","@id":"https:\/\/eurosdiscounts.com\/index.php\/produit\/ryobi-pack-one-tondeuse-coupe-bordures-18v-sans-fil-rlm1833blt1825m-tondeuse-rlm18x33b40-et-coupe-bordures-olt1825m-offert\/","url":"https:\/\/eurosdiscounts.com\/index.php\/produit\/ryobi-pack-one-tondeuse-coupe-bordures-18v-sans-fil-rlm1833blt1825m-tondeuse-rlm18x33b40-et-coupe-bordures-olt1825m-offert\/","name":"RYOBI Pack ONE+ tondeuse + coupe-bordures 18V sans fil RLM1833BLT1825M : tondeuse RLM18X33B40 et coupe-bordures OLT1825M OFFERT - Eurosdiscounts.com- Achat sur Internet a prix discount, Canap\u00e9s pas cher, Smartphone pas cher, pc portable pas cher..","isPartOf":{"@id":"https:\/\/eurosdiscounts.com\/#website"},"primaryImageOfPage":{"@id":"https:\/\/eurosdiscounts.com\/index.php\/produit\/ryobi-pack-one-tondeuse-coupe-bordures-18v-sans-fil-rlm1833blt1825m-tondeuse-rlm18x33b40-et-coupe-bordures-olt1825m-offert\/#primaryimage"},"image":{"@id":"https:\/\/eurosdiscounts.com\/index.php\/produit\/ryobi-pack-one-tondeuse-coupe-bordures-18v-sans-fil-rlm1833blt1825m-tondeuse-rlm18x33b40-et-coupe-bordures-olt1825m-offert\/#primaryimage"},"thumbnailUrl":"https:\/\/eurosdiscounts.com\/wp-content\/uploads\/2023\/04\/ryobi-pack-one-tondeuse-coupe-bordures-18v-sans.webp","datePublished":"2023-04-17T19:53:34+00:00","dateModified":"2023-04-17T19:58:41+00:00","description":"RYOBI Pack ONE+ tondeuse + coupe-bordures 18V sans fil RLM1833BLT1825M : tondeuse RLM18X33B40 et coupe-bordures OLT1825M OFFERT","breadcrumb":{"@id":"https:\/\/eurosdiscounts.com\/index.php\/produit\/ryobi-pack-one-tondeuse-coupe-bordures-18v-sans-fil-rlm1833blt1825m-tondeuse-rlm18x33b40-et-coupe-bordures-olt1825m-offert\/#breadcrumb"},"inLanguage":"fr-FR","potentialAction":[{"@type":"ReadAction","target":["https:\/\/eurosdiscounts.com\/index.php\/produit\/ryobi-pack-one-tondeuse-coupe-bordures-18v-sans-fil-rlm1833blt1825m-tondeuse-rlm18x33b40-et-coupe-bordures-olt1825m-offert\/"]}]},{"@type":"ImageObject","inLanguage":"fr-FR","@id":"https:\/\/eurosdiscounts.com\/index.php\/produit\/ryobi-pack-one-tondeuse-coupe-bordures-18v-sans-fil-rlm1833blt1825m-tondeuse-rlm18x33b40-et-coupe-bordures-olt1825m-offert\/#primaryimage","url":"https:\/\/eurosdiscounts.com\/wp-content\/uploads\/2023\/04\/ryobi-pack-one-tondeuse-coupe-bordures-18v-sans.webp","contentUrl":"https:\/\/eurosdiscounts.com\/wp-content\/uploads\/2023\/04\/ryobi-pack-one-tondeuse-coupe-bordures-18v-sans.webp","width":550,"height":550},{"@type":"BreadcrumbList","@id":"https:\/\/eurosdiscounts.com\/index.php\/produit\/ryobi-pack-one-tondeuse-coupe-bordures-18v-sans-fil-rlm1833blt1825m-tondeuse-rlm18x33b40-et-coupe-bordures-olt1825m-offert\/#breadcrumb","itemListElement":[{"@type":"ListItem","position":1,"name":"Accueil","item":"https:\/\/eurosdiscounts.com\/"},{"@type":"ListItem","position":2,"name":"Boutique","item":"https:\/\/eurosdiscounts.com\/index.php\/boutique\/"},{"@type":"ListItem","position":3,"name":"RYOBI Pack ONE+ tondeuse + coupe-bordures 18V sans fil RLM1833BLT1825M : tondeuse RLM18X33B40 et coupe-bordures OLT1825M OFFERT"}]},{"@type":"WebSite","@id":"https:\/\/eurosdiscounts.com\/#website","url":"https:\/\/eurosdiscounts.com\/","name":"Eurosdiscounts.com- Achat sur Internet a prix discount, Canap\u00e9s pas cher, Smartphone pas cher, pc portable pas cher..","description":"Eurosdiscounts.com- Achat sur Internet a prix discount, Canap\u00e9s pas cher, Smartphone pas cher, pc portable pas cher..","potentialAction":[{"@type":"SearchAction","target":{"@type":"EntryPoint","urlTemplate":"https:\/\/eurosdiscounts.com\/?s={search_term_string}"},"query-input":{"@type":"PropertyValueSpecification","valueRequired":true,"valueName":"search_term_string"}}],"inLanguage":"fr-FR"}]}},"_links":{"self":[{"href":"https:\/\/eurosdiscounts.com\/index.php\/wp-json\/wp\/v2\/product\/19739","targetHints":{"allow":["GET"]}}],"collection":[{"href":"https:\/\/eurosdiscounts.com\/index.php\/wp-json\/wp\/v2\/product"}],"about":[{"href":"https:\/\/eurosdiscounts.com\/index.php\/wp-json\/wp\/v2\/types\/product"}],"replies":[{"embeddable":true,"href":"https:\/\/eurosdiscounts.com\/index.php\/wp-json\/wp\/v2\/comments?post=19739"}],"wp:featuredmedia":[{"embeddable":true,"href":"https:\/\/eurosdiscounts.com\/index.php\/wp-json\/wp\/v2\/media\/19740"}],"wp:attachment":[{"href":"https:\/\/eurosdiscounts.com\/index.php\/wp-json\/wp\/v2\/media?parent=19739"}],"wp:term":[{"taxonomy":"product_cat","embeddable":true,"href":"https:\/\/eurosdiscounts.com\/index.php\/wp-json\/wp\/v2\/product_cat?post=19739"},{"taxonomy":"product_tag","embeddable":true,"href":"https:\/\/eurosdiscounts.com\/index.php\/wp-json\/wp\/v2\/product_tag?post=19739"}],"curies":[{"name":"wp","href":"https:\/\/api.w.org\/{rel}","templated":true}]}}