{"id":19735,"date":"2023-04-17T21:48:08","date_gmt":"2023-04-17T19:48:08","guid":{"rendered":"https:\/\/eurosdiscounts.com\/?post_type=product&#038;p=19735"},"modified":"2023-04-17T21:51:31","modified_gmt":"2023-04-17T19:51:31","slug":"tondeuse-thermique-autotractee-a-demarrage-electrique-ms173-51-e-51-cm-173cc-scheppach","status":"publish","type":"product","link":"https:\/\/eurosdiscounts.com\/index.php\/produit\/tondeuse-thermique-autotractee-a-demarrage-electrique-ms173-51-e-51-cm-173cc-scheppach\/","title":{"rendered":"Tondeuse thermique autotract\u00e9e \u00e0 d\u00e9marrage \u00e9lectrique MS173-51 E &#8211; 51 cm &#8211; 173cc &#8211; Scheppach"},"content":{"rendered":"<table class=\"table table--fpDescTb fpDescTb fpDescTbPub\" role=\"table\" aria-label=\"Semantic Elements\" aria-describedby=\"semantic_elements_table_desc\" aria-rowcount=\"81\">\n<tbody class=\"table__body\" role=\"rowgroup\">\n<tr class=\"table__row\" role=\"row\">\n<th class=\"table__head\" role=\"cell\" colspan=\"2\" scope=\"col\">Informations g\u00e9n\u00e9rales sur le produit<\/th>\n<\/tr>\n<tr class=\"table__row\" role=\"row\">\n<th class=\"table__cell\" role=\"cell\" scope=\"row\">Marque<\/th>\n<td class=\"table__cell\" role=\"cell\">SCHEPPACH<\/td>\n<\/tr>\n<tr class=\"table__row\" role=\"row\">\n<th class=\"table__cell\" role=\"cell\" scope=\"row\">Nom du produit<\/th>\n<td class=\"table__cell\" role=\"cell\">Tondeuse thermique autotract\u00e9e \u00e0 d\u00e9marrage \u00e9lectri<\/td>\n<\/tr>\n<tr class=\"table__row\" role=\"row\">\n<th class=\"table__cell\" role=\"cell\" scope=\"row\">Cat\u00e9gorie<\/th>\n<td class=\"table__cell\" role=\"cell\">TONDEUSE<\/td>\n<\/tr>\n<tr class=\"table__row\" role=\"row\">\n<th class=\"table__cell\" role=\"cell\" scope=\"row\">R\u00e9f\u00e9rence<\/th>\n<td class=\"table__cell\" role=\"cell\">5911247905<\/td>\n<\/tr>\n<tr class=\"table__row\" role=\"row\">\n<th class=\"table__head\" role=\"cell\" colspan=\"2\" scope=\"col\">G\u00e9n\u00e9ral<\/th>\n<\/tr>\n<tr class=\"table__row\" role=\"row\">\n<th class=\"table__cell\" role=\"cell\" scope=\"row\">Type de Produit<\/th>\n<td class=\"table__cell\" role=\"cell\">Tondeuse thermique<\/td>\n<\/tr>\n<tr class=\"table__row\" role=\"row\">\n<th class=\"table__cell\" role=\"cell\" scope=\"row\">Description du produit<\/th>\n<td class=\"table__cell\" role=\"cell\">Tondeuse thermique autotract\u00e9e avec d\u00e9marreur \u00e9lectrique MS173-51 E &#8211; 51 cm &#8211; Scheppach<\/td>\n<\/tr>\n<tr class=\"table__row\" role=\"row\">\n<th class=\"table__cell\" role=\"cell\" scope=\"row\">Gamme<\/th>\n<td class=\"table__cell\" role=\"cell\">Tondeuse thermique SCHEPPACH<\/td>\n<\/tr>\n<tr class=\"table__row\" role=\"row\">\n<th class=\"table__cell\" role=\"cell\" scope=\"row\">Mod\u00e8les<\/th>\n<td class=\"table__cell\" role=\"cell\">MS 173-51E<\/td>\n<\/tr>\n<tr class=\"table__row\" role=\"row\">\n<th class=\"table__cell\" role=\"cell\" scope=\"row\">Composition du lot<\/th>\n<td class=\"table__cell\" role=\"cell\">tondeuse \u00e0 gazon MS173-51E<\/td>\n<\/tr>\n<tr class=\"table__row\" role=\"row\">\n<th class=\"table__cell\" role=\"cell\" scope=\"row\">Type d&rsquo;outil<\/th>\n<td class=\"table__cell\" role=\"cell\">Motoris\u00e9<\/td>\n<\/tr>\n<tr class=\"table__row\" role=\"row\">\n<th class=\"table__cell\" role=\"cell\" scope=\"row\">Couleur(s)<\/th>\n<td class=\"table__cell\" role=\"cell\">Noir et rouge<\/td>\n<\/tr>\n<tr class=\"table__row\" role=\"row\">\n<th class=\"table__cell\" role=\"cell\" scope=\"row\">Fonction du produit<\/th>\n<td class=\"table__cell\" role=\"cell\">Tonte, ramassage, mulching<\/td>\n<\/tr>\n<tr class=\"table__row\" role=\"row\">\n<th class=\"table__cell\" role=\"cell\" scope=\"row\">Multifonction<\/th>\n<td class=\"table__cell\" role=\"cell\">Oui<\/td>\n<\/tr>\n<tr class=\"table__row\" role=\"row\">\n<th class=\"table__cell\" role=\"cell\" scope=\"row\">Plus produit<\/th>\n<td class=\"table__cell\" role=\"cell\">Hauteur de tonte ajustable \u00e0 7 positions (25 \u00e0 75 mm). Poign\u00e9e de transport. Raccord de lavage. Ejections lat\u00e9rales. D\u00e9marrage hybride.<\/td>\n<\/tr>\n<tr class=\"table__row\" role=\"row\">\n<th class=\"table__head\" role=\"cell\" colspan=\"2\" scope=\"col\">Dimensions et poids<\/th>\n<\/tr>\n<tr class=\"table__row\" role=\"row\">\n<th class=\"table__cell\" role=\"cell\" scope=\"row\">Dimensions<\/th>\n<td class=\"table__cell\" role=\"cell\">Dimensions L x l x h : 1640 x 560 x 1060\/1130 mm<\/td>\n<\/tr>\n<tr class=\"table__row\" role=\"row\">\n<th class=\"table__head\" role=\"cell\" colspan=\"2\" scope=\"col\">Caract\u00e9ristiques de la tondeuse<\/th>\n<\/tr>\n<tr class=\"table__row\" role=\"row\">\n<th class=\"table__cell\" role=\"cell\" scope=\"row\">Surface du jardin<\/th>\n<td class=\"table__cell\" role=\"cell\">jusqu\u2019\u00e0 1600 m\u00b2<\/td>\n<\/tr>\n<tr class=\"table__row\" role=\"row\">\n<th class=\"table__cell\" role=\"cell\" scope=\"row\">Type de propulsion<\/th>\n<td class=\"table__cell\" role=\"cell\">Autotract\u00e9e<\/td>\n<\/tr>\n<tr class=\"table__row\" role=\"row\">\n<th class=\"table__cell\" role=\"cell\" scope=\"row\">Mati\u00e8re du carter<\/th>\n<td class=\"table__cell\" role=\"cell\">Acier<\/td>\n<\/tr>\n<tr class=\"table__row\" role=\"row\">\n<th class=\"table__cell\" role=\"cell\" scope=\"row\">Type d&rsquo;\u00e9jection<\/th>\n<td class=\"table__cell\" role=\"cell\">\u00c9jection bac<br \/>\n\u00c9jection lat\u00e9rale<br \/>\n\u00c9jection Mulching<\/td>\n<\/tr>\n<tr class=\"table__row\" role=\"row\">\n<th class=\"table__cell\" role=\"cell\" scope=\"row\">Guidon<\/th>\n<td class=\"table__cell\" role=\"cell\">Guidon repliable pour faciliter le rangement et le transport<\/td>\n<\/tr>\n<tr class=\"table__row\" role=\"row\">\n<th class=\"table__cell\" role=\"cell\" scope=\"row\">Largeur de coupe<\/th>\n<td class=\"table__cell\" role=\"cell\">51 cm<\/td>\n<\/tr>\n<tr class=\"table__row\" role=\"row\">\n<th class=\"table__cell\" role=\"cell\" scope=\"row\">Hauteur de coupe maximum<\/th>\n<td class=\"table__cell\" role=\"cell\">75 mm<\/td>\n<\/tr>\n<tr class=\"table__row\" role=\"row\">\n<th class=\"table__head\" role=\"cell\" colspan=\"2\" scope=\"col\">Caract\u00e9ristiques de l&rsquo;outil de taille<\/th>\n<\/tr>\n<tr class=\"table__row\" role=\"row\">\n<th class=\"table__cell\" role=\"cell\" scope=\"row\">Guidon repliable<\/th>\n<td class=\"table__cell\" role=\"cell\">Oui<\/td>\n<\/tr>\n<tr class=\"table__row\" role=\"row\">\n<th class=\"table__head\" role=\"cell\" colspan=\"2\" scope=\"col\">Sp\u00e9cificit\u00e9s moteur<\/th>\n<\/tr>\n<tr class=\"table__row\" role=\"row\">\n<th class=\"table__cell\" role=\"cell\" scope=\"row\">Type de motorisation<\/th>\n<td class=\"table__cell\" role=\"cell\">Thermique<\/td>\n<\/tr>\n<tr class=\"table__row\" role=\"row\">\n<th class=\"table__cell\" role=\"cell\" scope=\"row\">Motorisation<\/th>\n<td class=\"table__cell\" role=\"cell\">4 temps<\/td>\n<\/tr>\n<tr class=\"table__row\" role=\"row\">\n<th class=\"table__cell\" role=\"cell\" scope=\"row\">Puissance du moteur en W<\/th>\n<td class=\"table__cell\" role=\"cell\">3000 W<\/td>\n<\/tr>\n<tr class=\"table__row\" role=\"row\">\n<th class=\"table__cell\" role=\"cell\" scope=\"row\">Puissance du moteur en CV<\/th>\n<td class=\"table__cell\" role=\"cell\">4 cv<\/td>\n<\/tr>\n<tr class=\"table__row\" role=\"row\">\n<th class=\"table__cell\" role=\"cell\" scope=\"row\">Cylindr\u00e9e<\/th>\n<td class=\"table__cell\" role=\"cell\">173 cm3<\/td>\n<\/tr>\n<tr class=\"table__row\" role=\"row\">\n<th class=\"table__cell\" role=\"cell\" scope=\"row\">D\u00e9marrage<\/th>\n<td class=\"table__cell\" role=\"cell\">Electrique<\/td>\n<\/tr>\n<tr class=\"table__row\" role=\"row\">\n<th class=\"table__head\" role=\"cell\" colspan=\"2\" scope=\"col\">D\u00e9tail de l&rsquo;\u00e9quipement<\/th>\n<\/tr>\n<tr class=\"table__row\" role=\"row\">\n<th class=\"table__cell\" role=\"cell\" scope=\"row\">Bac de ramassage<\/th>\n<td class=\"table__cell\" role=\"cell\">65 L<\/td>\n<\/tr>\n<tr class=\"table__row\" role=\"row\">\n<th class=\"table__cell\" role=\"cell\" scope=\"row\">Fonction mulching<\/th>\n<td class=\"table__cell\" role=\"cell\">Oui<\/td>\n<\/tr>\n<tr class=\"table__row\" role=\"row\">\n<th class=\"table__head\" role=\"cell\" colspan=\"2\" scope=\"col\">Dimensions colis<\/th>\n<\/tr>\n<tr class=\"table__row\" role=\"row\">\n<th class=\"table__cell\" role=\"cell\" scope=\"row\">Dimensions brutes &#8211; article emball\u00e9 (L x l x H)<\/th>\n<td class=\"table__cell\" role=\"cell\">845 x 585 x 480 mm<\/td>\n<\/tr>\n<tr class=\"table__row\" role=\"row\">\n<th class=\"table__cell\" role=\"cell\" scope=\"row\">Poids emball\u00e9<\/th>\n<td class=\"table__cell\" role=\"cell\">37,1kg<\/td>\n<\/tr>\n<tr class=\"table__row\" role=\"row\">\n<th class=\"table__head\" role=\"cell\" colspan=\"2\" scope=\"col\">Vos garanties incluses<\/th>\n<\/tr>\n<tr class=\"table__row\" role=\"row\">\n<th class=\"table__cell\" role=\"cell\" scope=\"row\">Garantie (\u00b2)<\/th>\n<td class=\"table__cell\" role=\"cell\">5 ans &#8211; pi\u00e8ces, main d\u2019\u0153uvre et frais de retour<\/td>\n<\/tr>\n<tr class=\"table__row\" role=\"row\">\n<th class=\"table__cell\" role=\"cell\" scope=\"row\">Garantie additionnelle<\/th>\n<td class=\"table__cell\" role=\"cell\">Garantie fournisseur : 5 ans &#8211; Pi\u00e8ces<\/td>\n<\/tr>\n<\/tbody>\n<\/table>\n","protected":false},"excerpt":{"rendered":"<p><span class=\"fpBlocTitle\">Les points forts :<\/span><\/p>\n<ul>\n<li>Composition du lot : tondeuse \u00e0 gazon MS173-51E<\/li>\n<li>Plus produit : Hauteur de tonte ajustable \u00e0 7 positions (25 \u00e0 75 mm). Poign\u00e9e de transport. Raccord de lavage. Ejections lat\u00e9rales. D\u00e9marrage hybride.<\/li>\n<li>Type de motorisation : Thermique<\/li>\n<li>Largeur de coupe : 51 cm<\/li>\n<\/ul>\n<p>La MS173-51E est une tondeuse \u00e0 essence\u00a0<strong>7 en 1<\/strong>\u00a0au puissant moteur essence \u00e0 4 temps.<br \/>\nElle permet :<br \/>\n\u2013 La tonte<br \/>\n\u2013 Le ramassage<br \/>\n\u2013 Le mulching<br \/>\n\u2013 Les \u00e9jections lat\u00e9rales<br \/>\n\u2013 Elle est autotract\u00e9e (ce qui permet une facilit\u00e9 de d\u00e9placement)<br \/>\n\u2013 D\u00e9marrage hybride<br \/>\n\u2013 Port de branchement pour un tuyau d\u2019eau permettant un nettoyage rapide de la zone de coupe (carter)<\/p>\n<p>Gr\u00e2ce au\u00a0<strong>d\u00e9marrage hybride<\/strong>\u00a0la tondeuse peut \u00eatre d\u00e9marr\u00e9e manuellement, comme \u00e9lectriquement. Elle est \u00e9quip\u00e9e d\u2019une batterie lithium, et aucun d\u00e9marrage par traction n\u2019est n\u00e9cessaire. Elle permet une largeur de coupe de\u00a0<strong>51cm<\/strong>.<\/p>\n","protected":false},"featured_media":19736,"comment_status":"open","ping_status":"closed","template":"","meta":[],"product_cat":[245],"product_tag":[],"class_list":{"0":"post-19735","1":"product","2":"type-product","3":"status-publish","4":"has-post-thumbnail","6":"product_brand-scheppach","7":"product_cat-tondeuse-a-gazon","9":"first","10":"instock","11":"sale","12":"shipping-taxable","13":"purchasable","14":"product-type-simple","15":"col-xs-6 col-sm-4","16":"col-md-3 col-lg-3","17":"un-4-cols"},"yoast_head":"<!-- This site is optimized with the Yoast SEO plugin v27.0 - https:\/\/yoast.com\/product\/yoast-seo-wordpress\/ -->\n<title>Tondeuse thermique autotract\u00e9e \u00e0 d\u00e9marrage \u00e9lectrique MS173-51 E - 51 cm - 173cc - Scheppach - Eurosdiscounts.com- Achat sur Internet a prix discount, Canap\u00e9s pas cher, Smartphone pas cher, pc portable pas cher..<\/title>\n<meta name=\"description\" content=\"Tondeuse thermique autotract\u00e9e \u00e0 d\u00e9marrage \u00e9lectrique MS173-51 E - 51 cm - 173cc - Scheppach\" \/>\n<meta name=\"robots\" content=\"index, follow, max-snippet:-1, max-image-preview:large, max-video-preview:-1\" \/>\n<link rel=\"canonical\" href=\"https:\/\/eurosdiscounts.com\/index.php\/produit\/tondeuse-thermique-autotractee-a-demarrage-electrique-ms173-51-e-51-cm-173cc-scheppach\/\" \/>\n<meta property=\"og:locale\" content=\"fr_FR\" \/>\n<meta property=\"og:type\" content=\"article\" \/>\n<meta property=\"og:title\" content=\"Tondeuse thermique autotract\u00e9e \u00e0 d\u00e9marrage \u00e9lectrique MS173-51 E - 51 cm - 173cc - Scheppach - Eurosdiscounts.com- Achat sur Internet a prix discount, Canap\u00e9s pas cher, Smartphone pas cher, pc portable pas cher..\" \/>\n<meta property=\"og:description\" content=\"Tondeuse thermique autotract\u00e9e \u00e0 d\u00e9marrage \u00e9lectrique MS173-51 E - 51 cm - 173cc - Scheppach\" \/>\n<meta property=\"og:url\" content=\"https:\/\/eurosdiscounts.com\/index.php\/produit\/tondeuse-thermique-autotractee-a-demarrage-electrique-ms173-51-e-51-cm-173cc-scheppach\/\" \/>\n<meta property=\"og:site_name\" content=\"Eurosdiscounts.com- Achat sur Internet a prix discount, Canap\u00e9s pas cher, Smartphone pas cher, pc portable pas cher..\" \/>\n<meta property=\"article:modified_time\" content=\"2023-04-17T19:51:31+00:00\" \/>\n<meta property=\"og:image\" content=\"https:\/\/eurosdiscounts.com\/wp-content\/uploads\/2023\/04\/tondeuse-thermique-autotractee-a-demarrage-electri.webp\" \/>\n\t<meta property=\"og:image:width\" content=\"550\" \/>\n\t<meta property=\"og:image:height\" content=\"550\" \/>\n\t<meta property=\"og:image:type\" content=\"image\/webp\" \/>\n<meta name=\"twitter:card\" content=\"summary_large_image\" \/>\n<meta name=\"twitter:label1\" content=\"Dur\u00e9e de lecture estim\u00e9e\" \/>\n\t<meta name=\"twitter:data1\" content=\"2 minutes\" \/>\n<script type=\"application\/ld+json\" class=\"yoast-schema-graph\">{\"@context\":\"https:\/\/schema.org\",\"@graph\":[{\"@type\":\"WebPage\",\"@id\":\"https:\/\/eurosdiscounts.com\/index.php\/produit\/tondeuse-thermique-autotractee-a-demarrage-electrique-ms173-51-e-51-cm-173cc-scheppach\/\",\"url\":\"https:\/\/eurosdiscounts.com\/index.php\/produit\/tondeuse-thermique-autotractee-a-demarrage-electrique-ms173-51-e-51-cm-173cc-scheppach\/\",\"name\":\"Tondeuse thermique autotract\u00e9e \u00e0 d\u00e9marrage \u00e9lectrique MS173-51 E - 51 cm - 173cc - Scheppach - Eurosdiscounts.com- Achat sur Internet a prix discount, Canap\u00e9s pas cher, Smartphone pas cher, pc portable pas cher..\",\"isPartOf\":{\"@id\":\"https:\/\/eurosdiscounts.com\/#website\"},\"primaryImageOfPage\":{\"@id\":\"https:\/\/eurosdiscounts.com\/index.php\/produit\/tondeuse-thermique-autotractee-a-demarrage-electrique-ms173-51-e-51-cm-173cc-scheppach\/#primaryimage\"},\"image\":{\"@id\":\"https:\/\/eurosdiscounts.com\/index.php\/produit\/tondeuse-thermique-autotractee-a-demarrage-electrique-ms173-51-e-51-cm-173cc-scheppach\/#primaryimage\"},\"thumbnailUrl\":\"https:\/\/eurosdiscounts.com\/wp-content\/uploads\/2023\/04\/tondeuse-thermique-autotractee-a-demarrage-electri.webp\",\"datePublished\":\"2023-04-17T19:48:08+00:00\",\"dateModified\":\"2023-04-17T19:51:31+00:00\",\"description\":\"Tondeuse thermique autotract\u00e9e \u00e0 d\u00e9marrage \u00e9lectrique MS173-51 E - 51 cm - 173cc - Scheppach\",\"breadcrumb\":{\"@id\":\"https:\/\/eurosdiscounts.com\/index.php\/produit\/tondeuse-thermique-autotractee-a-demarrage-electrique-ms173-51-e-51-cm-173cc-scheppach\/#breadcrumb\"},\"inLanguage\":\"fr-FR\",\"potentialAction\":[{\"@type\":\"ReadAction\",\"target\":[\"https:\/\/eurosdiscounts.com\/index.php\/produit\/tondeuse-thermique-autotractee-a-demarrage-electrique-ms173-51-e-51-cm-173cc-scheppach\/\"]}]},{\"@type\":\"ImageObject\",\"inLanguage\":\"fr-FR\",\"@id\":\"https:\/\/eurosdiscounts.com\/index.php\/produit\/tondeuse-thermique-autotractee-a-demarrage-electrique-ms173-51-e-51-cm-173cc-scheppach\/#primaryimage\",\"url\":\"https:\/\/eurosdiscounts.com\/wp-content\/uploads\/2023\/04\/tondeuse-thermique-autotractee-a-demarrage-electri.webp\",\"contentUrl\":\"https:\/\/eurosdiscounts.com\/wp-content\/uploads\/2023\/04\/tondeuse-thermique-autotractee-a-demarrage-electri.webp\",\"width\":550,\"height\":550},{\"@type\":\"BreadcrumbList\",\"@id\":\"https:\/\/eurosdiscounts.com\/index.php\/produit\/tondeuse-thermique-autotractee-a-demarrage-electrique-ms173-51-e-51-cm-173cc-scheppach\/#breadcrumb\",\"itemListElement\":[{\"@type\":\"ListItem\",\"position\":1,\"name\":\"Accueil\",\"item\":\"https:\/\/eurosdiscounts.com\/\"},{\"@type\":\"ListItem\",\"position\":2,\"name\":\"Boutique\",\"item\":\"https:\/\/eurosdiscounts.com\/index.php\/boutique\/\"},{\"@type\":\"ListItem\",\"position\":3,\"name\":\"Tondeuse thermique autotract\u00e9e \u00e0 d\u00e9marrage \u00e9lectrique MS173-51 E &#8211; 51 cm &#8211; 173cc &#8211; Scheppach\"}]},{\"@type\":\"WebSite\",\"@id\":\"https:\/\/eurosdiscounts.com\/#website\",\"url\":\"https:\/\/eurosdiscounts.com\/\",\"name\":\"Eurosdiscounts.com- Achat sur Internet a prix discount, Canap\u00e9s pas cher, Smartphone pas cher, pc portable pas cher..\",\"description\":\"Eurosdiscounts.com- Achat sur Internet a prix discount, Canap\u00e9s pas cher, Smartphone pas cher, pc portable pas cher..\",\"potentialAction\":[{\"@type\":\"SearchAction\",\"target\":{\"@type\":\"EntryPoint\",\"urlTemplate\":\"https:\/\/eurosdiscounts.com\/?s={search_term_string}\"},\"query-input\":{\"@type\":\"PropertyValueSpecification\",\"valueRequired\":true,\"valueName\":\"search_term_string\"}}],\"inLanguage\":\"fr-FR\"}]}<\/script>\n<!-- \/ Yoast SEO plugin. -->","yoast_head_json":{"title":"Tondeuse thermique autotract\u00e9e \u00e0 d\u00e9marrage \u00e9lectrique MS173-51 E - 51 cm - 173cc - Scheppach - Eurosdiscounts.com- Achat sur Internet a prix discount, Canap\u00e9s pas cher, Smartphone pas cher, pc portable pas cher..","description":"Tondeuse thermique autotract\u00e9e \u00e0 d\u00e9marrage \u00e9lectrique MS173-51 E - 51 cm - 173cc - Scheppach","robots":{"index":"index","follow":"follow","max-snippet":"max-snippet:-1","max-image-preview":"max-image-preview:large","max-video-preview":"max-video-preview:-1"},"canonical":"https:\/\/eurosdiscounts.com\/index.php\/produit\/tondeuse-thermique-autotractee-a-demarrage-electrique-ms173-51-e-51-cm-173cc-scheppach\/","og_locale":"fr_FR","og_type":"article","og_title":"Tondeuse thermique autotract\u00e9e \u00e0 d\u00e9marrage \u00e9lectrique MS173-51 E - 51 cm - 173cc - Scheppach - Eurosdiscounts.com- Achat sur Internet a prix discount, Canap\u00e9s pas cher, Smartphone pas cher, pc portable pas cher..","og_description":"Tondeuse thermique autotract\u00e9e \u00e0 d\u00e9marrage \u00e9lectrique MS173-51 E - 51 cm - 173cc - Scheppach","og_url":"https:\/\/eurosdiscounts.com\/index.php\/produit\/tondeuse-thermique-autotractee-a-demarrage-electrique-ms173-51-e-51-cm-173cc-scheppach\/","og_site_name":"Eurosdiscounts.com- Achat sur Internet a prix discount, Canap\u00e9s pas cher, Smartphone pas cher, pc portable pas cher..","article_modified_time":"2023-04-17T19:51:31+00:00","og_image":[{"width":550,"height":550,"url":"https:\/\/eurosdiscounts.com\/wp-content\/uploads\/2023\/04\/tondeuse-thermique-autotractee-a-demarrage-electri.webp","type":"image\/webp"}],"twitter_card":"summary_large_image","twitter_misc":{"Dur\u00e9e de lecture estim\u00e9e":"2 minutes"},"schema":{"@context":"https:\/\/schema.org","@graph":[{"@type":"WebPage","@id":"https:\/\/eurosdiscounts.com\/index.php\/produit\/tondeuse-thermique-autotractee-a-demarrage-electrique-ms173-51-e-51-cm-173cc-scheppach\/","url":"https:\/\/eurosdiscounts.com\/index.php\/produit\/tondeuse-thermique-autotractee-a-demarrage-electrique-ms173-51-e-51-cm-173cc-scheppach\/","name":"Tondeuse thermique autotract\u00e9e \u00e0 d\u00e9marrage \u00e9lectrique MS173-51 E - 51 cm - 173cc - Scheppach - Eurosdiscounts.com- Achat sur Internet a prix discount, Canap\u00e9s pas cher, Smartphone pas cher, pc portable pas cher..","isPartOf":{"@id":"https:\/\/eurosdiscounts.com\/#website"},"primaryImageOfPage":{"@id":"https:\/\/eurosdiscounts.com\/index.php\/produit\/tondeuse-thermique-autotractee-a-demarrage-electrique-ms173-51-e-51-cm-173cc-scheppach\/#primaryimage"},"image":{"@id":"https:\/\/eurosdiscounts.com\/index.php\/produit\/tondeuse-thermique-autotractee-a-demarrage-electrique-ms173-51-e-51-cm-173cc-scheppach\/#primaryimage"},"thumbnailUrl":"https:\/\/eurosdiscounts.com\/wp-content\/uploads\/2023\/04\/tondeuse-thermique-autotractee-a-demarrage-electri.webp","datePublished":"2023-04-17T19:48:08+00:00","dateModified":"2023-04-17T19:51:31+00:00","description":"Tondeuse thermique autotract\u00e9e \u00e0 d\u00e9marrage \u00e9lectrique MS173-51 E - 51 cm - 173cc - Scheppach","breadcrumb":{"@id":"https:\/\/eurosdiscounts.com\/index.php\/produit\/tondeuse-thermique-autotractee-a-demarrage-electrique-ms173-51-e-51-cm-173cc-scheppach\/#breadcrumb"},"inLanguage":"fr-FR","potentialAction":[{"@type":"ReadAction","target":["https:\/\/eurosdiscounts.com\/index.php\/produit\/tondeuse-thermique-autotractee-a-demarrage-electrique-ms173-51-e-51-cm-173cc-scheppach\/"]}]},{"@type":"ImageObject","inLanguage":"fr-FR","@id":"https:\/\/eurosdiscounts.com\/index.php\/produit\/tondeuse-thermique-autotractee-a-demarrage-electrique-ms173-51-e-51-cm-173cc-scheppach\/#primaryimage","url":"https:\/\/eurosdiscounts.com\/wp-content\/uploads\/2023\/04\/tondeuse-thermique-autotractee-a-demarrage-electri.webp","contentUrl":"https:\/\/eurosdiscounts.com\/wp-content\/uploads\/2023\/04\/tondeuse-thermique-autotractee-a-demarrage-electri.webp","width":550,"height":550},{"@type":"BreadcrumbList","@id":"https:\/\/eurosdiscounts.com\/index.php\/produit\/tondeuse-thermique-autotractee-a-demarrage-electrique-ms173-51-e-51-cm-173cc-scheppach\/#breadcrumb","itemListElement":[{"@type":"ListItem","position":1,"name":"Accueil","item":"https:\/\/eurosdiscounts.com\/"},{"@type":"ListItem","position":2,"name":"Boutique","item":"https:\/\/eurosdiscounts.com\/index.php\/boutique\/"},{"@type":"ListItem","position":3,"name":"Tondeuse thermique autotract\u00e9e \u00e0 d\u00e9marrage \u00e9lectrique MS173-51 E &#8211; 51 cm &#8211; 173cc &#8211; Scheppach"}]},{"@type":"WebSite","@id":"https:\/\/eurosdiscounts.com\/#website","url":"https:\/\/eurosdiscounts.com\/","name":"Eurosdiscounts.com- Achat sur Internet a prix discount, Canap\u00e9s pas cher, Smartphone pas cher, pc portable pas cher..","description":"Eurosdiscounts.com- Achat sur Internet a prix discount, Canap\u00e9s pas cher, Smartphone pas cher, pc portable pas cher..","potentialAction":[{"@type":"SearchAction","target":{"@type":"EntryPoint","urlTemplate":"https:\/\/eurosdiscounts.com\/?s={search_term_string}"},"query-input":{"@type":"PropertyValueSpecification","valueRequired":true,"valueName":"search_term_string"}}],"inLanguage":"fr-FR"}]}},"_links":{"self":[{"href":"https:\/\/eurosdiscounts.com\/index.php\/wp-json\/wp\/v2\/product\/19735","targetHints":{"allow":["GET"]}}],"collection":[{"href":"https:\/\/eurosdiscounts.com\/index.php\/wp-json\/wp\/v2\/product"}],"about":[{"href":"https:\/\/eurosdiscounts.com\/index.php\/wp-json\/wp\/v2\/types\/product"}],"replies":[{"embeddable":true,"href":"https:\/\/eurosdiscounts.com\/index.php\/wp-json\/wp\/v2\/comments?post=19735"}],"wp:featuredmedia":[{"embeddable":true,"href":"https:\/\/eurosdiscounts.com\/index.php\/wp-json\/wp\/v2\/media\/19736"}],"wp:attachment":[{"href":"https:\/\/eurosdiscounts.com\/index.php\/wp-json\/wp\/v2\/media?parent=19735"}],"wp:term":[{"taxonomy":"product_cat","embeddable":true,"href":"https:\/\/eurosdiscounts.com\/index.php\/wp-json\/wp\/v2\/product_cat?post=19735"},{"taxonomy":"product_tag","embeddable":true,"href":"https:\/\/eurosdiscounts.com\/index.php\/wp-json\/wp\/v2\/product_tag?post=19735"}],"curies":[{"name":"wp","href":"https:\/\/api.w.org\/{rel}","templated":true}]}}