{"id":19707,"date":"2023-04-17T20:10:13","date_gmt":"2023-04-17T18:10:13","guid":{"rendered":"https:\/\/eurosdiscounts.com\/?post_type=product&#038;p=19707"},"modified":"2023-04-17T20:13:42","modified_gmt":"2023-04-17T18:13:42","slug":"scheppach-multi-outil-de-jardin-a-essence-4-en-1-mfh3300-4p","status":"publish","type":"product","link":"https:\/\/eurosdiscounts.com\/index.php\/produit\/scheppach-multi-outil-de-jardin-a-essence-4-en-1-mfh3300-4p\/","title":{"rendered":"Scheppach Multi-outil de jardin \u00e0 essence 4 en 1 MFH3300-4P"},"content":{"rendered":"<table class=\"table table--fpDescTb fpDescTb fpDescTbPub\" role=\"table\" aria-label=\"Semantic Elements\" aria-describedby=\"semantic_elements_table_desc\" aria-rowcount=\"81\">\n<caption class=\"u-visually-hidden\">Tableau de caract\u00e9ristiques du produit<\/caption>\n<thead class=\"table__header u-visually-hidden\" role=\"rowgroup\">\n<tr class=\"table__row\" role=\"row\">\n<th class=\"table__cell\" role=\"columnheader\" scope=\"col\" aria-sort=\"none\" aria-rowindex=\"1\">Caract\u00e9ristique<\/th>\n<th class=\"table__cell\" role=\"columnheader\" scope=\"col\" aria-sort=\"none\" aria-rowindex=\"1\">Description<\/th>\n<\/tr>\n<\/thead>\n<tbody class=\"table__body\" role=\"rowgroup\">\n<tr class=\"table__row\" role=\"row\">\n<th class=\"table__head\" role=\"cell\" colspan=\"2\" scope=\"col\">Informations g\u00e9n\u00e9rales sur le produit<\/th>\n<\/tr>\n<tr class=\"table__row\" role=\"row\">\n<th class=\"table__cell\" role=\"cell\" scope=\"row\">Marque<\/th>\n<td class=\"table__cell\" role=\"cell\">Scheppach<\/td>\n<\/tr>\n<tr class=\"table__row\" role=\"row\">\n<th class=\"table__cell\" role=\"cell\" scope=\"row\">Nom du produit<\/th>\n<td class=\"table__cell\" role=\"cell\">Scheppach Multi-outil de jardin \u00e0 essence 4 en 1 M<\/td>\n<\/tr>\n<tr class=\"table__row\" role=\"row\">\n<th class=\"table__cell\" role=\"cell\" scope=\"row\">Cat\u00e9gorie<\/th>\n<td class=\"table__cell\" role=\"cell\">D\u00c9BROUSSAILLEUSE<\/td>\n<\/tr>\n<tr class=\"table__row\" role=\"row\">\n<th class=\"table__cell\" role=\"cell\" scope=\"row\">R\u00e9f\u00e9rence<\/th>\n<td class=\"table__cell\" role=\"cell\">5904802907<\/td>\n<\/tr>\n<tr class=\"table__row\" role=\"row\">\n<th class=\"table__head\" role=\"cell\" colspan=\"2\" scope=\"col\">G\u00e9n\u00e9ral<\/th>\n<\/tr>\n<tr class=\"table__row\" role=\"row\">\n<th class=\"table__cell\" role=\"cell\" scope=\"row\">Type de Produit<\/th>\n<td class=\"table__cell\" role=\"cell\">D\u00e9broussailleuse<\/td>\n<\/tr>\n<tr class=\"table__row\" role=\"row\">\n<th class=\"table__cell\" role=\"cell\" scope=\"row\">Description du produit<\/th>\n<td class=\"table__cell\" role=\"cell\">Outil 4 en 1 : Elagueuse, coupe-bordure, taille-haie et d\u00e9broussailleuse<\/td>\n<\/tr>\n<tr class=\"table__row\" role=\"row\">\n<th class=\"table__cell\" role=\"cell\" scope=\"row\">Mod\u00e8les<\/th>\n<td class=\"table__cell\" role=\"cell\">MFH3300-4P<\/td>\n<\/tr>\n<tr class=\"table__row\" role=\"row\">\n<th class=\"table__cell\" role=\"cell\" scope=\"row\">Type d&rsquo;outil<\/th>\n<td class=\"table__cell\" role=\"cell\">Motoris\u00e9<\/td>\n<\/tr>\n<tr class=\"table__row\" role=\"row\">\n<th class=\"table__cell\" role=\"cell\" scope=\"row\">Fonction du produit<\/th>\n<td class=\"table__cell\" role=\"cell\">Entretenir son jardin<\/td>\n<\/tr>\n<tr class=\"table__row\" role=\"row\">\n<th class=\"table__cell\" role=\"cell\" scope=\"row\">Multifonction<\/th>\n<td class=\"table__cell\" role=\"cell\">Oui<\/td>\n<\/tr>\n<tr class=\"table__row\" role=\"row\">\n<th class=\"table__cell\" role=\"cell\" scope=\"row\">Plus produit<\/th>\n<td class=\"table__cell\" role=\"cell\">L\u2019outil multi-fonctions 4 en 1 de scheppach peut \u00eatre transform\u00e9 tr\u00e8s rapidement, en un tournemain le coupe-bordures devient une d\u00e9broussailleuse, le taille-haie devient une \u00e9lagueuse sur perche.<\/td>\n<\/tr>\n<tr class=\"table__row\" role=\"row\">\n<th class=\"table__head\" role=\"cell\" colspan=\"2\" scope=\"col\">Dimensions et poids<\/th>\n<\/tr>\n<tr class=\"table__row\" role=\"row\">\n<th class=\"table__cell\" role=\"cell\" scope=\"row\">Dimensions<\/th>\n<td class=\"table__cell\" role=\"cell\">2085 x 420 x 250 mm<\/td>\n<\/tr>\n<tr class=\"table__row\" role=\"row\">\n<th class=\"table__cell\" role=\"cell\" scope=\"row\">Poids<\/th>\n<td class=\"table__cell\" role=\"cell\">11,7 kg<\/td>\n<\/tr>\n<tr class=\"table__row\" role=\"row\">\n<th class=\"table__head\" role=\"cell\" colspan=\"2\" scope=\"col\">Caract\u00e9ristiques de l&rsquo;outil de taille<\/th>\n<\/tr>\n<tr class=\"table__row\" role=\"row\">\n<th class=\"table__cell\" role=\"cell\" scope=\"row\">Longueur de l&rsquo;outil de coupe<\/th>\n<td class=\"table__cell\" role=\"cell\">40 cm<\/td>\n<\/tr>\n<tr class=\"table__row\" role=\"row\">\n<th class=\"table__head\" role=\"cell\" colspan=\"2\" scope=\"col\">Sp\u00e9cificit\u00e9s moteur<\/th>\n<\/tr>\n<tr class=\"table__row\" role=\"row\">\n<th class=\"table__cell\" role=\"cell\" scope=\"row\">Type de motorisation<\/th>\n<td class=\"table__cell\" role=\"cell\">Thermique<\/td>\n<\/tr>\n<tr class=\"table__row\" role=\"row\">\n<th class=\"table__cell\" role=\"cell\" scope=\"row\">Motorisation<\/th>\n<td class=\"table__cell\" role=\"cell\">2 temps<\/td>\n<\/tr>\n<tr class=\"table__row\" role=\"row\">\n<th class=\"table__cell\" role=\"cell\" scope=\"row\">Caract\u00e9ristiques du moteur<\/th>\n<td class=\"table__cell\" role=\"cell\">1,22 CV<\/td>\n<\/tr>\n<tr class=\"table__row\" role=\"row\">\n<th class=\"table__cell\" role=\"cell\" scope=\"row\">Puissance du moteur en W<\/th>\n<td class=\"table__cell\" role=\"cell\">900 W<\/td>\n<\/tr>\n<tr class=\"table__row\" role=\"row\">\n<th class=\"table__cell\" role=\"cell\" scope=\"row\">Cylindr\u00e9e<\/th>\n<td class=\"table__cell\" role=\"cell\">33 cm3<\/td>\n<\/tr>\n<tr class=\"table__row\" role=\"row\">\n<th class=\"table__head\" role=\"cell\" colspan=\"2\" scope=\"col\">Informations de performance<\/th>\n<\/tr>\n<tr class=\"table__row\" role=\"row\">\n<th class=\"table__cell\" role=\"cell\" scope=\"row\">Longueur de coupe<\/th>\n<td class=\"table__cell\" role=\"cell\">40 cm<\/td>\n<\/tr>\n<tr class=\"table__row\" role=\"row\">\n<th class=\"table__cell\" role=\"cell\" scope=\"row\">Diam\u00e8tre de coupe max<\/th>\n<td class=\"table__cell\" role=\"cell\">255 mm<\/td>\n<\/tr>\n<tr class=\"table__row\" role=\"row\">\n<th class=\"table__head\" role=\"cell\" colspan=\"2\" scope=\"col\">D\u00e9tail de l&rsquo;\u00e9quipement<\/th>\n<\/tr>\n<tr class=\"table__row\" role=\"row\">\n<th class=\"table__cell\" role=\"cell\" scope=\"row\">Equipements suppl\u00e9mentaires<\/th>\n<td class=\"table__cell\" role=\"cell\">Harnais et protection de hanche fournis, ils \u00e9vitent la fatigue pendant l\u2019utilisation<\/td>\n<\/tr>\n<tr class=\"table__row\" role=\"row\">\n<th class=\"table__cell\" role=\"cell\" scope=\"row\">Type de harnais<\/th>\n<td class=\"table__cell\" role=\"cell\">Confort<\/td>\n<\/tr>\n<tr class=\"table__row\" role=\"row\">\n<th class=\"table__cell\" role=\"cell\" scope=\"row\">Maniement<\/th>\n<td class=\"table__cell\" role=\"cell\">A harnais<\/td>\n<\/tr>\n<tr class=\"table__row\" role=\"row\">\n<th class=\"table__head\" role=\"cell\" colspan=\"2\" scope=\"col\">Divers<\/th>\n<\/tr>\n<tr class=\"table__row\" role=\"row\">\n<th class=\"table__cell\" role=\"cell\" scope=\"row\">Vendu \u00e0 l&rsquo;unit\u00e9 ou en pack<\/th>\n<td class=\"table__cell\" role=\"cell\">L\u2019outil multi-fonctions 4 en 1 : coupe-bordures, d\u00e9broussailleuse, taille-haie et \u00e9lagueuse sur perche<\/td>\n<\/tr>\n<tr class=\"table__row\" role=\"row\">\n<th class=\"table__cell\" role=\"cell\" scope=\"row\">Pays d&rsquo;origine<\/th>\n<td class=\"table__cell\" role=\"cell\">Chine<\/td>\n<\/tr>\n<tr class=\"table__row\" role=\"row\">\n<th class=\"table__head\" role=\"cell\" colspan=\"2\" scope=\"col\">Dimensions colis<\/th>\n<\/tr>\n<tr class=\"table__row\" role=\"row\">\n<th class=\"table__cell\" role=\"cell\" scope=\"row\">Dimensions brutes &#8211; article emball\u00e9 (L x l x H)<\/th>\n<td class=\"table__cell\" role=\"cell\">1130 x 280 x 310 \/ 100 mm<\/td>\n<\/tr>\n<tr class=\"table__row\" role=\"row\">\n<th class=\"table__cell\" role=\"cell\" scope=\"row\">Poids emball\u00e9<\/th>\n<td class=\"table__cell\" role=\"cell\">14,25 kg<\/td>\n<\/tr>\n<tr class=\"table__row\" role=\"row\">\n<th class=\"table__head\" role=\"cell\" colspan=\"2\" scope=\"col\">Vos garanties incluses<\/th>\n<\/tr>\n<tr class=\"table__row\" role=\"row\">\n<th class=\"table__cell\" role=\"cell\" scope=\"row\">Garantie (\u00b2)<\/th>\n<td class=\"table__cell\" role=\"cell\">5 ans &#8211; pi\u00e8ces, main d\u2019\u0153uvre et frais de retour<\/td>\n<\/tr>\n<tr class=\"table__row\" role=\"row\">\n<th class=\"table__cell\" role=\"cell\" scope=\"row\">Garantie additionnelle<\/th>\n<td class=\"table__cell\" role=\"cell\">Garantie fournisseur : 5 ans &#8211; Pi\u00e8ces<\/td>\n<\/tr>\n<tr class=\"table__row\" role=\"row\">\n<th class=\"table__cell\" role=\"cell\" scope=\"row\">Observations<\/th>\n<td class=\"table__cell\" role=\"cell\">Dans le cas o\u00f9 une garantie commerciale est propos\u00e9e par le vendeur, celle-ci ne fait pas obstacle \u00e0<br \/>\nl\u2019application de la garantie l\u00e9gale de conformit\u00e9 et\/ou \u00e0 la garantie des vices cach\u00e9s. Voir<br \/>\nconditions de cette garantie commerciale dans les CGV du vendeur et\/ou dans les CGU Marketplace<\/td>\n<\/tr>\n<tr class=\"table__row\" role=\"row\">\n<th class=\"table__head\" role=\"cell\" colspan=\"2\" scope=\"col\">Notes<\/th>\n<\/tr>\n<tr class=\"table__row\" role=\"row\">\n<th class=\"table__cell\" role=\"cell\" scope=\"row\">Notes<\/th>\n<td class=\"table__cell\" role=\"cell\">En enregistrant votre produit sur le site internet de SCHEPPACH, vous b\u00e9n\u00e9ficiez de 5 ans de garantie additionnelle dans un d\u00e9lai de 30 jours \u00e0 compter de sa date d\u2019achat.<\/td>\n<\/tr>\n<\/tbody>\n<\/table>\n","protected":false},"excerpt":{"rendered":"<p>Cet outil multifonctions de jardin \u00e0 essence 4-en-1 MFH3300-4P de la marque Scheppach combine un coupe-bordures, une d\u00e9broussailleuse, un taille-haie et une tron\u00e7onneuse en un pour r\u00e9pondre \u00e0 tous vos besoins de jardinage.<\/p>\n","protected":false},"featured_media":19708,"comment_status":"open","ping_status":"closed","template":"","meta":[],"product_cat":[222],"product_tag":[],"class_list":{"0":"post-19707","1":"product","2":"type-product","3":"status-publish","4":"has-post-thumbnail","6":"product_brand-scheppach","7":"product_cat-debrousailleuse","9":"first","10":"instock","11":"shipping-taxable","12":"purchasable","13":"product-type-simple","14":"col-xs-6 col-sm-4","15":"col-md-3 col-lg-3","16":"un-4-cols"},"yoast_head":"<!-- This site is optimized with the Yoast SEO plugin v27.0 - https:\/\/yoast.com\/product\/yoast-seo-wordpress\/ -->\n<title>Scheppach Multi-outil de jardin \u00e0 essence 4 en 1 MFH3300-4P - Eurosdiscounts.com- Achat sur Internet a prix discount, Canap\u00e9s pas cher, Smartphone pas cher, pc portable pas cher..<\/title>\n<meta name=\"description\" content=\"Scheppach Multi-outil de jardin \u00e0 essence 4 en 1 MFH3300-4P\" \/>\n<meta name=\"robots\" content=\"index, follow, max-snippet:-1, max-image-preview:large, max-video-preview:-1\" \/>\n<link rel=\"canonical\" href=\"https:\/\/eurosdiscounts.com\/index.php\/produit\/scheppach-multi-outil-de-jardin-a-essence-4-en-1-mfh3300-4p\/\" \/>\n<meta property=\"og:locale\" content=\"fr_FR\" \/>\n<meta property=\"og:type\" content=\"article\" \/>\n<meta property=\"og:title\" content=\"Scheppach Multi-outil de jardin \u00e0 essence 4 en 1 MFH3300-4P - Eurosdiscounts.com- Achat sur Internet a prix discount, Canap\u00e9s pas cher, Smartphone pas cher, pc portable pas cher..\" \/>\n<meta property=\"og:description\" content=\"Scheppach Multi-outil de jardin \u00e0 essence 4 en 1 MFH3300-4P\" \/>\n<meta property=\"og:url\" content=\"https:\/\/eurosdiscounts.com\/index.php\/produit\/scheppach-multi-outil-de-jardin-a-essence-4-en-1-mfh3300-4p\/\" \/>\n<meta property=\"og:site_name\" content=\"Eurosdiscounts.com- Achat sur Internet a prix discount, Canap\u00e9s pas cher, Smartphone pas cher, pc portable pas cher..\" \/>\n<meta property=\"article:modified_time\" content=\"2023-04-17T18:13:42+00:00\" \/>\n<meta property=\"og:image\" content=\"https:\/\/eurosdiscounts.com\/wp-content\/uploads\/2023\/04\/scheppach-multi-outil-de-jardin-a-essence-4-en-1-m.webp\" \/>\n\t<meta property=\"og:image:width\" content=\"1200\" \/>\n\t<meta property=\"og:image:height\" content=\"1200\" \/>\n\t<meta property=\"og:image:type\" content=\"image\/webp\" \/>\n<meta name=\"twitter:card\" content=\"summary_large_image\" \/>\n<meta name=\"twitter:label1\" content=\"Dur\u00e9e de lecture estim\u00e9e\" \/>\n\t<meta name=\"twitter:data1\" content=\"2 minutes\" \/>\n<script type=\"application\/ld+json\" class=\"yoast-schema-graph\">{\"@context\":\"https:\/\/schema.org\",\"@graph\":[{\"@type\":\"WebPage\",\"@id\":\"https:\/\/eurosdiscounts.com\/index.php\/produit\/scheppach-multi-outil-de-jardin-a-essence-4-en-1-mfh3300-4p\/\",\"url\":\"https:\/\/eurosdiscounts.com\/index.php\/produit\/scheppach-multi-outil-de-jardin-a-essence-4-en-1-mfh3300-4p\/\",\"name\":\"Scheppach Multi-outil de jardin \u00e0 essence 4 en 1 MFH3300-4P - Eurosdiscounts.com- Achat sur Internet a prix discount, Canap\u00e9s pas cher, Smartphone pas cher, pc portable pas cher..\",\"isPartOf\":{\"@id\":\"https:\/\/eurosdiscounts.com\/#website\"},\"primaryImageOfPage\":{\"@id\":\"https:\/\/eurosdiscounts.com\/index.php\/produit\/scheppach-multi-outil-de-jardin-a-essence-4-en-1-mfh3300-4p\/#primaryimage\"},\"image\":{\"@id\":\"https:\/\/eurosdiscounts.com\/index.php\/produit\/scheppach-multi-outil-de-jardin-a-essence-4-en-1-mfh3300-4p\/#primaryimage\"},\"thumbnailUrl\":\"https:\/\/eurosdiscounts.com\/wp-content\/uploads\/2023\/04\/scheppach-multi-outil-de-jardin-a-essence-4-en-1-m.webp\",\"datePublished\":\"2023-04-17T18:10:13+00:00\",\"dateModified\":\"2023-04-17T18:13:42+00:00\",\"description\":\"Scheppach Multi-outil de jardin \u00e0 essence 4 en 1 MFH3300-4P\",\"breadcrumb\":{\"@id\":\"https:\/\/eurosdiscounts.com\/index.php\/produit\/scheppach-multi-outil-de-jardin-a-essence-4-en-1-mfh3300-4p\/#breadcrumb\"},\"inLanguage\":\"fr-FR\",\"potentialAction\":[{\"@type\":\"ReadAction\",\"target\":[\"https:\/\/eurosdiscounts.com\/index.php\/produit\/scheppach-multi-outil-de-jardin-a-essence-4-en-1-mfh3300-4p\/\"]}]},{\"@type\":\"ImageObject\",\"inLanguage\":\"fr-FR\",\"@id\":\"https:\/\/eurosdiscounts.com\/index.php\/produit\/scheppach-multi-outil-de-jardin-a-essence-4-en-1-mfh3300-4p\/#primaryimage\",\"url\":\"https:\/\/eurosdiscounts.com\/wp-content\/uploads\/2023\/04\/scheppach-multi-outil-de-jardin-a-essence-4-en-1-m.webp\",\"contentUrl\":\"https:\/\/eurosdiscounts.com\/wp-content\/uploads\/2023\/04\/scheppach-multi-outil-de-jardin-a-essence-4-en-1-m.webp\",\"width\":1200,\"height\":1200},{\"@type\":\"BreadcrumbList\",\"@id\":\"https:\/\/eurosdiscounts.com\/index.php\/produit\/scheppach-multi-outil-de-jardin-a-essence-4-en-1-mfh3300-4p\/#breadcrumb\",\"itemListElement\":[{\"@type\":\"ListItem\",\"position\":1,\"name\":\"Accueil\",\"item\":\"https:\/\/eurosdiscounts.com\/\"},{\"@type\":\"ListItem\",\"position\":2,\"name\":\"Boutique\",\"item\":\"https:\/\/eurosdiscounts.com\/index.php\/boutique\/\"},{\"@type\":\"ListItem\",\"position\":3,\"name\":\"Scheppach Multi-outil de jardin \u00e0 essence 4 en 1 MFH3300-4P\"}]},{\"@type\":\"WebSite\",\"@id\":\"https:\/\/eurosdiscounts.com\/#website\",\"url\":\"https:\/\/eurosdiscounts.com\/\",\"name\":\"Eurosdiscounts.com- Achat sur Internet a prix discount, Canap\u00e9s pas cher, Smartphone pas cher, pc portable pas cher..\",\"description\":\"Eurosdiscounts.com- Achat sur Internet a prix discount, Canap\u00e9s pas cher, Smartphone pas cher, pc portable pas cher..\",\"potentialAction\":[{\"@type\":\"SearchAction\",\"target\":{\"@type\":\"EntryPoint\",\"urlTemplate\":\"https:\/\/eurosdiscounts.com\/?s={search_term_string}\"},\"query-input\":{\"@type\":\"PropertyValueSpecification\",\"valueRequired\":true,\"valueName\":\"search_term_string\"}}],\"inLanguage\":\"fr-FR\"}]}<\/script>\n<!-- \/ Yoast SEO plugin. -->","yoast_head_json":{"title":"Scheppach Multi-outil de jardin \u00e0 essence 4 en 1 MFH3300-4P - Eurosdiscounts.com- Achat sur Internet a prix discount, Canap\u00e9s pas cher, Smartphone pas cher, pc portable pas cher..","description":"Scheppach Multi-outil de jardin \u00e0 essence 4 en 1 MFH3300-4P","robots":{"index":"index","follow":"follow","max-snippet":"max-snippet:-1","max-image-preview":"max-image-preview:large","max-video-preview":"max-video-preview:-1"},"canonical":"https:\/\/eurosdiscounts.com\/index.php\/produit\/scheppach-multi-outil-de-jardin-a-essence-4-en-1-mfh3300-4p\/","og_locale":"fr_FR","og_type":"article","og_title":"Scheppach Multi-outil de jardin \u00e0 essence 4 en 1 MFH3300-4P - Eurosdiscounts.com- Achat sur Internet a prix discount, Canap\u00e9s pas cher, Smartphone pas cher, pc portable pas cher..","og_description":"Scheppach Multi-outil de jardin \u00e0 essence 4 en 1 MFH3300-4P","og_url":"https:\/\/eurosdiscounts.com\/index.php\/produit\/scheppach-multi-outil-de-jardin-a-essence-4-en-1-mfh3300-4p\/","og_site_name":"Eurosdiscounts.com- Achat sur Internet a prix discount, Canap\u00e9s pas cher, Smartphone pas cher, pc portable pas cher..","article_modified_time":"2023-04-17T18:13:42+00:00","og_image":[{"width":1200,"height":1200,"url":"https:\/\/eurosdiscounts.com\/wp-content\/uploads\/2023\/04\/scheppach-multi-outil-de-jardin-a-essence-4-en-1-m.webp","type":"image\/webp"}],"twitter_card":"summary_large_image","twitter_misc":{"Dur\u00e9e de lecture estim\u00e9e":"2 minutes"},"schema":{"@context":"https:\/\/schema.org","@graph":[{"@type":"WebPage","@id":"https:\/\/eurosdiscounts.com\/index.php\/produit\/scheppach-multi-outil-de-jardin-a-essence-4-en-1-mfh3300-4p\/","url":"https:\/\/eurosdiscounts.com\/index.php\/produit\/scheppach-multi-outil-de-jardin-a-essence-4-en-1-mfh3300-4p\/","name":"Scheppach Multi-outil de jardin \u00e0 essence 4 en 1 MFH3300-4P - Eurosdiscounts.com- Achat sur Internet a prix discount, Canap\u00e9s pas cher, Smartphone pas cher, pc portable pas cher..","isPartOf":{"@id":"https:\/\/eurosdiscounts.com\/#website"},"primaryImageOfPage":{"@id":"https:\/\/eurosdiscounts.com\/index.php\/produit\/scheppach-multi-outil-de-jardin-a-essence-4-en-1-mfh3300-4p\/#primaryimage"},"image":{"@id":"https:\/\/eurosdiscounts.com\/index.php\/produit\/scheppach-multi-outil-de-jardin-a-essence-4-en-1-mfh3300-4p\/#primaryimage"},"thumbnailUrl":"https:\/\/eurosdiscounts.com\/wp-content\/uploads\/2023\/04\/scheppach-multi-outil-de-jardin-a-essence-4-en-1-m.webp","datePublished":"2023-04-17T18:10:13+00:00","dateModified":"2023-04-17T18:13:42+00:00","description":"Scheppach Multi-outil de jardin \u00e0 essence 4 en 1 MFH3300-4P","breadcrumb":{"@id":"https:\/\/eurosdiscounts.com\/index.php\/produit\/scheppach-multi-outil-de-jardin-a-essence-4-en-1-mfh3300-4p\/#breadcrumb"},"inLanguage":"fr-FR","potentialAction":[{"@type":"ReadAction","target":["https:\/\/eurosdiscounts.com\/index.php\/produit\/scheppach-multi-outil-de-jardin-a-essence-4-en-1-mfh3300-4p\/"]}]},{"@type":"ImageObject","inLanguage":"fr-FR","@id":"https:\/\/eurosdiscounts.com\/index.php\/produit\/scheppach-multi-outil-de-jardin-a-essence-4-en-1-mfh3300-4p\/#primaryimage","url":"https:\/\/eurosdiscounts.com\/wp-content\/uploads\/2023\/04\/scheppach-multi-outil-de-jardin-a-essence-4-en-1-m.webp","contentUrl":"https:\/\/eurosdiscounts.com\/wp-content\/uploads\/2023\/04\/scheppach-multi-outil-de-jardin-a-essence-4-en-1-m.webp","width":1200,"height":1200},{"@type":"BreadcrumbList","@id":"https:\/\/eurosdiscounts.com\/index.php\/produit\/scheppach-multi-outil-de-jardin-a-essence-4-en-1-mfh3300-4p\/#breadcrumb","itemListElement":[{"@type":"ListItem","position":1,"name":"Accueil","item":"https:\/\/eurosdiscounts.com\/"},{"@type":"ListItem","position":2,"name":"Boutique","item":"https:\/\/eurosdiscounts.com\/index.php\/boutique\/"},{"@type":"ListItem","position":3,"name":"Scheppach Multi-outil de jardin \u00e0 essence 4 en 1 MFH3300-4P"}]},{"@type":"WebSite","@id":"https:\/\/eurosdiscounts.com\/#website","url":"https:\/\/eurosdiscounts.com\/","name":"Eurosdiscounts.com- Achat sur Internet a prix discount, Canap\u00e9s pas cher, Smartphone pas cher, pc portable pas cher..","description":"Eurosdiscounts.com- Achat sur Internet a prix discount, Canap\u00e9s pas cher, Smartphone pas cher, pc portable pas cher..","potentialAction":[{"@type":"SearchAction","target":{"@type":"EntryPoint","urlTemplate":"https:\/\/eurosdiscounts.com\/?s={search_term_string}"},"query-input":{"@type":"PropertyValueSpecification","valueRequired":true,"valueName":"search_term_string"}}],"inLanguage":"fr-FR"}]}},"_links":{"self":[{"href":"https:\/\/eurosdiscounts.com\/index.php\/wp-json\/wp\/v2\/product\/19707","targetHints":{"allow":["GET"]}}],"collection":[{"href":"https:\/\/eurosdiscounts.com\/index.php\/wp-json\/wp\/v2\/product"}],"about":[{"href":"https:\/\/eurosdiscounts.com\/index.php\/wp-json\/wp\/v2\/types\/product"}],"replies":[{"embeddable":true,"href":"https:\/\/eurosdiscounts.com\/index.php\/wp-json\/wp\/v2\/comments?post=19707"}],"wp:featuredmedia":[{"embeddable":true,"href":"https:\/\/eurosdiscounts.com\/index.php\/wp-json\/wp\/v2\/media\/19708"}],"wp:attachment":[{"href":"https:\/\/eurosdiscounts.com\/index.php\/wp-json\/wp\/v2\/media?parent=19707"}],"wp:term":[{"taxonomy":"product_cat","embeddable":true,"href":"https:\/\/eurosdiscounts.com\/index.php\/wp-json\/wp\/v2\/product_cat?post=19707"},{"taxonomy":"product_tag","embeddable":true,"href":"https:\/\/eurosdiscounts.com\/index.php\/wp-json\/wp\/v2\/product_tag?post=19707"}],"curies":[{"name":"wp","href":"https:\/\/api.w.org\/{rel}","templated":true}]}}