{"id":19684,"date":"2023-04-17T19:40:34","date_gmt":"2023-04-17T17:40:34","guid":{"rendered":"https:\/\/eurosdiscounts.com\/?post_type=product&#038;p=19684"},"modified":"2023-04-17T19:43:47","modified_gmt":"2023-04-17T17:43:47","slug":"debroussailleuse-sans-fil-a-batterie-40-v-gt-elec-batterie-4-ah-chargeur","status":"publish","type":"product","link":"https:\/\/eurosdiscounts.com\/index.php\/produit\/debroussailleuse-sans-fil-a-batterie-40-v-gt-elec-batterie-4-ah-chargeur\/","title":{"rendered":"D\u00e9broussailleuse sans fil \u00e0 batterie, 40 V, GT ELEC + batterie 4 Ah + chargeur"},"content":{"rendered":"<div id=\"presContent\" class=\"o-block__content o-block__content--white\">\n<div class=\"fpBlk testSep extCode\" data-provider=\"None\"><b><u>Caract\u00e9ristiques techniques :<\/u><\/b><\/p>\n<p>&#8211; Marque fran\u00e7aise : GT ELEC<br \/>\n&#8211; Alimentation : Batterie lithium-ion 40 Volts<br \/>\n&#8211; Homologation : CE, GS<br \/>\n&#8211; Batterie : Lithium-ion 40 Volts 4 Ah (avec t\u00e9moin de charge)<br \/>\n&#8211; Autonomie de la batterie (en continu) : Batterie 4 Ah : 50 mn<br \/>\n&#8211; Temps de charge de la batterie : Batterie 4 Ah : 130 mn<br \/>\n&#8211; T\u00eate de coupe : Cette d\u00e9broussailleuse dispose d&rsquo;une t\u00eate unique sur laquelle vous pouvez adapter :<br \/>\n&#8211; Le double fil de coupe (2.4 mm) semi-automatique<br \/>\n&#8211; La lame de fauchage \u00e0 3 dents<br \/>\n&#8211; Arbre de transmission : Cardan en acier 9 cannelures<br \/>\n&#8211; D\u00e9marrage : Instantan\u00e9 par contacteur double s\u00e9curit\u00e9<br \/>\n&#8211; Poign\u00e9e : Poign\u00e9e ergonomique et anti-vibration pour un confort optimal<br \/>\n&#8211; Poids : 5.0 kg (sans la batterie), 6.3 kg (avec la batterie)<br \/>\n&#8211; Notice en Fran\u00e7ais : Oui<\/p>\n<p><b><u>Contenu du colis :<\/u><\/b><\/p>\n<p>D\u00e9broussailleuse sans fil \u00e0 batterie<br \/>\nDouble fil de coupe<br \/>\nLame de fauchage \u00e0 3 dents<br \/>\nSangle de maintien<br \/>\nBatterie 4 Ah\u00a0<b>(compatible avec tous les outils GT ELEC)<\/b><br \/>\nChargeur<\/p>\n<p class=\"fpOfferCom\">Garantie 2 ans, pi\u00e8ces de rechange en stock permanent, livraison rapide.<\/p>\n<\/div>\n<\/div>\n","protected":false},"excerpt":{"rendered":"<p>Pour un entretien efficace de votre jardin, cette d\u00e9broussailleuse dispose d&rsquo;une t\u00eate unique sur laquelle vous pouvez adapter un double fil de coupe pour le d\u00e9sherbage et une lame de fauchage \u00e0 3 dents pour les mauvaises herbes. Cette d\u00e9broussailleuse sans fil fonctionne avec une batterie lithium-ion compatible avec tous les outils de la gamme GT ELEC. Vous pourrez ainsi travailler en toute autonomie sans \u00eatre g\u00ean\u00e9<\/p>\n","protected":false},"featured_media":19685,"comment_status":"open","ping_status":"closed","template":"","meta":[],"product_cat":[222],"product_tag":[],"class_list":{"0":"post-19684","1":"product","2":"type-product","3":"status-publish","4":"has-post-thumbnail","6":"product_cat-debrousailleuse","8":"first","9":"instock","10":"sale","11":"shipping-taxable","12":"purchasable","13":"product-type-simple","14":"col-xs-6 col-sm-4","15":"col-md-3 col-lg-3","16":"un-4-cols"},"yoast_head":"<!-- This site is optimized with the Yoast SEO plugin v27.0 - https:\/\/yoast.com\/product\/yoast-seo-wordpress\/ -->\n<title>D\u00e9broussailleuse sans fil \u00e0 batterie, 40 V, GT ELEC + batterie 4 Ah + chargeur - Eurosdiscounts.com- Achat sur Internet a prix discount, Canap\u00e9s pas cher, Smartphone pas cher, pc portable pas cher..<\/title>\n<meta name=\"description\" content=\"D\u00e9broussailleuse sans fil \u00e0 batterie, 40 V, GT ELEC + batterie 4 Ah + chargeur\" \/>\n<meta name=\"robots\" content=\"index, follow, max-snippet:-1, max-image-preview:large, max-video-preview:-1\" \/>\n<link rel=\"canonical\" href=\"https:\/\/eurosdiscounts.com\/index.php\/produit\/debroussailleuse-sans-fil-a-batterie-40-v-gt-elec-batterie-4-ah-chargeur\/\" \/>\n<meta property=\"og:locale\" content=\"fr_FR\" \/>\n<meta property=\"og:type\" content=\"article\" \/>\n<meta property=\"og:title\" content=\"D\u00e9broussailleuse sans fil \u00e0 batterie, 40 V, GT ELEC + batterie 4 Ah + chargeur - Eurosdiscounts.com- Achat sur Internet a prix discount, Canap\u00e9s pas cher, Smartphone pas cher, pc portable pas cher..\" \/>\n<meta property=\"og:description\" content=\"D\u00e9broussailleuse sans fil \u00e0 batterie, 40 V, GT ELEC + batterie 4 Ah + chargeur\" \/>\n<meta property=\"og:url\" content=\"https:\/\/eurosdiscounts.com\/index.php\/produit\/debroussailleuse-sans-fil-a-batterie-40-v-gt-elec-batterie-4-ah-chargeur\/\" \/>\n<meta property=\"og:site_name\" content=\"Eurosdiscounts.com- Achat sur Internet a prix discount, Canap\u00e9s pas cher, Smartphone pas cher, pc portable pas cher..\" \/>\n<meta property=\"article:modified_time\" content=\"2023-04-17T17:43:47+00:00\" \/>\n<meta property=\"og:image\" content=\"https:\/\/eurosdiscounts.com\/wp-content\/uploads\/2023\/04\/debroussailleuse-sans-fil-a-batterie-40-v-gt-ele.webp\" \/>\n\t<meta property=\"og:image:width\" content=\"1200\" \/>\n\t<meta property=\"og:image:height\" content=\"1200\" \/>\n\t<meta property=\"og:image:type\" content=\"image\/webp\" \/>\n<meta name=\"twitter:card\" content=\"summary_large_image\" \/>\n<meta name=\"twitter:label1\" content=\"Dur\u00e9e de lecture estim\u00e9e\" \/>\n\t<meta name=\"twitter:data1\" content=\"1 minute\" \/>\n<script type=\"application\/ld+json\" class=\"yoast-schema-graph\">{\"@context\":\"https:\/\/schema.org\",\"@graph\":[{\"@type\":\"WebPage\",\"@id\":\"https:\/\/eurosdiscounts.com\/index.php\/produit\/debroussailleuse-sans-fil-a-batterie-40-v-gt-elec-batterie-4-ah-chargeur\/\",\"url\":\"https:\/\/eurosdiscounts.com\/index.php\/produit\/debroussailleuse-sans-fil-a-batterie-40-v-gt-elec-batterie-4-ah-chargeur\/\",\"name\":\"D\u00e9broussailleuse sans fil \u00e0 batterie, 40 V, GT ELEC + batterie 4 Ah + chargeur - Eurosdiscounts.com- Achat sur Internet a prix discount, Canap\u00e9s pas cher, Smartphone pas cher, pc portable pas cher..\",\"isPartOf\":{\"@id\":\"https:\/\/eurosdiscounts.com\/#website\"},\"primaryImageOfPage\":{\"@id\":\"https:\/\/eurosdiscounts.com\/index.php\/produit\/debroussailleuse-sans-fil-a-batterie-40-v-gt-elec-batterie-4-ah-chargeur\/#primaryimage\"},\"image\":{\"@id\":\"https:\/\/eurosdiscounts.com\/index.php\/produit\/debroussailleuse-sans-fil-a-batterie-40-v-gt-elec-batterie-4-ah-chargeur\/#primaryimage\"},\"thumbnailUrl\":\"https:\/\/eurosdiscounts.com\/wp-content\/uploads\/2023\/04\/debroussailleuse-sans-fil-a-batterie-40-v-gt-ele.webp\",\"datePublished\":\"2023-04-17T17:40:34+00:00\",\"dateModified\":\"2023-04-17T17:43:47+00:00\",\"description\":\"D\u00e9broussailleuse sans fil \u00e0 batterie, 40 V, GT ELEC + batterie 4 Ah + chargeur\",\"breadcrumb\":{\"@id\":\"https:\/\/eurosdiscounts.com\/index.php\/produit\/debroussailleuse-sans-fil-a-batterie-40-v-gt-elec-batterie-4-ah-chargeur\/#breadcrumb\"},\"inLanguage\":\"fr-FR\",\"potentialAction\":[{\"@type\":\"ReadAction\",\"target\":[\"https:\/\/eurosdiscounts.com\/index.php\/produit\/debroussailleuse-sans-fil-a-batterie-40-v-gt-elec-batterie-4-ah-chargeur\/\"]}]},{\"@type\":\"ImageObject\",\"inLanguage\":\"fr-FR\",\"@id\":\"https:\/\/eurosdiscounts.com\/index.php\/produit\/debroussailleuse-sans-fil-a-batterie-40-v-gt-elec-batterie-4-ah-chargeur\/#primaryimage\",\"url\":\"https:\/\/eurosdiscounts.com\/wp-content\/uploads\/2023\/04\/debroussailleuse-sans-fil-a-batterie-40-v-gt-ele.webp\",\"contentUrl\":\"https:\/\/eurosdiscounts.com\/wp-content\/uploads\/2023\/04\/debroussailleuse-sans-fil-a-batterie-40-v-gt-ele.webp\",\"width\":1200,\"height\":1200},{\"@type\":\"BreadcrumbList\",\"@id\":\"https:\/\/eurosdiscounts.com\/index.php\/produit\/debroussailleuse-sans-fil-a-batterie-40-v-gt-elec-batterie-4-ah-chargeur\/#breadcrumb\",\"itemListElement\":[{\"@type\":\"ListItem\",\"position\":1,\"name\":\"Accueil\",\"item\":\"https:\/\/eurosdiscounts.com\/\"},{\"@type\":\"ListItem\",\"position\":2,\"name\":\"Boutique\",\"item\":\"https:\/\/eurosdiscounts.com\/index.php\/boutique\/\"},{\"@type\":\"ListItem\",\"position\":3,\"name\":\"D\u00e9broussailleuse sans fil \u00e0 batterie, 40 V, GT ELEC + batterie 4 Ah + chargeur\"}]},{\"@type\":\"WebSite\",\"@id\":\"https:\/\/eurosdiscounts.com\/#website\",\"url\":\"https:\/\/eurosdiscounts.com\/\",\"name\":\"Eurosdiscounts.com- Achat sur Internet a prix discount, Canap\u00e9s pas cher, Smartphone pas cher, pc portable pas cher..\",\"description\":\"Eurosdiscounts.com- Achat sur Internet a prix discount, Canap\u00e9s pas cher, Smartphone pas cher, pc portable pas cher..\",\"potentialAction\":[{\"@type\":\"SearchAction\",\"target\":{\"@type\":\"EntryPoint\",\"urlTemplate\":\"https:\/\/eurosdiscounts.com\/?s={search_term_string}\"},\"query-input\":{\"@type\":\"PropertyValueSpecification\",\"valueRequired\":true,\"valueName\":\"search_term_string\"}}],\"inLanguage\":\"fr-FR\"}]}<\/script>\n<!-- \/ Yoast SEO plugin. -->","yoast_head_json":{"title":"D\u00e9broussailleuse sans fil \u00e0 batterie, 40 V, GT ELEC + batterie 4 Ah + chargeur - Eurosdiscounts.com- Achat sur Internet a prix discount, Canap\u00e9s pas cher, Smartphone pas cher, pc portable pas cher..","description":"D\u00e9broussailleuse sans fil \u00e0 batterie, 40 V, GT ELEC + batterie 4 Ah + chargeur","robots":{"index":"index","follow":"follow","max-snippet":"max-snippet:-1","max-image-preview":"max-image-preview:large","max-video-preview":"max-video-preview:-1"},"canonical":"https:\/\/eurosdiscounts.com\/index.php\/produit\/debroussailleuse-sans-fil-a-batterie-40-v-gt-elec-batterie-4-ah-chargeur\/","og_locale":"fr_FR","og_type":"article","og_title":"D\u00e9broussailleuse sans fil \u00e0 batterie, 40 V, GT ELEC + batterie 4 Ah + chargeur - Eurosdiscounts.com- Achat sur Internet a prix discount, Canap\u00e9s pas cher, Smartphone pas cher, pc portable pas cher..","og_description":"D\u00e9broussailleuse sans fil \u00e0 batterie, 40 V, GT ELEC + batterie 4 Ah + chargeur","og_url":"https:\/\/eurosdiscounts.com\/index.php\/produit\/debroussailleuse-sans-fil-a-batterie-40-v-gt-elec-batterie-4-ah-chargeur\/","og_site_name":"Eurosdiscounts.com- Achat sur Internet a prix discount, Canap\u00e9s pas cher, Smartphone pas cher, pc portable pas cher..","article_modified_time":"2023-04-17T17:43:47+00:00","og_image":[{"width":1200,"height":1200,"url":"https:\/\/eurosdiscounts.com\/wp-content\/uploads\/2023\/04\/debroussailleuse-sans-fil-a-batterie-40-v-gt-ele.webp","type":"image\/webp"}],"twitter_card":"summary_large_image","twitter_misc":{"Dur\u00e9e de lecture estim\u00e9e":"1 minute"},"schema":{"@context":"https:\/\/schema.org","@graph":[{"@type":"WebPage","@id":"https:\/\/eurosdiscounts.com\/index.php\/produit\/debroussailleuse-sans-fil-a-batterie-40-v-gt-elec-batterie-4-ah-chargeur\/","url":"https:\/\/eurosdiscounts.com\/index.php\/produit\/debroussailleuse-sans-fil-a-batterie-40-v-gt-elec-batterie-4-ah-chargeur\/","name":"D\u00e9broussailleuse sans fil \u00e0 batterie, 40 V, GT ELEC + batterie 4 Ah + chargeur - Eurosdiscounts.com- Achat sur Internet a prix discount, Canap\u00e9s pas cher, Smartphone pas cher, pc portable pas cher..","isPartOf":{"@id":"https:\/\/eurosdiscounts.com\/#website"},"primaryImageOfPage":{"@id":"https:\/\/eurosdiscounts.com\/index.php\/produit\/debroussailleuse-sans-fil-a-batterie-40-v-gt-elec-batterie-4-ah-chargeur\/#primaryimage"},"image":{"@id":"https:\/\/eurosdiscounts.com\/index.php\/produit\/debroussailleuse-sans-fil-a-batterie-40-v-gt-elec-batterie-4-ah-chargeur\/#primaryimage"},"thumbnailUrl":"https:\/\/eurosdiscounts.com\/wp-content\/uploads\/2023\/04\/debroussailleuse-sans-fil-a-batterie-40-v-gt-ele.webp","datePublished":"2023-04-17T17:40:34+00:00","dateModified":"2023-04-17T17:43:47+00:00","description":"D\u00e9broussailleuse sans fil \u00e0 batterie, 40 V, GT ELEC + batterie 4 Ah + chargeur","breadcrumb":{"@id":"https:\/\/eurosdiscounts.com\/index.php\/produit\/debroussailleuse-sans-fil-a-batterie-40-v-gt-elec-batterie-4-ah-chargeur\/#breadcrumb"},"inLanguage":"fr-FR","potentialAction":[{"@type":"ReadAction","target":["https:\/\/eurosdiscounts.com\/index.php\/produit\/debroussailleuse-sans-fil-a-batterie-40-v-gt-elec-batterie-4-ah-chargeur\/"]}]},{"@type":"ImageObject","inLanguage":"fr-FR","@id":"https:\/\/eurosdiscounts.com\/index.php\/produit\/debroussailleuse-sans-fil-a-batterie-40-v-gt-elec-batterie-4-ah-chargeur\/#primaryimage","url":"https:\/\/eurosdiscounts.com\/wp-content\/uploads\/2023\/04\/debroussailleuse-sans-fil-a-batterie-40-v-gt-ele.webp","contentUrl":"https:\/\/eurosdiscounts.com\/wp-content\/uploads\/2023\/04\/debroussailleuse-sans-fil-a-batterie-40-v-gt-ele.webp","width":1200,"height":1200},{"@type":"BreadcrumbList","@id":"https:\/\/eurosdiscounts.com\/index.php\/produit\/debroussailleuse-sans-fil-a-batterie-40-v-gt-elec-batterie-4-ah-chargeur\/#breadcrumb","itemListElement":[{"@type":"ListItem","position":1,"name":"Accueil","item":"https:\/\/eurosdiscounts.com\/"},{"@type":"ListItem","position":2,"name":"Boutique","item":"https:\/\/eurosdiscounts.com\/index.php\/boutique\/"},{"@type":"ListItem","position":3,"name":"D\u00e9broussailleuse sans fil \u00e0 batterie, 40 V, GT ELEC + batterie 4 Ah + chargeur"}]},{"@type":"WebSite","@id":"https:\/\/eurosdiscounts.com\/#website","url":"https:\/\/eurosdiscounts.com\/","name":"Eurosdiscounts.com- Achat sur Internet a prix discount, Canap\u00e9s pas cher, Smartphone pas cher, pc portable pas cher..","description":"Eurosdiscounts.com- Achat sur Internet a prix discount, Canap\u00e9s pas cher, Smartphone pas cher, pc portable pas cher..","potentialAction":[{"@type":"SearchAction","target":{"@type":"EntryPoint","urlTemplate":"https:\/\/eurosdiscounts.com\/?s={search_term_string}"},"query-input":{"@type":"PropertyValueSpecification","valueRequired":true,"valueName":"search_term_string"}}],"inLanguage":"fr-FR"}]}},"_links":{"self":[{"href":"https:\/\/eurosdiscounts.com\/index.php\/wp-json\/wp\/v2\/product\/19684","targetHints":{"allow":["GET"]}}],"collection":[{"href":"https:\/\/eurosdiscounts.com\/index.php\/wp-json\/wp\/v2\/product"}],"about":[{"href":"https:\/\/eurosdiscounts.com\/index.php\/wp-json\/wp\/v2\/types\/product"}],"replies":[{"embeddable":true,"href":"https:\/\/eurosdiscounts.com\/index.php\/wp-json\/wp\/v2\/comments?post=19684"}],"wp:featuredmedia":[{"embeddable":true,"href":"https:\/\/eurosdiscounts.com\/index.php\/wp-json\/wp\/v2\/media\/19685"}],"wp:attachment":[{"href":"https:\/\/eurosdiscounts.com\/index.php\/wp-json\/wp\/v2\/media?parent=19684"}],"wp:term":[{"taxonomy":"product_cat","embeddable":true,"href":"https:\/\/eurosdiscounts.com\/index.php\/wp-json\/wp\/v2\/product_cat?post=19684"},{"taxonomy":"product_tag","embeddable":true,"href":"https:\/\/eurosdiscounts.com\/index.php\/wp-json\/wp\/v2\/product_tag?post=19684"}],"curies":[{"name":"wp","href":"https:\/\/api.w.org\/{rel}","templated":true}]}}