{"id":19570,"date":"2023-03-30T00:21:49","date_gmt":"2023-03-29T22:21:49","guid":{"rendered":"https:\/\/eurosdiscounts.com\/?post_type=product&#038;p=19570"},"modified":"2025-09-10T04:46:58","modified_gmt":"2025-09-10T02:46:58","slug":"canape-3-places-style-scandinave-gris-clair","status":"publish","type":"product","link":"https:\/\/eurosdiscounts.com\/index.php\/produit\/canape-3-places-style-scandinave-gris-clair\/","title":{"rendered":"CANAP\u00c9 3 PLACES STYLE SCANDINAVE GRIS CLAIR"},"content":{"rendered":"<p><strong>Entretien :\u00a0<\/strong><\/p>\n<p>Nettoyez le canap\u00e9 qu&rsquo;en surface, avec une \u00e9ponge ou un linge bien essor\u00e9, et jamais mouill\u00e9, s\u00e9chez-le vite \u00e0 l&rsquo;aide d&rsquo;un s\u00e9choir \u00e0 cheveux, et effectuez toujours un test pr\u00e9alable sur un coin non en vue. Pour d\u00e9loger la poussi\u00e8re privil\u00e9giez l\u2019aspirateur.\u00a0<strong>\u00a0<\/strong><\/p>\n<p>&nbsp;<\/p>\n<p><strong>Dimensions :\u00a0<\/strong><\/p>\n<ul>\n<li>Total (l x P x h) : 190 x 85 x 85 cm<\/li>\n<li>Hauteur pied : 17 cm<\/li>\n<li>Diam\u00e8tre pied : 6 cm<\/li>\n<li>Hauteur assise : 46 cm<\/li>\n<li>Profondeur assise : 55 cm<\/li>\n<li>Oreiller : 41 x 41 cm<\/li>\n<\/ul>\n<p><strong>Conditionnement :\u00a0<\/strong><\/p>\n<ul>\n<li>Le produit est conditionn\u00e9 dans un colis<\/li>\n<li>191 x 86 x 50 cm \/ 42 kg<\/li>\n<li>Pieds \u00e0 monter. Montage facile, une notice est fournie<\/li>\n<li>Livraison pas de porte<\/li>\n<li>Garantie 2 ans<\/li>\n<\/ul>\n","protected":false},"excerpt":{"rendered":"<ul>\n<li>Couleur principale : gris clair<\/li>\n<li>Nombre de places\u00a0: 3<\/li>\n<li>2 oreillers fournis<\/li>\n<li>Rev\u00eatement\u00a0: tissu 100% polyester<\/li>\n<li>Structure\u00a0: bois massif + panneaux \u00e0 particules<\/li>\n<li>Coussins d&rsquo;assise, du dossier et d&rsquo;appoints d\u00e9houssables<\/li>\n<li>Assise\u00a0: Une couche inf\u00e9rieure de mousse de 50kg\/m3 et une couche sup\u00e9rieur de mousse 26kg\/m3<\/li>\n<\/ul>\n","protected":false},"featured_media":19575,"comment_status":"open","ping_status":"closed","template":"","meta":[],"product_cat":[214],"product_tag":[],"class_list":{"0":"post-19570","1":"product","2":"type-product","3":"status-publish","4":"has-post-thumbnail","6":"product_cat-canapes","8":"first","9":"instock","10":"sale","11":"shipping-taxable","12":"purchasable","13":"product-type-simple","14":"col-xs-6 col-sm-4","15":"col-md-3 col-lg-3","16":"un-4-cols"},"yoast_head":"<!-- This site is optimized with the Yoast SEO plugin v27.0 - https:\/\/yoast.com\/product\/yoast-seo-wordpress\/ -->\n<title>CANAP\u00c9 3 PLACES STYLE SCANDINAVE GRIS CLAIR - Eurosdiscounts.com- Achat sur Internet a prix discount, Canap\u00e9s pas cher, Smartphone pas cher, pc portable pas cher..<\/title>\n<meta name=\"description\" content=\"CANAP\u00c9 3 PLACES STYLE SCANDINAVE GRIS CLAIR\" \/>\n<meta name=\"robots\" content=\"index, follow, max-snippet:-1, max-image-preview:large, max-video-preview:-1\" \/>\n<link rel=\"canonical\" href=\"https:\/\/eurosdiscounts.com\/index.php\/produit\/canape-3-places-style-scandinave-gris-clair\/\" \/>\n<meta property=\"og:locale\" content=\"fr_FR\" \/>\n<meta property=\"og:type\" content=\"article\" \/>\n<meta property=\"og:title\" content=\"CANAP\u00c9 3 PLACES STYLE SCANDINAVE GRIS CLAIR - Eurosdiscounts.com- Achat sur Internet a prix discount, Canap\u00e9s pas cher, Smartphone pas cher, pc portable pas cher..\" \/>\n<meta property=\"og:description\" content=\"CANAP\u00c9 3 PLACES STYLE SCANDINAVE GRIS CLAIR\" \/>\n<meta property=\"og:url\" content=\"https:\/\/eurosdiscounts.com\/index.php\/produit\/canape-3-places-style-scandinave-gris-clair\/\" \/>\n<meta property=\"og:site_name\" content=\"Eurosdiscounts.com- Achat sur Internet a prix discount, Canap\u00e9s pas cher, Smartphone pas cher, pc portable pas cher..\" \/>\n<meta property=\"article:modified_time\" content=\"2025-09-10T02:46:58+00:00\" \/>\n<meta property=\"og:image\" content=\"https:\/\/eurosdiscounts.com\/wp-content\/uploads\/2023\/03\/1605006309_HOGA_GRIS_CLAIR_720x.webp\" \/>\n\t<meta property=\"og:image:width\" content=\"720\" \/>\n\t<meta property=\"og:image:height\" content=\"480\" \/>\n\t<meta property=\"og:image:type\" content=\"image\/webp\" \/>\n<meta name=\"twitter:card\" content=\"summary_large_image\" \/>\n<meta name=\"twitter:label1\" content=\"Dur\u00e9e de lecture estim\u00e9e\" \/>\n\t<meta name=\"twitter:data1\" content=\"1 minute\" \/>\n<script type=\"application\/ld+json\" class=\"yoast-schema-graph\">{\"@context\":\"https:\/\/schema.org\",\"@graph\":[{\"@type\":\"WebPage\",\"@id\":\"https:\/\/eurosdiscounts.com\/index.php\/produit\/canape-3-places-style-scandinave-gris-clair\/\",\"url\":\"https:\/\/eurosdiscounts.com\/index.php\/produit\/canape-3-places-style-scandinave-gris-clair\/\",\"name\":\"CANAP\u00c9 3 PLACES STYLE SCANDINAVE GRIS CLAIR - Eurosdiscounts.com- Achat sur Internet a prix discount, Canap\u00e9s pas cher, Smartphone pas cher, pc portable pas cher..\",\"isPartOf\":{\"@id\":\"https:\/\/eurosdiscounts.com\/#website\"},\"primaryImageOfPage\":{\"@id\":\"https:\/\/eurosdiscounts.com\/index.php\/produit\/canape-3-places-style-scandinave-gris-clair\/#primaryimage\"},\"image\":{\"@id\":\"https:\/\/eurosdiscounts.com\/index.php\/produit\/canape-3-places-style-scandinave-gris-clair\/#primaryimage\"},\"thumbnailUrl\":\"https:\/\/eurosdiscounts.com\/wp-content\/uploads\/2023\/03\/1605006309_HOGA_GRIS_CLAIR_720x.webp\",\"datePublished\":\"2023-03-29T22:21:49+00:00\",\"dateModified\":\"2025-09-10T02:46:58+00:00\",\"description\":\"CANAP\u00c9 3 PLACES STYLE SCANDINAVE GRIS CLAIR\",\"breadcrumb\":{\"@id\":\"https:\/\/eurosdiscounts.com\/index.php\/produit\/canape-3-places-style-scandinave-gris-clair\/#breadcrumb\"},\"inLanguage\":\"fr-FR\",\"potentialAction\":[{\"@type\":\"ReadAction\",\"target\":[\"https:\/\/eurosdiscounts.com\/index.php\/produit\/canape-3-places-style-scandinave-gris-clair\/\"]}]},{\"@type\":\"ImageObject\",\"inLanguage\":\"fr-FR\",\"@id\":\"https:\/\/eurosdiscounts.com\/index.php\/produit\/canape-3-places-style-scandinave-gris-clair\/#primaryimage\",\"url\":\"https:\/\/eurosdiscounts.com\/wp-content\/uploads\/2023\/03\/1605006309_HOGA_GRIS_CLAIR_720x.webp\",\"contentUrl\":\"https:\/\/eurosdiscounts.com\/wp-content\/uploads\/2023\/03\/1605006309_HOGA_GRIS_CLAIR_720x.webp\",\"width\":720,\"height\":480},{\"@type\":\"BreadcrumbList\",\"@id\":\"https:\/\/eurosdiscounts.com\/index.php\/produit\/canape-3-places-style-scandinave-gris-clair\/#breadcrumb\",\"itemListElement\":[{\"@type\":\"ListItem\",\"position\":1,\"name\":\"Accueil\",\"item\":\"https:\/\/eurosdiscounts.com\/\"},{\"@type\":\"ListItem\",\"position\":2,\"name\":\"Boutique\",\"item\":\"https:\/\/eurosdiscounts.com\/index.php\/boutique\/\"},{\"@type\":\"ListItem\",\"position\":3,\"name\":\"CANAP\u00c9 3 PLACES STYLE SCANDINAVE GRIS CLAIR\"}]},{\"@type\":\"WebSite\",\"@id\":\"https:\/\/eurosdiscounts.com\/#website\",\"url\":\"https:\/\/eurosdiscounts.com\/\",\"name\":\"Eurosdiscounts.com- Achat sur Internet a prix discount, Canap\u00e9s pas cher, Smartphone pas cher, pc portable pas cher..\",\"description\":\"Eurosdiscounts.com- Achat sur Internet a prix discount, Canap\u00e9s pas cher, Smartphone pas cher, pc portable pas cher..\",\"potentialAction\":[{\"@type\":\"SearchAction\",\"target\":{\"@type\":\"EntryPoint\",\"urlTemplate\":\"https:\/\/eurosdiscounts.com\/?s={search_term_string}\"},\"query-input\":{\"@type\":\"PropertyValueSpecification\",\"valueRequired\":true,\"valueName\":\"search_term_string\"}}],\"inLanguage\":\"fr-FR\"}]}<\/script>\n<!-- \/ Yoast SEO plugin. -->","yoast_head_json":{"title":"CANAP\u00c9 3 PLACES STYLE SCANDINAVE GRIS CLAIR - Eurosdiscounts.com- Achat sur Internet a prix discount, Canap\u00e9s pas cher, Smartphone pas cher, pc portable pas cher..","description":"CANAP\u00c9 3 PLACES STYLE SCANDINAVE GRIS CLAIR","robots":{"index":"index","follow":"follow","max-snippet":"max-snippet:-1","max-image-preview":"max-image-preview:large","max-video-preview":"max-video-preview:-1"},"canonical":"https:\/\/eurosdiscounts.com\/index.php\/produit\/canape-3-places-style-scandinave-gris-clair\/","og_locale":"fr_FR","og_type":"article","og_title":"CANAP\u00c9 3 PLACES STYLE SCANDINAVE GRIS CLAIR - Eurosdiscounts.com- Achat sur Internet a prix discount, Canap\u00e9s pas cher, Smartphone pas cher, pc portable pas cher..","og_description":"CANAP\u00c9 3 PLACES STYLE SCANDINAVE GRIS CLAIR","og_url":"https:\/\/eurosdiscounts.com\/index.php\/produit\/canape-3-places-style-scandinave-gris-clair\/","og_site_name":"Eurosdiscounts.com- Achat sur Internet a prix discount, Canap\u00e9s pas cher, Smartphone pas cher, pc portable pas cher..","article_modified_time":"2025-09-10T02:46:58+00:00","og_image":[{"width":720,"height":480,"url":"https:\/\/eurosdiscounts.com\/wp-content\/uploads\/2023\/03\/1605006309_HOGA_GRIS_CLAIR_720x.webp","type":"image\/webp"}],"twitter_card":"summary_large_image","twitter_misc":{"Dur\u00e9e de lecture estim\u00e9e":"1 minute"},"schema":{"@context":"https:\/\/schema.org","@graph":[{"@type":"WebPage","@id":"https:\/\/eurosdiscounts.com\/index.php\/produit\/canape-3-places-style-scandinave-gris-clair\/","url":"https:\/\/eurosdiscounts.com\/index.php\/produit\/canape-3-places-style-scandinave-gris-clair\/","name":"CANAP\u00c9 3 PLACES STYLE SCANDINAVE GRIS CLAIR - Eurosdiscounts.com- Achat sur Internet a prix discount, Canap\u00e9s pas cher, Smartphone pas cher, pc portable pas cher..","isPartOf":{"@id":"https:\/\/eurosdiscounts.com\/#website"},"primaryImageOfPage":{"@id":"https:\/\/eurosdiscounts.com\/index.php\/produit\/canape-3-places-style-scandinave-gris-clair\/#primaryimage"},"image":{"@id":"https:\/\/eurosdiscounts.com\/index.php\/produit\/canape-3-places-style-scandinave-gris-clair\/#primaryimage"},"thumbnailUrl":"https:\/\/eurosdiscounts.com\/wp-content\/uploads\/2023\/03\/1605006309_HOGA_GRIS_CLAIR_720x.webp","datePublished":"2023-03-29T22:21:49+00:00","dateModified":"2025-09-10T02:46:58+00:00","description":"CANAP\u00c9 3 PLACES STYLE SCANDINAVE GRIS CLAIR","breadcrumb":{"@id":"https:\/\/eurosdiscounts.com\/index.php\/produit\/canape-3-places-style-scandinave-gris-clair\/#breadcrumb"},"inLanguage":"fr-FR","potentialAction":[{"@type":"ReadAction","target":["https:\/\/eurosdiscounts.com\/index.php\/produit\/canape-3-places-style-scandinave-gris-clair\/"]}]},{"@type":"ImageObject","inLanguage":"fr-FR","@id":"https:\/\/eurosdiscounts.com\/index.php\/produit\/canape-3-places-style-scandinave-gris-clair\/#primaryimage","url":"https:\/\/eurosdiscounts.com\/wp-content\/uploads\/2023\/03\/1605006309_HOGA_GRIS_CLAIR_720x.webp","contentUrl":"https:\/\/eurosdiscounts.com\/wp-content\/uploads\/2023\/03\/1605006309_HOGA_GRIS_CLAIR_720x.webp","width":720,"height":480},{"@type":"BreadcrumbList","@id":"https:\/\/eurosdiscounts.com\/index.php\/produit\/canape-3-places-style-scandinave-gris-clair\/#breadcrumb","itemListElement":[{"@type":"ListItem","position":1,"name":"Accueil","item":"https:\/\/eurosdiscounts.com\/"},{"@type":"ListItem","position":2,"name":"Boutique","item":"https:\/\/eurosdiscounts.com\/index.php\/boutique\/"},{"@type":"ListItem","position":3,"name":"CANAP\u00c9 3 PLACES STYLE SCANDINAVE GRIS CLAIR"}]},{"@type":"WebSite","@id":"https:\/\/eurosdiscounts.com\/#website","url":"https:\/\/eurosdiscounts.com\/","name":"Eurosdiscounts.com- Achat sur Internet a prix discount, Canap\u00e9s pas cher, Smartphone pas cher, pc portable pas cher..","description":"Eurosdiscounts.com- Achat sur Internet a prix discount, Canap\u00e9s pas cher, Smartphone pas cher, pc portable pas cher..","potentialAction":[{"@type":"SearchAction","target":{"@type":"EntryPoint","urlTemplate":"https:\/\/eurosdiscounts.com\/?s={search_term_string}"},"query-input":{"@type":"PropertyValueSpecification","valueRequired":true,"valueName":"search_term_string"}}],"inLanguage":"fr-FR"}]}},"_links":{"self":[{"href":"https:\/\/eurosdiscounts.com\/index.php\/wp-json\/wp\/v2\/product\/19570","targetHints":{"allow":["GET"]}}],"collection":[{"href":"https:\/\/eurosdiscounts.com\/index.php\/wp-json\/wp\/v2\/product"}],"about":[{"href":"https:\/\/eurosdiscounts.com\/index.php\/wp-json\/wp\/v2\/types\/product"}],"replies":[{"embeddable":true,"href":"https:\/\/eurosdiscounts.com\/index.php\/wp-json\/wp\/v2\/comments?post=19570"}],"wp:featuredmedia":[{"embeddable":true,"href":"https:\/\/eurosdiscounts.com\/index.php\/wp-json\/wp\/v2\/media\/19575"}],"wp:attachment":[{"href":"https:\/\/eurosdiscounts.com\/index.php\/wp-json\/wp\/v2\/media?parent=19570"}],"wp:term":[{"taxonomy":"product_cat","embeddable":true,"href":"https:\/\/eurosdiscounts.com\/index.php\/wp-json\/wp\/v2\/product_cat?post=19570"},{"taxonomy":"product_tag","embeddable":true,"href":"https:\/\/eurosdiscounts.com\/index.php\/wp-json\/wp\/v2\/product_tag?post=19570"}],"curies":[{"name":"wp","href":"https:\/\/api.w.org\/{rel}","templated":true}]}}