{"id":19522,"date":"2023-03-29T23:00:31","date_gmt":"2023-03-29T21:00:31","guid":{"rendered":"https:\/\/eurosdiscounts.com\/?post_type=product&#038;p=19522"},"modified":"2023-03-29T23:00:32","modified_gmt":"2023-03-29T21:00:32","slug":"canape-convertible-3-places-en-tissu","status":"publish","type":"product","link":"https:\/\/eurosdiscounts.com\/index.php\/produit\/canape-convertible-3-places-en-tissu\/","title":{"rendered":"CANAP\u00c9 CONVERTIBLE 3 PLACES EN TISSU"},"content":{"rendered":"<p><strong>Entretien :<\/strong><\/p>\n<p>Nettoyage facile \u00e0 l\u2019aide d\u2019un chiffon humide.<\/p>\n<p>&nbsp;<\/p>\n<p><strong>Dimensions :<\/strong><\/p>\n<ul>\n<li>Dimension totale : 203 x 85 x 85 cm<\/li>\n<li>Dimension du couchage : 160 x 160 cm<\/li>\n<li>Poids total : 60,5 kg<\/li>\n<li>Hauteur pied : 5 cm<\/li>\n<li>Hauteur assise : 45 cm<\/li>\n<li>Profondeur assise : 55 cm<\/li>\n<li>Largeur assise : 165 cm<\/li>\n<li>Hauteur du dossier : 87 cm<\/li>\n<li>Dimensions de l\u2019accoudoir : 19 x 61,5 cm<\/li>\n<\/ul>\n<p><strong>Conditionnement :<\/strong><\/p>\n<ul>\n<li>Le produit est conditionn\u00e9 dans deux colis<\/li>\n<li>164,5 x 105 x 45 cm \/ 54 kg<\/li>\n<li>86 x 58 x 40 cm \/ 17 kg<\/li>\n<li>Montage facile une notice est fournie<\/li>\n<li>Livraison pas de porte<\/li>\n<li>Garantie 2 ans<\/li>\n<\/ul>\n","protected":false},"excerpt":{"rendered":"<p>CARACTERISTIQUES:<\/p>\n<ul>\n<li>Nombre de places : 3<\/li>\n<li>Couleur : Gris clair<\/li>\n<li>Rev\u00eatement : Tissu de lin<\/li>\n<li>Structure : Bois massif (eucalyptus) et plywood<\/li>\n<li>Pi\u00e8tement : PP<\/li>\n<li>Suspensions dossier : Sangles<\/li>\n<li>Suspensions assise : Ressorts<\/li>\n<li>Assise : Mousse de 20 kg\/m3<\/li>\n<li>Dossier :\u00a0Mousse de 18 kg\/m3<\/li>\n<li>Convertible : Oui<\/li>\n<li>Poids maximum support\u00e9 : 180 kg<\/li>\n<\/ul>\n","protected":false},"featured_media":19528,"comment_status":"open","ping_status":"closed","template":"","meta":[],"product_cat":[214],"product_tag":[],"class_list":{"0":"post-19522","1":"product","2":"type-product","3":"status-publish","4":"has-post-thumbnail","6":"product_cat-canapes","8":"first","9":"instock","10":"sale","11":"shipping-taxable","12":"purchasable","13":"product-type-simple","14":"col-xs-6 col-sm-4","15":"col-md-3 col-lg-3","16":"un-4-cols"},"yoast_head":"<!-- This site is optimized with the Yoast SEO plugin v27.0 - https:\/\/yoast.com\/product\/yoast-seo-wordpress\/ -->\n<title>CANAP\u00c9 CONVERTIBLE 3 PLACES EN TISSU - Eurosdiscounts.com- Achat sur Internet a prix discount, Canap\u00e9s pas cher, Smartphone pas cher, pc portable pas cher..<\/title>\n<meta name=\"description\" content=\"CANAP\u00c9 CONVERTIBLE 3 PLACES EN TISSU\" \/>\n<meta name=\"robots\" content=\"index, follow, max-snippet:-1, max-image-preview:large, max-video-preview:-1\" \/>\n<link rel=\"canonical\" href=\"https:\/\/eurosdiscounts.com\/index.php\/produit\/canape-convertible-3-places-en-tissu\/\" \/>\n<meta property=\"og:locale\" content=\"fr_FR\" \/>\n<meta property=\"og:type\" content=\"article\" \/>\n<meta property=\"og:title\" content=\"CANAP\u00c9 CONVERTIBLE 3 PLACES EN TISSU - Eurosdiscounts.com- Achat sur Internet a prix discount, Canap\u00e9s pas cher, Smartphone pas cher, pc portable pas cher..\" \/>\n<meta property=\"og:description\" content=\"CANAP\u00c9 CONVERTIBLE 3 PLACES EN TISSU\" \/>\n<meta property=\"og:url\" content=\"https:\/\/eurosdiscounts.com\/index.php\/produit\/canape-convertible-3-places-en-tissu\/\" \/>\n<meta property=\"og:site_name\" content=\"Eurosdiscounts.com- Achat sur Internet a prix discount, Canap\u00e9s pas cher, Smartphone pas cher, pc portable pas cher..\" \/>\n<meta property=\"article:modified_time\" content=\"2023-03-29T21:00:32+00:00\" \/>\n<meta property=\"og:image\" content=\"https:\/\/eurosdiscounts.com\/wp-content\/uploads\/2023\/03\/1615555260_nohoolympia_3_720x.webp\" \/>\n\t<meta property=\"og:image:width\" content=\"720\" \/>\n\t<meta property=\"og:image:height\" content=\"480\" \/>\n\t<meta property=\"og:image:type\" content=\"image\/webp\" \/>\n<meta name=\"twitter:card\" content=\"summary_large_image\" \/>\n<meta name=\"twitter:label1\" content=\"Dur\u00e9e de lecture estim\u00e9e\" \/>\n\t<meta name=\"twitter:data1\" content=\"1 minute\" \/>\n<script type=\"application\/ld+json\" class=\"yoast-schema-graph\">{\"@context\":\"https:\/\/schema.org\",\"@graph\":[{\"@type\":\"WebPage\",\"@id\":\"https:\/\/eurosdiscounts.com\/index.php\/produit\/canape-convertible-3-places-en-tissu\/\",\"url\":\"https:\/\/eurosdiscounts.com\/index.php\/produit\/canape-convertible-3-places-en-tissu\/\",\"name\":\"CANAP\u00c9 CONVERTIBLE 3 PLACES EN TISSU - Eurosdiscounts.com- Achat sur Internet a prix discount, Canap\u00e9s pas cher, Smartphone pas cher, pc portable pas cher..\",\"isPartOf\":{\"@id\":\"https:\/\/eurosdiscounts.com\/#website\"},\"primaryImageOfPage\":{\"@id\":\"https:\/\/eurosdiscounts.com\/index.php\/produit\/canape-convertible-3-places-en-tissu\/#primaryimage\"},\"image\":{\"@id\":\"https:\/\/eurosdiscounts.com\/index.php\/produit\/canape-convertible-3-places-en-tissu\/#primaryimage\"},\"thumbnailUrl\":\"https:\/\/eurosdiscounts.com\/wp-content\/uploads\/2023\/03\/1615555260_nohoolympia_3_720x.webp\",\"datePublished\":\"2023-03-29T21:00:31+00:00\",\"dateModified\":\"2023-03-29T21:00:32+00:00\",\"description\":\"CANAP\u00c9 CONVERTIBLE 3 PLACES EN TISSU\",\"breadcrumb\":{\"@id\":\"https:\/\/eurosdiscounts.com\/index.php\/produit\/canape-convertible-3-places-en-tissu\/#breadcrumb\"},\"inLanguage\":\"fr-FR\",\"potentialAction\":[{\"@type\":\"ReadAction\",\"target\":[\"https:\/\/eurosdiscounts.com\/index.php\/produit\/canape-convertible-3-places-en-tissu\/\"]}]},{\"@type\":\"ImageObject\",\"inLanguage\":\"fr-FR\",\"@id\":\"https:\/\/eurosdiscounts.com\/index.php\/produit\/canape-convertible-3-places-en-tissu\/#primaryimage\",\"url\":\"https:\/\/eurosdiscounts.com\/wp-content\/uploads\/2023\/03\/1615555260_nohoolympia_3_720x.webp\",\"contentUrl\":\"https:\/\/eurosdiscounts.com\/wp-content\/uploads\/2023\/03\/1615555260_nohoolympia_3_720x.webp\",\"width\":720,\"height\":480},{\"@type\":\"BreadcrumbList\",\"@id\":\"https:\/\/eurosdiscounts.com\/index.php\/produit\/canape-convertible-3-places-en-tissu\/#breadcrumb\",\"itemListElement\":[{\"@type\":\"ListItem\",\"position\":1,\"name\":\"Accueil\",\"item\":\"https:\/\/eurosdiscounts.com\/\"},{\"@type\":\"ListItem\",\"position\":2,\"name\":\"Boutique\",\"item\":\"https:\/\/eurosdiscounts.com\/index.php\/boutique\/\"},{\"@type\":\"ListItem\",\"position\":3,\"name\":\"CANAP\u00c9 CONVERTIBLE 3 PLACES EN TISSU\"}]},{\"@type\":\"WebSite\",\"@id\":\"https:\/\/eurosdiscounts.com\/#website\",\"url\":\"https:\/\/eurosdiscounts.com\/\",\"name\":\"Eurosdiscounts.com- Achat sur Internet a prix discount, Canap\u00e9s pas cher, Smartphone pas cher, pc portable pas cher..\",\"description\":\"Eurosdiscounts.com- Achat sur Internet a prix discount, Canap\u00e9s pas cher, Smartphone pas cher, pc portable pas cher..\",\"potentialAction\":[{\"@type\":\"SearchAction\",\"target\":{\"@type\":\"EntryPoint\",\"urlTemplate\":\"https:\/\/eurosdiscounts.com\/?s={search_term_string}\"},\"query-input\":{\"@type\":\"PropertyValueSpecification\",\"valueRequired\":true,\"valueName\":\"search_term_string\"}}],\"inLanguage\":\"fr-FR\"}]}<\/script>\n<!-- \/ Yoast SEO plugin. -->","yoast_head_json":{"title":"CANAP\u00c9 CONVERTIBLE 3 PLACES EN TISSU - Eurosdiscounts.com- Achat sur Internet a prix discount, Canap\u00e9s pas cher, Smartphone pas cher, pc portable pas cher..","description":"CANAP\u00c9 CONVERTIBLE 3 PLACES EN TISSU","robots":{"index":"index","follow":"follow","max-snippet":"max-snippet:-1","max-image-preview":"max-image-preview:large","max-video-preview":"max-video-preview:-1"},"canonical":"https:\/\/eurosdiscounts.com\/index.php\/produit\/canape-convertible-3-places-en-tissu\/","og_locale":"fr_FR","og_type":"article","og_title":"CANAP\u00c9 CONVERTIBLE 3 PLACES EN TISSU - Eurosdiscounts.com- Achat sur Internet a prix discount, Canap\u00e9s pas cher, Smartphone pas cher, pc portable pas cher..","og_description":"CANAP\u00c9 CONVERTIBLE 3 PLACES EN TISSU","og_url":"https:\/\/eurosdiscounts.com\/index.php\/produit\/canape-convertible-3-places-en-tissu\/","og_site_name":"Eurosdiscounts.com- Achat sur Internet a prix discount, Canap\u00e9s pas cher, Smartphone pas cher, pc portable pas cher..","article_modified_time":"2023-03-29T21:00:32+00:00","og_image":[{"width":720,"height":480,"url":"https:\/\/eurosdiscounts.com\/wp-content\/uploads\/2023\/03\/1615555260_nohoolympia_3_720x.webp","type":"image\/webp"}],"twitter_card":"summary_large_image","twitter_misc":{"Dur\u00e9e de lecture estim\u00e9e":"1 minute"},"schema":{"@context":"https:\/\/schema.org","@graph":[{"@type":"WebPage","@id":"https:\/\/eurosdiscounts.com\/index.php\/produit\/canape-convertible-3-places-en-tissu\/","url":"https:\/\/eurosdiscounts.com\/index.php\/produit\/canape-convertible-3-places-en-tissu\/","name":"CANAP\u00c9 CONVERTIBLE 3 PLACES EN TISSU - Eurosdiscounts.com- Achat sur Internet a prix discount, Canap\u00e9s pas cher, Smartphone pas cher, pc portable pas cher..","isPartOf":{"@id":"https:\/\/eurosdiscounts.com\/#website"},"primaryImageOfPage":{"@id":"https:\/\/eurosdiscounts.com\/index.php\/produit\/canape-convertible-3-places-en-tissu\/#primaryimage"},"image":{"@id":"https:\/\/eurosdiscounts.com\/index.php\/produit\/canape-convertible-3-places-en-tissu\/#primaryimage"},"thumbnailUrl":"https:\/\/eurosdiscounts.com\/wp-content\/uploads\/2023\/03\/1615555260_nohoolympia_3_720x.webp","datePublished":"2023-03-29T21:00:31+00:00","dateModified":"2023-03-29T21:00:32+00:00","description":"CANAP\u00c9 CONVERTIBLE 3 PLACES EN TISSU","breadcrumb":{"@id":"https:\/\/eurosdiscounts.com\/index.php\/produit\/canape-convertible-3-places-en-tissu\/#breadcrumb"},"inLanguage":"fr-FR","potentialAction":[{"@type":"ReadAction","target":["https:\/\/eurosdiscounts.com\/index.php\/produit\/canape-convertible-3-places-en-tissu\/"]}]},{"@type":"ImageObject","inLanguage":"fr-FR","@id":"https:\/\/eurosdiscounts.com\/index.php\/produit\/canape-convertible-3-places-en-tissu\/#primaryimage","url":"https:\/\/eurosdiscounts.com\/wp-content\/uploads\/2023\/03\/1615555260_nohoolympia_3_720x.webp","contentUrl":"https:\/\/eurosdiscounts.com\/wp-content\/uploads\/2023\/03\/1615555260_nohoolympia_3_720x.webp","width":720,"height":480},{"@type":"BreadcrumbList","@id":"https:\/\/eurosdiscounts.com\/index.php\/produit\/canape-convertible-3-places-en-tissu\/#breadcrumb","itemListElement":[{"@type":"ListItem","position":1,"name":"Accueil","item":"https:\/\/eurosdiscounts.com\/"},{"@type":"ListItem","position":2,"name":"Boutique","item":"https:\/\/eurosdiscounts.com\/index.php\/boutique\/"},{"@type":"ListItem","position":3,"name":"CANAP\u00c9 CONVERTIBLE 3 PLACES EN TISSU"}]},{"@type":"WebSite","@id":"https:\/\/eurosdiscounts.com\/#website","url":"https:\/\/eurosdiscounts.com\/","name":"Eurosdiscounts.com- Achat sur Internet a prix discount, Canap\u00e9s pas cher, Smartphone pas cher, pc portable pas cher..","description":"Eurosdiscounts.com- Achat sur Internet a prix discount, Canap\u00e9s pas cher, Smartphone pas cher, pc portable pas cher..","potentialAction":[{"@type":"SearchAction","target":{"@type":"EntryPoint","urlTemplate":"https:\/\/eurosdiscounts.com\/?s={search_term_string}"},"query-input":{"@type":"PropertyValueSpecification","valueRequired":true,"valueName":"search_term_string"}}],"inLanguage":"fr-FR"}]}},"_links":{"self":[{"href":"https:\/\/eurosdiscounts.com\/index.php\/wp-json\/wp\/v2\/product\/19522","targetHints":{"allow":["GET"]}}],"collection":[{"href":"https:\/\/eurosdiscounts.com\/index.php\/wp-json\/wp\/v2\/product"}],"about":[{"href":"https:\/\/eurosdiscounts.com\/index.php\/wp-json\/wp\/v2\/types\/product"}],"replies":[{"embeddable":true,"href":"https:\/\/eurosdiscounts.com\/index.php\/wp-json\/wp\/v2\/comments?post=19522"}],"wp:featuredmedia":[{"embeddable":true,"href":"https:\/\/eurosdiscounts.com\/index.php\/wp-json\/wp\/v2\/media\/19528"}],"wp:attachment":[{"href":"https:\/\/eurosdiscounts.com\/index.php\/wp-json\/wp\/v2\/media?parent=19522"}],"wp:term":[{"taxonomy":"product_cat","embeddable":true,"href":"https:\/\/eurosdiscounts.com\/index.php\/wp-json\/wp\/v2\/product_cat?post=19522"},{"taxonomy":"product_tag","embeddable":true,"href":"https:\/\/eurosdiscounts.com\/index.php\/wp-json\/wp\/v2\/product_tag?post=19522"}],"curies":[{"name":"wp","href":"https:\/\/api.w.org\/{rel}","templated":true}]}}