{"id":19480,"date":"2023-03-29T20:22:05","date_gmt":"2023-03-29T18:22:05","guid":{"rendered":"https:\/\/eurosdiscounts.com\/?post_type=product&#038;p=19480"},"modified":"2023-03-29T20:22:05","modified_gmt":"2023-03-29T18:22:05","slug":"canape-a-3-places-beige-180-cm-tissu-microfibre","status":"publish","type":"product","link":"https:\/\/eurosdiscounts.com\/index.php\/produit\/canape-a-3-places-beige-180-cm-tissu-microfibre\/","title":{"rendered":"Canap\u00e9 \u00e0 3 places Beige 180 cm Tissu microfibre"},"content":{"rendered":"<h2 class=\"title h4\">Description<\/h2>\n<div class=\"value content\">\n<p>Ce canap\u00e9 \u00e0 3 places est un excellent endroit pour discuter, lire, regarder la t\u00e9l\u00e9vision ou simplement vous d\u00e9tendre. Il est destin\u00e9 \u00e0 \u00eatre un point central dans votre maison.<\/p>\n<p>&nbsp;<\/p>\n<ul>\n<li>Microfibre r\u00e9sistant : le microfibre est un tissu synth\u00e9tique compos\u00e9 de fibres ultra-fines, particuli\u00e8rement r\u00e9sistantes aux taches. Le tissu en microfibre est un excellent choix pour le rembourrage des meubles en raison de sa durabilit\u00e9 et de son nettoyage facile.<\/li>\n<li>Cadre robuste et stable : le cadre en contreplaqu\u00e9 et en m\u00e9tal du canap\u00e9 de salon assure robustesse et stabilit\u00e9.<\/li>\n<li>Exp\u00e9rience d&rsquo;assise confortable : le canap\u00e9 est tr\u00e8s confortable avec les si\u00e8ges, les accoudoirs et les oreillers de dossier bien rembourr\u00e9s.<\/li>\n<li>Design accrocheur : dot\u00e9 d&rsquo;un design simple mais moderne, ce canap\u00e9 est destin\u00e9 \u00e0 attirer l&rsquo;attention dans votre chambre.<\/li>\n<\/ul>\n<p>&nbsp;<\/p>\n<p>Remarque :<\/p>\n<ul>\n<li>Chaque produit est livr\u00e9 avec un manuel de montage dans la bo\u00eete pour un montage facile.<\/li>\n<\/ul>\n<\/div>\n","protected":false},"excerpt":{"rendered":"<h2 class=\"title heading-style--4\">Sp\u00e9cifications<\/h2>\n<div class=\"value content\">\n<ul>\n<li>Couleur : beige<\/li>\n<li>Mat\u00e9riau : tissu microfibre (100 % polyester), contreplaqu\u00e9, m\u00e9tal<\/li>\n<li>Mat\u00e9riau de remplissage : mousse<\/li>\n<li>Dimensions totales : 210 x 77 x 80 cm (l x P x H)<\/li>\n<li>Largeur du si\u00e8ge : 180 cm<\/li>\n<li>Profondeur du si\u00e8ge : 50 cm<\/li>\n<li>Hauteur du si\u00e8ge \u00e0 partir du sol : 41 cm<\/li>\n<li>Hauteur des accoudoirs \u00e0 partir du sol : 65 cm<\/li>\n<li>EAN: 8720287185352<\/li>\n<li>Marque: vidaXL<\/li>\n<\/ul>\n<\/div>\n","protected":false},"featured_media":19489,"comment_status":"open","ping_status":"closed","template":"","meta":[],"product_cat":[248],"product_tag":[],"class_list":{"0":"post-19480","1":"product","2":"type-product","3":"status-publish","4":"has-post-thumbnail","6":"product_cat-clic-clac","8":"first","9":"instock","10":"shipping-taxable","11":"purchasable","12":"product-type-simple","13":"col-xs-6 col-sm-4","14":"col-md-3 col-lg-3","15":"un-4-cols"},"yoast_head":"<!-- This site is optimized with the Yoast SEO plugin v27.0 - https:\/\/yoast.com\/product\/yoast-seo-wordpress\/ -->\n<title>Canap\u00e9 \u00e0 3 places Beige 180 cm Tissu microfibre - Eurosdiscounts.com- Achat sur Internet a prix discount, Canap\u00e9s pas cher, Smartphone pas cher, pc portable pas cher..<\/title>\n<meta name=\"description\" content=\"Canap\u00e9 \u00e0 3 places Beige 180 cm Tissu microfibre\" \/>\n<meta name=\"robots\" content=\"index, follow, max-snippet:-1, max-image-preview:large, max-video-preview:-1\" \/>\n<link rel=\"canonical\" href=\"https:\/\/eurosdiscounts.com\/index.php\/produit\/canape-a-3-places-beige-180-cm-tissu-microfibre\/\" \/>\n<meta property=\"og:locale\" content=\"fr_FR\" \/>\n<meta property=\"og:type\" content=\"article\" \/>\n<meta property=\"og:title\" content=\"Canap\u00e9 \u00e0 3 places Beige 180 cm Tissu microfibre - Eurosdiscounts.com- Achat sur Internet a prix discount, Canap\u00e9s pas cher, Smartphone pas cher, pc portable pas cher..\" \/>\n<meta property=\"og:description\" content=\"Canap\u00e9 \u00e0 3 places Beige 180 cm Tissu microfibre\" \/>\n<meta property=\"og:url\" content=\"https:\/\/eurosdiscounts.com\/index.php\/produit\/canape-a-3-places-beige-180-cm-tissu-microfibre\/\" \/>\n<meta property=\"og:site_name\" content=\"Eurosdiscounts.com- Achat sur Internet a prix discount, Canap\u00e9s pas cher, Smartphone pas cher, pc portable pas cher..\" \/>\n<meta property=\"og:image\" content=\"https:\/\/eurosdiscounts.com\/wp-content\/uploads\/2023\/03\/image_3_349232.jpg\" \/>\n\t<meta property=\"og:image:width\" content=\"400\" \/>\n\t<meta property=\"og:image:height\" content=\"400\" \/>\n\t<meta property=\"og:image:type\" content=\"image\/jpeg\" \/>\n<meta name=\"twitter:card\" content=\"summary_large_image\" \/>\n<meta name=\"twitter:label1\" content=\"Dur\u00e9e de lecture estim\u00e9e\" \/>\n\t<meta name=\"twitter:data1\" content=\"1 minute\" \/>\n<script type=\"application\/ld+json\" class=\"yoast-schema-graph\">{\"@context\":\"https:\/\/schema.org\",\"@graph\":[{\"@type\":\"WebPage\",\"@id\":\"https:\/\/eurosdiscounts.com\/index.php\/produit\/canape-a-3-places-beige-180-cm-tissu-microfibre\/\",\"url\":\"https:\/\/eurosdiscounts.com\/index.php\/produit\/canape-a-3-places-beige-180-cm-tissu-microfibre\/\",\"name\":\"Canap\u00e9 \u00e0 3 places Beige 180 cm Tissu microfibre - Eurosdiscounts.com- Achat sur Internet a prix discount, Canap\u00e9s pas cher, Smartphone pas cher, pc portable pas cher..\",\"isPartOf\":{\"@id\":\"https:\/\/eurosdiscounts.com\/#website\"},\"primaryImageOfPage\":{\"@id\":\"https:\/\/eurosdiscounts.com\/index.php\/produit\/canape-a-3-places-beige-180-cm-tissu-microfibre\/#primaryimage\"},\"image\":{\"@id\":\"https:\/\/eurosdiscounts.com\/index.php\/produit\/canape-a-3-places-beige-180-cm-tissu-microfibre\/#primaryimage\"},\"thumbnailUrl\":\"https:\/\/eurosdiscounts.com\/wp-content\/uploads\/2023\/03\/image_3_349232.jpg\",\"datePublished\":\"2023-03-29T18:22:05+00:00\",\"description\":\"Canap\u00e9 \u00e0 3 places Beige 180 cm Tissu microfibre\",\"breadcrumb\":{\"@id\":\"https:\/\/eurosdiscounts.com\/index.php\/produit\/canape-a-3-places-beige-180-cm-tissu-microfibre\/#breadcrumb\"},\"inLanguage\":\"fr-FR\",\"potentialAction\":[{\"@type\":\"ReadAction\",\"target\":[\"https:\/\/eurosdiscounts.com\/index.php\/produit\/canape-a-3-places-beige-180-cm-tissu-microfibre\/\"]}]},{\"@type\":\"ImageObject\",\"inLanguage\":\"fr-FR\",\"@id\":\"https:\/\/eurosdiscounts.com\/index.php\/produit\/canape-a-3-places-beige-180-cm-tissu-microfibre\/#primaryimage\",\"url\":\"https:\/\/eurosdiscounts.com\/wp-content\/uploads\/2023\/03\/image_3_349232.jpg\",\"contentUrl\":\"https:\/\/eurosdiscounts.com\/wp-content\/uploads\/2023\/03\/image_3_349232.jpg\",\"width\":400,\"height\":400},{\"@type\":\"BreadcrumbList\",\"@id\":\"https:\/\/eurosdiscounts.com\/index.php\/produit\/canape-a-3-places-beige-180-cm-tissu-microfibre\/#breadcrumb\",\"itemListElement\":[{\"@type\":\"ListItem\",\"position\":1,\"name\":\"Accueil\",\"item\":\"https:\/\/eurosdiscounts.com\/\"},{\"@type\":\"ListItem\",\"position\":2,\"name\":\"Boutique\",\"item\":\"https:\/\/eurosdiscounts.com\/index.php\/boutique\/\"},{\"@type\":\"ListItem\",\"position\":3,\"name\":\"Canap\u00e9 \u00e0 3 places Beige 180 cm Tissu microfibre\"}]},{\"@type\":\"WebSite\",\"@id\":\"https:\/\/eurosdiscounts.com\/#website\",\"url\":\"https:\/\/eurosdiscounts.com\/\",\"name\":\"Eurosdiscounts.com- Achat sur Internet a prix discount, Canap\u00e9s pas cher, Smartphone pas cher, pc portable pas cher..\",\"description\":\"Eurosdiscounts.com- Achat sur Internet a prix discount, Canap\u00e9s pas cher, Smartphone pas cher, pc portable pas cher..\",\"potentialAction\":[{\"@type\":\"SearchAction\",\"target\":{\"@type\":\"EntryPoint\",\"urlTemplate\":\"https:\/\/eurosdiscounts.com\/?s={search_term_string}\"},\"query-input\":{\"@type\":\"PropertyValueSpecification\",\"valueRequired\":true,\"valueName\":\"search_term_string\"}}],\"inLanguage\":\"fr-FR\"}]}<\/script>\n<!-- \/ Yoast SEO plugin. -->","yoast_head_json":{"title":"Canap\u00e9 \u00e0 3 places Beige 180 cm Tissu microfibre - Eurosdiscounts.com- Achat sur Internet a prix discount, Canap\u00e9s pas cher, Smartphone pas cher, pc portable pas cher..","description":"Canap\u00e9 \u00e0 3 places Beige 180 cm Tissu microfibre","robots":{"index":"index","follow":"follow","max-snippet":"max-snippet:-1","max-image-preview":"max-image-preview:large","max-video-preview":"max-video-preview:-1"},"canonical":"https:\/\/eurosdiscounts.com\/index.php\/produit\/canape-a-3-places-beige-180-cm-tissu-microfibre\/","og_locale":"fr_FR","og_type":"article","og_title":"Canap\u00e9 \u00e0 3 places Beige 180 cm Tissu microfibre - Eurosdiscounts.com- Achat sur Internet a prix discount, Canap\u00e9s pas cher, Smartphone pas cher, pc portable pas cher..","og_description":"Canap\u00e9 \u00e0 3 places Beige 180 cm Tissu microfibre","og_url":"https:\/\/eurosdiscounts.com\/index.php\/produit\/canape-a-3-places-beige-180-cm-tissu-microfibre\/","og_site_name":"Eurosdiscounts.com- Achat sur Internet a prix discount, Canap\u00e9s pas cher, Smartphone pas cher, pc portable pas cher..","og_image":[{"width":400,"height":400,"url":"https:\/\/eurosdiscounts.com\/wp-content\/uploads\/2023\/03\/image_3_349232.jpg","type":"image\/jpeg"}],"twitter_card":"summary_large_image","twitter_misc":{"Dur\u00e9e de lecture estim\u00e9e":"1 minute"},"schema":{"@context":"https:\/\/schema.org","@graph":[{"@type":"WebPage","@id":"https:\/\/eurosdiscounts.com\/index.php\/produit\/canape-a-3-places-beige-180-cm-tissu-microfibre\/","url":"https:\/\/eurosdiscounts.com\/index.php\/produit\/canape-a-3-places-beige-180-cm-tissu-microfibre\/","name":"Canap\u00e9 \u00e0 3 places Beige 180 cm Tissu microfibre - Eurosdiscounts.com- Achat sur Internet a prix discount, Canap\u00e9s pas cher, Smartphone pas cher, pc portable pas cher..","isPartOf":{"@id":"https:\/\/eurosdiscounts.com\/#website"},"primaryImageOfPage":{"@id":"https:\/\/eurosdiscounts.com\/index.php\/produit\/canape-a-3-places-beige-180-cm-tissu-microfibre\/#primaryimage"},"image":{"@id":"https:\/\/eurosdiscounts.com\/index.php\/produit\/canape-a-3-places-beige-180-cm-tissu-microfibre\/#primaryimage"},"thumbnailUrl":"https:\/\/eurosdiscounts.com\/wp-content\/uploads\/2023\/03\/image_3_349232.jpg","datePublished":"2023-03-29T18:22:05+00:00","description":"Canap\u00e9 \u00e0 3 places Beige 180 cm Tissu microfibre","breadcrumb":{"@id":"https:\/\/eurosdiscounts.com\/index.php\/produit\/canape-a-3-places-beige-180-cm-tissu-microfibre\/#breadcrumb"},"inLanguage":"fr-FR","potentialAction":[{"@type":"ReadAction","target":["https:\/\/eurosdiscounts.com\/index.php\/produit\/canape-a-3-places-beige-180-cm-tissu-microfibre\/"]}]},{"@type":"ImageObject","inLanguage":"fr-FR","@id":"https:\/\/eurosdiscounts.com\/index.php\/produit\/canape-a-3-places-beige-180-cm-tissu-microfibre\/#primaryimage","url":"https:\/\/eurosdiscounts.com\/wp-content\/uploads\/2023\/03\/image_3_349232.jpg","contentUrl":"https:\/\/eurosdiscounts.com\/wp-content\/uploads\/2023\/03\/image_3_349232.jpg","width":400,"height":400},{"@type":"BreadcrumbList","@id":"https:\/\/eurosdiscounts.com\/index.php\/produit\/canape-a-3-places-beige-180-cm-tissu-microfibre\/#breadcrumb","itemListElement":[{"@type":"ListItem","position":1,"name":"Accueil","item":"https:\/\/eurosdiscounts.com\/"},{"@type":"ListItem","position":2,"name":"Boutique","item":"https:\/\/eurosdiscounts.com\/index.php\/boutique\/"},{"@type":"ListItem","position":3,"name":"Canap\u00e9 \u00e0 3 places Beige 180 cm Tissu microfibre"}]},{"@type":"WebSite","@id":"https:\/\/eurosdiscounts.com\/#website","url":"https:\/\/eurosdiscounts.com\/","name":"Eurosdiscounts.com- Achat sur Internet a prix discount, Canap\u00e9s pas cher, Smartphone pas cher, pc portable pas cher..","description":"Eurosdiscounts.com- Achat sur Internet a prix discount, Canap\u00e9s pas cher, Smartphone pas cher, pc portable pas cher..","potentialAction":[{"@type":"SearchAction","target":{"@type":"EntryPoint","urlTemplate":"https:\/\/eurosdiscounts.com\/?s={search_term_string}"},"query-input":{"@type":"PropertyValueSpecification","valueRequired":true,"valueName":"search_term_string"}}],"inLanguage":"fr-FR"}]}},"_links":{"self":[{"href":"https:\/\/eurosdiscounts.com\/index.php\/wp-json\/wp\/v2\/product\/19480","targetHints":{"allow":["GET"]}}],"collection":[{"href":"https:\/\/eurosdiscounts.com\/index.php\/wp-json\/wp\/v2\/product"}],"about":[{"href":"https:\/\/eurosdiscounts.com\/index.php\/wp-json\/wp\/v2\/types\/product"}],"replies":[{"embeddable":true,"href":"https:\/\/eurosdiscounts.com\/index.php\/wp-json\/wp\/v2\/comments?post=19480"}],"wp:featuredmedia":[{"embeddable":true,"href":"https:\/\/eurosdiscounts.com\/index.php\/wp-json\/wp\/v2\/media\/19489"}],"wp:attachment":[{"href":"https:\/\/eurosdiscounts.com\/index.php\/wp-json\/wp\/v2\/media?parent=19480"}],"wp:term":[{"taxonomy":"product_cat","embeddable":true,"href":"https:\/\/eurosdiscounts.com\/index.php\/wp-json\/wp\/v2\/product_cat?post=19480"},{"taxonomy":"product_tag","embeddable":true,"href":"https:\/\/eurosdiscounts.com\/index.php\/wp-json\/wp\/v2\/product_tag?post=19480"}],"curies":[{"name":"wp","href":"https:\/\/api.w.org\/{rel}","templated":true}]}}