{"id":19449,"date":"2023-03-29T00:12:37","date_gmt":"2023-03-28T22:12:37","guid":{"rendered":"https:\/\/eurosdiscounts.com\/?post_type=product&#038;p=19449"},"modified":"2023-03-29T00:12:38","modified_gmt":"2023-03-28T22:12:38","slug":"canape-angle-convertible-tissu-texture-ginosa","status":"publish","type":"product","link":"https:\/\/eurosdiscounts.com\/index.php\/produit\/canape-angle-convertible-tissu-texture-ginosa\/","title":{"rendered":"Canap\u00e9 angle convertible tissu textur\u00e9, Ginosa"},"content":{"rendered":"<div id=\"productDescriptionHeading\" class=\"pdp-subtitle\">Description d\u00e9taill\u00e9e<\/div>\n<div class=\"row pdp-secondary-info\">\n<div class=\"col-xs-12 col-sm-6\">\n<div id=\"pdpDescriptionContainer\" class=\"pdp-description-container\">\n<div id=\"productDescription_551305956\" class=\"pdp-description\" aria-labelledby=\"productDescriptionHeading\" data-cerberus=\"pdp-product-fulldescription\">\n<div id=\"productReference_551305956\" class=\"margin-b--1\" data-label=\"R\u00e9f\u00e9rence\"><\/div>\n<div id=\"mainProductDescription\">\n<div id=\"seo-description\">Envie d\u2019un cocon dans le salon ? Voici Ginosa : un canap\u00e9 confortable et convivial fabriqu\u00e9 en France. Son volume, sa profondeur d\u2019assise et son rev\u00eatement textur\u00e9 sont directement inspir\u00e9s des 70\u2019s.<\/div>\n<p>C\u00f4t\u00e9 fonctionnalit\u00e9 : il se transforme en couchage d\u2019un simple pivotement. Pratique non ?<\/p>\n<p><b>Confort\u00a0d\u2019assise\u00a0:<\/b>\u00a0\u00e9quilibr\u00e9<br \/>\n<b>Confort\u00a0de\u00a0dossier\u00a0:<\/b>\u00a0\u00e9quilibr\u00e9<\/p>\n<p><b>Garnissage<\/b><br \/>\n\u2022\u00a0\u00a0Assise (2 coussins) : mousse poly\u00e9ther densit\u00e9 28kg\/m3 + chapeau mousse polyur\u00e9thane 23kg\/m recouverte de ouate polyester 160g\/m2<br \/>\n\u2022\u00a0\u00a0Dossier (3 coussins) : mousse polyur\u00e9thane HR 23kg\/m3 recouverte de ouate polyester 500g\/m2<br \/>\n\u2022\u00a0\u00a0Structure : mousse poly\u00e9ther 16 kg\/m3 \u00e9paisseur 10 mm.<br \/>\n\u2022\u00a0\u00a0Accoudoirs : mousse polyur\u00e9thane HR 23 kg\/m3 et ouate polyester 500g\/m2<\/p>\n<p><b>Couchage<\/b><br \/>\n\u2022\u00a0\u00a0Matelas : mousse poly\u00e9ther densit\u00e9 28kg\/m3 \u00e9paisseur 16 cm<\/p>\n<p><b>Entretien<\/b><br \/>\n\u2022\u00a0\u00a0Non d\u00e9houssable<\/p>\n<p><b>Qualit\u00e9<\/b><br \/>\n\u2022\u00a0\u00a0Garantie commerciale La Redoute 5 ans : structure<br \/>\n\u2022\u00a0\u00a0Garantie l\u00e9gale 2 ans : rev\u00eatement<\/p>\n<p><b>Livraison<\/b><br \/>\n\u2022\u00a0\u00a0Votre produit sera livr\u00e9 chez vous, sur rendez-vous.<br \/>\n\u2022\u00a0\u00a0Attention ! Veuillez v\u00e9rifier que les ouvertures (portes, escaliers, ascenseurs) permettront le passage du colis lors de la livraison.<\/p>\n<p><b>Dimensions et poids du colis<\/b><br \/>\n2 colis<br \/>\n\u2022\u00a0\u00a0L190 x H71 x P100 cm. 51,9 kg<br \/>\n\u2022\u00a0\u00a0L228 x H71 x P100 cm. 53,3 kg<\/p>\n<\/div>\n<\/div>\n<\/div>\n<\/div>\n<\/div>\n","protected":false},"excerpt":{"rendered":"<p><b>Dimensions<\/b><br \/>\n\u2022\u00a0\u00a0Longueur\u00a0: 284 cm<br \/>\n\u2022\u00a0\u00a0Hauteur\u00a0: 69 cm<br \/>\n\u2022\u00a0\u00a0Profondeur\u00a0: 216 cm<br \/>\n\u2022\u00a0\u00a0Assise : L256 x H43 x P69 cm<br \/>\n\u2022\u00a0\u00a0Couchage : Largeur 140cm x longueur 186cm x \u00e9paisseur 16cm<br \/>\n\u2022\u00a0\u00a0Poids : 99 kg<\/p>\n","protected":false},"featured_media":19450,"comment_status":"open","ping_status":"closed","template":"","meta":[],"product_cat":[214],"product_tag":[],"class_list":{"0":"post-19449","1":"product","2":"type-product","3":"status-publish","4":"has-post-thumbnail","6":"product_cat-canapes","8":"first","9":"instock","10":"sale","11":"shipping-taxable","12":"purchasable","13":"product-type-simple","14":"col-xs-6 col-sm-4","15":"col-md-3 col-lg-3","16":"un-4-cols"},"yoast_head":"<!-- This site is optimized with the Yoast SEO plugin v27.0 - https:\/\/yoast.com\/product\/yoast-seo-wordpress\/ -->\n<title>Canap\u00e9 angle convertible tissu textur\u00e9, Ginosa - Eurosdiscounts.com- Achat sur Internet a prix discount, Canap\u00e9s pas cher, Smartphone pas cher, pc portable pas cher..<\/title>\n<meta name=\"description\" content=\"Canap\u00e9 angle convertible tissu textur\u00e9, Ginosa\" \/>\n<meta name=\"robots\" content=\"index, follow, max-snippet:-1, max-image-preview:large, max-video-preview:-1\" \/>\n<link rel=\"canonical\" href=\"https:\/\/eurosdiscounts.com\/index.php\/produit\/canape-angle-convertible-tissu-texture-ginosa\/\" \/>\n<meta property=\"og:locale\" content=\"fr_FR\" \/>\n<meta property=\"og:type\" content=\"article\" \/>\n<meta property=\"og:title\" content=\"Canap\u00e9 angle convertible tissu textur\u00e9, Ginosa - Eurosdiscounts.com- Achat sur Internet a prix discount, Canap\u00e9s pas cher, Smartphone pas cher, pc portable pas cher..\" \/>\n<meta property=\"og:description\" content=\"Canap\u00e9 angle convertible tissu textur\u00e9, Ginosa\" \/>\n<meta property=\"og:url\" content=\"https:\/\/eurosdiscounts.com\/index.php\/produit\/canape-angle-convertible-tissu-texture-ginosa\/\" \/>\n<meta property=\"og:site_name\" content=\"Eurosdiscounts.com- Achat sur Internet a prix discount, Canap\u00e9s pas cher, Smartphone pas cher, pc portable pas cher..\" \/>\n<meta property=\"article:modified_time\" content=\"2023-03-28T22:12:38+00:00\" \/>\n<meta property=\"og:image\" content=\"https:\/\/eurosdiscounts.com\/wp-content\/uploads\/2023\/03\/fb029aa8f142f06419e5989578b25079.webp\" \/>\n\t<meta property=\"og:image:width\" content=\"900\" \/>\n\t<meta property=\"og:image:height\" content=\"900\" \/>\n\t<meta property=\"og:image:type\" content=\"image\/webp\" \/>\n<meta name=\"twitter:card\" content=\"summary_large_image\" \/>\n<meta name=\"twitter:label1\" content=\"Dur\u00e9e de lecture estim\u00e9e\" \/>\n\t<meta name=\"twitter:data1\" content=\"1 minute\" \/>\n<script type=\"application\/ld+json\" class=\"yoast-schema-graph\">{\"@context\":\"https:\/\/schema.org\",\"@graph\":[{\"@type\":\"WebPage\",\"@id\":\"https:\/\/eurosdiscounts.com\/index.php\/produit\/canape-angle-convertible-tissu-texture-ginosa\/\",\"url\":\"https:\/\/eurosdiscounts.com\/index.php\/produit\/canape-angle-convertible-tissu-texture-ginosa\/\",\"name\":\"Canap\u00e9 angle convertible tissu textur\u00e9, Ginosa - Eurosdiscounts.com- Achat sur Internet a prix discount, Canap\u00e9s pas cher, Smartphone pas cher, pc portable pas cher..\",\"isPartOf\":{\"@id\":\"https:\/\/eurosdiscounts.com\/#website\"},\"primaryImageOfPage\":{\"@id\":\"https:\/\/eurosdiscounts.com\/index.php\/produit\/canape-angle-convertible-tissu-texture-ginosa\/#primaryimage\"},\"image\":{\"@id\":\"https:\/\/eurosdiscounts.com\/index.php\/produit\/canape-angle-convertible-tissu-texture-ginosa\/#primaryimage\"},\"thumbnailUrl\":\"https:\/\/eurosdiscounts.com\/wp-content\/uploads\/2023\/03\/fb029aa8f142f06419e5989578b25079.webp\",\"datePublished\":\"2023-03-28T22:12:37+00:00\",\"dateModified\":\"2023-03-28T22:12:38+00:00\",\"description\":\"Canap\u00e9 angle convertible tissu textur\u00e9, Ginosa\",\"breadcrumb\":{\"@id\":\"https:\/\/eurosdiscounts.com\/index.php\/produit\/canape-angle-convertible-tissu-texture-ginosa\/#breadcrumb\"},\"inLanguage\":\"fr-FR\",\"potentialAction\":[{\"@type\":\"ReadAction\",\"target\":[\"https:\/\/eurosdiscounts.com\/index.php\/produit\/canape-angle-convertible-tissu-texture-ginosa\/\"]}]},{\"@type\":\"ImageObject\",\"inLanguage\":\"fr-FR\",\"@id\":\"https:\/\/eurosdiscounts.com\/index.php\/produit\/canape-angle-convertible-tissu-texture-ginosa\/#primaryimage\",\"url\":\"https:\/\/eurosdiscounts.com\/wp-content\/uploads\/2023\/03\/fb029aa8f142f06419e5989578b25079.webp\",\"contentUrl\":\"https:\/\/eurosdiscounts.com\/wp-content\/uploads\/2023\/03\/fb029aa8f142f06419e5989578b25079.webp\",\"width\":900,\"height\":900},{\"@type\":\"BreadcrumbList\",\"@id\":\"https:\/\/eurosdiscounts.com\/index.php\/produit\/canape-angle-convertible-tissu-texture-ginosa\/#breadcrumb\",\"itemListElement\":[{\"@type\":\"ListItem\",\"position\":1,\"name\":\"Accueil\",\"item\":\"https:\/\/eurosdiscounts.com\/\"},{\"@type\":\"ListItem\",\"position\":2,\"name\":\"Boutique\",\"item\":\"https:\/\/eurosdiscounts.com\/index.php\/boutique\/\"},{\"@type\":\"ListItem\",\"position\":3,\"name\":\"Canap\u00e9 angle convertible tissu textur\u00e9, Ginosa\"}]},{\"@type\":\"WebSite\",\"@id\":\"https:\/\/eurosdiscounts.com\/#website\",\"url\":\"https:\/\/eurosdiscounts.com\/\",\"name\":\"Eurosdiscounts.com- Achat sur Internet a prix discount, Canap\u00e9s pas cher, Smartphone pas cher, pc portable pas cher..\",\"description\":\"Eurosdiscounts.com- Achat sur Internet a prix discount, Canap\u00e9s pas cher, Smartphone pas cher, pc portable pas cher..\",\"potentialAction\":[{\"@type\":\"SearchAction\",\"target\":{\"@type\":\"EntryPoint\",\"urlTemplate\":\"https:\/\/eurosdiscounts.com\/?s={search_term_string}\"},\"query-input\":{\"@type\":\"PropertyValueSpecification\",\"valueRequired\":true,\"valueName\":\"search_term_string\"}}],\"inLanguage\":\"fr-FR\"}]}<\/script>\n<!-- \/ Yoast SEO plugin. -->","yoast_head_json":{"title":"Canap\u00e9 angle convertible tissu textur\u00e9, Ginosa - Eurosdiscounts.com- Achat sur Internet a prix discount, Canap\u00e9s pas cher, Smartphone pas cher, pc portable pas cher..","description":"Canap\u00e9 angle convertible tissu textur\u00e9, Ginosa","robots":{"index":"index","follow":"follow","max-snippet":"max-snippet:-1","max-image-preview":"max-image-preview:large","max-video-preview":"max-video-preview:-1"},"canonical":"https:\/\/eurosdiscounts.com\/index.php\/produit\/canape-angle-convertible-tissu-texture-ginosa\/","og_locale":"fr_FR","og_type":"article","og_title":"Canap\u00e9 angle convertible tissu textur\u00e9, Ginosa - Eurosdiscounts.com- Achat sur Internet a prix discount, Canap\u00e9s pas cher, Smartphone pas cher, pc portable pas cher..","og_description":"Canap\u00e9 angle convertible tissu textur\u00e9, Ginosa","og_url":"https:\/\/eurosdiscounts.com\/index.php\/produit\/canape-angle-convertible-tissu-texture-ginosa\/","og_site_name":"Eurosdiscounts.com- Achat sur Internet a prix discount, Canap\u00e9s pas cher, Smartphone pas cher, pc portable pas cher..","article_modified_time":"2023-03-28T22:12:38+00:00","og_image":[{"width":900,"height":900,"url":"https:\/\/eurosdiscounts.com\/wp-content\/uploads\/2023\/03\/fb029aa8f142f06419e5989578b25079.webp","type":"image\/webp"}],"twitter_card":"summary_large_image","twitter_misc":{"Dur\u00e9e de lecture estim\u00e9e":"1 minute"},"schema":{"@context":"https:\/\/schema.org","@graph":[{"@type":"WebPage","@id":"https:\/\/eurosdiscounts.com\/index.php\/produit\/canape-angle-convertible-tissu-texture-ginosa\/","url":"https:\/\/eurosdiscounts.com\/index.php\/produit\/canape-angle-convertible-tissu-texture-ginosa\/","name":"Canap\u00e9 angle convertible tissu textur\u00e9, Ginosa - Eurosdiscounts.com- Achat sur Internet a prix discount, Canap\u00e9s pas cher, Smartphone pas cher, pc portable pas cher..","isPartOf":{"@id":"https:\/\/eurosdiscounts.com\/#website"},"primaryImageOfPage":{"@id":"https:\/\/eurosdiscounts.com\/index.php\/produit\/canape-angle-convertible-tissu-texture-ginosa\/#primaryimage"},"image":{"@id":"https:\/\/eurosdiscounts.com\/index.php\/produit\/canape-angle-convertible-tissu-texture-ginosa\/#primaryimage"},"thumbnailUrl":"https:\/\/eurosdiscounts.com\/wp-content\/uploads\/2023\/03\/fb029aa8f142f06419e5989578b25079.webp","datePublished":"2023-03-28T22:12:37+00:00","dateModified":"2023-03-28T22:12:38+00:00","description":"Canap\u00e9 angle convertible tissu textur\u00e9, Ginosa","breadcrumb":{"@id":"https:\/\/eurosdiscounts.com\/index.php\/produit\/canape-angle-convertible-tissu-texture-ginosa\/#breadcrumb"},"inLanguage":"fr-FR","potentialAction":[{"@type":"ReadAction","target":["https:\/\/eurosdiscounts.com\/index.php\/produit\/canape-angle-convertible-tissu-texture-ginosa\/"]}]},{"@type":"ImageObject","inLanguage":"fr-FR","@id":"https:\/\/eurosdiscounts.com\/index.php\/produit\/canape-angle-convertible-tissu-texture-ginosa\/#primaryimage","url":"https:\/\/eurosdiscounts.com\/wp-content\/uploads\/2023\/03\/fb029aa8f142f06419e5989578b25079.webp","contentUrl":"https:\/\/eurosdiscounts.com\/wp-content\/uploads\/2023\/03\/fb029aa8f142f06419e5989578b25079.webp","width":900,"height":900},{"@type":"BreadcrumbList","@id":"https:\/\/eurosdiscounts.com\/index.php\/produit\/canape-angle-convertible-tissu-texture-ginosa\/#breadcrumb","itemListElement":[{"@type":"ListItem","position":1,"name":"Accueil","item":"https:\/\/eurosdiscounts.com\/"},{"@type":"ListItem","position":2,"name":"Boutique","item":"https:\/\/eurosdiscounts.com\/index.php\/boutique\/"},{"@type":"ListItem","position":3,"name":"Canap\u00e9 angle convertible tissu textur\u00e9, Ginosa"}]},{"@type":"WebSite","@id":"https:\/\/eurosdiscounts.com\/#website","url":"https:\/\/eurosdiscounts.com\/","name":"Eurosdiscounts.com- Achat sur Internet a prix discount, Canap\u00e9s pas cher, Smartphone pas cher, pc portable pas cher..","description":"Eurosdiscounts.com- Achat sur Internet a prix discount, Canap\u00e9s pas cher, Smartphone pas cher, pc portable pas cher..","potentialAction":[{"@type":"SearchAction","target":{"@type":"EntryPoint","urlTemplate":"https:\/\/eurosdiscounts.com\/?s={search_term_string}"},"query-input":{"@type":"PropertyValueSpecification","valueRequired":true,"valueName":"search_term_string"}}],"inLanguage":"fr-FR"}]}},"_links":{"self":[{"href":"https:\/\/eurosdiscounts.com\/index.php\/wp-json\/wp\/v2\/product\/19449","targetHints":{"allow":["GET"]}}],"collection":[{"href":"https:\/\/eurosdiscounts.com\/index.php\/wp-json\/wp\/v2\/product"}],"about":[{"href":"https:\/\/eurosdiscounts.com\/index.php\/wp-json\/wp\/v2\/types\/product"}],"replies":[{"embeddable":true,"href":"https:\/\/eurosdiscounts.com\/index.php\/wp-json\/wp\/v2\/comments?post=19449"}],"wp:featuredmedia":[{"embeddable":true,"href":"https:\/\/eurosdiscounts.com\/index.php\/wp-json\/wp\/v2\/media\/19450"}],"wp:attachment":[{"href":"https:\/\/eurosdiscounts.com\/index.php\/wp-json\/wp\/v2\/media?parent=19449"}],"wp:term":[{"taxonomy":"product_cat","embeddable":true,"href":"https:\/\/eurosdiscounts.com\/index.php\/wp-json\/wp\/v2\/product_cat?post=19449"},{"taxonomy":"product_tag","embeddable":true,"href":"https:\/\/eurosdiscounts.com\/index.php\/wp-json\/wp\/v2\/product_tag?post=19449"}],"curies":[{"name":"wp","href":"https:\/\/api.w.org\/{rel}","templated":true}]}}