{"id":19092,"date":"2022-07-06T16:57:28","date_gmt":"2022-07-06T14:57:28","guid":{"rendered":"https:\/\/eurosdiscounts.com\/?post_type=product&#038;p=19092"},"modified":"2025-09-26T23:10:52","modified_gmt":"2025-09-26T21:10:52","slug":"pellet-starforest-palette-de-70-sacs-de-15-kg","status":"publish","type":"product","link":"https:\/\/eurosdiscounts.com\/index.php\/produit\/pellet-starforest-palette-de-70-sacs-de-15-kg\/","title":{"rendered":"Pellet Starforest &#8211; Palette de 70 sacs de 15 kg"},"content":{"rendered":"<p>Les pellets STARFOREST vous garantissent une bonne combustion, ils sont parfaits pour les po\u00eales, inserts et chaudi\u00e8res \u00e0 granul\u00e9s.<\/p>\n<p>Ils sont de tr\u00e8s bonne qualit\u00e9 avec un prix tr\u00e8s abordable, en choisissant un pellet Fran\u00e7ais, vous participez \u00e0 la r\u00e9duction de CO2.<\/p>\n<p>Ils sont fabriqu\u00e9s dans l&rsquo;Est de la France et plus exactement en Champagne Ardenne.<\/p>\n<p>Avec un faible taux de poussi\u00e8res et de cendres et un pouvoir calorifique \u00e9lev\u00e9, vous n&rsquo;encrasserez pas votre chauffage.<\/p>\n<p>Si vous souhaitez un pellet DIN Plus, 100 % r\u00e9sineux, fabriqu\u00e9 en France, respectueux de l&rsquo;environnement, avec un sac recyclable aux jolies couleurs, la marque STARFOREST est faite pour vous.<\/p>\n<p>Ce pellet est de tr\u00e8s bonne qualit\u00e9 avec un pouvoir calorifique \u00e9lev\u00e9 &gt;5 kWh\/kg.<\/p>\n<p>C&rsquo;est pourquoi, choisir ce pellet c&rsquo;est choisir un pellet peut \u00eatre un peu plus cher mais au final gr\u00e2ce \u00e0 son PCI, vous regagnerez en consommation et en performance et donc vous ferez des \u00e9conomies \ud83d\ude42<\/p>\n","protected":false},"excerpt":{"rendered":"<h3 class=\"h6\">Fiche technique<\/h3>\n<dl class=\"data-sheet\">\n<dt class=\"name\">Composition : 100% r\u00e9sineux<\/dt>\n<dt class=\"name\">Certificats : DIN Plus<\/dt>\n<dt class=\"name\">Pouvoir Calorifique : Sup\u00e9rieur \u00e0 5 kWh\/kg<\/dt>\n<dt class=\"name\">Taux D&rsquo;humidit\u00e9 : Inf\u00e9rieur \u00e0 10 %<\/dt>\n<dt class=\"name\">Taux De Cendres : Inf\u00e9rieur \u00e0 0,7 %<\/dt>\n<dt class=\"name\">Taux De Poussi\u00e8re : Inf\u00e9rieur \u00e0 0,5 %<\/dt>\n<dt class=\"name\">Diam\u00e8tre : 6 mm<\/dt>\n<dt class=\"name\">Conditionnement : Palette<\/dt>\n<dt class=\"name\">Origine : France<\/dt>\n<\/dl>\n","protected":false},"featured_media":19093,"comment_status":"open","ping_status":"closed","template":"","meta":[],"product_cat":[281,254],"product_tag":[],"class_list":{"0":"post-19092","1":"product","2":"type-product","3":"status-publish","4":"has-post-thumbnail","6":"product_cat-granule-de-bois","7":"product_cat-granules-de-bois-et-pellets","9":"first","10":"instock","11":"sale","12":"shipping-taxable","13":"purchasable","14":"product-type-simple","15":"col-xs-6 col-sm-4","16":"col-md-3 col-lg-3","17":"un-4-cols"},"yoast_head":"<!-- This site is optimized with the Yoast SEO plugin v27.0 - https:\/\/yoast.com\/product\/yoast-seo-wordpress\/ -->\n<title>Pellet Starforest - Palette de 70 sacs de 15 kg - Eurosdiscounts.com- Achat sur Internet a prix discount, Canap\u00e9s pas cher, Smartphone pas cher, pc portable pas cher..<\/title>\n<meta name=\"description\" content=\"Pellet Starforest - Palette de 70 sacs de 15 kg\" \/>\n<meta name=\"robots\" content=\"index, follow, max-snippet:-1, max-image-preview:large, max-video-preview:-1\" \/>\n<link rel=\"canonical\" href=\"https:\/\/eurosdiscounts.com\/index.php\/produit\/pellet-starforest-palette-de-70-sacs-de-15-kg\/\" \/>\n<meta property=\"og:locale\" content=\"fr_FR\" \/>\n<meta property=\"og:type\" content=\"article\" \/>\n<meta property=\"og:title\" content=\"Pellet Starforest - Palette de 70 sacs de 15 kg - Eurosdiscounts.com- Achat sur Internet a prix discount, Canap\u00e9s pas cher, Smartphone pas cher, pc portable pas cher..\" \/>\n<meta property=\"og:description\" content=\"Pellet Starforest - Palette de 70 sacs de 15 kg\" \/>\n<meta property=\"og:url\" content=\"https:\/\/eurosdiscounts.com\/index.php\/produit\/pellet-starforest-palette-de-70-sacs-de-15-kg\/\" \/>\n<meta property=\"og:site_name\" content=\"Eurosdiscounts.com- Achat sur Internet a prix discount, Canap\u00e9s pas cher, Smartphone pas cher, pc portable pas cher..\" \/>\n<meta property=\"article:modified_time\" content=\"2025-09-26T21:10:52+00:00\" \/>\n<meta property=\"og:image\" content=\"https:\/\/eurosdiscounts.com\/wp-content\/uploads\/2022\/07\/pellet-starforest-palette-de-70-sacs-de-15-kg.jpg\" \/>\n\t<meta property=\"og:image:width\" content=\"800\" \/>\n\t<meta property=\"og:image:height\" content=\"800\" \/>\n\t<meta property=\"og:image:type\" content=\"image\/jpeg\" \/>\n<meta name=\"twitter:card\" content=\"summary_large_image\" \/>\n<meta name=\"twitter:label1\" content=\"Dur\u00e9e de lecture estim\u00e9e\" \/>\n\t<meta name=\"twitter:data1\" content=\"1 minute\" \/>\n<script type=\"application\/ld+json\" class=\"yoast-schema-graph\">{\"@context\":\"https:\/\/schema.org\",\"@graph\":[{\"@type\":\"WebPage\",\"@id\":\"https:\/\/eurosdiscounts.com\/index.php\/produit\/pellet-starforest-palette-de-70-sacs-de-15-kg\/\",\"url\":\"https:\/\/eurosdiscounts.com\/index.php\/produit\/pellet-starforest-palette-de-70-sacs-de-15-kg\/\",\"name\":\"Pellet Starforest - Palette de 70 sacs de 15 kg - Eurosdiscounts.com- Achat sur Internet a prix discount, Canap\u00e9s pas cher, Smartphone pas cher, pc portable pas cher..\",\"isPartOf\":{\"@id\":\"https:\/\/eurosdiscounts.com\/#website\"},\"primaryImageOfPage\":{\"@id\":\"https:\/\/eurosdiscounts.com\/index.php\/produit\/pellet-starforest-palette-de-70-sacs-de-15-kg\/#primaryimage\"},\"image\":{\"@id\":\"https:\/\/eurosdiscounts.com\/index.php\/produit\/pellet-starforest-palette-de-70-sacs-de-15-kg\/#primaryimage\"},\"thumbnailUrl\":\"https:\/\/eurosdiscounts.com\/wp-content\/uploads\/2022\/07\/pellet-starforest-palette-de-70-sacs-de-15-kg.jpg\",\"datePublished\":\"2022-07-06T14:57:28+00:00\",\"dateModified\":\"2025-09-26T21:10:52+00:00\",\"description\":\"Pellet Starforest - Palette de 70 sacs de 15 kg\",\"breadcrumb\":{\"@id\":\"https:\/\/eurosdiscounts.com\/index.php\/produit\/pellet-starforest-palette-de-70-sacs-de-15-kg\/#breadcrumb\"},\"inLanguage\":\"fr-FR\",\"potentialAction\":[{\"@type\":\"ReadAction\",\"target\":[\"https:\/\/eurosdiscounts.com\/index.php\/produit\/pellet-starforest-palette-de-70-sacs-de-15-kg\/\"]}]},{\"@type\":\"ImageObject\",\"inLanguage\":\"fr-FR\",\"@id\":\"https:\/\/eurosdiscounts.com\/index.php\/produit\/pellet-starforest-palette-de-70-sacs-de-15-kg\/#primaryimage\",\"url\":\"https:\/\/eurosdiscounts.com\/wp-content\/uploads\/2022\/07\/pellet-starforest-palette-de-70-sacs-de-15-kg.jpg\",\"contentUrl\":\"https:\/\/eurosdiscounts.com\/wp-content\/uploads\/2022\/07\/pellet-starforest-palette-de-70-sacs-de-15-kg.jpg\",\"width\":800,\"height\":800},{\"@type\":\"BreadcrumbList\",\"@id\":\"https:\/\/eurosdiscounts.com\/index.php\/produit\/pellet-starforest-palette-de-70-sacs-de-15-kg\/#breadcrumb\",\"itemListElement\":[{\"@type\":\"ListItem\",\"position\":1,\"name\":\"Accueil\",\"item\":\"https:\/\/eurosdiscounts.com\/\"},{\"@type\":\"ListItem\",\"position\":2,\"name\":\"Boutique\",\"item\":\"https:\/\/eurosdiscounts.com\/index.php\/boutique\/\"},{\"@type\":\"ListItem\",\"position\":3,\"name\":\"Pellet Starforest &#8211; Palette de 70 sacs de 15 kg\"}]},{\"@type\":\"WebSite\",\"@id\":\"https:\/\/eurosdiscounts.com\/#website\",\"url\":\"https:\/\/eurosdiscounts.com\/\",\"name\":\"Eurosdiscounts.com- Achat sur Internet a prix discount, Canap\u00e9s pas cher, Smartphone pas cher, pc portable pas cher..\",\"description\":\"Eurosdiscounts.com- Achat sur Internet a prix discount, Canap\u00e9s pas cher, Smartphone pas cher, pc portable pas cher..\",\"potentialAction\":[{\"@type\":\"SearchAction\",\"target\":{\"@type\":\"EntryPoint\",\"urlTemplate\":\"https:\/\/eurosdiscounts.com\/?s={search_term_string}\"},\"query-input\":{\"@type\":\"PropertyValueSpecification\",\"valueRequired\":true,\"valueName\":\"search_term_string\"}}],\"inLanguage\":\"fr-FR\"}]}<\/script>\n<!-- \/ Yoast SEO plugin. -->","yoast_head_json":{"title":"Pellet Starforest - Palette de 70 sacs de 15 kg - Eurosdiscounts.com- Achat sur Internet a prix discount, Canap\u00e9s pas cher, Smartphone pas cher, pc portable pas cher..","description":"Pellet Starforest - Palette de 70 sacs de 15 kg","robots":{"index":"index","follow":"follow","max-snippet":"max-snippet:-1","max-image-preview":"max-image-preview:large","max-video-preview":"max-video-preview:-1"},"canonical":"https:\/\/eurosdiscounts.com\/index.php\/produit\/pellet-starforest-palette-de-70-sacs-de-15-kg\/","og_locale":"fr_FR","og_type":"article","og_title":"Pellet Starforest - Palette de 70 sacs de 15 kg - Eurosdiscounts.com- Achat sur Internet a prix discount, Canap\u00e9s pas cher, Smartphone pas cher, pc portable pas cher..","og_description":"Pellet Starforest - Palette de 70 sacs de 15 kg","og_url":"https:\/\/eurosdiscounts.com\/index.php\/produit\/pellet-starforest-palette-de-70-sacs-de-15-kg\/","og_site_name":"Eurosdiscounts.com- Achat sur Internet a prix discount, Canap\u00e9s pas cher, Smartphone pas cher, pc portable pas cher..","article_modified_time":"2025-09-26T21:10:52+00:00","og_image":[{"width":800,"height":800,"url":"https:\/\/eurosdiscounts.com\/wp-content\/uploads\/2022\/07\/pellet-starforest-palette-de-70-sacs-de-15-kg.jpg","type":"image\/jpeg"}],"twitter_card":"summary_large_image","twitter_misc":{"Dur\u00e9e de lecture estim\u00e9e":"1 minute"},"schema":{"@context":"https:\/\/schema.org","@graph":[{"@type":"WebPage","@id":"https:\/\/eurosdiscounts.com\/index.php\/produit\/pellet-starforest-palette-de-70-sacs-de-15-kg\/","url":"https:\/\/eurosdiscounts.com\/index.php\/produit\/pellet-starforest-palette-de-70-sacs-de-15-kg\/","name":"Pellet Starforest - Palette de 70 sacs de 15 kg - Eurosdiscounts.com- Achat sur Internet a prix discount, Canap\u00e9s pas cher, Smartphone pas cher, pc portable pas cher..","isPartOf":{"@id":"https:\/\/eurosdiscounts.com\/#website"},"primaryImageOfPage":{"@id":"https:\/\/eurosdiscounts.com\/index.php\/produit\/pellet-starforest-palette-de-70-sacs-de-15-kg\/#primaryimage"},"image":{"@id":"https:\/\/eurosdiscounts.com\/index.php\/produit\/pellet-starforest-palette-de-70-sacs-de-15-kg\/#primaryimage"},"thumbnailUrl":"https:\/\/eurosdiscounts.com\/wp-content\/uploads\/2022\/07\/pellet-starforest-palette-de-70-sacs-de-15-kg.jpg","datePublished":"2022-07-06T14:57:28+00:00","dateModified":"2025-09-26T21:10:52+00:00","description":"Pellet Starforest - Palette de 70 sacs de 15 kg","breadcrumb":{"@id":"https:\/\/eurosdiscounts.com\/index.php\/produit\/pellet-starforest-palette-de-70-sacs-de-15-kg\/#breadcrumb"},"inLanguage":"fr-FR","potentialAction":[{"@type":"ReadAction","target":["https:\/\/eurosdiscounts.com\/index.php\/produit\/pellet-starforest-palette-de-70-sacs-de-15-kg\/"]}]},{"@type":"ImageObject","inLanguage":"fr-FR","@id":"https:\/\/eurosdiscounts.com\/index.php\/produit\/pellet-starforest-palette-de-70-sacs-de-15-kg\/#primaryimage","url":"https:\/\/eurosdiscounts.com\/wp-content\/uploads\/2022\/07\/pellet-starforest-palette-de-70-sacs-de-15-kg.jpg","contentUrl":"https:\/\/eurosdiscounts.com\/wp-content\/uploads\/2022\/07\/pellet-starforest-palette-de-70-sacs-de-15-kg.jpg","width":800,"height":800},{"@type":"BreadcrumbList","@id":"https:\/\/eurosdiscounts.com\/index.php\/produit\/pellet-starforest-palette-de-70-sacs-de-15-kg\/#breadcrumb","itemListElement":[{"@type":"ListItem","position":1,"name":"Accueil","item":"https:\/\/eurosdiscounts.com\/"},{"@type":"ListItem","position":2,"name":"Boutique","item":"https:\/\/eurosdiscounts.com\/index.php\/boutique\/"},{"@type":"ListItem","position":3,"name":"Pellet Starforest &#8211; Palette de 70 sacs de 15 kg"}]},{"@type":"WebSite","@id":"https:\/\/eurosdiscounts.com\/#website","url":"https:\/\/eurosdiscounts.com\/","name":"Eurosdiscounts.com- Achat sur Internet a prix discount, Canap\u00e9s pas cher, Smartphone pas cher, pc portable pas cher..","description":"Eurosdiscounts.com- Achat sur Internet a prix discount, Canap\u00e9s pas cher, Smartphone pas cher, pc portable pas cher..","potentialAction":[{"@type":"SearchAction","target":{"@type":"EntryPoint","urlTemplate":"https:\/\/eurosdiscounts.com\/?s={search_term_string}"},"query-input":{"@type":"PropertyValueSpecification","valueRequired":true,"valueName":"search_term_string"}}],"inLanguage":"fr-FR"}]}},"_links":{"self":[{"href":"https:\/\/eurosdiscounts.com\/index.php\/wp-json\/wp\/v2\/product\/19092","targetHints":{"allow":["GET"]}}],"collection":[{"href":"https:\/\/eurosdiscounts.com\/index.php\/wp-json\/wp\/v2\/product"}],"about":[{"href":"https:\/\/eurosdiscounts.com\/index.php\/wp-json\/wp\/v2\/types\/product"}],"replies":[{"embeddable":true,"href":"https:\/\/eurosdiscounts.com\/index.php\/wp-json\/wp\/v2\/comments?post=19092"}],"wp:featuredmedia":[{"embeddable":true,"href":"https:\/\/eurosdiscounts.com\/index.php\/wp-json\/wp\/v2\/media\/19093"}],"wp:attachment":[{"href":"https:\/\/eurosdiscounts.com\/index.php\/wp-json\/wp\/v2\/media?parent=19092"}],"wp:term":[{"taxonomy":"product_cat","embeddable":true,"href":"https:\/\/eurosdiscounts.com\/index.php\/wp-json\/wp\/v2\/product_cat?post=19092"},{"taxonomy":"product_tag","embeddable":true,"href":"https:\/\/eurosdiscounts.com\/index.php\/wp-json\/wp\/v2\/product_tag?post=19092"}],"curies":[{"name":"wp","href":"https:\/\/api.w.org\/{rel}","templated":true}]}}