{"id":19077,"date":"2022-07-06T15:33:14","date_gmt":"2022-07-06T13:33:14","guid":{"rendered":"https:\/\/eurosdiscounts.com\/?post_type=product&#038;p=19077"},"modified":"2025-09-12T13:12:57","modified_gmt":"2025-09-12T11:12:57","slug":"bois-de-chauffage-30-cm-haute-performance-2-m3-2-24-steres","status":"publish","type":"product","link":"https:\/\/eurosdiscounts.com\/index.php\/produit\/bois-de-chauffage-30-cm-haute-performance-2-m3-2-24-steres\/","title":{"rendered":"Bois de chauffage &#8211; 30 cm &#8211; haute performance &#8211; 2 m3 &#8211; 2.24 st\u00e8res"},"content":{"rendered":"<p>Si vous recherchez du bois propre, \u00e9corc\u00e9, pratique \u00e0 manipuler c&rsquo;est ce bois qu&rsquo;il vous faut.<\/p>\n<p>Bois en b\u00fbches bien refendues en 30 cm, petite section, id\u00e9al pour les petits appareils de chauffage : po\u00eales ou inserts.<\/p>\n<p>Un bois haute performance pour moins d&rsquo;\u00e9missions de particules.<\/p>\n<p>Les b\u00fbches \u00e9tant rang\u00e9es en vrac sur cette palette, vous les aurez \u00e0 port\u00e9e de main.<\/p>\n<p>Moins de contraintes qu&rsquo;avec les autres bois, car celui-ci \u00e9tant \u00e9corc\u00e9 partiellement, il sera moins poussi\u00e9reux. (bross\u00e9 en tambour \u00e9corceur)<\/p>\n<p>Plus facile \u00e0 manipuler, vous b\u00e9n\u00e9ficierez d&rsquo;une chaleur constante sans encrasser votre appareil.<\/p>\n<p>Du bois durs, ultra sec pr\u00eat \u00e0 utiliser, NF, 100% fran\u00e7ais. (Groupe H1 G1)<\/p>\n","protected":false},"excerpt":{"rendered":"<h3 class=\"h6\">Fiche technique<\/h3>\n<dl class=\"data-sheet\">\n<dt class=\"name\">Composition : 100 % feuillus durs : ch\u00eane &#8211; charme &#8211; h\u00eatre &#8211; fr\u00eane<\/dt>\n<dt class=\"name\">Certificats : NF<\/dt>\n<dt class=\"name\">Pouvoir Calorifique : Sup\u00e9rieur \u00e0 3.9 kWh\/kg<\/dt>\n<dt class=\"name\">Taux D&rsquo;humidit\u00e9 : Inf\u00e9rieur \u00e0 20%<\/dt>\n<dt class=\"name\">Taux De Cendres : Inf\u00e9rieur \u00e0 1.5%<\/dt>\n<dt class=\"name\">Essence : ch\u00eane &#8211; charme &#8211; h\u00eatre &#8211; fr\u00eane<\/dt>\n<dt class=\"name\">Volume En M3 : 2 m3<\/dt>\n<dt class=\"name\">Volume En St\u00e8res : 2.24 st\u00e8res<\/dt>\n<dt class=\"name\">Dimensions Palette : 100x120x185cm<\/dt>\n<dt class=\"name\">Technique De S\u00e9chage : En \u00e9tuve<\/dt>\n<dt class=\"name\">Type De Bois : Bois dur<\/dt>\n<dt class=\"name\">Longueur : 30 cm<\/dt>\n<dt class=\"name\">Diam\u00e8tre : de 5 cm \u00e0 15 cm<\/dt>\n<dt class=\"name\">Conditionnement : Palette<\/dt>\n<dt class=\"name\">Origine : France<\/dt>\n<\/dl>\n","protected":false},"featured_media":19078,"comment_status":"open","ping_status":"closed","template":"","meta":[],"product_cat":[253],"product_tag":[],"class_list":{"0":"post-19077","1":"product","2":"type-product","3":"status-publish","4":"has-post-thumbnail","6":"product_cat-bois-de-chauffage-jardin-bricolage","8":"first","9":"instock","10":"shipping-taxable","11":"purchasable","12":"product-type-simple","13":"col-xs-6 col-sm-4","14":"col-md-3 col-lg-3","15":"un-4-cols"},"yoast_head":"<!-- This site is optimized with the Yoast SEO plugin v27.0 - https:\/\/yoast.com\/product\/yoast-seo-wordpress\/ -->\n<title>Bois de chauffage - 30 cm - haute performance - 2 m3 - 2.24 st\u00e8res - Eurosdiscounts.com- Achat sur Internet a prix discount, Canap\u00e9s pas cher, Smartphone pas cher, pc portable pas cher..<\/title>\n<meta name=\"description\" content=\"Bois de chauffage - 30 cm - haute performance - 2 m3 - 2.24 st\u00e8res\" \/>\n<meta name=\"robots\" content=\"index, follow, max-snippet:-1, max-image-preview:large, max-video-preview:-1\" \/>\n<link rel=\"canonical\" href=\"https:\/\/eurosdiscounts.com\/index.php\/produit\/bois-de-chauffage-30-cm-haute-performance-2-m3-2-24-steres\/\" \/>\n<meta property=\"og:locale\" content=\"fr_FR\" \/>\n<meta property=\"og:type\" content=\"article\" \/>\n<meta property=\"og:title\" content=\"Bois de chauffage - 30 cm - haute performance - 2 m3 - 2.24 st\u00e8res - Eurosdiscounts.com- Achat sur Internet a prix discount, Canap\u00e9s pas cher, Smartphone pas cher, pc portable pas cher..\" \/>\n<meta property=\"og:description\" content=\"Bois de chauffage - 30 cm - haute performance - 2 m3 - 2.24 st\u00e8res\" \/>\n<meta property=\"og:url\" content=\"https:\/\/eurosdiscounts.com\/index.php\/produit\/bois-de-chauffage-30-cm-haute-performance-2-m3-2-24-steres\/\" \/>\n<meta property=\"og:site_name\" content=\"Eurosdiscounts.com- Achat sur Internet a prix discount, Canap\u00e9s pas cher, Smartphone pas cher, pc portable pas cher..\" \/>\n<meta property=\"article:modified_time\" content=\"2025-09-12T11:12:57+00:00\" \/>\n<meta property=\"og:image\" content=\"https:\/\/eurosdiscounts.com\/wp-content\/uploads\/2022\/07\/bois-de-chauffage-30-cm-haute-performance-2-m3-224-steres.jpg\" \/>\n\t<meta property=\"og:image:width\" content=\"800\" \/>\n\t<meta property=\"og:image:height\" content=\"800\" \/>\n\t<meta property=\"og:image:type\" content=\"image\/jpeg\" \/>\n<meta name=\"twitter:card\" content=\"summary_large_image\" \/>\n<meta name=\"twitter:label1\" content=\"Dur\u00e9e de lecture estim\u00e9e\" \/>\n\t<meta name=\"twitter:data1\" content=\"1 minute\" \/>\n<script type=\"application\/ld+json\" class=\"yoast-schema-graph\">{\"@context\":\"https:\/\/schema.org\",\"@graph\":[{\"@type\":\"WebPage\",\"@id\":\"https:\/\/eurosdiscounts.com\/index.php\/produit\/bois-de-chauffage-30-cm-haute-performance-2-m3-2-24-steres\/\",\"url\":\"https:\/\/eurosdiscounts.com\/index.php\/produit\/bois-de-chauffage-30-cm-haute-performance-2-m3-2-24-steres\/\",\"name\":\"Bois de chauffage - 30 cm - haute performance - 2 m3 - 2.24 st\u00e8res - Eurosdiscounts.com- Achat sur Internet a prix discount, Canap\u00e9s pas cher, Smartphone pas cher, pc portable pas cher..\",\"isPartOf\":{\"@id\":\"https:\/\/eurosdiscounts.com\/#website\"},\"primaryImageOfPage\":{\"@id\":\"https:\/\/eurosdiscounts.com\/index.php\/produit\/bois-de-chauffage-30-cm-haute-performance-2-m3-2-24-steres\/#primaryimage\"},\"image\":{\"@id\":\"https:\/\/eurosdiscounts.com\/index.php\/produit\/bois-de-chauffage-30-cm-haute-performance-2-m3-2-24-steres\/#primaryimage\"},\"thumbnailUrl\":\"https:\/\/eurosdiscounts.com\/wp-content\/uploads\/2022\/07\/bois-de-chauffage-30-cm-haute-performance-2-m3-224-steres.jpg\",\"datePublished\":\"2022-07-06T13:33:14+00:00\",\"dateModified\":\"2025-09-12T11:12:57+00:00\",\"description\":\"Bois de chauffage - 30 cm - haute performance - 2 m3 - 2.24 st\u00e8res\",\"breadcrumb\":{\"@id\":\"https:\/\/eurosdiscounts.com\/index.php\/produit\/bois-de-chauffage-30-cm-haute-performance-2-m3-2-24-steres\/#breadcrumb\"},\"inLanguage\":\"fr-FR\",\"potentialAction\":[{\"@type\":\"ReadAction\",\"target\":[\"https:\/\/eurosdiscounts.com\/index.php\/produit\/bois-de-chauffage-30-cm-haute-performance-2-m3-2-24-steres\/\"]}]},{\"@type\":\"ImageObject\",\"inLanguage\":\"fr-FR\",\"@id\":\"https:\/\/eurosdiscounts.com\/index.php\/produit\/bois-de-chauffage-30-cm-haute-performance-2-m3-2-24-steres\/#primaryimage\",\"url\":\"https:\/\/eurosdiscounts.com\/wp-content\/uploads\/2022\/07\/bois-de-chauffage-30-cm-haute-performance-2-m3-224-steres.jpg\",\"contentUrl\":\"https:\/\/eurosdiscounts.com\/wp-content\/uploads\/2022\/07\/bois-de-chauffage-30-cm-haute-performance-2-m3-224-steres.jpg\",\"width\":800,\"height\":800},{\"@type\":\"BreadcrumbList\",\"@id\":\"https:\/\/eurosdiscounts.com\/index.php\/produit\/bois-de-chauffage-30-cm-haute-performance-2-m3-2-24-steres\/#breadcrumb\",\"itemListElement\":[{\"@type\":\"ListItem\",\"position\":1,\"name\":\"Accueil\",\"item\":\"https:\/\/eurosdiscounts.com\/\"},{\"@type\":\"ListItem\",\"position\":2,\"name\":\"Boutique\",\"item\":\"https:\/\/eurosdiscounts.com\/index.php\/boutique\/\"},{\"@type\":\"ListItem\",\"position\":3,\"name\":\"Bois de chauffage &#8211; 30 cm &#8211; haute performance &#8211; 2 m3 &#8211; 2.24 st\u00e8res\"}]},{\"@type\":\"WebSite\",\"@id\":\"https:\/\/eurosdiscounts.com\/#website\",\"url\":\"https:\/\/eurosdiscounts.com\/\",\"name\":\"Eurosdiscounts.com- Achat sur Internet a prix discount, Canap\u00e9s pas cher, Smartphone pas cher, pc portable pas cher..\",\"description\":\"Eurosdiscounts.com- Achat sur Internet a prix discount, Canap\u00e9s pas cher, Smartphone pas cher, pc portable pas cher..\",\"potentialAction\":[{\"@type\":\"SearchAction\",\"target\":{\"@type\":\"EntryPoint\",\"urlTemplate\":\"https:\/\/eurosdiscounts.com\/?s={search_term_string}\"},\"query-input\":{\"@type\":\"PropertyValueSpecification\",\"valueRequired\":true,\"valueName\":\"search_term_string\"}}],\"inLanguage\":\"fr-FR\"}]}<\/script>\n<!-- \/ Yoast SEO plugin. -->","yoast_head_json":{"title":"Bois de chauffage - 30 cm - haute performance - 2 m3 - 2.24 st\u00e8res - Eurosdiscounts.com- Achat sur Internet a prix discount, Canap\u00e9s pas cher, Smartphone pas cher, pc portable pas cher..","description":"Bois de chauffage - 30 cm - haute performance - 2 m3 - 2.24 st\u00e8res","robots":{"index":"index","follow":"follow","max-snippet":"max-snippet:-1","max-image-preview":"max-image-preview:large","max-video-preview":"max-video-preview:-1"},"canonical":"https:\/\/eurosdiscounts.com\/index.php\/produit\/bois-de-chauffage-30-cm-haute-performance-2-m3-2-24-steres\/","og_locale":"fr_FR","og_type":"article","og_title":"Bois de chauffage - 30 cm - haute performance - 2 m3 - 2.24 st\u00e8res - Eurosdiscounts.com- Achat sur Internet a prix discount, Canap\u00e9s pas cher, Smartphone pas cher, pc portable pas cher..","og_description":"Bois de chauffage - 30 cm - haute performance - 2 m3 - 2.24 st\u00e8res","og_url":"https:\/\/eurosdiscounts.com\/index.php\/produit\/bois-de-chauffage-30-cm-haute-performance-2-m3-2-24-steres\/","og_site_name":"Eurosdiscounts.com- Achat sur Internet a prix discount, Canap\u00e9s pas cher, Smartphone pas cher, pc portable pas cher..","article_modified_time":"2025-09-12T11:12:57+00:00","og_image":[{"width":800,"height":800,"url":"https:\/\/eurosdiscounts.com\/wp-content\/uploads\/2022\/07\/bois-de-chauffage-30-cm-haute-performance-2-m3-224-steres.jpg","type":"image\/jpeg"}],"twitter_card":"summary_large_image","twitter_misc":{"Dur\u00e9e de lecture estim\u00e9e":"1 minute"},"schema":{"@context":"https:\/\/schema.org","@graph":[{"@type":"WebPage","@id":"https:\/\/eurosdiscounts.com\/index.php\/produit\/bois-de-chauffage-30-cm-haute-performance-2-m3-2-24-steres\/","url":"https:\/\/eurosdiscounts.com\/index.php\/produit\/bois-de-chauffage-30-cm-haute-performance-2-m3-2-24-steres\/","name":"Bois de chauffage - 30 cm - haute performance - 2 m3 - 2.24 st\u00e8res - Eurosdiscounts.com- Achat sur Internet a prix discount, Canap\u00e9s pas cher, Smartphone pas cher, pc portable pas cher..","isPartOf":{"@id":"https:\/\/eurosdiscounts.com\/#website"},"primaryImageOfPage":{"@id":"https:\/\/eurosdiscounts.com\/index.php\/produit\/bois-de-chauffage-30-cm-haute-performance-2-m3-2-24-steres\/#primaryimage"},"image":{"@id":"https:\/\/eurosdiscounts.com\/index.php\/produit\/bois-de-chauffage-30-cm-haute-performance-2-m3-2-24-steres\/#primaryimage"},"thumbnailUrl":"https:\/\/eurosdiscounts.com\/wp-content\/uploads\/2022\/07\/bois-de-chauffage-30-cm-haute-performance-2-m3-224-steres.jpg","datePublished":"2022-07-06T13:33:14+00:00","dateModified":"2025-09-12T11:12:57+00:00","description":"Bois de chauffage - 30 cm - haute performance - 2 m3 - 2.24 st\u00e8res","breadcrumb":{"@id":"https:\/\/eurosdiscounts.com\/index.php\/produit\/bois-de-chauffage-30-cm-haute-performance-2-m3-2-24-steres\/#breadcrumb"},"inLanguage":"fr-FR","potentialAction":[{"@type":"ReadAction","target":["https:\/\/eurosdiscounts.com\/index.php\/produit\/bois-de-chauffage-30-cm-haute-performance-2-m3-2-24-steres\/"]}]},{"@type":"ImageObject","inLanguage":"fr-FR","@id":"https:\/\/eurosdiscounts.com\/index.php\/produit\/bois-de-chauffage-30-cm-haute-performance-2-m3-2-24-steres\/#primaryimage","url":"https:\/\/eurosdiscounts.com\/wp-content\/uploads\/2022\/07\/bois-de-chauffage-30-cm-haute-performance-2-m3-224-steres.jpg","contentUrl":"https:\/\/eurosdiscounts.com\/wp-content\/uploads\/2022\/07\/bois-de-chauffage-30-cm-haute-performance-2-m3-224-steres.jpg","width":800,"height":800},{"@type":"BreadcrumbList","@id":"https:\/\/eurosdiscounts.com\/index.php\/produit\/bois-de-chauffage-30-cm-haute-performance-2-m3-2-24-steres\/#breadcrumb","itemListElement":[{"@type":"ListItem","position":1,"name":"Accueil","item":"https:\/\/eurosdiscounts.com\/"},{"@type":"ListItem","position":2,"name":"Boutique","item":"https:\/\/eurosdiscounts.com\/index.php\/boutique\/"},{"@type":"ListItem","position":3,"name":"Bois de chauffage &#8211; 30 cm &#8211; haute performance &#8211; 2 m3 &#8211; 2.24 st\u00e8res"}]},{"@type":"WebSite","@id":"https:\/\/eurosdiscounts.com\/#website","url":"https:\/\/eurosdiscounts.com\/","name":"Eurosdiscounts.com- Achat sur Internet a prix discount, Canap\u00e9s pas cher, Smartphone pas cher, pc portable pas cher..","description":"Eurosdiscounts.com- Achat sur Internet a prix discount, Canap\u00e9s pas cher, Smartphone pas cher, pc portable pas cher..","potentialAction":[{"@type":"SearchAction","target":{"@type":"EntryPoint","urlTemplate":"https:\/\/eurosdiscounts.com\/?s={search_term_string}"},"query-input":{"@type":"PropertyValueSpecification","valueRequired":true,"valueName":"search_term_string"}}],"inLanguage":"fr-FR"}]}},"_links":{"self":[{"href":"https:\/\/eurosdiscounts.com\/index.php\/wp-json\/wp\/v2\/product\/19077","targetHints":{"allow":["GET"]}}],"collection":[{"href":"https:\/\/eurosdiscounts.com\/index.php\/wp-json\/wp\/v2\/product"}],"about":[{"href":"https:\/\/eurosdiscounts.com\/index.php\/wp-json\/wp\/v2\/types\/product"}],"replies":[{"embeddable":true,"href":"https:\/\/eurosdiscounts.com\/index.php\/wp-json\/wp\/v2\/comments?post=19077"}],"wp:featuredmedia":[{"embeddable":true,"href":"https:\/\/eurosdiscounts.com\/index.php\/wp-json\/wp\/v2\/media\/19078"}],"wp:attachment":[{"href":"https:\/\/eurosdiscounts.com\/index.php\/wp-json\/wp\/v2\/media?parent=19077"}],"wp:term":[{"taxonomy":"product_cat","embeddable":true,"href":"https:\/\/eurosdiscounts.com\/index.php\/wp-json\/wp\/v2\/product_cat?post=19077"},{"taxonomy":"product_tag","embeddable":true,"href":"https:\/\/eurosdiscounts.com\/index.php\/wp-json\/wp\/v2\/product_tag?post=19077"}],"curies":[{"name":"wp","href":"https:\/\/api.w.org\/{rel}","templated":true}]}}