{"id":19065,"date":"2022-07-06T15:07:15","date_gmt":"2022-07-06T13:07:15","guid":{"rendered":"https:\/\/eurosdiscounts.com\/?post_type=product&#038;p=19065"},"modified":"2025-09-10T04:46:17","modified_gmt":"2025-09-10T02:46:17","slug":"bois-de-chauffage-50-cm-melange-80-bois-durs-palette-1-2-m3-1-5-steres","status":"publish","type":"product","link":"https:\/\/eurosdiscounts.com\/index.php\/produit\/bois-de-chauffage-50-cm-melange-80-bois-durs-palette-1-2-m3-1-5-steres\/","title":{"rendered":"Bois de chauffage &#8211; 50 cm &#8211; M\u00e9lange 80% bois durs &#8211; Palette 1.2 m3 &#8211; 1.5 st\u00e8res"},"content":{"rendered":"<h3 class=\"h6\">Fiche technique<\/h3>\n<dl class=\"data-sheet\">\n<dt class=\"name\">Taux D&rsquo;humidit\u00e9 : Inf\u00e9rieur \u00e0 25%<\/dt>\n<dt class=\"name\">Essence : 80% bois durs, 20% bois tendres<\/dt>\n<dt class=\"name\">Volume En M3 :\u00a01.2 m3<\/dt>\n<dt class=\"name\">Volume En St\u00e8res : 1.5 st\u00e8res<\/dt>\n<dt class=\"name\">Technique De S\u00e9chage : Naturel en ext\u00e9rieur<\/dt>\n<dt class=\"name\">Type De Bois : M\u00e9lange durs et tendres<\/dt>\n<dt class=\"name\">Longueur : 50 cm<\/dt>\n<dt class=\"name\">Conditionnement : Palette<\/dt>\n<dt class=\"name\">Origine : France<\/dt>\n<\/dl>\n","protected":false},"excerpt":{"rendered":"<p>Fiche technique Taux D&rsquo;humidit\u00e9 : Inf\u00e9rieur \u00e0 25% Essence : 80% bois durs, 20% bois tendres Volume En M3 :\u00a01.2 m3 Volume En St\u00e8res : 1.5 st\u00e8res Technique De S\u00e9chage : Naturel en ext\u00e9rieur Type De Bois : M\u00e9lange durs et tendres Longueur : 50 cm Conditionnement : Palette Origine : France<\/p>\n","protected":false},"featured_media":19066,"comment_status":"open","ping_status":"closed","template":"","meta":[],"product_cat":[253],"product_tag":[],"class_list":{"0":"post-19065","1":"product","2":"type-product","3":"status-publish","4":"has-post-thumbnail","6":"product_cat-bois-de-chauffage-jardin-bricolage","8":"first","9":"instock","10":"sale","11":"shipping-taxable","12":"purchasable","13":"product-type-simple","14":"col-xs-6 col-sm-4","15":"col-md-3 col-lg-3","16":"un-4-cols"},"yoast_head":"<!-- This site is optimized with the Yoast SEO plugin v27.0 - https:\/\/yoast.com\/product\/yoast-seo-wordpress\/ -->\n<title>Bois de chauffage - 50 cm - M\u00e9lange 80% bois durs - Palette 1.2 m3 - 1.5 st\u00e8res - Eurosdiscounts.com- Achat sur Internet a prix discount, Canap\u00e9s pas cher, Smartphone pas cher, pc portable pas cher..<\/title>\n<meta name=\"description\" content=\"Bois de chauffage - 50 cm - M\u00e9lange 80% bois durs - Palette 1.2 m3 - 1.5 st\u00e8res\" \/>\n<meta name=\"robots\" content=\"index, follow, max-snippet:-1, max-image-preview:large, max-video-preview:-1\" \/>\n<link rel=\"canonical\" href=\"https:\/\/eurosdiscounts.com\/index.php\/produit\/bois-de-chauffage-50-cm-melange-80-bois-durs-palette-1-2-m3-1-5-steres\/\" \/>\n<meta property=\"og:locale\" content=\"fr_FR\" \/>\n<meta property=\"og:type\" content=\"article\" \/>\n<meta property=\"og:title\" content=\"Bois de chauffage - 50 cm - M\u00e9lange 80% bois durs - Palette 1.2 m3 - 1.5 st\u00e8res - Eurosdiscounts.com- Achat sur Internet a prix discount, Canap\u00e9s pas cher, Smartphone pas cher, pc portable pas cher..\" \/>\n<meta property=\"og:description\" content=\"Bois de chauffage - 50 cm - M\u00e9lange 80% bois durs - Palette 1.2 m3 - 1.5 st\u00e8res\" \/>\n<meta property=\"og:url\" content=\"https:\/\/eurosdiscounts.com\/index.php\/produit\/bois-de-chauffage-50-cm-melange-80-bois-durs-palette-1-2-m3-1-5-steres\/\" \/>\n<meta property=\"og:site_name\" content=\"Eurosdiscounts.com- Achat sur Internet a prix discount, Canap\u00e9s pas cher, Smartphone pas cher, pc portable pas cher..\" \/>\n<meta property=\"article:modified_time\" content=\"2025-09-10T02:46:17+00:00\" \/>\n<meta property=\"og:image\" content=\"https:\/\/eurosdiscounts.com\/wp-content\/uploads\/2022\/07\/bois-de-chauffage-50-cm-melange-80-bois-durs-palette-12-m3-15-steres.jpg\" \/>\n\t<meta property=\"og:image:width\" content=\"800\" \/>\n\t<meta property=\"og:image:height\" content=\"800\" \/>\n\t<meta property=\"og:image:type\" content=\"image\/jpeg\" \/>\n<meta name=\"twitter:card\" content=\"summary_large_image\" \/>\n<meta name=\"twitter:label1\" content=\"Dur\u00e9e de lecture estim\u00e9e\" \/>\n\t<meta name=\"twitter:data1\" content=\"1 minute\" \/>\n<script type=\"application\/ld+json\" class=\"yoast-schema-graph\">{\"@context\":\"https:\/\/schema.org\",\"@graph\":[{\"@type\":\"WebPage\",\"@id\":\"https:\/\/eurosdiscounts.com\/index.php\/produit\/bois-de-chauffage-50-cm-melange-80-bois-durs-palette-1-2-m3-1-5-steres\/\",\"url\":\"https:\/\/eurosdiscounts.com\/index.php\/produit\/bois-de-chauffage-50-cm-melange-80-bois-durs-palette-1-2-m3-1-5-steres\/\",\"name\":\"Bois de chauffage - 50 cm - M\u00e9lange 80% bois durs - Palette 1.2 m3 - 1.5 st\u00e8res - Eurosdiscounts.com- Achat sur Internet a prix discount, Canap\u00e9s pas cher, Smartphone pas cher, pc portable pas cher..\",\"isPartOf\":{\"@id\":\"https:\/\/eurosdiscounts.com\/#website\"},\"primaryImageOfPage\":{\"@id\":\"https:\/\/eurosdiscounts.com\/index.php\/produit\/bois-de-chauffage-50-cm-melange-80-bois-durs-palette-1-2-m3-1-5-steres\/#primaryimage\"},\"image\":{\"@id\":\"https:\/\/eurosdiscounts.com\/index.php\/produit\/bois-de-chauffage-50-cm-melange-80-bois-durs-palette-1-2-m3-1-5-steres\/#primaryimage\"},\"thumbnailUrl\":\"https:\/\/eurosdiscounts.com\/wp-content\/uploads\/2022\/07\/bois-de-chauffage-50-cm-melange-80-bois-durs-palette-12-m3-15-steres.jpg\",\"datePublished\":\"2022-07-06T13:07:15+00:00\",\"dateModified\":\"2025-09-10T02:46:17+00:00\",\"description\":\"Bois de chauffage - 50 cm - M\u00e9lange 80% bois durs - Palette 1.2 m3 - 1.5 st\u00e8res\",\"breadcrumb\":{\"@id\":\"https:\/\/eurosdiscounts.com\/index.php\/produit\/bois-de-chauffage-50-cm-melange-80-bois-durs-palette-1-2-m3-1-5-steres\/#breadcrumb\"},\"inLanguage\":\"fr-FR\",\"potentialAction\":[{\"@type\":\"ReadAction\",\"target\":[\"https:\/\/eurosdiscounts.com\/index.php\/produit\/bois-de-chauffage-50-cm-melange-80-bois-durs-palette-1-2-m3-1-5-steres\/\"]}]},{\"@type\":\"ImageObject\",\"inLanguage\":\"fr-FR\",\"@id\":\"https:\/\/eurosdiscounts.com\/index.php\/produit\/bois-de-chauffage-50-cm-melange-80-bois-durs-palette-1-2-m3-1-5-steres\/#primaryimage\",\"url\":\"https:\/\/eurosdiscounts.com\/wp-content\/uploads\/2022\/07\/bois-de-chauffage-50-cm-melange-80-bois-durs-palette-12-m3-15-steres.jpg\",\"contentUrl\":\"https:\/\/eurosdiscounts.com\/wp-content\/uploads\/2022\/07\/bois-de-chauffage-50-cm-melange-80-bois-durs-palette-12-m3-15-steres.jpg\",\"width\":800,\"height\":800},{\"@type\":\"BreadcrumbList\",\"@id\":\"https:\/\/eurosdiscounts.com\/index.php\/produit\/bois-de-chauffage-50-cm-melange-80-bois-durs-palette-1-2-m3-1-5-steres\/#breadcrumb\",\"itemListElement\":[{\"@type\":\"ListItem\",\"position\":1,\"name\":\"Accueil\",\"item\":\"https:\/\/eurosdiscounts.com\/\"},{\"@type\":\"ListItem\",\"position\":2,\"name\":\"Boutique\",\"item\":\"https:\/\/eurosdiscounts.com\/index.php\/boutique\/\"},{\"@type\":\"ListItem\",\"position\":3,\"name\":\"Bois de chauffage &#8211; 50 cm &#8211; M\u00e9lange 80% bois durs &#8211; Palette 1.2 m3 &#8211; 1.5 st\u00e8res\"}]},{\"@type\":\"WebSite\",\"@id\":\"https:\/\/eurosdiscounts.com\/#website\",\"url\":\"https:\/\/eurosdiscounts.com\/\",\"name\":\"Eurosdiscounts.com- Achat sur Internet a prix discount, Canap\u00e9s pas cher, Smartphone pas cher, pc portable pas cher..\",\"description\":\"Eurosdiscounts.com- Achat sur Internet a prix discount, Canap\u00e9s pas cher, Smartphone pas cher, pc portable pas cher..\",\"potentialAction\":[{\"@type\":\"SearchAction\",\"target\":{\"@type\":\"EntryPoint\",\"urlTemplate\":\"https:\/\/eurosdiscounts.com\/?s={search_term_string}\"},\"query-input\":{\"@type\":\"PropertyValueSpecification\",\"valueRequired\":true,\"valueName\":\"search_term_string\"}}],\"inLanguage\":\"fr-FR\"}]}<\/script>\n<!-- \/ Yoast SEO plugin. -->","yoast_head_json":{"title":"Bois de chauffage - 50 cm - M\u00e9lange 80% bois durs - Palette 1.2 m3 - 1.5 st\u00e8res - Eurosdiscounts.com- Achat sur Internet a prix discount, Canap\u00e9s pas cher, Smartphone pas cher, pc portable pas cher..","description":"Bois de chauffage - 50 cm - M\u00e9lange 80% bois durs - Palette 1.2 m3 - 1.5 st\u00e8res","robots":{"index":"index","follow":"follow","max-snippet":"max-snippet:-1","max-image-preview":"max-image-preview:large","max-video-preview":"max-video-preview:-1"},"canonical":"https:\/\/eurosdiscounts.com\/index.php\/produit\/bois-de-chauffage-50-cm-melange-80-bois-durs-palette-1-2-m3-1-5-steres\/","og_locale":"fr_FR","og_type":"article","og_title":"Bois de chauffage - 50 cm - M\u00e9lange 80% bois durs - Palette 1.2 m3 - 1.5 st\u00e8res - Eurosdiscounts.com- Achat sur Internet a prix discount, Canap\u00e9s pas cher, Smartphone pas cher, pc portable pas cher..","og_description":"Bois de chauffage - 50 cm - M\u00e9lange 80% bois durs - Palette 1.2 m3 - 1.5 st\u00e8res","og_url":"https:\/\/eurosdiscounts.com\/index.php\/produit\/bois-de-chauffage-50-cm-melange-80-bois-durs-palette-1-2-m3-1-5-steres\/","og_site_name":"Eurosdiscounts.com- Achat sur Internet a prix discount, Canap\u00e9s pas cher, Smartphone pas cher, pc portable pas cher..","article_modified_time":"2025-09-10T02:46:17+00:00","og_image":[{"width":800,"height":800,"url":"https:\/\/eurosdiscounts.com\/wp-content\/uploads\/2022\/07\/bois-de-chauffage-50-cm-melange-80-bois-durs-palette-12-m3-15-steres.jpg","type":"image\/jpeg"}],"twitter_card":"summary_large_image","twitter_misc":{"Dur\u00e9e de lecture estim\u00e9e":"1 minute"},"schema":{"@context":"https:\/\/schema.org","@graph":[{"@type":"WebPage","@id":"https:\/\/eurosdiscounts.com\/index.php\/produit\/bois-de-chauffage-50-cm-melange-80-bois-durs-palette-1-2-m3-1-5-steres\/","url":"https:\/\/eurosdiscounts.com\/index.php\/produit\/bois-de-chauffage-50-cm-melange-80-bois-durs-palette-1-2-m3-1-5-steres\/","name":"Bois de chauffage - 50 cm - M\u00e9lange 80% bois durs - Palette 1.2 m3 - 1.5 st\u00e8res - Eurosdiscounts.com- Achat sur Internet a prix discount, Canap\u00e9s pas cher, Smartphone pas cher, pc portable pas cher..","isPartOf":{"@id":"https:\/\/eurosdiscounts.com\/#website"},"primaryImageOfPage":{"@id":"https:\/\/eurosdiscounts.com\/index.php\/produit\/bois-de-chauffage-50-cm-melange-80-bois-durs-palette-1-2-m3-1-5-steres\/#primaryimage"},"image":{"@id":"https:\/\/eurosdiscounts.com\/index.php\/produit\/bois-de-chauffage-50-cm-melange-80-bois-durs-palette-1-2-m3-1-5-steres\/#primaryimage"},"thumbnailUrl":"https:\/\/eurosdiscounts.com\/wp-content\/uploads\/2022\/07\/bois-de-chauffage-50-cm-melange-80-bois-durs-palette-12-m3-15-steres.jpg","datePublished":"2022-07-06T13:07:15+00:00","dateModified":"2025-09-10T02:46:17+00:00","description":"Bois de chauffage - 50 cm - M\u00e9lange 80% bois durs - Palette 1.2 m3 - 1.5 st\u00e8res","breadcrumb":{"@id":"https:\/\/eurosdiscounts.com\/index.php\/produit\/bois-de-chauffage-50-cm-melange-80-bois-durs-palette-1-2-m3-1-5-steres\/#breadcrumb"},"inLanguage":"fr-FR","potentialAction":[{"@type":"ReadAction","target":["https:\/\/eurosdiscounts.com\/index.php\/produit\/bois-de-chauffage-50-cm-melange-80-bois-durs-palette-1-2-m3-1-5-steres\/"]}]},{"@type":"ImageObject","inLanguage":"fr-FR","@id":"https:\/\/eurosdiscounts.com\/index.php\/produit\/bois-de-chauffage-50-cm-melange-80-bois-durs-palette-1-2-m3-1-5-steres\/#primaryimage","url":"https:\/\/eurosdiscounts.com\/wp-content\/uploads\/2022\/07\/bois-de-chauffage-50-cm-melange-80-bois-durs-palette-12-m3-15-steres.jpg","contentUrl":"https:\/\/eurosdiscounts.com\/wp-content\/uploads\/2022\/07\/bois-de-chauffage-50-cm-melange-80-bois-durs-palette-12-m3-15-steres.jpg","width":800,"height":800},{"@type":"BreadcrumbList","@id":"https:\/\/eurosdiscounts.com\/index.php\/produit\/bois-de-chauffage-50-cm-melange-80-bois-durs-palette-1-2-m3-1-5-steres\/#breadcrumb","itemListElement":[{"@type":"ListItem","position":1,"name":"Accueil","item":"https:\/\/eurosdiscounts.com\/"},{"@type":"ListItem","position":2,"name":"Boutique","item":"https:\/\/eurosdiscounts.com\/index.php\/boutique\/"},{"@type":"ListItem","position":3,"name":"Bois de chauffage &#8211; 50 cm &#8211; M\u00e9lange 80% bois durs &#8211; Palette 1.2 m3 &#8211; 1.5 st\u00e8res"}]},{"@type":"WebSite","@id":"https:\/\/eurosdiscounts.com\/#website","url":"https:\/\/eurosdiscounts.com\/","name":"Eurosdiscounts.com- Achat sur Internet a prix discount, Canap\u00e9s pas cher, Smartphone pas cher, pc portable pas cher..","description":"Eurosdiscounts.com- Achat sur Internet a prix discount, Canap\u00e9s pas cher, Smartphone pas cher, pc portable pas cher..","potentialAction":[{"@type":"SearchAction","target":{"@type":"EntryPoint","urlTemplate":"https:\/\/eurosdiscounts.com\/?s={search_term_string}"},"query-input":{"@type":"PropertyValueSpecification","valueRequired":true,"valueName":"search_term_string"}}],"inLanguage":"fr-FR"}]}},"_links":{"self":[{"href":"https:\/\/eurosdiscounts.com\/index.php\/wp-json\/wp\/v2\/product\/19065","targetHints":{"allow":["GET"]}}],"collection":[{"href":"https:\/\/eurosdiscounts.com\/index.php\/wp-json\/wp\/v2\/product"}],"about":[{"href":"https:\/\/eurosdiscounts.com\/index.php\/wp-json\/wp\/v2\/types\/product"}],"replies":[{"embeddable":true,"href":"https:\/\/eurosdiscounts.com\/index.php\/wp-json\/wp\/v2\/comments?post=19065"}],"wp:featuredmedia":[{"embeddable":true,"href":"https:\/\/eurosdiscounts.com\/index.php\/wp-json\/wp\/v2\/media\/19066"}],"wp:attachment":[{"href":"https:\/\/eurosdiscounts.com\/index.php\/wp-json\/wp\/v2\/media?parent=19065"}],"wp:term":[{"taxonomy":"product_cat","embeddable":true,"href":"https:\/\/eurosdiscounts.com\/index.php\/wp-json\/wp\/v2\/product_cat?post=19065"},{"taxonomy":"product_tag","embeddable":true,"href":"https:\/\/eurosdiscounts.com\/index.php\/wp-json\/wp\/v2\/product_tag?post=19065"}],"curies":[{"name":"wp","href":"https:\/\/api.w.org\/{rel}","templated":true}]}}