{"id":18928,"date":"2022-06-24T20:27:16","date_gmt":"2022-06-24T18:27:16","guid":{"rendered":"https:\/\/eurosdiscounts.com\/?post_type=product&#038;p=18928"},"modified":"2022-06-24T20:27:16","modified_gmt":"2022-06-24T18:27:16","slug":"cave-a-vin-vieillissement-liebherr-wkb4212-21","status":"publish","type":"product","link":"https:\/\/eurosdiscounts.com\/index.php\/produit\/cave-a-vin-vieillissement-liebherr-wkb4212-21\/","title":{"rendered":"Cave \u00e0 vin vieillissement Liebherr WKb4212-21"},"content":{"rendered":"<ul class=\"product-features__list\">\n<li class=\"feature-item\">\n<h3 class=\"feature-item__title\">Performances et consommations<\/h3>\n<ul>\n<li class=\"feature-item__content\"><span class=\"is--bold\">Nombre de bouteilles (Type Bordelaises l\u00e9g\u00e8res) :<\/span>\u00a0200 bouteilles<\/li>\n<li class=\"feature-item__content\"><span class=\"is--bold\">Capacit\u00e9 variable selon le type de bouteilles :<\/span>\u00a0A noter que la capacit\u00e9 indiqu\u00e9e pour votre cave peut diminuer ou augmenter en fonction du type et taille des produits \u00e0 l\u2019int\u00e9rieur.<\/li>\n<li class=\"feature-item__content\"><span class=\"is--bold\">Niveau sonore :<\/span>\u00a039 dB<\/li>\n<li class=\"feature-item__content\"><span class=\"is--bold\">Classe climatique :<\/span>\u00a0SN-ST (10-38\u00b0C)<\/li>\n<li class=\"feature-item__content\"><span class=\"is--bold\">Capacit\u00e9 (Volume de la cave en litres) :<\/span>\u00a0402 L<\/li>\n<li class=\"feature-item__content\"><span class=\"is--bold\">Consommation :<\/span>\u00a0177 kWh\/an<\/li>\n<li class=\"feature-item__content\"><span class=\"is--bold\">Co\u00fbt annuel d&rsquo;utilisation (calcul\u00e9 selon un co\u00fbt unitaire en \u00e9l\u00e9ctricit\u00e9 de 0.1503 euros\/Kwh) :<\/span>\u00a028 euros par an<\/li>\n<li class=\"feature-item__content\"><span class=\"is--bold\">Label \u00e9nergie :<\/span>\u00a0G<\/li>\n<\/ul>\n<\/li>\n<li class=\"feature-item\">\n<h3 class=\"feature-item__title\">Fonctionnalit\u00e9s<\/h3>\n<ul>\n<li class=\"feature-item__content\"><span class=\"is--bold\">Type d&rsquo;appareil :<\/span>\u00a0Vieillissement : Destin\u00e9e aux collectionneurs et aux oenophiles avertis. Elle permet de garder vos plus pr\u00e9cieux nectars, ainsi que les vins primeurs qui n\u00e9cessitent un repos prolong\u00e9, pendant plusieurs ann\u00e9es<\/li>\n<li class=\"feature-item__content\"><span class=\"is--bold\">Nombre de temp\u00e9ratures :<\/span>\u00a0Mono-temp\u00e9rature<\/li>\n<li class=\"feature-item__content\"><span class=\"is--bold\">Type d&rsquo;installation :<\/span>\u00a0Pose libre : Installez votre cave \u00e0 vin o\u00f9 vous le souhaitez dans votre cuisine ou dans n&rsquo;importe quelle autre pi\u00e8ce : cave, v\u00e9randa&#8230;<\/li>\n<li class=\"feature-item__content\"><span class=\"is--bold\">Thermostat :<\/span>\u00a0Electronique<\/li>\n<li class=\"feature-item__content\"><span class=\"is--bold\">Affichage de la temp\u00e9rature :<\/span>\u00a0Oui<\/li>\n<li class=\"feature-item__content\"><span class=\"is--bold\">Nombre de zones :<\/span>\u00a01<\/li>\n<li class=\"feature-item__content\"><span class=\"is--bold\">Alarme de temp\u00e9rature :<\/span>\u00a0Oui<\/li>\n<li class=\"feature-item__content\"><span class=\"is--bold\">Poign\u00e9e :<\/span>\u00a0Classique<\/li>\n<\/ul>\n<\/li>\n<li class=\"feature-item\">\n<h3 class=\"feature-item__title\">Equipement<\/h3>\n<ul>\n<li class=\"feature-item__content\"><span class=\"is--bold\">Nombre de clayette(s) :<\/span>\u00a05<\/li>\n<li class=\"feature-item__content\"><span class=\"is--bold\">Nature des clayettes :<\/span>\u00a0Bois<\/li>\n<li class=\"feature-item__content\"><span class=\"is--bold\">Porte \u00e9quip\u00e9e filtre anti UV :<\/span>\u00a0Offre une visibilit\u00e9 totale sur vos bouteilles tout en filtrant le passage des ultra-violets<\/li>\n<li class=\"feature-item__content\"><span class=\"is--bold\">Cave \u00e0 vin \u00e9quip\u00e9e de :<\/span>\u00a0Porte en verre<\/li>\n<\/ul>\n<\/li>\n<li class=\"feature-item\">\n<h3 class=\"feature-item__title\">Technologie<\/h3>\n<ul>\n<li class=\"feature-item__content\"><span class=\"is--bold\">Taux d&rsquo;hygrom\u00e9trie :<\/span>\u00a0De 60 \u00e0 75%<\/li>\n<li class=\"feature-item__content\"><span class=\"is--bold\">Filtre \u00e0 charbon actif :<\/span>\u00a0Oui<\/li>\n<li class=\"feature-item__content\"><span class=\"is--bold\">Hygrom\u00e8tre :<\/span>\u00a0Vos bouteilles doivent \u00eatre conserv\u00e9es dans une atmosph\u00e8re o\u00f9 le taux d&rsquo;humidit\u00e9 est compris entre 55 et 80 %. En dessous, l&rsquo;air p\u00e9n\u00e8tre dans la bouteille. Au-dessus, le bouchon pourrit et les \u00e9tiquettes se d\u00e9collent<\/li>\n<li class=\"feature-item__content\"><span class=\"is--bold\">Syst\u00e8me antivibration :<\/span>\u00a0Gr\u00e2ce \u00e0 ce syst\u00e8me, votre vin arrive \u00e0 maturation dans des conditions id\u00e9ales.<\/li>\n<li class=\"feature-item__content\"><span class=\"is--bold\">Sp\u00e9cificit\u00e9(s) d\u00e9tenue(s) :<\/span>\u00a0A\u00e9ration naturelle<\/li>\n<\/ul>\n<\/li>\n<li class=\"feature-item\">\n<h3 class=\"feature-item__title\">Esth\u00e9tique<\/h3>\n<ul>\n<li class=\"feature-item__content\"><span class=\"is--bold\">Couleur :<\/span>\u00a0Noir<\/li>\n<\/ul>\n<\/li>\n<li class=\"feature-item\">\n<h3 class=\"feature-item__title\">Nos conseils<\/h3>\n<ul>\n<li class=\"feature-item__content\"><span class=\"is--bold\">Clayettes suppl\u00e9mentaires :<\/span>\u00a0Pour votre confort et afin d&rsquo;\u00e9quiper votre cave \u00e0 vin selon vos besoins, vous pouvez ajouter \u00e0 votre commande une ou plusieurs clayettes.<\/li>\n<\/ul>\n<\/li>\n<li class=\"feature-item\">\n<h3 class=\"feature-item__title\">Dimensions<\/h3>\n<ul>\n<li class=\"feature-item__content\"><span class=\"is--bold\">L x H x P : :<\/span>\u00a060 x 165 x 73.9 cm<\/li>\n<li class=\"feature-item__content\"><span class=\"is--bold\">Poids net :<\/span>\u00a079,0 kg<\/li>\n<li class=\"feature-item__content\"><span class=\"is--bold\">Poids brut :<\/span>\u00a085,0 kg<\/li>\n<\/ul>\n<\/li>\n<li class=\"feature-item\">\n<h3 class=\"feature-item__title\">Contenu du carton<\/h3>\n<ul>\n<li class=\"feature-item__content\"><span class=\"is--bold\">Livr\u00e9 avec :<\/span>\u00a0Notice<\/li>\n<\/ul>\n<\/li>\n<li class=\"feature-item\">\n<h3 class=\"feature-item__title\">Informations et Services<\/h3>\n<ul>\n<li class=\"feature-item__content\"><span class=\"is--bold\">Garantie :<\/span>\u00a02 ans<\/li>\n<li class=\"feature-item__content\"><span class=\"is--bold\">Disponibilit\u00e9 des pi\u00e8ces d\u00e9tach\u00e9es (donn\u00e9es fournisseur) :<\/span>\u00a0Pendant 15 ans, \u00e0 compter de la date d&rsquo;achat<\/li>\n<li class=\"feature-item__content\"><span class=\"is--bold\">Fabriqu\u00e9 en :<\/span>\u00a0Autriche<\/li>\n<\/ul>\n<\/li>\n<\/ul>\n","protected":false},"excerpt":{"rendered":"<h3 class=\"keypoints__title\">Les points cl\u00e9s<\/h3>\n<ul>\n<li class=\"keypoints__item\">200 bouteilles &#8211; Mono-temp\u00e9rature<\/li>\n<li class=\"keypoints__item\">L x H x P : : 60 x 165 x 73.9 cm<\/li>\n<li class=\"keypoints__item\">Label \u00e9nergie G<\/li>\n<li class=\"keypoints__item\">Silencieux (39dB)<\/li>\n<li class=\"keypoints__item keypoints__item--advantage\"><strong>Le + :<\/strong>\u00a0Id\u00e9ale pour pr\u00e9server votre collection de vins, elle dispose de nombreux \u00e9quipements indispensables<\/li>\n<\/ul>\n","protected":false},"featured_media":18929,"comment_status":"open","ping_status":"closed","template":"","meta":[],"product_cat":[217],"product_tag":[],"class_list":{"0":"post-18928","1":"product","2":"type-product","3":"status-publish","4":"has-post-thumbnail","6":"product_cat-caves-a-vin","8":"first","9":"instock","10":"sale","11":"shipping-taxable","12":"purchasable","13":"product-type-simple","14":"col-xs-6 col-sm-4","15":"col-md-3 col-lg-3","16":"un-4-cols"},"yoast_head":"<!-- This site is optimized with the Yoast SEO plugin v27.0 - https:\/\/yoast.com\/product\/yoast-seo-wordpress\/ -->\n<title>Cave \u00e0 vin vieillissement Liebherr WKb4212-21 - Eurosdiscounts.com- Achat sur Internet a prix discount, Canap\u00e9s pas cher, Smartphone pas cher, pc portable pas cher..<\/title>\n<meta name=\"description\" content=\"Cave \u00e0 vin vieillissement Liebherr WKb4212-21\" \/>\n<meta name=\"robots\" content=\"index, follow, max-snippet:-1, max-image-preview:large, max-video-preview:-1\" \/>\n<link rel=\"canonical\" href=\"https:\/\/eurosdiscounts.com\/index.php\/produit\/cave-a-vin-vieillissement-liebherr-wkb4212-21\/\" \/>\n<meta property=\"og:locale\" content=\"fr_FR\" \/>\n<meta property=\"og:type\" content=\"article\" \/>\n<meta property=\"og:title\" content=\"Cave \u00e0 vin vieillissement Liebherr WKb4212-21 - Eurosdiscounts.com- Achat sur Internet a prix discount, Canap\u00e9s pas cher, Smartphone pas cher, pc portable pas cher..\" \/>\n<meta property=\"og:description\" content=\"Cave \u00e0 vin vieillissement Liebherr WKb4212-21\" \/>\n<meta property=\"og:url\" content=\"https:\/\/eurosdiscounts.com\/index.php\/produit\/cave-a-vin-vieillissement-liebherr-wkb4212-21\/\" \/>\n<meta property=\"og:site_name\" content=\"Eurosdiscounts.com- Achat sur Internet a prix discount, Canap\u00e9s pas cher, Smartphone pas cher, pc portable pas cher..\" \/>\n<meta property=\"og:image\" content=\"https:\/\/eurosdiscounts.com\/wp-content\/uploads\/2022\/06\/9005382235379_h_p_l_0.webp\" \/>\n\t<meta property=\"og:image:width\" content=\"500\" \/>\n\t<meta property=\"og:image:height\" content=\"500\" \/>\n\t<meta property=\"og:image:type\" content=\"image\/webp\" \/>\n<meta name=\"twitter:card\" content=\"summary_large_image\" \/>\n<meta name=\"twitter:label1\" content=\"Dur\u00e9e de lecture estim\u00e9e\" \/>\n\t<meta name=\"twitter:data1\" content=\"2 minutes\" \/>\n<script type=\"application\/ld+json\" class=\"yoast-schema-graph\">{\"@context\":\"https:\/\/schema.org\",\"@graph\":[{\"@type\":\"WebPage\",\"@id\":\"https:\/\/eurosdiscounts.com\/index.php\/produit\/cave-a-vin-vieillissement-liebherr-wkb4212-21\/\",\"url\":\"https:\/\/eurosdiscounts.com\/index.php\/produit\/cave-a-vin-vieillissement-liebherr-wkb4212-21\/\",\"name\":\"Cave \u00e0 vin vieillissement Liebherr WKb4212-21 - Eurosdiscounts.com- Achat sur Internet a prix discount, Canap\u00e9s pas cher, Smartphone pas cher, pc portable pas cher..\",\"isPartOf\":{\"@id\":\"https:\/\/eurosdiscounts.com\/#website\"},\"primaryImageOfPage\":{\"@id\":\"https:\/\/eurosdiscounts.com\/index.php\/produit\/cave-a-vin-vieillissement-liebherr-wkb4212-21\/#primaryimage\"},\"image\":{\"@id\":\"https:\/\/eurosdiscounts.com\/index.php\/produit\/cave-a-vin-vieillissement-liebherr-wkb4212-21\/#primaryimage\"},\"thumbnailUrl\":\"https:\/\/eurosdiscounts.com\/wp-content\/uploads\/2022\/06\/9005382235379_h_p_l_0.webp\",\"datePublished\":\"2022-06-24T18:27:16+00:00\",\"description\":\"Cave \u00e0 vin vieillissement Liebherr WKb4212-21\",\"breadcrumb\":{\"@id\":\"https:\/\/eurosdiscounts.com\/index.php\/produit\/cave-a-vin-vieillissement-liebherr-wkb4212-21\/#breadcrumb\"},\"inLanguage\":\"fr-FR\",\"potentialAction\":[{\"@type\":\"ReadAction\",\"target\":[\"https:\/\/eurosdiscounts.com\/index.php\/produit\/cave-a-vin-vieillissement-liebherr-wkb4212-21\/\"]}]},{\"@type\":\"ImageObject\",\"inLanguage\":\"fr-FR\",\"@id\":\"https:\/\/eurosdiscounts.com\/index.php\/produit\/cave-a-vin-vieillissement-liebherr-wkb4212-21\/#primaryimage\",\"url\":\"https:\/\/eurosdiscounts.com\/wp-content\/uploads\/2022\/06\/9005382235379_h_p_l_0.webp\",\"contentUrl\":\"https:\/\/eurosdiscounts.com\/wp-content\/uploads\/2022\/06\/9005382235379_h_p_l_0.webp\",\"width\":500,\"height\":500},{\"@type\":\"BreadcrumbList\",\"@id\":\"https:\/\/eurosdiscounts.com\/index.php\/produit\/cave-a-vin-vieillissement-liebherr-wkb4212-21\/#breadcrumb\",\"itemListElement\":[{\"@type\":\"ListItem\",\"position\":1,\"name\":\"Accueil\",\"item\":\"https:\/\/eurosdiscounts.com\/\"},{\"@type\":\"ListItem\",\"position\":2,\"name\":\"Boutique\",\"item\":\"https:\/\/eurosdiscounts.com\/index.php\/boutique\/\"},{\"@type\":\"ListItem\",\"position\":3,\"name\":\"Cave \u00e0 vin vieillissement Liebherr WKb4212-21\"}]},{\"@type\":\"WebSite\",\"@id\":\"https:\/\/eurosdiscounts.com\/#website\",\"url\":\"https:\/\/eurosdiscounts.com\/\",\"name\":\"Eurosdiscounts.com- Achat sur Internet a prix discount, Canap\u00e9s pas cher, Smartphone pas cher, pc portable pas cher..\",\"description\":\"Eurosdiscounts.com- Achat sur Internet a prix discount, Canap\u00e9s pas cher, Smartphone pas cher, pc portable pas cher..\",\"potentialAction\":[{\"@type\":\"SearchAction\",\"target\":{\"@type\":\"EntryPoint\",\"urlTemplate\":\"https:\/\/eurosdiscounts.com\/?s={search_term_string}\"},\"query-input\":{\"@type\":\"PropertyValueSpecification\",\"valueRequired\":true,\"valueName\":\"search_term_string\"}}],\"inLanguage\":\"fr-FR\"}]}<\/script>\n<!-- \/ Yoast SEO plugin. -->","yoast_head_json":{"title":"Cave \u00e0 vin vieillissement Liebherr WKb4212-21 - Eurosdiscounts.com- Achat sur Internet a prix discount, Canap\u00e9s pas cher, Smartphone pas cher, pc portable pas cher..","description":"Cave \u00e0 vin vieillissement Liebherr WKb4212-21","robots":{"index":"index","follow":"follow","max-snippet":"max-snippet:-1","max-image-preview":"max-image-preview:large","max-video-preview":"max-video-preview:-1"},"canonical":"https:\/\/eurosdiscounts.com\/index.php\/produit\/cave-a-vin-vieillissement-liebherr-wkb4212-21\/","og_locale":"fr_FR","og_type":"article","og_title":"Cave \u00e0 vin vieillissement Liebherr WKb4212-21 - Eurosdiscounts.com- Achat sur Internet a prix discount, Canap\u00e9s pas cher, Smartphone pas cher, pc portable pas cher..","og_description":"Cave \u00e0 vin vieillissement Liebherr WKb4212-21","og_url":"https:\/\/eurosdiscounts.com\/index.php\/produit\/cave-a-vin-vieillissement-liebherr-wkb4212-21\/","og_site_name":"Eurosdiscounts.com- Achat sur Internet a prix discount, Canap\u00e9s pas cher, Smartphone pas cher, pc portable pas cher..","og_image":[{"width":500,"height":500,"url":"https:\/\/eurosdiscounts.com\/wp-content\/uploads\/2022\/06\/9005382235379_h_p_l_0.webp","type":"image\/webp"}],"twitter_card":"summary_large_image","twitter_misc":{"Dur\u00e9e de lecture estim\u00e9e":"2 minutes"},"schema":{"@context":"https:\/\/schema.org","@graph":[{"@type":"WebPage","@id":"https:\/\/eurosdiscounts.com\/index.php\/produit\/cave-a-vin-vieillissement-liebherr-wkb4212-21\/","url":"https:\/\/eurosdiscounts.com\/index.php\/produit\/cave-a-vin-vieillissement-liebherr-wkb4212-21\/","name":"Cave \u00e0 vin vieillissement Liebherr WKb4212-21 - Eurosdiscounts.com- Achat sur Internet a prix discount, Canap\u00e9s pas cher, Smartphone pas cher, pc portable pas cher..","isPartOf":{"@id":"https:\/\/eurosdiscounts.com\/#website"},"primaryImageOfPage":{"@id":"https:\/\/eurosdiscounts.com\/index.php\/produit\/cave-a-vin-vieillissement-liebherr-wkb4212-21\/#primaryimage"},"image":{"@id":"https:\/\/eurosdiscounts.com\/index.php\/produit\/cave-a-vin-vieillissement-liebherr-wkb4212-21\/#primaryimage"},"thumbnailUrl":"https:\/\/eurosdiscounts.com\/wp-content\/uploads\/2022\/06\/9005382235379_h_p_l_0.webp","datePublished":"2022-06-24T18:27:16+00:00","description":"Cave \u00e0 vin vieillissement Liebherr WKb4212-21","breadcrumb":{"@id":"https:\/\/eurosdiscounts.com\/index.php\/produit\/cave-a-vin-vieillissement-liebherr-wkb4212-21\/#breadcrumb"},"inLanguage":"fr-FR","potentialAction":[{"@type":"ReadAction","target":["https:\/\/eurosdiscounts.com\/index.php\/produit\/cave-a-vin-vieillissement-liebherr-wkb4212-21\/"]}]},{"@type":"ImageObject","inLanguage":"fr-FR","@id":"https:\/\/eurosdiscounts.com\/index.php\/produit\/cave-a-vin-vieillissement-liebherr-wkb4212-21\/#primaryimage","url":"https:\/\/eurosdiscounts.com\/wp-content\/uploads\/2022\/06\/9005382235379_h_p_l_0.webp","contentUrl":"https:\/\/eurosdiscounts.com\/wp-content\/uploads\/2022\/06\/9005382235379_h_p_l_0.webp","width":500,"height":500},{"@type":"BreadcrumbList","@id":"https:\/\/eurosdiscounts.com\/index.php\/produit\/cave-a-vin-vieillissement-liebherr-wkb4212-21\/#breadcrumb","itemListElement":[{"@type":"ListItem","position":1,"name":"Accueil","item":"https:\/\/eurosdiscounts.com\/"},{"@type":"ListItem","position":2,"name":"Boutique","item":"https:\/\/eurosdiscounts.com\/index.php\/boutique\/"},{"@type":"ListItem","position":3,"name":"Cave \u00e0 vin vieillissement Liebherr WKb4212-21"}]},{"@type":"WebSite","@id":"https:\/\/eurosdiscounts.com\/#website","url":"https:\/\/eurosdiscounts.com\/","name":"Eurosdiscounts.com- Achat sur Internet a prix discount, Canap\u00e9s pas cher, Smartphone pas cher, pc portable pas cher..","description":"Eurosdiscounts.com- Achat sur Internet a prix discount, Canap\u00e9s pas cher, Smartphone pas cher, pc portable pas cher..","potentialAction":[{"@type":"SearchAction","target":{"@type":"EntryPoint","urlTemplate":"https:\/\/eurosdiscounts.com\/?s={search_term_string}"},"query-input":{"@type":"PropertyValueSpecification","valueRequired":true,"valueName":"search_term_string"}}],"inLanguage":"fr-FR"}]}},"_links":{"self":[{"href":"https:\/\/eurosdiscounts.com\/index.php\/wp-json\/wp\/v2\/product\/18928","targetHints":{"allow":["GET"]}}],"collection":[{"href":"https:\/\/eurosdiscounts.com\/index.php\/wp-json\/wp\/v2\/product"}],"about":[{"href":"https:\/\/eurosdiscounts.com\/index.php\/wp-json\/wp\/v2\/types\/product"}],"replies":[{"embeddable":true,"href":"https:\/\/eurosdiscounts.com\/index.php\/wp-json\/wp\/v2\/comments?post=18928"}],"wp:featuredmedia":[{"embeddable":true,"href":"https:\/\/eurosdiscounts.com\/index.php\/wp-json\/wp\/v2\/media\/18929"}],"wp:attachment":[{"href":"https:\/\/eurosdiscounts.com\/index.php\/wp-json\/wp\/v2\/media?parent=18928"}],"wp:term":[{"taxonomy":"product_cat","embeddable":true,"href":"https:\/\/eurosdiscounts.com\/index.php\/wp-json\/wp\/v2\/product_cat?post=18928"},{"taxonomy":"product_tag","embeddable":true,"href":"https:\/\/eurosdiscounts.com\/index.php\/wp-json\/wp\/v2\/product_tag?post=18928"}],"curies":[{"name":"wp","href":"https:\/\/api.w.org\/{rel}","templated":true}]}}