{"id":18824,"date":"2022-06-24T11:40:44","date_gmt":"2022-06-24T09:40:44","guid":{"rendered":"https:\/\/eurosdiscounts.com\/?post_type=product&#038;p=18824"},"modified":"2022-06-24T11:40:44","modified_gmt":"2022-06-24T09:40:44","slug":"cave-de-vieillissement-liebherr-wkr3211-21","status":"publish","type":"product","link":"https:\/\/eurosdiscounts.com\/index.php\/produit\/cave-de-vieillissement-liebherr-wkr3211-21\/","title":{"rendered":"Cave de vieillissement LIEBHERR WKR3211-21"},"content":{"rendered":"<div>\n<h2 class=\"product_bloc_aside_title font-2\">CARACT\u00c9RISTIQUES<\/h2>\n<\/div>\n<div class=\"product_bloc_content bloc ombre \">\n<table class=\"font-2\">\n<caption class=\"caption_hidden\">Caract\u00e9ristiques<\/caption>\n<tbody>\n<tr class=\"odd\">\n<th scope=\"row\">Niveau sonore<\/th>\n<td class=\"font-2-b\">\n<ul class=\"characteristics\">\n<li class=\"\">39 dB<\/li>\n<\/ul>\n<\/td>\n<\/tr>\n<tr class=\"\">\n<th scope=\"row\">Fonctionnalit\u00e9 appareil du froid<\/th>\n<td class=\"font-2-b\">\n<ul class=\"characteristics\">\n<li class=\"\">Hiver automatique<\/li>\n<\/ul>\n<\/td>\n<\/tr>\n<tr class=\"odd\">\n<th scope=\"row\">Type de pose<\/th>\n<td class=\"font-2-b\">\n<ul class=\"characteristics\">\n<li class=\"\">Pose libre<\/li>\n<\/ul>\n<\/td>\n<\/tr>\n<tr class=\"\">\n<th scope=\"row\">Co\u00fbt estim\u00e9 d&rsquo;utilisation annuel<\/th>\n<td class=\"font-2-b\">\n<ul class=\"characteristics\">\n<li class=\"\">21 Euros<\/li>\n<\/ul>\n<\/td>\n<\/tr>\n<tr class=\"odd\">\n<th scope=\"row\">Ouverture de la porte<\/th>\n<td class=\"font-2-b\">\n<ul class=\"characteristics\">\n<li class=\"\">R\u00e9versible droite ou gauche<\/li>\n<\/ul>\n<\/td>\n<\/tr>\n<tr class=\"\">\n<th scope=\"row\">Porte r\u00e9versible<\/th>\n<td class=\"font-2-b\">\n<ul class=\"characteristics\">\n<li class=\"\">Oui<\/li>\n<\/ul>\n<\/td>\n<\/tr>\n<tr class=\"odd\">\n<th scope=\"row\">Nombre de bouteilles (cave)<\/th>\n<td class=\"font-2-b\">\n<ul class=\"characteristics\">\n<li class=\"\">164<\/li>\n<\/ul>\n<\/td>\n<\/tr>\n<tr class=\"\">\n<th scope=\"row\">Hauteur<\/th>\n<td class=\"font-2-b\">\n<ul class=\"characteristics\">\n<li class=\"\">135 cm<\/li>\n<\/ul>\n<\/td>\n<\/tr>\n<tr class=\"odd\">\n<th scope=\"row\">Largeur<\/th>\n<td class=\"font-2-b\">\n<ul class=\"characteristics\">\n<li class=\"\">60 cm<\/li>\n<\/ul>\n<\/td>\n<\/tr>\n<tr class=\"\">\n<th scope=\"row\">Profondeur du produit<\/th>\n<td class=\"font-2-b\">\n<ul class=\"characteristics\">\n<li class=\"\">73,9 cm<\/li>\n<\/ul>\n<\/td>\n<\/tr>\n<tr class=\"odd\">\n<th scope=\"row\">Consommation d&rsquo;\u00e9nergie annuelle<\/th>\n<td class=\"font-2-b\">\n<ul class=\"characteristics\">\n<li class=\"\">99 kWh<\/li>\n<\/ul>\n<\/td>\n<\/tr>\n<tr class=\"\">\n<th scope=\"row\">Nombre de clayettes<\/th>\n<td class=\"font-2-b\">\n<ul class=\"characteristics\">\n<li class=\"\">3<\/li>\n<\/ul>\n<\/td>\n<\/tr>\n<tr class=\"odd\">\n<th scope=\"row\">Type de porte (cave)<\/th>\n<td class=\"font-2-b\">\n<ul class=\"characteristics\">\n<li class=\"\">Pleine<\/li>\n<\/ul>\n<\/td>\n<\/tr>\n<tr class=\"\">\n<th scope=\"row\">Avantages produits<\/th>\n<td class=\"font-2-b\">\n<ul class=\"characteristics\">\n<li class=\"\">Porte r\u00e9versible<\/li>\n<\/ul>\n<\/td>\n<\/tr>\n<tr class=\"odd\">\n<th scope=\"row\">Caract\u00e9ristiques compl\u00e9mentaires<\/th>\n<td class=\"font-2-b\">\n<ul class=\"characteristics\">\n<li class=\"\">Filtre \u00e0 charbon<br \/>\nMode de contr\u00f4le: Electronique<br \/>\nType d&rsquo;alarme: Visuelle et Sonore<br \/>\nPlage de temp\u00e9ratures int\u00e9rieures: 5-20\u00b0C<\/li>\n<\/ul>\n<\/td>\n<\/tr>\n<tr class=\"\">\n<th scope=\"row\">Poids<\/th>\n<td class=\"font-2-b\">\n<ul class=\"characteristics\">\n<li class=\"\">55 kg<\/li>\n<\/ul>\n<\/td>\n<\/tr>\n<tr class=\"odd\">\n<th scope=\"row\">Longueur du cordon<\/th>\n<td class=\"font-2-b\">\n<ul class=\"characteristics\">\n<li class=\"\">200 cm<\/li>\n<\/ul>\n<\/td>\n<\/tr>\n<tr class=\"\">\n<th scope=\"row\">Classe \u00e9nerg\u00e9tique<\/th>\n<td class=\"font-2-b\">\n<ul class=\"characteristics\">\n<li class=\"\">E<\/li>\n<\/ul>\n<\/td>\n<\/tr>\n<tr class=\"odd\">\n<th scope=\"row\">Cat\u00e9gorie de niveau sonore<\/th>\n<td class=\"font-2-b\">\n<ul class=\"characteristics\">\n<li class=\"\">C<\/li>\n<\/ul>\n<\/td>\n<\/tr>\n<tr class=\"\">\n<th scope=\"row\">Type de r\u00e9frig\u00e9ration<\/th>\n<td class=\"font-2-b\">\n<ul class=\"characteristics\">\n<li class=\"\">Froid brass\u00e9<\/li>\n<\/ul>\n<\/td>\n<\/tr>\n<tr class=\"odd\">\n<th scope=\"row\">Disponibilit\u00e9 des pi\u00e8ces d\u00e9tach\u00e9es<\/th>\n<td class=\"font-2-b\">\n<ul class=\"characteristics\">\n<li class=\"\">15 ans<\/li>\n<\/ul>\n<\/td>\n<\/tr>\n<tr class=\"\">\n<th scope=\"row\">Code<\/th>\n<td class=\"font-2-b\">\n<ul class=\"characteristics\">\n<li class=\"\">4667514<\/li>\n<\/ul>\n<\/td>\n<\/tr>\n<\/tbody>\n<\/table>\n<\/div>\n","protected":false},"excerpt":{"rendered":"<p class=\"product_section_title font-2-b\">Les points forts :<\/p>\n<ul class=\"product_details_items font-2-l\">\n<li class=\"product_details_item\">Capacit\u00e9 164 bouteilles<\/li>\n<li class=\"product_details_item\">3 clayettes en bois<\/li>\n<li class=\"product_details_item\">Dimensions HxLxP : 135x60x73.9 cm<\/li>\n<li class=\"product_details_item\">Pack s\u00e9curit\u00e9 hiver<\/li>\n<\/ul>\n<div>\n<h2 class=\"product_bloc_aside_title font-2\">DESCRIPTION<\/h2>\n<\/div>\n<div class=\"product_bloc_content bloc ombre font-2\">\n<div class=\"columns\">\n<div>\n<div>\n<div>La cave \u00e0 vin Liebherr WKR 3211-21 est une cave de vieillissement. Elle est dot\u00e9e d&rsquo;une grande capacit\u00e9 de 164 bouteilles.<\/div>\n<div><\/div>\n<\/div>\n<div><b>Equipements\u00a0<\/b><\/div>\n<div>Les 3 clayettes en bois offrent une parfaite stabilit\u00e9 pour le stockage du vin. Les empreintes universelles permettent de ranger facilement tous types de bouteilles.<\/div>\n<div><\/div>\n<div><b>Contr\u00f4le \u00e9lectronique\u00a0<\/b><\/div>\n<div>L&rsquo;affichage digital permet un contr\u00f4le pr\u00e9cis et efficace des temp\u00e9ratures.<\/div>\n<\/div>\n<div><b>\u00a0<\/b><\/div>\n<div><b>Porte pleine\u00a0<\/b><\/div>\n<div>Elle \u00e9vite toute intrusion de la lumi\u00e8re ext\u00e9rieure gr\u00e2ce \u00e0 son isolation renforc\u00e9e, le vin aura ainsi une lente maturation et un vieillissement optimal de vos plus grands crus.<\/div>\n<div><\/div>\n<div><b>Filtre \u00e0 charbon<\/b><\/div>\n<div>Il stoppe les mauvaises odeurs. Le filtre \u00e0 charbons renouvelle l&rsquo;air de la cave \u00e0 vins efficacement, sans risque de nuire au bon d\u00e9veloppement du vin.<\/div>\n<div><\/div>\n<div><b>Clayettes bois<\/b><\/div>\n<div>Ces clayettes sont en bois d&rsquo;acacia r\u00e9put\u00e9 imputrescible, sans odeur et sans vernis.<\/div>\n<div><\/div>\n<div><b>Alarme visuelle et sonore<\/b><\/div>\n<div>\n<div>Signale toute porte rest\u00e9e ouverte (sonore) ou toute remont\u00e9e anormale de temp\u00e9rature (visuelle et sonore).<\/div>\n<\/div>\n<div><b>\u00a0<\/b><\/div>\n<div><b>Compresseur mont\u00e9 sur amortisseur anti-vibration\u00a0<\/b><\/div>\n<div>\n<div>Le moteur est \u00e9quip\u00e9 de silent-bloc et est d\u00e9solidaris\u00e9 de la cuve. Ainsi, son fonctionnement est exempt de toutes vibrations. De plus, les pieds sont r\u00e9glables pour pallier aux \u00e9ventuelles irr\u00e9gularit\u00e9s du sol.<\/div>\n<div><b>\u00a0<\/b><\/div>\n<div><b>Economique\u00a0<\/b><\/div>\n<\/div>\n<div>\n<div>De classe E, C\u2019est 25% d\u2019\u00e9conomie par rapport un mod\u00e8le de classe F.<\/div>\n<\/div>\n<div><\/div>\n<div>\n<p><b>Pack S\u00e9curit\u00e9 hiver<\/b><\/p>\n<\/div>\n<p>Cette \u00e0 vin offre un dispositif complet pour s\u00e9curiser son fonctionnement.<\/p>\n<div>Alarmes, visuelle, sonore lui permettront de r\u00e9sister aux premiers frimas! Son Syst\u00e8me automatique de compensation de temp\u00e9rature s&rsquo;active automatiquement lorsque la consigne de temp\u00e9rature est r\u00e9gl\u00e9e \u00e0 13\u00b0C. Elle r\u00e9siste ainsi ponctuellement \u00e0 des temp\u00e9ratures ambiantes allant jusqu&rsquo;\u00e0 +5\u00b0C.<br \/>\n<b><br \/>\n<\/b><\/div>\n<div><b>Classe climatique tropicalis\u00e9e \u00e9largie\u00a0<\/b><\/div>\n<div>Cette cave fonctionne normalement m\u00eame \u00e0 une temp\u00e9rature ambiante allant de +10 \u00e0 +43\u00b0C.<\/div>\n<\/div>\n<\/div>\n","protected":false},"featured_media":18831,"comment_status":"open","ping_status":"closed","template":"","meta":[],"product_cat":[217],"product_tag":[],"class_list":{"0":"post-18824","1":"product","2":"type-product","3":"status-publish","4":"has-post-thumbnail","6":"product_cat-caves-a-vin","8":"first","9":"instock","10":"sale","11":"shipping-taxable","12":"purchasable","13":"product-type-simple","14":"col-xs-6 col-sm-4","15":"col-md-3 col-lg-3","16":"un-4-cols"},"yoast_head":"<!-- This site is optimized with the Yoast SEO plugin v27.0 - https:\/\/yoast.com\/product\/yoast-seo-wordpress\/ -->\n<title>Cave de vieillissement LIEBHERR WKR3211-21 - Eurosdiscounts.com- Achat sur Internet a prix discount, Canap\u00e9s pas cher, Smartphone pas cher, pc portable pas cher..<\/title>\n<meta name=\"description\" content=\"Cave de vieillissement LIEBHERR WKR3211-21\" \/>\n<meta name=\"robots\" content=\"index, follow, max-snippet:-1, max-image-preview:large, max-video-preview:-1\" \/>\n<link rel=\"canonical\" href=\"https:\/\/eurosdiscounts.com\/index.php\/produit\/cave-de-vieillissement-liebherr-wkr3211-21\/\" \/>\n<meta property=\"og:locale\" content=\"fr_FR\" \/>\n<meta property=\"og:type\" content=\"article\" \/>\n<meta property=\"og:title\" content=\"Cave de vieillissement LIEBHERR WKR3211-21 - Eurosdiscounts.com- Achat sur Internet a prix discount, Canap\u00e9s pas cher, Smartphone pas cher, pc portable pas cher..\" \/>\n<meta property=\"og:description\" content=\"Cave de vieillissement LIEBHERR WKR3211-21\" \/>\n<meta property=\"og:url\" content=\"https:\/\/eurosdiscounts.com\/index.php\/produit\/cave-de-vieillissement-liebherr-wkr3211-21\/\" \/>\n<meta property=\"og:site_name\" content=\"Eurosdiscounts.com- Achat sur Internet a prix discount, Canap\u00e9s pas cher, Smartphone pas cher, pc portable pas cher..\" \/>\n<meta property=\"og:image\" content=\"https:\/\/eurosdiscounts.com\/wp-content\/uploads\/2022\/06\/liebherr_wkr3211-21_t2107084667514A_173549087.png\" \/>\n\t<meta property=\"og:image:width\" content=\"300\" \/>\n\t<meta property=\"og:image:height\" content=\"450\" \/>\n\t<meta property=\"og:image:type\" content=\"image\/png\" \/>\n<meta name=\"twitter:card\" content=\"summary_large_image\" \/>\n<meta name=\"twitter:label1\" content=\"Dur\u00e9e de lecture estim\u00e9e\" \/>\n\t<meta name=\"twitter:data1\" content=\"1 minute\" \/>\n<script type=\"application\/ld+json\" class=\"yoast-schema-graph\">{\"@context\":\"https:\/\/schema.org\",\"@graph\":[{\"@type\":\"WebPage\",\"@id\":\"https:\/\/eurosdiscounts.com\/index.php\/produit\/cave-de-vieillissement-liebherr-wkr3211-21\/\",\"url\":\"https:\/\/eurosdiscounts.com\/index.php\/produit\/cave-de-vieillissement-liebherr-wkr3211-21\/\",\"name\":\"Cave de vieillissement LIEBHERR WKR3211-21 - Eurosdiscounts.com- Achat sur Internet a prix discount, Canap\u00e9s pas cher, Smartphone pas cher, pc portable pas cher..\",\"isPartOf\":{\"@id\":\"https:\/\/eurosdiscounts.com\/#website\"},\"primaryImageOfPage\":{\"@id\":\"https:\/\/eurosdiscounts.com\/index.php\/produit\/cave-de-vieillissement-liebherr-wkr3211-21\/#primaryimage\"},\"image\":{\"@id\":\"https:\/\/eurosdiscounts.com\/index.php\/produit\/cave-de-vieillissement-liebherr-wkr3211-21\/#primaryimage\"},\"thumbnailUrl\":\"https:\/\/eurosdiscounts.com\/wp-content\/uploads\/2022\/06\/liebherr_wkr3211-21_t2107084667514A_173549087.png\",\"datePublished\":\"2022-06-24T09:40:44+00:00\",\"description\":\"Cave de vieillissement LIEBHERR WKR3211-21\",\"breadcrumb\":{\"@id\":\"https:\/\/eurosdiscounts.com\/index.php\/produit\/cave-de-vieillissement-liebherr-wkr3211-21\/#breadcrumb\"},\"inLanguage\":\"fr-FR\",\"potentialAction\":[{\"@type\":\"ReadAction\",\"target\":[\"https:\/\/eurosdiscounts.com\/index.php\/produit\/cave-de-vieillissement-liebherr-wkr3211-21\/\"]}]},{\"@type\":\"ImageObject\",\"inLanguage\":\"fr-FR\",\"@id\":\"https:\/\/eurosdiscounts.com\/index.php\/produit\/cave-de-vieillissement-liebherr-wkr3211-21\/#primaryimage\",\"url\":\"https:\/\/eurosdiscounts.com\/wp-content\/uploads\/2022\/06\/liebherr_wkr3211-21_t2107084667514A_173549087.png\",\"contentUrl\":\"https:\/\/eurosdiscounts.com\/wp-content\/uploads\/2022\/06\/liebherr_wkr3211-21_t2107084667514A_173549087.png\",\"width\":300,\"height\":450},{\"@type\":\"BreadcrumbList\",\"@id\":\"https:\/\/eurosdiscounts.com\/index.php\/produit\/cave-de-vieillissement-liebherr-wkr3211-21\/#breadcrumb\",\"itemListElement\":[{\"@type\":\"ListItem\",\"position\":1,\"name\":\"Accueil\",\"item\":\"https:\/\/eurosdiscounts.com\/\"},{\"@type\":\"ListItem\",\"position\":2,\"name\":\"Boutique\",\"item\":\"https:\/\/eurosdiscounts.com\/index.php\/boutique\/\"},{\"@type\":\"ListItem\",\"position\":3,\"name\":\"Cave de vieillissement LIEBHERR WKR3211-21\"}]},{\"@type\":\"WebSite\",\"@id\":\"https:\/\/eurosdiscounts.com\/#website\",\"url\":\"https:\/\/eurosdiscounts.com\/\",\"name\":\"Eurosdiscounts.com- Achat sur Internet a prix discount, Canap\u00e9s pas cher, Smartphone pas cher, pc portable pas cher..\",\"description\":\"Eurosdiscounts.com- Achat sur Internet a prix discount, Canap\u00e9s pas cher, Smartphone pas cher, pc portable pas cher..\",\"potentialAction\":[{\"@type\":\"SearchAction\",\"target\":{\"@type\":\"EntryPoint\",\"urlTemplate\":\"https:\/\/eurosdiscounts.com\/?s={search_term_string}\"},\"query-input\":{\"@type\":\"PropertyValueSpecification\",\"valueRequired\":true,\"valueName\":\"search_term_string\"}}],\"inLanguage\":\"fr-FR\"}]}<\/script>\n<!-- \/ Yoast SEO plugin. -->","yoast_head_json":{"title":"Cave de vieillissement LIEBHERR WKR3211-21 - Eurosdiscounts.com- Achat sur Internet a prix discount, Canap\u00e9s pas cher, Smartphone pas cher, pc portable pas cher..","description":"Cave de vieillissement LIEBHERR WKR3211-21","robots":{"index":"index","follow":"follow","max-snippet":"max-snippet:-1","max-image-preview":"max-image-preview:large","max-video-preview":"max-video-preview:-1"},"canonical":"https:\/\/eurosdiscounts.com\/index.php\/produit\/cave-de-vieillissement-liebherr-wkr3211-21\/","og_locale":"fr_FR","og_type":"article","og_title":"Cave de vieillissement LIEBHERR WKR3211-21 - Eurosdiscounts.com- Achat sur Internet a prix discount, Canap\u00e9s pas cher, Smartphone pas cher, pc portable pas cher..","og_description":"Cave de vieillissement LIEBHERR WKR3211-21","og_url":"https:\/\/eurosdiscounts.com\/index.php\/produit\/cave-de-vieillissement-liebherr-wkr3211-21\/","og_site_name":"Eurosdiscounts.com- Achat sur Internet a prix discount, Canap\u00e9s pas cher, Smartphone pas cher, pc portable pas cher..","og_image":[{"width":300,"height":450,"url":"https:\/\/eurosdiscounts.com\/wp-content\/uploads\/2022\/06\/liebherr_wkr3211-21_t2107084667514A_173549087.png","type":"image\/png"}],"twitter_card":"summary_large_image","twitter_misc":{"Dur\u00e9e de lecture estim\u00e9e":"1 minute"},"schema":{"@context":"https:\/\/schema.org","@graph":[{"@type":"WebPage","@id":"https:\/\/eurosdiscounts.com\/index.php\/produit\/cave-de-vieillissement-liebherr-wkr3211-21\/","url":"https:\/\/eurosdiscounts.com\/index.php\/produit\/cave-de-vieillissement-liebherr-wkr3211-21\/","name":"Cave de vieillissement LIEBHERR WKR3211-21 - Eurosdiscounts.com- Achat sur Internet a prix discount, Canap\u00e9s pas cher, Smartphone pas cher, pc portable pas cher..","isPartOf":{"@id":"https:\/\/eurosdiscounts.com\/#website"},"primaryImageOfPage":{"@id":"https:\/\/eurosdiscounts.com\/index.php\/produit\/cave-de-vieillissement-liebherr-wkr3211-21\/#primaryimage"},"image":{"@id":"https:\/\/eurosdiscounts.com\/index.php\/produit\/cave-de-vieillissement-liebherr-wkr3211-21\/#primaryimage"},"thumbnailUrl":"https:\/\/eurosdiscounts.com\/wp-content\/uploads\/2022\/06\/liebherr_wkr3211-21_t2107084667514A_173549087.png","datePublished":"2022-06-24T09:40:44+00:00","description":"Cave de vieillissement LIEBHERR WKR3211-21","breadcrumb":{"@id":"https:\/\/eurosdiscounts.com\/index.php\/produit\/cave-de-vieillissement-liebherr-wkr3211-21\/#breadcrumb"},"inLanguage":"fr-FR","potentialAction":[{"@type":"ReadAction","target":["https:\/\/eurosdiscounts.com\/index.php\/produit\/cave-de-vieillissement-liebherr-wkr3211-21\/"]}]},{"@type":"ImageObject","inLanguage":"fr-FR","@id":"https:\/\/eurosdiscounts.com\/index.php\/produit\/cave-de-vieillissement-liebherr-wkr3211-21\/#primaryimage","url":"https:\/\/eurosdiscounts.com\/wp-content\/uploads\/2022\/06\/liebherr_wkr3211-21_t2107084667514A_173549087.png","contentUrl":"https:\/\/eurosdiscounts.com\/wp-content\/uploads\/2022\/06\/liebherr_wkr3211-21_t2107084667514A_173549087.png","width":300,"height":450},{"@type":"BreadcrumbList","@id":"https:\/\/eurosdiscounts.com\/index.php\/produit\/cave-de-vieillissement-liebherr-wkr3211-21\/#breadcrumb","itemListElement":[{"@type":"ListItem","position":1,"name":"Accueil","item":"https:\/\/eurosdiscounts.com\/"},{"@type":"ListItem","position":2,"name":"Boutique","item":"https:\/\/eurosdiscounts.com\/index.php\/boutique\/"},{"@type":"ListItem","position":3,"name":"Cave de vieillissement LIEBHERR WKR3211-21"}]},{"@type":"WebSite","@id":"https:\/\/eurosdiscounts.com\/#website","url":"https:\/\/eurosdiscounts.com\/","name":"Eurosdiscounts.com- Achat sur Internet a prix discount, Canap\u00e9s pas cher, Smartphone pas cher, pc portable pas cher..","description":"Eurosdiscounts.com- Achat sur Internet a prix discount, Canap\u00e9s pas cher, Smartphone pas cher, pc portable pas cher..","potentialAction":[{"@type":"SearchAction","target":{"@type":"EntryPoint","urlTemplate":"https:\/\/eurosdiscounts.com\/?s={search_term_string}"},"query-input":{"@type":"PropertyValueSpecification","valueRequired":true,"valueName":"search_term_string"}}],"inLanguage":"fr-FR"}]}},"_links":{"self":[{"href":"https:\/\/eurosdiscounts.com\/index.php\/wp-json\/wp\/v2\/product\/18824","targetHints":{"allow":["GET"]}}],"collection":[{"href":"https:\/\/eurosdiscounts.com\/index.php\/wp-json\/wp\/v2\/product"}],"about":[{"href":"https:\/\/eurosdiscounts.com\/index.php\/wp-json\/wp\/v2\/types\/product"}],"replies":[{"embeddable":true,"href":"https:\/\/eurosdiscounts.com\/index.php\/wp-json\/wp\/v2\/comments?post=18824"}],"wp:featuredmedia":[{"embeddable":true,"href":"https:\/\/eurosdiscounts.com\/index.php\/wp-json\/wp\/v2\/media\/18831"}],"wp:attachment":[{"href":"https:\/\/eurosdiscounts.com\/index.php\/wp-json\/wp\/v2\/media?parent=18824"}],"wp:term":[{"taxonomy":"product_cat","embeddable":true,"href":"https:\/\/eurosdiscounts.com\/index.php\/wp-json\/wp\/v2\/product_cat?post=18824"},{"taxonomy":"product_tag","embeddable":true,"href":"https:\/\/eurosdiscounts.com\/index.php\/wp-json\/wp\/v2\/product_tag?post=18824"}],"curies":[{"name":"wp","href":"https:\/\/api.w.org\/{rel}","templated":true}]}}