{"id":18499,"date":"2022-06-11T20:30:25","date_gmt":"2022-06-11T18:30:25","guid":{"rendered":"https:\/\/eurosdiscounts.com\/?post_type=product&#038;p=18499"},"modified":"2022-06-11T20:30:25","modified_gmt":"2022-06-11T18:30:25","slug":"seche-linge-a-condensation-essentielb-eslc8d5","status":"publish","type":"product","link":"https:\/\/eurosdiscounts.com\/index.php\/produit\/seche-linge-a-condensation-essentielb-eslc8d5\/","title":{"rendered":"S\u00e8che linge \u00e0 condensation Essentielb ESLC8D5"},"content":{"rendered":"<div class=\"product-features__content read-more\">\n<ul class=\"product-features__list\">\n<li class=\"feature-item\">\n<h3 class=\"feature-item__title\">Caract\u00e9ristiques g\u00e9n\u00e9rales<\/h3>\n<ul>\n<li class=\"feature-item__content\"><span class=\"is--bold\">Type de pose :<\/span>\u00a0Pose libre<\/li>\n<li class=\"feature-item__content\"><span class=\"is--bold\">Capacit\u00e9 :<\/span>\u00a08,0 kg<\/li>\n<li class=\"feature-item__content\"><span class=\"is--bold\">Volume :<\/span>\u00a0118 L<\/li>\n<li class=\"feature-item__content\"><span class=\"is--bold\">Type de tambour :<\/span>\u00a0Inox : Le plus solide et le plus r\u00e9sistant des mat\u00e9riaux s&rsquo;invite dans votre appareil. Il offre s\u00e9r\u00e9nit\u00e9 et des cycles plus silencieux.<\/li>\n<li class=\"feature-item__content\"><span class=\"is--bold\">Type de s\u00e9chage :<\/span>\u00a0Condensation : pour \u00eatre mis en marche, ils n&rsquo;ont besoin que d&rsquo;une prise de courant. L&rsquo;eau est r\u00e9cup\u00e9r\u00e9e dans un r\u00e9servoir, que vous viderez apr\u00e8s chaque utilisation<\/li>\n<li class=\"feature-item__content\"><span class=\"is--bold\">Bac de r\u00e9cup\u00e9ration d&rsquo;eau :<\/span>\u00a0R\u00e9servoir d&rsquo;eau int\u00e9gr\u00e9 au bandeau<\/li>\n<li class=\"feature-item__content\"><span class=\"is--bold\">D\u00e9part diff\u00e9r\u00e9 ou fin diff\u00e9r\u00e9e :<\/span>\u00a0D\u00e9part diff\u00e9r\u00e9e 24 heures<\/li>\n<li class=\"feature-item__content\"><span class=\"is--bold\">Ecran d&rsquo;affichage :<\/span>\u00a0LED<\/li>\n<li class=\"feature-item__content\"><span class=\"is--bold\">Affichage du temps restant :<\/span>\u00a0Permet de savoir \u00e0 tout moment dans combien de temps se termine le cycle de lavage.<\/li>\n<li class=\"feature-item__content\"><span class=\"is--bold\">D\u00e9tails :<\/span>\u00a0Indicateur de saturation du filtre, Sonnerie de fin de cycle<\/li>\n<\/ul>\n<\/li>\n<li class=\"feature-item\">\n<h3 class=\"feature-item__title\">Programmes classiques<\/h3>\n<ul>\n<li class=\"feature-item__content\"><span class=\"is--bold\">D\u00e9tail :<\/span>\u00a0Rapide, D\u00e9licat, Coton, Synth\u00e9tique<\/li>\n<\/ul>\n<\/li>\n<li class=\"feature-item\">\n<h3 class=\"feature-item__title\">Programmes sp\u00e9cifiques<\/h3>\n<ul>\n<li class=\"feature-item__content\"><span class=\"is--bold\">D\u00e9tails :<\/span>\u00a0B\u00e9b\u00e9, Jean, Chemise, Sport<\/li>\n<\/ul>\n<\/li>\n<li class=\"feature-item\">\n<h3 class=\"feature-item__title\">Programmes suppl\u00e9mentaires<\/h3>\n<ul>\n<li class=\"feature-item__content\"><span class=\"is--bold\">D\u00e9tails :<\/span>\u00a0Mix<\/li>\n<\/ul>\n<\/li>\n<li class=\"feature-item\">\n<h3 class=\"feature-item__title\">Fonctions de s\u00e9chage<\/h3>\n<ul>\n<li class=\"feature-item__content\"><span class=\"is--bold\">D\u00e9tails :<\/span>\u00a0Ventilation fra\u00eecheur<\/li>\n<\/ul>\n<\/li>\n<li class=\"feature-item\">\n<h3 class=\"feature-item__title\">Consommation<\/h3>\n<ul>\n<li class=\"feature-item__content\"><span class=\"is--bold\">Classe \u00e9nerg\u00e9tique :<\/span>\u00a0B<\/li>\n<li class=\"feature-item__content\"><span class=\"is--bold\">Programme r\u00e9f\u00e9rent pour les donn\u00e9es mesur\u00e9es :<\/span>\u00a0Coton pr\u00eat \u00e0 ranger pleine charge<\/li>\n<li class=\"feature-item__content\"><span class=\"is--bold\">Consommation d&rsquo;\u00e9nergie moyenne par cycle :<\/span>\u00a02,53 kWh<\/li>\n<li class=\"feature-item__content\"><span class=\"is--bold\">Consommation d&rsquo;energie annuelle :<\/span>\u00a0561 kWh\/an<\/li>\n<li class=\"feature-item__content\"><span class=\"is--bold\">Co\u00fbt annuel en consommation d&rsquo;\u00e9nergie (pour 160 cycles par an et 0.1503 E \/Kwh ) :<\/span>\u00a084 euros<\/li>\n<li class=\"feature-item__content\"><span class=\"is--bold\">Niveau sonore :<\/span>\u00a066 dB<\/li>\n<\/ul>\n<\/li>\n<li class=\"feature-item\">\n<h3 class=\"feature-item__title\">Dimensions du s\u00e8che linge<\/h3>\n<ul>\n<li class=\"feature-item__content\"><span class=\"is--bold\">Top amovible :<\/span>\u00a0Non<\/li>\n<li class=\"feature-item__content\"><span class=\"is--bold\">L x H x P : :<\/span>\u00a059.7 x 84.6 x 56.8 cm<\/li>\n<li class=\"feature-item__content\"><span class=\"is--bold\">Longueur du cordon \u00e9l\u00e8ctrique :<\/span>\u00a0150,0 cm<\/li>\n<li class=\"feature-item__content\"><span class=\"is--bold\">Poids net :<\/span>\u00a036,0 kg<\/li>\n<\/ul>\n<\/li>\n<li class=\"feature-item\">\n<h3 class=\"feature-item__title\">Esth\u00e9tique<\/h3>\n<ul>\n<li class=\"feature-item__content\"><span class=\"is--bold\">Couleur :<\/span>\u00a0Blanc<\/li>\n<li class=\"feature-item__content\"><span class=\"is--bold\">Type de chargement :<\/span>\u00a0Hublot<\/li>\n<li class=\"feature-item__content\"><span class=\"is--bold\">Aspect de la porte :<\/span>\u00a0Verre<\/li>\n<\/ul>\n<\/li>\n<li class=\"feature-item\">\n<h3 class=\"feature-item__title\">Contenu du carton<\/h3>\n<ul>\n<li class=\"feature-item__content\"><span class=\"is--bold\">Livr\u00e9 avec :<\/span>\u00a0Notice, Cordon d&rsquo;alimentation \u00e9lectrique<\/li>\n<\/ul>\n<\/li>\n<li class=\"feature-item\">\n<h3 class=\"feature-item__title\">Informations et Services<\/h3>\n<ul>\n<li class=\"feature-item__content\"><span class=\"is--bold\">Disponibilit\u00e9 des pi\u00e8ces d\u00e9tach\u00e9es (donn\u00e9es fournisseur) :<\/span>\u00a0Pendant 5 ans, \u00e0 compter de la date d&rsquo;achat<\/li>\n<li class=\"feature-item__content\"><span class=\"is--bold\">Fabriqu\u00e9 en :<\/span>\u00a0Turquie<\/li>\n<\/ul>\n<\/li>\n<\/ul>\n<\/div>\n","protected":false},"excerpt":{"rendered":"<h3 class=\"keypoints__title\">Les points cl\u00e9s<\/h3>\n<ul>\n<li class=\"keypoints__item\">L x H x P : : 59.7 x 84.6 x 56.8 cm<\/li>\n<li class=\"keypoints__item\">Condensation &#8211; Conso standard B<\/li>\n<li class=\"keypoints__item\">Capacit\u00e9 standard (8kg)<\/li>\n<li class=\"keypoints__item\">Tambour robuste (Inox) &#8211; D\u00e9part diff\u00e9r\u00e9e 24 heures<\/li>\n<li class=\"keypoints__item keypoints__item--advantage\"><strong>Le + :<\/strong>\u00a0Le programme \u00ab\u00a0Sport\u00a0\u00bb qui prendra soin des textiles sp\u00e9cifiques<\/li>\n<\/ul>\n","protected":false},"featured_media":18500,"comment_status":"open","ping_status":"closed","template":"","meta":[],"product_cat":[249],"product_tag":[],"class_list":{"0":"post-18499","1":"product","2":"type-product","3":"status-publish","4":"has-post-thumbnail","6":"product_cat-seche-linges","8":"first","9":"instock","10":"sale","11":"shipping-taxable","12":"purchasable","13":"product-type-simple","14":"col-xs-6 col-sm-4","15":"col-md-3 col-lg-3","16":"un-4-cols"},"yoast_head":"<!-- This site is optimized with the Yoast SEO plugin v27.0 - https:\/\/yoast.com\/product\/yoast-seo-wordpress\/ -->\n<title>S\u00e8che linge \u00e0 condensation Essentielb ESLC8D5 - Eurosdiscounts.com- Achat sur Internet a prix discount, Canap\u00e9s pas cher, Smartphone pas cher, pc portable pas cher..<\/title>\n<meta name=\"description\" content=\"S\u00e8che linge \u00e0 condensation Essentielb ESLC8D5\" \/>\n<meta name=\"robots\" content=\"index, follow, max-snippet:-1, max-image-preview:large, max-video-preview:-1\" \/>\n<link rel=\"canonical\" href=\"https:\/\/eurosdiscounts.com\/index.php\/produit\/seche-linge-a-condensation-essentielb-eslc8d5\/\" \/>\n<meta property=\"og:locale\" content=\"fr_FR\" \/>\n<meta property=\"og:type\" content=\"article\" \/>\n<meta property=\"og:title\" content=\"S\u00e8che linge \u00e0 condensation Essentielb ESLC8D5 - Eurosdiscounts.com- Achat sur Internet a prix discount, Canap\u00e9s pas cher, Smartphone pas cher, pc portable pas cher..\" \/>\n<meta property=\"og:description\" content=\"S\u00e8che linge \u00e0 condensation Essentielb ESLC8D5\" \/>\n<meta property=\"og:url\" content=\"https:\/\/eurosdiscounts.com\/index.php\/produit\/seche-linge-a-condensation-essentielb-eslc8d5\/\" \/>\n<meta property=\"og:site_name\" content=\"Eurosdiscounts.com- Achat sur Internet a prix discount, Canap\u00e9s pas cher, Smartphone pas cher, pc portable pas cher..\" \/>\n<meta property=\"og:image\" content=\"https:\/\/eurosdiscounts.com\/wp-content\/uploads\/2022\/06\/3497674132903_h_p_l_0.webp\" \/>\n\t<meta property=\"og:image:width\" content=\"1000\" \/>\n\t<meta property=\"og:image:height\" content=\"1000\" \/>\n\t<meta property=\"og:image:type\" content=\"image\/webp\" \/>\n<meta name=\"twitter:card\" content=\"summary_large_image\" \/>\n<meta name=\"twitter:label1\" content=\"Dur\u00e9e de lecture estim\u00e9e\" \/>\n\t<meta name=\"twitter:data1\" content=\"2 minutes\" \/>\n<script type=\"application\/ld+json\" class=\"yoast-schema-graph\">{\"@context\":\"https:\/\/schema.org\",\"@graph\":[{\"@type\":\"WebPage\",\"@id\":\"https:\/\/eurosdiscounts.com\/index.php\/produit\/seche-linge-a-condensation-essentielb-eslc8d5\/\",\"url\":\"https:\/\/eurosdiscounts.com\/index.php\/produit\/seche-linge-a-condensation-essentielb-eslc8d5\/\",\"name\":\"S\u00e8che linge \u00e0 condensation Essentielb ESLC8D5 - Eurosdiscounts.com- Achat sur Internet a prix discount, Canap\u00e9s pas cher, Smartphone pas cher, pc portable pas cher..\",\"isPartOf\":{\"@id\":\"https:\/\/eurosdiscounts.com\/#website\"},\"primaryImageOfPage\":{\"@id\":\"https:\/\/eurosdiscounts.com\/index.php\/produit\/seche-linge-a-condensation-essentielb-eslc8d5\/#primaryimage\"},\"image\":{\"@id\":\"https:\/\/eurosdiscounts.com\/index.php\/produit\/seche-linge-a-condensation-essentielb-eslc8d5\/#primaryimage\"},\"thumbnailUrl\":\"https:\/\/eurosdiscounts.com\/wp-content\/uploads\/2022\/06\/3497674132903_h_p_l_0.webp\",\"datePublished\":\"2022-06-11T18:30:25+00:00\",\"description\":\"S\u00e8che linge \u00e0 condensation Essentielb ESLC8D5\",\"breadcrumb\":{\"@id\":\"https:\/\/eurosdiscounts.com\/index.php\/produit\/seche-linge-a-condensation-essentielb-eslc8d5\/#breadcrumb\"},\"inLanguage\":\"fr-FR\",\"potentialAction\":[{\"@type\":\"ReadAction\",\"target\":[\"https:\/\/eurosdiscounts.com\/index.php\/produit\/seche-linge-a-condensation-essentielb-eslc8d5\/\"]}]},{\"@type\":\"ImageObject\",\"inLanguage\":\"fr-FR\",\"@id\":\"https:\/\/eurosdiscounts.com\/index.php\/produit\/seche-linge-a-condensation-essentielb-eslc8d5\/#primaryimage\",\"url\":\"https:\/\/eurosdiscounts.com\/wp-content\/uploads\/2022\/06\/3497674132903_h_p_l_0.webp\",\"contentUrl\":\"https:\/\/eurosdiscounts.com\/wp-content\/uploads\/2022\/06\/3497674132903_h_p_l_0.webp\",\"width\":1000,\"height\":1000},{\"@type\":\"BreadcrumbList\",\"@id\":\"https:\/\/eurosdiscounts.com\/index.php\/produit\/seche-linge-a-condensation-essentielb-eslc8d5\/#breadcrumb\",\"itemListElement\":[{\"@type\":\"ListItem\",\"position\":1,\"name\":\"Accueil\",\"item\":\"https:\/\/eurosdiscounts.com\/\"},{\"@type\":\"ListItem\",\"position\":2,\"name\":\"Boutique\",\"item\":\"https:\/\/eurosdiscounts.com\/index.php\/boutique\/\"},{\"@type\":\"ListItem\",\"position\":3,\"name\":\"S\u00e8che linge \u00e0 condensation Essentielb ESLC8D5\"}]},{\"@type\":\"WebSite\",\"@id\":\"https:\/\/eurosdiscounts.com\/#website\",\"url\":\"https:\/\/eurosdiscounts.com\/\",\"name\":\"Eurosdiscounts.com- Achat sur Internet a prix discount, Canap\u00e9s pas cher, Smartphone pas cher, pc portable pas cher..\",\"description\":\"Eurosdiscounts.com- Achat sur Internet a prix discount, Canap\u00e9s pas cher, Smartphone pas cher, pc portable pas cher..\",\"potentialAction\":[{\"@type\":\"SearchAction\",\"target\":{\"@type\":\"EntryPoint\",\"urlTemplate\":\"https:\/\/eurosdiscounts.com\/?s={search_term_string}\"},\"query-input\":{\"@type\":\"PropertyValueSpecification\",\"valueRequired\":true,\"valueName\":\"search_term_string\"}}],\"inLanguage\":\"fr-FR\"}]}<\/script>\n<!-- \/ Yoast SEO plugin. -->","yoast_head_json":{"title":"S\u00e8che linge \u00e0 condensation Essentielb ESLC8D5 - Eurosdiscounts.com- Achat sur Internet a prix discount, Canap\u00e9s pas cher, Smartphone pas cher, pc portable pas cher..","description":"S\u00e8che linge \u00e0 condensation Essentielb ESLC8D5","robots":{"index":"index","follow":"follow","max-snippet":"max-snippet:-1","max-image-preview":"max-image-preview:large","max-video-preview":"max-video-preview:-1"},"canonical":"https:\/\/eurosdiscounts.com\/index.php\/produit\/seche-linge-a-condensation-essentielb-eslc8d5\/","og_locale":"fr_FR","og_type":"article","og_title":"S\u00e8che linge \u00e0 condensation Essentielb ESLC8D5 - Eurosdiscounts.com- Achat sur Internet a prix discount, Canap\u00e9s pas cher, Smartphone pas cher, pc portable pas cher..","og_description":"S\u00e8che linge \u00e0 condensation Essentielb ESLC8D5","og_url":"https:\/\/eurosdiscounts.com\/index.php\/produit\/seche-linge-a-condensation-essentielb-eslc8d5\/","og_site_name":"Eurosdiscounts.com- Achat sur Internet a prix discount, Canap\u00e9s pas cher, Smartphone pas cher, pc portable pas cher..","og_image":[{"width":1000,"height":1000,"url":"https:\/\/eurosdiscounts.com\/wp-content\/uploads\/2022\/06\/3497674132903_h_p_l_0.webp","type":"image\/webp"}],"twitter_card":"summary_large_image","twitter_misc":{"Dur\u00e9e de lecture estim\u00e9e":"2 minutes"},"schema":{"@context":"https:\/\/schema.org","@graph":[{"@type":"WebPage","@id":"https:\/\/eurosdiscounts.com\/index.php\/produit\/seche-linge-a-condensation-essentielb-eslc8d5\/","url":"https:\/\/eurosdiscounts.com\/index.php\/produit\/seche-linge-a-condensation-essentielb-eslc8d5\/","name":"S\u00e8che linge \u00e0 condensation Essentielb ESLC8D5 - Eurosdiscounts.com- Achat sur Internet a prix discount, Canap\u00e9s pas cher, Smartphone pas cher, pc portable pas cher..","isPartOf":{"@id":"https:\/\/eurosdiscounts.com\/#website"},"primaryImageOfPage":{"@id":"https:\/\/eurosdiscounts.com\/index.php\/produit\/seche-linge-a-condensation-essentielb-eslc8d5\/#primaryimage"},"image":{"@id":"https:\/\/eurosdiscounts.com\/index.php\/produit\/seche-linge-a-condensation-essentielb-eslc8d5\/#primaryimage"},"thumbnailUrl":"https:\/\/eurosdiscounts.com\/wp-content\/uploads\/2022\/06\/3497674132903_h_p_l_0.webp","datePublished":"2022-06-11T18:30:25+00:00","description":"S\u00e8che linge \u00e0 condensation Essentielb ESLC8D5","breadcrumb":{"@id":"https:\/\/eurosdiscounts.com\/index.php\/produit\/seche-linge-a-condensation-essentielb-eslc8d5\/#breadcrumb"},"inLanguage":"fr-FR","potentialAction":[{"@type":"ReadAction","target":["https:\/\/eurosdiscounts.com\/index.php\/produit\/seche-linge-a-condensation-essentielb-eslc8d5\/"]}]},{"@type":"ImageObject","inLanguage":"fr-FR","@id":"https:\/\/eurosdiscounts.com\/index.php\/produit\/seche-linge-a-condensation-essentielb-eslc8d5\/#primaryimage","url":"https:\/\/eurosdiscounts.com\/wp-content\/uploads\/2022\/06\/3497674132903_h_p_l_0.webp","contentUrl":"https:\/\/eurosdiscounts.com\/wp-content\/uploads\/2022\/06\/3497674132903_h_p_l_0.webp","width":1000,"height":1000},{"@type":"BreadcrumbList","@id":"https:\/\/eurosdiscounts.com\/index.php\/produit\/seche-linge-a-condensation-essentielb-eslc8d5\/#breadcrumb","itemListElement":[{"@type":"ListItem","position":1,"name":"Accueil","item":"https:\/\/eurosdiscounts.com\/"},{"@type":"ListItem","position":2,"name":"Boutique","item":"https:\/\/eurosdiscounts.com\/index.php\/boutique\/"},{"@type":"ListItem","position":3,"name":"S\u00e8che linge \u00e0 condensation Essentielb ESLC8D5"}]},{"@type":"WebSite","@id":"https:\/\/eurosdiscounts.com\/#website","url":"https:\/\/eurosdiscounts.com\/","name":"Eurosdiscounts.com- Achat sur Internet a prix discount, Canap\u00e9s pas cher, Smartphone pas cher, pc portable pas cher..","description":"Eurosdiscounts.com- Achat sur Internet a prix discount, Canap\u00e9s pas cher, Smartphone pas cher, pc portable pas cher..","potentialAction":[{"@type":"SearchAction","target":{"@type":"EntryPoint","urlTemplate":"https:\/\/eurosdiscounts.com\/?s={search_term_string}"},"query-input":{"@type":"PropertyValueSpecification","valueRequired":true,"valueName":"search_term_string"}}],"inLanguage":"fr-FR"}]}},"_links":{"self":[{"href":"https:\/\/eurosdiscounts.com\/index.php\/wp-json\/wp\/v2\/product\/18499","targetHints":{"allow":["GET"]}}],"collection":[{"href":"https:\/\/eurosdiscounts.com\/index.php\/wp-json\/wp\/v2\/product"}],"about":[{"href":"https:\/\/eurosdiscounts.com\/index.php\/wp-json\/wp\/v2\/types\/product"}],"replies":[{"embeddable":true,"href":"https:\/\/eurosdiscounts.com\/index.php\/wp-json\/wp\/v2\/comments?post=18499"}],"wp:featuredmedia":[{"embeddable":true,"href":"https:\/\/eurosdiscounts.com\/index.php\/wp-json\/wp\/v2\/media\/18500"}],"wp:attachment":[{"href":"https:\/\/eurosdiscounts.com\/index.php\/wp-json\/wp\/v2\/media?parent=18499"}],"wp:term":[{"taxonomy":"product_cat","embeddable":true,"href":"https:\/\/eurosdiscounts.com\/index.php\/wp-json\/wp\/v2\/product_cat?post=18499"},{"taxonomy":"product_tag","embeddable":true,"href":"https:\/\/eurosdiscounts.com\/index.php\/wp-json\/wp\/v2\/product_tag?post=18499"}],"curies":[{"name":"wp","href":"https:\/\/api.w.org\/{rel}","templated":true}]}}