{"id":18454,"date":"2022-06-09T20:21:20","date_gmt":"2022-06-09T18:21:20","guid":{"rendered":"https:\/\/eurosdiscounts.com\/?post_type=product&#038;p=18454"},"modified":"2022-06-09T20:21:20","modified_gmt":"2022-06-09T18:21:20","slug":"seche-linge-pompe-a-chaleur-samsung-dv80t5220aw","status":"publish","type":"product","link":"https:\/\/eurosdiscounts.com\/index.php\/produit\/seche-linge-pompe-a-chaleur-samsung-dv80t5220aw\/","title":{"rendered":"S\u00e8che linge pompe \u00e0 chaleur Samsung DV80T5220AW"},"content":{"rendered":"<ul class=\"product-features__list\">\n<li class=\"feature-item\">\n<h3 class=\"feature-item__title\">Caract\u00e9ristiques g\u00e9n\u00e9rales<\/h3>\n<ul>\n<li class=\"feature-item__content\"><span class=\"is--bold\">Type de pose :<\/span>\u00a0Pose libre<\/li>\n<li class=\"feature-item__content\"><span class=\"is--bold\">Capacit\u00e9 :<\/span>\u00a08,0 kg<\/li>\n<li class=\"feature-item__content\"><span class=\"is--bold\">Volume :<\/span>\u00a0115 L<\/li>\n<li class=\"feature-item__content\"><span class=\"is--bold\">Type de tambour :<\/span>\u00a0Crystal Care : Sa structure alv\u00e9ol\u00e9e en inox permet de prendre parfaitement soin des v\u00eatements et assure une efficacit\u00e9 de s\u00e9chage optimale<\/li>\n<li class=\"feature-item__content\"><span class=\"is--bold\">Type de s\u00e9chage :<\/span>\u00a0Condensation : pour \u00eatre mis en marche, ils n&rsquo;ont besoin que d&rsquo;une prise de courant. L&rsquo;eau est r\u00e9cup\u00e9r\u00e9e dans un r\u00e9servoir, que vous viderez apr\u00e8s chaque utilisation<\/li>\n<li class=\"feature-item__content\"><span class=\"is--bold\">Bac de r\u00e9cup\u00e9ration d&rsquo;eau :<\/span>\u00a0R\u00e9servoir d&rsquo;eau int\u00e9gr\u00e9 au bandeau<\/li>\n<li class=\"feature-item__content\"><span class=\"is--bold\">D\u00e9part diff\u00e9r\u00e9 ou fin diff\u00e9r\u00e9e :<\/span>\u00a0Fin diff\u00e9r\u00e9e 19 heures<\/li>\n<li class=\"feature-item__content\"><span class=\"is--bold\">S\u00e9che linge connect\u00e9 :<\/span>\u00a0Equip\u00e9 du SmartThings (Wifi) Samsung<\/li>\n<li class=\"feature-item__content\"><span class=\"is--bold\">Pompe chaleur :<\/span>\u00a0Pompe \u00e0 chaleur : syst\u00e8me de cr\u00e9ation de chaleur innovant, il permet de r\u00e9aliser des \u00e9conomies d&rsquo;\u00e9nergies importantes et pr\u00e9serve votre linge lors du s\u00e9chage m\u00eame les plus d\u00e9licats.<\/li>\n<li class=\"feature-item__content\"><span class=\"is--bold\">D\u00e9tails :<\/span>\u00a0Eclairage int\u00e9rieur<\/li>\n<\/ul>\n<\/li>\n<li class=\"feature-item\">\n<h3 class=\"feature-item__title\">Programmes classiques<\/h3>\n<ul>\n<li class=\"feature-item__content\"><span class=\"is--bold\">D\u00e9tail :<\/span>\u00a0D\u00e9licat, Coton, Synth\u00e9tique<\/li>\n<\/ul>\n<\/li>\n<li class=\"feature-item\">\n<h3 class=\"feature-item__title\">Programmes sp\u00e9cifiques<\/h3>\n<ul>\n<li class=\"feature-item__content\"><span class=\"is--bold\">D\u00e9tails :<\/span>\u00a0Chemise, Laine, Sport<\/li>\n<\/ul>\n<\/li>\n<li class=\"feature-item\">\n<h3 class=\"feature-item__title\">Programmes suppl\u00e9mentaires<\/h3>\n<ul>\n<li class=\"feature-item__content\"><span class=\"is--bold\">D\u00e9tails :<\/span>\u00a0Serviettes, Air chaud, Air Froid<\/li>\n<\/ul>\n<\/li>\n<li class=\"feature-item\">\n<h3 class=\"feature-item__title\">Consommation<\/h3>\n<ul>\n<li class=\"feature-item__content\"><span class=\"is--bold\">Classe \u00e9nerg\u00e9tique :<\/span>\u00a0A+++<\/li>\n<li class=\"feature-item__content\"><span class=\"is--bold\">Programme r\u00e9f\u00e9rent pour les donn\u00e9es mesur\u00e9es :<\/span>\u00a0Coton pr\u00eat \u00e0 ranger pleine charge<\/li>\n<li class=\"feature-item__content\"><span class=\"is--bold\">Consommation d&rsquo;\u00e9nergie moyenne par cycle :<\/span>\u00a01,41 kWh<\/li>\n<li class=\"feature-item__content\"><span class=\"is--bold\">Consommation d&rsquo;energie annuelle :<\/span>\u00a0176 kWh\/an<\/li>\n<li class=\"feature-item__content\"><span class=\"is--bold\">Co\u00fbt annuel en consommation d&rsquo;\u00e9nergie (pour 160 cycles par an et 0.1503 E \/Kwh ) :<\/span>\u00a026 euros<\/li>\n<li class=\"feature-item__content\"><span class=\"is--bold\">Niveau sonore :<\/span>\u00a063 dB<\/li>\n<\/ul>\n<\/li>\n<li class=\"feature-item\">\n<h3 class=\"feature-item__title\">Dimensions du s\u00e8che linge<\/h3>\n<ul>\n<li class=\"feature-item__content\"><span class=\"is--bold\">Top amovible :<\/span>\u00a0Non<\/li>\n<li class=\"feature-item__content\"><span class=\"is--bold\">L x H x P : :<\/span>\u00a060 x 85 x 64 cm<\/li>\n<li class=\"feature-item__content\"><span class=\"is--bold\">Poids net :<\/span>\u00a050,0 kg<\/li>\n<li class=\"feature-item__content\"><span class=\"is--bold\">Poids brut :<\/span>\u00a054,0 kg<\/li>\n<\/ul>\n<\/li>\n<li class=\"feature-item\">\n<h3 class=\"feature-item__title\">Esth\u00e9tique<\/h3>\n<ul>\n<li class=\"feature-item__content\"><span class=\"is--bold\">Couleur :<\/span>\u00a0Blanc<\/li>\n<li class=\"feature-item__content\"><span class=\"is--bold\">Type de chargement :<\/span>\u00a0Hublot<\/li>\n<li class=\"feature-item__content\"><span class=\"is--bold\">Aspect de la porte :<\/span>\u00a0Verre<\/li>\n<\/ul>\n<\/li>\n<li class=\"feature-item\">\n<h3 class=\"feature-item__title\">Contenu du carton<\/h3>\n<ul>\n<li class=\"feature-item__content\"><span class=\"is--bold\">Livr\u00e9 avec :<\/span>\u00a0Notice, Cordon d&rsquo;alimentation \u00e9lectrique<\/li>\n<\/ul>\n<\/li>\n<li class=\"feature-item\">\n<h3 class=\"feature-item__title\">Informations et Services<\/h3>\n<ul>\n<li class=\"feature-item__content\"><span class=\"is--bold\">Disponibilit\u00e9 des pi\u00e8ces d\u00e9tach\u00e9es (donn\u00e9es fournisseur) :<\/span>\u00a0Pendant 10 ans, \u00e0 compter de la date d&rsquo;achat<\/li>\n<\/ul>\n<\/li>\n<\/ul>\n","protected":false},"excerpt":{"rendered":"<h3 class=\"keypoints__title\">Les points cl\u00e9s<\/h3>\n<ul>\n<li class=\"keypoints__item\">L x H x P : : 60 x 85 x 64 cm<\/li>\n<li class=\"keypoints__item\">Pompe \u00e0 chaleur &#8211; Tr\u00e8s \u00e9co A+++<\/li>\n<li class=\"keypoints__item\">Capacit\u00e9 standard (8kg)<\/li>\n<li class=\"keypoints__item\">Tambour robuste (Inox) &#8211; Fin diff\u00e9r\u00e9e 19 heures<\/li>\n<li class=\"keypoints__item keypoints__item--advantage\"><strong>Le + :<\/strong>\u00a0La technologie de pompe \u00e0 chaleur \u00ab\u00a0HeatPump Samsung\u00a0\u00bb respecte votre linge et vous permet de faire de grandes \u00e9conomies d&rsquo;\u00e9nergie.<\/li>\n<\/ul>\n","protected":false},"featured_media":18465,"comment_status":"open","ping_status":"closed","template":"","meta":[],"product_cat":[249],"product_tag":[],"class_list":{"0":"post-18454","1":"product","2":"type-product","3":"status-publish","4":"has-post-thumbnail","6":"product_cat-seche-linges","8":"first","9":"instock","10":"shipping-taxable","11":"purchasable","12":"product-type-simple","13":"col-xs-6 col-sm-4","14":"col-md-3 col-lg-3","15":"un-4-cols"},"yoast_head":"<!-- This site is optimized with the Yoast SEO plugin v27.0 - https:\/\/yoast.com\/product\/yoast-seo-wordpress\/ -->\n<title>S\u00e8che linge pompe \u00e0 chaleur Samsung DV80T5220AW - Eurosdiscounts.com- Achat sur Internet a prix discount, Canap\u00e9s pas cher, Smartphone pas cher, pc portable pas cher..<\/title>\n<meta name=\"description\" content=\"S\u00e8che linge pompe \u00e0 chaleur Samsung DV80T5220AW\" \/>\n<meta name=\"robots\" content=\"index, follow, max-snippet:-1, max-image-preview:large, max-video-preview:-1\" \/>\n<link rel=\"canonical\" href=\"https:\/\/eurosdiscounts.com\/index.php\/produit\/seche-linge-pompe-a-chaleur-samsung-dv80t5220aw\/\" \/>\n<meta property=\"og:locale\" content=\"fr_FR\" \/>\n<meta property=\"og:type\" content=\"article\" \/>\n<meta property=\"og:title\" content=\"S\u00e8che linge pompe \u00e0 chaleur Samsung DV80T5220AW - Eurosdiscounts.com- Achat sur Internet a prix discount, Canap\u00e9s pas cher, Smartphone pas cher, pc portable pas cher..\" \/>\n<meta property=\"og:description\" content=\"S\u00e8che linge pompe \u00e0 chaleur Samsung DV80T5220AW\" \/>\n<meta property=\"og:url\" content=\"https:\/\/eurosdiscounts.com\/index.php\/produit\/seche-linge-pompe-a-chaleur-samsung-dv80t5220aw\/\" \/>\n<meta property=\"og:site_name\" content=\"Eurosdiscounts.com- Achat sur Internet a prix discount, Canap\u00e9s pas cher, Smartphone pas cher, pc portable pas cher..\" \/>\n<meta property=\"og:image\" content=\"https:\/\/eurosdiscounts.com\/wp-content\/uploads\/2022\/06\/8806090605925_h_f_l_0.webp\" \/>\n\t<meta property=\"og:image:width\" content=\"500\" \/>\n\t<meta property=\"og:image:height\" content=\"500\" \/>\n\t<meta property=\"og:image:type\" content=\"image\/webp\" \/>\n<meta name=\"twitter:card\" content=\"summary_large_image\" \/>\n<meta name=\"twitter:label1\" content=\"Dur\u00e9e de lecture estim\u00e9e\" \/>\n\t<meta name=\"twitter:data1\" content=\"2 minutes\" \/>\n<script type=\"application\/ld+json\" class=\"yoast-schema-graph\">{\"@context\":\"https:\/\/schema.org\",\"@graph\":[{\"@type\":\"WebPage\",\"@id\":\"https:\/\/eurosdiscounts.com\/index.php\/produit\/seche-linge-pompe-a-chaleur-samsung-dv80t5220aw\/\",\"url\":\"https:\/\/eurosdiscounts.com\/index.php\/produit\/seche-linge-pompe-a-chaleur-samsung-dv80t5220aw\/\",\"name\":\"S\u00e8che linge pompe \u00e0 chaleur Samsung DV80T5220AW - Eurosdiscounts.com- Achat sur Internet a prix discount, Canap\u00e9s pas cher, Smartphone pas cher, pc portable pas cher..\",\"isPartOf\":{\"@id\":\"https:\/\/eurosdiscounts.com\/#website\"},\"primaryImageOfPage\":{\"@id\":\"https:\/\/eurosdiscounts.com\/index.php\/produit\/seche-linge-pompe-a-chaleur-samsung-dv80t5220aw\/#primaryimage\"},\"image\":{\"@id\":\"https:\/\/eurosdiscounts.com\/index.php\/produit\/seche-linge-pompe-a-chaleur-samsung-dv80t5220aw\/#primaryimage\"},\"thumbnailUrl\":\"https:\/\/eurosdiscounts.com\/wp-content\/uploads\/2022\/06\/8806090605925_h_f_l_0.webp\",\"datePublished\":\"2022-06-09T18:21:20+00:00\",\"description\":\"S\u00e8che linge pompe \u00e0 chaleur Samsung DV80T5220AW\",\"breadcrumb\":{\"@id\":\"https:\/\/eurosdiscounts.com\/index.php\/produit\/seche-linge-pompe-a-chaleur-samsung-dv80t5220aw\/#breadcrumb\"},\"inLanguage\":\"fr-FR\",\"potentialAction\":[{\"@type\":\"ReadAction\",\"target\":[\"https:\/\/eurosdiscounts.com\/index.php\/produit\/seche-linge-pompe-a-chaleur-samsung-dv80t5220aw\/\"]}]},{\"@type\":\"ImageObject\",\"inLanguage\":\"fr-FR\",\"@id\":\"https:\/\/eurosdiscounts.com\/index.php\/produit\/seche-linge-pompe-a-chaleur-samsung-dv80t5220aw\/#primaryimage\",\"url\":\"https:\/\/eurosdiscounts.com\/wp-content\/uploads\/2022\/06\/8806090605925_h_f_l_0.webp\",\"contentUrl\":\"https:\/\/eurosdiscounts.com\/wp-content\/uploads\/2022\/06\/8806090605925_h_f_l_0.webp\",\"width\":500,\"height\":500},{\"@type\":\"BreadcrumbList\",\"@id\":\"https:\/\/eurosdiscounts.com\/index.php\/produit\/seche-linge-pompe-a-chaleur-samsung-dv80t5220aw\/#breadcrumb\",\"itemListElement\":[{\"@type\":\"ListItem\",\"position\":1,\"name\":\"Accueil\",\"item\":\"https:\/\/eurosdiscounts.com\/\"},{\"@type\":\"ListItem\",\"position\":2,\"name\":\"Boutique\",\"item\":\"https:\/\/eurosdiscounts.com\/index.php\/boutique\/\"},{\"@type\":\"ListItem\",\"position\":3,\"name\":\"S\u00e8che linge pompe \u00e0 chaleur Samsung DV80T5220AW\"}]},{\"@type\":\"WebSite\",\"@id\":\"https:\/\/eurosdiscounts.com\/#website\",\"url\":\"https:\/\/eurosdiscounts.com\/\",\"name\":\"Eurosdiscounts.com- Achat sur Internet a prix discount, Canap\u00e9s pas cher, Smartphone pas cher, pc portable pas cher..\",\"description\":\"Eurosdiscounts.com- Achat sur Internet a prix discount, Canap\u00e9s pas cher, Smartphone pas cher, pc portable pas cher..\",\"potentialAction\":[{\"@type\":\"SearchAction\",\"target\":{\"@type\":\"EntryPoint\",\"urlTemplate\":\"https:\/\/eurosdiscounts.com\/?s={search_term_string}\"},\"query-input\":{\"@type\":\"PropertyValueSpecification\",\"valueRequired\":true,\"valueName\":\"search_term_string\"}}],\"inLanguage\":\"fr-FR\"}]}<\/script>\n<!-- \/ Yoast SEO plugin. -->","yoast_head_json":{"title":"S\u00e8che linge pompe \u00e0 chaleur Samsung DV80T5220AW - Eurosdiscounts.com- Achat sur Internet a prix discount, Canap\u00e9s pas cher, Smartphone pas cher, pc portable pas cher..","description":"S\u00e8che linge pompe \u00e0 chaleur Samsung DV80T5220AW","robots":{"index":"index","follow":"follow","max-snippet":"max-snippet:-1","max-image-preview":"max-image-preview:large","max-video-preview":"max-video-preview:-1"},"canonical":"https:\/\/eurosdiscounts.com\/index.php\/produit\/seche-linge-pompe-a-chaleur-samsung-dv80t5220aw\/","og_locale":"fr_FR","og_type":"article","og_title":"S\u00e8che linge pompe \u00e0 chaleur Samsung DV80T5220AW - Eurosdiscounts.com- Achat sur Internet a prix discount, Canap\u00e9s pas cher, Smartphone pas cher, pc portable pas cher..","og_description":"S\u00e8che linge pompe \u00e0 chaleur Samsung DV80T5220AW","og_url":"https:\/\/eurosdiscounts.com\/index.php\/produit\/seche-linge-pompe-a-chaleur-samsung-dv80t5220aw\/","og_site_name":"Eurosdiscounts.com- Achat sur Internet a prix discount, Canap\u00e9s pas cher, Smartphone pas cher, pc portable pas cher..","og_image":[{"width":500,"height":500,"url":"https:\/\/eurosdiscounts.com\/wp-content\/uploads\/2022\/06\/8806090605925_h_f_l_0.webp","type":"image\/webp"}],"twitter_card":"summary_large_image","twitter_misc":{"Dur\u00e9e de lecture estim\u00e9e":"2 minutes"},"schema":{"@context":"https:\/\/schema.org","@graph":[{"@type":"WebPage","@id":"https:\/\/eurosdiscounts.com\/index.php\/produit\/seche-linge-pompe-a-chaleur-samsung-dv80t5220aw\/","url":"https:\/\/eurosdiscounts.com\/index.php\/produit\/seche-linge-pompe-a-chaleur-samsung-dv80t5220aw\/","name":"S\u00e8che linge pompe \u00e0 chaleur Samsung DV80T5220AW - Eurosdiscounts.com- Achat sur Internet a prix discount, Canap\u00e9s pas cher, Smartphone pas cher, pc portable pas cher..","isPartOf":{"@id":"https:\/\/eurosdiscounts.com\/#website"},"primaryImageOfPage":{"@id":"https:\/\/eurosdiscounts.com\/index.php\/produit\/seche-linge-pompe-a-chaleur-samsung-dv80t5220aw\/#primaryimage"},"image":{"@id":"https:\/\/eurosdiscounts.com\/index.php\/produit\/seche-linge-pompe-a-chaleur-samsung-dv80t5220aw\/#primaryimage"},"thumbnailUrl":"https:\/\/eurosdiscounts.com\/wp-content\/uploads\/2022\/06\/8806090605925_h_f_l_0.webp","datePublished":"2022-06-09T18:21:20+00:00","description":"S\u00e8che linge pompe \u00e0 chaleur Samsung DV80T5220AW","breadcrumb":{"@id":"https:\/\/eurosdiscounts.com\/index.php\/produit\/seche-linge-pompe-a-chaleur-samsung-dv80t5220aw\/#breadcrumb"},"inLanguage":"fr-FR","potentialAction":[{"@type":"ReadAction","target":["https:\/\/eurosdiscounts.com\/index.php\/produit\/seche-linge-pompe-a-chaleur-samsung-dv80t5220aw\/"]}]},{"@type":"ImageObject","inLanguage":"fr-FR","@id":"https:\/\/eurosdiscounts.com\/index.php\/produit\/seche-linge-pompe-a-chaleur-samsung-dv80t5220aw\/#primaryimage","url":"https:\/\/eurosdiscounts.com\/wp-content\/uploads\/2022\/06\/8806090605925_h_f_l_0.webp","contentUrl":"https:\/\/eurosdiscounts.com\/wp-content\/uploads\/2022\/06\/8806090605925_h_f_l_0.webp","width":500,"height":500},{"@type":"BreadcrumbList","@id":"https:\/\/eurosdiscounts.com\/index.php\/produit\/seche-linge-pompe-a-chaleur-samsung-dv80t5220aw\/#breadcrumb","itemListElement":[{"@type":"ListItem","position":1,"name":"Accueil","item":"https:\/\/eurosdiscounts.com\/"},{"@type":"ListItem","position":2,"name":"Boutique","item":"https:\/\/eurosdiscounts.com\/index.php\/boutique\/"},{"@type":"ListItem","position":3,"name":"S\u00e8che linge pompe \u00e0 chaleur Samsung DV80T5220AW"}]},{"@type":"WebSite","@id":"https:\/\/eurosdiscounts.com\/#website","url":"https:\/\/eurosdiscounts.com\/","name":"Eurosdiscounts.com- Achat sur Internet a prix discount, Canap\u00e9s pas cher, Smartphone pas cher, pc portable pas cher..","description":"Eurosdiscounts.com- Achat sur Internet a prix discount, Canap\u00e9s pas cher, Smartphone pas cher, pc portable pas cher..","potentialAction":[{"@type":"SearchAction","target":{"@type":"EntryPoint","urlTemplate":"https:\/\/eurosdiscounts.com\/?s={search_term_string}"},"query-input":{"@type":"PropertyValueSpecification","valueRequired":true,"valueName":"search_term_string"}}],"inLanguage":"fr-FR"}]}},"_links":{"self":[{"href":"https:\/\/eurosdiscounts.com\/index.php\/wp-json\/wp\/v2\/product\/18454","targetHints":{"allow":["GET"]}}],"collection":[{"href":"https:\/\/eurosdiscounts.com\/index.php\/wp-json\/wp\/v2\/product"}],"about":[{"href":"https:\/\/eurosdiscounts.com\/index.php\/wp-json\/wp\/v2\/types\/product"}],"replies":[{"embeddable":true,"href":"https:\/\/eurosdiscounts.com\/index.php\/wp-json\/wp\/v2\/comments?post=18454"}],"wp:featuredmedia":[{"embeddable":true,"href":"https:\/\/eurosdiscounts.com\/index.php\/wp-json\/wp\/v2\/media\/18465"}],"wp:attachment":[{"href":"https:\/\/eurosdiscounts.com\/index.php\/wp-json\/wp\/v2\/media?parent=18454"}],"wp:term":[{"taxonomy":"product_cat","embeddable":true,"href":"https:\/\/eurosdiscounts.com\/index.php\/wp-json\/wp\/v2\/product_cat?post=18454"},{"taxonomy":"product_tag","embeddable":true,"href":"https:\/\/eurosdiscounts.com\/index.php\/wp-json\/wp\/v2\/product_tag?post=18454"}],"curies":[{"name":"wp","href":"https:\/\/api.w.org\/{rel}","templated":true}]}}