{"id":18450,"date":"2022-06-09T20:15:41","date_gmt":"2022-06-09T18:15:41","guid":{"rendered":"https:\/\/eurosdiscounts.com\/?post_type=product&#038;p=18450"},"modified":"2022-06-09T20:15:41","modified_gmt":"2022-06-09T18:15:41","slug":"seche-linge-asko-t411hd-w","status":"publish","type":"product","link":"https:\/\/eurosdiscounts.com\/index.php\/produit\/seche-linge-asko-t411hd-w\/","title":{"rendered":"S\u00e8che-linge ASKO T411HD.W"},"content":{"rendered":"<div>\n<h2 class=\"product_bloc_aside_title font-2\">CARACT\u00c9RISTIQUES<\/h2>\n<\/div>\n<div class=\"product_bloc_content bloc ombre product_bloc_caracteristics_odd\">\n<table class=\"font-2\">\n<caption class=\"caption_hidden\">Caract\u00e9ristiques<\/caption>\n<tbody>\n<tr class=\"odd\">\n<th scope=\"row\">Fonctionnalit\u00e9s de l\u2019appareil<\/th>\n<td class=\"font-2-b\">\n<ul class=\"characteristics\">\n<li class=\"\">D\u00e9part diff\u00e9r\u00e9<\/li>\n<li class=\"\">Ecran LCD<\/li>\n<\/ul>\n<\/td>\n<\/tr>\n<tr class=\"\">\n<th scope=\"row\">Type de pose<\/th>\n<td class=\"font-2-b\">\n<ul class=\"characteristics\">\n<li class=\"\">Pose libre<\/li>\n<\/ul>\n<\/td>\n<\/tr>\n<tr class=\"odd\">\n<th scope=\"row\">Capacit\u00e9 de s\u00e9chage<\/th>\n<td class=\"font-2-b\">\n<ul class=\"characteristics\">\n<li class=\"\">11 kg<\/li>\n<\/ul>\n<\/td>\n<\/tr>\n<tr class=\"\">\n<th scope=\"row\">Mode de s\u00e9chage<\/th>\n<td class=\"font-2-b\">\n<ul class=\"characteristics\">\n<li class=\"\">Condensation<\/li>\n<li class=\"\">Electronique par sonde<\/li>\n<\/ul>\n<\/td>\n<\/tr>\n<tr class=\"odd\">\n<th scope=\"row\">Dosage automatique<\/th>\n<td class=\"font-2-b\">\n<ul class=\"characteristics\">\n<li class=\"\">Non<\/li>\n<\/ul>\n<\/td>\n<\/tr>\n<tr class=\"\">\n<th scope=\"row\">Niveau sonore<\/th>\n<td class=\"font-2-b\">\n<ul class=\"characteristics\">\n<li class=\"\">64 dB<\/li>\n<\/ul>\n<\/td>\n<\/tr>\n<tr class=\"odd\">\n<th scope=\"row\">Classe \u00e9nerg\u00e9tique<\/th>\n<td class=\"font-2-b\">\n<ul class=\"characteristics\">\n<li class=\"\">A++<\/li>\n<\/ul>\n<\/td>\n<\/tr>\n<tr class=\"\">\n<th scope=\"row\">Connect\u00e9<\/th>\n<td class=\"font-2-b\">\n<ul class=\"characteristics\">\n<li class=\"\">Non<\/li>\n<\/ul>\n<\/td>\n<\/tr>\n<tr class=\"odd\">\n<th scope=\"row\">Consommation d&rsquo;\u00e9nergie annuelle<\/th>\n<td class=\"font-2-b\">\n<ul class=\"characteristics\">\n<li class=\"\">250 kWh<\/li>\n<\/ul>\n<\/td>\n<\/tr>\n<tr class=\"\">\n<th scope=\"row\">Programme de lavage<\/th>\n<td class=\"font-2-b\">\n<ul class=\"characteristics\">\n<li class=\"\">Programme chemise; Programme jeans<\/li>\n<\/ul>\n<\/td>\n<\/tr>\n<tr class=\"odd\">\n<th scope=\"row\">Caract\u00e9ristiques compl\u00e9mentaires<\/th>\n<td class=\"font-2-b\">\n<ul class=\"characteristics\">\n<li class=\"\">Programmes sp\u00e9cifiques: Pr\u00eat \u00e0 repasser, Jeans, Draps, Soie\/Laine, Chemises, A\u00e9ration.<br \/>\nConstruction robuste, Tambour inox, Pieds r\u00e9glables<\/li>\n<\/ul>\n<\/td>\n<\/tr>\n<tr class=\"\">\n<th scope=\"row\">Origine de fabrication<\/th>\n<td class=\"font-2-b\">\n<ul class=\"characteristics\">\n<li class=\"\">Slov\u00e9nie<\/li>\n<\/ul>\n<\/td>\n<\/tr>\n<tr class=\"odd\">\n<th scope=\"row\">Type de s\u00e9chage<\/th>\n<td class=\"font-2-b\">\n<ul class=\"characteristics\">\n<li class=\"\">Pompe \u00e0 chaleur<\/li>\n<li class=\"\">Condensation<\/li>\n<\/ul>\n<\/td>\n<\/tr>\n<tr class=\"\">\n<th scope=\"row\">S\u00e9curit\u00e9<\/th>\n<td class=\"font-2-b\">\n<ul class=\"characteristics\">\n<li class=\"\">S\u00e9curit\u00e9 enfants, Verrouillage bandeau, Auto diagnostic SAV, Anti-surchauffe.<\/li>\n<\/ul>\n<\/td>\n<\/tr>\n<tr class=\"odd\">\n<th scope=\"row\">Hauteur<\/th>\n<td class=\"font-2-b\">\n<ul class=\"characteristics\">\n<li class=\"\">85 cm<\/li>\n<\/ul>\n<\/td>\n<\/tr>\n<tr class=\"\">\n<th scope=\"row\">Profondeur du produit<\/th>\n<td class=\"font-2-b\">\n<ul class=\"characteristics\">\n<li class=\"\">75,5 cm<\/li>\n<\/ul>\n<\/td>\n<\/tr>\n<tr class=\"odd\">\n<th scope=\"row\">Largeur<\/th>\n<td class=\"font-2-b\">\n<ul class=\"characteristics\">\n<li class=\"\">59,5 cm<\/li>\n<\/ul>\n<\/td>\n<\/tr>\n<tr class=\"\">\n<th scope=\"row\">Disponibilit\u00e9 des pi\u00e8ces d\u00e9tach\u00e9es<\/th>\n<td class=\"font-2-b\">\n<ul class=\"characteristics\">\n<li class=\"\">15 ans<\/li>\n<\/ul>\n<\/td>\n<\/tr>\n<tr class=\"odd\">\n<th scope=\"row\">Code<\/th>\n<td class=\"font-2-b\">\n<ul class=\"characteristics\">\n<li class=\"\">4355059<\/li>\n<\/ul>\n<\/td>\n<\/tr>\n<\/tbody>\n<\/table>\n<\/div>\n","protected":false},"excerpt":{"rendered":"<p class=\"product_section_title font-2-b\">Les points forts :<\/p>\n<ul class=\"product_details_items font-2-l\">\n<li class=\"product_details_item\">Capacit\u00e9 11 Kg &#8211; Pompe \u00e0 chaleur A++<\/li>\n<li class=\"product_details_item\">S\u00e9chage \u00e9lectronique par sonde<\/li>\n<li class=\"product_details_item\">D\u00e9part diff\u00e9r\u00e9 \/ Affichage du temps restant<\/li>\n<li class=\"product_details_item\">Syst\u00e8me Butterfly &#8211; Tambour Soft Drum<\/li>\n<\/ul>\n","protected":false},"featured_media":18451,"comment_status":"open","ping_status":"closed","template":"","meta":[],"product_cat":[249],"product_tag":[],"class_list":{"0":"post-18450","1":"product","2":"type-product","3":"status-publish","4":"has-post-thumbnail","6":"product_cat-seche-linges","8":"first","9":"instock","10":"sale","11":"shipping-taxable","12":"purchasable","13":"product-type-simple","14":"col-xs-6 col-sm-4","15":"col-md-3 col-lg-3","16":"un-4-cols"},"yoast_head":"<!-- This site is optimized with the Yoast SEO plugin v27.0 - https:\/\/yoast.com\/product\/yoast-seo-wordpress\/ -->\n<title>S\u00e8che-linge ASKO T411HD.W - Eurosdiscounts.com- Achat sur Internet a prix discount, Canap\u00e9s pas cher, Smartphone pas cher, pc portable pas cher..<\/title>\n<meta name=\"description\" content=\"S\u00e8che-linge ASKO T411HD.W\" \/>\n<meta name=\"robots\" content=\"index, follow, max-snippet:-1, max-image-preview:large, max-video-preview:-1\" \/>\n<link rel=\"canonical\" href=\"https:\/\/eurosdiscounts.com\/index.php\/produit\/seche-linge-asko-t411hd-w\/\" \/>\n<meta property=\"og:locale\" content=\"fr_FR\" \/>\n<meta property=\"og:type\" content=\"article\" \/>\n<meta property=\"og:title\" content=\"S\u00e8che-linge ASKO T411HD.W - Eurosdiscounts.com- Achat sur Internet a prix discount, Canap\u00e9s pas cher, Smartphone pas cher, pc portable pas cher..\" \/>\n<meta property=\"og:description\" content=\"S\u00e8che-linge ASKO T411HD.W\" \/>\n<meta property=\"og:url\" content=\"https:\/\/eurosdiscounts.com\/index.php\/produit\/seche-linge-asko-t411hd-w\/\" \/>\n<meta property=\"og:site_name\" content=\"Eurosdiscounts.com- Achat sur Internet a prix discount, Canap\u00e9s pas cher, Smartphone pas cher, pc portable pas cher..\" \/>\n<meta property=\"og:image\" content=\"https:\/\/eurosdiscounts.com\/wp-content\/uploads\/2022\/06\/asko_t411hd_w_t1708224355059A_173228779.png\" \/>\n\t<meta property=\"og:image:width\" content=\"300\" \/>\n\t<meta property=\"og:image:height\" content=\"450\" \/>\n\t<meta property=\"og:image:type\" content=\"image\/png\" \/>\n<meta name=\"twitter:card\" content=\"summary_large_image\" \/>\n<meta name=\"twitter:label1\" content=\"Dur\u00e9e de lecture estim\u00e9e\" \/>\n\t<meta name=\"twitter:data1\" content=\"1 minute\" \/>\n<script type=\"application\/ld+json\" class=\"yoast-schema-graph\">{\"@context\":\"https:\/\/schema.org\",\"@graph\":[{\"@type\":\"WebPage\",\"@id\":\"https:\/\/eurosdiscounts.com\/index.php\/produit\/seche-linge-asko-t411hd-w\/\",\"url\":\"https:\/\/eurosdiscounts.com\/index.php\/produit\/seche-linge-asko-t411hd-w\/\",\"name\":\"S\u00e8che-linge ASKO T411HD.W - Eurosdiscounts.com- Achat sur Internet a prix discount, Canap\u00e9s pas cher, Smartphone pas cher, pc portable pas cher..\",\"isPartOf\":{\"@id\":\"https:\/\/eurosdiscounts.com\/#website\"},\"primaryImageOfPage\":{\"@id\":\"https:\/\/eurosdiscounts.com\/index.php\/produit\/seche-linge-asko-t411hd-w\/#primaryimage\"},\"image\":{\"@id\":\"https:\/\/eurosdiscounts.com\/index.php\/produit\/seche-linge-asko-t411hd-w\/#primaryimage\"},\"thumbnailUrl\":\"https:\/\/eurosdiscounts.com\/wp-content\/uploads\/2022\/06\/asko_t411hd_w_t1708224355059A_173228779.png\",\"datePublished\":\"2022-06-09T18:15:41+00:00\",\"description\":\"S\u00e8che-linge ASKO T411HD.W\",\"breadcrumb\":{\"@id\":\"https:\/\/eurosdiscounts.com\/index.php\/produit\/seche-linge-asko-t411hd-w\/#breadcrumb\"},\"inLanguage\":\"fr-FR\",\"potentialAction\":[{\"@type\":\"ReadAction\",\"target\":[\"https:\/\/eurosdiscounts.com\/index.php\/produit\/seche-linge-asko-t411hd-w\/\"]}]},{\"@type\":\"ImageObject\",\"inLanguage\":\"fr-FR\",\"@id\":\"https:\/\/eurosdiscounts.com\/index.php\/produit\/seche-linge-asko-t411hd-w\/#primaryimage\",\"url\":\"https:\/\/eurosdiscounts.com\/wp-content\/uploads\/2022\/06\/asko_t411hd_w_t1708224355059A_173228779.png\",\"contentUrl\":\"https:\/\/eurosdiscounts.com\/wp-content\/uploads\/2022\/06\/asko_t411hd_w_t1708224355059A_173228779.png\",\"width\":300,\"height\":450},{\"@type\":\"BreadcrumbList\",\"@id\":\"https:\/\/eurosdiscounts.com\/index.php\/produit\/seche-linge-asko-t411hd-w\/#breadcrumb\",\"itemListElement\":[{\"@type\":\"ListItem\",\"position\":1,\"name\":\"Accueil\",\"item\":\"https:\/\/eurosdiscounts.com\/\"},{\"@type\":\"ListItem\",\"position\":2,\"name\":\"Boutique\",\"item\":\"https:\/\/eurosdiscounts.com\/index.php\/boutique\/\"},{\"@type\":\"ListItem\",\"position\":3,\"name\":\"S\u00e8che-linge ASKO T411HD.W\"}]},{\"@type\":\"WebSite\",\"@id\":\"https:\/\/eurosdiscounts.com\/#website\",\"url\":\"https:\/\/eurosdiscounts.com\/\",\"name\":\"Eurosdiscounts.com- Achat sur Internet a prix discount, Canap\u00e9s pas cher, Smartphone pas cher, pc portable pas cher..\",\"description\":\"Eurosdiscounts.com- Achat sur Internet a prix discount, Canap\u00e9s pas cher, Smartphone pas cher, pc portable pas cher..\",\"potentialAction\":[{\"@type\":\"SearchAction\",\"target\":{\"@type\":\"EntryPoint\",\"urlTemplate\":\"https:\/\/eurosdiscounts.com\/?s={search_term_string}\"},\"query-input\":{\"@type\":\"PropertyValueSpecification\",\"valueRequired\":true,\"valueName\":\"search_term_string\"}}],\"inLanguage\":\"fr-FR\"}]}<\/script>\n<!-- \/ Yoast SEO plugin. -->","yoast_head_json":{"title":"S\u00e8che-linge ASKO T411HD.W - Eurosdiscounts.com- Achat sur Internet a prix discount, Canap\u00e9s pas cher, Smartphone pas cher, pc portable pas cher..","description":"S\u00e8che-linge ASKO T411HD.W","robots":{"index":"index","follow":"follow","max-snippet":"max-snippet:-1","max-image-preview":"max-image-preview:large","max-video-preview":"max-video-preview:-1"},"canonical":"https:\/\/eurosdiscounts.com\/index.php\/produit\/seche-linge-asko-t411hd-w\/","og_locale":"fr_FR","og_type":"article","og_title":"S\u00e8che-linge ASKO T411HD.W - Eurosdiscounts.com- Achat sur Internet a prix discount, Canap\u00e9s pas cher, Smartphone pas cher, pc portable pas cher..","og_description":"S\u00e8che-linge ASKO T411HD.W","og_url":"https:\/\/eurosdiscounts.com\/index.php\/produit\/seche-linge-asko-t411hd-w\/","og_site_name":"Eurosdiscounts.com- Achat sur Internet a prix discount, Canap\u00e9s pas cher, Smartphone pas cher, pc portable pas cher..","og_image":[{"width":300,"height":450,"url":"https:\/\/eurosdiscounts.com\/wp-content\/uploads\/2022\/06\/asko_t411hd_w_t1708224355059A_173228779.png","type":"image\/png"}],"twitter_card":"summary_large_image","twitter_misc":{"Dur\u00e9e de lecture estim\u00e9e":"1 minute"},"schema":{"@context":"https:\/\/schema.org","@graph":[{"@type":"WebPage","@id":"https:\/\/eurosdiscounts.com\/index.php\/produit\/seche-linge-asko-t411hd-w\/","url":"https:\/\/eurosdiscounts.com\/index.php\/produit\/seche-linge-asko-t411hd-w\/","name":"S\u00e8che-linge ASKO T411HD.W - Eurosdiscounts.com- Achat sur Internet a prix discount, Canap\u00e9s pas cher, Smartphone pas cher, pc portable pas cher..","isPartOf":{"@id":"https:\/\/eurosdiscounts.com\/#website"},"primaryImageOfPage":{"@id":"https:\/\/eurosdiscounts.com\/index.php\/produit\/seche-linge-asko-t411hd-w\/#primaryimage"},"image":{"@id":"https:\/\/eurosdiscounts.com\/index.php\/produit\/seche-linge-asko-t411hd-w\/#primaryimage"},"thumbnailUrl":"https:\/\/eurosdiscounts.com\/wp-content\/uploads\/2022\/06\/asko_t411hd_w_t1708224355059A_173228779.png","datePublished":"2022-06-09T18:15:41+00:00","description":"S\u00e8che-linge ASKO T411HD.W","breadcrumb":{"@id":"https:\/\/eurosdiscounts.com\/index.php\/produit\/seche-linge-asko-t411hd-w\/#breadcrumb"},"inLanguage":"fr-FR","potentialAction":[{"@type":"ReadAction","target":["https:\/\/eurosdiscounts.com\/index.php\/produit\/seche-linge-asko-t411hd-w\/"]}]},{"@type":"ImageObject","inLanguage":"fr-FR","@id":"https:\/\/eurosdiscounts.com\/index.php\/produit\/seche-linge-asko-t411hd-w\/#primaryimage","url":"https:\/\/eurosdiscounts.com\/wp-content\/uploads\/2022\/06\/asko_t411hd_w_t1708224355059A_173228779.png","contentUrl":"https:\/\/eurosdiscounts.com\/wp-content\/uploads\/2022\/06\/asko_t411hd_w_t1708224355059A_173228779.png","width":300,"height":450},{"@type":"BreadcrumbList","@id":"https:\/\/eurosdiscounts.com\/index.php\/produit\/seche-linge-asko-t411hd-w\/#breadcrumb","itemListElement":[{"@type":"ListItem","position":1,"name":"Accueil","item":"https:\/\/eurosdiscounts.com\/"},{"@type":"ListItem","position":2,"name":"Boutique","item":"https:\/\/eurosdiscounts.com\/index.php\/boutique\/"},{"@type":"ListItem","position":3,"name":"S\u00e8che-linge ASKO T411HD.W"}]},{"@type":"WebSite","@id":"https:\/\/eurosdiscounts.com\/#website","url":"https:\/\/eurosdiscounts.com\/","name":"Eurosdiscounts.com- Achat sur Internet a prix discount, Canap\u00e9s pas cher, Smartphone pas cher, pc portable pas cher..","description":"Eurosdiscounts.com- Achat sur Internet a prix discount, Canap\u00e9s pas cher, Smartphone pas cher, pc portable pas cher..","potentialAction":[{"@type":"SearchAction","target":{"@type":"EntryPoint","urlTemplate":"https:\/\/eurosdiscounts.com\/?s={search_term_string}"},"query-input":{"@type":"PropertyValueSpecification","valueRequired":true,"valueName":"search_term_string"}}],"inLanguage":"fr-FR"}]}},"_links":{"self":[{"href":"https:\/\/eurosdiscounts.com\/index.php\/wp-json\/wp\/v2\/product\/18450","targetHints":{"allow":["GET"]}}],"collection":[{"href":"https:\/\/eurosdiscounts.com\/index.php\/wp-json\/wp\/v2\/product"}],"about":[{"href":"https:\/\/eurosdiscounts.com\/index.php\/wp-json\/wp\/v2\/types\/product"}],"replies":[{"embeddable":true,"href":"https:\/\/eurosdiscounts.com\/index.php\/wp-json\/wp\/v2\/comments?post=18450"}],"wp:featuredmedia":[{"embeddable":true,"href":"https:\/\/eurosdiscounts.com\/index.php\/wp-json\/wp\/v2\/media\/18451"}],"wp:attachment":[{"href":"https:\/\/eurosdiscounts.com\/index.php\/wp-json\/wp\/v2\/media?parent=18450"}],"wp:term":[{"taxonomy":"product_cat","embeddable":true,"href":"https:\/\/eurosdiscounts.com\/index.php\/wp-json\/wp\/v2\/product_cat?post=18450"},{"taxonomy":"product_tag","embeddable":true,"href":"https:\/\/eurosdiscounts.com\/index.php\/wp-json\/wp\/v2\/product_tag?post=18450"}],"curies":[{"name":"wp","href":"https:\/\/api.w.org\/{rel}","templated":true}]}}