{"id":18423,"date":"2022-06-09T19:45:01","date_gmt":"2022-06-09T17:45:01","guid":{"rendered":"https:\/\/eurosdiscounts.com\/?post_type=product&#038;p=18423"},"modified":"2022-06-09T19:45:01","modified_gmt":"2022-06-09T17:45:01","slug":"lave-linge-hublot-samsung-ww80t552daw-addwash","status":"publish","type":"product","link":"https:\/\/eurosdiscounts.com\/index.php\/produit\/lave-linge-hublot-samsung-ww80t552daw-addwash\/","title":{"rendered":"Lave linge hublot Samsung WW80T552DAW AddWash"},"content":{"rendered":"<div class=\"product-features__content read-more\">\n<ul class=\"product-features__list\">\n<li class=\"feature-item\">\n<h3 class=\"feature-item__title\">Installation<\/h3>\n<ul>\n<li class=\"feature-item__content\"><span class=\"is--bold\">Type de produit :<\/span>\u00a0Lave linge hublot<\/li>\n<li class=\"feature-item__content\"><span class=\"is--bold\">Avantage :<\/span>\u00a0il peut \u00eatre install\u00e9 rapidement et simplement n&rsquo;importe o\u00f9. Pour une profondeur mini de 60 cm, vous pourrez y superposer un s\u00e9che-linge<\/li>\n<li class=\"feature-item__content\"><span class=\"is--bold\">Profondeur hublot et d\u00e9bord arri\u00e8re compris (en cm) :<\/span>\u00a063.5<\/li>\n<li class=\"feature-item__content\"><span class=\"is--bold\">Conseils :<\/span>\u00a0pr\u00e9voir 2 \u00e0 3 cms suppl\u00e9mentaires derri\u00e8re la machine pour le passage des tuyaux et c\u00e2bles<\/li>\n<li class=\"feature-item__content\"><span class=\"is--bold\">Sens d&rsquo;ouverture du hublot :<\/span>\u00a0fixation \u00e0 gauche<\/li>\n<li class=\"feature-item__content\"><span class=\"is--bold\">Couleur :<\/span>\u00a0Blanc<\/li>\n<\/ul>\n<\/li>\n<li class=\"feature-item\">\n<h3 class=\"feature-item__title\">Capacit\u00e9s<\/h3>\n<ul>\n<li class=\"feature-item__content\"><span class=\"is--bold\">Capacit\u00e9 de lavage (S, M, L, XL, XXL) :<\/span>\u00a0M (8 Kgs)<\/li>\n<li class=\"feature-item__content\"><span class=\"is--bold\">Id\u00e9al pour :<\/span>\u00a03 personnes<\/li>\n<li class=\"feature-item__content\"><span class=\"is--bold\">Volume du tambour :<\/span>\u00a0Tambour 61L<\/li>\n<li class=\"feature-item__content\"><span class=\"is--bold\">Avantage de la taille de ce tambour :<\/span>\u00a0id\u00e9al pour une petite couette<\/li>\n<li class=\"feature-item__content\"><span class=\"is--bold\">Vitesse d&rsquo;essorage :<\/span>\u00a01.200 tr\/mn<\/li>\n<\/ul>\n<\/li>\n<li class=\"feature-item\">\n<h3 class=\"feature-item__title\">Confort d&rsquo;utilisation<\/h3>\n<ul>\n<li class=\"feature-item__content\"><span class=\"is--bold\">Niveau sonore en d\u00e9cibels max. en essorage :<\/span>\u00a0silencieux (72 db)<\/li>\n<li class=\"feature-item__content\"><span class=\"is--bold\">Ecran d&rsquo;affichage :<\/span>\u00a0LED<\/li>\n<li class=\"feature-item__content\"><span class=\"is--bold\">Dosage automatique (Autodosing) :<\/span>\u00a0non, pas de dosage automatique<\/li>\n<li class=\"feature-item__content\"><span class=\"is--bold\">D\u00e9part diff\u00e9r\u00e9 ou fin diff\u00e9r\u00e9e (d\u00e9lai maximum) :<\/span>\u00a0Fin diff\u00e9r\u00e9e 19 heures<\/li>\n<li class=\"feature-item__content\"><span class=\"is--bold\">Avantage de la fin diff\u00e9r\u00e9e :<\/span>\u00a0oui, permet de laver votre linge aux heures creuses et de ne pas laisser le linge humide dans la machine. Evite le tassement du linge et le repassage difficile<\/li>\n<li class=\"feature-item__content\"><span class=\"is--bold\">Affichage du temps restant :<\/span>\u00a0oui, par affichage digital pour plus de pr\u00e9cision<\/li>\n<li class=\"feature-item__content\"><span class=\"is--bold\">Option rajout de linge :<\/span>\u00a0oui, en cas d&rsquo;oubli, vous pouvez rajouter du linge apr\u00e8s le d\u00e9marrage du programme<\/li>\n<\/ul>\n<\/li>\n<li class=\"feature-item\">\n<h3 class=\"feature-item__title\">Programmes<\/h3>\n<ul>\n<li class=\"feature-item__content\"><span class=\"is--bold\">Programmes classiques :<\/span>\u00a0Intensif, Laine, Coton, Jean, Mixte, Synth\u00e9tique, Eco<\/li>\n<li class=\"feature-item__content\"><span class=\"is--bold\">Programme de lavage rapide :<\/span>\u00a0moins de 15 mins<\/li>\n<li class=\"feature-item__content\"><span class=\"is--bold\">Vapeur :<\/span>\u00a0Vapeur int\u00e9gr\u00e9e<\/li>\n<li class=\"feature-item__content\"><span class=\"is--bold\">Anti allergie \/ B\u00e9b\u00e9 :<\/span>\u00a0oui, action m\u00e9canique de rin\u00e7age suppl\u00e9mentaire pour \u00e9viter tous types d&rsquo;\u00e9ventuelles allergies<\/li>\n<li class=\"feature-item__content\"><span class=\"is--bold\">Froid :<\/span>\u00a0oui, convient pour le linge peu sale<\/li>\n<li class=\"feature-item__content\"><span class=\"is--bold\">Chemise :<\/span>\u00a0oui, obtenez moins de plis pour faciliter le repassage<\/li>\n<li class=\"feature-item__content\"><span class=\"is--bold\">Sport :<\/span>\u00a0oui, con\u00e7u pour laver des v\u00eatements techniques<\/li>\n<li class=\"feature-item__content\"><span class=\"is--bold\">Arr\u00eat cuve pleine :<\/span>\u00a0oui, prot\u00e8ge le linge d\u00e9licat en le gardant dans la derni\u00e8re eau de rin\u00e7age et limite le froissage<\/li>\n<\/ul>\n<\/li>\n<li class=\"feature-item\">\n<h3 class=\"feature-item__title\">Technologies Lave linge<\/h3>\n<ul>\n<li class=\"feature-item__content\"><span class=\"is--bold\">Add Wash :<\/span>\u00a0oui, permet d&rsquo;ajouter du linge \u00e0 tout moment en cours de cycle gr\u00e2ce \u00e0 son hublot additionnel<\/li>\n<li class=\"feature-item__content\"><span class=\"is--bold\">Eco Bubble :<\/span>\u00a0oui, transforme la lessive en mousse ultra-performante \u00e0 basse temp\u00e9rature et permet une r\u00e9duction consommation \u00e9nerg\u00e9tique (eau et \u00e9lectricit\u00e9)<\/li>\n<\/ul>\n<\/li>\n<li class=\"feature-item\">\n<h3 class=\"feature-item__title\">Connect\u00e9<\/h3>\n<ul>\n<li class=\"feature-item__content\"><span class=\"is--bold\">Type de connectivit\u00e9 :<\/span>\u00a0oui, en Wifi pour une connexion m\u00eame en dehors de votre domicile afin de g\u00e9rer \u00e0 distance le bon d\u00e9roulement de votre cycle de lavage<\/li>\n<li class=\"feature-item__content\"><span class=\"is--bold\">Programmes t\u00e9l\u00e9chargeables :<\/span>\u00a0Non<\/li>\n<\/ul>\n<\/li>\n<li class=\"feature-item\">\n<h3 class=\"feature-item__title\">Consommation &amp; \u00e9conomie d&rsquo;\u00e9nergie<\/h3>\n<ul>\n<li class=\"feature-item__content\"><span class=\"is--bold\">Raccordement eau chaude ou eau froide :<\/span>\u00a0Raccordement eau froide traditionnel (une seule arriv\u00e9e d&rsquo;eau)<\/li>\n<li class=\"feature-item__content\"><span class=\"is--bold\">Label \u00e9nergie :<\/span>\u00a0B<\/li>\n<li class=\"feature-item__content\"><span class=\"is--bold\">Dur\u00e9e du programme Eco :<\/span>\u00a03 h<\/li>\n<li class=\"feature-item__content\"><span class=\"is--bold\">Consommation d&rsquo;\u00e9nergie pour 100 cycles :<\/span>\u00a055 kW<\/li>\n<li class=\"feature-item__content\"><span class=\"is--bold\">Consommation d&rsquo;eau par cycle :<\/span>\u00a048 L<\/li>\n<li class=\"feature-item__content\"><span class=\"is--bold\">Classe essorage :<\/span>\u00a0B<\/li>\n<li class=\"feature-item__content\"><span class=\"is--bold\">R\u00e9duisez la quantit\u00e9 de fibres plastiques qui p\u00e9n\u00e8trent dans vos eaux us\u00e9es lors du lavage\u00a0<\/span><\/li>\n<\/ul>\n<\/li>\n<li class=\"feature-item\">\n<h3 class=\"feature-item__title\">Conception<\/h3>\n<ul>\n<li class=\"feature-item__content\"><span class=\"is--bold\">Type de moteur :<\/span>\u00a0induction (avec courroie) faible consommation, silencieux<\/li>\n<li class=\"feature-item__content\"><span class=\"is--bold\">Mati\u00e8re de la cuve (\u00e0 ne pas confondre avec le tambour) :<\/span>\u00a0polypropyl\u00e8ne<\/li>\n<\/ul>\n<\/li>\n<li class=\"feature-item\">\n<h3 class=\"feature-item__title\">S\u00e9curit\u00e9<\/h3>\n<ul>\n<li class=\"feature-item__content\"><span class=\"is--bold\">S\u00e9curit\u00e9 enfant :<\/span>\u00a0oui, le bandeau de commande est verrouill\u00e9 automatiquement ou par une combinaison de touches. Une action involontaire sur le bandeau (appui sur touche, rotation d&rsquo;un bouton) ne modifiera pas le d\u00e9roulement du cycle<\/li>\n<li class=\"feature-item__content\"><span class=\"is--bold\">Anti-mousse :<\/span>\u00a0oui, d\u00e9tecte un exc\u00e8s de mousse dans le tambour (provoqu\u00e9 g\u00e9n\u00e9ralement par un surdosage de lessive) et effectue un ou plusieurs rin\u00e7ages suppl\u00e9mentaires.<\/li>\n<\/ul>\n<\/li>\n<li class=\"feature-item\">\n<h3 class=\"feature-item__title\">Contenu du carton<\/h3>\n<ul>\n<li class=\"feature-item__content\"><span class=\"is--bold\">Livr\u00e9 avec :<\/span>\u00a0Notice, Cordon d&rsquo;alimentation \u00e9lectrique, Cordon d&rsquo;alimentation d&rsquo;eau, Cordon d&rsquo;\u00e9vacuation d&rsquo;eau<\/li>\n<\/ul>\n<\/li>\n<li class=\"feature-item\">\n<h3 class=\"feature-item__title\">Dimensions<\/h3>\n<ul>\n<li class=\"feature-item__content\"><span class=\"is--bold\">L x H x P : :<\/span>\u00a060 x 85 x 63.5 cm<\/li>\n<li class=\"feature-item__content\"><span class=\"is--bold\">Astuces :<\/span>\u00a0pr\u00e9voir 2 \u00e0 3 cms suppl\u00e9mentaires derri\u00e8re la machine pour le passage des tuyaux et c\u00e2bles<\/li>\n<li class=\"feature-item__content\"><span class=\"is--bold\">Poids net :<\/span>\u00a067,0 kg<\/li>\n<li class=\"feature-item__content\"><span class=\"is--bold\">Poids brut :<\/span>\u00a069,0 kg<\/li>\n<\/ul>\n<\/li>\n<li class=\"feature-item\">\n<h3 class=\"feature-item__title\">Informations et Services<\/h3>\n<ul>\n<li class=\"feature-item__content\"><span class=\"is--bold\">Indice de r\u00e9parabilit\u00e9 :<\/span>\u00a09,1 \/10<\/li>\n<li class=\"feature-item__content\"><span class=\"is--bold\">En savoir plus sur l&rsquo;indice de r\u00e9parabilit\u00e9\u00a0<\/span><\/li>\n<li class=\"feature-item__content\"><span class=\"is--bold\">Fabriqu\u00e9 en :<\/span>\u00a0Pologne<\/li>\n<li class=\"feature-item__content\"><span class=\"is--bold\">Disponibilit\u00e9 des pi\u00e8ces d\u00e9tach\u00e9es (donn\u00e9es fournisseur) :<\/span> Pendant 14 ans, \u00e0 compter de la date d&rsquo;achat<\/li>\n<li class=\"feature-item__content\"><\/li>\n<\/ul>\n<\/li>\n<\/ul>\n<\/div>\n","protected":false},"excerpt":{"rendered":"<h3 class=\"keypoints__title\">Les points cl\u00e9s<\/h3>\n<ul>\n<li class=\"keypoints__item\">L x H x P : : 60 x 85 x 63.5 cm<\/li>\n<li class=\"keypoints__item\">Capacit\u00e9 Standard (8kg)<\/li>\n<li class=\"keypoints__item\">Label \u00e9nergie B &#8211; Silencieux 72dB<\/li>\n<li class=\"keypoints__item\">Essorage standard (1200 trs) &#8211; Tambour 61L<\/li>\n<li class=\"keypoints__item keypoints__item--advantage\"><strong>Le + :<\/strong>\u00a0Son hublot permet le rajout de linge durant le cycle de lavage et son mode ecco-bubble permet de laver \u00e0 basse temp\u00e9rature pour plus d&rsquo;\u00e9conomie<\/li>\n<\/ul>\n","protected":false},"featured_media":18424,"comment_status":"open","ping_status":"closed","template":"","meta":[],"product_cat":[173],"product_tag":[],"class_list":{"0":"post-18423","1":"product","2":"type-product","3":"status-publish","4":"has-post-thumbnail","6":"product_cat-lave-linges","8":"first","9":"instock","10":"sale","11":"shipping-taxable","12":"purchasable","13":"product-type-simple","14":"col-xs-6 col-sm-4","15":"col-md-3 col-lg-3","16":"un-4-cols"},"yoast_head":"<!-- This site is optimized with the Yoast SEO plugin v27.0 - https:\/\/yoast.com\/product\/yoast-seo-wordpress\/ -->\n<title>Lave linge hublot Samsung WW80T552DAW AddWash - Eurosdiscounts.com- Achat sur Internet a prix discount, Canap\u00e9s pas cher, Smartphone pas cher, pc portable pas cher..<\/title>\n<meta name=\"description\" content=\"Lave linge hublot Samsung WW80T552DAW AddWash\" \/>\n<meta name=\"robots\" content=\"index, follow, max-snippet:-1, max-image-preview:large, max-video-preview:-1\" \/>\n<link rel=\"canonical\" href=\"https:\/\/eurosdiscounts.com\/index.php\/produit\/lave-linge-hublot-samsung-ww80t552daw-addwash\/\" \/>\n<meta property=\"og:locale\" content=\"fr_FR\" \/>\n<meta property=\"og:type\" content=\"article\" \/>\n<meta property=\"og:title\" content=\"Lave linge hublot Samsung WW80T552DAW AddWash - Eurosdiscounts.com- Achat sur Internet a prix discount, Canap\u00e9s pas cher, Smartphone pas cher, pc portable pas cher..\" \/>\n<meta property=\"og:description\" content=\"Lave linge hublot Samsung WW80T552DAW AddWash\" \/>\n<meta property=\"og:url\" content=\"https:\/\/eurosdiscounts.com\/index.php\/produit\/lave-linge-hublot-samsung-ww80t552daw-addwash\/\" \/>\n<meta property=\"og:site_name\" content=\"Eurosdiscounts.com- Achat sur Internet a prix discount, Canap\u00e9s pas cher, Smartphone pas cher, pc portable pas cher..\" \/>\n<meta property=\"og:image\" content=\"https:\/\/eurosdiscounts.com\/wp-content\/uploads\/2022\/06\/8806090606519_h_b_l_0.webp\" \/>\n\t<meta property=\"og:image:width\" content=\"500\" \/>\n\t<meta property=\"og:image:height\" content=\"500\" \/>\n\t<meta property=\"og:image:type\" content=\"image\/webp\" \/>\n<meta name=\"twitter:card\" content=\"summary_large_image\" \/>\n<meta name=\"twitter:label1\" content=\"Dur\u00e9e de lecture estim\u00e9e\" \/>\n\t<meta name=\"twitter:data1\" content=\"3 minutes\" \/>\n<script type=\"application\/ld+json\" class=\"yoast-schema-graph\">{\"@context\":\"https:\/\/schema.org\",\"@graph\":[{\"@type\":\"WebPage\",\"@id\":\"https:\/\/eurosdiscounts.com\/index.php\/produit\/lave-linge-hublot-samsung-ww80t552daw-addwash\/\",\"url\":\"https:\/\/eurosdiscounts.com\/index.php\/produit\/lave-linge-hublot-samsung-ww80t552daw-addwash\/\",\"name\":\"Lave linge hublot Samsung WW80T552DAW AddWash - Eurosdiscounts.com- Achat sur Internet a prix discount, Canap\u00e9s pas cher, Smartphone pas cher, pc portable pas cher..\",\"isPartOf\":{\"@id\":\"https:\/\/eurosdiscounts.com\/#website\"},\"primaryImageOfPage\":{\"@id\":\"https:\/\/eurosdiscounts.com\/index.php\/produit\/lave-linge-hublot-samsung-ww80t552daw-addwash\/#primaryimage\"},\"image\":{\"@id\":\"https:\/\/eurosdiscounts.com\/index.php\/produit\/lave-linge-hublot-samsung-ww80t552daw-addwash\/#primaryimage\"},\"thumbnailUrl\":\"https:\/\/eurosdiscounts.com\/wp-content\/uploads\/2022\/06\/8806090606519_h_b_l_0.webp\",\"datePublished\":\"2022-06-09T17:45:01+00:00\",\"description\":\"Lave linge hublot Samsung WW80T552DAW AddWash\",\"breadcrumb\":{\"@id\":\"https:\/\/eurosdiscounts.com\/index.php\/produit\/lave-linge-hublot-samsung-ww80t552daw-addwash\/#breadcrumb\"},\"inLanguage\":\"fr-FR\",\"potentialAction\":[{\"@type\":\"ReadAction\",\"target\":[\"https:\/\/eurosdiscounts.com\/index.php\/produit\/lave-linge-hublot-samsung-ww80t552daw-addwash\/\"]}]},{\"@type\":\"ImageObject\",\"inLanguage\":\"fr-FR\",\"@id\":\"https:\/\/eurosdiscounts.com\/index.php\/produit\/lave-linge-hublot-samsung-ww80t552daw-addwash\/#primaryimage\",\"url\":\"https:\/\/eurosdiscounts.com\/wp-content\/uploads\/2022\/06\/8806090606519_h_b_l_0.webp\",\"contentUrl\":\"https:\/\/eurosdiscounts.com\/wp-content\/uploads\/2022\/06\/8806090606519_h_b_l_0.webp\",\"width\":500,\"height\":500},{\"@type\":\"BreadcrumbList\",\"@id\":\"https:\/\/eurosdiscounts.com\/index.php\/produit\/lave-linge-hublot-samsung-ww80t552daw-addwash\/#breadcrumb\",\"itemListElement\":[{\"@type\":\"ListItem\",\"position\":1,\"name\":\"Accueil\",\"item\":\"https:\/\/eurosdiscounts.com\/\"},{\"@type\":\"ListItem\",\"position\":2,\"name\":\"Boutique\",\"item\":\"https:\/\/eurosdiscounts.com\/index.php\/boutique\/\"},{\"@type\":\"ListItem\",\"position\":3,\"name\":\"Lave linge hublot Samsung WW80T552DAW AddWash\"}]},{\"@type\":\"WebSite\",\"@id\":\"https:\/\/eurosdiscounts.com\/#website\",\"url\":\"https:\/\/eurosdiscounts.com\/\",\"name\":\"Eurosdiscounts.com- Achat sur Internet a prix discount, Canap\u00e9s pas cher, Smartphone pas cher, pc portable pas cher..\",\"description\":\"Eurosdiscounts.com- Achat sur Internet a prix discount, Canap\u00e9s pas cher, Smartphone pas cher, pc portable pas cher..\",\"potentialAction\":[{\"@type\":\"SearchAction\",\"target\":{\"@type\":\"EntryPoint\",\"urlTemplate\":\"https:\/\/eurosdiscounts.com\/?s={search_term_string}\"},\"query-input\":{\"@type\":\"PropertyValueSpecification\",\"valueRequired\":true,\"valueName\":\"search_term_string\"}}],\"inLanguage\":\"fr-FR\"}]}<\/script>\n<!-- \/ Yoast SEO plugin. -->","yoast_head_json":{"title":"Lave linge hublot Samsung WW80T552DAW AddWash - Eurosdiscounts.com- Achat sur Internet a prix discount, Canap\u00e9s pas cher, Smartphone pas cher, pc portable pas cher..","description":"Lave linge hublot Samsung WW80T552DAW AddWash","robots":{"index":"index","follow":"follow","max-snippet":"max-snippet:-1","max-image-preview":"max-image-preview:large","max-video-preview":"max-video-preview:-1"},"canonical":"https:\/\/eurosdiscounts.com\/index.php\/produit\/lave-linge-hublot-samsung-ww80t552daw-addwash\/","og_locale":"fr_FR","og_type":"article","og_title":"Lave linge hublot Samsung WW80T552DAW AddWash - Eurosdiscounts.com- Achat sur Internet a prix discount, Canap\u00e9s pas cher, Smartphone pas cher, pc portable pas cher..","og_description":"Lave linge hublot Samsung WW80T552DAW AddWash","og_url":"https:\/\/eurosdiscounts.com\/index.php\/produit\/lave-linge-hublot-samsung-ww80t552daw-addwash\/","og_site_name":"Eurosdiscounts.com- Achat sur Internet a prix discount, Canap\u00e9s pas cher, Smartphone pas cher, pc portable pas cher..","og_image":[{"width":500,"height":500,"url":"https:\/\/eurosdiscounts.com\/wp-content\/uploads\/2022\/06\/8806090606519_h_b_l_0.webp","type":"image\/webp"}],"twitter_card":"summary_large_image","twitter_misc":{"Dur\u00e9e de lecture estim\u00e9e":"3 minutes"},"schema":{"@context":"https:\/\/schema.org","@graph":[{"@type":"WebPage","@id":"https:\/\/eurosdiscounts.com\/index.php\/produit\/lave-linge-hublot-samsung-ww80t552daw-addwash\/","url":"https:\/\/eurosdiscounts.com\/index.php\/produit\/lave-linge-hublot-samsung-ww80t552daw-addwash\/","name":"Lave linge hublot Samsung WW80T552DAW AddWash - Eurosdiscounts.com- Achat sur Internet a prix discount, Canap\u00e9s pas cher, Smartphone pas cher, pc portable pas cher..","isPartOf":{"@id":"https:\/\/eurosdiscounts.com\/#website"},"primaryImageOfPage":{"@id":"https:\/\/eurosdiscounts.com\/index.php\/produit\/lave-linge-hublot-samsung-ww80t552daw-addwash\/#primaryimage"},"image":{"@id":"https:\/\/eurosdiscounts.com\/index.php\/produit\/lave-linge-hublot-samsung-ww80t552daw-addwash\/#primaryimage"},"thumbnailUrl":"https:\/\/eurosdiscounts.com\/wp-content\/uploads\/2022\/06\/8806090606519_h_b_l_0.webp","datePublished":"2022-06-09T17:45:01+00:00","description":"Lave linge hublot Samsung WW80T552DAW AddWash","breadcrumb":{"@id":"https:\/\/eurosdiscounts.com\/index.php\/produit\/lave-linge-hublot-samsung-ww80t552daw-addwash\/#breadcrumb"},"inLanguage":"fr-FR","potentialAction":[{"@type":"ReadAction","target":["https:\/\/eurosdiscounts.com\/index.php\/produit\/lave-linge-hublot-samsung-ww80t552daw-addwash\/"]}]},{"@type":"ImageObject","inLanguage":"fr-FR","@id":"https:\/\/eurosdiscounts.com\/index.php\/produit\/lave-linge-hublot-samsung-ww80t552daw-addwash\/#primaryimage","url":"https:\/\/eurosdiscounts.com\/wp-content\/uploads\/2022\/06\/8806090606519_h_b_l_0.webp","contentUrl":"https:\/\/eurosdiscounts.com\/wp-content\/uploads\/2022\/06\/8806090606519_h_b_l_0.webp","width":500,"height":500},{"@type":"BreadcrumbList","@id":"https:\/\/eurosdiscounts.com\/index.php\/produit\/lave-linge-hublot-samsung-ww80t552daw-addwash\/#breadcrumb","itemListElement":[{"@type":"ListItem","position":1,"name":"Accueil","item":"https:\/\/eurosdiscounts.com\/"},{"@type":"ListItem","position":2,"name":"Boutique","item":"https:\/\/eurosdiscounts.com\/index.php\/boutique\/"},{"@type":"ListItem","position":3,"name":"Lave linge hublot Samsung WW80T552DAW AddWash"}]},{"@type":"WebSite","@id":"https:\/\/eurosdiscounts.com\/#website","url":"https:\/\/eurosdiscounts.com\/","name":"Eurosdiscounts.com- Achat sur Internet a prix discount, Canap\u00e9s pas cher, Smartphone pas cher, pc portable pas cher..","description":"Eurosdiscounts.com- Achat sur Internet a prix discount, Canap\u00e9s pas cher, Smartphone pas cher, pc portable pas cher..","potentialAction":[{"@type":"SearchAction","target":{"@type":"EntryPoint","urlTemplate":"https:\/\/eurosdiscounts.com\/?s={search_term_string}"},"query-input":{"@type":"PropertyValueSpecification","valueRequired":true,"valueName":"search_term_string"}}],"inLanguage":"fr-FR"}]}},"_links":{"self":[{"href":"https:\/\/eurosdiscounts.com\/index.php\/wp-json\/wp\/v2\/product\/18423","targetHints":{"allow":["GET"]}}],"collection":[{"href":"https:\/\/eurosdiscounts.com\/index.php\/wp-json\/wp\/v2\/product"}],"about":[{"href":"https:\/\/eurosdiscounts.com\/index.php\/wp-json\/wp\/v2\/types\/product"}],"replies":[{"embeddable":true,"href":"https:\/\/eurosdiscounts.com\/index.php\/wp-json\/wp\/v2\/comments?post=18423"}],"wp:featuredmedia":[{"embeddable":true,"href":"https:\/\/eurosdiscounts.com\/index.php\/wp-json\/wp\/v2\/media\/18424"}],"wp:attachment":[{"href":"https:\/\/eurosdiscounts.com\/index.php\/wp-json\/wp\/v2\/media?parent=18423"}],"wp:term":[{"taxonomy":"product_cat","embeddable":true,"href":"https:\/\/eurosdiscounts.com\/index.php\/wp-json\/wp\/v2\/product_cat?post=18423"},{"taxonomy":"product_tag","embeddable":true,"href":"https:\/\/eurosdiscounts.com\/index.php\/wp-json\/wp\/v2\/product_tag?post=18423"}],"curies":[{"name":"wp","href":"https:\/\/api.w.org\/{rel}","templated":true}]}}