{"id":18380,"date":"2022-06-09T19:16:01","date_gmt":"2022-06-09T17:16:01","guid":{"rendered":"https:\/\/eurosdiscounts.com\/?post_type=product&#038;p=18380"},"modified":"2022-06-09T19:16:01","modified_gmt":"2022-06-09T17:16:01","slug":"lave-vaisselle-60-cm-lg-df425hss-directdrive-truesteam","status":"publish","type":"product","link":"https:\/\/eurosdiscounts.com\/index.php\/produit\/lave-vaisselle-60-cm-lg-df425hss-directdrive-truesteam\/","title":{"rendered":"Lave vaisselle 60 cm Lg DF425HSS DirectDrive Truesteam"},"content":{"rendered":"<ul class=\"product-features__list\">\n<li class=\"feature-item\">\n<h3 class=\"feature-item__title\">Installation<\/h3>\n<ul>\n<li class=\"feature-item__content\"><span class=\"is--bold\">Avantage pose libre :<\/span>\u00a0il peut \u00eatre pos\u00e9 librement dans la cuisine et poss\u00e8de son propre habillage.<\/li>\n<li class=\"feature-item__content\"><span class=\"is--bold\">Top amovible :<\/span>\u00a0Non<\/li>\n<li class=\"feature-item__content\"><span class=\"is--bold\">Avantage du Top amovible :<\/span>\u00a0Pr\u00e9vu pour une installation sous plan de travail<\/li>\n<li class=\"feature-item__content\"><span class=\"is--bold\">Pieds r\u00e9glables :<\/span>\u00a0Oui<\/li>\n<li class=\"feature-item__content\"><span class=\"is--bold\">Porte d&rsquo;habillage :<\/span>\u00a0Elle n&rsquo;est pas n\u00e9cessaire pour cet appareil<\/li>\n<\/ul>\n<\/li>\n<li class=\"feature-item\">\n<h3 class=\"feature-item__title\">Confort sonore<\/h3>\n<ul>\n<li class=\"feature-item__content\"><span class=\"is--bold\">Classe \u00e9mission de bruit 2021 :<\/span>\u00a0B<\/li>\n<li class=\"feature-item__content\"><span class=\"is--bold\">Niveau sonore (dB) :<\/span>\u00a041 dB<\/li>\n<li class=\"feature-item__content\"><span class=\"is--bold\">Programme diff\u00e9r\u00e9 :<\/span>\u00a012 heures<\/li>\n<li class=\"feature-item__content\"><span class=\"is--bold\">Avantage du programme diff\u00e9r\u00e9 :<\/span>\u00a0Permet de laver votre vaisselle quand vous n&rsquo;\u00eates pas dans la pi\u00e8ce.<\/li>\n<li class=\"feature-item__content\"><span class=\"is--bold\">Programme silence :<\/span>\u00a0Oui<\/li>\n<\/ul>\n<\/li>\n<li class=\"feature-item\">\n<h3 class=\"feature-item__title\">S\u00e9chage<\/h3>\n<ul>\n<li class=\"feature-item__content\"><span class=\"is--bold\">Type de s\u00e9chage :<\/span>\u00a0naturel gr\u00e2ce \u00e0 l&rsquo;ouverture de la porte du lave-vaisselle en fin de programme<\/li>\n<li class=\"feature-item__content\"><span class=\"is--bold\">Ouverture automatique de la porte :<\/span>\u00a0Oui<\/li>\n<li class=\"feature-item__content\"><span class=\"is--bold\">Avantage de l&rsquo;ouverture automatique de la porte :<\/span>\u00a0Apr\u00e8s le cycle de lavage , la porte du lave vaisselle s&rsquo;ouvre automatiquement pour laisser la vapeur s&rsquo;\u00e9chapper. Cela permet \u00e0 l&rsquo;air de p\u00e9n\u00e9trer \u00e0 l&rsquo;int\u00e9rieur et de s\u00e9cher les ustensiles, plats et couverts.<\/li>\n<\/ul>\n<\/li>\n<li class=\"feature-item\">\n<h3 class=\"feature-item__title\">Am\u00e9nagement int\u00e9rieur<\/h3>\n<ul>\n<li class=\"feature-item__content\"><span class=\"is--bold\">Nombre de couverts :<\/span>\u00a014<\/li>\n<li class=\"feature-item__content\"><span class=\"is--bold\">Panier \u00e0 couverts :<\/span>\u00a0Sans panier<\/li>\n<li class=\"feature-item__content\"><span class=\"is--bold\">Tiroir \u00e0 couverts :<\/span>\u00a0Oui, il est plac\u00e9 dans la partie haute du lave-vaisselle et permet de b\u00e9n\u00e9ficier de 25% d&rsquo;espace suppl\u00e9mentaire dans le panier inf\u00e9rieur<\/li>\n<li class=\"feature-item__content\"><span class=\"is--bold\">Panier sup\u00e9rieur r\u00e9glable en hauteur :<\/span>\u00a0Oui<\/li>\n<li class=\"feature-item__content\"><span class=\"is--bold\">Avantage du panier sup\u00e9rieur r\u00e9glable en hauteur :<\/span>\u00a0Permet de laver des plats de grandes tailles ou de grands verres \u00e0 pieds.<\/li>\n<li class=\"feature-item__content\"><span class=\"is--bold\">Picots rabattables :<\/span>\u00a0Oui<\/li>\n<\/ul>\n<\/li>\n<li class=\"feature-item\">\n<h3 class=\"feature-item__title\">Programmes<\/h3>\n<ul>\n<li class=\"feature-item__content\"><span class=\"is--bold\">Nombre de programmes :<\/span>\u00a010<\/li>\n<li class=\"feature-item__content\"><span class=\"is--bold\">D\u00e9tails des programmes et temp\u00e9ratures :<\/span>\u00a0Auto &#8211; Intensif &#8211; Rafraichissement &#8211; D\u00e9licat &#8211; \u00c9co &#8211; Turbo- Programme t\u00e9l\u00e9charg\u00e9 &#8211; Autonettoyage &#8211; Rin\u00e7age &#8211; Express<\/li>\n<\/ul>\n<\/li>\n<li class=\"feature-item\">\n<h3 class=\"feature-item__title\">Praticit\u00e9<\/h3>\n<ul>\n<li class=\"feature-item__content\"><span class=\"is--bold\">Affichage du temps restant :<\/span>\u00a0Oui<\/li>\n<li class=\"feature-item__content\"><span class=\"is--bold\">Connect\u00e9 :<\/span>\u00a0Oui<\/li>\n<\/ul>\n<\/li>\n<li class=\"feature-item\">\n<h3 class=\"feature-item__title\">Connect\u00e9<\/h3>\n<ul>\n<li class=\"feature-item__content\"><span class=\"is--bold\">Demandez des conseils directement \u00e0 votre assistant (via App ou vocal selon compatibilit\u00e9) :<\/span>\u00a0Non<\/li>\n<li class=\"feature-item__content\"><span class=\"is--bold\">D\u00e9couvrez le programme le plus adapt\u00e9 avec le guide de lavage :<\/span>\u00a0Non<\/li>\n<li class=\"feature-item__content\"><span class=\"is--bold\">Alertes sur les consommations, le niveau de sel et de liquide de rin\u00e7age :<\/span>\u00a0Oui<\/li>\n<li class=\"feature-item__content\"><span class=\"is--bold\">Acc\u00e9dez \u00e0 des astuces, manuels d&rsquo;utilisation et un support maintenance :<\/span>\u00a0Oui<\/li>\n<li class=\"feature-item__content\"><span class=\"is--bold\">Des programmes additionnels disponibles (dont souvent un programme Silence) :<\/span>\u00a0Oui<\/li>\n<\/ul>\n<\/li>\n<li class=\"feature-item\">\n<h3 class=\"feature-item__title\">Consommation et \u00e9conomie d&rsquo;\u00e9nergie<\/h3>\n<ul>\n<li class=\"feature-item__content\"><span class=\"is--bold\">Energie label 2021 :<\/span>\u00a0D<\/li>\n<li class=\"feature-item__content\"><span class=\"is--bold\">Conso moyenne d&rsquo;eau par cycle :<\/span>\u00a09,6 L<\/li>\n<li class=\"feature-item__content\"><span class=\"is--bold\">Consommation d&rsquo;eau annuelle :<\/span>\u00a02.700 L<\/li>\n<li class=\"feature-item__content\"><span class=\"is--bold\">Consommation d&rsquo;\u00e9nergie annuelle :<\/span>\u00a0237 kWh\/an<\/li>\n<li class=\"feature-item__content\"><span class=\"is--bold\">Co\u00fbt annuel d&rsquo;utilisation (pour 280 cycles de lavage par an) :<\/span>\u00a048 euros<\/li>\n<li class=\"feature-item__content\"><span class=\"is--bold\">Co\u00fbt annuel de consommation (base de calcul) :<\/span>\u00a0Sur la base de 280 cycles de lavages avec 0.1503 euros\/Kwh d&rsquo;electricit\u00e9 et 0.0038 euros\/Litre d&rsquo;eau<\/li>\n<li class=\"feature-item__content\"><span class=\"is--bold\">Raccordement eau chaude ou eau froide :<\/span>\u00a0Oui<\/li>\n<li class=\"feature-item__content\"><span class=\"is--bold\">Programme demi charge :<\/span>\u00a0Oui<\/li>\n<li class=\"feature-item__content\"><span class=\"is--bold\">Dur\u00e9e du cycle \u00e9co en minutes :<\/span>\u00a0193<\/li>\n<\/ul>\n<\/li>\n<li class=\"feature-item\">\n<h3 class=\"feature-item__title\">Conception<\/h3>\n<ul>\n<li class=\"feature-item__content\"><span class=\"is--bold\">Type de moteur :<\/span>\u00a0Induction<\/li>\n<li class=\"feature-item__content\"><span class=\"is--bold\">Avantage du moteur induction :<\/span>\u00a0Ultra-plat, permet d&rsquo;augmenter la hauteur de la cuve et l&rsquo;espace d\u00e9di\u00e9 au lavage sans changer l&rsquo;encombrement de l&rsquo;appareil. Vous b\u00e9n\u00e9ficiez d&rsquo;un lave-vaisselle plus r\u00e9sistant et plus silencieux ! Et moins gourmand en \u00e9nergie !<\/li>\n<li class=\"feature-item__content\"><span class=\"is--bold\">Paroi de la cuve :<\/span>\u00a0Inox<\/li>\n<li class=\"feature-item__content\"><span class=\"is--bold\">Avantage de l&rsquo;inox :<\/span>\u00a0L&rsquo;inox est un mat\u00e9riau de haute r\u00e9sistance gage de qualit\u00e9 et de durabilit\u00e9. En plus, l&rsquo;inox permet d&rsquo;\u00e9viter les mauvaises odeurs !<\/li>\n<\/ul>\n<\/li>\n<li class=\"feature-item\">\n<h3 class=\"feature-item__title\">S\u00e9curit\u00e9<\/h3>\n<ul>\n<li class=\"feature-item__content\"><span class=\"is--bold\">S\u00e9curit\u00e9 enfant :<\/span>\u00a0Oui<\/li>\n<li class=\"feature-item__content\"><span class=\"is--bold\">Principe de la s\u00e9curit\u00e9 enfant :<\/span>\u00a0N\u00e9cessite plus de force pour ouvrir la porte du lave-vaisselle<\/li>\n<li class=\"feature-item__content\"><span class=\"is--bold\">S\u00e9curit\u00e9 aquastop :<\/span>\u00a0Oui<\/li>\n<\/ul>\n<\/li>\n<li class=\"feature-item\">\n<h3 class=\"feature-item__title\">Contenu du carton<\/h3>\n<ul>\n<li class=\"feature-item__content\"><span class=\"is--bold\">Livr\u00e9 avec :<\/span>\u00a0Notice, Cordon d&rsquo;alimentation d&rsquo;eau, Cordon d&rsquo;\u00e9vacuation d&rsquo;eau, Cordon d&rsquo;alimentation \u00e9lectrique<\/li>\n<\/ul>\n<\/li>\n<li class=\"feature-item\">\n<h3 class=\"feature-item__title\">Dimensions<\/h3>\n<ul>\n<li class=\"feature-item__content\"><span class=\"is--bold\">Poids net :<\/span>\u00a052,0 kg<\/li>\n<li class=\"feature-item__content\"><span class=\"is--bold\">Poids brut :<\/span>\u00a056,0 kg<\/li>\n<li class=\"feature-item__content\"><span class=\"is--bold\">L x H x P :<\/span>\u00a060 x 85 x 60 cm<\/li>\n<\/ul>\n<\/li>\n<li class=\"feature-item\">\n<h3 class=\"feature-item__title\">Informations et Services<\/h3>\n<ul>\n<li class=\"feature-item__content\"><span class=\"is--bold\">Fabriqu\u00e9 en :<\/span>\u00a0Cor\u00e9e du Sud<\/li>\n<li class=\"feature-item__content\"><span class=\"is--bold\">Garantie :<\/span>\u00a02 ans<\/li>\n<li class=\"feature-item__content\"><span class=\"is--bold\">Disponibilit\u00e9 des pi\u00e8ces d\u00e9tach\u00e9es (donn\u00e9es fournisseur) :<\/span>\u00a0Pendant 7 ans, \u00e0 compter de la date d&rsquo;achat<\/li>\n<\/ul>\n<\/li>\n<\/ul>\n","protected":false},"excerpt":{"rendered":"<h3 class=\"keypoints__title\">Les points cl\u00e9s<\/h3>\n<ul>\n<li class=\"keypoints__item\">Pose libre avec panneau de commande invisible<\/li>\n<li class=\"keypoints__item\">L x H x P : 60 x 85 x 60 cm<\/li>\n<li class=\"keypoints__item\">tr\u00e8s silencieux 41 dB &#8211; Conso D<\/li>\n<li class=\"keypoints__item\">Rangement couverts : Tiroir<\/li>\n<li class=\"keypoints__item keypoints__item--advantage\"><strong>Le + :<\/strong>\u00a0l&rsquo;option vapeur permet une diminution de 40% des r\u00e9sidus d&rsquo;eau sur votre vaisselle.<\/li>\n<\/ul>\n","protected":false},"featured_media":18399,"comment_status":"open","ping_status":"closed","template":"","meta":[],"product_cat":[174],"product_tag":[],"class_list":{"0":"post-18380","1":"product","2":"type-product","3":"status-publish","4":"has-post-thumbnail","6":"product_cat-lave-vaisselle","8":"first","9":"instock","10":"sale","11":"shipping-taxable","12":"purchasable","13":"product-type-simple","14":"col-xs-6 col-sm-4","15":"col-md-3 col-lg-3","16":"un-4-cols"},"yoast_head":"<!-- This site is optimized with the Yoast SEO plugin v27.0 - https:\/\/yoast.com\/product\/yoast-seo-wordpress\/ -->\n<title>Lave vaisselle 60 cm Lg DF425HSS DirectDrive Truesteam - Eurosdiscounts.com- Achat sur Internet a prix discount, Canap\u00e9s pas cher, Smartphone pas cher, pc portable pas cher..<\/title>\n<meta name=\"description\" content=\"Lave vaisselle 60 cm Lg DF425HSS DirectDrive Truesteam\" \/>\n<meta name=\"robots\" content=\"index, follow, max-snippet:-1, max-image-preview:large, max-video-preview:-1\" \/>\n<link rel=\"canonical\" href=\"https:\/\/eurosdiscounts.com\/index.php\/produit\/lave-vaisselle-60-cm-lg-df425hss-directdrive-truesteam\/\" \/>\n<meta property=\"og:locale\" content=\"fr_FR\" \/>\n<meta property=\"og:type\" content=\"article\" \/>\n<meta property=\"og:title\" content=\"Lave vaisselle 60 cm Lg DF425HSS DirectDrive Truesteam - Eurosdiscounts.com- Achat sur Internet a prix discount, Canap\u00e9s pas cher, Smartphone pas cher, pc portable pas cher..\" \/>\n<meta property=\"og:description\" content=\"Lave vaisselle 60 cm Lg DF425HSS DirectDrive Truesteam\" \/>\n<meta property=\"og:url\" content=\"https:\/\/eurosdiscounts.com\/index.php\/produit\/lave-vaisselle-60-cm-lg-df425hss-directdrive-truesteam\/\" \/>\n<meta property=\"og:site_name\" content=\"Eurosdiscounts.com- Achat sur Internet a prix discount, Canap\u00e9s pas cher, Smartphone pas cher, pc portable pas cher..\" \/>\n<meta property=\"og:image\" content=\"https:\/\/eurosdiscounts.com\/wp-content\/uploads\/2022\/06\/8806091070784_h_f_l_0.jpg\" \/>\n\t<meta property=\"og:image:width\" content=\"500\" \/>\n\t<meta property=\"og:image:height\" content=\"500\" \/>\n\t<meta property=\"og:image:type\" content=\"image\/jpeg\" \/>\n<meta name=\"twitter:card\" content=\"summary_large_image\" \/>\n<meta name=\"twitter:label1\" content=\"Dur\u00e9e de lecture estim\u00e9e\" \/>\n\t<meta name=\"twitter:data1\" content=\"3 minutes\" \/>\n<script type=\"application\/ld+json\" class=\"yoast-schema-graph\">{\"@context\":\"https:\/\/schema.org\",\"@graph\":[{\"@type\":\"WebPage\",\"@id\":\"https:\/\/eurosdiscounts.com\/index.php\/produit\/lave-vaisselle-60-cm-lg-df425hss-directdrive-truesteam\/\",\"url\":\"https:\/\/eurosdiscounts.com\/index.php\/produit\/lave-vaisselle-60-cm-lg-df425hss-directdrive-truesteam\/\",\"name\":\"Lave vaisselle 60 cm Lg DF425HSS DirectDrive Truesteam - Eurosdiscounts.com- Achat sur Internet a prix discount, Canap\u00e9s pas cher, Smartphone pas cher, pc portable pas cher..\",\"isPartOf\":{\"@id\":\"https:\/\/eurosdiscounts.com\/#website\"},\"primaryImageOfPage\":{\"@id\":\"https:\/\/eurosdiscounts.com\/index.php\/produit\/lave-vaisselle-60-cm-lg-df425hss-directdrive-truesteam\/#primaryimage\"},\"image\":{\"@id\":\"https:\/\/eurosdiscounts.com\/index.php\/produit\/lave-vaisselle-60-cm-lg-df425hss-directdrive-truesteam\/#primaryimage\"},\"thumbnailUrl\":\"https:\/\/eurosdiscounts.com\/wp-content\/uploads\/2022\/06\/8806091070784_h_f_l_0.jpg\",\"datePublished\":\"2022-06-09T17:16:01+00:00\",\"description\":\"Lave vaisselle 60 cm Lg DF425HSS DirectDrive Truesteam\",\"breadcrumb\":{\"@id\":\"https:\/\/eurosdiscounts.com\/index.php\/produit\/lave-vaisselle-60-cm-lg-df425hss-directdrive-truesteam\/#breadcrumb\"},\"inLanguage\":\"fr-FR\",\"potentialAction\":[{\"@type\":\"ReadAction\",\"target\":[\"https:\/\/eurosdiscounts.com\/index.php\/produit\/lave-vaisselle-60-cm-lg-df425hss-directdrive-truesteam\/\"]}]},{\"@type\":\"ImageObject\",\"inLanguage\":\"fr-FR\",\"@id\":\"https:\/\/eurosdiscounts.com\/index.php\/produit\/lave-vaisselle-60-cm-lg-df425hss-directdrive-truesteam\/#primaryimage\",\"url\":\"https:\/\/eurosdiscounts.com\/wp-content\/uploads\/2022\/06\/8806091070784_h_f_l_0.jpg\",\"contentUrl\":\"https:\/\/eurosdiscounts.com\/wp-content\/uploads\/2022\/06\/8806091070784_h_f_l_0.jpg\",\"width\":500,\"height\":500},{\"@type\":\"BreadcrumbList\",\"@id\":\"https:\/\/eurosdiscounts.com\/index.php\/produit\/lave-vaisselle-60-cm-lg-df425hss-directdrive-truesteam\/#breadcrumb\",\"itemListElement\":[{\"@type\":\"ListItem\",\"position\":1,\"name\":\"Accueil\",\"item\":\"https:\/\/eurosdiscounts.com\/\"},{\"@type\":\"ListItem\",\"position\":2,\"name\":\"Boutique\",\"item\":\"https:\/\/eurosdiscounts.com\/index.php\/boutique\/\"},{\"@type\":\"ListItem\",\"position\":3,\"name\":\"Lave vaisselle 60 cm Lg DF425HSS DirectDrive Truesteam\"}]},{\"@type\":\"WebSite\",\"@id\":\"https:\/\/eurosdiscounts.com\/#website\",\"url\":\"https:\/\/eurosdiscounts.com\/\",\"name\":\"Eurosdiscounts.com- Achat sur Internet a prix discount, Canap\u00e9s pas cher, Smartphone pas cher, pc portable pas cher..\",\"description\":\"Eurosdiscounts.com- Achat sur Internet a prix discount, Canap\u00e9s pas cher, Smartphone pas cher, pc portable pas cher..\",\"potentialAction\":[{\"@type\":\"SearchAction\",\"target\":{\"@type\":\"EntryPoint\",\"urlTemplate\":\"https:\/\/eurosdiscounts.com\/?s={search_term_string}\"},\"query-input\":{\"@type\":\"PropertyValueSpecification\",\"valueRequired\":true,\"valueName\":\"search_term_string\"}}],\"inLanguage\":\"fr-FR\"}]}<\/script>\n<!-- \/ Yoast SEO plugin. -->","yoast_head_json":{"title":"Lave vaisselle 60 cm Lg DF425HSS DirectDrive Truesteam - Eurosdiscounts.com- Achat sur Internet a prix discount, Canap\u00e9s pas cher, Smartphone pas cher, pc portable pas cher..","description":"Lave vaisselle 60 cm Lg DF425HSS DirectDrive Truesteam","robots":{"index":"index","follow":"follow","max-snippet":"max-snippet:-1","max-image-preview":"max-image-preview:large","max-video-preview":"max-video-preview:-1"},"canonical":"https:\/\/eurosdiscounts.com\/index.php\/produit\/lave-vaisselle-60-cm-lg-df425hss-directdrive-truesteam\/","og_locale":"fr_FR","og_type":"article","og_title":"Lave vaisselle 60 cm Lg DF425HSS DirectDrive Truesteam - Eurosdiscounts.com- Achat sur Internet a prix discount, Canap\u00e9s pas cher, Smartphone pas cher, pc portable pas cher..","og_description":"Lave vaisselle 60 cm Lg DF425HSS DirectDrive Truesteam","og_url":"https:\/\/eurosdiscounts.com\/index.php\/produit\/lave-vaisselle-60-cm-lg-df425hss-directdrive-truesteam\/","og_site_name":"Eurosdiscounts.com- Achat sur Internet a prix discount, Canap\u00e9s pas cher, Smartphone pas cher, pc portable pas cher..","og_image":[{"width":500,"height":500,"url":"https:\/\/eurosdiscounts.com\/wp-content\/uploads\/2022\/06\/8806091070784_h_f_l_0.jpg","type":"image\/jpeg"}],"twitter_card":"summary_large_image","twitter_misc":{"Dur\u00e9e de lecture estim\u00e9e":"3 minutes"},"schema":{"@context":"https:\/\/schema.org","@graph":[{"@type":"WebPage","@id":"https:\/\/eurosdiscounts.com\/index.php\/produit\/lave-vaisselle-60-cm-lg-df425hss-directdrive-truesteam\/","url":"https:\/\/eurosdiscounts.com\/index.php\/produit\/lave-vaisselle-60-cm-lg-df425hss-directdrive-truesteam\/","name":"Lave vaisselle 60 cm Lg DF425HSS DirectDrive Truesteam - Eurosdiscounts.com- Achat sur Internet a prix discount, Canap\u00e9s pas cher, Smartphone pas cher, pc portable pas cher..","isPartOf":{"@id":"https:\/\/eurosdiscounts.com\/#website"},"primaryImageOfPage":{"@id":"https:\/\/eurosdiscounts.com\/index.php\/produit\/lave-vaisselle-60-cm-lg-df425hss-directdrive-truesteam\/#primaryimage"},"image":{"@id":"https:\/\/eurosdiscounts.com\/index.php\/produit\/lave-vaisselle-60-cm-lg-df425hss-directdrive-truesteam\/#primaryimage"},"thumbnailUrl":"https:\/\/eurosdiscounts.com\/wp-content\/uploads\/2022\/06\/8806091070784_h_f_l_0.jpg","datePublished":"2022-06-09T17:16:01+00:00","description":"Lave vaisselle 60 cm Lg DF425HSS DirectDrive Truesteam","breadcrumb":{"@id":"https:\/\/eurosdiscounts.com\/index.php\/produit\/lave-vaisselle-60-cm-lg-df425hss-directdrive-truesteam\/#breadcrumb"},"inLanguage":"fr-FR","potentialAction":[{"@type":"ReadAction","target":["https:\/\/eurosdiscounts.com\/index.php\/produit\/lave-vaisselle-60-cm-lg-df425hss-directdrive-truesteam\/"]}]},{"@type":"ImageObject","inLanguage":"fr-FR","@id":"https:\/\/eurosdiscounts.com\/index.php\/produit\/lave-vaisselle-60-cm-lg-df425hss-directdrive-truesteam\/#primaryimage","url":"https:\/\/eurosdiscounts.com\/wp-content\/uploads\/2022\/06\/8806091070784_h_f_l_0.jpg","contentUrl":"https:\/\/eurosdiscounts.com\/wp-content\/uploads\/2022\/06\/8806091070784_h_f_l_0.jpg","width":500,"height":500},{"@type":"BreadcrumbList","@id":"https:\/\/eurosdiscounts.com\/index.php\/produit\/lave-vaisselle-60-cm-lg-df425hss-directdrive-truesteam\/#breadcrumb","itemListElement":[{"@type":"ListItem","position":1,"name":"Accueil","item":"https:\/\/eurosdiscounts.com\/"},{"@type":"ListItem","position":2,"name":"Boutique","item":"https:\/\/eurosdiscounts.com\/index.php\/boutique\/"},{"@type":"ListItem","position":3,"name":"Lave vaisselle 60 cm Lg DF425HSS DirectDrive Truesteam"}]},{"@type":"WebSite","@id":"https:\/\/eurosdiscounts.com\/#website","url":"https:\/\/eurosdiscounts.com\/","name":"Eurosdiscounts.com- Achat sur Internet a prix discount, Canap\u00e9s pas cher, Smartphone pas cher, pc portable pas cher..","description":"Eurosdiscounts.com- Achat sur Internet a prix discount, Canap\u00e9s pas cher, Smartphone pas cher, pc portable pas cher..","potentialAction":[{"@type":"SearchAction","target":{"@type":"EntryPoint","urlTemplate":"https:\/\/eurosdiscounts.com\/?s={search_term_string}"},"query-input":{"@type":"PropertyValueSpecification","valueRequired":true,"valueName":"search_term_string"}}],"inLanguage":"fr-FR"}]}},"_links":{"self":[{"href":"https:\/\/eurosdiscounts.com\/index.php\/wp-json\/wp\/v2\/product\/18380","targetHints":{"allow":["GET"]}}],"collection":[{"href":"https:\/\/eurosdiscounts.com\/index.php\/wp-json\/wp\/v2\/product"}],"about":[{"href":"https:\/\/eurosdiscounts.com\/index.php\/wp-json\/wp\/v2\/types\/product"}],"replies":[{"embeddable":true,"href":"https:\/\/eurosdiscounts.com\/index.php\/wp-json\/wp\/v2\/comments?post=18380"}],"wp:featuredmedia":[{"embeddable":true,"href":"https:\/\/eurosdiscounts.com\/index.php\/wp-json\/wp\/v2\/media\/18399"}],"wp:attachment":[{"href":"https:\/\/eurosdiscounts.com\/index.php\/wp-json\/wp\/v2\/media?parent=18380"}],"wp:term":[{"taxonomy":"product_cat","embeddable":true,"href":"https:\/\/eurosdiscounts.com\/index.php\/wp-json\/wp\/v2\/product_cat?post=18380"},{"taxonomy":"product_tag","embeddable":true,"href":"https:\/\/eurosdiscounts.com\/index.php\/wp-json\/wp\/v2\/product_tag?post=18380"}],"curies":[{"name":"wp","href":"https:\/\/api.w.org\/{rel}","templated":true}]}}