{"id":18365,"date":"2022-06-09T19:05:03","date_gmt":"2022-06-09T17:05:03","guid":{"rendered":"https:\/\/eurosdiscounts.com\/?post_type=product&#038;p=18365"},"modified":"2022-06-09T19:05:04","modified_gmt":"2022-06-09T17:05:04","slug":"mini-lave-vaisselle-daan-tech-bob-pack-premium-rouge","status":"publish","type":"product","link":"https:\/\/eurosdiscounts.com\/index.php\/produit\/mini-lave-vaisselle-daan-tech-bob-pack-premium-rouge\/","title":{"rendered":"Mini lave vaisselle Daan tech Bob &#8211; Pack Premium rouge"},"content":{"rendered":"<ul class=\"product-features__list\">\n<li class=\"feature-item\">\n<h3 class=\"feature-item__title\">Installation<\/h3>\n<ul>\n<li class=\"feature-item__content\"><span class=\"is--bold\">Avantage compact :<\/span>\u00a0Convient pour les petits espaces.<\/li>\n<li class=\"feature-item__content\"><span class=\"is--bold\">Top amovible :<\/span>\u00a0Non<\/li>\n<li class=\"feature-item__content\"><span class=\"is--bold\">Pieds r\u00e9glables :<\/span>\u00a0Oui<\/li>\n<li class=\"feature-item__content\"><span class=\"is--bold\">Porte d&rsquo;habillage :<\/span>\u00a0Elle n&rsquo;est pas n\u00e9cessaire pour cet appareil<\/li>\n<\/ul>\n<\/li>\n<li class=\"feature-item\">\n<h3 class=\"feature-item__title\">Confort sonore<\/h3>\n<ul>\n<li class=\"feature-item__content\"><span class=\"is--bold\">Classe \u00e9mission de bruit 2021 :<\/span>\u00a0B<\/li>\n<li class=\"feature-item__content\"><span class=\"is--bold\">Niveau sonore (dB) :<\/span>\u00a043 dB<\/li>\n<li class=\"feature-item__content\"><span class=\"is--bold\">Programme diff\u00e9r\u00e9 :<\/span>\u00a0Sans d\u00e9part diff\u00e9r\u00e9<\/li>\n<\/ul>\n<\/li>\n<li class=\"feature-item\">\n<h3 class=\"feature-item__title\">S\u00e9chage<\/h3>\n<ul>\n<li class=\"feature-item__content\"><span class=\"is--bold\">Ouverture automatique de la porte :<\/span>\u00a0Oui<\/li>\n<li class=\"feature-item__content\"><span class=\"is--bold\">Avantage de l&rsquo;ouverture automatique de la porte :<\/span>\u00a0Apr\u00e8s le cycle de lavage , la porte du lave vaisselle s&rsquo;ouvre automatiquement pour laisser la vapeur s&rsquo;\u00e9chapper. Cela permet \u00e0 l&rsquo;air de p\u00e9n\u00e9trer \u00e0 l&rsquo;int\u00e9rieur et de s\u00e9cher les ustensiles, plats et couverts.<\/li>\n<\/ul>\n<\/li>\n<li class=\"feature-item\">\n<h3 class=\"feature-item__title\">Am\u00e9nagement int\u00e9rieur<\/h3>\n<ul>\n<li class=\"feature-item__content\"><span class=\"is--bold\">Nombre de couverts :<\/span>\u00a02<\/li>\n<li class=\"feature-item__content\"><span class=\"is--bold\">Panier \u00e0 couverts :<\/span>\u00a01<\/li>\n<li class=\"feature-item__content\"><span class=\"is--bold\">Emplacement du panier \u00e0 couverts :<\/span>\u00a0Modulable<\/li>\n<li class=\"feature-item__content\"><span class=\"is--bold\">Tiroir \u00e0 couverts :<\/span>\u00a0Non<\/li>\n<li class=\"feature-item__content\"><span class=\"is--bold\">Picots rabattables :<\/span>\u00a0Oui<\/li>\n<li class=\"feature-item__content\"><span class=\"is--bold\">Support \u00e0 verres rabattable :<\/span>\u00a0Oui<\/li>\n<\/ul>\n<\/li>\n<li class=\"feature-item\">\n<h3 class=\"feature-item__title\">Programmes<\/h3>\n<ul>\n<li class=\"feature-item__content\"><span class=\"is--bold\">Nombre de programmes :<\/span>\u00a06<\/li>\n<li class=\"feature-item__content\"><span class=\"is--bold\">D\u00e9tails des programmes et temp\u00e9ratures :<\/span>\u00a0Verres : 15 min \/ 1,9L Express : 20 min \/ 2,9L Quotidien : 50 min \/ 3,9L Intensif : 91 min \/ 3,9L Eco : 90 min \/ 3,9L UVC : cycle sans eau \/ st\u00e9rilisation par rayons ultraviolet<\/li>\n<\/ul>\n<\/li>\n<li class=\"feature-item\">\n<h3 class=\"feature-item__title\">Praticit\u00e9<\/h3>\n<ul>\n<li class=\"feature-item__content\"><span class=\"is--bold\">Affichage du temps restant :<\/span>\u00a0Oui<\/li>\n<li class=\"feature-item__content\"><span class=\"is--bold\">Connect\u00e9 :<\/span>\u00a0Oui<\/li>\n<li class=\"feature-item__content\"><span class=\"is--bold\">Eclairage int\u00e9rieur :<\/span>\u00a0Oui<\/li>\n<li class=\"feature-item__content\"><span class=\"is--bold\">Dosage automatique :<\/span>\u00a0Oui<\/li>\n<\/ul>\n<\/li>\n<li class=\"feature-item\">\n<h3 class=\"feature-item__title\">Connect\u00e9<\/h3>\n<ul>\n<li class=\"feature-item__content\"><span class=\"is--bold\">Alertes sur les consommations, le niveau de sel et de liquide de rin\u00e7age :<\/span>\u00a0Oui<\/li>\n<li class=\"feature-item__content\"><span class=\"is--bold\">Des programmes additionnels disponibles (dont souvent un programme Silence) :<\/span>\u00a0Oui<\/li>\n<\/ul>\n<\/li>\n<li class=\"feature-item\">\n<h3 class=\"feature-item__title\">Consommation et \u00e9conomie d&rsquo;\u00e9nergie<\/h3>\n<ul>\n<li class=\"feature-item__content\"><span class=\"is--bold\">Energie label 2021 :<\/span>\u00a0F<\/li>\n<li class=\"feature-item__content\"><span class=\"is--bold\">Conso moyenne d&rsquo;eau par cycle :<\/span>\u00a02,9 L<\/li>\n<li class=\"feature-item__content\"><span class=\"is--bold\">Consommation d&rsquo;eau annuelle :<\/span>\u00a01.064 L<\/li>\n<li class=\"feature-item__content\"><span class=\"is--bold\">Consommation d&rsquo;\u00e9nergie annuelle :<\/span>\u00a098 kWh\/an<\/li>\n<li class=\"feature-item__content\"><span class=\"is--bold\">Co\u00fbt annuel d&rsquo;utilisation (pour 280 cycles de lavage par an) :<\/span>\u00a019 euros<\/li>\n<li class=\"feature-item__content\"><span class=\"is--bold\">Co\u00fbt annuel de consommation (base de calcul) :<\/span>\u00a0Sur la base de 280 cycles de lavages avec 0.1503 euros\/Kwh d&rsquo;electricit\u00e9 et 0.0038 euros\/Litre d&rsquo;eau<\/li>\n<li class=\"feature-item__content\"><span class=\"is--bold\">Raccordement eau chaude ou eau froide :<\/span>\u00a0Oui<\/li>\n<li class=\"feature-item__content\"><span class=\"is--bold\">Dur\u00e9e du cycle \u00e9co en minutes :<\/span>\u00a090<\/li>\n<\/ul>\n<\/li>\n<li class=\"feature-item\">\n<h3 class=\"feature-item__title\">Conception<\/h3>\n<ul>\n<li class=\"feature-item__content\"><span class=\"is--bold\">Paroi de la cuve :<\/span>\u00a0Plastique<\/li>\n<li class=\"feature-item__content\"><span class=\"is--bold\">Avantage du plastique :<\/span>\u00a0Le polypropyl\u00e8ne est un mat\u00e9riau qui isole du bruit et de la chaleur pour votre confort<\/li>\n<\/ul>\n<\/li>\n<li class=\"feature-item\">\n<h3 class=\"feature-item__title\">Contenu du carton<\/h3>\n<ul>\n<li class=\"feature-item__content\"><span class=\"is--bold\">Livr\u00e9 avec :<\/span>\u00a0Notice, Cordon d&rsquo;alimentation d&rsquo;eau, Cordon d&rsquo;\u00e9vacuation d&rsquo;eau, Cordon d&rsquo;alimentation \u00e9lectrique, Panier \u00e0 couverts<\/li>\n<li class=\"feature-item__content\"><span class=\"is--bold\">Accessoire(s) suppl\u00e9mentaires(s) :<\/span>\u00a01 x Bob easywater pour le relier \u00e0 une arriv\u00e9e d&rsquo;eau 1 x Bob carafe 1 x Pack extraglass pour laver jusqu&rsquo;\u00e0 16 verres 1 x Compilation Bob cassette (soit 90+1 cycles) 1 x tuyau de vidange avec Bob easyfix pour fixer le tuyau de vidange \u00e0 votre \u00e9vier<\/li>\n<\/ul>\n<\/li>\n<li class=\"feature-item\">\n<h3 class=\"feature-item__title\">Dimensions<\/h3>\n<ul>\n<li class=\"feature-item__content\"><span class=\"is--bold\">Longueur du cordon \u00e9lectrique :<\/span>\u00a0150 cm<\/li>\n<li class=\"feature-item__content\"><span class=\"is--bold\">Poids net :<\/span>\u00a010,9 kg<\/li>\n<li class=\"feature-item__content\"><span class=\"is--bold\">Poids brut :<\/span>\u00a015,0 kg<\/li>\n<li class=\"feature-item__content\"><span class=\"is--bold\">L x H x P :<\/span>\u00a034 x 49 x 49 cm<\/li>\n<\/ul>\n<\/li>\n<li class=\"feature-item\">\n<h3 class=\"feature-item__title\">Informations et Services<\/h3>\n<ul>\n<li class=\"feature-item__content\"><span class=\"is--bold\">Fabriqu\u00e9 en :<\/span>\u00a0France<\/li>\n<li class=\"feature-item__content\"><span class=\"is--bold\">Garantie :<\/span>\u00a02 ans<\/li>\n<li class=\"feature-item__content\"><span class=\"is--bold\">Disponibilit\u00e9 des pi\u00e8ces d\u00e9tach\u00e9es (donn\u00e9es fournisseur) :<\/span>\u00a0Pendant 11 ans, \u00e0 compter de la date d&rsquo;achat<\/li>\n<\/ul>\n<\/li>\n<\/ul>\n","protected":false},"excerpt":{"rendered":"<h3 class=\"keypoints__title\">Les points cl\u00e9s<\/h3>\n<ul>\n<li class=\"keypoints__item\">A poser sur un plan de travail<\/li>\n<li class=\"keypoints__item\">L x H x P : 34 x 49 x 49 cm<\/li>\n<li class=\"keypoints__item\">tr\u00e8s silencieux 43 dB &#8211; Conso F<\/li>\n<li class=\"keypoints__item\">Rangement couverts : Panier<\/li>\n<li class=\"keypoints__item keypoints__item--advantage\"><strong>Le + :<\/strong>\u00a0bob est le premier lave-vaisselle autonome et ultra-compact adapt\u00e9 aux petits espaces.<\/li>\n<\/ul>\n","protected":false},"featured_media":18366,"comment_status":"open","ping_status":"closed","template":"","meta":[],"product_cat":[174],"product_tag":[],"class_list":{"0":"post-18365","1":"product","2":"type-product","3":"status-publish","4":"has-post-thumbnail","6":"product_cat-lave-vaisselle","8":"first","9":"instock","10":"sale","11":"shipping-taxable","12":"purchasable","13":"product-type-simple","14":"col-xs-6 col-sm-4","15":"col-md-3 col-lg-3","16":"un-4-cols"},"yoast_head":"<!-- This site is optimized with the Yoast SEO plugin v27.0 - https:\/\/yoast.com\/product\/yoast-seo-wordpress\/ -->\n<title>Mini lave vaisselle Daan tech Bob - Pack Premium rouge - Eurosdiscounts.com- Achat sur Internet a prix discount, Canap\u00e9s pas cher, Smartphone pas cher, pc portable pas cher..<\/title>\n<meta name=\"description\" content=\"Mini lave vaisselle Daan tech Bob - Pack Premium rouge\" \/>\n<meta name=\"robots\" content=\"index, follow, max-snippet:-1, max-image-preview:large, max-video-preview:-1\" \/>\n<link rel=\"canonical\" href=\"https:\/\/eurosdiscounts.com\/index.php\/produit\/mini-lave-vaisselle-daan-tech-bob-pack-premium-rouge\/\" \/>\n<meta property=\"og:locale\" content=\"fr_FR\" \/>\n<meta property=\"og:type\" content=\"article\" \/>\n<meta property=\"og:title\" content=\"Mini lave vaisselle Daan tech Bob - Pack Premium rouge - Eurosdiscounts.com- Achat sur Internet a prix discount, Canap\u00e9s pas cher, Smartphone pas cher, pc portable pas cher..\" \/>\n<meta property=\"og:description\" content=\"Mini lave vaisselle Daan tech Bob - Pack Premium rouge\" \/>\n<meta property=\"og:url\" content=\"https:\/\/eurosdiscounts.com\/index.php\/produit\/mini-lave-vaisselle-daan-tech-bob-pack-premium-rouge\/\" \/>\n<meta property=\"og:site_name\" content=\"Eurosdiscounts.com- Achat sur Internet a prix discount, Canap\u00e9s pas cher, Smartphone pas cher, pc portable pas cher..\" \/>\n<meta property=\"article:modified_time\" content=\"2022-06-09T17:05:04+00:00\" \/>\n<meta property=\"og:image\" content=\"https:\/\/eurosdiscounts.com\/wp-content\/uploads\/2022\/06\/3770017814095_h_f_l_0.webp\" \/>\n\t<meta property=\"og:image:width\" content=\"500\" \/>\n\t<meta property=\"og:image:height\" content=\"500\" \/>\n\t<meta property=\"og:image:type\" content=\"image\/webp\" \/>\n<meta name=\"twitter:card\" content=\"summary_large_image\" \/>\n<meta name=\"twitter:label1\" content=\"Dur\u00e9e de lecture estim\u00e9e\" \/>\n\t<meta name=\"twitter:data1\" content=\"3 minutes\" \/>\n<script type=\"application\/ld+json\" class=\"yoast-schema-graph\">{\"@context\":\"https:\/\/schema.org\",\"@graph\":[{\"@type\":\"WebPage\",\"@id\":\"https:\/\/eurosdiscounts.com\/index.php\/produit\/mini-lave-vaisselle-daan-tech-bob-pack-premium-rouge\/\",\"url\":\"https:\/\/eurosdiscounts.com\/index.php\/produit\/mini-lave-vaisselle-daan-tech-bob-pack-premium-rouge\/\",\"name\":\"Mini lave vaisselle Daan tech Bob - Pack Premium rouge - Eurosdiscounts.com- Achat sur Internet a prix discount, Canap\u00e9s pas cher, Smartphone pas cher, pc portable pas cher..\",\"isPartOf\":{\"@id\":\"https:\/\/eurosdiscounts.com\/#website\"},\"primaryImageOfPage\":{\"@id\":\"https:\/\/eurosdiscounts.com\/index.php\/produit\/mini-lave-vaisselle-daan-tech-bob-pack-premium-rouge\/#primaryimage\"},\"image\":{\"@id\":\"https:\/\/eurosdiscounts.com\/index.php\/produit\/mini-lave-vaisselle-daan-tech-bob-pack-premium-rouge\/#primaryimage\"},\"thumbnailUrl\":\"https:\/\/eurosdiscounts.com\/wp-content\/uploads\/2022\/06\/3770017814095_h_f_l_0.webp\",\"datePublished\":\"2022-06-09T17:05:03+00:00\",\"dateModified\":\"2022-06-09T17:05:04+00:00\",\"description\":\"Mini lave vaisselle Daan tech Bob - Pack Premium rouge\",\"breadcrumb\":{\"@id\":\"https:\/\/eurosdiscounts.com\/index.php\/produit\/mini-lave-vaisselle-daan-tech-bob-pack-premium-rouge\/#breadcrumb\"},\"inLanguage\":\"fr-FR\",\"potentialAction\":[{\"@type\":\"ReadAction\",\"target\":[\"https:\/\/eurosdiscounts.com\/index.php\/produit\/mini-lave-vaisselle-daan-tech-bob-pack-premium-rouge\/\"]}]},{\"@type\":\"ImageObject\",\"inLanguage\":\"fr-FR\",\"@id\":\"https:\/\/eurosdiscounts.com\/index.php\/produit\/mini-lave-vaisselle-daan-tech-bob-pack-premium-rouge\/#primaryimage\",\"url\":\"https:\/\/eurosdiscounts.com\/wp-content\/uploads\/2022\/06\/3770017814095_h_f_l_0.webp\",\"contentUrl\":\"https:\/\/eurosdiscounts.com\/wp-content\/uploads\/2022\/06\/3770017814095_h_f_l_0.webp\",\"width\":500,\"height\":500},{\"@type\":\"BreadcrumbList\",\"@id\":\"https:\/\/eurosdiscounts.com\/index.php\/produit\/mini-lave-vaisselle-daan-tech-bob-pack-premium-rouge\/#breadcrumb\",\"itemListElement\":[{\"@type\":\"ListItem\",\"position\":1,\"name\":\"Accueil\",\"item\":\"https:\/\/eurosdiscounts.com\/\"},{\"@type\":\"ListItem\",\"position\":2,\"name\":\"Boutique\",\"item\":\"https:\/\/eurosdiscounts.com\/index.php\/boutique\/\"},{\"@type\":\"ListItem\",\"position\":3,\"name\":\"Mini lave vaisselle Daan tech Bob &#8211; Pack Premium rouge\"}]},{\"@type\":\"WebSite\",\"@id\":\"https:\/\/eurosdiscounts.com\/#website\",\"url\":\"https:\/\/eurosdiscounts.com\/\",\"name\":\"Eurosdiscounts.com- Achat sur Internet a prix discount, Canap\u00e9s pas cher, Smartphone pas cher, pc portable pas cher..\",\"description\":\"Eurosdiscounts.com- Achat sur Internet a prix discount, Canap\u00e9s pas cher, Smartphone pas cher, pc portable pas cher..\",\"potentialAction\":[{\"@type\":\"SearchAction\",\"target\":{\"@type\":\"EntryPoint\",\"urlTemplate\":\"https:\/\/eurosdiscounts.com\/?s={search_term_string}\"},\"query-input\":{\"@type\":\"PropertyValueSpecification\",\"valueRequired\":true,\"valueName\":\"search_term_string\"}}],\"inLanguage\":\"fr-FR\"}]}<\/script>\n<!-- \/ Yoast SEO plugin. -->","yoast_head_json":{"title":"Mini lave vaisselle Daan tech Bob - Pack Premium rouge - Eurosdiscounts.com- Achat sur Internet a prix discount, Canap\u00e9s pas cher, Smartphone pas cher, pc portable pas cher..","description":"Mini lave vaisselle Daan tech Bob - Pack Premium rouge","robots":{"index":"index","follow":"follow","max-snippet":"max-snippet:-1","max-image-preview":"max-image-preview:large","max-video-preview":"max-video-preview:-1"},"canonical":"https:\/\/eurosdiscounts.com\/index.php\/produit\/mini-lave-vaisselle-daan-tech-bob-pack-premium-rouge\/","og_locale":"fr_FR","og_type":"article","og_title":"Mini lave vaisselle Daan tech Bob - Pack Premium rouge - Eurosdiscounts.com- Achat sur Internet a prix discount, Canap\u00e9s pas cher, Smartphone pas cher, pc portable pas cher..","og_description":"Mini lave vaisselle Daan tech Bob - Pack Premium rouge","og_url":"https:\/\/eurosdiscounts.com\/index.php\/produit\/mini-lave-vaisselle-daan-tech-bob-pack-premium-rouge\/","og_site_name":"Eurosdiscounts.com- Achat sur Internet a prix discount, Canap\u00e9s pas cher, Smartphone pas cher, pc portable pas cher..","article_modified_time":"2022-06-09T17:05:04+00:00","og_image":[{"width":500,"height":500,"url":"https:\/\/eurosdiscounts.com\/wp-content\/uploads\/2022\/06\/3770017814095_h_f_l_0.webp","type":"image\/webp"}],"twitter_card":"summary_large_image","twitter_misc":{"Dur\u00e9e de lecture estim\u00e9e":"3 minutes"},"schema":{"@context":"https:\/\/schema.org","@graph":[{"@type":"WebPage","@id":"https:\/\/eurosdiscounts.com\/index.php\/produit\/mini-lave-vaisselle-daan-tech-bob-pack-premium-rouge\/","url":"https:\/\/eurosdiscounts.com\/index.php\/produit\/mini-lave-vaisselle-daan-tech-bob-pack-premium-rouge\/","name":"Mini lave vaisselle Daan tech Bob - Pack Premium rouge - Eurosdiscounts.com- Achat sur Internet a prix discount, Canap\u00e9s pas cher, Smartphone pas cher, pc portable pas cher..","isPartOf":{"@id":"https:\/\/eurosdiscounts.com\/#website"},"primaryImageOfPage":{"@id":"https:\/\/eurosdiscounts.com\/index.php\/produit\/mini-lave-vaisselle-daan-tech-bob-pack-premium-rouge\/#primaryimage"},"image":{"@id":"https:\/\/eurosdiscounts.com\/index.php\/produit\/mini-lave-vaisselle-daan-tech-bob-pack-premium-rouge\/#primaryimage"},"thumbnailUrl":"https:\/\/eurosdiscounts.com\/wp-content\/uploads\/2022\/06\/3770017814095_h_f_l_0.webp","datePublished":"2022-06-09T17:05:03+00:00","dateModified":"2022-06-09T17:05:04+00:00","description":"Mini lave vaisselle Daan tech Bob - Pack Premium rouge","breadcrumb":{"@id":"https:\/\/eurosdiscounts.com\/index.php\/produit\/mini-lave-vaisselle-daan-tech-bob-pack-premium-rouge\/#breadcrumb"},"inLanguage":"fr-FR","potentialAction":[{"@type":"ReadAction","target":["https:\/\/eurosdiscounts.com\/index.php\/produit\/mini-lave-vaisselle-daan-tech-bob-pack-premium-rouge\/"]}]},{"@type":"ImageObject","inLanguage":"fr-FR","@id":"https:\/\/eurosdiscounts.com\/index.php\/produit\/mini-lave-vaisselle-daan-tech-bob-pack-premium-rouge\/#primaryimage","url":"https:\/\/eurosdiscounts.com\/wp-content\/uploads\/2022\/06\/3770017814095_h_f_l_0.webp","contentUrl":"https:\/\/eurosdiscounts.com\/wp-content\/uploads\/2022\/06\/3770017814095_h_f_l_0.webp","width":500,"height":500},{"@type":"BreadcrumbList","@id":"https:\/\/eurosdiscounts.com\/index.php\/produit\/mini-lave-vaisselle-daan-tech-bob-pack-premium-rouge\/#breadcrumb","itemListElement":[{"@type":"ListItem","position":1,"name":"Accueil","item":"https:\/\/eurosdiscounts.com\/"},{"@type":"ListItem","position":2,"name":"Boutique","item":"https:\/\/eurosdiscounts.com\/index.php\/boutique\/"},{"@type":"ListItem","position":3,"name":"Mini lave vaisselle Daan tech Bob &#8211; Pack Premium rouge"}]},{"@type":"WebSite","@id":"https:\/\/eurosdiscounts.com\/#website","url":"https:\/\/eurosdiscounts.com\/","name":"Eurosdiscounts.com- Achat sur Internet a prix discount, Canap\u00e9s pas cher, Smartphone pas cher, pc portable pas cher..","description":"Eurosdiscounts.com- Achat sur Internet a prix discount, Canap\u00e9s pas cher, Smartphone pas cher, pc portable pas cher..","potentialAction":[{"@type":"SearchAction","target":{"@type":"EntryPoint","urlTemplate":"https:\/\/eurosdiscounts.com\/?s={search_term_string}"},"query-input":{"@type":"PropertyValueSpecification","valueRequired":true,"valueName":"search_term_string"}}],"inLanguage":"fr-FR"}]}},"_links":{"self":[{"href":"https:\/\/eurosdiscounts.com\/index.php\/wp-json\/wp\/v2\/product\/18365","targetHints":{"allow":["GET"]}}],"collection":[{"href":"https:\/\/eurosdiscounts.com\/index.php\/wp-json\/wp\/v2\/product"}],"about":[{"href":"https:\/\/eurosdiscounts.com\/index.php\/wp-json\/wp\/v2\/types\/product"}],"replies":[{"embeddable":true,"href":"https:\/\/eurosdiscounts.com\/index.php\/wp-json\/wp\/v2\/comments?post=18365"}],"wp:featuredmedia":[{"embeddable":true,"href":"https:\/\/eurosdiscounts.com\/index.php\/wp-json\/wp\/v2\/media\/18366"}],"wp:attachment":[{"href":"https:\/\/eurosdiscounts.com\/index.php\/wp-json\/wp\/v2\/media?parent=18365"}],"wp:term":[{"taxonomy":"product_cat","embeddable":true,"href":"https:\/\/eurosdiscounts.com\/index.php\/wp-json\/wp\/v2\/product_cat?post=18365"},{"taxonomy":"product_tag","embeddable":true,"href":"https:\/\/eurosdiscounts.com\/index.php\/wp-json\/wp\/v2\/product_tag?post=18365"}],"curies":[{"name":"wp","href":"https:\/\/api.w.org\/{rel}","templated":true}]}}