{"id":18239,"date":"2022-05-10T02:03:22","date_gmt":"2022-05-10T00:03:22","guid":{"rendered":"https:\/\/eurosdiscounts.com\/?post_type=product&#038;p=18239"},"modified":"2023-03-28T23:06:01","modified_gmt":"2023-03-28T21:06:01","slug":"canape-lit-clic-clac-3-places-avec-coffre-de-rangement-noa-coloris-beige","status":"publish","type":"product","link":"https:\/\/eurosdiscounts.com\/index.php\/produit\/canape-lit-clic-clac-3-places-avec-coffre-de-rangement-noa-coloris-beige\/","title":{"rendered":"Canap\u00e9 lit clic-clac 3 places avec coffre de rangement noa coloris beige"},"content":{"rendered":"<div class=\"detailCaracts\">\n<table class=\"productSpecifications\">\n<tbody>\n<tr>\n<td class=\"titleCaract\" colspan=\"2\">\n<h3 class=\"typo-chapeau exergue\">Description<\/h3>\n<\/td>\n<\/tr>\n<tr class=\"col\">\n<td><span class=\"typo-paragraphe exergue\">M\u00e9canisme banquette<\/span><\/td>\n<td class=\"typo-paragraphe\">clic clac<\/td>\n<\/tr>\n<tr class=\"col\">\n<td><span class=\"typo-paragraphe exergue\">Nombre de places<\/span><\/td>\n<td class=\"typo-paragraphe\">3 pl<\/td>\n<\/tr>\n<tr class=\"col\">\n<td><span class=\"typo-paragraphe exergue\">D\u00e9houssable<\/span><\/td>\n<td class=\"typo-paragraphe\">Non<\/td>\n<\/tr>\n<tr class=\"col\">\n<td><span class=\"typo-paragraphe exergue\">Coffre de rangement<\/span><\/td>\n<td class=\"typo-paragraphe\">Oui<\/td>\n<\/tr>\n<tr class=\"col\">\n<td><span class=\"typo-paragraphe exergue\">Type de couchage<\/span><\/td>\n<td class=\"typo-paragraphe\">Occasionnel<\/td>\n<\/tr>\n<tr class=\"col col-last\">\n<td><span class=\"typo-paragraphe exergue\">Type<\/span><\/td>\n<td class=\"typo-paragraphe\">Si\u00e8ge complet<\/td>\n<\/tr>\n<\/tbody>\n<\/table>\n<\/div>\n<div class=\"detailCaracts\">\n<table class=\"productSpecifications\">\n<tbody>\n<tr>\n<td class=\"titleCaract\" colspan=\"2\">\n<h3 class=\"typo-chapeau exergue\">Mati\u00e8res et finitions<\/h3>\n<\/td>\n<\/tr>\n<tr class=\"col\">\n<td><span class=\"typo-paragraphe exergue\">Rev\u00eatement couette\/assise<\/span><\/td>\n<td class=\"typo-paragraphe\">100% polyester<\/td>\n<\/tr>\n<tr class=\"col\">\n<td><span class=\"typo-paragraphe exergue\">Mati\u00e8re garnissage<\/span><\/td>\n<td class=\"typo-paragraphe\">Mousse<\/td>\n<\/tr>\n<tr class=\"col\">\n<td><span class=\"typo-paragraphe exergue\">Densit\u00e9 garnissage assise<\/span><\/td>\n<td class=\"typo-paragraphe\">50 kg\/m3<\/td>\n<\/tr>\n<tr class=\"col\">\n<td><span class=\"typo-paragraphe exergue\">Mati\u00e8re structure<\/span><\/td>\n<td class=\"typo-paragraphe\">Bois pin<\/td>\n<\/tr>\n<tr class=\"col\">\n<td><span class=\"typo-paragraphe exergue\">Mati\u00e8re pieds<\/span><\/td>\n<td class=\"typo-paragraphe\">Bois<\/td>\n<\/tr>\n<tr class=\"col col-last\">\n<td><span class=\"typo-paragraphe exergue\">Technologie matelas<\/span><\/td>\n<td class=\"typo-paragraphe\">Mousse<\/td>\n<\/tr>\n<\/tbody>\n<\/table>\n<\/div>\n<div class=\"detailCaracts\">\n<table class=\"productSpecifications\">\n<tbody>\n<tr>\n<td class=\"titleCaract\" colspan=\"2\">\n<h3 class=\"typo-chapeau exergue\">Coloris<\/h3>\n<\/td>\n<\/tr>\n<tr class=\"col\">\n<td><span class=\"typo-paragraphe exergue\">Couleur<\/span><\/td>\n<td class=\"typo-paragraphe\">Beige<\/td>\n<\/tr>\n<tr class=\"col col-last\">\n<td><span class=\"typo-paragraphe exergue\">Coloris<\/span><\/td>\n<td class=\"typo-paragraphe\">beige<\/td>\n<\/tr>\n<\/tbody>\n<\/table>\n<\/div>\n<div class=\"detailCaracts\">\n<table class=\"productSpecifications\">\n<tbody>\n<tr>\n<td class=\"titleCaract\" colspan=\"2\">\n<h3 class=\"typo-chapeau exergue\">Dimensions et poids<\/h3>\n<\/td>\n<\/tr>\n<tr class=\"col\">\n<td><span class=\"typo-paragraphe exergue\">Largeur<\/span><\/td>\n<td class=\"typo-paragraphe\">204 cm<\/td>\n<\/tr>\n<tr class=\"col\">\n<td><span class=\"typo-paragraphe exergue\">Hauteur<\/span><\/td>\n<td class=\"typo-paragraphe\">85 cm<\/td>\n<\/tr>\n<tr class=\"col\">\n<td><span class=\"typo-paragraphe exergue\">Profondeur<\/span><\/td>\n<td class=\"typo-paragraphe\">81 cm<\/td>\n<\/tr>\n<tr class=\"col\">\n<td><span class=\"typo-paragraphe exergue\">Dimension couchage (cm : larg. x long. x epaiss.)<\/span><\/td>\n<td class=\"typo-paragraphe\">190 x 110 cm<\/td>\n<\/tr>\n<tr class=\"col\">\n<td><span class=\"typo-paragraphe exergue\">Dimension colis<\/span><\/td>\n<td class=\"typo-paragraphe\">L.184 x H.28 x P.114 cm<\/td>\n<\/tr>\n<tr class=\"col col-last\">\n<td><span class=\"typo-paragraphe exergue\">Poids total colis<\/span><\/td>\n<td class=\"typo-paragraphe\">51 kg<\/td>\n<\/tr>\n<\/tbody>\n<\/table>\n<\/div>\n<div class=\"detailCaracts\">\n<table class=\"productSpecifications\">\n<tbody>\n<tr>\n<td class=\"titleCaract\" colspan=\"2\">\n<h3 class=\"typo-chapeau exergue\">Services<\/h3>\n<\/td>\n<\/tr>\n<tr class=\"col\">\n<td><span class=\"typo-paragraphe exergue\">Garantie<\/span><\/td>\n<td class=\"typo-paragraphe\">GAR 2 ANS PIECES<\/td>\n<\/tr>\n<tr class=\"col col-last\">\n<td><span class=\"typo-paragraphe exergue\">Disponibilit\u00e9 pi\u00e8ces d\u00e9tach\u00e9es<\/span><\/td>\n<td class=\"typo-paragraphe\">Non disponible<\/td>\n<\/tr>\n<\/tbody>\n<\/table>\n<\/div>\n","protected":false},"excerpt":{"rendered":"<div class=\"essential-content\">\n<div class=\"essential-infos\">\n<ul>\n<li>Coffre de rangement : Oui<\/li>\n<li>Type de couchage : Occasionnel<\/li>\n<\/ul>\n<\/div>\n<\/div>\n<div class=\"desc-content\">\n<h3 class=\"costum-list-style\">Description du produit<\/h3>\n<p class=\"normal\"><span style=\"color: #333333;\"><span style=\"font-family: Arial;\"><span style=\"font-size: small;\">Le canap\u00e9-lit clic-clac NOA \u00e0 l\u2019inspiration nordique donne de l\u2019allure \u00e0 votre salon. En coton et polyester coloris beige, ses capitons confortables accueillent jusqu\u2019\u00e0 trois personnes. De plus, son dossier poss\u00e8de trois positions d\u2019inclinaison pour un maximum de confort. Robuste, gr\u00e2ce \u00e0 sa structure en pin, son pi\u00e9tement en bois impose une bonne stabilit\u00e9 autant qu\u2019un ton tr\u00e8s tendance. Fonctionnel, il se transforme rapidement en lit et poss\u00e8de \u00e9galement un coffre de rangement, id\u00e9al pour y glisser des draps ou une couette. Il existe en coloris gris.<\/span><\/span><\/span><\/p>\n<h3 class=\"costum-list-style\">Conseils d&rsquo;utilisation<\/h3>\n<p class=\"normal\"><span style=\"color: #333333; font-family: Arial; font-size: small;\">Vous pouvez compl\u00e9ter votre salon avec les tables basses gigognes OSTENDE.<\/span><\/p>\n<h3 class=\"costum-list-style\">Bon \u00e0 savoir<\/h3>\n<p class=\"normal\">\n<p><span style=\"color: #333333; font-family: Arial; font-size: small;\">Dimensions :<br \/>\nLargeur : 204 cm<br \/>\nHauteur : 85 cm<br \/>\nProfondeur : 81 cm<br \/>\nDimension couchage : 190 x 110 cm<\/span><\/p>\n<p><span style=\"color: #333333; font-family: Arial; font-size: small;\">Composition :<br \/>\nRev\u00eatement : coton\/polyester<br \/>\nMati\u00e8re garnissage : mousse<br \/>\nRev\u00eatement assise : 100 % polyester<br \/>\nMati\u00e8re pieds : bois<br \/>\nMati\u00e8re structure : bois pin<\/span><\/p>\n<p><span style=\"color: #333333; font-family: Arial; font-size: small;\">Colisage :<br \/>\nPoids total colis : 51 kg<br \/>\nDimension colis : 184 x 28 x 114 cm<\/span><\/p>\n<p>&nbsp;<\/p>\n<h3 class=\"costum-list-style\">Pr\u00e9caution d&#8217;emploi<\/h3>\n<p class=\"normal\"><span style=\"color: #333333; font-family: Arial; font-size: small;\">Toutes les deux semaines environ pour d\u00e9poussi\u00e9rer la surface de votre canap\u00e9, passez un coup d\u2019aspirateur. \u00c9vitez de r\u00e9gler votre aspirateur \u00e0 la puissance maximale. Pour ne pas ab\u00eemer le tissu, optez pour la brosse souple de l\u2019aspirateur. Resserrez les vis quand n\u00e9cessaire pour une qualit\u00e9 optimale. Prot\u00e9gez vos sols avec des prot\u00e8ge-sols autocollants.<\/span><\/p>\n<\/div>\n","protected":false},"featured_media":18240,"comment_status":"open","ping_status":"closed","template":"","meta":[],"product_cat":[248],"product_tag":[],"class_list":{"0":"post-18239","1":"product","2":"type-product","3":"status-publish","4":"has-post-thumbnail","6":"product_cat-clic-clac","8":"first","9":"instock","10":"sale","11":"shipping-taxable","12":"purchasable","13":"product-type-simple","14":"col-xs-6 col-sm-4","15":"col-md-3 col-lg-3","16":"un-4-cols"},"yoast_head":"<!-- This site is optimized with the Yoast SEO plugin v27.0 - https:\/\/yoast.com\/product\/yoast-seo-wordpress\/ -->\n<title>Canap\u00e9 lit clic-clac 3 places avec coffre de rangement noa coloris beige - Eurosdiscounts.com- Achat sur Internet a prix discount, Canap\u00e9s pas cher, Smartphone pas cher, pc portable pas cher..<\/title>\n<meta name=\"description\" content=\"Canap\u00e9 lit clic-clac 3 places avec coffre de rangement noa coloris beige\" \/>\n<meta name=\"robots\" content=\"index, follow, max-snippet:-1, max-image-preview:large, max-video-preview:-1\" \/>\n<link rel=\"canonical\" href=\"https:\/\/eurosdiscounts.com\/index.php\/produit\/canape-lit-clic-clac-3-places-avec-coffre-de-rangement-noa-coloris-beige\/\" \/>\n<meta property=\"og:locale\" content=\"fr_FR\" \/>\n<meta property=\"og:type\" content=\"article\" \/>\n<meta property=\"og:title\" content=\"Canap\u00e9 lit clic-clac 3 places avec coffre de rangement noa coloris beige - Eurosdiscounts.com- Achat sur Internet a prix discount, Canap\u00e9s pas cher, Smartphone pas cher, pc portable pas cher..\" \/>\n<meta property=\"og:description\" content=\"Canap\u00e9 lit clic-clac 3 places avec coffre de rangement noa coloris beige\" \/>\n<meta property=\"og:url\" content=\"https:\/\/eurosdiscounts.com\/index.php\/produit\/canape-lit-clic-clac-3-places-avec-coffre-de-rangement-noa-coloris-beige\/\" \/>\n<meta property=\"og:site_name\" content=\"Eurosdiscounts.com- Achat sur Internet a prix discount, Canap\u00e9s pas cher, Smartphone pas cher, pc portable pas cher..\" \/>\n<meta property=\"article:modified_time\" content=\"2023-03-28T21:06:01+00:00\" \/>\n<meta property=\"og:image\" content=\"https:\/\/eurosdiscounts.com\/wp-content\/uploads\/2022\/05\/G_680391_A.jpg\" \/>\n\t<meta property=\"og:image:width\" content=\"800\" \/>\n\t<meta property=\"og:image:height\" content=\"600\" \/>\n\t<meta property=\"og:image:type\" content=\"image\/jpeg\" \/>\n<meta name=\"twitter:card\" content=\"summary_large_image\" \/>\n<meta name=\"twitter:label1\" content=\"Dur\u00e9e de lecture estim\u00e9e\" \/>\n\t<meta name=\"twitter:data1\" content=\"1 minute\" \/>\n<script type=\"application\/ld+json\" class=\"yoast-schema-graph\">{\"@context\":\"https:\/\/schema.org\",\"@graph\":[{\"@type\":\"WebPage\",\"@id\":\"https:\/\/eurosdiscounts.com\/index.php\/produit\/canape-lit-clic-clac-3-places-avec-coffre-de-rangement-noa-coloris-beige\/\",\"url\":\"https:\/\/eurosdiscounts.com\/index.php\/produit\/canape-lit-clic-clac-3-places-avec-coffre-de-rangement-noa-coloris-beige\/\",\"name\":\"Canap\u00e9 lit clic-clac 3 places avec coffre de rangement noa coloris beige - Eurosdiscounts.com- Achat sur Internet a prix discount, Canap\u00e9s pas cher, Smartphone pas cher, pc portable pas cher..\",\"isPartOf\":{\"@id\":\"https:\/\/eurosdiscounts.com\/#website\"},\"primaryImageOfPage\":{\"@id\":\"https:\/\/eurosdiscounts.com\/index.php\/produit\/canape-lit-clic-clac-3-places-avec-coffre-de-rangement-noa-coloris-beige\/#primaryimage\"},\"image\":{\"@id\":\"https:\/\/eurosdiscounts.com\/index.php\/produit\/canape-lit-clic-clac-3-places-avec-coffre-de-rangement-noa-coloris-beige\/#primaryimage\"},\"thumbnailUrl\":\"https:\/\/eurosdiscounts.com\/wp-content\/uploads\/2022\/05\/G_680391_A.jpg\",\"datePublished\":\"2022-05-10T00:03:22+00:00\",\"dateModified\":\"2023-03-28T21:06:01+00:00\",\"description\":\"Canap\u00e9 lit clic-clac 3 places avec coffre de rangement noa coloris beige\",\"breadcrumb\":{\"@id\":\"https:\/\/eurosdiscounts.com\/index.php\/produit\/canape-lit-clic-clac-3-places-avec-coffre-de-rangement-noa-coloris-beige\/#breadcrumb\"},\"inLanguage\":\"fr-FR\",\"potentialAction\":[{\"@type\":\"ReadAction\",\"target\":[\"https:\/\/eurosdiscounts.com\/index.php\/produit\/canape-lit-clic-clac-3-places-avec-coffre-de-rangement-noa-coloris-beige\/\"]}]},{\"@type\":\"ImageObject\",\"inLanguage\":\"fr-FR\",\"@id\":\"https:\/\/eurosdiscounts.com\/index.php\/produit\/canape-lit-clic-clac-3-places-avec-coffre-de-rangement-noa-coloris-beige\/#primaryimage\",\"url\":\"https:\/\/eurosdiscounts.com\/wp-content\/uploads\/2022\/05\/G_680391_A.jpg\",\"contentUrl\":\"https:\/\/eurosdiscounts.com\/wp-content\/uploads\/2022\/05\/G_680391_A.jpg\",\"width\":800,\"height\":600},{\"@type\":\"BreadcrumbList\",\"@id\":\"https:\/\/eurosdiscounts.com\/index.php\/produit\/canape-lit-clic-clac-3-places-avec-coffre-de-rangement-noa-coloris-beige\/#breadcrumb\",\"itemListElement\":[{\"@type\":\"ListItem\",\"position\":1,\"name\":\"Accueil\",\"item\":\"https:\/\/eurosdiscounts.com\/\"},{\"@type\":\"ListItem\",\"position\":2,\"name\":\"Boutique\",\"item\":\"https:\/\/eurosdiscounts.com\/index.php\/boutique\/\"},{\"@type\":\"ListItem\",\"position\":3,\"name\":\"Canap\u00e9 lit clic-clac 3 places avec coffre de rangement noa coloris beige\"}]},{\"@type\":\"WebSite\",\"@id\":\"https:\/\/eurosdiscounts.com\/#website\",\"url\":\"https:\/\/eurosdiscounts.com\/\",\"name\":\"Eurosdiscounts.com- Achat sur Internet a prix discount, Canap\u00e9s pas cher, Smartphone pas cher, pc portable pas cher..\",\"description\":\"Eurosdiscounts.com- Achat sur Internet a prix discount, Canap\u00e9s pas cher, Smartphone pas cher, pc portable pas cher..\",\"potentialAction\":[{\"@type\":\"SearchAction\",\"target\":{\"@type\":\"EntryPoint\",\"urlTemplate\":\"https:\/\/eurosdiscounts.com\/?s={search_term_string}\"},\"query-input\":{\"@type\":\"PropertyValueSpecification\",\"valueRequired\":true,\"valueName\":\"search_term_string\"}}],\"inLanguage\":\"fr-FR\"}]}<\/script>\n<!-- \/ Yoast SEO plugin. -->","yoast_head_json":{"title":"Canap\u00e9 lit clic-clac 3 places avec coffre de rangement noa coloris beige - Eurosdiscounts.com- Achat sur Internet a prix discount, Canap\u00e9s pas cher, Smartphone pas cher, pc portable pas cher..","description":"Canap\u00e9 lit clic-clac 3 places avec coffre de rangement noa coloris beige","robots":{"index":"index","follow":"follow","max-snippet":"max-snippet:-1","max-image-preview":"max-image-preview:large","max-video-preview":"max-video-preview:-1"},"canonical":"https:\/\/eurosdiscounts.com\/index.php\/produit\/canape-lit-clic-clac-3-places-avec-coffre-de-rangement-noa-coloris-beige\/","og_locale":"fr_FR","og_type":"article","og_title":"Canap\u00e9 lit clic-clac 3 places avec coffre de rangement noa coloris beige - Eurosdiscounts.com- Achat sur Internet a prix discount, Canap\u00e9s pas cher, Smartphone pas cher, pc portable pas cher..","og_description":"Canap\u00e9 lit clic-clac 3 places avec coffre de rangement noa coloris beige","og_url":"https:\/\/eurosdiscounts.com\/index.php\/produit\/canape-lit-clic-clac-3-places-avec-coffre-de-rangement-noa-coloris-beige\/","og_site_name":"Eurosdiscounts.com- Achat sur Internet a prix discount, Canap\u00e9s pas cher, Smartphone pas cher, pc portable pas cher..","article_modified_time":"2023-03-28T21:06:01+00:00","og_image":[{"width":800,"height":600,"url":"https:\/\/eurosdiscounts.com\/wp-content\/uploads\/2022\/05\/G_680391_A.jpg","type":"image\/jpeg"}],"twitter_card":"summary_large_image","twitter_misc":{"Dur\u00e9e de lecture estim\u00e9e":"1 minute"},"schema":{"@context":"https:\/\/schema.org","@graph":[{"@type":"WebPage","@id":"https:\/\/eurosdiscounts.com\/index.php\/produit\/canape-lit-clic-clac-3-places-avec-coffre-de-rangement-noa-coloris-beige\/","url":"https:\/\/eurosdiscounts.com\/index.php\/produit\/canape-lit-clic-clac-3-places-avec-coffre-de-rangement-noa-coloris-beige\/","name":"Canap\u00e9 lit clic-clac 3 places avec coffre de rangement noa coloris beige - Eurosdiscounts.com- Achat sur Internet a prix discount, Canap\u00e9s pas cher, Smartphone pas cher, pc portable pas cher..","isPartOf":{"@id":"https:\/\/eurosdiscounts.com\/#website"},"primaryImageOfPage":{"@id":"https:\/\/eurosdiscounts.com\/index.php\/produit\/canape-lit-clic-clac-3-places-avec-coffre-de-rangement-noa-coloris-beige\/#primaryimage"},"image":{"@id":"https:\/\/eurosdiscounts.com\/index.php\/produit\/canape-lit-clic-clac-3-places-avec-coffre-de-rangement-noa-coloris-beige\/#primaryimage"},"thumbnailUrl":"https:\/\/eurosdiscounts.com\/wp-content\/uploads\/2022\/05\/G_680391_A.jpg","datePublished":"2022-05-10T00:03:22+00:00","dateModified":"2023-03-28T21:06:01+00:00","description":"Canap\u00e9 lit clic-clac 3 places avec coffre de rangement noa coloris beige","breadcrumb":{"@id":"https:\/\/eurosdiscounts.com\/index.php\/produit\/canape-lit-clic-clac-3-places-avec-coffre-de-rangement-noa-coloris-beige\/#breadcrumb"},"inLanguage":"fr-FR","potentialAction":[{"@type":"ReadAction","target":["https:\/\/eurosdiscounts.com\/index.php\/produit\/canape-lit-clic-clac-3-places-avec-coffre-de-rangement-noa-coloris-beige\/"]}]},{"@type":"ImageObject","inLanguage":"fr-FR","@id":"https:\/\/eurosdiscounts.com\/index.php\/produit\/canape-lit-clic-clac-3-places-avec-coffre-de-rangement-noa-coloris-beige\/#primaryimage","url":"https:\/\/eurosdiscounts.com\/wp-content\/uploads\/2022\/05\/G_680391_A.jpg","contentUrl":"https:\/\/eurosdiscounts.com\/wp-content\/uploads\/2022\/05\/G_680391_A.jpg","width":800,"height":600},{"@type":"BreadcrumbList","@id":"https:\/\/eurosdiscounts.com\/index.php\/produit\/canape-lit-clic-clac-3-places-avec-coffre-de-rangement-noa-coloris-beige\/#breadcrumb","itemListElement":[{"@type":"ListItem","position":1,"name":"Accueil","item":"https:\/\/eurosdiscounts.com\/"},{"@type":"ListItem","position":2,"name":"Boutique","item":"https:\/\/eurosdiscounts.com\/index.php\/boutique\/"},{"@type":"ListItem","position":3,"name":"Canap\u00e9 lit clic-clac 3 places avec coffre de rangement noa coloris beige"}]},{"@type":"WebSite","@id":"https:\/\/eurosdiscounts.com\/#website","url":"https:\/\/eurosdiscounts.com\/","name":"Eurosdiscounts.com- Achat sur Internet a prix discount, Canap\u00e9s pas cher, Smartphone pas cher, pc portable pas cher..","description":"Eurosdiscounts.com- Achat sur Internet a prix discount, Canap\u00e9s pas cher, Smartphone pas cher, pc portable pas cher..","potentialAction":[{"@type":"SearchAction","target":{"@type":"EntryPoint","urlTemplate":"https:\/\/eurosdiscounts.com\/?s={search_term_string}"},"query-input":{"@type":"PropertyValueSpecification","valueRequired":true,"valueName":"search_term_string"}}],"inLanguage":"fr-FR"}]}},"_links":{"self":[{"href":"https:\/\/eurosdiscounts.com\/index.php\/wp-json\/wp\/v2\/product\/18239","targetHints":{"allow":["GET"]}}],"collection":[{"href":"https:\/\/eurosdiscounts.com\/index.php\/wp-json\/wp\/v2\/product"}],"about":[{"href":"https:\/\/eurosdiscounts.com\/index.php\/wp-json\/wp\/v2\/types\/product"}],"replies":[{"embeddable":true,"href":"https:\/\/eurosdiscounts.com\/index.php\/wp-json\/wp\/v2\/comments?post=18239"}],"wp:featuredmedia":[{"embeddable":true,"href":"https:\/\/eurosdiscounts.com\/index.php\/wp-json\/wp\/v2\/media\/18240"}],"wp:attachment":[{"href":"https:\/\/eurosdiscounts.com\/index.php\/wp-json\/wp\/v2\/media?parent=18239"}],"wp:term":[{"taxonomy":"product_cat","embeddable":true,"href":"https:\/\/eurosdiscounts.com\/index.php\/wp-json\/wp\/v2\/product_cat?post=18239"},{"taxonomy":"product_tag","embeddable":true,"href":"https:\/\/eurosdiscounts.com\/index.php\/wp-json\/wp\/v2\/product_tag?post=18239"}],"curies":[{"name":"wp","href":"https:\/\/api.w.org\/{rel}","templated":true}]}}