{"id":18230,"date":"2022-05-10T01:04:52","date_gmt":"2022-05-09T23:04:52","guid":{"rendered":"https:\/\/eurosdiscounts.com\/?post_type=product&#038;p=18230"},"modified":"2022-05-10T01:04:52","modified_gmt":"2022-05-09T23:04:52","slug":"banquette-lit-clic-clac-dunlopillo-toundra-coloris-gris","status":"publish","type":"product","link":"https:\/\/eurosdiscounts.com\/index.php\/produit\/banquette-lit-clic-clac-dunlopillo-toundra-coloris-gris\/","title":{"rendered":"Banquette-lit clic-clac dunlopillo toundra coloris gris"},"content":{"rendered":"<div class=\"detailCaracts\">\n<table class=\"productSpecifications\">\n<tbody>\n<tr>\n<td class=\"titleCaract\" colspan=\"2\">\n<h3 class=\"typo-chapeau exergue\">Description<\/h3>\n<\/td>\n<\/tr>\n<tr class=\"col\">\n<td><span class=\"typo-paragraphe exergue\">M\u00e9canisme banquette<\/span><\/td>\n<td class=\"typo-paragraphe\">clic clac<\/td>\n<\/tr>\n<tr class=\"col\">\n<td><span class=\"typo-paragraphe exergue\">Nombre de places<\/span><\/td>\n<td class=\"typo-paragraphe\">2 pl<\/td>\n<\/tr>\n<tr class=\"col\">\n<td><span class=\"typo-paragraphe exergue\">D\u00e9houssable<\/span><\/td>\n<td class=\"typo-paragraphe\">Oui<\/td>\n<\/tr>\n<tr class=\"col\">\n<td><span class=\"typo-paragraphe exergue\">Coffre de rangement<\/span><\/td>\n<td class=\"typo-paragraphe\">Non<\/td>\n<\/tr>\n<tr class=\"col\">\n<td><span class=\"typo-paragraphe exergue\">Type de couchage<\/span><\/td>\n<td class=\"typo-paragraphe\">Quotidien<\/td>\n<\/tr>\n<tr class=\"col\">\n<td><span class=\"typo-paragraphe exergue\">Type<\/span><\/td>\n<td class=\"typo-paragraphe\">Si\u00e8ge complet<\/td>\n<\/tr>\n<tr class=\"col col-last\">\n<td><span class=\"typo-paragraphe exergue\">Origine de Fabrication<\/span><\/td>\n<td class=\"typo-paragraphe\">France<\/td>\n<\/tr>\n<\/tbody>\n<\/table>\n<\/div>\n<div class=\"detailCaracts\">\n<table class=\"productSpecifications\">\n<tbody>\n<tr>\n<td class=\"titleCaract\" colspan=\"2\">\n<h3 class=\"typo-chapeau exergue\">Mati\u00e8res et finitions<\/h3>\n<\/td>\n<\/tr>\n<tr class=\"col\">\n<td><span class=\"typo-paragraphe exergue\">Rev\u00eatement couette\/assise<\/span><\/td>\n<td class=\"typo-paragraphe\">100% polyester<\/td>\n<\/tr>\n<tr class=\"col\">\n<td><span class=\"typo-paragraphe exergue\">Mati\u00e8re garnissage<\/span><\/td>\n<td class=\"typo-paragraphe\">Mousse DUNLOPILLO et ouate fibres polyester 360g\/m2<\/td>\n<\/tr>\n<tr class=\"col\">\n<td><span class=\"typo-paragraphe exergue\">Densit\u00e9 garnissage assise<\/span><\/td>\n<td class=\"typo-paragraphe\">35 kg\/m3<\/td>\n<\/tr>\n<tr class=\"col\">\n<td><span class=\"typo-paragraphe exergue\">Mati\u00e8re structure<\/span><\/td>\n<td class=\"typo-paragraphe\">Panneau de fibres, suspension 9 lattes multi bouleau<\/td>\n<\/tr>\n<tr class=\"col\">\n<td><span class=\"typo-paragraphe exergue\">Mati\u00e8re pieds<\/span><\/td>\n<td class=\"typo-paragraphe\">Bois h\u00eatre naturel<\/td>\n<\/tr>\n<tr class=\"col\">\n<td><span class=\"typo-paragraphe exergue\">Technologie matelas<\/span><\/td>\n<td class=\"typo-paragraphe\">Mousse DUNLOPILLO HR 35KG\/M3<\/td>\n<\/tr>\n<tr class=\"col col-last\">\n<td><span class=\"typo-paragraphe exergue\">Marque de matelas<\/span><\/td>\n<td class=\"typo-paragraphe\">Dunlopillo<\/td>\n<\/tr>\n<\/tbody>\n<\/table>\n<\/div>\n<div class=\"detailCaracts\">\n<table class=\"productSpecifications\">\n<tbody>\n<tr>\n<td class=\"titleCaract\" colspan=\"2\">\n<h3 class=\"typo-chapeau exergue\">Coloris<\/h3>\n<\/td>\n<\/tr>\n<tr class=\"col col-last\">\n<td><span class=\"typo-paragraphe exergue\">Couleur<\/span><\/td>\n<td class=\"typo-paragraphe\">Gris<\/td>\n<\/tr>\n<\/tbody>\n<\/table>\n<\/div>\n<div class=\"detailCaracts\">\n<table class=\"productSpecifications\">\n<tbody>\n<tr>\n<td class=\"titleCaract\" colspan=\"2\">\n<h3 class=\"typo-chapeau exergue\">Dimensions et poids<\/h3>\n<\/td>\n<\/tr>\n<tr class=\"col\">\n<td><span class=\"typo-paragraphe exergue\">Largeur<\/span><\/td>\n<td class=\"typo-paragraphe\">192 cm<\/td>\n<\/tr>\n<tr class=\"col\">\n<td><span class=\"typo-paragraphe exergue\">Hauteur<\/span><\/td>\n<td class=\"typo-paragraphe\">92 cm<\/td>\n<\/tr>\n<tr class=\"col\">\n<td><span class=\"typo-paragraphe exergue\">Profondeur<\/span><\/td>\n<td class=\"typo-paragraphe\">123 cm<\/td>\n<\/tr>\n<tr class=\"col\">\n<td><span class=\"typo-paragraphe exergue\">Dimension banquette<\/span><\/td>\n<td class=\"typo-paragraphe\">140cm<\/td>\n<\/tr>\n<tr class=\"col\">\n<td><span class=\"typo-paragraphe exergue\">Epaisseur matelas<\/span><\/td>\n<td class=\"typo-paragraphe\">13 cm<\/td>\n<\/tr>\n<tr class=\"col\">\n<td><span class=\"typo-paragraphe exergue\">Dimension couchage (cm : larg. x long. x epaiss.)<\/span><\/td>\n<td class=\"typo-paragraphe\">120 X 188 CM<\/td>\n<\/tr>\n<tr class=\"col\">\n<td><span class=\"typo-paragraphe exergue\">Dimension colis<\/span><\/td>\n<td class=\"typo-paragraphe\">190 x 72 x 50 cm<\/td>\n<\/tr>\n<tr class=\"col col-last\">\n<td><span class=\"typo-paragraphe exergue\">Poids total colis<\/span><\/td>\n<td class=\"typo-paragraphe\">44.05 kg<\/td>\n<\/tr>\n<\/tbody>\n<\/table>\n<\/div>\n<div class=\"detailCaracts\">\n<table class=\"productSpecifications\">\n<tbody>\n<tr>\n<td class=\"titleCaract\" colspan=\"2\">\n<h3 class=\"typo-chapeau exergue\">Services<\/h3>\n<\/td>\n<\/tr>\n<tr class=\"col col-last\">\n<td><span class=\"typo-paragraphe exergue\">Garantie<\/span><\/td>\n<td class=\"typo-paragraphe\">GAR 2 ANS (5 ANS MOUSSE)<\/td>\n<\/tr>\n<\/tbody>\n<\/table>\n<\/div>\n","protected":false},"excerpt":{"rendered":"<div class=\"essential-content\">\n<div class=\"essential-infos\">\n<ul>\n<li>Coffre de rangement : Non<\/li>\n<li>Origine de Fabrication : France<\/li>\n<li>Marque de matelas : Dunlopillo<\/li>\n<li>Type de couchage : Quotidien<\/li>\n<\/ul>\n<\/div>\n<\/div>\n<div class=\"desc-content\">\n<h3 class=\"costum-list-style\">Description du produit<\/h3>\n<p class=\"normal\">\n<p><strong>Craquez pour l&rsquo;\u00e9l\u00e9gance scandinave avec cette banquette clic-clac grise!\u00a0<\/strong>Pli\u00e9e, elle permet de recevoir ais\u00e9ment jusqu&rsquo;\u00e0 trois personnes assises. Sa housse en coton au toucher d\u00e9licat invite \u00e0 une assise douce et moelleuse. En un geste, elle se transforme en un couchage pour deux personnes aussi confortable qu&rsquo;un vrai lit gr\u00e2ce \u00e0 son matelas \u00e0 la technologie mousse Dunlopillo. Sa base et ses quatre pieds en bois de h\u00eatre lui assurent une stabilit\u00e9 parfaite et garantissent un nettoyage facile de votre sol. Id\u00e9ale dans un studio d&rsquo;\u00e9tudiant, un salon ou une chambre d&rsquo;ami, elle va tr\u00e8s vite devenir une pi\u00e8ce ma\u00eetresse de votre int\u00e9rieur!<\/p>\n<p>Pour une ambiance nordique chaleureuse, associez-la \u00e0 la table basse FORZA et au tapis PEAU.<\/p>\n<p>&nbsp;<\/p>\n<p>&nbsp;<\/p>\n<h3 class=\"costum-list-style\">Conseils d&rsquo;utilisation<\/h3>\n<p class=\"normal\">\n<p>Nos conseils:<\/p>\n<p>D\u00e9poussi\u00e9rez r\u00e9guli\u00e8rement et d\u00e9licatement votre canap\u00e9 en tissu \u00e0 l&rsquo;aide de la brosse souple de l&rsquo;aspirateur sur puissance minimale.<\/p>\n<p>Garantie 2 ans pi\u00e8ces<\/p>\n<p>Garantie 5 ans mousse<\/p>\n<\/div>\n","protected":false},"featured_media":18238,"comment_status":"open","ping_status":"closed","template":"","meta":[],"product_cat":[248],"product_tag":[],"class_list":{"0":"post-18230","1":"product","2":"type-product","3":"status-publish","4":"has-post-thumbnail","6":"product_cat-clic-clac","8":"first","9":"instock","10":"sale","11":"shipping-taxable","12":"purchasable","13":"product-type-simple","14":"col-xs-6 col-sm-4","15":"col-md-3 col-lg-3","16":"un-4-cols"},"yoast_head":"<!-- This site is optimized with the Yoast SEO plugin v27.0 - https:\/\/yoast.com\/product\/yoast-seo-wordpress\/ -->\n<title>Banquette-lit clic-clac dunlopillo toundra coloris gris - Eurosdiscounts.com- Achat sur Internet a prix discount, Canap\u00e9s pas cher, Smartphone pas cher, pc portable pas cher..<\/title>\n<meta name=\"description\" content=\"Banquette-lit clic-clac dunlopillo toundra coloris gris\" \/>\n<meta name=\"robots\" content=\"index, follow, max-snippet:-1, max-image-preview:large, max-video-preview:-1\" \/>\n<link rel=\"canonical\" href=\"https:\/\/eurosdiscounts.com\/index.php\/produit\/banquette-lit-clic-clac-dunlopillo-toundra-coloris-gris\/\" \/>\n<meta property=\"og:locale\" content=\"fr_FR\" \/>\n<meta property=\"og:type\" content=\"article\" \/>\n<meta property=\"og:title\" content=\"Banquette-lit clic-clac dunlopillo toundra coloris gris - Eurosdiscounts.com- Achat sur Internet a prix discount, Canap\u00e9s pas cher, Smartphone pas cher, pc portable pas cher..\" \/>\n<meta property=\"og:description\" content=\"Banquette-lit clic-clac dunlopillo toundra coloris gris\" \/>\n<meta property=\"og:url\" content=\"https:\/\/eurosdiscounts.com\/index.php\/produit\/banquette-lit-clic-clac-dunlopillo-toundra-coloris-gris\/\" \/>\n<meta property=\"og:site_name\" content=\"Eurosdiscounts.com- Achat sur Internet a prix discount, Canap\u00e9s pas cher, Smartphone pas cher, pc portable pas cher..\" \/>\n<meta property=\"og:image\" content=\"https:\/\/eurosdiscounts.com\/wp-content\/uploads\/2022\/05\/G_635533_A-1.jpg\" \/>\n\t<meta property=\"og:image:width\" content=\"800\" \/>\n\t<meta property=\"og:image:height\" content=\"600\" \/>\n\t<meta property=\"og:image:type\" content=\"image\/jpeg\" \/>\n<meta name=\"twitter:card\" content=\"summary_large_image\" \/>\n<meta name=\"twitter:label1\" content=\"Dur\u00e9e de lecture estim\u00e9e\" \/>\n\t<meta name=\"twitter:data1\" content=\"1 minute\" \/>\n<script type=\"application\/ld+json\" class=\"yoast-schema-graph\">{\"@context\":\"https:\/\/schema.org\",\"@graph\":[{\"@type\":\"WebPage\",\"@id\":\"https:\/\/eurosdiscounts.com\/index.php\/produit\/banquette-lit-clic-clac-dunlopillo-toundra-coloris-gris\/\",\"url\":\"https:\/\/eurosdiscounts.com\/index.php\/produit\/banquette-lit-clic-clac-dunlopillo-toundra-coloris-gris\/\",\"name\":\"Banquette-lit clic-clac dunlopillo toundra coloris gris - Eurosdiscounts.com- Achat sur Internet a prix discount, Canap\u00e9s pas cher, Smartphone pas cher, pc portable pas cher..\",\"isPartOf\":{\"@id\":\"https:\/\/eurosdiscounts.com\/#website\"},\"primaryImageOfPage\":{\"@id\":\"https:\/\/eurosdiscounts.com\/index.php\/produit\/banquette-lit-clic-clac-dunlopillo-toundra-coloris-gris\/#primaryimage\"},\"image\":{\"@id\":\"https:\/\/eurosdiscounts.com\/index.php\/produit\/banquette-lit-clic-clac-dunlopillo-toundra-coloris-gris\/#primaryimage\"},\"thumbnailUrl\":\"https:\/\/eurosdiscounts.com\/wp-content\/uploads\/2022\/05\/G_635533_A-1.jpg\",\"datePublished\":\"2022-05-09T23:04:52+00:00\",\"description\":\"Banquette-lit clic-clac dunlopillo toundra coloris gris\",\"breadcrumb\":{\"@id\":\"https:\/\/eurosdiscounts.com\/index.php\/produit\/banquette-lit-clic-clac-dunlopillo-toundra-coloris-gris\/#breadcrumb\"},\"inLanguage\":\"fr-FR\",\"potentialAction\":[{\"@type\":\"ReadAction\",\"target\":[\"https:\/\/eurosdiscounts.com\/index.php\/produit\/banquette-lit-clic-clac-dunlopillo-toundra-coloris-gris\/\"]}]},{\"@type\":\"ImageObject\",\"inLanguage\":\"fr-FR\",\"@id\":\"https:\/\/eurosdiscounts.com\/index.php\/produit\/banquette-lit-clic-clac-dunlopillo-toundra-coloris-gris\/#primaryimage\",\"url\":\"https:\/\/eurosdiscounts.com\/wp-content\/uploads\/2022\/05\/G_635533_A-1.jpg\",\"contentUrl\":\"https:\/\/eurosdiscounts.com\/wp-content\/uploads\/2022\/05\/G_635533_A-1.jpg\",\"width\":800,\"height\":600},{\"@type\":\"BreadcrumbList\",\"@id\":\"https:\/\/eurosdiscounts.com\/index.php\/produit\/banquette-lit-clic-clac-dunlopillo-toundra-coloris-gris\/#breadcrumb\",\"itemListElement\":[{\"@type\":\"ListItem\",\"position\":1,\"name\":\"Accueil\",\"item\":\"https:\/\/eurosdiscounts.com\/\"},{\"@type\":\"ListItem\",\"position\":2,\"name\":\"Boutique\",\"item\":\"https:\/\/eurosdiscounts.com\/index.php\/boutique\/\"},{\"@type\":\"ListItem\",\"position\":3,\"name\":\"Banquette-lit clic-clac dunlopillo toundra coloris gris\"}]},{\"@type\":\"WebSite\",\"@id\":\"https:\/\/eurosdiscounts.com\/#website\",\"url\":\"https:\/\/eurosdiscounts.com\/\",\"name\":\"Eurosdiscounts.com- Achat sur Internet a prix discount, Canap\u00e9s pas cher, Smartphone pas cher, pc portable pas cher..\",\"description\":\"Eurosdiscounts.com- Achat sur Internet a prix discount, Canap\u00e9s pas cher, Smartphone pas cher, pc portable pas cher..\",\"potentialAction\":[{\"@type\":\"SearchAction\",\"target\":{\"@type\":\"EntryPoint\",\"urlTemplate\":\"https:\/\/eurosdiscounts.com\/?s={search_term_string}\"},\"query-input\":{\"@type\":\"PropertyValueSpecification\",\"valueRequired\":true,\"valueName\":\"search_term_string\"}}],\"inLanguage\":\"fr-FR\"}]}<\/script>\n<!-- \/ Yoast SEO plugin. -->","yoast_head_json":{"title":"Banquette-lit clic-clac dunlopillo toundra coloris gris - Eurosdiscounts.com- Achat sur Internet a prix discount, Canap\u00e9s pas cher, Smartphone pas cher, pc portable pas cher..","description":"Banquette-lit clic-clac dunlopillo toundra coloris gris","robots":{"index":"index","follow":"follow","max-snippet":"max-snippet:-1","max-image-preview":"max-image-preview:large","max-video-preview":"max-video-preview:-1"},"canonical":"https:\/\/eurosdiscounts.com\/index.php\/produit\/banquette-lit-clic-clac-dunlopillo-toundra-coloris-gris\/","og_locale":"fr_FR","og_type":"article","og_title":"Banquette-lit clic-clac dunlopillo toundra coloris gris - Eurosdiscounts.com- Achat sur Internet a prix discount, Canap\u00e9s pas cher, Smartphone pas cher, pc portable pas cher..","og_description":"Banquette-lit clic-clac dunlopillo toundra coloris gris","og_url":"https:\/\/eurosdiscounts.com\/index.php\/produit\/banquette-lit-clic-clac-dunlopillo-toundra-coloris-gris\/","og_site_name":"Eurosdiscounts.com- Achat sur Internet a prix discount, Canap\u00e9s pas cher, Smartphone pas cher, pc portable pas cher..","og_image":[{"width":800,"height":600,"url":"https:\/\/eurosdiscounts.com\/wp-content\/uploads\/2022\/05\/G_635533_A-1.jpg","type":"image\/jpeg"}],"twitter_card":"summary_large_image","twitter_misc":{"Dur\u00e9e de lecture estim\u00e9e":"1 minute"},"schema":{"@context":"https:\/\/schema.org","@graph":[{"@type":"WebPage","@id":"https:\/\/eurosdiscounts.com\/index.php\/produit\/banquette-lit-clic-clac-dunlopillo-toundra-coloris-gris\/","url":"https:\/\/eurosdiscounts.com\/index.php\/produit\/banquette-lit-clic-clac-dunlopillo-toundra-coloris-gris\/","name":"Banquette-lit clic-clac dunlopillo toundra coloris gris - Eurosdiscounts.com- Achat sur Internet a prix discount, Canap\u00e9s pas cher, Smartphone pas cher, pc portable pas cher..","isPartOf":{"@id":"https:\/\/eurosdiscounts.com\/#website"},"primaryImageOfPage":{"@id":"https:\/\/eurosdiscounts.com\/index.php\/produit\/banquette-lit-clic-clac-dunlopillo-toundra-coloris-gris\/#primaryimage"},"image":{"@id":"https:\/\/eurosdiscounts.com\/index.php\/produit\/banquette-lit-clic-clac-dunlopillo-toundra-coloris-gris\/#primaryimage"},"thumbnailUrl":"https:\/\/eurosdiscounts.com\/wp-content\/uploads\/2022\/05\/G_635533_A-1.jpg","datePublished":"2022-05-09T23:04:52+00:00","description":"Banquette-lit clic-clac dunlopillo toundra coloris gris","breadcrumb":{"@id":"https:\/\/eurosdiscounts.com\/index.php\/produit\/banquette-lit-clic-clac-dunlopillo-toundra-coloris-gris\/#breadcrumb"},"inLanguage":"fr-FR","potentialAction":[{"@type":"ReadAction","target":["https:\/\/eurosdiscounts.com\/index.php\/produit\/banquette-lit-clic-clac-dunlopillo-toundra-coloris-gris\/"]}]},{"@type":"ImageObject","inLanguage":"fr-FR","@id":"https:\/\/eurosdiscounts.com\/index.php\/produit\/banquette-lit-clic-clac-dunlopillo-toundra-coloris-gris\/#primaryimage","url":"https:\/\/eurosdiscounts.com\/wp-content\/uploads\/2022\/05\/G_635533_A-1.jpg","contentUrl":"https:\/\/eurosdiscounts.com\/wp-content\/uploads\/2022\/05\/G_635533_A-1.jpg","width":800,"height":600},{"@type":"BreadcrumbList","@id":"https:\/\/eurosdiscounts.com\/index.php\/produit\/banquette-lit-clic-clac-dunlopillo-toundra-coloris-gris\/#breadcrumb","itemListElement":[{"@type":"ListItem","position":1,"name":"Accueil","item":"https:\/\/eurosdiscounts.com\/"},{"@type":"ListItem","position":2,"name":"Boutique","item":"https:\/\/eurosdiscounts.com\/index.php\/boutique\/"},{"@type":"ListItem","position":3,"name":"Banquette-lit clic-clac dunlopillo toundra coloris gris"}]},{"@type":"WebSite","@id":"https:\/\/eurosdiscounts.com\/#website","url":"https:\/\/eurosdiscounts.com\/","name":"Eurosdiscounts.com- Achat sur Internet a prix discount, Canap\u00e9s pas cher, Smartphone pas cher, pc portable pas cher..","description":"Eurosdiscounts.com- Achat sur Internet a prix discount, Canap\u00e9s pas cher, Smartphone pas cher, pc portable pas cher..","potentialAction":[{"@type":"SearchAction","target":{"@type":"EntryPoint","urlTemplate":"https:\/\/eurosdiscounts.com\/?s={search_term_string}"},"query-input":{"@type":"PropertyValueSpecification","valueRequired":true,"valueName":"search_term_string"}}],"inLanguage":"fr-FR"}]}},"_links":{"self":[{"href":"https:\/\/eurosdiscounts.com\/index.php\/wp-json\/wp\/v2\/product\/18230","targetHints":{"allow":["GET"]}}],"collection":[{"href":"https:\/\/eurosdiscounts.com\/index.php\/wp-json\/wp\/v2\/product"}],"about":[{"href":"https:\/\/eurosdiscounts.com\/index.php\/wp-json\/wp\/v2\/types\/product"}],"replies":[{"embeddable":true,"href":"https:\/\/eurosdiscounts.com\/index.php\/wp-json\/wp\/v2\/comments?post=18230"}],"wp:featuredmedia":[{"embeddable":true,"href":"https:\/\/eurosdiscounts.com\/index.php\/wp-json\/wp\/v2\/media\/18238"}],"wp:attachment":[{"href":"https:\/\/eurosdiscounts.com\/index.php\/wp-json\/wp\/v2\/media?parent=18230"}],"wp:term":[{"taxonomy":"product_cat","embeddable":true,"href":"https:\/\/eurosdiscounts.com\/index.php\/wp-json\/wp\/v2\/product_cat?post=18230"},{"taxonomy":"product_tag","embeddable":true,"href":"https:\/\/eurosdiscounts.com\/index.php\/wp-json\/wp\/v2\/product_tag?post=18230"}],"curies":[{"name":"wp","href":"https:\/\/api.w.org\/{rel}","templated":true}]}}