{"id":18186,"date":"2022-05-09T21:07:31","date_gmt":"2022-05-09T19:07:31","guid":{"rendered":"https:\/\/eurosdiscounts.com\/?post_type=product&#038;p=18186"},"modified":"2022-05-09T21:07:31","modified_gmt":"2022-05-09T19:07:31","slug":"canape-dangle-convertible-4-places-coloris-gris","status":"publish","type":"product","link":"https:\/\/eurosdiscounts.com\/index.php\/produit\/canape-dangle-convertible-4-places-coloris-gris\/","title":{"rendered":"Canap\u00e9 d&rsquo;angle convertible 4 places coloris gris"},"content":{"rendered":"<div class=\"detailCaracts\">\n<table class=\"productSpecifications\">\n<tbody>\n<tr>\n<td class=\"titleCaract\" colspan=\"2\">\n<h3 class=\"typo-chapeau exergue\">Description<\/h3>\n<\/td>\n<\/tr>\n<tr class=\"col\">\n<td><span class=\"typo-paragraphe exergue\">Nombre de places<\/span><\/td>\n<td class=\"typo-paragraphe\">4 pl<\/td>\n<\/tr>\n<tr class=\"col\">\n<td><span class=\"typo-paragraphe exergue\">Type<\/span><\/td>\n<td class=\"typo-paragraphe\">convertible<\/td>\n<\/tr>\n<tr class=\"col\">\n<td><span class=\"typo-paragraphe exergue\">Coffre de rangement<\/span><\/td>\n<td class=\"typo-paragraphe\">Oui<\/td>\n<\/tr>\n<tr class=\"col\">\n<td><span class=\"typo-paragraphe exergue\">Accoudoirs r\u00e9glables<\/span><\/td>\n<td class=\"typo-paragraphe\">Non<\/td>\n<\/tr>\n<tr class=\"col\">\n<td><span class=\"typo-paragraphe exergue\">T\u00e9ti\u00e8res \/ appuie-t\u00eates ajustables<\/span><\/td>\n<td class=\"typo-paragraphe\">Non<\/td>\n<\/tr>\n<tr class=\"col\">\n<td><span class=\"typo-paragraphe exergue\">Coussin(s) cale-reins<\/span><\/td>\n<td class=\"typo-paragraphe\">Non<\/td>\n<\/tr>\n<tr class=\"col\">\n<td><span class=\"typo-paragraphe exergue\">Type<\/span><\/td>\n<td class=\"typo-paragraphe\">Si\u00e8ge complet<\/td>\n<\/tr>\n<tr class=\"col\">\n<td><span class=\"typo-paragraphe exergue\">Cot\u00e9 d&rsquo;angle<\/span><\/td>\n<td class=\"typo-paragraphe\">r\u00e9versible<\/td>\n<\/tr>\n<tr class=\"col\">\n<td><span class=\"typo-paragraphe exergue\">Liseuse<\/span><\/td>\n<td class=\"typo-paragraphe\">non<\/td>\n<\/tr>\n<tr class=\"col\">\n<td><span class=\"typo-paragraphe exergue\">Origine de Fabrication<\/span><\/td>\n<td class=\"typo-paragraphe\">Europe<\/td>\n<\/tr>\n<tr class=\"col col-last\">\n<td><span class=\"typo-paragraphe exergue\">Style<\/span><\/td>\n<td class=\"typo-paragraphe\">Urbain<\/td>\n<\/tr>\n<\/tbody>\n<\/table>\n<\/div>\n<div class=\"detailCaracts\">\n<table class=\"productSpecifications\">\n<tbody>\n<tr>\n<td class=\"titleCaract\" colspan=\"2\">\n<h3 class=\"typo-chapeau exergue\">Coloris<\/h3>\n<\/td>\n<\/tr>\n<tr class=\"col col-last\">\n<td><span class=\"typo-paragraphe exergue\">Coloris<\/span><\/td>\n<td class=\"typo-paragraphe\">gris<\/td>\n<\/tr>\n<\/tbody>\n<\/table>\n<\/div>\n<div class=\"detailCaracts\">\n<table class=\"productSpecifications\">\n<tbody>\n<tr>\n<td class=\"titleCaract\" colspan=\"2\">\n<h3 class=\"typo-chapeau exergue\">Dimensions et poids<\/h3>\n<\/td>\n<\/tr>\n<tr class=\"col\">\n<td><span class=\"typo-paragraphe exergue\">Largeur<\/span><\/td>\n<td class=\"typo-paragraphe\">258.5 cm<\/td>\n<\/tr>\n<tr class=\"col\">\n<td><span class=\"typo-paragraphe exergue\">Hauteur<\/span><\/td>\n<td class=\"typo-paragraphe\">86 cm<\/td>\n<\/tr>\n<tr class=\"col\">\n<td><span class=\"typo-paragraphe exergue\">Profondeur<\/span><\/td>\n<td class=\"typo-paragraphe\">178 cm<\/td>\n<\/tr>\n<tr class=\"col\">\n<td><span class=\"typo-paragraphe exergue\">Dimension couchage (cm : larg. x long. x epaiss.)<\/span><\/td>\n<td class=\"typo-paragraphe\">130.5&#215;206.5&#215;10<\/td>\n<\/tr>\n<tr class=\"col\">\n<td><span class=\"typo-paragraphe exergue\">Epaisseur matelas<\/span><\/td>\n<td class=\"typo-paragraphe\">10 cm<\/td>\n<\/tr>\n<tr class=\"col\">\n<td><span class=\"typo-paragraphe exergue\">Dimension colis<\/span><\/td>\n<td class=\"typo-paragraphe\">136x42x106<\/td>\n<\/tr>\n<tr class=\"col\">\n<td><span class=\"typo-paragraphe exergue\">Dimension colis 2<\/span><\/td>\n<td class=\"typo-paragraphe\">156x57x74<\/td>\n<\/tr>\n<tr class=\"col\">\n<td><span class=\"typo-paragraphe exergue\">Dimension colis 3<\/span><\/td>\n<td class=\"typo-paragraphe\">90x71x57<\/td>\n<\/tr>\n<tr class=\"col col-last\">\n<td><span class=\"typo-paragraphe exergue\">Poids total colis<\/span><\/td>\n<td class=\"typo-paragraphe\">152 kg<\/td>\n<\/tr>\n<\/tbody>\n<\/table>\n<\/div>\n<div class=\"detailCaracts\">\n<table class=\"productSpecifications\">\n<tbody>\n<tr>\n<td class=\"titleCaract\" colspan=\"2\">\n<h3 class=\"typo-chapeau exergue\">Mati\u00e8res et finitions<\/h3>\n<\/td>\n<\/tr>\n<tr class=\"col\">\n<td><span class=\"typo-paragraphe exergue\">Rev\u00eatement<\/span><\/td>\n<td class=\"typo-paragraphe\">Tissu<\/td>\n<\/tr>\n<tr class=\"col\">\n<td><span class=\"typo-paragraphe exergue\">Rev\u00eatement couette\/assise<\/span><\/td>\n<td class=\"typo-paragraphe\">100% polyester<\/td>\n<\/tr>\n<tr class=\"col\">\n<td><span class=\"typo-paragraphe exergue\">Rev\u00eatement caisse<\/span><\/td>\n<td class=\"typo-paragraphe\">100% polyester<\/td>\n<\/tr>\n<tr class=\"col\">\n<td><span class=\"typo-paragraphe exergue\">Mati\u00e8re structure<\/span><\/td>\n<td class=\"typo-paragraphe\">Panneaux de particules et pin<\/td>\n<\/tr>\n<tr class=\"col\">\n<td><span class=\"typo-paragraphe exergue\">Mati\u00e8re pieds<\/span><\/td>\n<td class=\"typo-paragraphe\">Plastique<\/td>\n<\/tr>\n<tr class=\"col\">\n<td><span class=\"typo-paragraphe exergue\">Mati\u00e8re garnissage<\/span><\/td>\n<td class=\"typo-paragraphe\">Mousse polyur\u00e9thane<\/td>\n<\/tr>\n<tr class=\"col\">\n<td><span class=\"typo-paragraphe exergue\">Technologie matelas<\/span><\/td>\n<td class=\"typo-paragraphe\">Mousse polyur\u00e9thane densit\u00e9 20kg\/m3<\/td>\n<\/tr>\n<tr class=\"col\">\n<td><span class=\"typo-paragraphe exergue\">Suspension<\/span><\/td>\n<td class=\"typo-paragraphe\">Ressorts zig-zag<\/td>\n<\/tr>\n<tr class=\"col col-last\">\n<td><span class=\"typo-paragraphe exergue\">Autres teintes disponibles<\/span><\/td>\n<td class=\"typo-paragraphe\">Non<\/td>\n<\/tr>\n<\/tbody>\n<\/table>\n<\/div>\n<div class=\"detailCaracts\">\n<table class=\"productSpecifications\">\n<tbody>\n<tr>\n<td class=\"titleCaract\" colspan=\"2\">\n<h3 class=\"typo-chapeau exergue\">Services<\/h3>\n<\/td>\n<\/tr>\n<tr class=\"col\">\n<td><span class=\"typo-paragraphe exergue\">Garantie<\/span><\/td>\n<td class=\"typo-paragraphe\">GAR 2 ANS PIECES<\/td>\n<\/tr>\n<tr class=\"col col-last\">\n<td><span class=\"typo-paragraphe exergue\">Disponibilit\u00e9 pi\u00e8ces d\u00e9tach\u00e9es<\/span><\/td>\n<td class=\"typo-paragraphe\">Non disponible<\/td>\n<\/tr>\n<\/tbody>\n<\/table>\n<\/div>\n<div class=\"detailCaracts\">\n<table class=\"productSpecifications\">\n<tbody>\n<tr>\n<td class=\"titleCaract\" colspan=\"2\">\n<h3 class=\"typo-chapeau exergue\">Description<\/h3>\n<\/td>\n<\/tr>\n<tr class=\"col col-last\">\n<td><span class=\"typo-paragraphe exergue\">Usage<\/span><\/td>\n<td class=\"typo-paragraphe\">Int\u00e9rieur<\/td>\n<\/tr>\n<\/tbody>\n<\/table>\n<\/div>\n","protected":false},"excerpt":{"rendered":"<ul>\n<li>Type : convertible<\/li>\n<li>Rev\u00eatement : Tissu<\/li>\n<li>Coffre de rangement : Oui<\/li>\n<li>T\u00e9ti\u00e8res \/ appuie-t\u00eates ajustables : Non<\/li>\n<\/ul>\n","protected":false},"featured_media":18194,"comment_status":"open","ping_status":"closed","template":"","meta":[],"product_cat":[214],"product_tag":[],"class_list":{"0":"post-18186","1":"product","2":"type-product","3":"status-publish","4":"has-post-thumbnail","6":"product_cat-canapes","8":"first","9":"instock","10":"sale","11":"shipping-taxable","12":"purchasable","13":"product-type-simple","14":"col-xs-6 col-sm-4","15":"col-md-3 col-lg-3","16":"un-4-cols"},"yoast_head":"<!-- This site is optimized with the Yoast SEO plugin v27.0 - https:\/\/yoast.com\/product\/yoast-seo-wordpress\/ -->\n<title>Canap\u00e9 d&#039;angle convertible 4 places coloris gris - Eurosdiscounts.com- Achat sur Internet a prix discount, Canap\u00e9s pas cher, Smartphone pas cher, pc portable pas cher..<\/title>\n<meta name=\"description\" content=\"Canap\u00e9 d&#039;angle convertible 4 places coloris gris\" \/>\n<meta name=\"robots\" content=\"index, follow, max-snippet:-1, max-image-preview:large, max-video-preview:-1\" \/>\n<link rel=\"canonical\" href=\"https:\/\/eurosdiscounts.com\/index.php\/produit\/canape-dangle-convertible-4-places-coloris-gris\/\" \/>\n<meta property=\"og:locale\" content=\"fr_FR\" \/>\n<meta property=\"og:type\" content=\"article\" \/>\n<meta property=\"og:title\" content=\"Canap\u00e9 d&#039;angle convertible 4 places coloris gris - Eurosdiscounts.com- Achat sur Internet a prix discount, Canap\u00e9s pas cher, Smartphone pas cher, pc portable pas cher..\" \/>\n<meta property=\"og:description\" content=\"Canap\u00e9 d&#039;angle convertible 4 places coloris gris\" \/>\n<meta property=\"og:url\" content=\"https:\/\/eurosdiscounts.com\/index.php\/produit\/canape-dangle-convertible-4-places-coloris-gris\/\" \/>\n<meta property=\"og:site_name\" content=\"Eurosdiscounts.com- Achat sur Internet a prix discount, Canap\u00e9s pas cher, Smartphone pas cher, pc portable pas cher..\" \/>\n<meta property=\"og:image\" content=\"https:\/\/eurosdiscounts.com\/wp-content\/uploads\/2022\/05\/G_718250_A.jpg\" \/>\n\t<meta property=\"og:image:width\" content=\"800\" \/>\n\t<meta property=\"og:image:height\" content=\"600\" \/>\n\t<meta property=\"og:image:type\" content=\"image\/jpeg\" \/>\n<meta name=\"twitter:card\" content=\"summary_large_image\" \/>\n<meta name=\"twitter:label1\" content=\"Dur\u00e9e de lecture estim\u00e9e\" \/>\n\t<meta name=\"twitter:data1\" content=\"1 minute\" \/>\n<script type=\"application\/ld+json\" class=\"yoast-schema-graph\">{\"@context\":\"https:\/\/schema.org\",\"@graph\":[{\"@type\":\"WebPage\",\"@id\":\"https:\/\/eurosdiscounts.com\/index.php\/produit\/canape-dangle-convertible-4-places-coloris-gris\/\",\"url\":\"https:\/\/eurosdiscounts.com\/index.php\/produit\/canape-dangle-convertible-4-places-coloris-gris\/\",\"name\":\"Canap\u00e9 d'angle convertible 4 places coloris gris - Eurosdiscounts.com- Achat sur Internet a prix discount, Canap\u00e9s pas cher, Smartphone pas cher, pc portable pas cher..\",\"isPartOf\":{\"@id\":\"https:\/\/eurosdiscounts.com\/#website\"},\"primaryImageOfPage\":{\"@id\":\"https:\/\/eurosdiscounts.com\/index.php\/produit\/canape-dangle-convertible-4-places-coloris-gris\/#primaryimage\"},\"image\":{\"@id\":\"https:\/\/eurosdiscounts.com\/index.php\/produit\/canape-dangle-convertible-4-places-coloris-gris\/#primaryimage\"},\"thumbnailUrl\":\"https:\/\/eurosdiscounts.com\/wp-content\/uploads\/2022\/05\/G_718250_A.jpg\",\"datePublished\":\"2022-05-09T19:07:31+00:00\",\"description\":\"Canap\u00e9 d'angle convertible 4 places coloris gris\",\"breadcrumb\":{\"@id\":\"https:\/\/eurosdiscounts.com\/index.php\/produit\/canape-dangle-convertible-4-places-coloris-gris\/#breadcrumb\"},\"inLanguage\":\"fr-FR\",\"potentialAction\":[{\"@type\":\"ReadAction\",\"target\":[\"https:\/\/eurosdiscounts.com\/index.php\/produit\/canape-dangle-convertible-4-places-coloris-gris\/\"]}]},{\"@type\":\"ImageObject\",\"inLanguage\":\"fr-FR\",\"@id\":\"https:\/\/eurosdiscounts.com\/index.php\/produit\/canape-dangle-convertible-4-places-coloris-gris\/#primaryimage\",\"url\":\"https:\/\/eurosdiscounts.com\/wp-content\/uploads\/2022\/05\/G_718250_A.jpg\",\"contentUrl\":\"https:\/\/eurosdiscounts.com\/wp-content\/uploads\/2022\/05\/G_718250_A.jpg\",\"width\":800,\"height\":600},{\"@type\":\"BreadcrumbList\",\"@id\":\"https:\/\/eurosdiscounts.com\/index.php\/produit\/canape-dangle-convertible-4-places-coloris-gris\/#breadcrumb\",\"itemListElement\":[{\"@type\":\"ListItem\",\"position\":1,\"name\":\"Accueil\",\"item\":\"https:\/\/eurosdiscounts.com\/\"},{\"@type\":\"ListItem\",\"position\":2,\"name\":\"Boutique\",\"item\":\"https:\/\/eurosdiscounts.com\/index.php\/boutique\/\"},{\"@type\":\"ListItem\",\"position\":3,\"name\":\"Canap\u00e9 d&rsquo;angle convertible 4 places coloris gris\"}]},{\"@type\":\"WebSite\",\"@id\":\"https:\/\/eurosdiscounts.com\/#website\",\"url\":\"https:\/\/eurosdiscounts.com\/\",\"name\":\"Eurosdiscounts.com- Achat sur Internet a prix discount, Canap\u00e9s pas cher, Smartphone pas cher, pc portable pas cher..\",\"description\":\"Eurosdiscounts.com- Achat sur Internet a prix discount, Canap\u00e9s pas cher, Smartphone pas cher, pc portable pas cher..\",\"potentialAction\":[{\"@type\":\"SearchAction\",\"target\":{\"@type\":\"EntryPoint\",\"urlTemplate\":\"https:\/\/eurosdiscounts.com\/?s={search_term_string}\"},\"query-input\":{\"@type\":\"PropertyValueSpecification\",\"valueRequired\":true,\"valueName\":\"search_term_string\"}}],\"inLanguage\":\"fr-FR\"}]}<\/script>\n<!-- \/ Yoast SEO plugin. -->","yoast_head_json":{"title":"Canap\u00e9 d'angle convertible 4 places coloris gris - Eurosdiscounts.com- Achat sur Internet a prix discount, Canap\u00e9s pas cher, Smartphone pas cher, pc portable pas cher..","description":"Canap\u00e9 d'angle convertible 4 places coloris gris","robots":{"index":"index","follow":"follow","max-snippet":"max-snippet:-1","max-image-preview":"max-image-preview:large","max-video-preview":"max-video-preview:-1"},"canonical":"https:\/\/eurosdiscounts.com\/index.php\/produit\/canape-dangle-convertible-4-places-coloris-gris\/","og_locale":"fr_FR","og_type":"article","og_title":"Canap\u00e9 d'angle convertible 4 places coloris gris - Eurosdiscounts.com- Achat sur Internet a prix discount, Canap\u00e9s pas cher, Smartphone pas cher, pc portable pas cher..","og_description":"Canap\u00e9 d'angle convertible 4 places coloris gris","og_url":"https:\/\/eurosdiscounts.com\/index.php\/produit\/canape-dangle-convertible-4-places-coloris-gris\/","og_site_name":"Eurosdiscounts.com- Achat sur Internet a prix discount, Canap\u00e9s pas cher, Smartphone pas cher, pc portable pas cher..","og_image":[{"width":800,"height":600,"url":"https:\/\/eurosdiscounts.com\/wp-content\/uploads\/2022\/05\/G_718250_A.jpg","type":"image\/jpeg"}],"twitter_card":"summary_large_image","twitter_misc":{"Dur\u00e9e de lecture estim\u00e9e":"1 minute"},"schema":{"@context":"https:\/\/schema.org","@graph":[{"@type":"WebPage","@id":"https:\/\/eurosdiscounts.com\/index.php\/produit\/canape-dangle-convertible-4-places-coloris-gris\/","url":"https:\/\/eurosdiscounts.com\/index.php\/produit\/canape-dangle-convertible-4-places-coloris-gris\/","name":"Canap\u00e9 d'angle convertible 4 places coloris gris - Eurosdiscounts.com- Achat sur Internet a prix discount, Canap\u00e9s pas cher, Smartphone pas cher, pc portable pas cher..","isPartOf":{"@id":"https:\/\/eurosdiscounts.com\/#website"},"primaryImageOfPage":{"@id":"https:\/\/eurosdiscounts.com\/index.php\/produit\/canape-dangle-convertible-4-places-coloris-gris\/#primaryimage"},"image":{"@id":"https:\/\/eurosdiscounts.com\/index.php\/produit\/canape-dangle-convertible-4-places-coloris-gris\/#primaryimage"},"thumbnailUrl":"https:\/\/eurosdiscounts.com\/wp-content\/uploads\/2022\/05\/G_718250_A.jpg","datePublished":"2022-05-09T19:07:31+00:00","description":"Canap\u00e9 d'angle convertible 4 places coloris gris","breadcrumb":{"@id":"https:\/\/eurosdiscounts.com\/index.php\/produit\/canape-dangle-convertible-4-places-coloris-gris\/#breadcrumb"},"inLanguage":"fr-FR","potentialAction":[{"@type":"ReadAction","target":["https:\/\/eurosdiscounts.com\/index.php\/produit\/canape-dangle-convertible-4-places-coloris-gris\/"]}]},{"@type":"ImageObject","inLanguage":"fr-FR","@id":"https:\/\/eurosdiscounts.com\/index.php\/produit\/canape-dangle-convertible-4-places-coloris-gris\/#primaryimage","url":"https:\/\/eurosdiscounts.com\/wp-content\/uploads\/2022\/05\/G_718250_A.jpg","contentUrl":"https:\/\/eurosdiscounts.com\/wp-content\/uploads\/2022\/05\/G_718250_A.jpg","width":800,"height":600},{"@type":"BreadcrumbList","@id":"https:\/\/eurosdiscounts.com\/index.php\/produit\/canape-dangle-convertible-4-places-coloris-gris\/#breadcrumb","itemListElement":[{"@type":"ListItem","position":1,"name":"Accueil","item":"https:\/\/eurosdiscounts.com\/"},{"@type":"ListItem","position":2,"name":"Boutique","item":"https:\/\/eurosdiscounts.com\/index.php\/boutique\/"},{"@type":"ListItem","position":3,"name":"Canap\u00e9 d&rsquo;angle convertible 4 places coloris gris"}]},{"@type":"WebSite","@id":"https:\/\/eurosdiscounts.com\/#website","url":"https:\/\/eurosdiscounts.com\/","name":"Eurosdiscounts.com- Achat sur Internet a prix discount, Canap\u00e9s pas cher, Smartphone pas cher, pc portable pas cher..","description":"Eurosdiscounts.com- Achat sur Internet a prix discount, Canap\u00e9s pas cher, Smartphone pas cher, pc portable pas cher..","potentialAction":[{"@type":"SearchAction","target":{"@type":"EntryPoint","urlTemplate":"https:\/\/eurosdiscounts.com\/?s={search_term_string}"},"query-input":{"@type":"PropertyValueSpecification","valueRequired":true,"valueName":"search_term_string"}}],"inLanguage":"fr-FR"}]}},"_links":{"self":[{"href":"https:\/\/eurosdiscounts.com\/index.php\/wp-json\/wp\/v2\/product\/18186","targetHints":{"allow":["GET"]}}],"collection":[{"href":"https:\/\/eurosdiscounts.com\/index.php\/wp-json\/wp\/v2\/product"}],"about":[{"href":"https:\/\/eurosdiscounts.com\/index.php\/wp-json\/wp\/v2\/types\/product"}],"replies":[{"embeddable":true,"href":"https:\/\/eurosdiscounts.com\/index.php\/wp-json\/wp\/v2\/comments?post=18186"}],"wp:featuredmedia":[{"embeddable":true,"href":"https:\/\/eurosdiscounts.com\/index.php\/wp-json\/wp\/v2\/media\/18194"}],"wp:attachment":[{"href":"https:\/\/eurosdiscounts.com\/index.php\/wp-json\/wp\/v2\/media?parent=18186"}],"wp:term":[{"taxonomy":"product_cat","embeddable":true,"href":"https:\/\/eurosdiscounts.com\/index.php\/wp-json\/wp\/v2\/product_cat?post=18186"},{"taxonomy":"product_tag","embeddable":true,"href":"https:\/\/eurosdiscounts.com\/index.php\/wp-json\/wp\/v2\/product_tag?post=18186"}],"curies":[{"name":"wp","href":"https:\/\/api.w.org\/{rel}","templated":true}]}}