{"id":18156,"date":"2022-05-09T19:18:36","date_gmt":"2022-05-09T17:18:36","guid":{"rendered":"https:\/\/eurosdiscounts.com\/?post_type=product&#038;p=18156"},"modified":"2023-03-31T01:51:49","modified_gmt":"2023-03-30T23:51:49","slug":"canape-dangle-panoramique-5-places-willem-coloris-gris","status":"publish","type":"product","link":"https:\/\/eurosdiscounts.com\/index.php\/produit\/canape-dangle-panoramique-5-places-willem-coloris-gris\/","title":{"rendered":"Canap\u00e9 d&rsquo;angle panoramique 5 places willem coloris gris"},"content":{"rendered":"<div class=\"detailCaracts\">\n<table class=\"productSpecifications\">\n<tbody>\n<tr>\n<td class=\"titleCaract\" colspan=\"2\">\n<h3 class=\"typo-chapeau exergue\">Description<\/h3>\n<\/td>\n<\/tr>\n<tr class=\"col\">\n<td><span class=\"typo-paragraphe exergue\">Nombre de places<\/span><\/td>\n<td class=\"typo-paragraphe\">5 pl<\/td>\n<\/tr>\n<tr class=\"col\">\n<td><span class=\"typo-paragraphe exergue\">Type<\/span><\/td>\n<td class=\"typo-paragraphe\">fixe<\/td>\n<\/tr>\n<tr class=\"col\">\n<td><span class=\"typo-paragraphe exergue\">Coffre de rangement<\/span><\/td>\n<td class=\"typo-paragraphe\">Non<\/td>\n<\/tr>\n<tr class=\"col\">\n<td><span class=\"typo-paragraphe exergue\">Accoudoirs r\u00e9glables<\/span><\/td>\n<td class=\"typo-paragraphe\">Non<\/td>\n<\/tr>\n<tr class=\"col\">\n<td><span class=\"typo-paragraphe exergue\">T\u00e9ti\u00e8res \/ appuie-t\u00eates ajustables<\/span><\/td>\n<td class=\"typo-paragraphe\">Non<\/td>\n<\/tr>\n<tr class=\"col\">\n<td><span class=\"typo-paragraphe exergue\">Coussin(s) cale-reins<\/span><\/td>\n<td class=\"typo-paragraphe\">Oui<\/td>\n<\/tr>\n<tr class=\"col\">\n<td><span class=\"typo-paragraphe exergue\">Type<\/span><\/td>\n<td class=\"typo-paragraphe\">Si\u00e8ge complet<\/td>\n<\/tr>\n<tr class=\"col\">\n<td><span class=\"typo-paragraphe exergue\">Cot\u00e9 d&rsquo;angle<\/span><\/td>\n<td class=\"typo-paragraphe\">panoramique<\/td>\n<\/tr>\n<tr class=\"col\">\n<td><span class=\"typo-paragraphe exergue\">Liseuse<\/span><\/td>\n<td class=\"typo-paragraphe\">non<\/td>\n<\/tr>\n<tr class=\"col\">\n<td><span class=\"typo-paragraphe exergue\">Origine de Fabrication<\/span><\/td>\n<td class=\"typo-paragraphe\">Europe<\/td>\n<\/tr>\n<tr class=\"col col-last\">\n<td><span class=\"typo-paragraphe exergue\">Style<\/span><\/td>\n<td class=\"typo-paragraphe\">Urbain<\/td>\n<\/tr>\n<\/tbody>\n<\/table>\n<\/div>\n<div class=\"detailCaracts\">\n<table class=\"productSpecifications\">\n<tbody>\n<tr>\n<td class=\"titleCaract\" colspan=\"2\">\n<h3 class=\"typo-chapeau exergue\">Coloris<\/h3>\n<\/td>\n<\/tr>\n<tr class=\"col col-last\">\n<td><span class=\"typo-paragraphe exergue\">Coloris<\/span><\/td>\n<td class=\"typo-paragraphe\">gris<\/td>\n<\/tr>\n<\/tbody>\n<\/table>\n<\/div>\n<div class=\"detailCaracts\">\n<table class=\"productSpecifications\">\n<tbody>\n<tr>\n<td class=\"titleCaract\" colspan=\"2\">\n<h3 class=\"typo-chapeau exergue\">Dimensions et poids<\/h3>\n<\/td>\n<\/tr>\n<tr class=\"col\">\n<td><span class=\"typo-paragraphe exergue\">Largeur<\/span><\/td>\n<td class=\"typo-paragraphe\">295 cm<\/td>\n<\/tr>\n<tr class=\"col\">\n<td><span class=\"typo-paragraphe exergue\">Hauteur<\/span><\/td>\n<td class=\"typo-paragraphe\">90 cm<\/td>\n<\/tr>\n<tr class=\"col\">\n<td><span class=\"typo-paragraphe exergue\">Profondeur<\/span><\/td>\n<td class=\"typo-paragraphe\">295 cm<\/td>\n<\/tr>\n<tr class=\"col\">\n<td><span class=\"typo-paragraphe exergue\">Dimension colis<\/span><\/td>\n<td class=\"typo-paragraphe\">189x90x109<\/td>\n<\/tr>\n<tr class=\"col\">\n<td><span class=\"typo-paragraphe exergue\">Dimension colis 2<\/span><\/td>\n<td class=\"typo-paragraphe\">189x90x109<\/td>\n<\/tr>\n<tr class=\"col\">\n<td><span class=\"typo-paragraphe exergue\">Dimension colis 3<\/span><\/td>\n<td class=\"typo-paragraphe\">106x90x106<\/td>\n<\/tr>\n<tr class=\"col col-last\">\n<td><span class=\"typo-paragraphe exergue\">Poids total colis<\/span><\/td>\n<td class=\"typo-paragraphe\">160 kg<\/td>\n<\/tr>\n<\/tbody>\n<\/table>\n<\/div>\n<div class=\"detailCaracts\">\n<table class=\"productSpecifications\">\n<tbody>\n<tr>\n<td class=\"titleCaract\" colspan=\"2\">\n<h3 class=\"typo-chapeau exergue\">Mati\u00e8res et finitions<\/h3>\n<\/td>\n<\/tr>\n<tr class=\"col\">\n<td><span class=\"typo-paragraphe exergue\">Rev\u00eatement<\/span><\/td>\n<td class=\"typo-paragraphe\">Tissu<\/td>\n<\/tr>\n<tr class=\"col\">\n<td><span class=\"typo-paragraphe exergue\">Rev\u00eatement couette\/assise<\/span><\/td>\n<td class=\"typo-paragraphe\">100% polyester<\/td>\n<\/tr>\n<tr class=\"col\">\n<td><span class=\"typo-paragraphe exergue\">Rev\u00eatement caisse<\/span><\/td>\n<td class=\"typo-paragraphe\">100% polyester<\/td>\n<\/tr>\n<tr class=\"col\">\n<td><span class=\"typo-paragraphe exergue\">Mati\u00e8re structure<\/span><\/td>\n<td class=\"typo-paragraphe\">Panneaux de fibres et h\u00eatre<\/td>\n<\/tr>\n<tr class=\"col\">\n<td><span class=\"typo-paragraphe exergue\">Mati\u00e8re pieds<\/span><\/td>\n<td class=\"typo-paragraphe\">Bois et plastique<\/td>\n<\/tr>\n<tr class=\"col\">\n<td><span class=\"typo-paragraphe exergue\">Mati\u00e8re garnissage<\/span><\/td>\n<td class=\"typo-paragraphe\">Mousse polyur\u00e9thane et fibres<\/td>\n<\/tr>\n<tr class=\"col\">\n<td><span class=\"typo-paragraphe exergue\">Technologie matelas<\/span><\/td>\n<td class=\"typo-paragraphe\">Mousse polyur\u00e9thane et fibres<\/td>\n<\/tr>\n<tr class=\"col\">\n<td><span class=\"typo-paragraphe exergue\">Suspension<\/span><\/td>\n<td class=\"typo-paragraphe\">Ressorts nosag et sangles \u00e9lastiques<\/td>\n<\/tr>\n<tr class=\"col col-last\">\n<td><span class=\"typo-paragraphe exergue\">Autres teintes disponibles<\/span><\/td>\n<td class=\"typo-paragraphe\">Anthracite, Bleu clair, Bleu fonc\u00e9, Beige, Marron<\/td>\n<\/tr>\n<\/tbody>\n<\/table>\n<\/div>\n<div class=\"detailCaracts\">\n<table class=\"productSpecifications\">\n<tbody>\n<tr>\n<td class=\"titleCaract\" colspan=\"2\">\n<h3 class=\"typo-chapeau exergue\">Services<\/h3>\n<\/td>\n<\/tr>\n<tr class=\"col\">\n<td><span class=\"typo-paragraphe exergue\">Garantie<\/span><\/td>\n<td class=\"typo-paragraphe\">GAR 2 ANS PIECES<\/td>\n<\/tr>\n<tr class=\"col col-last\">\n<td><span class=\"typo-paragraphe exergue\">Disponibilit\u00e9 pi\u00e8ces d\u00e9tach\u00e9es<\/span><\/td>\n<td class=\"typo-paragraphe\">Non disponible<\/td>\n<\/tr>\n<\/tbody>\n<\/table>\n<\/div>\n","protected":false},"excerpt":{"rendered":"<ul>\n<li>Type : fixe<\/li>\n<li>Rev\u00eatement : Tissu<\/li>\n<li>Coffre de rangement : Non<\/li>\n<li>T\u00e9ti\u00e8res \/ appuie-t\u00eates ajustables : Non<\/li>\n<\/ul>\n<h3 class=\"costum-list-style\">Description du produit<\/h3>\n<p class=\"normal\">Alliez design et bien-\u00eatre pour toute la famille avec ce canap\u00e9 d&rsquo;angle panoramique en tissu gris cinq places. G\u00e9n\u00e9reusement garni en mousse Bultex, il assure un confort moelleux et enveloppant. Sa structure et ses pieds en bois de h\u00eatre massif promettent une stabilit\u00e9 et une solidit\u00e9 durables. En bonus ses coussins d\u00e9co sont inclus.<br \/>\nPour une ambiance moderne et chaleureuse, associez votre fauteuil au tapis SAM.<\/p>\n<p>Informations produit<br \/>\nDimensions:<br \/>\n&#8211; Largeur : 295 cm<br \/>\n&#8211; Profondeur : 295 cm<br \/>\n&#8211; Hauteur : 90 cm<\/p>\n<p>Composition\/rev\u00eatement:<br \/>\n&#8211; Assise: tissu<br \/>\n&#8211; Dossier: tissu<br \/>\n&#8211; Garnissage: mousse et mousse Bultex<br \/>\n&#8211; Pi\u00e8tement: plastique et bois<\/p>\n<p>Colisage:<br \/>\n&#8211; Nombre de colis: 2<br \/>\n&#8211; Dimensions colis : 189x90x109 + 189x90x109 cm<br \/>\n&#8211; Poids total colis: 160 kg<\/p>\n<p>Pensez \u00e0 v\u00e9rifier que l&rsquo;acc\u00e8s \u00e0 votre pi\u00e8ce (couloir, ascenseur, escalier, etc.) permet d&rsquo;accueillir ais\u00e9ment le produit.\n<\/p>\n<p>&nbsp;<\/p>\n<h3 class=\"costum-list-style\">Conseils d&rsquo;utilisation<\/h3>\n<p class=\"normal\">Nos conseils:D\u00e9poussi\u00e9rez r\u00e9guli\u00e8rement et d\u00e9licatement votre fauteuil \u00e0 l&rsquo;aide de la brosse souple de l&rsquo;aspirateur sur puissance minimale. Pour \u00e9viter une usure trop rapide, n&rsquo;exposez pas votre canap\u00e9 \u00e0 la lumi\u00e8re directe. Garantie 2 ans pi\u00e8ce<\/p>\n","protected":false},"featured_media":18157,"comment_status":"open","ping_status":"closed","template":"","meta":[],"product_cat":[214],"product_tag":[],"class_list":{"0":"post-18156","1":"product","2":"type-product","3":"status-publish","4":"has-post-thumbnail","6":"product_cat-canapes","8":"first","9":"instock","10":"sale","11":"shipping-taxable","12":"purchasable","13":"product-type-simple","14":"col-xs-6 col-sm-4","15":"col-md-3 col-lg-3","16":"un-4-cols"},"yoast_head":"<!-- This site is optimized with the Yoast SEO plugin v27.0 - https:\/\/yoast.com\/product\/yoast-seo-wordpress\/ -->\n<title>Canap\u00e9 d&#039;angle panoramique 5 places willem coloris gris - Eurosdiscounts.com- Achat sur Internet a prix discount, Canap\u00e9s pas cher, Smartphone pas cher, pc portable pas cher..<\/title>\n<meta name=\"description\" content=\"Canap\u00e9 d&#039;angle panoramique 5 places willem coloris gris\" \/>\n<meta name=\"robots\" content=\"index, follow, max-snippet:-1, max-image-preview:large, max-video-preview:-1\" \/>\n<link rel=\"canonical\" href=\"https:\/\/eurosdiscounts.com\/index.php\/produit\/canape-dangle-panoramique-5-places-willem-coloris-gris\/\" \/>\n<meta property=\"og:locale\" content=\"fr_FR\" \/>\n<meta property=\"og:type\" content=\"article\" \/>\n<meta property=\"og:title\" content=\"Canap\u00e9 d&#039;angle panoramique 5 places willem coloris gris - Eurosdiscounts.com- Achat sur Internet a prix discount, Canap\u00e9s pas cher, Smartphone pas cher, pc portable pas cher..\" \/>\n<meta property=\"og:description\" content=\"Canap\u00e9 d&#039;angle panoramique 5 places willem coloris gris\" \/>\n<meta property=\"og:url\" content=\"https:\/\/eurosdiscounts.com\/index.php\/produit\/canape-dangle-panoramique-5-places-willem-coloris-gris\/\" \/>\n<meta property=\"og:site_name\" content=\"Eurosdiscounts.com- Achat sur Internet a prix discount, Canap\u00e9s pas cher, Smartphone pas cher, pc portable pas cher..\" \/>\n<meta property=\"article:modified_time\" content=\"2023-03-30T23:51:49+00:00\" \/>\n<meta property=\"og:image\" content=\"https:\/\/eurosdiscounts.com\/wp-content\/uploads\/2022\/05\/G_673870_A.jpg\" \/>\n\t<meta property=\"og:image:width\" content=\"800\" \/>\n\t<meta property=\"og:image:height\" content=\"600\" \/>\n\t<meta property=\"og:image:type\" content=\"image\/jpeg\" \/>\n<meta name=\"twitter:card\" content=\"summary_large_image\" \/>\n<meta name=\"twitter:label1\" content=\"Dur\u00e9e de lecture estim\u00e9e\" \/>\n\t<meta name=\"twitter:data1\" content=\"1 minute\" \/>\n<script type=\"application\/ld+json\" class=\"yoast-schema-graph\">{\"@context\":\"https:\/\/schema.org\",\"@graph\":[{\"@type\":\"WebPage\",\"@id\":\"https:\/\/eurosdiscounts.com\/index.php\/produit\/canape-dangle-panoramique-5-places-willem-coloris-gris\/\",\"url\":\"https:\/\/eurosdiscounts.com\/index.php\/produit\/canape-dangle-panoramique-5-places-willem-coloris-gris\/\",\"name\":\"Canap\u00e9 d'angle panoramique 5 places willem coloris gris - Eurosdiscounts.com- Achat sur Internet a prix discount, Canap\u00e9s pas cher, Smartphone pas cher, pc portable pas cher..\",\"isPartOf\":{\"@id\":\"https:\/\/eurosdiscounts.com\/#website\"},\"primaryImageOfPage\":{\"@id\":\"https:\/\/eurosdiscounts.com\/index.php\/produit\/canape-dangle-panoramique-5-places-willem-coloris-gris\/#primaryimage\"},\"image\":{\"@id\":\"https:\/\/eurosdiscounts.com\/index.php\/produit\/canape-dangle-panoramique-5-places-willem-coloris-gris\/#primaryimage\"},\"thumbnailUrl\":\"https:\/\/eurosdiscounts.com\/wp-content\/uploads\/2022\/05\/G_673870_A.jpg\",\"datePublished\":\"2022-05-09T17:18:36+00:00\",\"dateModified\":\"2023-03-30T23:51:49+00:00\",\"description\":\"Canap\u00e9 d'angle panoramique 5 places willem coloris gris\",\"breadcrumb\":{\"@id\":\"https:\/\/eurosdiscounts.com\/index.php\/produit\/canape-dangle-panoramique-5-places-willem-coloris-gris\/#breadcrumb\"},\"inLanguage\":\"fr-FR\",\"potentialAction\":[{\"@type\":\"ReadAction\",\"target\":[\"https:\/\/eurosdiscounts.com\/index.php\/produit\/canape-dangle-panoramique-5-places-willem-coloris-gris\/\"]}]},{\"@type\":\"ImageObject\",\"inLanguage\":\"fr-FR\",\"@id\":\"https:\/\/eurosdiscounts.com\/index.php\/produit\/canape-dangle-panoramique-5-places-willem-coloris-gris\/#primaryimage\",\"url\":\"https:\/\/eurosdiscounts.com\/wp-content\/uploads\/2022\/05\/G_673870_A.jpg\",\"contentUrl\":\"https:\/\/eurosdiscounts.com\/wp-content\/uploads\/2022\/05\/G_673870_A.jpg\",\"width\":800,\"height\":600},{\"@type\":\"BreadcrumbList\",\"@id\":\"https:\/\/eurosdiscounts.com\/index.php\/produit\/canape-dangle-panoramique-5-places-willem-coloris-gris\/#breadcrumb\",\"itemListElement\":[{\"@type\":\"ListItem\",\"position\":1,\"name\":\"Accueil\",\"item\":\"https:\/\/eurosdiscounts.com\/\"},{\"@type\":\"ListItem\",\"position\":2,\"name\":\"Boutique\",\"item\":\"https:\/\/eurosdiscounts.com\/index.php\/boutique\/\"},{\"@type\":\"ListItem\",\"position\":3,\"name\":\"Canap\u00e9 d&rsquo;angle panoramique 5 places willem coloris gris\"}]},{\"@type\":\"WebSite\",\"@id\":\"https:\/\/eurosdiscounts.com\/#website\",\"url\":\"https:\/\/eurosdiscounts.com\/\",\"name\":\"Eurosdiscounts.com- Achat sur Internet a prix discount, Canap\u00e9s pas cher, Smartphone pas cher, pc portable pas cher..\",\"description\":\"Eurosdiscounts.com- Achat sur Internet a prix discount, Canap\u00e9s pas cher, Smartphone pas cher, pc portable pas cher..\",\"potentialAction\":[{\"@type\":\"SearchAction\",\"target\":{\"@type\":\"EntryPoint\",\"urlTemplate\":\"https:\/\/eurosdiscounts.com\/?s={search_term_string}\"},\"query-input\":{\"@type\":\"PropertyValueSpecification\",\"valueRequired\":true,\"valueName\":\"search_term_string\"}}],\"inLanguage\":\"fr-FR\"}]}<\/script>\n<!-- \/ Yoast SEO plugin. -->","yoast_head_json":{"title":"Canap\u00e9 d'angle panoramique 5 places willem coloris gris - Eurosdiscounts.com- Achat sur Internet a prix discount, Canap\u00e9s pas cher, Smartphone pas cher, pc portable pas cher..","description":"Canap\u00e9 d'angle panoramique 5 places willem coloris gris","robots":{"index":"index","follow":"follow","max-snippet":"max-snippet:-1","max-image-preview":"max-image-preview:large","max-video-preview":"max-video-preview:-1"},"canonical":"https:\/\/eurosdiscounts.com\/index.php\/produit\/canape-dangle-panoramique-5-places-willem-coloris-gris\/","og_locale":"fr_FR","og_type":"article","og_title":"Canap\u00e9 d'angle panoramique 5 places willem coloris gris - Eurosdiscounts.com- Achat sur Internet a prix discount, Canap\u00e9s pas cher, Smartphone pas cher, pc portable pas cher..","og_description":"Canap\u00e9 d'angle panoramique 5 places willem coloris gris","og_url":"https:\/\/eurosdiscounts.com\/index.php\/produit\/canape-dangle-panoramique-5-places-willem-coloris-gris\/","og_site_name":"Eurosdiscounts.com- Achat sur Internet a prix discount, Canap\u00e9s pas cher, Smartphone pas cher, pc portable pas cher..","article_modified_time":"2023-03-30T23:51:49+00:00","og_image":[{"width":800,"height":600,"url":"https:\/\/eurosdiscounts.com\/wp-content\/uploads\/2022\/05\/G_673870_A.jpg","type":"image\/jpeg"}],"twitter_card":"summary_large_image","twitter_misc":{"Dur\u00e9e de lecture estim\u00e9e":"1 minute"},"schema":{"@context":"https:\/\/schema.org","@graph":[{"@type":"WebPage","@id":"https:\/\/eurosdiscounts.com\/index.php\/produit\/canape-dangle-panoramique-5-places-willem-coloris-gris\/","url":"https:\/\/eurosdiscounts.com\/index.php\/produit\/canape-dangle-panoramique-5-places-willem-coloris-gris\/","name":"Canap\u00e9 d'angle panoramique 5 places willem coloris gris - Eurosdiscounts.com- Achat sur Internet a prix discount, Canap\u00e9s pas cher, Smartphone pas cher, pc portable pas cher..","isPartOf":{"@id":"https:\/\/eurosdiscounts.com\/#website"},"primaryImageOfPage":{"@id":"https:\/\/eurosdiscounts.com\/index.php\/produit\/canape-dangle-panoramique-5-places-willem-coloris-gris\/#primaryimage"},"image":{"@id":"https:\/\/eurosdiscounts.com\/index.php\/produit\/canape-dangle-panoramique-5-places-willem-coloris-gris\/#primaryimage"},"thumbnailUrl":"https:\/\/eurosdiscounts.com\/wp-content\/uploads\/2022\/05\/G_673870_A.jpg","datePublished":"2022-05-09T17:18:36+00:00","dateModified":"2023-03-30T23:51:49+00:00","description":"Canap\u00e9 d'angle panoramique 5 places willem coloris gris","breadcrumb":{"@id":"https:\/\/eurosdiscounts.com\/index.php\/produit\/canape-dangle-panoramique-5-places-willem-coloris-gris\/#breadcrumb"},"inLanguage":"fr-FR","potentialAction":[{"@type":"ReadAction","target":["https:\/\/eurosdiscounts.com\/index.php\/produit\/canape-dangle-panoramique-5-places-willem-coloris-gris\/"]}]},{"@type":"ImageObject","inLanguage":"fr-FR","@id":"https:\/\/eurosdiscounts.com\/index.php\/produit\/canape-dangle-panoramique-5-places-willem-coloris-gris\/#primaryimage","url":"https:\/\/eurosdiscounts.com\/wp-content\/uploads\/2022\/05\/G_673870_A.jpg","contentUrl":"https:\/\/eurosdiscounts.com\/wp-content\/uploads\/2022\/05\/G_673870_A.jpg","width":800,"height":600},{"@type":"BreadcrumbList","@id":"https:\/\/eurosdiscounts.com\/index.php\/produit\/canape-dangle-panoramique-5-places-willem-coloris-gris\/#breadcrumb","itemListElement":[{"@type":"ListItem","position":1,"name":"Accueil","item":"https:\/\/eurosdiscounts.com\/"},{"@type":"ListItem","position":2,"name":"Boutique","item":"https:\/\/eurosdiscounts.com\/index.php\/boutique\/"},{"@type":"ListItem","position":3,"name":"Canap\u00e9 d&rsquo;angle panoramique 5 places willem coloris gris"}]},{"@type":"WebSite","@id":"https:\/\/eurosdiscounts.com\/#website","url":"https:\/\/eurosdiscounts.com\/","name":"Eurosdiscounts.com- Achat sur Internet a prix discount, Canap\u00e9s pas cher, Smartphone pas cher, pc portable pas cher..","description":"Eurosdiscounts.com- Achat sur Internet a prix discount, Canap\u00e9s pas cher, Smartphone pas cher, pc portable pas cher..","potentialAction":[{"@type":"SearchAction","target":{"@type":"EntryPoint","urlTemplate":"https:\/\/eurosdiscounts.com\/?s={search_term_string}"},"query-input":{"@type":"PropertyValueSpecification","valueRequired":true,"valueName":"search_term_string"}}],"inLanguage":"fr-FR"}]}},"_links":{"self":[{"href":"https:\/\/eurosdiscounts.com\/index.php\/wp-json\/wp\/v2\/product\/18156","targetHints":{"allow":["GET"]}}],"collection":[{"href":"https:\/\/eurosdiscounts.com\/index.php\/wp-json\/wp\/v2\/product"}],"about":[{"href":"https:\/\/eurosdiscounts.com\/index.php\/wp-json\/wp\/v2\/types\/product"}],"replies":[{"embeddable":true,"href":"https:\/\/eurosdiscounts.com\/index.php\/wp-json\/wp\/v2\/comments?post=18156"}],"wp:featuredmedia":[{"embeddable":true,"href":"https:\/\/eurosdiscounts.com\/index.php\/wp-json\/wp\/v2\/media\/18157"}],"wp:attachment":[{"href":"https:\/\/eurosdiscounts.com\/index.php\/wp-json\/wp\/v2\/media?parent=18156"}],"wp:term":[{"taxonomy":"product_cat","embeddable":true,"href":"https:\/\/eurosdiscounts.com\/index.php\/wp-json\/wp\/v2\/product_cat?post=18156"},{"taxonomy":"product_tag","embeddable":true,"href":"https:\/\/eurosdiscounts.com\/index.php\/wp-json\/wp\/v2\/product_tag?post=18156"}],"curies":[{"name":"wp","href":"https:\/\/api.w.org\/{rel}","templated":true}]}}