{"id":18066,"date":"2022-05-01T15:39:18","date_gmt":"2022-05-01T13:39:18","guid":{"rendered":"https:\/\/eurosdiscounts.com\/?post_type=product&#038;p=18066"},"modified":"2022-05-01T15:39:18","modified_gmt":"2022-05-01T13:39:18","slug":"robot-cuiseur-magimix-cook-expert-chrome-mat","status":"publish","type":"product","link":"https:\/\/eurosdiscounts.com\/index.php\/produit\/robot-cuiseur-magimix-cook-expert-chrome-mat\/","title":{"rendered":"Robot cuiseur Magimix Cook Expert Chrome Mat"},"content":{"rendered":"<ul class=\"product-features__list\">\n<li class=\"feature-item\">\n<h3 class=\"feature-item__title\">Choisir ce produit pour quels usages ?<\/h3>\n<ul>\n<li class=\"feature-item__content\"><span class=\"is--bold\">Id\u00e9al pour :<\/span>\u00a0pour cuisiner sans efforts de l&rsquo;entr\u00e9e au dessert.<\/li>\n<li class=\"feature-item__content\"><span class=\"is--bold\">A quoi \u00e7a sert :<\/span>\u00a0Battre\/Fouetter, P\u00e9trir, Couper\/Hacher finement, R\u00e2per, Mixer, chauffer, mijoter<\/li>\n<li class=\"feature-item__content\"><span class=\"is--bold\">Capacit\u00e9 totale :<\/span>\u00a0Capacit\u00e9 standard 3,5L<\/li>\n<\/ul>\n<\/li>\n<li class=\"feature-item\">\n<h3 class=\"feature-item__title\">Fonctions de pr\u00e9paration<\/h3>\n<ul>\n<li class=\"feature-item__content\"><span class=\"is--bold\">Battre\/Fouetter :<\/span>\u00a0oui, id\u00e9al pour les blancs en neige, la chantilly, la p\u00e2te \u00e0 cr\u00eape.<\/li>\n<li class=\"feature-item__content\"><span class=\"is--bold\">P\u00e9trir :<\/span>\u00a0oui, pour pr\u00e9parer les p\u00e2tes \u00e0 pain, pizza, bris\u00e9e.<\/li>\n<li class=\"feature-item__content\"><span class=\"is--bold\">Couper\/Hacher finement :<\/span>\u00a0oui, pour pr\u00e9parer des tartares, hacher ail et fines herbes.<\/li>\n<li class=\"feature-item__content\"><span class=\"is--bold\">R\u00e2per :<\/span>\u00a0oui, pour les carottes, gruy\u00e8re.<\/li>\n<li class=\"feature-item__content\"><span class=\"is--bold\">Mixer :<\/span>\u00a0oui, pour pr\u00e9parer les coulis, les soupes.<\/li>\n<li class=\"feature-item__content\"><span class=\"is--bold\">Cuire les aliments :<\/span>\u00a0chauffer et mijoter<\/li>\n<\/ul>\n<\/li>\n<li class=\"feature-item\">\n<h3 class=\"feature-item__title\">Cuisson<\/h3>\n<ul>\n<li class=\"feature-item__content\"><span class=\"is--bold\">Temp\u00e9rature mini :<\/span>\u00a030 \u00b0C<\/li>\n<li class=\"feature-item__content\"><span class=\"is--bold\">Temp\u00e9rature maxi :<\/span>\u00a0160 \u00b0C<\/li>\n<li class=\"feature-item__content\"><span class=\"is--bold\">Cuisson vapeur :<\/span>\u00a0Oui<\/li>\n<li class=\"feature-item__content\"><span class=\"is--bold\">Type de chauffe :<\/span>\u00a0induction, permet une pr\u00e9cision de cuisson au degr\u00e9 pr\u00e8s<\/li>\n<li class=\"feature-item__content\"><span class=\"is--bold\">Le saviez-vous ? :<\/span>\u00a0la cuisson \u00e0 basse temp\u00e9rature permet de pr\u00e9server les vitamines des aliments<\/li>\n<li class=\"feature-item__content\"><span class=\"is--bold\">Maintien au chaud :<\/span>\u00a0automatique<\/li>\n<li class=\"feature-item__content\"><span class=\"is--bold\">Mode de cuisson adapt\u00e9 (manuel) :<\/span>\u00a0permet de personnaliser les recettes en g\u00e9rant le mode de cuisson, la vitesse, la temp\u00e9rature et le temps de cuisson<\/li>\n<li class=\"feature-item__content\"><span class=\"is--bold\">Pr\u00e9csion de chauffe :<\/span>\u00a0au degr\u00e9s pr\u00e8s<\/li>\n<\/ul>\n<\/li>\n<li class=\"feature-item\">\n<h3 class=\"feature-item__title\">Nombre de bols et leurs capacit\u00e9s<\/h3>\n<ul>\n<li class=\"feature-item__content\"><span class=\"is--bold\">Capacit\u00e9 totale du bol principal :<\/span>\u00a0Capacit\u00e9 standard 3,5L<\/li>\n<li class=\"feature-item__content\"><span class=\"is--bold\">Mati\u00e8re du bol principal :<\/span>\u00a0inox<\/li>\n<\/ul>\n<\/li>\n<li class=\"feature-item\">\n<h3 class=\"feature-item__title\">Accessoires inclus<\/h3>\n<ul>\n<li class=\"feature-item__content\"><span class=\"is--bold\">Accessoires :<\/span>\u00a0balance de cuisine, batteur, disque(s) \u00e9minceur, disque(s) r\u00e2peur, lame universelle, mini bol, panier vapeur<\/li>\n<\/ul>\n<\/li>\n<li class=\"feature-item\">\n<h3 class=\"feature-item__title\">Confort et performance<\/h3>\n<ul>\n<li class=\"feature-item__content\"><span class=\"is--bold\">Type de moteur :<\/span>\u00a0professionnel, il est tr\u00e8s silencieux avec une dur\u00e9e de vie plus longue qu&rsquo;un moteur classique.<\/li>\n<li class=\"feature-item__content\"><span class=\"is--bold\">Puissance en watts :<\/span>\u00a01.700 W<\/li>\n<li class=\"feature-item__content\"><span class=\"is--bold\">Nombre de vitesses :<\/span>\u00a018<\/li>\n<li class=\"feature-item__content\"><span class=\"is--bold\">S\u00e9lecteur de vitesse :<\/span>\u00a0oui, permet de choisir la vitesse adapt\u00e9e selon les pr\u00e9parations<\/li>\n<li class=\"feature-item__content\"><span class=\"is--bold\">Touche pulse :<\/span>\u00a0oui, permet une acc\u00e9l\u00e9ration \u00e0 la demande, id\u00e9al pour piler des gla\u00e7ons, pr\u00e9parer des smoothies avec des fruits surgel\u00e9s<\/li>\n<li class=\"feature-item__content\"><span class=\"is--bold\">Mat\u00e9riau du corps :<\/span>\u00a0m\u00e9tal (robuste)<\/li>\n<li class=\"feature-item__content\"><span class=\"is--bold\">Ecran :<\/span>\u00a0non tactile<\/li>\n<li class=\"feature-item__content\"><span class=\"is--bold\">Longueur du cordon d&rsquo;alimentation :<\/span>\u00a01,00 m<\/li>\n<li class=\"feature-item__content\"><span class=\"is--bold\">Couleur :<\/span> Chrome mat existe aussi en rouge et Noir<\/li>\n<li class=\"feature-item__content\"><span class=\"is--bold\">D\u00e9couvrez la gamme cook expert :<\/span><\/li>\n<\/ul>\n<\/li>\n<li class=\"feature-item\">\n<h3 class=\"feature-item__title\">Contenu du carton<\/h3>\n<ul>\n<li class=\"feature-item__content\"><span class=\"is--bold\">Livr\u00e9 avec :<\/span>\u00a0Notice, Livre de recettes, balance de cuisine, batteur, disque(s) \u00e9minceur, disque(s) r\u00e2peur, lame universelle, mini bol, panier vapeur<\/li>\n<\/ul>\n<\/li>\n<li class=\"feature-item\">\n<h3 class=\"feature-item__title\">Dimensions<\/h3>\n<ul>\n<li class=\"feature-item__content\"><span class=\"is--bold\">Dimensions l x h x p :<\/span>\u00a033.5 x 37 x 39 cm<\/li>\n<\/ul>\n<\/li>\n<li class=\"feature-item\">\n<h3 class=\"feature-item__title\">Informations et Services<\/h3>\n<ul>\n<li class=\"feature-item__content\"><span class=\"is--bold\">Disponibilit\u00e9 des pi\u00e8ces d\u00e9tach\u00e9es (donn\u00e9es fournisseur) :<\/span>\u00a0Pendant 30 ans, \u00e0 compter de la date d&rsquo;achat<\/li>\n<li class=\"feature-item__content\"><span class=\"is--bold\">Garantie :<\/span>\u00a02 ans<\/li>\n<li class=\"feature-item__content\"><span class=\"is--bold\">Fabriqu\u00e9 en :<\/span>\u00a0France<\/li>\n<\/ul>\n<\/li>\n<\/ul>\n","protected":false},"excerpt":{"rendered":"<h3 class=\"keypoints__title\">Les points cl\u00e9s<\/h3>\n<ul>\n<li class=\"keypoints__item\">Battre\/Fouetter, P\u00e9trir, Couper\/Hacher finement, R\u00e2per, Mixer, chauffer, mijoter<\/li>\n<li class=\"keypoints__item\">Capacit\u00e9 standard 3,5L &#8211; Bol en : inox<\/li>\n<li class=\"keypoints__item\">Dimensions l x h x p : 33.5 x 37 x 39 cm<\/li>\n<li class=\"keypoints__item\">Pr\u00e9cision de chauffe: : au degr\u00e9s pr\u00e8s<\/li>\n<li class=\"keypoints__item keypoints__item--advantage\"><strong>Le + :<\/strong>\u00a0Performance du moteur professionnel, cuisson induction au degr\u00e9 pr\u00e8s. Polyvalent avec 3 cuves multifonctions et Confort des 12 programmes. Fabrication Fran\u00e7aise.<\/li>\n<\/ul>\n","protected":false},"featured_media":18067,"comment_status":"open","ping_status":"closed","template":"","meta":[],"product_cat":[232],"product_tag":[],"class_list":{"0":"post-18066","1":"product","2":"type-product","3":"status-publish","4":"has-post-thumbnail","6":"product_cat-mixeurs-batteurs-et-robots-multifonctions","8":"first","9":"instock","10":"shipping-taxable","11":"purchasable","12":"product-type-simple","13":"col-xs-6 col-sm-4","14":"col-md-3 col-lg-3","15":"un-4-cols"},"yoast_head":"<!-- This site is optimized with the Yoast SEO plugin v27.0 - https:\/\/yoast.com\/product\/yoast-seo-wordpress\/ -->\n<title>Robot cuiseur Magimix Cook Expert Chrome Mat - Eurosdiscounts.com- Achat sur Internet a prix discount, Canap\u00e9s pas cher, Smartphone pas cher, pc portable pas cher..<\/title>\n<meta name=\"description\" content=\"Robot cuiseur Magimix Cook Expert Chrome Mat\" \/>\n<meta name=\"robots\" content=\"index, follow, max-snippet:-1, max-image-preview:large, max-video-preview:-1\" \/>\n<link rel=\"canonical\" href=\"https:\/\/eurosdiscounts.com\/index.php\/produit\/robot-cuiseur-magimix-cook-expert-chrome-mat\/\" \/>\n<meta property=\"og:locale\" content=\"fr_FR\" \/>\n<meta property=\"og:type\" content=\"article\" \/>\n<meta property=\"og:title\" content=\"Robot cuiseur Magimix Cook Expert Chrome Mat - Eurosdiscounts.com- Achat sur Internet a prix discount, Canap\u00e9s pas cher, Smartphone pas cher, pc portable pas cher..\" \/>\n<meta property=\"og:description\" content=\"Robot cuiseur Magimix Cook Expert Chrome Mat\" \/>\n<meta property=\"og:url\" content=\"https:\/\/eurosdiscounts.com\/index.php\/produit\/robot-cuiseur-magimix-cook-expert-chrome-mat\/\" \/>\n<meta property=\"og:site_name\" content=\"Eurosdiscounts.com- Achat sur Internet a prix discount, Canap\u00e9s pas cher, Smartphone pas cher, pc portable pas cher..\" \/>\n<meta property=\"og:image\" content=\"https:\/\/eurosdiscounts.com\/wp-content\/uploads\/2022\/05\/3519280189000_h_f_l_0.webp\" \/>\n\t<meta property=\"og:image:width\" content=\"500\" \/>\n\t<meta property=\"og:image:height\" content=\"500\" \/>\n\t<meta property=\"og:image:type\" content=\"image\/webp\" \/>\n<meta name=\"twitter:card\" content=\"summary_large_image\" \/>\n<meta name=\"twitter:label1\" content=\"Dur\u00e9e de lecture estim\u00e9e\" \/>\n\t<meta name=\"twitter:data1\" content=\"2 minutes\" \/>\n<script type=\"application\/ld+json\" class=\"yoast-schema-graph\">{\"@context\":\"https:\/\/schema.org\",\"@graph\":[{\"@type\":\"WebPage\",\"@id\":\"https:\/\/eurosdiscounts.com\/index.php\/produit\/robot-cuiseur-magimix-cook-expert-chrome-mat\/\",\"url\":\"https:\/\/eurosdiscounts.com\/index.php\/produit\/robot-cuiseur-magimix-cook-expert-chrome-mat\/\",\"name\":\"Robot cuiseur Magimix Cook Expert Chrome Mat - Eurosdiscounts.com- Achat sur Internet a prix discount, Canap\u00e9s pas cher, Smartphone pas cher, pc portable pas cher..\",\"isPartOf\":{\"@id\":\"https:\/\/eurosdiscounts.com\/#website\"},\"primaryImageOfPage\":{\"@id\":\"https:\/\/eurosdiscounts.com\/index.php\/produit\/robot-cuiseur-magimix-cook-expert-chrome-mat\/#primaryimage\"},\"image\":{\"@id\":\"https:\/\/eurosdiscounts.com\/index.php\/produit\/robot-cuiseur-magimix-cook-expert-chrome-mat\/#primaryimage\"},\"thumbnailUrl\":\"https:\/\/eurosdiscounts.com\/wp-content\/uploads\/2022\/05\/3519280189000_h_f_l_0.webp\",\"datePublished\":\"2022-05-01T13:39:18+00:00\",\"description\":\"Robot cuiseur Magimix Cook Expert Chrome Mat\",\"breadcrumb\":{\"@id\":\"https:\/\/eurosdiscounts.com\/index.php\/produit\/robot-cuiseur-magimix-cook-expert-chrome-mat\/#breadcrumb\"},\"inLanguage\":\"fr-FR\",\"potentialAction\":[{\"@type\":\"ReadAction\",\"target\":[\"https:\/\/eurosdiscounts.com\/index.php\/produit\/robot-cuiseur-magimix-cook-expert-chrome-mat\/\"]}]},{\"@type\":\"ImageObject\",\"inLanguage\":\"fr-FR\",\"@id\":\"https:\/\/eurosdiscounts.com\/index.php\/produit\/robot-cuiseur-magimix-cook-expert-chrome-mat\/#primaryimage\",\"url\":\"https:\/\/eurosdiscounts.com\/wp-content\/uploads\/2022\/05\/3519280189000_h_f_l_0.webp\",\"contentUrl\":\"https:\/\/eurosdiscounts.com\/wp-content\/uploads\/2022\/05\/3519280189000_h_f_l_0.webp\",\"width\":500,\"height\":500},{\"@type\":\"BreadcrumbList\",\"@id\":\"https:\/\/eurosdiscounts.com\/index.php\/produit\/robot-cuiseur-magimix-cook-expert-chrome-mat\/#breadcrumb\",\"itemListElement\":[{\"@type\":\"ListItem\",\"position\":1,\"name\":\"Accueil\",\"item\":\"https:\/\/eurosdiscounts.com\/\"},{\"@type\":\"ListItem\",\"position\":2,\"name\":\"Boutique\",\"item\":\"https:\/\/eurosdiscounts.com\/index.php\/boutique\/\"},{\"@type\":\"ListItem\",\"position\":3,\"name\":\"Robot cuiseur Magimix Cook Expert Chrome Mat\"}]},{\"@type\":\"WebSite\",\"@id\":\"https:\/\/eurosdiscounts.com\/#website\",\"url\":\"https:\/\/eurosdiscounts.com\/\",\"name\":\"Eurosdiscounts.com- Achat sur Internet a prix discount, Canap\u00e9s pas cher, Smartphone pas cher, pc portable pas cher..\",\"description\":\"Eurosdiscounts.com- Achat sur Internet a prix discount, Canap\u00e9s pas cher, Smartphone pas cher, pc portable pas cher..\",\"potentialAction\":[{\"@type\":\"SearchAction\",\"target\":{\"@type\":\"EntryPoint\",\"urlTemplate\":\"https:\/\/eurosdiscounts.com\/?s={search_term_string}\"},\"query-input\":{\"@type\":\"PropertyValueSpecification\",\"valueRequired\":true,\"valueName\":\"search_term_string\"}}],\"inLanguage\":\"fr-FR\"}]}<\/script>\n<!-- \/ Yoast SEO plugin. -->","yoast_head_json":{"title":"Robot cuiseur Magimix Cook Expert Chrome Mat - Eurosdiscounts.com- Achat sur Internet a prix discount, Canap\u00e9s pas cher, Smartphone pas cher, pc portable pas cher..","description":"Robot cuiseur Magimix Cook Expert Chrome Mat","robots":{"index":"index","follow":"follow","max-snippet":"max-snippet:-1","max-image-preview":"max-image-preview:large","max-video-preview":"max-video-preview:-1"},"canonical":"https:\/\/eurosdiscounts.com\/index.php\/produit\/robot-cuiseur-magimix-cook-expert-chrome-mat\/","og_locale":"fr_FR","og_type":"article","og_title":"Robot cuiseur Magimix Cook Expert Chrome Mat - Eurosdiscounts.com- Achat sur Internet a prix discount, Canap\u00e9s pas cher, Smartphone pas cher, pc portable pas cher..","og_description":"Robot cuiseur Magimix Cook Expert Chrome Mat","og_url":"https:\/\/eurosdiscounts.com\/index.php\/produit\/robot-cuiseur-magimix-cook-expert-chrome-mat\/","og_site_name":"Eurosdiscounts.com- Achat sur Internet a prix discount, Canap\u00e9s pas cher, Smartphone pas cher, pc portable pas cher..","og_image":[{"width":500,"height":500,"url":"https:\/\/eurosdiscounts.com\/wp-content\/uploads\/2022\/05\/3519280189000_h_f_l_0.webp","type":"image\/webp"}],"twitter_card":"summary_large_image","twitter_misc":{"Dur\u00e9e de lecture estim\u00e9e":"2 minutes"},"schema":{"@context":"https:\/\/schema.org","@graph":[{"@type":"WebPage","@id":"https:\/\/eurosdiscounts.com\/index.php\/produit\/robot-cuiseur-magimix-cook-expert-chrome-mat\/","url":"https:\/\/eurosdiscounts.com\/index.php\/produit\/robot-cuiseur-magimix-cook-expert-chrome-mat\/","name":"Robot cuiseur Magimix Cook Expert Chrome Mat - Eurosdiscounts.com- Achat sur Internet a prix discount, Canap\u00e9s pas cher, Smartphone pas cher, pc portable pas cher..","isPartOf":{"@id":"https:\/\/eurosdiscounts.com\/#website"},"primaryImageOfPage":{"@id":"https:\/\/eurosdiscounts.com\/index.php\/produit\/robot-cuiseur-magimix-cook-expert-chrome-mat\/#primaryimage"},"image":{"@id":"https:\/\/eurosdiscounts.com\/index.php\/produit\/robot-cuiseur-magimix-cook-expert-chrome-mat\/#primaryimage"},"thumbnailUrl":"https:\/\/eurosdiscounts.com\/wp-content\/uploads\/2022\/05\/3519280189000_h_f_l_0.webp","datePublished":"2022-05-01T13:39:18+00:00","description":"Robot cuiseur Magimix Cook Expert Chrome Mat","breadcrumb":{"@id":"https:\/\/eurosdiscounts.com\/index.php\/produit\/robot-cuiseur-magimix-cook-expert-chrome-mat\/#breadcrumb"},"inLanguage":"fr-FR","potentialAction":[{"@type":"ReadAction","target":["https:\/\/eurosdiscounts.com\/index.php\/produit\/robot-cuiseur-magimix-cook-expert-chrome-mat\/"]}]},{"@type":"ImageObject","inLanguage":"fr-FR","@id":"https:\/\/eurosdiscounts.com\/index.php\/produit\/robot-cuiseur-magimix-cook-expert-chrome-mat\/#primaryimage","url":"https:\/\/eurosdiscounts.com\/wp-content\/uploads\/2022\/05\/3519280189000_h_f_l_0.webp","contentUrl":"https:\/\/eurosdiscounts.com\/wp-content\/uploads\/2022\/05\/3519280189000_h_f_l_0.webp","width":500,"height":500},{"@type":"BreadcrumbList","@id":"https:\/\/eurosdiscounts.com\/index.php\/produit\/robot-cuiseur-magimix-cook-expert-chrome-mat\/#breadcrumb","itemListElement":[{"@type":"ListItem","position":1,"name":"Accueil","item":"https:\/\/eurosdiscounts.com\/"},{"@type":"ListItem","position":2,"name":"Boutique","item":"https:\/\/eurosdiscounts.com\/index.php\/boutique\/"},{"@type":"ListItem","position":3,"name":"Robot cuiseur Magimix Cook Expert Chrome Mat"}]},{"@type":"WebSite","@id":"https:\/\/eurosdiscounts.com\/#website","url":"https:\/\/eurosdiscounts.com\/","name":"Eurosdiscounts.com- Achat sur Internet a prix discount, Canap\u00e9s pas cher, Smartphone pas cher, pc portable pas cher..","description":"Eurosdiscounts.com- Achat sur Internet a prix discount, Canap\u00e9s pas cher, Smartphone pas cher, pc portable pas cher..","potentialAction":[{"@type":"SearchAction","target":{"@type":"EntryPoint","urlTemplate":"https:\/\/eurosdiscounts.com\/?s={search_term_string}"},"query-input":{"@type":"PropertyValueSpecification","valueRequired":true,"valueName":"search_term_string"}}],"inLanguage":"fr-FR"}]}},"_links":{"self":[{"href":"https:\/\/eurosdiscounts.com\/index.php\/wp-json\/wp\/v2\/product\/18066","targetHints":{"allow":["GET"]}}],"collection":[{"href":"https:\/\/eurosdiscounts.com\/index.php\/wp-json\/wp\/v2\/product"}],"about":[{"href":"https:\/\/eurosdiscounts.com\/index.php\/wp-json\/wp\/v2\/types\/product"}],"replies":[{"embeddable":true,"href":"https:\/\/eurosdiscounts.com\/index.php\/wp-json\/wp\/v2\/comments?post=18066"}],"wp:featuredmedia":[{"embeddable":true,"href":"https:\/\/eurosdiscounts.com\/index.php\/wp-json\/wp\/v2\/media\/18067"}],"wp:attachment":[{"href":"https:\/\/eurosdiscounts.com\/index.php\/wp-json\/wp\/v2\/media?parent=18066"}],"wp:term":[{"taxonomy":"product_cat","embeddable":true,"href":"https:\/\/eurosdiscounts.com\/index.php\/wp-json\/wp\/v2\/product_cat?post=18066"},{"taxonomy":"product_tag","embeddable":true,"href":"https:\/\/eurosdiscounts.com\/index.php\/wp-json\/wp\/v2\/product_tag?post=18066"}],"curies":[{"name":"wp","href":"https:\/\/api.w.org\/{rel}","templated":true}]}}