{"id":17999,"date":"2022-05-01T14:58:18","date_gmt":"2022-05-01T12:58:18","guid":{"rendered":"https:\/\/eurosdiscounts.com\/?post_type=product&#038;p=17999"},"modified":"2022-05-01T14:58:18","modified_gmt":"2022-05-01T12:58:18","slug":"robot-patissier-kitchenaid-5ksm125eer-artisan-rouge-empire","status":"publish","type":"product","link":"https:\/\/eurosdiscounts.com\/index.php\/produit\/robot-patissier-kitchenaid-5ksm125eer-artisan-rouge-empire\/","title":{"rendered":"Robot p\u00e2tissier Kitchenaid 5KSM125EER Artisan Rouge Empire"},"content":{"rendered":"<ul class=\"product-features__list\">\n<li class=\"feature-item\">\n<h3 class=\"feature-item__title\">Choisir ce produit pour quels usages ?<\/h3>\n<ul>\n<li class=\"feature-item__content\"><span class=\"is--bold\">Id\u00e9al pour :<\/span>\u00a0pour pr\u00e9parer toutes vos p\u00e2tes \u00e0 pain, brioche, monter les blancs et \u00e9mulsionner mayonnaises et vinaigrettes<\/li>\n<li class=\"feature-item__content\"><span class=\"is--bold\">A quoi \u00e7a sert :<\/span>\u00a0p\u00e9trir, fouetter, battre et bien plus en fonction des accessoires<\/li>\n<li class=\"feature-item__content\"><span class=\"is--bold\">Capacit\u00e9 :<\/span>\u00a0Capacit\u00e9 Large 4,8L<\/li>\n<\/ul>\n<\/li>\n<li class=\"feature-item\">\n<h3 class=\"feature-item__title\">Fonctions de pr\u00e9paration<\/h3>\n<ul>\n<li class=\"feature-item__content\"><span class=\"is--bold\">Battre\/Fouetter :<\/span>\u00a0oui, id\u00e9al pour les blancs en neige, la chantilly, la p\u00e2te \u00e0 cr\u00eape.<\/li>\n<li class=\"feature-item__content\"><span class=\"is--bold\">P\u00e9trir :<\/span>\u00a0oui, pour pr\u00e9parer les p\u00e2tes \u00e0 pain, pizza, bris\u00e9e.<\/li>\n<\/ul>\n<\/li>\n<li class=\"feature-item\">\n<h3 class=\"feature-item__title\">Nombre de bols et leurs capacit\u00e9s<\/h3>\n<ul>\n<li class=\"feature-item__content\"><span class=\"is--bold\">Capacit\u00e9 totale du bol principal :<\/span>\u00a0Capacit\u00e9 Large 4,8L<\/li>\n<li class=\"feature-item__content\"><span class=\"is--bold\">Capacit\u00e9 max en farine (kg) :<\/span>\u00a01,00 Kg<\/li>\n<li class=\"feature-item__content\"><span class=\"is--bold\">Mati\u00e8re du bol principal :<\/span>\u00a0inox<\/li>\n<\/ul>\n<\/li>\n<li class=\"feature-item\">\n<h3 class=\"feature-item__title\">Performance et confort<\/h3>\n<ul>\n<li class=\"feature-item__content\"><span class=\"is--bold\">Type de moteur :<\/span>\u00a0professionnel, tr\u00e8s silencieux avec une dur\u00e9e de vie plus longue qu&rsquo;un moteur classique.<\/li>\n<li class=\"feature-item__content\"><span class=\"is--bold\">Transmission :<\/span>\u00a0directe, le moteur se trouve dans la t\u00eate et transmet directement la puissance (\u00e0 performance \u00e9gale, ce moteur n\u00e9cessite moins de puissance)<\/li>\n<li class=\"feature-item__content\"><span class=\"is--bold\">Puissance en watts :<\/span>\u00a0300 W<\/li>\n<li class=\"feature-item__content\"><span class=\"is--bold\">Nombre de vitesses :<\/span>\u00a010<\/li>\n<li class=\"feature-item__content\"><span class=\"is--bold\">Fonction pulse :<\/span>\u00a0non<\/li>\n<li class=\"feature-item__content\"><span class=\"is--bold\">Mouvement plan\u00e9taire :<\/span>\u00a0oui, permet de reproduire le geste du p\u00e2tissier en rassemblant les ingr\u00e9dients au centre du bol<\/li>\n<li class=\"feature-item__content\"><span class=\"is--bold\">D\u00e9marrage progressif automatique :<\/span>\u00a0non<\/li>\n<li class=\"feature-item__content\"><span class=\"is--bold\">Finition du corps :<\/span>\u00a0zinc<\/li>\n<li class=\"feature-item__content\"><span class=\"is--bold\">Poids du robot :<\/span>\u00a010,4 kg<\/li>\n<li class=\"feature-item__content\"><span class=\"is--bold\">Balance int\u00e9gr\u00e9e :<\/span>\u00a0Non<\/li>\n<li class=\"feature-item__content\"><span class=\"is--bold\">Pieds anti-d\u00e9rapants :<\/span>\u00a0Oui<\/li>\n<li class=\"feature-item__content\"><span class=\"is--bold\">Compatibilit\u00e9 lave vaisselle :<\/span>\u00a0bol<\/li>\n<li class=\"feature-item__content\"><span class=\"is--bold\">Connect\u00e9 :<\/span>\u00a0Non<\/li>\n<\/ul>\n<\/li>\n<li class=\"feature-item\">\n<h3 class=\"feature-item__title\">Accessoires inclus<\/h3>\n<ul>\n<li class=\"feature-item__content\"><span class=\"is--bold\">Accessoires :<\/span>\u00a0batteur, crochet p\u00e9trisseur, fouet \u00e0 fils<\/li>\n<\/ul>\n<\/li>\n<li class=\"feature-item\">\n<h3 class=\"feature-item__title\">Dimensions<\/h3>\n<ul>\n<li class=\"feature-item__content\"><span class=\"is--bold\">Dimensions l x h x p :<\/span>\u00a024 x 36 x 37 cm<\/li>\n<\/ul>\n<\/li>\n<li class=\"feature-item\">\n<h3 class=\"feature-item__title\">Contenu du carton<\/h3>\n<ul>\n<li class=\"feature-item__content\"><span class=\"is--bold\">Livr\u00e9 avec :<\/span>\u00a0Notice, Batteur, Crochet p\u00e9trisseur, Fouet \u00e0 fils<\/li>\n<\/ul>\n<\/li>\n<li class=\"feature-item\">\n<h3 class=\"feature-item__title\">Informations et Services<\/h3>\n<ul>\n<li class=\"feature-item__content\"><span class=\"is--bold\">Fabriqu\u00e9 en :<\/span>\u00a0Etats-Unis<\/li>\n<\/ul>\n<\/li>\n<\/ul>\n","protected":false},"excerpt":{"rendered":"<h3 class=\"keypoints__title\">Les points cl\u00e9s<\/h3>\n<ul>\n<li class=\"keypoints__item\">Capacit\u00e9 Large 4,8L &#8211; 1 bol<\/li>\n<li class=\"keypoints__item\">Accessoires : batteur, crochet p\u00e9trisseur, fouet \u00e0 fils<\/li>\n<li class=\"keypoints__item\">Finition du corps en : zinc<\/li>\n<li class=\"keypoints__item\">Transmission : directe &#8211; Puissance : 300 watts<\/li>\n<li class=\"keypoints__item keypoints__item--advantage\"><strong>Le + :<\/strong>\u00a0Moteur professionnel, mouvement plan\u00e9taire, garantie 5 ans.<\/li>\n<\/ul>\n","protected":false},"featured_media":18000,"comment_status":"open","ping_status":"closed","template":"","meta":[],"product_cat":[232],"product_tag":[],"class_list":{"0":"post-17999","1":"product","2":"type-product","3":"status-publish","4":"has-post-thumbnail","6":"product_cat-mixeurs-batteurs-et-robots-multifonctions","8":"first","9":"instock","10":"sale","11":"shipping-taxable","12":"purchasable","13":"product-type-simple","14":"col-xs-6 col-sm-4","15":"col-md-3 col-lg-3","16":"un-4-cols"},"yoast_head":"<!-- This site is optimized with the Yoast SEO plugin v27.0 - https:\/\/yoast.com\/product\/yoast-seo-wordpress\/ -->\n<title>Robot p\u00e2tissier Kitchenaid 5KSM125EER Artisan Rouge Empire - Eurosdiscounts.com- Achat sur Internet a prix discount, Canap\u00e9s pas cher, Smartphone pas cher, pc portable pas cher..<\/title>\n<meta name=\"description\" content=\"Robot p\u00e2tissier Kitchenaid 5KSM125EER Artisan Rouge Empire\" \/>\n<meta name=\"robots\" content=\"index, follow, max-snippet:-1, max-image-preview:large, max-video-preview:-1\" \/>\n<link rel=\"canonical\" href=\"https:\/\/eurosdiscounts.com\/index.php\/produit\/robot-patissier-kitchenaid-5ksm125eer-artisan-rouge-empire\/\" \/>\n<meta property=\"og:locale\" content=\"fr_FR\" \/>\n<meta property=\"og:type\" content=\"article\" \/>\n<meta property=\"og:title\" content=\"Robot p\u00e2tissier Kitchenaid 5KSM125EER Artisan Rouge Empire - Eurosdiscounts.com- Achat sur Internet a prix discount, Canap\u00e9s pas cher, Smartphone pas cher, pc portable pas cher..\" \/>\n<meta property=\"og:description\" content=\"Robot p\u00e2tissier Kitchenaid 5KSM125EER Artisan Rouge Empire\" \/>\n<meta property=\"og:url\" content=\"https:\/\/eurosdiscounts.com\/index.php\/produit\/robot-patissier-kitchenaid-5ksm125eer-artisan-rouge-empire\/\" \/>\n<meta property=\"og:site_name\" content=\"Eurosdiscounts.com- Achat sur Internet a prix discount, Canap\u00e9s pas cher, Smartphone pas cher, pc portable pas cher..\" \/>\n<meta property=\"og:image\" content=\"https:\/\/eurosdiscounts.com\/wp-content\/uploads\/2022\/05\/5413184200787_h_f_l_0.webp\" \/>\n\t<meta property=\"og:image:width\" content=\"500\" \/>\n\t<meta property=\"og:image:height\" content=\"500\" \/>\n\t<meta property=\"og:image:type\" content=\"image\/webp\" \/>\n<meta name=\"twitter:card\" content=\"summary_large_image\" \/>\n<meta name=\"twitter:label1\" content=\"Dur\u00e9e de lecture estim\u00e9e\" \/>\n\t<meta name=\"twitter:data1\" content=\"2 minutes\" \/>\n<script type=\"application\/ld+json\" class=\"yoast-schema-graph\">{\"@context\":\"https:\/\/schema.org\",\"@graph\":[{\"@type\":\"WebPage\",\"@id\":\"https:\/\/eurosdiscounts.com\/index.php\/produit\/robot-patissier-kitchenaid-5ksm125eer-artisan-rouge-empire\/\",\"url\":\"https:\/\/eurosdiscounts.com\/index.php\/produit\/robot-patissier-kitchenaid-5ksm125eer-artisan-rouge-empire\/\",\"name\":\"Robot p\u00e2tissier Kitchenaid 5KSM125EER Artisan Rouge Empire - Eurosdiscounts.com- Achat sur Internet a prix discount, Canap\u00e9s pas cher, Smartphone pas cher, pc portable pas cher..\",\"isPartOf\":{\"@id\":\"https:\/\/eurosdiscounts.com\/#website\"},\"primaryImageOfPage\":{\"@id\":\"https:\/\/eurosdiscounts.com\/index.php\/produit\/robot-patissier-kitchenaid-5ksm125eer-artisan-rouge-empire\/#primaryimage\"},\"image\":{\"@id\":\"https:\/\/eurosdiscounts.com\/index.php\/produit\/robot-patissier-kitchenaid-5ksm125eer-artisan-rouge-empire\/#primaryimage\"},\"thumbnailUrl\":\"https:\/\/eurosdiscounts.com\/wp-content\/uploads\/2022\/05\/5413184200787_h_f_l_0.webp\",\"datePublished\":\"2022-05-01T12:58:18+00:00\",\"description\":\"Robot p\u00e2tissier Kitchenaid 5KSM125EER Artisan Rouge Empire\",\"breadcrumb\":{\"@id\":\"https:\/\/eurosdiscounts.com\/index.php\/produit\/robot-patissier-kitchenaid-5ksm125eer-artisan-rouge-empire\/#breadcrumb\"},\"inLanguage\":\"fr-FR\",\"potentialAction\":[{\"@type\":\"ReadAction\",\"target\":[\"https:\/\/eurosdiscounts.com\/index.php\/produit\/robot-patissier-kitchenaid-5ksm125eer-artisan-rouge-empire\/\"]}]},{\"@type\":\"ImageObject\",\"inLanguage\":\"fr-FR\",\"@id\":\"https:\/\/eurosdiscounts.com\/index.php\/produit\/robot-patissier-kitchenaid-5ksm125eer-artisan-rouge-empire\/#primaryimage\",\"url\":\"https:\/\/eurosdiscounts.com\/wp-content\/uploads\/2022\/05\/5413184200787_h_f_l_0.webp\",\"contentUrl\":\"https:\/\/eurosdiscounts.com\/wp-content\/uploads\/2022\/05\/5413184200787_h_f_l_0.webp\",\"width\":500,\"height\":500},{\"@type\":\"BreadcrumbList\",\"@id\":\"https:\/\/eurosdiscounts.com\/index.php\/produit\/robot-patissier-kitchenaid-5ksm125eer-artisan-rouge-empire\/#breadcrumb\",\"itemListElement\":[{\"@type\":\"ListItem\",\"position\":1,\"name\":\"Accueil\",\"item\":\"https:\/\/eurosdiscounts.com\/\"},{\"@type\":\"ListItem\",\"position\":2,\"name\":\"Boutique\",\"item\":\"https:\/\/eurosdiscounts.com\/index.php\/boutique\/\"},{\"@type\":\"ListItem\",\"position\":3,\"name\":\"Robot p\u00e2tissier Kitchenaid 5KSM125EER Artisan Rouge Empire\"}]},{\"@type\":\"WebSite\",\"@id\":\"https:\/\/eurosdiscounts.com\/#website\",\"url\":\"https:\/\/eurosdiscounts.com\/\",\"name\":\"Eurosdiscounts.com- Achat sur Internet a prix discount, Canap\u00e9s pas cher, Smartphone pas cher, pc portable pas cher..\",\"description\":\"Eurosdiscounts.com- Achat sur Internet a prix discount, Canap\u00e9s pas cher, Smartphone pas cher, pc portable pas cher..\",\"potentialAction\":[{\"@type\":\"SearchAction\",\"target\":{\"@type\":\"EntryPoint\",\"urlTemplate\":\"https:\/\/eurosdiscounts.com\/?s={search_term_string}\"},\"query-input\":{\"@type\":\"PropertyValueSpecification\",\"valueRequired\":true,\"valueName\":\"search_term_string\"}}],\"inLanguage\":\"fr-FR\"}]}<\/script>\n<!-- \/ Yoast SEO plugin. -->","yoast_head_json":{"title":"Robot p\u00e2tissier Kitchenaid 5KSM125EER Artisan Rouge Empire - Eurosdiscounts.com- Achat sur Internet a prix discount, Canap\u00e9s pas cher, Smartphone pas cher, pc portable pas cher..","description":"Robot p\u00e2tissier Kitchenaid 5KSM125EER Artisan Rouge Empire","robots":{"index":"index","follow":"follow","max-snippet":"max-snippet:-1","max-image-preview":"max-image-preview:large","max-video-preview":"max-video-preview:-1"},"canonical":"https:\/\/eurosdiscounts.com\/index.php\/produit\/robot-patissier-kitchenaid-5ksm125eer-artisan-rouge-empire\/","og_locale":"fr_FR","og_type":"article","og_title":"Robot p\u00e2tissier Kitchenaid 5KSM125EER Artisan Rouge Empire - Eurosdiscounts.com- Achat sur Internet a prix discount, Canap\u00e9s pas cher, Smartphone pas cher, pc portable pas cher..","og_description":"Robot p\u00e2tissier Kitchenaid 5KSM125EER Artisan Rouge Empire","og_url":"https:\/\/eurosdiscounts.com\/index.php\/produit\/robot-patissier-kitchenaid-5ksm125eer-artisan-rouge-empire\/","og_site_name":"Eurosdiscounts.com- Achat sur Internet a prix discount, Canap\u00e9s pas cher, Smartphone pas cher, pc portable pas cher..","og_image":[{"width":500,"height":500,"url":"https:\/\/eurosdiscounts.com\/wp-content\/uploads\/2022\/05\/5413184200787_h_f_l_0.webp","type":"image\/webp"}],"twitter_card":"summary_large_image","twitter_misc":{"Dur\u00e9e de lecture estim\u00e9e":"2 minutes"},"schema":{"@context":"https:\/\/schema.org","@graph":[{"@type":"WebPage","@id":"https:\/\/eurosdiscounts.com\/index.php\/produit\/robot-patissier-kitchenaid-5ksm125eer-artisan-rouge-empire\/","url":"https:\/\/eurosdiscounts.com\/index.php\/produit\/robot-patissier-kitchenaid-5ksm125eer-artisan-rouge-empire\/","name":"Robot p\u00e2tissier Kitchenaid 5KSM125EER Artisan Rouge Empire - Eurosdiscounts.com- Achat sur Internet a prix discount, Canap\u00e9s pas cher, Smartphone pas cher, pc portable pas cher..","isPartOf":{"@id":"https:\/\/eurosdiscounts.com\/#website"},"primaryImageOfPage":{"@id":"https:\/\/eurosdiscounts.com\/index.php\/produit\/robot-patissier-kitchenaid-5ksm125eer-artisan-rouge-empire\/#primaryimage"},"image":{"@id":"https:\/\/eurosdiscounts.com\/index.php\/produit\/robot-patissier-kitchenaid-5ksm125eer-artisan-rouge-empire\/#primaryimage"},"thumbnailUrl":"https:\/\/eurosdiscounts.com\/wp-content\/uploads\/2022\/05\/5413184200787_h_f_l_0.webp","datePublished":"2022-05-01T12:58:18+00:00","description":"Robot p\u00e2tissier Kitchenaid 5KSM125EER Artisan Rouge Empire","breadcrumb":{"@id":"https:\/\/eurosdiscounts.com\/index.php\/produit\/robot-patissier-kitchenaid-5ksm125eer-artisan-rouge-empire\/#breadcrumb"},"inLanguage":"fr-FR","potentialAction":[{"@type":"ReadAction","target":["https:\/\/eurosdiscounts.com\/index.php\/produit\/robot-patissier-kitchenaid-5ksm125eer-artisan-rouge-empire\/"]}]},{"@type":"ImageObject","inLanguage":"fr-FR","@id":"https:\/\/eurosdiscounts.com\/index.php\/produit\/robot-patissier-kitchenaid-5ksm125eer-artisan-rouge-empire\/#primaryimage","url":"https:\/\/eurosdiscounts.com\/wp-content\/uploads\/2022\/05\/5413184200787_h_f_l_0.webp","contentUrl":"https:\/\/eurosdiscounts.com\/wp-content\/uploads\/2022\/05\/5413184200787_h_f_l_0.webp","width":500,"height":500},{"@type":"BreadcrumbList","@id":"https:\/\/eurosdiscounts.com\/index.php\/produit\/robot-patissier-kitchenaid-5ksm125eer-artisan-rouge-empire\/#breadcrumb","itemListElement":[{"@type":"ListItem","position":1,"name":"Accueil","item":"https:\/\/eurosdiscounts.com\/"},{"@type":"ListItem","position":2,"name":"Boutique","item":"https:\/\/eurosdiscounts.com\/index.php\/boutique\/"},{"@type":"ListItem","position":3,"name":"Robot p\u00e2tissier Kitchenaid 5KSM125EER Artisan Rouge Empire"}]},{"@type":"WebSite","@id":"https:\/\/eurosdiscounts.com\/#website","url":"https:\/\/eurosdiscounts.com\/","name":"Eurosdiscounts.com- Achat sur Internet a prix discount, Canap\u00e9s pas cher, Smartphone pas cher, pc portable pas cher..","description":"Eurosdiscounts.com- Achat sur Internet a prix discount, Canap\u00e9s pas cher, Smartphone pas cher, pc portable pas cher..","potentialAction":[{"@type":"SearchAction","target":{"@type":"EntryPoint","urlTemplate":"https:\/\/eurosdiscounts.com\/?s={search_term_string}"},"query-input":{"@type":"PropertyValueSpecification","valueRequired":true,"valueName":"search_term_string"}}],"inLanguage":"fr-FR"}]}},"_links":{"self":[{"href":"https:\/\/eurosdiscounts.com\/index.php\/wp-json\/wp\/v2\/product\/17999","targetHints":{"allow":["GET"]}}],"collection":[{"href":"https:\/\/eurosdiscounts.com\/index.php\/wp-json\/wp\/v2\/product"}],"about":[{"href":"https:\/\/eurosdiscounts.com\/index.php\/wp-json\/wp\/v2\/types\/product"}],"replies":[{"embeddable":true,"href":"https:\/\/eurosdiscounts.com\/index.php\/wp-json\/wp\/v2\/comments?post=17999"}],"wp:featuredmedia":[{"embeddable":true,"href":"https:\/\/eurosdiscounts.com\/index.php\/wp-json\/wp\/v2\/media\/18000"}],"wp:attachment":[{"href":"https:\/\/eurosdiscounts.com\/index.php\/wp-json\/wp\/v2\/media?parent=17999"}],"wp:term":[{"taxonomy":"product_cat","embeddable":true,"href":"https:\/\/eurosdiscounts.com\/index.php\/wp-json\/wp\/v2\/product_cat?post=17999"},{"taxonomy":"product_tag","embeddable":true,"href":"https:\/\/eurosdiscounts.com\/index.php\/wp-json\/wp\/v2\/product_tag?post=17999"}],"curies":[{"name":"wp","href":"https:\/\/api.w.org\/{rel}","templated":true}]}}