{"id":17884,"date":"2022-04-30T23:42:23","date_gmt":"2022-04-30T21:42:23","guid":{"rendered":"https:\/\/eurosdiscounts.com\/?post_type=product&#038;p=17884"},"modified":"2022-04-30T23:42:24","modified_gmt":"2022-04-30T21:42:24","slug":"nettoyeur-vapeur-sc-5-easyfix","status":"publish","type":"product","link":"https:\/\/eurosdiscounts.com\/index.php\/produit\/nettoyeur-vapeur-sc-5-easyfix\/","title":{"rendered":"NETTOYEUR VAPEUR SC 5 EasyFix"},"content":{"rendered":"<p>Nettoyer \u00e0 toute vapeur ! C\u2019est possible avec le SC 5\u00a0<span class=\"fix-spelling\">EasyFix<\/span>\u00a0de K\u00e4rcher. Le nettoyeur vapeur le plus puissant de sa cat\u00e9gorie (pression de 4,2 bars). L\u2019appareil n\u2019utilise en outre aucun produit chimique, et un nettoyage en profondeur permet d\u2019\u00e9liminer 99,99 % des bact\u00e9ries domestiques communes des surfaces dures habituelles. Gr\u00e2ce aux nombreux accessoires, carrelage, cuisini\u00e8re et hotte aspirante pourront \u00eatre nettoy\u00e9s jusque dans les moindres interstices de mani\u00e8re optimale, quel que soit leur degr\u00e9 de salet\u00e9. La buse de sol\u00a0<span class=\"fix-spelling\">EasyFix<\/span>\u00a0\u00e0 articulation flexible assure une utilisation ergonomique. La serpill\u00e8re en microfibres se fixe tr\u00e8s facilement \u00e0 la buse de sol, sans toucher la salet\u00e9. La fonction\u00a0<span class=\"fix-spelling\">VapoHydro<\/span>\u00a0\u00e9limine la salet\u00e9 incrust\u00e9e encore plus facilement, gr\u00e2ce \u00e0 l\u2019action de l\u2019eau chaude. L\u2019intensit\u00e9 de la vapeur est r\u00e9glable, et s\u2019adapte ainsi au type de surface et au degr\u00e9 de salet\u00e9. Le r\u00e9servoir d\u2019eau amovible peut \u00eatre rempli \u00e0 tout moment : id\u00e9al pour nettoyer sans s\u2019arr\u00eater. Autres points forts : rangement pour cordon int\u00e9gr\u00e9, compartiment pour accessoires, point d\u2019ancrage pour la buse de sol.<\/p>\n","protected":false},"excerpt":{"rendered":"<h3>Donn\u00e9es techniques<\/h3>\n<table class=\"table\">\n<tbody>\n<tr>\n<td>Certificat de test*<\/td>\n<td>\u00c9limine jusqu\u2019\u00e0 99.999% des coronavirus et 99.9% des bacteries<\/td>\n<\/tr>\n<tr>\n<td>Rendement surfacique par volume de r\u00e9servoir (approx.) (m\u00b2)<\/td>\n<td>env. 150<\/td>\n<\/tr>\n<tr>\n<td>Puissance de chauffe (W)<\/td>\n<td>2200<\/td>\n<\/tr>\n<tr>\n<td>Pression vapeur max. (bar)<\/td>\n<td>max. 4,2<\/td>\n<\/tr>\n<tr>\n<td>Longueur de c\u00e2ble (m)<\/td>\n<td>6<\/td>\n<\/tr>\n<tr>\n<td>Temps de pr\u00e9chauffage (min)<\/td>\n<td>3<\/td>\n<\/tr>\n<tr>\n<td>Capacit\u00e9 du r\u00e9servoir (l)<\/td>\n<td>0,5 \/ 1,5 \/ (r\u00e9servoir amovible)<\/td>\n<\/tr>\n<tr>\n<td>Raccordement \u00e9lectrique (Ph\/V\/<span class=\"fix-spelling\">Hz<\/span>)<\/td>\n<td>1 \/ 220 &#8211; 240 \/ 50<\/td>\n<\/tr>\n<tr>\n<td>Poids (sans accessoires) (kg)<\/td>\n<td>6<\/td>\n<\/tr>\n<tr>\n<td>Poids (emballage inclus) (kg)<\/td>\n<td>8,8<\/td>\n<\/tr>\n<tr>\n<td>Dimensions (L x l x h) (mm)<\/td>\n<td>439 x 301 x 305<\/td>\n<\/tr>\n<tr>\n<td>&#8212;<\/td>\n<td>* Les tests r\u00e9alis\u00e9s ont montr\u00e9 que sur une zone nettoy\u00e9e pendant 30 secondes avec un niveau de vapeur maximum, un contact direct avec la surface \u00e0 nettoyer et un nettoyeur vapeur K\u00e4rcher, 99.999% des virus envelopp\u00e9s tels que le coronavirus ou la grippe (\u00e0 l\u2019exclusion de l\u2019h\u00e9patite B) peuvent \u00eatre \u00e9limin\u00e9s sur les surfaces dures et lisses courantes de la maison (germe test : virus Vaccinia-Ankara modifi\u00e9) ** Dans le cadre d\u2019un nettoyage approfondi des surfaces dures domestiques, avec une vitesse de nettoyage de 30 cm\/s, un niveau de vapeur maximum et un contact direct avec la surface \u00e0 nettoyer, les nettoyeurs vapeur K\u00e4rcher \u00e9liminent 99,99% des bact\u00e9ries domestiques courantes (germe test : Enterococcus hirae).<\/td>\n<\/tr>\n<\/tbody>\n<\/table>\n<p>&nbsp;<\/p>\n<h3>\u00c9quipement<\/h3>\n<ul>\n<li>S\u00e9curit\u00e9 enfant<\/li>\n<li>Valve de s\u00e9curit\u00e9 avec disque de rupture<\/li>\n<li>R\u00e9glage du d\u00e9bit de vapeur, sur l\u2019appareil (plusieurs niveaux)<\/li>\n<li>Entonnoir de remplissage int\u00e9gr\u00e9<\/li>\n<li>Syst\u00e8me \u00e0 deux r\u00e9servoirs<\/li>\n<li>Kit nettoyage des sols, Easy Fix + tube prolongateur (2\u00a0\u00d7\u00a00,5\u00a0m)<\/li>\n<li>Accessoires, Suceur \u00e0 main, buse \u00e0 jet crayon, brosse ronde (petite)<\/li>\n<li>Serpilli\u00e8re en microfibre pour sols, 1 pi\u00e8ce(s)<\/li>\n<li>Bonnette microfibre pour le suceur \u00e0 main, 1 pi\u00e8ce(s)<\/li>\n<li>D\u00e9tartrant poudre<\/li>\n<li>Rangement des accessoires sur l&rsquo;appareil et position parking<\/li>\n<li>Flexible vapeur avec poign\u00e9e, 2.3 m<\/li>\n<li>Prise pour le fer \u00e0 repasser optionnel<\/li>\n<li>Interrupteur ON\/OFF int\u00e9gr\u00e9<\/li>\n<li>Fonction\u00a0<span class=\"fix-spelling\">VapoHydro<\/span><\/li>\n<\/ul>\n","protected":false},"featured_media":17885,"comment_status":"open","ping_status":"closed","template":"","meta":[],"product_cat":[246],"product_tag":[],"class_list":{"0":"post-17884","1":"product","2":"type-product","3":"status-publish","4":"has-post-thumbnail","6":"product_cat-nettoyeur-vapeur","8":"first","9":"instock","10":"sale","11":"shipping-taxable","12":"purchasable","13":"product-type-simple","14":"col-xs-6 col-sm-4","15":"col-md-3 col-lg-3","16":"un-4-cols"},"yoast_head":"<!-- This site is optimized with the Yoast SEO plugin v27.0 - https:\/\/yoast.com\/product\/yoast-seo-wordpress\/ -->\n<title>NETTOYEUR VAPEUR SC 5 EasyFix - Eurosdiscounts.com- Achat sur Internet a prix discount, Canap\u00e9s pas cher, Smartphone pas cher, pc portable pas cher..<\/title>\n<meta name=\"description\" content=\"SC 5 EasyFix de K\u00e4rcher. Le nettoyeur vapeur le plus puissant de sa cat\u00e9gorie (pression de 4,2 bars). L\u2019appareil n\u2019utilise en outre aucun produit chimique, et un nettoyage en profondeur permet d\u2019\u00e9liminer 99,99 % des bact\u00e9ries domestiques communes des surfaces dures habituelles\" \/>\n<meta name=\"robots\" content=\"index, follow, max-snippet:-1, max-image-preview:large, max-video-preview:-1\" \/>\n<link rel=\"canonical\" href=\"https:\/\/eurosdiscounts.com\/index.php\/produit\/nettoyeur-vapeur-sc-5-easyfix\/\" \/>\n<meta property=\"og:locale\" content=\"fr_FR\" \/>\n<meta property=\"og:type\" content=\"article\" \/>\n<meta property=\"og:title\" content=\"NETTOYEUR VAPEUR SC 5 EasyFix - Eurosdiscounts.com- Achat sur Internet a prix discount, Canap\u00e9s pas cher, Smartphone pas cher, pc portable pas cher..\" \/>\n<meta property=\"og:description\" content=\"SC 5 EasyFix de K\u00e4rcher. Le nettoyeur vapeur le plus puissant de sa cat\u00e9gorie (pression de 4,2 bars). L\u2019appareil n\u2019utilise en outre aucun produit chimique, et un nettoyage en profondeur permet d\u2019\u00e9liminer 99,99 % des bact\u00e9ries domestiques communes des surfaces dures habituelles\" \/>\n<meta property=\"og:url\" content=\"https:\/\/eurosdiscounts.com\/index.php\/produit\/nettoyeur-vapeur-sc-5-easyfix\/\" \/>\n<meta property=\"og:site_name\" content=\"Eurosdiscounts.com- Achat sur Internet a prix discount, Canap\u00e9s pas cher, Smartphone pas cher, pc portable pas cher..\" \/>\n<meta property=\"article:modified_time\" content=\"2022-04-30T21:42:24+00:00\" \/>\n<meta property=\"og:image\" content=\"https:\/\/eurosdiscounts.com\/wp-content\/uploads\/2022\/04\/d1-20.jpg\" \/>\n\t<meta property=\"og:image:width\" content=\"1200\" \/>\n\t<meta property=\"og:image:height\" content=\"1200\" \/>\n\t<meta property=\"og:image:type\" content=\"image\/jpeg\" \/>\n<meta name=\"twitter:card\" content=\"summary_large_image\" \/>\n<meta name=\"twitter:label1\" content=\"Dur\u00e9e de lecture estim\u00e9e\" \/>\n\t<meta name=\"twitter:data1\" content=\"1 minute\" \/>\n<script type=\"application\/ld+json\" class=\"yoast-schema-graph\">{\"@context\":\"https:\/\/schema.org\",\"@graph\":[{\"@type\":\"WebPage\",\"@id\":\"https:\/\/eurosdiscounts.com\/index.php\/produit\/nettoyeur-vapeur-sc-5-easyfix\/\",\"url\":\"https:\/\/eurosdiscounts.com\/index.php\/produit\/nettoyeur-vapeur-sc-5-easyfix\/\",\"name\":\"NETTOYEUR VAPEUR SC 5 EasyFix - Eurosdiscounts.com- Achat sur Internet a prix discount, Canap\u00e9s pas cher, Smartphone pas cher, pc portable pas cher..\",\"isPartOf\":{\"@id\":\"https:\/\/eurosdiscounts.com\/#website\"},\"primaryImageOfPage\":{\"@id\":\"https:\/\/eurosdiscounts.com\/index.php\/produit\/nettoyeur-vapeur-sc-5-easyfix\/#primaryimage\"},\"image\":{\"@id\":\"https:\/\/eurosdiscounts.com\/index.php\/produit\/nettoyeur-vapeur-sc-5-easyfix\/#primaryimage\"},\"thumbnailUrl\":\"https:\/\/eurosdiscounts.com\/wp-content\/uploads\/2022\/04\/d1-20.jpg\",\"datePublished\":\"2022-04-30T21:42:23+00:00\",\"dateModified\":\"2022-04-30T21:42:24+00:00\",\"description\":\"SC 5 EasyFix de K\u00e4rcher. Le nettoyeur vapeur le plus puissant de sa cat\u00e9gorie (pression de 4,2 bars). L\u2019appareil n\u2019utilise en outre aucun produit chimique, et un nettoyage en profondeur permet d\u2019\u00e9liminer 99,99 % des bact\u00e9ries domestiques communes des surfaces dures habituelles\",\"breadcrumb\":{\"@id\":\"https:\/\/eurosdiscounts.com\/index.php\/produit\/nettoyeur-vapeur-sc-5-easyfix\/#breadcrumb\"},\"inLanguage\":\"fr-FR\",\"potentialAction\":[{\"@type\":\"ReadAction\",\"target\":[\"https:\/\/eurosdiscounts.com\/index.php\/produit\/nettoyeur-vapeur-sc-5-easyfix\/\"]}]},{\"@type\":\"ImageObject\",\"inLanguage\":\"fr-FR\",\"@id\":\"https:\/\/eurosdiscounts.com\/index.php\/produit\/nettoyeur-vapeur-sc-5-easyfix\/#primaryimage\",\"url\":\"https:\/\/eurosdiscounts.com\/wp-content\/uploads\/2022\/04\/d1-20.jpg\",\"contentUrl\":\"https:\/\/eurosdiscounts.com\/wp-content\/uploads\/2022\/04\/d1-20.jpg\",\"width\":1200,\"height\":1200},{\"@type\":\"BreadcrumbList\",\"@id\":\"https:\/\/eurosdiscounts.com\/index.php\/produit\/nettoyeur-vapeur-sc-5-easyfix\/#breadcrumb\",\"itemListElement\":[{\"@type\":\"ListItem\",\"position\":1,\"name\":\"Accueil\",\"item\":\"https:\/\/eurosdiscounts.com\/\"},{\"@type\":\"ListItem\",\"position\":2,\"name\":\"Boutique\",\"item\":\"https:\/\/eurosdiscounts.com\/index.php\/boutique\/\"},{\"@type\":\"ListItem\",\"position\":3,\"name\":\"NETTOYEUR VAPEUR SC 5 EasyFix\"}]},{\"@type\":\"WebSite\",\"@id\":\"https:\/\/eurosdiscounts.com\/#website\",\"url\":\"https:\/\/eurosdiscounts.com\/\",\"name\":\"Eurosdiscounts.com- Achat sur Internet a prix discount, Canap\u00e9s pas cher, Smartphone pas cher, pc portable pas cher..\",\"description\":\"Eurosdiscounts.com- Achat sur Internet a prix discount, Canap\u00e9s pas cher, Smartphone pas cher, pc portable pas cher..\",\"potentialAction\":[{\"@type\":\"SearchAction\",\"target\":{\"@type\":\"EntryPoint\",\"urlTemplate\":\"https:\/\/eurosdiscounts.com\/?s={search_term_string}\"},\"query-input\":{\"@type\":\"PropertyValueSpecification\",\"valueRequired\":true,\"valueName\":\"search_term_string\"}}],\"inLanguage\":\"fr-FR\"}]}<\/script>\n<!-- \/ Yoast SEO plugin. -->","yoast_head_json":{"title":"NETTOYEUR VAPEUR SC 5 EasyFix - Eurosdiscounts.com- Achat sur Internet a prix discount, Canap\u00e9s pas cher, Smartphone pas cher, pc portable pas cher..","description":"SC 5 EasyFix de K\u00e4rcher. Le nettoyeur vapeur le plus puissant de sa cat\u00e9gorie (pression de 4,2 bars). L\u2019appareil n\u2019utilise en outre aucun produit chimique, et un nettoyage en profondeur permet d\u2019\u00e9liminer 99,99 % des bact\u00e9ries domestiques communes des surfaces dures habituelles","robots":{"index":"index","follow":"follow","max-snippet":"max-snippet:-1","max-image-preview":"max-image-preview:large","max-video-preview":"max-video-preview:-1"},"canonical":"https:\/\/eurosdiscounts.com\/index.php\/produit\/nettoyeur-vapeur-sc-5-easyfix\/","og_locale":"fr_FR","og_type":"article","og_title":"NETTOYEUR VAPEUR SC 5 EasyFix - Eurosdiscounts.com- Achat sur Internet a prix discount, Canap\u00e9s pas cher, Smartphone pas cher, pc portable pas cher..","og_description":"SC 5 EasyFix de K\u00e4rcher. Le nettoyeur vapeur le plus puissant de sa cat\u00e9gorie (pression de 4,2 bars). L\u2019appareil n\u2019utilise en outre aucun produit chimique, et un nettoyage en profondeur permet d\u2019\u00e9liminer 99,99 % des bact\u00e9ries domestiques communes des surfaces dures habituelles","og_url":"https:\/\/eurosdiscounts.com\/index.php\/produit\/nettoyeur-vapeur-sc-5-easyfix\/","og_site_name":"Eurosdiscounts.com- Achat sur Internet a prix discount, Canap\u00e9s pas cher, Smartphone pas cher, pc portable pas cher..","article_modified_time":"2022-04-30T21:42:24+00:00","og_image":[{"width":1200,"height":1200,"url":"https:\/\/eurosdiscounts.com\/wp-content\/uploads\/2022\/04\/d1-20.jpg","type":"image\/jpeg"}],"twitter_card":"summary_large_image","twitter_misc":{"Dur\u00e9e de lecture estim\u00e9e":"1 minute"},"schema":{"@context":"https:\/\/schema.org","@graph":[{"@type":"WebPage","@id":"https:\/\/eurosdiscounts.com\/index.php\/produit\/nettoyeur-vapeur-sc-5-easyfix\/","url":"https:\/\/eurosdiscounts.com\/index.php\/produit\/nettoyeur-vapeur-sc-5-easyfix\/","name":"NETTOYEUR VAPEUR SC 5 EasyFix - Eurosdiscounts.com- Achat sur Internet a prix discount, Canap\u00e9s pas cher, Smartphone pas cher, pc portable pas cher..","isPartOf":{"@id":"https:\/\/eurosdiscounts.com\/#website"},"primaryImageOfPage":{"@id":"https:\/\/eurosdiscounts.com\/index.php\/produit\/nettoyeur-vapeur-sc-5-easyfix\/#primaryimage"},"image":{"@id":"https:\/\/eurosdiscounts.com\/index.php\/produit\/nettoyeur-vapeur-sc-5-easyfix\/#primaryimage"},"thumbnailUrl":"https:\/\/eurosdiscounts.com\/wp-content\/uploads\/2022\/04\/d1-20.jpg","datePublished":"2022-04-30T21:42:23+00:00","dateModified":"2022-04-30T21:42:24+00:00","description":"SC 5 EasyFix de K\u00e4rcher. Le nettoyeur vapeur le plus puissant de sa cat\u00e9gorie (pression de 4,2 bars). L\u2019appareil n\u2019utilise en outre aucun produit chimique, et un nettoyage en profondeur permet d\u2019\u00e9liminer 99,99 % des bact\u00e9ries domestiques communes des surfaces dures habituelles","breadcrumb":{"@id":"https:\/\/eurosdiscounts.com\/index.php\/produit\/nettoyeur-vapeur-sc-5-easyfix\/#breadcrumb"},"inLanguage":"fr-FR","potentialAction":[{"@type":"ReadAction","target":["https:\/\/eurosdiscounts.com\/index.php\/produit\/nettoyeur-vapeur-sc-5-easyfix\/"]}]},{"@type":"ImageObject","inLanguage":"fr-FR","@id":"https:\/\/eurosdiscounts.com\/index.php\/produit\/nettoyeur-vapeur-sc-5-easyfix\/#primaryimage","url":"https:\/\/eurosdiscounts.com\/wp-content\/uploads\/2022\/04\/d1-20.jpg","contentUrl":"https:\/\/eurosdiscounts.com\/wp-content\/uploads\/2022\/04\/d1-20.jpg","width":1200,"height":1200},{"@type":"BreadcrumbList","@id":"https:\/\/eurosdiscounts.com\/index.php\/produit\/nettoyeur-vapeur-sc-5-easyfix\/#breadcrumb","itemListElement":[{"@type":"ListItem","position":1,"name":"Accueil","item":"https:\/\/eurosdiscounts.com\/"},{"@type":"ListItem","position":2,"name":"Boutique","item":"https:\/\/eurosdiscounts.com\/index.php\/boutique\/"},{"@type":"ListItem","position":3,"name":"NETTOYEUR VAPEUR SC 5 EasyFix"}]},{"@type":"WebSite","@id":"https:\/\/eurosdiscounts.com\/#website","url":"https:\/\/eurosdiscounts.com\/","name":"Eurosdiscounts.com- Achat sur Internet a prix discount, Canap\u00e9s pas cher, Smartphone pas cher, pc portable pas cher..","description":"Eurosdiscounts.com- Achat sur Internet a prix discount, Canap\u00e9s pas cher, Smartphone pas cher, pc portable pas cher..","potentialAction":[{"@type":"SearchAction","target":{"@type":"EntryPoint","urlTemplate":"https:\/\/eurosdiscounts.com\/?s={search_term_string}"},"query-input":{"@type":"PropertyValueSpecification","valueRequired":true,"valueName":"search_term_string"}}],"inLanguage":"fr-FR"}]}},"_links":{"self":[{"href":"https:\/\/eurosdiscounts.com\/index.php\/wp-json\/wp\/v2\/product\/17884","targetHints":{"allow":["GET"]}}],"collection":[{"href":"https:\/\/eurosdiscounts.com\/index.php\/wp-json\/wp\/v2\/product"}],"about":[{"href":"https:\/\/eurosdiscounts.com\/index.php\/wp-json\/wp\/v2\/types\/product"}],"replies":[{"embeddable":true,"href":"https:\/\/eurosdiscounts.com\/index.php\/wp-json\/wp\/v2\/comments?post=17884"}],"wp:featuredmedia":[{"embeddable":true,"href":"https:\/\/eurosdiscounts.com\/index.php\/wp-json\/wp\/v2\/media\/17885"}],"wp:attachment":[{"href":"https:\/\/eurosdiscounts.com\/index.php\/wp-json\/wp\/v2\/media?parent=17884"}],"wp:term":[{"taxonomy":"product_cat","embeddable":true,"href":"https:\/\/eurosdiscounts.com\/index.php\/wp-json\/wp\/v2\/product_cat?post=17884"},{"taxonomy":"product_tag","embeddable":true,"href":"https:\/\/eurosdiscounts.com\/index.php\/wp-json\/wp\/v2\/product_tag?post=17884"}],"curies":[{"name":"wp","href":"https:\/\/api.w.org\/{rel}","templated":true}]}}