{"id":17824,"date":"2022-04-30T22:57:48","date_gmt":"2022-04-30T20:57:48","guid":{"rendered":"https:\/\/eurosdiscounts.com\/?post_type=product&#038;p=17824"},"modified":"2022-04-30T22:57:48","modified_gmt":"2022-04-30T20:57:48","slug":"tondeuse-a-gazon-lmo-18-33-sans-batterie","status":"publish","type":"product","link":"https:\/\/eurosdiscounts.com\/index.php\/produit\/tondeuse-a-gazon-lmo-18-33-sans-batterie\/","title":{"rendered":"TONDEUSE \u00c0 GAZON LMO 18-33 (SANS BATTERIE)"},"content":{"rendered":"<p>la tondeuse sans fil LMO 18-33 Battery fait de la tonte un jeu d&rsquo;enfants, m\u00eame sur les pelouses \u00e0 la topographie complexe. Son syst\u00e8me de tonte 2\u00a0en\u00a01 laisse le choix \u00e0 l&rsquo;utilisateur\u00a0: l&rsquo;herbe coup\u00e9e peut \u00eatre soit collect\u00e9e dans le bac de ramassage soit r\u00e9partie sur la pelouse \u00e0 l&rsquo;aide de l&rsquo;obturateur mulching afin de servir d&rsquo;engrais naturel. Cette tondeuse sans fil met en outre un terme aux brins d&rsquo;herbe effiloch\u00e9s \u00e9tant donn\u00e9 que sa lame d&rsquo;acier aff\u00fbt\u00e9e garantit un r\u00e9sultat de coupe net en permanence. Gr\u00e2ce \u00e0 sa poign\u00e9e en mousse au toucher agr\u00e9able et aux interrupteurs situ\u00e9s des deux c\u00f4t\u00e9s, la tondeuse offre une utilisation confortable. Lorsque le bac de ramassage est plein, l&rsquo;indicateur de niveau de remplissage pratique signale qu&rsquo;il doit \u00eatre vid\u00e9. Autres atouts\u00a0: la cl\u00e9 de s\u00e9curit\u00e9 emp\u00eachant tout d\u00e9marrage accidentel qui sert de s\u00e9curit\u00e9 enfants, le guidon r\u00e9glable en hauteur pour une posture de travail agr\u00e9able, le design rabattable pour un rangement peu encombrant et les guide-herbes permettant de saisir et de couper avec pr\u00e9cision l&rsquo;herbe pr\u00e8s des bordures.<\/p>\n","protected":false},"excerpt":{"rendered":"<h3>Donn\u00e9es techniques<\/h3>\n<table class=\"table\">\n<tbody>\n<tr>\n<td>Appareils sans fil<\/td>\n<td><\/td>\n<\/tr>\n<tr>\n<td>Plateforme batterie<\/td>\n<td>Plateforme de batteries 18 V<\/td>\n<\/tr>\n<tr>\n<td>Largeur de coupe (cm)<\/td>\n<td>33<\/td>\n<\/tr>\n<tr>\n<td>Hauteur de coupe (mm)<\/td>\n<td>35 &#8211; 65<\/td>\n<\/tr>\n<tr>\n<td>Hauteur de coupe ajustable<\/td>\n<td>4x<\/td>\n<\/tr>\n<tr>\n<td>Vitesse de rotation (U\/min)<\/td>\n<td>4000<\/td>\n<\/tr>\n<tr>\n<td>Tension (V)<\/td>\n<td>18<\/td>\n<\/tr>\n<tr>\n<td>Autonomie par charge de la batterie (m\u00b2)<\/td>\n<td>max. 125 (2,5 Ah) \/ max. 250 (5 Ah)<\/td>\n<\/tr>\n<tr>\n<td>Autonomie par charge de batterie (min)<\/td>\n<td>max. 12 (2,5 Ah) \/ max. 24 (5 Ah)<\/td>\n<\/tr>\n<tr>\n<td>Poids (sans accessoires) (kg)<\/td>\n<td>11,6<\/td>\n<\/tr>\n<tr>\n<td>Dimensions (L x l x h) (mm)<\/td>\n<td>1251 x 371 x 992<\/td>\n<\/tr>\n<tr>\n<td>&#8212;<\/td>\n<td>* Hauteur de coupe : niveau 4<\/td>\n<\/tr>\n<\/tbody>\n<\/table>\n<p>&nbsp;<\/p>\n<h3>\u00c9quipement<\/h3>\n<ul>\n<li>Variante, Batterie non incluse<\/li>\n<li>Kit mulching<\/li>\n<li>Lame<\/li>\n<li>Poign\u00e9e de transport int\u00e9gr\u00e9e<\/li>\n<li>Indicateur du niveau d&rsquo;eau<\/li>\n<\/ul>\n","protected":false},"featured_media":17825,"comment_status":"open","ping_status":"closed","template":"","meta":[],"product_cat":[245],"product_tag":[],"class_list":{"0":"post-17824","1":"product","2":"type-product","3":"status-publish","4":"has-post-thumbnail","6":"product_cat-tondeuse-a-gazon","8":"first","9":"instock","10":"sale","11":"shipping-taxable","12":"purchasable","13":"product-type-simple","14":"col-xs-6 col-sm-4","15":"col-md-3 col-lg-3","16":"un-4-cols"},"yoast_head":"<!-- This site is optimized with the Yoast SEO plugin v27.0 - https:\/\/yoast.com\/product\/yoast-seo-wordpress\/ -->\n<title>TONDEUSE \u00c0 GAZON LMO 18-33 (SANS BATTERIE) - Eurosdiscounts.com- Achat sur Internet a prix discount, Canap\u00e9s pas cher, Smartphone pas cher, pc portable pas cher..<\/title>\n<meta name=\"description\" content=\"TONDEUSE \u00c0 GAZON LMO 18-33 (SANS BATTERIE)\" \/>\n<meta name=\"robots\" content=\"index, follow, max-snippet:-1, max-image-preview:large, max-video-preview:-1\" \/>\n<link rel=\"canonical\" href=\"https:\/\/eurosdiscounts.com\/index.php\/produit\/tondeuse-a-gazon-lmo-18-33-sans-batterie\/\" \/>\n<meta property=\"og:locale\" content=\"fr_FR\" \/>\n<meta property=\"og:type\" content=\"article\" \/>\n<meta property=\"og:title\" content=\"TONDEUSE \u00c0 GAZON LMO 18-33 (SANS BATTERIE) - Eurosdiscounts.com- Achat sur Internet a prix discount, Canap\u00e9s pas cher, Smartphone pas cher, pc portable pas cher..\" \/>\n<meta property=\"og:description\" content=\"TONDEUSE \u00c0 GAZON LMO 18-33 (SANS BATTERIE)\" \/>\n<meta property=\"og:url\" content=\"https:\/\/eurosdiscounts.com\/index.php\/produit\/tondeuse-a-gazon-lmo-18-33-sans-batterie\/\" \/>\n<meta property=\"og:site_name\" content=\"Eurosdiscounts.com- Achat sur Internet a prix discount, Canap\u00e9s pas cher, Smartphone pas cher, pc portable pas cher..\" \/>\n<meta property=\"og:image\" content=\"https:\/\/eurosdiscounts.com\/wp-content\/uploads\/2022\/04\/d1-14.jpg\" \/>\n\t<meta property=\"og:image:width\" content=\"1200\" \/>\n\t<meta property=\"og:image:height\" content=\"1200\" \/>\n\t<meta property=\"og:image:type\" content=\"image\/jpeg\" \/>\n<meta name=\"twitter:card\" content=\"summary_large_image\" \/>\n<meta name=\"twitter:label1\" content=\"Dur\u00e9e de lecture estim\u00e9e\" \/>\n\t<meta name=\"twitter:data1\" content=\"1 minute\" \/>\n<script type=\"application\/ld+json\" class=\"yoast-schema-graph\">{\"@context\":\"https:\/\/schema.org\",\"@graph\":[{\"@type\":\"WebPage\",\"@id\":\"https:\/\/eurosdiscounts.com\/index.php\/produit\/tondeuse-a-gazon-lmo-18-33-sans-batterie\/\",\"url\":\"https:\/\/eurosdiscounts.com\/index.php\/produit\/tondeuse-a-gazon-lmo-18-33-sans-batterie\/\",\"name\":\"TONDEUSE \u00c0 GAZON LMO 18-33 (SANS BATTERIE) - Eurosdiscounts.com- Achat sur Internet a prix discount, Canap\u00e9s pas cher, Smartphone pas cher, pc portable pas cher..\",\"isPartOf\":{\"@id\":\"https:\/\/eurosdiscounts.com\/#website\"},\"primaryImageOfPage\":{\"@id\":\"https:\/\/eurosdiscounts.com\/index.php\/produit\/tondeuse-a-gazon-lmo-18-33-sans-batterie\/#primaryimage\"},\"image\":{\"@id\":\"https:\/\/eurosdiscounts.com\/index.php\/produit\/tondeuse-a-gazon-lmo-18-33-sans-batterie\/#primaryimage\"},\"thumbnailUrl\":\"https:\/\/eurosdiscounts.com\/wp-content\/uploads\/2022\/04\/d1-14.jpg\",\"datePublished\":\"2022-04-30T20:57:48+00:00\",\"description\":\"TONDEUSE \u00c0 GAZON LMO 18-33 (SANS BATTERIE)\",\"breadcrumb\":{\"@id\":\"https:\/\/eurosdiscounts.com\/index.php\/produit\/tondeuse-a-gazon-lmo-18-33-sans-batterie\/#breadcrumb\"},\"inLanguage\":\"fr-FR\",\"potentialAction\":[{\"@type\":\"ReadAction\",\"target\":[\"https:\/\/eurosdiscounts.com\/index.php\/produit\/tondeuse-a-gazon-lmo-18-33-sans-batterie\/\"]}]},{\"@type\":\"ImageObject\",\"inLanguage\":\"fr-FR\",\"@id\":\"https:\/\/eurosdiscounts.com\/index.php\/produit\/tondeuse-a-gazon-lmo-18-33-sans-batterie\/#primaryimage\",\"url\":\"https:\/\/eurosdiscounts.com\/wp-content\/uploads\/2022\/04\/d1-14.jpg\",\"contentUrl\":\"https:\/\/eurosdiscounts.com\/wp-content\/uploads\/2022\/04\/d1-14.jpg\",\"width\":1200,\"height\":1200},{\"@type\":\"BreadcrumbList\",\"@id\":\"https:\/\/eurosdiscounts.com\/index.php\/produit\/tondeuse-a-gazon-lmo-18-33-sans-batterie\/#breadcrumb\",\"itemListElement\":[{\"@type\":\"ListItem\",\"position\":1,\"name\":\"Accueil\",\"item\":\"https:\/\/eurosdiscounts.com\/\"},{\"@type\":\"ListItem\",\"position\":2,\"name\":\"Boutique\",\"item\":\"https:\/\/eurosdiscounts.com\/index.php\/boutique\/\"},{\"@type\":\"ListItem\",\"position\":3,\"name\":\"TONDEUSE \u00c0 GAZON LMO 18-33 (SANS BATTERIE)\"}]},{\"@type\":\"WebSite\",\"@id\":\"https:\/\/eurosdiscounts.com\/#website\",\"url\":\"https:\/\/eurosdiscounts.com\/\",\"name\":\"Eurosdiscounts.com- Achat sur Internet a prix discount, Canap\u00e9s pas cher, Smartphone pas cher, pc portable pas cher..\",\"description\":\"Eurosdiscounts.com- Achat sur Internet a prix discount, Canap\u00e9s pas cher, Smartphone pas cher, pc portable pas cher..\",\"potentialAction\":[{\"@type\":\"SearchAction\",\"target\":{\"@type\":\"EntryPoint\",\"urlTemplate\":\"https:\/\/eurosdiscounts.com\/?s={search_term_string}\"},\"query-input\":{\"@type\":\"PropertyValueSpecification\",\"valueRequired\":true,\"valueName\":\"search_term_string\"}}],\"inLanguage\":\"fr-FR\"}]}<\/script>\n<!-- \/ Yoast SEO plugin. -->","yoast_head_json":{"title":"TONDEUSE \u00c0 GAZON LMO 18-33 (SANS BATTERIE) - Eurosdiscounts.com- Achat sur Internet a prix discount, Canap\u00e9s pas cher, Smartphone pas cher, pc portable pas cher..","description":"TONDEUSE \u00c0 GAZON LMO 18-33 (SANS BATTERIE)","robots":{"index":"index","follow":"follow","max-snippet":"max-snippet:-1","max-image-preview":"max-image-preview:large","max-video-preview":"max-video-preview:-1"},"canonical":"https:\/\/eurosdiscounts.com\/index.php\/produit\/tondeuse-a-gazon-lmo-18-33-sans-batterie\/","og_locale":"fr_FR","og_type":"article","og_title":"TONDEUSE \u00c0 GAZON LMO 18-33 (SANS BATTERIE) - Eurosdiscounts.com- Achat sur Internet a prix discount, Canap\u00e9s pas cher, Smartphone pas cher, pc portable pas cher..","og_description":"TONDEUSE \u00c0 GAZON LMO 18-33 (SANS BATTERIE)","og_url":"https:\/\/eurosdiscounts.com\/index.php\/produit\/tondeuse-a-gazon-lmo-18-33-sans-batterie\/","og_site_name":"Eurosdiscounts.com- Achat sur Internet a prix discount, Canap\u00e9s pas cher, Smartphone pas cher, pc portable pas cher..","og_image":[{"width":1200,"height":1200,"url":"https:\/\/eurosdiscounts.com\/wp-content\/uploads\/2022\/04\/d1-14.jpg","type":"image\/jpeg"}],"twitter_card":"summary_large_image","twitter_misc":{"Dur\u00e9e de lecture estim\u00e9e":"1 minute"},"schema":{"@context":"https:\/\/schema.org","@graph":[{"@type":"WebPage","@id":"https:\/\/eurosdiscounts.com\/index.php\/produit\/tondeuse-a-gazon-lmo-18-33-sans-batterie\/","url":"https:\/\/eurosdiscounts.com\/index.php\/produit\/tondeuse-a-gazon-lmo-18-33-sans-batterie\/","name":"TONDEUSE \u00c0 GAZON LMO 18-33 (SANS BATTERIE) - Eurosdiscounts.com- Achat sur Internet a prix discount, Canap\u00e9s pas cher, Smartphone pas cher, pc portable pas cher..","isPartOf":{"@id":"https:\/\/eurosdiscounts.com\/#website"},"primaryImageOfPage":{"@id":"https:\/\/eurosdiscounts.com\/index.php\/produit\/tondeuse-a-gazon-lmo-18-33-sans-batterie\/#primaryimage"},"image":{"@id":"https:\/\/eurosdiscounts.com\/index.php\/produit\/tondeuse-a-gazon-lmo-18-33-sans-batterie\/#primaryimage"},"thumbnailUrl":"https:\/\/eurosdiscounts.com\/wp-content\/uploads\/2022\/04\/d1-14.jpg","datePublished":"2022-04-30T20:57:48+00:00","description":"TONDEUSE \u00c0 GAZON LMO 18-33 (SANS BATTERIE)","breadcrumb":{"@id":"https:\/\/eurosdiscounts.com\/index.php\/produit\/tondeuse-a-gazon-lmo-18-33-sans-batterie\/#breadcrumb"},"inLanguage":"fr-FR","potentialAction":[{"@type":"ReadAction","target":["https:\/\/eurosdiscounts.com\/index.php\/produit\/tondeuse-a-gazon-lmo-18-33-sans-batterie\/"]}]},{"@type":"ImageObject","inLanguage":"fr-FR","@id":"https:\/\/eurosdiscounts.com\/index.php\/produit\/tondeuse-a-gazon-lmo-18-33-sans-batterie\/#primaryimage","url":"https:\/\/eurosdiscounts.com\/wp-content\/uploads\/2022\/04\/d1-14.jpg","contentUrl":"https:\/\/eurosdiscounts.com\/wp-content\/uploads\/2022\/04\/d1-14.jpg","width":1200,"height":1200},{"@type":"BreadcrumbList","@id":"https:\/\/eurosdiscounts.com\/index.php\/produit\/tondeuse-a-gazon-lmo-18-33-sans-batterie\/#breadcrumb","itemListElement":[{"@type":"ListItem","position":1,"name":"Accueil","item":"https:\/\/eurosdiscounts.com\/"},{"@type":"ListItem","position":2,"name":"Boutique","item":"https:\/\/eurosdiscounts.com\/index.php\/boutique\/"},{"@type":"ListItem","position":3,"name":"TONDEUSE \u00c0 GAZON LMO 18-33 (SANS BATTERIE)"}]},{"@type":"WebSite","@id":"https:\/\/eurosdiscounts.com\/#website","url":"https:\/\/eurosdiscounts.com\/","name":"Eurosdiscounts.com- Achat sur Internet a prix discount, Canap\u00e9s pas cher, Smartphone pas cher, pc portable pas cher..","description":"Eurosdiscounts.com- Achat sur Internet a prix discount, Canap\u00e9s pas cher, Smartphone pas cher, pc portable pas cher..","potentialAction":[{"@type":"SearchAction","target":{"@type":"EntryPoint","urlTemplate":"https:\/\/eurosdiscounts.com\/?s={search_term_string}"},"query-input":{"@type":"PropertyValueSpecification","valueRequired":true,"valueName":"search_term_string"}}],"inLanguage":"fr-FR"}]}},"_links":{"self":[{"href":"https:\/\/eurosdiscounts.com\/index.php\/wp-json\/wp\/v2\/product\/17824","targetHints":{"allow":["GET"]}}],"collection":[{"href":"https:\/\/eurosdiscounts.com\/index.php\/wp-json\/wp\/v2\/product"}],"about":[{"href":"https:\/\/eurosdiscounts.com\/index.php\/wp-json\/wp\/v2\/types\/product"}],"replies":[{"embeddable":true,"href":"https:\/\/eurosdiscounts.com\/index.php\/wp-json\/wp\/v2\/comments?post=17824"}],"wp:featuredmedia":[{"embeddable":true,"href":"https:\/\/eurosdiscounts.com\/index.php\/wp-json\/wp\/v2\/media\/17825"}],"wp:attachment":[{"href":"https:\/\/eurosdiscounts.com\/index.php\/wp-json\/wp\/v2\/media?parent=17824"}],"wp:term":[{"taxonomy":"product_cat","embeddable":true,"href":"https:\/\/eurosdiscounts.com\/index.php\/wp-json\/wp\/v2\/product_cat?post=17824"},{"taxonomy":"product_tag","embeddable":true,"href":"https:\/\/eurosdiscounts.com\/index.php\/wp-json\/wp\/v2\/product_tag?post=17824"}],"curies":[{"name":"wp","href":"https:\/\/api.w.org\/{rel}","templated":true}]}}