{"id":17396,"date":"2019-09-13T20:26:21","date_gmt":"2019-09-13T18:26:21","guid":{"rendered":"https:\/\/smartsdiscount.com\/?post_type=product&amp;p=4103"},"modified":"2024-02-23T16:31:14","modified_gmt":"2024-02-23T15:31:14","slug":"sony-hxr-mc2500","status":"publish","type":"product","link":"https:\/\/eurosdiscounts.com\/index.php\/produit\/sony-hxr-mc2500\/","title":{"rendered":"SONY HXR-MC2500"},"content":{"rendered":"<table class=\"fpDescTb fpDescTbPub\">\n<tbody>\n<tr>\n<th colspan=\"2\">Informations g\u00e9n\u00e9rales sur le produit<\/th>\n<\/tr>\n<tr>\n<td>Marque<\/td>\n<td><a title=\"SONY\" href=\"https:\/\/www.cdiscount.com\/m-21-sony.html\" data-link=\"SFP-ZBN-TNO-DPM\">SONY<\/a><\/td>\n<\/tr>\n<tr>\n<td>Nom du produit<\/td>\n<td>SONY HXR-MC2500<\/td>\n<\/tr>\n<tr>\n<td>Cat\u00e9gorie<\/td>\n<td>CAM\u00c9SCOPE NUM\u00c9RIQUE<\/td>\n<\/tr>\n<tr>\n<th colspan=\"2\">G\u00e9n\u00e9ral<\/th>\n<\/tr>\n<tr>\n<td>Type de produit<\/td>\n<td>Cam\u00e9scope &#8211; 1080p<\/td>\n<\/tr>\n<tr>\n<td>Type de capteur optique<\/td>\n<td>Exmor R CMOS<\/td>\n<\/tr>\n<tr>\n<td>Taille du capteur optique<\/td>\n<td>1\/3.95&Prime;<\/td>\n<\/tr>\n<tr>\n<td>Zoom num\u00e9rique<\/td>\n<td>200x<\/td>\n<\/tr>\n<tr>\n<td>R\u00e9solution du capteur du cam\u00e9scope<\/td>\n<td>6.59 MP<\/td>\n<\/tr>\n<tr>\n<td>R\u00e9solution vid\u00e9o r\u00e9elle<\/td>\n<td>6.14 MP<\/td>\n<\/tr>\n<tr>\n<td>Format de vid\u00e9o num\u00e9rique<\/td>\n<td>AVI, DV, AVCHD, AVCHD 2.0<\/td>\n<\/tr>\n<tr>\n<td>Stabilisateur d&rsquo;image<\/td>\n<td>Optique (Prise imm\u00e9diate avec mode actif)<\/td>\n<\/tr>\n<tr>\n<td>Type de support de camescope<\/td>\n<td>Carte Flash<\/td>\n<\/tr>\n<tr>\n<td>Autofocus<\/td>\n<td>D\u00e9tection du contraste TTL<\/td>\n<\/tr>\n<tr>\n<td>Capture vid\u00e9o sur \u00e9cran large<\/td>\n<td>Oui<\/td>\n<\/tr>\n<tr>\n<td>Modes d&rsquo;enregistrement vid\u00e9o<\/td>\n<td>FH, HQ, FX, PS<\/td>\n<\/tr>\n<tr>\n<td>Format du signal audio<\/td>\n<td>Dolby Digital AC-3 (2 canaux), PCM lin\u00e9aire<\/td>\n<\/tr>\n<tr>\n<td>Zoom optique<\/td>\n<td>12x<\/td>\n<\/tr>\n<tr>\n<td>Son Surround<\/td>\n<td>Enregistrement Dolby Digital AC-3 (2 canaux)<\/td>\n<\/tr>\n<tr>\n<td>Interface<\/td>\n<td>Audio\/vid\u00e9o composite, HDMI, USB 2.0, IEEE 802.11b\/g\/n, NFC (Near Field Communication)<\/td>\n<\/tr>\n<tr>\n<td>Nombre de capteurs<\/td>\n<td>1 CMOS<\/td>\n<\/tr>\n<tr>\n<td>Type de cam\u00e9scope<\/td>\n<td>Professionnel<\/td>\n<\/tr>\n<tr>\n<td>Stabilisateur d&rsquo;image optique int\u00e9gr\u00e9<\/td>\n<td>Oui<\/td>\n<\/tr>\n<tr>\n<th colspan=\"2\">Syst\u00e8me de lentilles<\/th>\n<\/tr>\n<tr>\n<td>Type<\/td>\n<td>Objectif \u00e0 zoom &#8211; 12? zoom &#8211; 2.9 &#8211; 34.8 mm &#8211; f\/1.8-3.4 G<\/td>\n<\/tr>\n<tr>\n<td>Distance focale \u00e9quivalente \u00e0 celle d&rsquo;un appareil 35 mm<\/td>\n<td>26.8 &#8211; 321.6mm<\/td>\n<\/tr>\n<tr>\n<td>R\u00e9glage de la mise au point<\/td>\n<td>Automatique, manuel<\/td>\n<\/tr>\n<tr>\n<td>R\u00e9glage du zoom<\/td>\n<td>Manuel (par anneau)<\/td>\n<\/tr>\n<tr>\n<td>Taille du filtre<\/td>\n<td>37 mm<\/td>\n<\/tr>\n<tr>\n<td>Distance de mise au point minimum<\/td>\n<td>1 cm<\/td>\n<\/tr>\n<tr>\n<th colspan=\"2\">Affichage<\/th>\n<\/tr>\n<tr>\n<td>Type<\/td>\n<td>3&Prime; Ecran LCD<\/td>\n<\/tr>\n<tr>\n<td>Facteur de forme d&rsquo;\u00e9cran<\/td>\n<td>Rotation<\/td>\n<\/tr>\n<tr>\n<td>Format d&rsquo;affichage<\/td>\n<td>921 000 pixels<\/td>\n<\/tr>\n<tr>\n<th colspan=\"2\">Viseur<\/th>\n<\/tr>\n<tr>\n<td>Type de viseur<\/td>\n<td>Electronique &#8211; OLED<\/td>\n<\/tr>\n<tr>\n<td>Prise en charge des couleurs du viseur<\/td>\n<td>Couleur<\/td>\n<\/tr>\n<tr>\n<td>R\u00e9solution du viseur<\/td>\n<td>1 440 000 pixels<\/td>\n<\/tr>\n<tr>\n<td>Taille du viseur<\/td>\n<td>0.39&Prime;<\/td>\n<\/tr>\n<tr>\n<th colspan=\"2\">Exposition et balance des blancs<\/th>\n<\/tr>\n<tr>\n<td>Balance des blancs<\/td>\n<td>Personnalis\u00e9, automatique, pr\u00e9r\u00e9glages<\/td>\n<\/tr>\n<tr>\n<td>Pr\u00e9r\u00e9glages du niveau du blanc<\/td>\n<td>Int\u00e9rieur, ext\u00e9rieur<\/td>\n<\/tr>\n<tr>\n<td>Modes d&rsquo;Exposition<\/td>\n<td>Programme, automatique, manuel<\/td>\n<\/tr>\n<tr>\n<td>Vitesse maximale de l&rsquo;obturateur<\/td>\n<td>1\/10000 sec<\/td>\n<\/tr>\n<tr>\n<td>Eclairage mini<\/td>\n<td>0.8 lux<\/td>\n<\/tr>\n<tr>\n<td>S\u00e9lection de gain<\/td>\n<td>+12 dB, +18 dB, +3 dB, +6 dB, 0 dB, + 9 dB, +15 dB, +30 dB, +24 dB, +21 dB, +27 dB, +33 dB<\/td>\n<\/tr>\n<tr>\n<td>Vitesse d&rsquo;obturation min.<\/td>\n<td>1\/6 sec<\/td>\n<\/tr>\n<tr>\n<th colspan=\"2\">Type de microphone<\/th>\n<\/tr>\n<tr>\n<td>Mode de fonctionnement du microphone<\/td>\n<td>St\u00e9r\u00e9o<\/td>\n<\/tr>\n<tr>\n<th colspan=\"2\">M\u00e9moire \/ stockage<\/th>\n<\/tr>\n<tr>\n<td>Stockage interne<\/td>\n<td>32 Go flash<\/td>\n<\/tr>\n<tr>\n<td>Acquisition vid\u00e9o<\/td>\n<td>AVCHD &#8211; 1920 x 1080 &#8211; 50 images par seconde &#8211; 28 Mbps<br \/>\nAVCHD &#8211; 1920 x 1080 &#8211; 50 images par seconde &#8211; 24 Mbps<br \/>\nAVCHD &#8211; 1920 x 1080 &#8211; 25 images par seconde &#8211; 24 Mbps<br \/>\nAVCHD &#8211; 1920 x 1080 &#8211; 24 images par seconde &#8211; 24 Mbps<br \/>\nAVCHD &#8211; 1920 x 1080 &#8211; 50 images par seconde &#8211; 17 Mbps<br \/>\nAVCHD &#8211; 1920 x 1080 &#8211; 25 images par seconde &#8211; 17 Mbps<br \/>\nAVCHD &#8211; 1920 x 1080 &#8211; 24 images par seconde &#8211; 17 Mbps<br \/>\nAVCHD &#8211; 1280 x 720 &#8211; 50 images par seconde &#8211; 24 Mbps<br \/>\nAVCHD &#8211; 1280 x 720 &#8211; 50 images par seconde &#8211; 17 Mbps<br \/>\nAVCHD &#8211; 1280 x 720 &#8211; 50 images par seconde &#8211; 9 Mbps<br \/>\nDV &#8211; 720 x 480 &#8211; 50 images par seconde<\/td>\n<\/tr>\n<tr>\n<td>Logement pour carte m\u00e9moire<\/td>\n<td>Carte Memory Stick PRO Duo, SD card<\/td>\n<\/tr>\n<tr>\n<td>Cartes m\u00e9moires prises en charge<\/td>\n<td>Carte m\u00e9moire SD, Memory Stick PRO Duo, Carte m\u00e9moire SDXC, Carte m\u00e9moire SDHC, Memory Stick PRO-HG Duo<\/td>\n<\/tr>\n<tr>\n<th colspan=\"2\">Batterie<\/th>\n<\/tr>\n<tr>\n<td>Type de batterie<\/td>\n<td>Sony NP-F570 Lithium Ion &#8211; sp\u00e9cifique au fabricant<\/td>\n<\/tr>\n<tr>\n<td>D\u00e9tails<\/td>\n<td>1 x Sony NP-F570 batterie rechargeable ion-lithium (inclus)<\/td>\n<\/tr>\n<tr>\n<td>D\u00e9tails sur l&rsquo;autonomie de la batterie<\/td>\n<td>Enregistrement vid\u00e9o &#8211; 4.75 heures (\u00e9clairage vid\u00e9o d\u00e9sactiv\u00e9)<br \/>\nEnregistrement vid\u00e9o &#8211; 2.25 heures (\u00e9clairage vid\u00e9o activ\u00e9)<\/td>\n<\/tr>\n<tr>\n<th colspan=\"2\">Connexions<\/th>\n<\/tr>\n<tr>\n<td>Type de connecteur<\/td>\n<td>USB 2.0 (mini USB type AB 5 broches)<br \/>\nSortie HDMI (HDMI 19 broches de type A)<br \/>\nSortie vid\u00e9o composite (BNC)<br \/>\nSortie de ligne audio (phono RCA x 2)<br \/>\nT\u00e9l\u00e9commande (fiche sub-mini phone st\u00e9r\u00e9o 2,5 mm)<br \/>\nCasque (fiche mini-phone St\u00e9r\u00e9o 3,5 mm)<br \/>\nEntr\u00e9e alimentation CC (prise d&rsquo;alimentation CC)<\/td>\n<\/tr>\n<tr>\n<th colspan=\"2\">Dimensions et poids<\/th>\n<\/tr>\n<tr>\n<td>Largeur<\/td>\n<td>26.5 cm<\/td>\n<\/tr>\n<tr>\n<td>Profondeur<\/td>\n<td>45.5 cm<\/td>\n<\/tr>\n<tr>\n<td>Hauteur<\/td>\n<td>23.5 cm<\/td>\n<\/tr>\n<tr>\n<td>Poids<\/td>\n<td>2.8 kg<\/td>\n<\/tr>\n<tr>\n<th colspan=\"2\">Divers<\/th>\n<\/tr>\n<tr>\n<td>Accessoires inclus<\/td>\n<td>Paresoleil d&rsquo;objectif, capuchon pour objectif, paravent, transformateur, c\u00e2ble USB, oeilleton, protection pour griffe de flash, diffuseur de lumi\u00e8re vid\u00e9o<\/td>\n<\/tr>\n<tr>\n<th colspan=\"2\">Caract\u00e9ristiques d\u2019environnement<\/th>\n<\/tr>\n<tr>\n<td>Temp\u00e9rature maximale de fonctionnement<\/td>\n<td>40 \u00b0C<\/td>\n<\/tr>\n<tr>\n<td>Temp\u00e9rature minimale de fonctionnement<\/td>\n<td>0 \u00b0C<\/td>\n<\/tr>\n<tr>\n<th colspan=\"2\">Fonctions suppl\u00e9mentaires<\/th>\n<\/tr>\n<tr>\n<td>Fonctions suppl\u00e9mentaires<\/td>\n<td>Haut-parleur int\u00e9gr\u00e9, griffe pour accessoires, enregistrement relais<\/td>\n<\/tr>\n<tr>\n<td>Eclairage int\u00e9gr\u00e9<\/td>\n<td>Oui<\/td>\n<\/tr>\n<tr>\n<td>Mode faible \u00e9clairage \/ nuit<\/td>\n<td>Oui<\/td>\n<\/tr>\n<\/tbody>\n<\/table>\n","protected":false},"excerpt":{"rendered":"<p><span class=\"fpBlocTitle\">Les points forts :<\/span><\/p>\n<ul>\n<li>Type de capteur optique : Exmor R CMOS<\/li>\n<li>R\u00e9solution du capteur du cam\u00e9scope : 6.59 MP<\/li>\n<li>Stabilisateur d&rsquo;image : Optique (Prise imm\u00e9diate avec mode actif)<\/li>\n<li>Zoom optique : 12x<\/li>\n<li>3&Prime; Ecran LCD<\/li>\n<\/ul>\n<div class=\"jsFpBulletPointMore\">\n<ul>\n<li>Cartes m\u00e9moires prises en charge : Carte m\u00e9moire SD, Memory Stick PRO Duo,<\/li>\n<\/ul>\n<\/div>\n","protected":false},"featured_media":4104,"comment_status":"open","ping_status":"closed","template":"","meta":[],"product_cat":[156,188],"product_tag":[],"class_list":{"0":"post-17396","1":"product","2":"type-product","3":"status-publish","4":"has-post-thumbnail","6":"product_cat-bons-plans","7":"product_cat-photo-et-camescopes","9":"first","10":"instock","11":"sale","12":"shipping-taxable","13":"purchasable","14":"product-type-simple","15":"col-xs-6 col-sm-4","16":"col-md-3 col-lg-3","17":"un-4-cols"},"yoast_head":"<!-- This site is optimized with the Yoast SEO plugin v27.0 - https:\/\/yoast.com\/product\/yoast-seo-wordpress\/ -->\n<title>SONY HXR-MC2500 - Eurosdiscounts.com- Achat sur Internet a prix discount, Canap\u00e9s pas cher, Smartphone pas cher, pc portable pas cher..<\/title>\n<meta name=\"robots\" content=\"index, follow, max-snippet:-1, max-image-preview:large, max-video-preview:-1\" \/>\n<link rel=\"canonical\" href=\"https:\/\/eurosdiscounts.com\/index.php\/produit\/sony-hxr-mc2500\/\" \/>\n<meta property=\"og:locale\" content=\"fr_FR\" \/>\n<meta property=\"og:type\" content=\"article\" \/>\n<meta property=\"og:title\" content=\"SONY HXR-MC2500 - Eurosdiscounts.com- Achat sur Internet a prix discount, Canap\u00e9s pas cher, Smartphone pas cher, pc portable pas cher..\" \/>\n<meta property=\"og:description\" content=\"Les points forts :  Type de capteur optique : Exmor R CMOS  R\u00e9solution du capteur du cam\u00e9scope : 6.59 MP  Stabilisateur d&#039;image : Optique (Prise imm\u00e9diate avec mode actif)  Zoom optique : 12x  3&quot; Ecran LCD   Cartes m\u00e9moires prises en charge : Carte m\u00e9moire SD, Memory Stick PRO Duo,\" \/>\n<meta property=\"og:url\" content=\"https:\/\/eurosdiscounts.com\/index.php\/produit\/sony-hxr-mc2500\/\" \/>\n<meta property=\"og:site_name\" content=\"Eurosdiscounts.com- Achat sur Internet a prix discount, Canap\u00e9s pas cher, Smartphone pas cher, pc portable pas cher..\" \/>\n<meta property=\"article:modified_time\" content=\"2024-02-23T15:31:14+00:00\" \/>\n<meta property=\"og:image\" content=\"https:\/\/eurosdiscounts.com\/wp-content\/uploads\/2020\/06\/c2.jpg\" \/>\n\t<meta property=\"og:image:width\" content=\"1170\" \/>\n\t<meta property=\"og:image:height\" content=\"399\" \/>\n\t<meta property=\"og:image:type\" content=\"image\/jpeg\" \/>\n<meta name=\"twitter:card\" content=\"summary_large_image\" \/>\n<meta name=\"twitter:label1\" content=\"Dur\u00e9e de lecture estim\u00e9e\" \/>\n\t<meta name=\"twitter:data1\" content=\"3 minutes\" \/>\n<script type=\"application\/ld+json\" class=\"yoast-schema-graph\">{\"@context\":\"https:\/\/schema.org\",\"@graph\":[{\"@type\":\"WebPage\",\"@id\":\"https:\/\/eurosdiscounts.com\/index.php\/produit\/sony-hxr-mc2500\/\",\"url\":\"https:\/\/eurosdiscounts.com\/index.php\/produit\/sony-hxr-mc2500\/\",\"name\":\"SONY HXR-MC2500 - Eurosdiscounts.com- Achat sur Internet a prix discount, Canap\u00e9s pas cher, Smartphone pas cher, pc portable pas cher..\",\"isPartOf\":{\"@id\":\"https:\/\/eurosdiscounts.com\/#website\"},\"primaryImageOfPage\":{\"@id\":\"https:\/\/eurosdiscounts.com\/index.php\/produit\/sony-hxr-mc2500\/#primaryimage\"},\"image\":{\"@id\":\"https:\/\/eurosdiscounts.com\/index.php\/produit\/sony-hxr-mc2500\/#primaryimage\"},\"thumbnailUrl\":\"https:\/\/eurosdiscounts.com\/wp-content\/uploads\/2020\/06\/c2.jpg\",\"datePublished\":\"2019-09-13T18:26:21+00:00\",\"dateModified\":\"2024-02-23T15:31:14+00:00\",\"breadcrumb\":{\"@id\":\"https:\/\/eurosdiscounts.com\/index.php\/produit\/sony-hxr-mc2500\/#breadcrumb\"},\"inLanguage\":\"fr-FR\",\"potentialAction\":[{\"@type\":\"ReadAction\",\"target\":[\"https:\/\/eurosdiscounts.com\/index.php\/produit\/sony-hxr-mc2500\/\"]}]},{\"@type\":\"ImageObject\",\"inLanguage\":\"fr-FR\",\"@id\":\"https:\/\/eurosdiscounts.com\/index.php\/produit\/sony-hxr-mc2500\/#primaryimage\",\"url\":\"https:\/\/eurosdiscounts.com\/wp-content\/uploads\/2020\/06\/c2.jpg\",\"contentUrl\":\"https:\/\/eurosdiscounts.com\/wp-content\/uploads\/2020\/06\/c2.jpg\",\"width\":1170,\"height\":399},{\"@type\":\"BreadcrumbList\",\"@id\":\"https:\/\/eurosdiscounts.com\/index.php\/produit\/sony-hxr-mc2500\/#breadcrumb\",\"itemListElement\":[{\"@type\":\"ListItem\",\"position\":1,\"name\":\"Accueil\",\"item\":\"https:\/\/eurosdiscounts.com\/\"},{\"@type\":\"ListItem\",\"position\":2,\"name\":\"Boutique\",\"item\":\"https:\/\/eurosdiscounts.com\/index.php\/boutique\/\"},{\"@type\":\"ListItem\",\"position\":3,\"name\":\"SONY HXR-MC2500\"}]},{\"@type\":\"WebSite\",\"@id\":\"https:\/\/eurosdiscounts.com\/#website\",\"url\":\"https:\/\/eurosdiscounts.com\/\",\"name\":\"Eurosdiscounts.com- Achat sur Internet a prix discount, Canap\u00e9s pas cher, Smartphone pas cher, pc portable pas cher..\",\"description\":\"Eurosdiscounts.com- Achat sur Internet a prix discount, Canap\u00e9s pas cher, Smartphone pas cher, pc portable pas cher..\",\"potentialAction\":[{\"@type\":\"SearchAction\",\"target\":{\"@type\":\"EntryPoint\",\"urlTemplate\":\"https:\/\/eurosdiscounts.com\/?s={search_term_string}\"},\"query-input\":{\"@type\":\"PropertyValueSpecification\",\"valueRequired\":true,\"valueName\":\"search_term_string\"}}],\"inLanguage\":\"fr-FR\"}]}<\/script>\n<!-- \/ Yoast SEO plugin. -->","yoast_head_json":{"title":"SONY HXR-MC2500 - Eurosdiscounts.com- Achat sur Internet a prix discount, Canap\u00e9s pas cher, Smartphone pas cher, pc portable pas cher..","robots":{"index":"index","follow":"follow","max-snippet":"max-snippet:-1","max-image-preview":"max-image-preview:large","max-video-preview":"max-video-preview:-1"},"canonical":"https:\/\/eurosdiscounts.com\/index.php\/produit\/sony-hxr-mc2500\/","og_locale":"fr_FR","og_type":"article","og_title":"SONY HXR-MC2500 - Eurosdiscounts.com- Achat sur Internet a prix discount, Canap\u00e9s pas cher, Smartphone pas cher, pc portable pas cher..","og_description":"Les points forts :  Type de capteur optique : Exmor R CMOS  R\u00e9solution du capteur du cam\u00e9scope : 6.59 MP  Stabilisateur d'image : Optique (Prise imm\u00e9diate avec mode actif)  Zoom optique : 12x  3\" Ecran LCD   Cartes m\u00e9moires prises en charge : Carte m\u00e9moire SD, Memory Stick PRO Duo,","og_url":"https:\/\/eurosdiscounts.com\/index.php\/produit\/sony-hxr-mc2500\/","og_site_name":"Eurosdiscounts.com- Achat sur Internet a prix discount, Canap\u00e9s pas cher, Smartphone pas cher, pc portable pas cher..","article_modified_time":"2024-02-23T15:31:14+00:00","og_image":[{"width":1170,"height":399,"url":"https:\/\/eurosdiscounts.com\/wp-content\/uploads\/2020\/06\/c2.jpg","type":"image\/jpeg"}],"twitter_card":"summary_large_image","twitter_misc":{"Dur\u00e9e de lecture estim\u00e9e":"3 minutes"},"schema":{"@context":"https:\/\/schema.org","@graph":[{"@type":"WebPage","@id":"https:\/\/eurosdiscounts.com\/index.php\/produit\/sony-hxr-mc2500\/","url":"https:\/\/eurosdiscounts.com\/index.php\/produit\/sony-hxr-mc2500\/","name":"SONY HXR-MC2500 - Eurosdiscounts.com- Achat sur Internet a prix discount, Canap\u00e9s pas cher, Smartphone pas cher, pc portable pas cher..","isPartOf":{"@id":"https:\/\/eurosdiscounts.com\/#website"},"primaryImageOfPage":{"@id":"https:\/\/eurosdiscounts.com\/index.php\/produit\/sony-hxr-mc2500\/#primaryimage"},"image":{"@id":"https:\/\/eurosdiscounts.com\/index.php\/produit\/sony-hxr-mc2500\/#primaryimage"},"thumbnailUrl":"https:\/\/eurosdiscounts.com\/wp-content\/uploads\/2020\/06\/c2.jpg","datePublished":"2019-09-13T18:26:21+00:00","dateModified":"2024-02-23T15:31:14+00:00","breadcrumb":{"@id":"https:\/\/eurosdiscounts.com\/index.php\/produit\/sony-hxr-mc2500\/#breadcrumb"},"inLanguage":"fr-FR","potentialAction":[{"@type":"ReadAction","target":["https:\/\/eurosdiscounts.com\/index.php\/produit\/sony-hxr-mc2500\/"]}]},{"@type":"ImageObject","inLanguage":"fr-FR","@id":"https:\/\/eurosdiscounts.com\/index.php\/produit\/sony-hxr-mc2500\/#primaryimage","url":"https:\/\/eurosdiscounts.com\/wp-content\/uploads\/2020\/06\/c2.jpg","contentUrl":"https:\/\/eurosdiscounts.com\/wp-content\/uploads\/2020\/06\/c2.jpg","width":1170,"height":399},{"@type":"BreadcrumbList","@id":"https:\/\/eurosdiscounts.com\/index.php\/produit\/sony-hxr-mc2500\/#breadcrumb","itemListElement":[{"@type":"ListItem","position":1,"name":"Accueil","item":"https:\/\/eurosdiscounts.com\/"},{"@type":"ListItem","position":2,"name":"Boutique","item":"https:\/\/eurosdiscounts.com\/index.php\/boutique\/"},{"@type":"ListItem","position":3,"name":"SONY HXR-MC2500"}]},{"@type":"WebSite","@id":"https:\/\/eurosdiscounts.com\/#website","url":"https:\/\/eurosdiscounts.com\/","name":"Eurosdiscounts.com- Achat sur Internet a prix discount, Canap\u00e9s pas cher, Smartphone pas cher, pc portable pas cher..","description":"Eurosdiscounts.com- Achat sur Internet a prix discount, Canap\u00e9s pas cher, Smartphone pas cher, pc portable pas cher..","potentialAction":[{"@type":"SearchAction","target":{"@type":"EntryPoint","urlTemplate":"https:\/\/eurosdiscounts.com\/?s={search_term_string}"},"query-input":{"@type":"PropertyValueSpecification","valueRequired":true,"valueName":"search_term_string"}}],"inLanguage":"fr-FR"}]}},"_links":{"self":[{"href":"https:\/\/eurosdiscounts.com\/index.php\/wp-json\/wp\/v2\/product\/17396","targetHints":{"allow":["GET"]}}],"collection":[{"href":"https:\/\/eurosdiscounts.com\/index.php\/wp-json\/wp\/v2\/product"}],"about":[{"href":"https:\/\/eurosdiscounts.com\/index.php\/wp-json\/wp\/v2\/types\/product"}],"replies":[{"embeddable":true,"href":"https:\/\/eurosdiscounts.com\/index.php\/wp-json\/wp\/v2\/comments?post=17396"}],"wp:featuredmedia":[{"embeddable":true,"href":"https:\/\/eurosdiscounts.com\/index.php\/wp-json\/wp\/v2\/media\/4104"}],"wp:attachment":[{"href":"https:\/\/eurosdiscounts.com\/index.php\/wp-json\/wp\/v2\/media?parent=17396"}],"wp:term":[{"taxonomy":"product_cat","embeddable":true,"href":"https:\/\/eurosdiscounts.com\/index.php\/wp-json\/wp\/v2\/product_cat?post=17396"},{"taxonomy":"product_tag","embeddable":true,"href":"https:\/\/eurosdiscounts.com\/index.php\/wp-json\/wp\/v2\/product_tag?post=17396"}],"curies":[{"name":"wp","href":"https:\/\/api.w.org\/{rel}","templated":true}]}}