{"id":17394,"date":"2019-09-13T20:14:46","date_gmt":"2019-09-13T18:14:46","guid":{"rendered":"https:\/\/smartsdiscount.com\/?post_type=product&amp;p=4093"},"modified":"2019-09-13T20:14:46","modified_gmt":"2019-09-13T18:14:46","slug":"camescope-sony-hdrcx240eb-full-hd","status":"publish","type":"product","link":"https:\/\/eurosdiscounts.com\/index.php\/produit\/camescope-sony-hdrcx240eb-full-hd\/","title":{"rendered":"Camescope Sony HDRCX240EB Full HD"},"content":{"rendered":"<table class=\"fpDescTb fpDescTbPub\">\n<tbody>\n<tr>\n<th colspan=\"2\">Informations g\u00e9n\u00e9rales sur le produit<\/th>\n<\/tr>\n<tr>\n<td>Marque<\/td>\n<td><a title=\"SONY\" href=\"https:\/\/www.cdiscount.com\/m-21-sony.html\" data-link=\"SFP-ZBN-TNO-DPM\">SONY<\/a><\/td>\n<\/tr>\n<tr>\n<td>Nom du produit<\/td>\n<td>Camescope Sony HDRCX240EB Full HD<\/td>\n<\/tr>\n<tr>\n<td>Cat\u00e9gorie<\/td>\n<td>CAM\u00c9SCOPE NUM\u00c9RIQUE<\/td>\n<\/tr>\n<tr>\n<th colspan=\"2\">G\u00e9n\u00e9ral<\/th>\n<\/tr>\n<tr>\n<td>Type de produit<\/td>\n<td>Cam\u00e9scope &#8211; 1080p<\/td>\n<\/tr>\n<tr>\n<td>Type de capteur optique<\/td>\n<td>Exmor R CMOS<\/td>\n<\/tr>\n<tr>\n<td>Taille du capteur optique<\/td>\n<td>1\/5.8&Prime;<\/td>\n<\/tr>\n<tr>\n<td>Zoom num\u00e9rique<\/td>\n<td>320x<\/td>\n<\/tr>\n<tr>\n<td>R\u00e9solution du capteur du cam\u00e9scope<\/td>\n<td>2.51 MP<\/td>\n<\/tr>\n<tr>\n<td>R\u00e9solution photo r\u00e9elle<\/td>\n<td>2.29 MP<\/td>\n<\/tr>\n<tr>\n<td>R\u00e9solution vid\u00e9o r\u00e9elle<\/td>\n<td>2.1 MP<\/td>\n<\/tr>\n<tr>\n<td>Format de vid\u00e9o num\u00e9rique<\/td>\n<td>AVCHD, H.264<\/td>\n<\/tr>\n<tr>\n<td>Stabilisateur d&rsquo;image<\/td>\n<td>Electronique (Prise imm\u00e9diate avec mode actif)<\/td>\n<\/tr>\n<tr>\n<td>Format d&rsquo;enregistrement de l&rsquo;image<\/td>\n<td>JPEG<\/td>\n<\/tr>\n<tr>\n<td>Type de support de camescope<\/td>\n<td>Carte Flash<\/td>\n<\/tr>\n<tr>\n<td>Autofocus<\/td>\n<td>D\u00e9tection du contraste TTL<\/td>\n<\/tr>\n<tr>\n<td>Processeur d&rsquo;images<\/td>\n<td>BIONZ X<\/td>\n<\/tr>\n<tr>\n<td>Couleur du boitier<\/td>\n<td>Noir<\/td>\n<\/tr>\n<tr>\n<td>D\u00e9tection des visages<\/td>\n<td>Oui<\/td>\n<\/tr>\n<tr>\n<td>Capture vid\u00e9o sur \u00e9cran large<\/td>\n<td>Oui<\/td>\n<\/tr>\n<tr>\n<td>R\u00e9solution photo interpol\u00e9e du camescope<\/td>\n<td>9.2 MP<\/td>\n<\/tr>\n<tr>\n<td>Modes d&rsquo;enregistrement vid\u00e9o<\/td>\n<td>LP, FH, HQ, FX, PS<\/td>\n<\/tr>\n<tr>\n<td>Zoom optique<\/td>\n<td>27x<\/td>\n<\/tr>\n<tr>\n<td>Objectif inclus<\/td>\n<td>Carl Zeiss<\/td>\n<\/tr>\n<tr>\n<td>Standard d&rsquo;impression<\/td>\n<td>Prise en charge d&rsquo;Exif Print<\/td>\n<\/tr>\n<tr>\n<td>Son Surround<\/td>\n<td>Enregistrement Dolby Digital AC-3 (2 canaux)<\/td>\n<\/tr>\n<tr>\n<td>Interface<\/td>\n<td>Audio\/vid\u00e9o composite, HDMI, USB 2.0<\/td>\n<\/tr>\n<tr>\n<td>Nombre de capteurs<\/td>\n<td>1 CMOS<\/td>\n<\/tr>\n<tr>\n<td>Type de cam\u00e9scope<\/td>\n<td>Consommateur<\/td>\n<\/tr>\n<tr>\n<th colspan=\"2\">Syst\u00e8me de lentilles<\/th>\n<\/tr>\n<tr>\n<td>Type<\/td>\n<td>Carl Zeiss objectif \u00e0 zoom &#8211; 27? zoom &#8211; 2.1 &#8211; 57 mm &#8211; f\/1.9-4.0 Vario-Tessar<\/td>\n<\/tr>\n<tr>\n<td>Distance focale \u00e9quivalente \u00e0 celle d&rsquo;un appareil 35 mm<\/td>\n<td>29.8 &#8211; 1609.2mm<\/td>\n<\/tr>\n<tr>\n<td>R\u00e9glage de la mise au point<\/td>\n<td>Automatique, manuel<\/td>\n<\/tr>\n<tr>\n<td>R\u00e9glage du zoom<\/td>\n<td>Entrainement motoris\u00e9<\/td>\n<\/tr>\n<tr>\n<td>Caract\u00e9ristiques<\/td>\n<td>Protection d&rsquo;objectif incorpor\u00e9e<\/td>\n<\/tr>\n<tr>\n<td>Distance de mise au point minimum<\/td>\n<td>1 cm<\/td>\n<\/tr>\n<tr>\n<th colspan=\"2\">Affichage<\/th>\n<\/tr>\n<tr>\n<td>Caract\u00e9ristiques d&rsquo;affichage<\/td>\n<td>Contr\u00f4le de la luminosit\u00e9 de l&rsquo;\u00e9cran<\/td>\n<\/tr>\n<tr>\n<td>Type<\/td>\n<td>2.7&Prime; Ecran LCD<\/td>\n<\/tr>\n<tr>\n<td>Facteur de forme d&rsquo;\u00e9cran<\/td>\n<td>Rotation<\/td>\n<\/tr>\n<tr>\n<td>Format d&rsquo;affichage<\/td>\n<td>230.000 pixels<\/td>\n<\/tr>\n<tr>\n<th colspan=\"2\">Exposition et balance des blancs<\/th>\n<\/tr>\n<tr>\n<td>Balance des blancs<\/td>\n<td>Personnalis\u00e9, automatique, pr\u00e9r\u00e9glages<\/td>\n<\/tr>\n<tr>\n<td>Pr\u00e9r\u00e9glages du niveau du blanc<\/td>\n<td>Int\u00e9rieur, ext\u00e9rieur<\/td>\n<\/tr>\n<tr>\n<td>Modes d&rsquo;Exposition<\/td>\n<td>Programme, automatique<\/td>\n<\/tr>\n<tr>\n<td>Vitesse maximale de l&rsquo;obturateur<\/td>\n<td>1\/10000 sec<\/td>\n<\/tr>\n<tr>\n<td>Modes de prises de vue<\/td>\n<td>Projecteur, paysage, mode portrait, feu d&rsquo;artifice, sc\u00e8ne nocturne, plage, neige, coucher et lever de soleil<\/td>\n<\/tr>\n<tr>\n<td>Eclairage mini<\/td>\n<td>3 lux<\/td>\n<\/tr>\n<tr>\n<td>Vitesse d&rsquo;obturation min.<\/td>\n<td>1\/6 sec<\/td>\n<\/tr>\n<tr>\n<th colspan=\"2\">Type de microphone<\/th>\n<\/tr>\n<tr>\n<td>Mode de fonctionnement du microphone<\/td>\n<td>St\u00e9r\u00e9o<\/td>\n<\/tr>\n<tr>\n<th colspan=\"2\">M\u00e9moire \/ stockage<\/th>\n<\/tr>\n<tr>\n<td>Stockage d&rsquo;image<\/td>\n<td>JPEG 4032 x 2272<\/td>\n<\/tr>\n<tr>\n<td>Acquisition vid\u00e9o<\/td>\n<td>AVCHD &#8211; 1920 x 1080 &#8211; 50 images par seconde &#8211; 28 Mbps<br \/>\nAVCHD &#8211; 1920 x 1080 &#8211; 50 images par seconde &#8211; 24 Mbps<br \/>\nAVCHD &#8211; 1920 x 1080 &#8211; 50 images par seconde &#8211; 17 Mbps<br \/>\nAVCHD &#8211; 1440 x 1080 &#8211; 50 images par seconde &#8211; 9 Mbps<br \/>\nAVCHD &#8211; 1440 x 1080 &#8211; 50 images par seconde &#8211; 5 Mbps<br \/>\nH.264 &#8211; 1280 x 720 &#8211; 25 images par seconde &#8211; 3Mbps<\/td>\n<\/tr>\n<tr>\n<td>Logement pour carte m\u00e9moire<\/td>\n<td>Carte Memory Stick Micro (M2), carte microSD<\/td>\n<\/tr>\n<tr>\n<td>Cartes m\u00e9moires prises en charge<\/td>\n<td>Carte microSD, carte microSDHC, Memory Stick Micro Mark2, carte microSDXC<\/td>\n<\/tr>\n<tr>\n<th colspan=\"2\">Batterie<\/th>\n<\/tr>\n<tr>\n<td>Type de batterie<\/td>\n<td>Sony NP-BX1 Lithium Ion &#8211; sp\u00e9cifique au fabricant<\/td>\n<\/tr>\n<tr>\n<td>D\u00e9tails<\/td>\n<td>1 x Sony NP-BX1 batterie rechargeable ion-lithium (inclus)<\/td>\n<\/tr>\n<tr>\n<td>D\u00e9tails sur l&rsquo;autonomie de la batterie<\/td>\n<td>Enregistrement vid\u00e9o &#8211; 2.17 heures<\/td>\n<\/tr>\n<tr>\n<th colspan=\"2\">Logiciels<\/th>\n<\/tr>\n<tr>\n<td>Logiciels<\/td>\n<td>Sony PlayMemories Home<\/td>\n<\/tr>\n<tr>\n<th colspan=\"2\">Connexions<\/th>\n<\/tr>\n<tr>\n<td>Type de connecteur<\/td>\n<td>USB 2.0<br \/>\nSortie audio\/vid\u00e9o composite<br \/>\nSortie HDMI<\/td>\n<\/tr>\n<tr>\n<th colspan=\"2\">Dimensions et poids<\/th>\n<\/tr>\n<tr>\n<td>Largeur<\/td>\n<td>5.4 cm<\/td>\n<\/tr>\n<tr>\n<td>Profondeur<\/td>\n<td>12.8 cm<\/td>\n<\/tr>\n<tr>\n<td>Hauteur<\/td>\n<td>5.95 cm<\/td>\n<\/tr>\n<tr>\n<td>Poids<\/td>\n<td>190 g<\/td>\n<\/tr>\n<tr>\n<th colspan=\"2\">Divers<\/th>\n<\/tr>\n<tr>\n<td>Accessoires inclus<\/td>\n<td>Transformateur, c\u00e2ble HDMI, rallonge USB<\/td>\n<\/tr>\n<tr>\n<td>Compatible with Windows 7<\/td>\n<td>Le logiciel et les dispositifs \u00abCompatible with Windows 7\u00bb ont l\u2019assurance de Microsoft que ces produits ont subi des tests de compatibilit\u00e9 et de fiabilit\u00e9 avec Windows 7 32-bit et 64-bit.<\/td>\n<\/tr>\n<tr>\n<th colspan=\"2\">Caract\u00e9ristiques d\u2019environnement<\/th>\n<\/tr>\n<tr>\n<td>Temp\u00e9rature maximale de fonctionnement<\/td>\n<td>40 \u00b0C<\/td>\n<\/tr>\n<tr>\n<td>Temp\u00e9rature minimale de fonctionnement<\/td>\n<td>0 \u00b0C<\/td>\n<\/tr>\n<tr>\n<th colspan=\"2\">Fonctions suppl\u00e9mentaires<\/th>\n<\/tr>\n<tr>\n<td>Fonctions suppl\u00e9mentaires<\/td>\n<td>Haut-parleur int\u00e9gr\u00e9, compensation contre-jour, r\u00e9duction du bruit num\u00e9rique, date\/heure d&rsquo;impression, prend des photos tout en filmant, optimisateur de plage dynamique, chargement USB, Cr\u00e9ateur Dolby Digital Stereo, Intelligent AUTO (iAUTO), prise USB int\u00e9gr\u00e9e, zoom Clear Image, fonction de synchronisation BRAVIA, enregistrement multi-format simultan\u00e9<\/td>\n<\/tr>\n<tr>\n<td>Mode faible \u00e9clairage \/ nuit<\/td>\n<td>Oui<\/td>\n<\/tr>\n<\/tbody>\n<\/table>\n","protected":false},"excerpt":{"rendered":"<p><span class=\"fpBlocTitle\">Les points forts :<\/span><\/p>\n<ul>\n<li>Type de capteur optique : Exmor R CMOS<\/li>\n<li>R\u00e9solution du capteur du cam\u00e9scope : 2.51 MP<\/li>\n<li>Stabilisateur d&rsquo;image : Electronique (Prise imm\u00e9diate avec mode actif)<\/li>\n<li>Zoom optique : 27x<\/li>\n<li>2.7&Prime; Ecran LCD<\/li>\n<\/ul>\n<div class=\"jsFpBulletPointMore\">\n<ul>\n<li>Cartes m\u00e9moires prises en charge : Carte microSD, carte microSDHC, Memory Stick Micro Mark<\/li>\n<\/ul>\n<\/div>\n","protected":false},"featured_media":4094,"comment_status":"open","ping_status":"closed","template":"","meta":[],"product_cat":[156,188],"product_tag":[],"class_list":{"0":"post-17394","1":"product","2":"type-product","3":"status-publish","4":"has-post-thumbnail","6":"product_cat-bons-plans","7":"product_cat-photo-et-camescopes","9":"first","10":"instock","11":"sale","12":"shipping-taxable","13":"purchasable","14":"product-type-simple","15":"col-xs-6 col-sm-4","16":"col-md-3 col-lg-3","17":"un-4-cols"},"yoast_head":"<!-- This site is optimized with the Yoast SEO plugin v27.0 - https:\/\/yoast.com\/product\/yoast-seo-wordpress\/ -->\n<title>Camescope Sony HDRCX240EB Full HD - Eurosdiscounts.com- Achat sur Internet a prix discount, Canap\u00e9s pas cher, Smartphone pas cher, pc portable pas cher..<\/title>\n<meta name=\"robots\" content=\"index, follow, max-snippet:-1, max-image-preview:large, max-video-preview:-1\" \/>\n<link rel=\"canonical\" href=\"https:\/\/eurosdiscounts.com\/index.php\/produit\/camescope-sony-hdrcx240eb-full-hd\/\" \/>\n<meta property=\"og:locale\" content=\"fr_FR\" \/>\n<meta property=\"og:type\" content=\"article\" \/>\n<meta property=\"og:title\" content=\"Camescope Sony HDRCX240EB Full HD - Eurosdiscounts.com- Achat sur Internet a prix discount, Canap\u00e9s pas cher, Smartphone pas cher, pc portable pas cher..\" \/>\n<meta property=\"og:description\" content=\"Les points forts :  Type de capteur optique : Exmor R CMOS  R\u00e9solution du capteur du cam\u00e9scope : 2.51 MP  Stabilisateur d&#039;image : Electronique (Prise imm\u00e9diate avec mode actif)  Zoom optique : 27x  2.7&quot; Ecran LCD   Cartes m\u00e9moires prises en charge : Carte microSD, carte microSDHC, Memory Stick Micro Mark\" \/>\n<meta property=\"og:url\" content=\"https:\/\/eurosdiscounts.com\/index.php\/produit\/camescope-sony-hdrcx240eb-full-hd\/\" \/>\n<meta property=\"og:site_name\" content=\"Eurosdiscounts.com- Achat sur Internet a prix discount, Canap\u00e9s pas cher, Smartphone pas cher, pc portable pas cher..\" \/>\n<meta property=\"og:image\" content=\"https:\/\/eurosdiscounts.com\/wp-content\/uploads\/2019\/09\/c-222.jpg\" \/>\n\t<meta property=\"og:image:width\" content=\"700\" \/>\n\t<meta property=\"og:image:height\" content=\"700\" \/>\n\t<meta property=\"og:image:type\" content=\"image\/jpeg\" \/>\n<meta name=\"twitter:card\" content=\"summary_large_image\" \/>\n<meta name=\"twitter:label1\" content=\"Dur\u00e9e de lecture estim\u00e9e\" \/>\n\t<meta name=\"twitter:data1\" content=\"3 minutes\" \/>\n<script type=\"application\/ld+json\" class=\"yoast-schema-graph\">{\"@context\":\"https:\/\/schema.org\",\"@graph\":[{\"@type\":\"WebPage\",\"@id\":\"https:\/\/eurosdiscounts.com\/index.php\/produit\/camescope-sony-hdrcx240eb-full-hd\/\",\"url\":\"https:\/\/eurosdiscounts.com\/index.php\/produit\/camescope-sony-hdrcx240eb-full-hd\/\",\"name\":\"Camescope Sony HDRCX240EB Full HD - Eurosdiscounts.com- Achat sur Internet a prix discount, Canap\u00e9s pas cher, Smartphone pas cher, pc portable pas cher..\",\"isPartOf\":{\"@id\":\"https:\/\/eurosdiscounts.com\/#website\"},\"primaryImageOfPage\":{\"@id\":\"https:\/\/eurosdiscounts.com\/index.php\/produit\/camescope-sony-hdrcx240eb-full-hd\/#primaryimage\"},\"image\":{\"@id\":\"https:\/\/eurosdiscounts.com\/index.php\/produit\/camescope-sony-hdrcx240eb-full-hd\/#primaryimage\"},\"thumbnailUrl\":\"https:\/\/eurosdiscounts.com\/wp-content\/uploads\/2019\/09\/c-222.jpg\",\"datePublished\":\"2019-09-13T18:14:46+00:00\",\"breadcrumb\":{\"@id\":\"https:\/\/eurosdiscounts.com\/index.php\/produit\/camescope-sony-hdrcx240eb-full-hd\/#breadcrumb\"},\"inLanguage\":\"fr-FR\",\"potentialAction\":[{\"@type\":\"ReadAction\",\"target\":[\"https:\/\/eurosdiscounts.com\/index.php\/produit\/camescope-sony-hdrcx240eb-full-hd\/\"]}]},{\"@type\":\"ImageObject\",\"inLanguage\":\"fr-FR\",\"@id\":\"https:\/\/eurosdiscounts.com\/index.php\/produit\/camescope-sony-hdrcx240eb-full-hd\/#primaryimage\",\"url\":\"https:\/\/eurosdiscounts.com\/wp-content\/uploads\/2019\/09\/c-222.jpg\",\"contentUrl\":\"https:\/\/eurosdiscounts.com\/wp-content\/uploads\/2019\/09\/c-222.jpg\",\"width\":700,\"height\":700},{\"@type\":\"BreadcrumbList\",\"@id\":\"https:\/\/eurosdiscounts.com\/index.php\/produit\/camescope-sony-hdrcx240eb-full-hd\/#breadcrumb\",\"itemListElement\":[{\"@type\":\"ListItem\",\"position\":1,\"name\":\"Accueil\",\"item\":\"https:\/\/eurosdiscounts.com\/\"},{\"@type\":\"ListItem\",\"position\":2,\"name\":\"Boutique\",\"item\":\"https:\/\/eurosdiscounts.com\/index.php\/boutique\/\"},{\"@type\":\"ListItem\",\"position\":3,\"name\":\"Camescope Sony HDRCX240EB Full HD\"}]},{\"@type\":\"WebSite\",\"@id\":\"https:\/\/eurosdiscounts.com\/#website\",\"url\":\"https:\/\/eurosdiscounts.com\/\",\"name\":\"Eurosdiscounts.com- Achat sur Internet a prix discount, Canap\u00e9s pas cher, Smartphone pas cher, pc portable pas cher..\",\"description\":\"Eurosdiscounts.com- Achat sur Internet a prix discount, Canap\u00e9s pas cher, Smartphone pas cher, pc portable pas cher..\",\"potentialAction\":[{\"@type\":\"SearchAction\",\"target\":{\"@type\":\"EntryPoint\",\"urlTemplate\":\"https:\/\/eurosdiscounts.com\/?s={search_term_string}\"},\"query-input\":{\"@type\":\"PropertyValueSpecification\",\"valueRequired\":true,\"valueName\":\"search_term_string\"}}],\"inLanguage\":\"fr-FR\"}]}<\/script>\n<!-- \/ Yoast SEO plugin. -->","yoast_head_json":{"title":"Camescope Sony HDRCX240EB Full HD - Eurosdiscounts.com- Achat sur Internet a prix discount, Canap\u00e9s pas cher, Smartphone pas cher, pc portable pas cher..","robots":{"index":"index","follow":"follow","max-snippet":"max-snippet:-1","max-image-preview":"max-image-preview:large","max-video-preview":"max-video-preview:-1"},"canonical":"https:\/\/eurosdiscounts.com\/index.php\/produit\/camescope-sony-hdrcx240eb-full-hd\/","og_locale":"fr_FR","og_type":"article","og_title":"Camescope Sony HDRCX240EB Full HD - Eurosdiscounts.com- Achat sur Internet a prix discount, Canap\u00e9s pas cher, Smartphone pas cher, pc portable pas cher..","og_description":"Les points forts :  Type de capteur optique : Exmor R CMOS  R\u00e9solution du capteur du cam\u00e9scope : 2.51 MP  Stabilisateur d'image : Electronique (Prise imm\u00e9diate avec mode actif)  Zoom optique : 27x  2.7\" Ecran LCD   Cartes m\u00e9moires prises en charge : Carte microSD, carte microSDHC, Memory Stick Micro Mark","og_url":"https:\/\/eurosdiscounts.com\/index.php\/produit\/camescope-sony-hdrcx240eb-full-hd\/","og_site_name":"Eurosdiscounts.com- Achat sur Internet a prix discount, Canap\u00e9s pas cher, Smartphone pas cher, pc portable pas cher..","og_image":[{"width":700,"height":700,"url":"https:\/\/eurosdiscounts.com\/wp-content\/uploads\/2019\/09\/c-222.jpg","type":"image\/jpeg"}],"twitter_card":"summary_large_image","twitter_misc":{"Dur\u00e9e de lecture estim\u00e9e":"3 minutes"},"schema":{"@context":"https:\/\/schema.org","@graph":[{"@type":"WebPage","@id":"https:\/\/eurosdiscounts.com\/index.php\/produit\/camescope-sony-hdrcx240eb-full-hd\/","url":"https:\/\/eurosdiscounts.com\/index.php\/produit\/camescope-sony-hdrcx240eb-full-hd\/","name":"Camescope Sony HDRCX240EB Full HD - Eurosdiscounts.com- Achat sur Internet a prix discount, Canap\u00e9s pas cher, Smartphone pas cher, pc portable pas cher..","isPartOf":{"@id":"https:\/\/eurosdiscounts.com\/#website"},"primaryImageOfPage":{"@id":"https:\/\/eurosdiscounts.com\/index.php\/produit\/camescope-sony-hdrcx240eb-full-hd\/#primaryimage"},"image":{"@id":"https:\/\/eurosdiscounts.com\/index.php\/produit\/camescope-sony-hdrcx240eb-full-hd\/#primaryimage"},"thumbnailUrl":"https:\/\/eurosdiscounts.com\/wp-content\/uploads\/2019\/09\/c-222.jpg","datePublished":"2019-09-13T18:14:46+00:00","breadcrumb":{"@id":"https:\/\/eurosdiscounts.com\/index.php\/produit\/camescope-sony-hdrcx240eb-full-hd\/#breadcrumb"},"inLanguage":"fr-FR","potentialAction":[{"@type":"ReadAction","target":["https:\/\/eurosdiscounts.com\/index.php\/produit\/camescope-sony-hdrcx240eb-full-hd\/"]}]},{"@type":"ImageObject","inLanguage":"fr-FR","@id":"https:\/\/eurosdiscounts.com\/index.php\/produit\/camescope-sony-hdrcx240eb-full-hd\/#primaryimage","url":"https:\/\/eurosdiscounts.com\/wp-content\/uploads\/2019\/09\/c-222.jpg","contentUrl":"https:\/\/eurosdiscounts.com\/wp-content\/uploads\/2019\/09\/c-222.jpg","width":700,"height":700},{"@type":"BreadcrumbList","@id":"https:\/\/eurosdiscounts.com\/index.php\/produit\/camescope-sony-hdrcx240eb-full-hd\/#breadcrumb","itemListElement":[{"@type":"ListItem","position":1,"name":"Accueil","item":"https:\/\/eurosdiscounts.com\/"},{"@type":"ListItem","position":2,"name":"Boutique","item":"https:\/\/eurosdiscounts.com\/index.php\/boutique\/"},{"@type":"ListItem","position":3,"name":"Camescope Sony HDRCX240EB Full HD"}]},{"@type":"WebSite","@id":"https:\/\/eurosdiscounts.com\/#website","url":"https:\/\/eurosdiscounts.com\/","name":"Eurosdiscounts.com- Achat sur Internet a prix discount, Canap\u00e9s pas cher, Smartphone pas cher, pc portable pas cher..","description":"Eurosdiscounts.com- Achat sur Internet a prix discount, Canap\u00e9s pas cher, Smartphone pas cher, pc portable pas cher..","potentialAction":[{"@type":"SearchAction","target":{"@type":"EntryPoint","urlTemplate":"https:\/\/eurosdiscounts.com\/?s={search_term_string}"},"query-input":{"@type":"PropertyValueSpecification","valueRequired":true,"valueName":"search_term_string"}}],"inLanguage":"fr-FR"}]}},"_links":{"self":[{"href":"https:\/\/eurosdiscounts.com\/index.php\/wp-json\/wp\/v2\/product\/17394","targetHints":{"allow":["GET"]}}],"collection":[{"href":"https:\/\/eurosdiscounts.com\/index.php\/wp-json\/wp\/v2\/product"}],"about":[{"href":"https:\/\/eurosdiscounts.com\/index.php\/wp-json\/wp\/v2\/types\/product"}],"replies":[{"embeddable":true,"href":"https:\/\/eurosdiscounts.com\/index.php\/wp-json\/wp\/v2\/comments?post=17394"}],"wp:featuredmedia":[{"embeddable":true,"href":"https:\/\/eurosdiscounts.com\/index.php\/wp-json\/wp\/v2\/media\/4094"}],"wp:attachment":[{"href":"https:\/\/eurosdiscounts.com\/index.php\/wp-json\/wp\/v2\/media?parent=17394"}],"wp:term":[{"taxonomy":"product_cat","embeddable":true,"href":"https:\/\/eurosdiscounts.com\/index.php\/wp-json\/wp\/v2\/product_cat?post=17394"},{"taxonomy":"product_tag","embeddable":true,"href":"https:\/\/eurosdiscounts.com\/index.php\/wp-json\/wp\/v2\/product_tag?post=17394"}],"curies":[{"name":"wp","href":"https:\/\/api.w.org\/{rel}","templated":true}]}}