{"id":14677,"date":"2020-03-31T10:16:31","date_gmt":"2020-03-31T08:16:31","guid":{"rendered":"https:\/\/smartsdiscount.com\/?post_type=product&amp;p=14677"},"modified":"2020-03-31T10:16:31","modified_gmt":"2020-03-31T08:16:31","slug":"asus-v241fak-wa030t-i3-8145u-256gb-4gb-23-8in-nood-w10h","status":"publish","type":"product","link":"https:\/\/eurosdiscounts.com\/index.php\/produit\/asus-v241fak-wa030t-i3-8145u-256gb-4gb-23-8in-nood-w10h\/","title":{"rendered":"ASUS V241FAK-WA030T I3-8145U 256GB 4GB 23.8IN Nood W10H"},"content":{"rendered":"<p><span class=\"fpBlocTitle\">Les points forts :<\/span><\/p>\n<ul>\n<li>Processeur : Intel Core i3 (8\u00e8me g\u00e9n\u00e9ration) 8145U \/ 2.1 GHz<\/li>\n<li>Taille de la diagonale : 23.8&Prime;<\/li>\n<li>Taille install\u00e9e : 4 Go \/ 8 Go (maximum)<\/li>\n<li>1 x 256 Go<\/li>\n<li>Processeur graphique : Intel UHD Graphics 620<\/li>\n<\/ul>\n<div class=\"jsFpBulletPointMore\">\n<ul>\n<li>Interfaces : 1 x entr\u00e9e HDMI, 4 x USB 3.1 Gen 1, 1 x sortie HDMI, 1 x LAN (Gigabit Ethernet), 1 x USB 2.0, 1 x casque\/microphone<\/li>\n<li>Syst\u00e8me d&rsquo;exploitation fourni : Windows 10 Home<\/li>\n<li>Couleur : IMR blanc<\/li>\n<\/ul>\n<\/div>\n","protected":false},"excerpt":{"rendered":"<table class=\"fpDescTb fpDescTbPub\">\n<tbody>\n<tr>\n<th colspan=\"2\">Informations g\u00e9n\u00e9rales sur le produit<\/th>\n<\/tr>\n<tr>\n<td>Marque<\/td>\n<td><a title=\"ASUS\" href=\"https:\/\/www.cdiscount.com\/m-416-asus.html\" data-link=\"SFP-ZBN-TNO-DPM\">ASUS<\/a><\/td>\n<\/tr>\n<tr>\n<td>Nom du produit<\/td>\n<td>ASUS V241FAK-WA030T I3-8145U 256GB 4GB 23.8IN Nood<\/td>\n<\/tr>\n<tr>\n<td>Cat\u00e9gorie<\/td>\n<td>ORDINATEUR TOUT-EN-UN<\/td>\n<\/tr>\n<tr>\n<th colspan=\"2\">G\u00e9n\u00e9ral<\/th>\n<\/tr>\n<tr>\n<td>Type<\/td>\n<td>Ordinateur personnel<\/td>\n<\/tr>\n<tr>\n<td>Facteur de forme<\/td>\n<td>Tout-en-un<\/td>\n<\/tr>\n<tr>\n<td>Couleur<\/td>\n<td>IMR blanc<\/td>\n<\/tr>\n<tr>\n<td>S\u00e9curit\u00e9 int\u00e9gr\u00e9e<\/td>\n<td>Firmware Trusted Platform Module (TPM) Security Chip<\/td>\n<\/tr>\n<tr>\n<th colspan=\"2\">M\u00e9moire cache<\/th>\n<\/tr>\n<tr>\n<td>Taille install\u00e9e<\/td>\n<td>4 Mo<\/td>\n<\/tr>\n<tr>\n<td>Cache par processeur<\/td>\n<td>4 Mo<\/td>\n<\/tr>\n<tr>\n<th colspan=\"2\">RAM<\/th>\n<\/tr>\n<tr>\n<td>Taille install\u00e9e<\/td>\n<td>4 Go \/ 8 Go (maximum)<\/td>\n<\/tr>\n<tr>\n<td>Technologie<\/td>\n<td>DDR4 SDRAM<\/td>\n<\/tr>\n<tr>\n<td>Format<\/td>\n<td>SO DIMM 260 broches<\/td>\n<\/tr>\n<tr>\n<td>Emplacements<\/td>\n<td>2 (Totale)<\/td>\n<\/tr>\n<tr>\n<th colspan=\"2\">Contr\u00f4leur de stockage<\/th>\n<\/tr>\n<tr>\n<td>Type<\/td>\n<td>1 x SATA<\/td>\n<\/tr>\n<tr>\n<td>Type d&rsquo;interface du contr\u00f4leur<\/td>\n<td>SATA 6Gb\/s<\/td>\n<\/tr>\n<tr>\n<th colspan=\"2\">Contr\u00f4leur graphique<\/th>\n<\/tr>\n<tr>\n<td>Processeur graphique<\/td>\n<td>Intel UHD Graphics 620<\/td>\n<\/tr>\n<tr>\n<td>Interfaces vid\u00e9o<\/td>\n<td>HDMI<\/td>\n<\/tr>\n<tr>\n<th colspan=\"2\">Stockage optique<\/th>\n<\/tr>\n<tr>\n<td>Type<\/td>\n<td>Pas de disque optique<\/td>\n<\/tr>\n<tr>\n<th colspan=\"2\">Extension\/connectivit\u00e9<\/th>\n<\/tr>\n<tr>\n<td>Interfaces<\/td>\n<td>1 x entr\u00e9e HDMI<br \/>\n4 x USB 3.1 Gen 1<br \/>\n1 x sortie HDMI<br \/>\n1 x LAN (Gigabit Ethernet)<br \/>\n1 x USB 2.0<br \/>\n1 x casque\/microphone<\/td>\n<\/tr>\n<tr>\n<th colspan=\"2\">Sortie audio<\/th>\n<\/tr>\n<tr>\n<td>Mode de sortie audio<\/td>\n<td>St\u00e9reo<\/td>\n<\/tr>\n<tr>\n<td>Haut-parleurs inclus<\/td>\n<td>2 x canal droit \/ gauche<\/td>\n<\/tr>\n<tr>\n<th colspan=\"2\">Clavier<\/th>\n<\/tr>\n<tr>\n<td>Connectivit\u00e9<\/td>\n<td>Sans fil<\/td>\n<\/tr>\n<tr>\n<th colspan=\"2\">R\u00e9seaux<\/th>\n<\/tr>\n<tr>\n<td>Protocole de liaison de donn\u00e9es<\/td>\n<td>Ethernet, Fast Ethernet, Gigabit Ethernet, IEEE 802.11ac, Bluetooth 5.0<\/td>\n<\/tr>\n<tr>\n<td>LAN sans fil pris en charge<\/td>\n<td>Oui<\/td>\n<\/tr>\n<tr>\n<th colspan=\"2\">Alimentation<\/th>\n<\/tr>\n<tr>\n<td>Type de p\u00e9riph\u00e9rique<\/td>\n<td>Adaptateur secteur<\/td>\n<\/tr>\n<tr>\n<td>Alimentation fournie<\/td>\n<td>65 Watt<\/td>\n<\/tr>\n<tr>\n<th colspan=\"2\">Syst\u00e8me d&rsquo;exploitation \/ Logiciels<\/th>\n<\/tr>\n<tr>\n<td>Syst\u00e8me d&rsquo;exploitation fourni<\/td>\n<td>Windows 10 Home<\/td>\n<\/tr>\n<tr>\n<th colspan=\"2\">Entr\u00e9e audio<\/th>\n<\/tr>\n<tr>\n<td>Type<\/td>\n<td>Microphone<\/td>\n<\/tr>\n<tr>\n<th colspan=\"2\">Moniteur<\/th>\n<\/tr>\n<tr>\n<td>Type de moniteur<\/td>\n<td>LED &#8211; IPS<\/td>\n<\/tr>\n<tr>\n<td>R\u00e9solution native<\/td>\n<td>1920 x 1080 (Full HD)<\/td>\n<\/tr>\n<tr>\n<td>Ecran large<\/td>\n<td>Oui<\/td>\n<\/tr>\n<tr>\n<td>Angle de visualisation horizontale<\/td>\n<td>178<\/td>\n<\/tr>\n<tr>\n<td>Angle de visualisation verticale<\/td>\n<td>178<\/td>\n<\/tr>\n<tr>\n<td>Caract\u00e9ristiques du moniteur<\/td>\n<td>Anti-\u00e9blouissement, affichage NanoEdge<\/td>\n<\/tr>\n<tr>\n<td>Format de l&rsquo;image<\/td>\n<td>16:9<\/td>\n<\/tr>\n<tr>\n<td>Taille de la diagonale<\/td>\n<td>23.8&Prime;<\/td>\n<\/tr>\n<tr>\n<th colspan=\"2\">Souris<\/th>\n<\/tr>\n<tr>\n<td>Connectivit\u00e9<\/td>\n<td>Sans fil<\/td>\n<\/tr>\n<tr>\n<th colspan=\"2\">Cam\u00e9ra<\/th>\n<\/tr>\n<tr>\n<td>Cam\u00e9ra<\/td>\n<td>Oui<\/td>\n<\/tr>\n<tr>\n<td>R\u00e9solution<\/td>\n<td>HD<\/td>\n<\/tr>\n<tr>\n<th colspan=\"2\">Divers<\/th>\n<\/tr>\n<tr>\n<td>Protection antivol\/anti-intrusion<\/td>\n<td>Fente de verrouillage de s\u00e9curit\u00e9 (c\u00e2ble de verrouillage vendu s\u00e9par\u00e9ment)<\/td>\n<\/tr>\n<tr>\n<td>Normes de conformit\u00e9<\/td>\n<td>UL, BSMI, CB, CCC, FCC, CECP<\/td>\n<\/tr>\n<tr>\n<td>Type de logement de s\u00e9curit\u00e9<\/td>\n<td>Serrure de s\u00e9curit\u00e9 Kensington<\/td>\n<\/tr>\n<tr>\n<th colspan=\"2\">Normes environnementales<\/th>\n<\/tr>\n<tr>\n<td>Certifi\u00e9 ENERGY STAR<\/td>\n<td>Oui<\/td>\n<\/tr>\n<tr>\n<th colspan=\"2\">Garantie du fabricant<\/th>\n<\/tr>\n<tr>\n<td>Service et maintenance<\/td>\n<td>Garantie limit\u00e9e &#8211; 2 ans &#8211; enl\u00e8vement et retour<\/td>\n<\/tr>\n<tr>\n<th colspan=\"2\">Dimensions et poids<\/th>\n<\/tr>\n<tr>\n<td>Largeur<\/td>\n<td>54.06 cm<\/td>\n<\/tr>\n<tr>\n<td>Profondeur<\/td>\n<td>4.79 cm<\/td>\n<\/tr>\n<tr>\n<td>Hauteur<\/td>\n<td>40.91 cm<\/td>\n<\/tr>\n<tr>\n<td>Poids<\/td>\n<td>5.1 kg<\/td>\n<\/tr>\n<tr>\n<th colspan=\"2\">Disque dur<\/th>\n<\/tr>\n<tr>\n<td>Capacit\u00e9<\/td>\n<td>1 x 256 Go<\/td>\n<\/tr>\n<tr>\n<td>Type d&rsquo;interface<\/td>\n<td>SATA<\/td>\n<\/tr>\n<tr>\n<td>Type<\/td>\n<td>SSD &#8211; M.2<\/td>\n<\/tr>\n<tr>\n<th colspan=\"2\">Appareil d&rsquo;entr\u00e9e<\/th>\n<\/tr>\n<tr>\n<td>Type<\/td>\n<td>Souris, clavier<\/td>\n<\/tr>\n<tr>\n<th colspan=\"2\">Processeur \/ Chipset<\/th>\n<\/tr>\n<tr>\n<td>CPU<\/td>\n<td>Intel Core i3 (8\u00e8me g\u00e9n\u00e9ration) 8145U \/ 2.1 GHz<\/td>\n<\/tr>\n<tr>\n<td>Nombre de coeurs<\/td>\n<td>Double coeur<\/td>\n<\/tr>\n<tr>\n<td>Nombre d&rsquo;unit\u00e9s centrales<\/td>\n<td>1<\/td>\n<\/tr>\n<tr>\n<td>Nombre maximum d&rsquo;unit\u00e9s centrales<\/td>\n<td>1<\/td>\n<\/tr>\n<tr>\n<td>Vitesse maximale en mode Turbo<\/td>\n<td>3.9 GHz<\/td>\n<\/tr>\n<\/tbody>\n<\/table>\n","protected":false},"featured_media":14830,"comment_status":"open","ping_status":"closed","template":"","meta":[],"product_cat":[156,183],"product_tag":[],"class_list":{"0":"post-14677","1":"product","2":"type-product","3":"status-publish","4":"has-post-thumbnail","6":"product_cat-bons-plans","7":"product_cat-ordinateurs-de-bureau-et-ecrans","9":"first","10":"instock","11":"sale","12":"shipping-taxable","13":"purchasable","14":"product-type-simple","15":"col-xs-6 col-sm-4","16":"col-md-3 col-lg-3","17":"un-4-cols"},"yoast_head":"<!-- This site is optimized with the Yoast SEO plugin v27.0 - https:\/\/yoast.com\/product\/yoast-seo-wordpress\/ -->\n<title>asus-v241fak-wa030t-i3-8145u-256gb-4gb-23-8in-nood-w10h<\/title>\n<meta name=\"description\" content=\"asus-v241fak-wa030t-i3-8145u-256gb-4gb-23-8in-nood-w10h en tr\u00e8s bon \u00e9tat\" \/>\n<meta name=\"robots\" content=\"index, follow, max-snippet:-1, max-image-preview:large, max-video-preview:-1\" \/>\n<link rel=\"canonical\" href=\"https:\/\/eurosdiscounts.com\/index.php\/produit\/asus-v241fak-wa030t-i3-8145u-256gb-4gb-23-8in-nood-w10h\/\" \/>\n<meta property=\"og:locale\" content=\"fr_FR\" \/>\n<meta property=\"og:type\" content=\"article\" \/>\n<meta property=\"og:title\" content=\"asus-v241fak-wa030t-i3-8145u-256gb-4gb-23-8in-nood-w10h\" \/>\n<meta property=\"og:description\" content=\"asus-v241fak-wa030t-i3-8145u-256gb-4gb-23-8in-nood-w10h en tr\u00e8s bon \u00e9tat\" \/>\n<meta property=\"og:url\" content=\"https:\/\/eurosdiscounts.com\/index.php\/produit\/asus-v241fak-wa030t-i3-8145u-256gb-4gb-23-8in-nood-w10h\/\" \/>\n<meta property=\"og:site_name\" content=\"Eurosdiscounts.com- Achat sur Internet a prix discount, Canap\u00e9s pas cher, Smartphone pas cher, pc portable pas cher..\" \/>\n<meta property=\"og:image\" content=\"https:\/\/eurosdiscounts.com\/wp-content\/uploads\/2019\/09\/c3-99.jpg\" \/>\n\t<meta property=\"og:image:width\" content=\"700\" \/>\n\t<meta property=\"og:image:height\" content=\"700\" \/>\n\t<meta property=\"og:image:type\" content=\"image\/jpeg\" \/>\n<meta name=\"twitter:card\" content=\"summary_large_image\" \/>\n<script type=\"application\/ld+json\" class=\"yoast-schema-graph\">{\"@context\":\"https:\/\/schema.org\",\"@graph\":[{\"@type\":\"WebPage\",\"@id\":\"https:\/\/eurosdiscounts.com\/index.php\/produit\/asus-v241fak-wa030t-i3-8145u-256gb-4gb-23-8in-nood-w10h\/\",\"url\":\"https:\/\/eurosdiscounts.com\/index.php\/produit\/asus-v241fak-wa030t-i3-8145u-256gb-4gb-23-8in-nood-w10h\/\",\"name\":\"asus-v241fak-wa030t-i3-8145u-256gb-4gb-23-8in-nood-w10h\",\"isPartOf\":{\"@id\":\"https:\/\/eurosdiscounts.com\/#website\"},\"primaryImageOfPage\":{\"@id\":\"https:\/\/eurosdiscounts.com\/index.php\/produit\/asus-v241fak-wa030t-i3-8145u-256gb-4gb-23-8in-nood-w10h\/#primaryimage\"},\"image\":{\"@id\":\"https:\/\/eurosdiscounts.com\/index.php\/produit\/asus-v241fak-wa030t-i3-8145u-256gb-4gb-23-8in-nood-w10h\/#primaryimage\"},\"thumbnailUrl\":\"https:\/\/eurosdiscounts.com\/wp-content\/uploads\/2019\/09\/c3-99.jpg\",\"datePublished\":\"2020-03-31T08:16:31+00:00\",\"description\":\"asus-v241fak-wa030t-i3-8145u-256gb-4gb-23-8in-nood-w10h en tr\u00e8s bon \u00e9tat\",\"breadcrumb\":{\"@id\":\"https:\/\/eurosdiscounts.com\/index.php\/produit\/asus-v241fak-wa030t-i3-8145u-256gb-4gb-23-8in-nood-w10h\/#breadcrumb\"},\"inLanguage\":\"fr-FR\",\"potentialAction\":[{\"@type\":\"ReadAction\",\"target\":[\"https:\/\/eurosdiscounts.com\/index.php\/produit\/asus-v241fak-wa030t-i3-8145u-256gb-4gb-23-8in-nood-w10h\/\"]}]},{\"@type\":\"ImageObject\",\"inLanguage\":\"fr-FR\",\"@id\":\"https:\/\/eurosdiscounts.com\/index.php\/produit\/asus-v241fak-wa030t-i3-8145u-256gb-4gb-23-8in-nood-w10h\/#primaryimage\",\"url\":\"https:\/\/eurosdiscounts.com\/wp-content\/uploads\/2019\/09\/c3-99.jpg\",\"contentUrl\":\"https:\/\/eurosdiscounts.com\/wp-content\/uploads\/2019\/09\/c3-99.jpg\",\"width\":700,\"height\":700},{\"@type\":\"BreadcrumbList\",\"@id\":\"https:\/\/eurosdiscounts.com\/index.php\/produit\/asus-v241fak-wa030t-i3-8145u-256gb-4gb-23-8in-nood-w10h\/#breadcrumb\",\"itemListElement\":[{\"@type\":\"ListItem\",\"position\":1,\"name\":\"Accueil\",\"item\":\"https:\/\/eurosdiscounts.com\/\"},{\"@type\":\"ListItem\",\"position\":2,\"name\":\"Boutique\",\"item\":\"https:\/\/eurosdiscounts.com\/index.php\/boutique\/\"},{\"@type\":\"ListItem\",\"position\":3,\"name\":\"ASUS V241FAK-WA030T I3-8145U 256GB 4GB 23.8IN Nood W10H\"}]},{\"@type\":\"WebSite\",\"@id\":\"https:\/\/eurosdiscounts.com\/#website\",\"url\":\"https:\/\/eurosdiscounts.com\/\",\"name\":\"Eurosdiscounts.com- Achat sur Internet a prix discount, Canap\u00e9s pas cher, Smartphone pas cher, pc portable pas cher..\",\"description\":\"Eurosdiscounts.com- Achat sur Internet a prix discount, Canap\u00e9s pas cher, Smartphone pas cher, pc portable pas cher..\",\"potentialAction\":[{\"@type\":\"SearchAction\",\"target\":{\"@type\":\"EntryPoint\",\"urlTemplate\":\"https:\/\/eurosdiscounts.com\/?s={search_term_string}\"},\"query-input\":{\"@type\":\"PropertyValueSpecification\",\"valueRequired\":true,\"valueName\":\"search_term_string\"}}],\"inLanguage\":\"fr-FR\"}]}<\/script>\n<!-- \/ Yoast SEO plugin. -->","yoast_head_json":{"title":"asus-v241fak-wa030t-i3-8145u-256gb-4gb-23-8in-nood-w10h","description":"asus-v241fak-wa030t-i3-8145u-256gb-4gb-23-8in-nood-w10h en tr\u00e8s bon \u00e9tat","robots":{"index":"index","follow":"follow","max-snippet":"max-snippet:-1","max-image-preview":"max-image-preview:large","max-video-preview":"max-video-preview:-1"},"canonical":"https:\/\/eurosdiscounts.com\/index.php\/produit\/asus-v241fak-wa030t-i3-8145u-256gb-4gb-23-8in-nood-w10h\/","og_locale":"fr_FR","og_type":"article","og_title":"asus-v241fak-wa030t-i3-8145u-256gb-4gb-23-8in-nood-w10h","og_description":"asus-v241fak-wa030t-i3-8145u-256gb-4gb-23-8in-nood-w10h en tr\u00e8s bon \u00e9tat","og_url":"https:\/\/eurosdiscounts.com\/index.php\/produit\/asus-v241fak-wa030t-i3-8145u-256gb-4gb-23-8in-nood-w10h\/","og_site_name":"Eurosdiscounts.com- Achat sur Internet a prix discount, Canap\u00e9s pas cher, Smartphone pas cher, pc portable pas cher..","og_image":[{"width":700,"height":700,"url":"https:\/\/eurosdiscounts.com\/wp-content\/uploads\/2019\/09\/c3-99.jpg","type":"image\/jpeg"}],"twitter_card":"summary_large_image","schema":{"@context":"https:\/\/schema.org","@graph":[{"@type":"WebPage","@id":"https:\/\/eurosdiscounts.com\/index.php\/produit\/asus-v241fak-wa030t-i3-8145u-256gb-4gb-23-8in-nood-w10h\/","url":"https:\/\/eurosdiscounts.com\/index.php\/produit\/asus-v241fak-wa030t-i3-8145u-256gb-4gb-23-8in-nood-w10h\/","name":"asus-v241fak-wa030t-i3-8145u-256gb-4gb-23-8in-nood-w10h","isPartOf":{"@id":"https:\/\/eurosdiscounts.com\/#website"},"primaryImageOfPage":{"@id":"https:\/\/eurosdiscounts.com\/index.php\/produit\/asus-v241fak-wa030t-i3-8145u-256gb-4gb-23-8in-nood-w10h\/#primaryimage"},"image":{"@id":"https:\/\/eurosdiscounts.com\/index.php\/produit\/asus-v241fak-wa030t-i3-8145u-256gb-4gb-23-8in-nood-w10h\/#primaryimage"},"thumbnailUrl":"https:\/\/eurosdiscounts.com\/wp-content\/uploads\/2019\/09\/c3-99.jpg","datePublished":"2020-03-31T08:16:31+00:00","description":"asus-v241fak-wa030t-i3-8145u-256gb-4gb-23-8in-nood-w10h en tr\u00e8s bon \u00e9tat","breadcrumb":{"@id":"https:\/\/eurosdiscounts.com\/index.php\/produit\/asus-v241fak-wa030t-i3-8145u-256gb-4gb-23-8in-nood-w10h\/#breadcrumb"},"inLanguage":"fr-FR","potentialAction":[{"@type":"ReadAction","target":["https:\/\/eurosdiscounts.com\/index.php\/produit\/asus-v241fak-wa030t-i3-8145u-256gb-4gb-23-8in-nood-w10h\/"]}]},{"@type":"ImageObject","inLanguage":"fr-FR","@id":"https:\/\/eurosdiscounts.com\/index.php\/produit\/asus-v241fak-wa030t-i3-8145u-256gb-4gb-23-8in-nood-w10h\/#primaryimage","url":"https:\/\/eurosdiscounts.com\/wp-content\/uploads\/2019\/09\/c3-99.jpg","contentUrl":"https:\/\/eurosdiscounts.com\/wp-content\/uploads\/2019\/09\/c3-99.jpg","width":700,"height":700},{"@type":"BreadcrumbList","@id":"https:\/\/eurosdiscounts.com\/index.php\/produit\/asus-v241fak-wa030t-i3-8145u-256gb-4gb-23-8in-nood-w10h\/#breadcrumb","itemListElement":[{"@type":"ListItem","position":1,"name":"Accueil","item":"https:\/\/eurosdiscounts.com\/"},{"@type":"ListItem","position":2,"name":"Boutique","item":"https:\/\/eurosdiscounts.com\/index.php\/boutique\/"},{"@type":"ListItem","position":3,"name":"ASUS V241FAK-WA030T I3-8145U 256GB 4GB 23.8IN Nood W10H"}]},{"@type":"WebSite","@id":"https:\/\/eurosdiscounts.com\/#website","url":"https:\/\/eurosdiscounts.com\/","name":"Eurosdiscounts.com- Achat sur Internet a prix discount, Canap\u00e9s pas cher, Smartphone pas cher, pc portable pas cher..","description":"Eurosdiscounts.com- Achat sur Internet a prix discount, Canap\u00e9s pas cher, Smartphone pas cher, pc portable pas cher..","potentialAction":[{"@type":"SearchAction","target":{"@type":"EntryPoint","urlTemplate":"https:\/\/eurosdiscounts.com\/?s={search_term_string}"},"query-input":{"@type":"PropertyValueSpecification","valueRequired":true,"valueName":"search_term_string"}}],"inLanguage":"fr-FR"}]}},"_links":{"self":[{"href":"https:\/\/eurosdiscounts.com\/index.php\/wp-json\/wp\/v2\/product\/14677","targetHints":{"allow":["GET"]}}],"collection":[{"href":"https:\/\/eurosdiscounts.com\/index.php\/wp-json\/wp\/v2\/product"}],"about":[{"href":"https:\/\/eurosdiscounts.com\/index.php\/wp-json\/wp\/v2\/types\/product"}],"replies":[{"embeddable":true,"href":"https:\/\/eurosdiscounts.com\/index.php\/wp-json\/wp\/v2\/comments?post=14677"}],"wp:featuredmedia":[{"embeddable":true,"href":"https:\/\/eurosdiscounts.com\/index.php\/wp-json\/wp\/v2\/media\/14830"}],"wp:attachment":[{"href":"https:\/\/eurosdiscounts.com\/index.php\/wp-json\/wp\/v2\/media?parent=14677"}],"wp:term":[{"taxonomy":"product_cat","embeddable":true,"href":"https:\/\/eurosdiscounts.com\/index.php\/wp-json\/wp\/v2\/product_cat?post=14677"},{"taxonomy":"product_tag","embeddable":true,"href":"https:\/\/eurosdiscounts.com\/index.php\/wp-json\/wp\/v2\/product_tag?post=14677"}],"curies":[{"name":"wp","href":"https:\/\/api.w.org\/{rel}","templated":true}]}}