{"id":14658,"date":"2020-03-30T19:57:57","date_gmt":"2020-03-30T17:57:57","guid":{"rendered":"https:\/\/smartsdiscount.com\/?post_type=product&amp;p=14658"},"modified":"2022-04-24T13:39:51","modified_gmt":"2022-04-24T11:39:51","slug":"lenovo-ordinateur-tout-en-un-v530-22icb-10us0005fr-core-i3-i3-8100t-4-go-ram-1-to-hdd-bureau-windows-10-professionnel","status":"publish","type":"product","link":"https:\/\/eurosdiscounts.com\/index.php\/produit\/lenovo-ordinateur-tout-en-un-v530-22icb-10us0005fr-core-i3-i3-8100t-4-go-ram-1-to-hdd-bureau-windows-10-professionnel\/","title":{"rendered":"LENOVO Ordinateur tout-en-un V530-22ICB 10US0005FR &#8211; Core i3 i3-8100T &#8211; 4 Go RAM &#8211; 1 To HDD &#8211; Bureau &#8211; Windows 10 Professionnel"},"content":{"rendered":"<p><span class=\"fpBlocTitle\">Les points forts :<\/span><\/p>\n<ul>\n<li>Processeur : Intel Core i3 (8\u00e8me g\u00e9n\u00e9ration) 8100T \/ 3.1 GHz<\/li>\n<li>Taille de la diagonale : 21.5&Prime;<\/li>\n<li>Taille install\u00e9e : 4 Go \/ 16 Go (maximum)<\/li>\n<li>1 x 1 To<\/li>\n<li>Processeur graphique : Intel UHD Graphics 630<\/li>\n<\/ul>\n<div class=\"jsFpBulletPointMore\">\n<ul>\n<li>Interfaces : 1 x USB 3.1 Gen 2, 2 x USB 3.1 Gen 1, 3 x USB 2.0, 1 x LAN (Gigabit Ethernet), 1 x entr\u00e9e HDMI, 1 x sortie HDMI, 1 x casque\/microphone<\/li>\n<li>Syst\u00e8me d&rsquo;exploitation fourni : Windows 10 Pro Edition 64 bits<\/li>\n<li>Couleur : Noir<\/li>\n<\/ul>\n<\/div>\n","protected":false},"excerpt":{"rendered":"<table class=\"fpDescTb fpDescTbPub\">\n<tbody>\n<tr>\n<th colspan=\"2\">Informations g\u00e9n\u00e9rales sur le produit<\/th>\n<\/tr>\n<tr>\n<td>Marque<\/td>\n<td><a title=\"LENOVO\" href=\"https:\/\/www.cdiscount.com\/m-957-lenovo.html\" data-link=\"SFP-ZBN-TNO-DPM\">LENOVO<\/a><\/td>\n<\/tr>\n<tr>\n<td>Nom du produit<\/td>\n<td>LENOVO Ordinateur tout-en-un V530-22ICB 10US0005FR<\/td>\n<\/tr>\n<tr>\n<td>Cat\u00e9gorie<\/td>\n<td>ORDINATEUR TOUT-EN-UN<\/td>\n<\/tr>\n<tr>\n<th colspan=\"2\">G\u00e9n\u00e9ral<\/th>\n<\/tr>\n<tr>\n<td>Type<\/td>\n<td>Ordinateur personnel<\/td>\n<\/tr>\n<tr>\n<td>Facteur de forme<\/td>\n<td>Tout-en-un &#8211; avec support d&rsquo;\u00e9cran<\/td>\n<\/tr>\n<tr>\n<td>Localisation<\/td>\n<td>Langue : fran\u00e7ais \/ r\u00e9gion : France<\/td>\n<\/tr>\n<tr>\n<td>Couleur<\/td>\n<td>Noir<\/td>\n<\/tr>\n<tr>\n<td>S\u00e9curit\u00e9 int\u00e9gr\u00e9e<\/td>\n<td>Firmware Trusted Platform Module (TPM 2.0) Security Chip<\/td>\n<\/tr>\n<tr>\n<td>Appareils int\u00e9gr\u00e9s<\/td>\n<td>Haut-parleurs st\u00e9r\u00e9o<\/td>\n<\/tr>\n<tr>\n<th colspan=\"2\">Informations sur le produit<\/th>\n<\/tr>\n<tr>\n<td>Disque dur|Capacit\u00e9<\/td>\n<td>1 To<\/td>\n<\/tr>\n<tr>\n<th colspan=\"2\">M\u00e9moire cache<\/th>\n<\/tr>\n<tr>\n<td>Taille install\u00e9e<\/td>\n<td>6 Mo<\/td>\n<\/tr>\n<tr>\n<td>Cache par processeur<\/td>\n<td>6 Mo<\/td>\n<\/tr>\n<tr>\n<th colspan=\"2\">RAM<\/th>\n<\/tr>\n<tr>\n<td>Taille install\u00e9e<\/td>\n<td>4 Go \/ 16 Go (maximum)<\/td>\n<\/tr>\n<tr>\n<td>Technologie<\/td>\n<td>DDR4 SDRAM<\/td>\n<\/tr>\n<tr>\n<td>Caract\u00e9ristiques de configuration<\/td>\n<td>1 x 4 Go<\/td>\n<\/tr>\n<tr>\n<td>Caract\u00e9ristiques<\/td>\n<td>Architecture de m\u00e9moire bicanal<\/td>\n<\/tr>\n<tr>\n<td>Vitesse de m\u00e9moire effective<\/td>\n<td>2400 MHz<\/td>\n<\/tr>\n<tr>\n<td>Vitesse nominale de la m\u00e9moire<\/td>\n<td>2666 MHz<\/td>\n<\/tr>\n<tr>\n<td>Format<\/td>\n<td>SO DIMM 260 broches<\/td>\n<\/tr>\n<tr>\n<td>Emplacements<\/td>\n<td>2 (Totale) \/ 1 (vide)<\/td>\n<\/tr>\n<tr>\n<th colspan=\"2\">Contr\u00f4leur de stockage<\/th>\n<\/tr>\n<tr>\n<td>Type<\/td>\n<td>1 x SATA<\/td>\n<\/tr>\n<tr>\n<th colspan=\"2\">Contr\u00f4leur graphique<\/th>\n<\/tr>\n<tr>\n<td>Processeur graphique<\/td>\n<td>Intel UHD Graphics 630<\/td>\n<\/tr>\n<tr>\n<td>Interfaces vid\u00e9o<\/td>\n<td>HDMI<\/td>\n<\/tr>\n<tr>\n<th colspan=\"2\">Stockage optique<\/th>\n<\/tr>\n<tr>\n<td>Type<\/td>\n<td>Graveur de DVD<\/td>\n<\/tr>\n<tr>\n<th colspan=\"2\">Lecteur de carte<\/th>\n<\/tr>\n<tr>\n<td>Type<\/td>\n<td>Lecteur de carte 3 en 1<\/td>\n<\/tr>\n<tr>\n<td>Cartes m\u00e9moire flash prises en charge<\/td>\n<td>Carte m\u00e9moire SD, Carte m\u00e9moire SDHC, carte m\u00e9moire SDXC<\/td>\n<\/tr>\n<tr>\n<th colspan=\"2\">Extension\/connectivit\u00e9<\/th>\n<\/tr>\n<tr>\n<td>Interfaces<\/td>\n<td>1 x USB 3.1 Gen 2<br \/>\n2 x USB 3.1 Gen 1<br \/>\n3 x USB 2.0<br \/>\n1 x LAN (Gigabit Ethernet)<br \/>\n1 x entr\u00e9e HDMI<br \/>\n1 x sortie HDMI<br \/>\n1 x casque\/microphone<\/td>\n<\/tr>\n<tr>\n<td>Emplacements<\/td>\n<td>2 (total) \/ 1 (libre) x M.2 Card<\/td>\n<\/tr>\n<tr>\n<th colspan=\"2\">Sortie audio<\/th>\n<\/tr>\n<tr>\n<td>Haut-parleurs inclus<\/td>\n<td>2 x canal droit \/ gauche<\/td>\n<\/tr>\n<tr>\n<td>Normes de conformit\u00e9<\/td>\n<td>Audio haute d\u00e9finition<\/td>\n<\/tr>\n<tr>\n<th colspan=\"2\">Clavier<\/th>\n<\/tr>\n<tr>\n<td>Interface<\/td>\n<td>USB<\/td>\n<\/tr>\n<tr>\n<td>Localisation et disposition<\/td>\n<td>Fran\u00e7ais<\/td>\n<\/tr>\n<tr>\n<th colspan=\"2\">R\u00e9seaux<\/th>\n<\/tr>\n<tr>\n<td>Protocole de liaison de donn\u00e9es<\/td>\n<td>Ethernet, Fast Ethernet, Gigabit Ethernet, IEEE 802.11b, IEEE 802.11a, IEEE 802.11g, IEEE 802.11n, Bluetooth 4.0, IEEE 802.11ac<\/td>\n<\/tr>\n<tr>\n<td>LAN sans fil pris en charge<\/td>\n<td>Oui<\/td>\n<\/tr>\n<tr>\n<td>Caract\u00e9ristiques<\/td>\n<td>Wake on LAN (WoL)<\/td>\n<\/tr>\n<tr>\n<td>Carte NIC sans fil<\/td>\n<td>Intel Dual Band Wireless-AC 3165<\/td>\n<\/tr>\n<tr>\n<td>Contr\u00f4leur Ethernet<\/td>\n<td>Realtek RTL8111G<\/td>\n<\/tr>\n<tr>\n<th colspan=\"2\">Alimentation<\/th>\n<\/tr>\n<tr>\n<td>Type de p\u00e9riph\u00e9rique<\/td>\n<td>Adaptateur secteur<\/td>\n<\/tr>\n<tr>\n<td>Tension nominale<\/td>\n<td>CA 120\/230 V (50\/60 Hz)<\/td>\n<\/tr>\n<tr>\n<td>Efficacit\u00e9<\/td>\n<td>88%<\/td>\n<\/tr>\n<tr>\n<td>Alimentation fournie<\/td>\n<td>90 Watt<\/td>\n<\/tr>\n<tr>\n<th colspan=\"2\">Syst\u00e8me d&rsquo;exploitation \/ Logiciels<\/th>\n<\/tr>\n<tr>\n<td>Syst\u00e8me d&rsquo;exploitation fourni<\/td>\n<td>Windows 10 Pro Edition 64 bits<\/td>\n<\/tr>\n<tr>\n<td>Logiciel<\/td>\n<td>McAfee LiveSafe (version d&rsquo;\u00e9valuation de 30 jours), Lenovo App Explorer, Lenovo Vantage<\/td>\n<\/tr>\n<tr>\n<th colspan=\"2\">Moniteur<\/th>\n<\/tr>\n<tr>\n<td>Type de moniteur<\/td>\n<td>LED &#8211; IPS<\/td>\n<\/tr>\n<tr>\n<td>R\u00e9solution native<\/td>\n<td>1920 x 1080 (Full HD)<\/td>\n<\/tr>\n<tr>\n<td>Rapport de contraste d&rsquo;image<\/td>\n<td>1000:1<\/td>\n<\/tr>\n<tr>\n<td>Ecran large<\/td>\n<td>Oui<\/td>\n<\/tr>\n<tr>\n<td>Angle de visualisation horizontale<\/td>\n<td>+89 \/ -89<\/td>\n<\/tr>\n<tr>\n<td>Angle de visualisation verticale<\/td>\n<td>+89 \/ -89<\/td>\n<\/tr>\n<tr>\n<td>Caract\u00e9ristiques du moniteur<\/td>\n<td>Anti-\u00e9blouissement, Grand angle de visualisation, sans bordure<\/td>\n<\/tr>\n<tr>\n<td>Format de l&rsquo;image<\/td>\n<td>16:9<\/td>\n<\/tr>\n<tr>\n<td>Luminosit\u00e9 de l&rsquo;image<\/td>\n<td>250 cd\/m\u00b2<\/td>\n<\/tr>\n<tr>\n<td>Taille de la diagonale<\/td>\n<td>21.5&Prime;<\/td>\n<\/tr>\n<tr>\n<th colspan=\"2\">Souris<\/th>\n<\/tr>\n<tr>\n<td>Interface<\/td>\n<td>USB<\/td>\n<\/tr>\n<tr>\n<th colspan=\"2\">Cam\u00e9ra<\/th>\n<\/tr>\n<tr>\n<td>Caract\u00e9ristiques<\/td>\n<td>Microphone int\u00e9gr\u00e9, indicateur \u00e0 LED, volet de discretion<\/td>\n<\/tr>\n<tr>\n<td>Cam\u00e9ra<\/td>\n<td>Oui<\/td>\n<\/tr>\n<tr>\n<td>R\u00e9solution<\/td>\n<td>720p<\/td>\n<\/tr>\n<tr>\n<th colspan=\"2\">Divers<\/th>\n<\/tr>\n<tr>\n<td>Programme de ventes par le fabricant<\/td>\n<td>TopSeller<\/td>\n<\/tr>\n<tr>\n<td>Protection antivol\/anti-intrusion<\/td>\n<td>Fente de verrouillage de s\u00e9curit\u00e9 (c\u00e2ble de verrouillage vendu s\u00e9par\u00e9ment)<\/td>\n<\/tr>\n<tr>\n<td>Normes de conformit\u00e9<\/td>\n<td>TUV Rheinland Low Blue Light Certification<\/td>\n<\/tr>\n<tr>\n<td>Type de logement de s\u00e9curit\u00e9<\/td>\n<td>Serrure de s\u00e9curit\u00e9 Kensington<\/td>\n<\/tr>\n<tr>\n<td>Interface de montage VESA<\/td>\n<td>100 x 100 mm<\/td>\n<\/tr>\n<tr>\n<th colspan=\"2\">Normes environnementales<\/th>\n<\/tr>\n<tr>\n<td>Version ENERGY STAR<\/td>\n<td>7.0<\/td>\n<\/tr>\n<tr>\n<td>Certifi\u00e9 ENERGY STAR<\/td>\n<td>Oui<\/td>\n<\/tr>\n<tr>\n<th colspan=\"2\">Garantie du fabricant<\/th>\n<\/tr>\n<tr>\n<td>Service et maintenance<\/td>\n<td>Garantie limit\u00e9e &#8211; 1 an &#8211; sur site<\/td>\n<\/tr>\n<tr>\n<th colspan=\"2\">Dimensions et poids<\/th>\n<\/tr>\n<tr>\n<td>Largeur<\/td>\n<td>49.02 cm<\/td>\n<\/tr>\n<tr>\n<td>Profondeur<\/td>\n<td>22.8 cm<\/td>\n<\/tr>\n<tr>\n<td>Hauteur<\/td>\n<td>40.87 cm<\/td>\n<\/tr>\n<tr>\n<td>Poids<\/td>\n<td>6.1 kg<\/td>\n<\/tr>\n<tr>\n<td>Dimensions &amp; Poids &#8211; D\u00e9tails<\/td>\n<td>49.02 cm &#8211; 22.8 cm &#8211; 40.87 cm &#8211; 6.1 kg &#8211; avec support<br \/>\n49.02 cm &#8211; 5.5 cm &#8211; 33.88 cm &#8211; 4.6 kg &#8211; sans support<\/td>\n<\/tr>\n<tr>\n<th colspan=\"2\">Disque dur<\/th>\n<\/tr>\n<tr>\n<td>Capacit\u00e9<\/td>\n<td>1 x 1 To<\/td>\n<\/tr>\n<tr>\n<td>Type d&rsquo;interface<\/td>\n<td>SATA 6Gb\/s<\/td>\n<\/tr>\n<tr>\n<td>Type<\/td>\n<td>HDD<\/td>\n<\/tr>\n<tr>\n<td>Vitesse de broche<\/td>\n<td>5400 tours\/min<\/td>\n<\/tr>\n<tr>\n<th colspan=\"2\">Appareil d&rsquo;entr\u00e9e<\/th>\n<\/tr>\n<tr>\n<td>Type<\/td>\n<td>Souris, clavier<\/td>\n<\/tr>\n<tr>\n<th colspan=\"2\">Processeur \/ Chipset<\/th>\n<\/tr>\n<tr>\n<td>CPU<\/td>\n<td>Intel Core i3 (8\u00e8me g\u00e9n\u00e9ration) 8100T \/ 3.1 GHz<\/td>\n<\/tr>\n<tr>\n<td>Nombre de coeurs<\/td>\n<td>Quadricoeur<\/td>\n<\/tr>\n<tr>\n<td>Nombre d&rsquo;unit\u00e9s centrales<\/td>\n<td>1<\/td>\n<\/tr>\n<tr>\n<td>Nombre maximum d&rsquo;unit\u00e9s centrales<\/td>\n<td>1<\/td>\n<\/tr>\n<tr>\n<td>Type de chipset<\/td>\n<td>Intel B360<\/td>\n<\/tr>\n<\/tbody>\n<\/table>\n","protected":false},"featured_media":14842,"comment_status":"open","ping_status":"closed","template":"","meta":[],"product_cat":[156,183],"product_tag":[],"class_list":{"0":"post-14658","1":"product","2":"type-product","3":"status-publish","4":"has-post-thumbnail","6":"product_cat-bons-plans","7":"product_cat-ordinateurs-de-bureau-et-ecrans","9":"first","10":"instock","11":"sale","12":"shipping-taxable","13":"purchasable","14":"product-type-simple","15":"col-xs-6 col-sm-4","16":"col-md-3 col-lg-3","17":"un-4-cols"},"yoast_head":"<!-- This site is optimized with the Yoast SEO plugin v27.0 - https:\/\/yoast.com\/product\/yoast-seo-wordpress\/ -->\n<title>lenovo-ordinateur-tout-en-un-v530-22icb-10us0005fr-core-i3-i3-8100t-4-go<\/title>\n<meta name=\"description\" content=\"lenovo-ordinateur-tout-en-un-v530-22icb-10us0005fr-core-i3-i3-8100t-4-go-ram-1-to-hdd-bureau-windows-10-professionnel en tr\u00e8s bon \u00e9tat.\" \/>\n<meta name=\"robots\" content=\"index, follow, max-snippet:-1, max-image-preview:large, max-video-preview:-1\" \/>\n<link rel=\"canonical\" href=\"https:\/\/eurosdiscounts.com\/index.php\/produit\/lenovo-ordinateur-tout-en-un-v530-22icb-10us0005fr-core-i3-i3-8100t-4-go-ram-1-to-hdd-bureau-windows-10-professionnel\/\" \/>\n<meta property=\"og:locale\" content=\"fr_FR\" \/>\n<meta property=\"og:type\" content=\"article\" \/>\n<meta property=\"og:title\" content=\"lenovo-ordinateur-tout-en-un-v530-22icb-10us0005fr-core-i3-i3-8100t-4-go\" \/>\n<meta property=\"og:description\" content=\"lenovo-ordinateur-tout-en-un-v530-22icb-10us0005fr-core-i3-i3-8100t-4-go-ram-1-to-hdd-bureau-windows-10-professionnel en tr\u00e8s bon \u00e9tat.\" \/>\n<meta property=\"og:url\" content=\"https:\/\/eurosdiscounts.com\/index.php\/produit\/lenovo-ordinateur-tout-en-un-v530-22icb-10us0005fr-core-i3-i3-8100t-4-go-ram-1-to-hdd-bureau-windows-10-professionnel\/\" \/>\n<meta property=\"og:site_name\" content=\"Eurosdiscounts.com- Achat sur Internet a prix discount, Canap\u00e9s pas cher, Smartphone pas cher, pc portable pas cher..\" \/>\n<meta property=\"article:modified_time\" content=\"2022-04-24T11:39:51+00:00\" \/>\n<meta property=\"og:image\" content=\"https:\/\/eurosdiscounts.com\/wp-content\/uploads\/2019\/09\/c-232.jpg\" \/>\n\t<meta property=\"og:image:width\" content=\"700\" \/>\n\t<meta property=\"og:image:height\" content=\"700\" \/>\n\t<meta property=\"og:image:type\" content=\"image\/jpeg\" \/>\n<meta name=\"twitter:card\" content=\"summary_large_image\" \/>\n<script type=\"application\/ld+json\" class=\"yoast-schema-graph\">{\"@context\":\"https:\/\/schema.org\",\"@graph\":[{\"@type\":\"WebPage\",\"@id\":\"https:\/\/eurosdiscounts.com\/index.php\/produit\/lenovo-ordinateur-tout-en-un-v530-22icb-10us0005fr-core-i3-i3-8100t-4-go-ram-1-to-hdd-bureau-windows-10-professionnel\/\",\"url\":\"https:\/\/eurosdiscounts.com\/index.php\/produit\/lenovo-ordinateur-tout-en-un-v530-22icb-10us0005fr-core-i3-i3-8100t-4-go-ram-1-to-hdd-bureau-windows-10-professionnel\/\",\"name\":\"lenovo-ordinateur-tout-en-un-v530-22icb-10us0005fr-core-i3-i3-8100t-4-go\",\"isPartOf\":{\"@id\":\"https:\/\/eurosdiscounts.com\/#website\"},\"primaryImageOfPage\":{\"@id\":\"https:\/\/eurosdiscounts.com\/index.php\/produit\/lenovo-ordinateur-tout-en-un-v530-22icb-10us0005fr-core-i3-i3-8100t-4-go-ram-1-to-hdd-bureau-windows-10-professionnel\/#primaryimage\"},\"image\":{\"@id\":\"https:\/\/eurosdiscounts.com\/index.php\/produit\/lenovo-ordinateur-tout-en-un-v530-22icb-10us0005fr-core-i3-i3-8100t-4-go-ram-1-to-hdd-bureau-windows-10-professionnel\/#primaryimage\"},\"thumbnailUrl\":\"https:\/\/eurosdiscounts.com\/wp-content\/uploads\/2019\/09\/c-232.jpg\",\"datePublished\":\"2020-03-30T17:57:57+00:00\",\"dateModified\":\"2022-04-24T11:39:51+00:00\",\"description\":\"lenovo-ordinateur-tout-en-un-v530-22icb-10us0005fr-core-i3-i3-8100t-4-go-ram-1-to-hdd-bureau-windows-10-professionnel en tr\u00e8s bon \u00e9tat.\",\"breadcrumb\":{\"@id\":\"https:\/\/eurosdiscounts.com\/index.php\/produit\/lenovo-ordinateur-tout-en-un-v530-22icb-10us0005fr-core-i3-i3-8100t-4-go-ram-1-to-hdd-bureau-windows-10-professionnel\/#breadcrumb\"},\"inLanguage\":\"fr-FR\",\"potentialAction\":[{\"@type\":\"ReadAction\",\"target\":[\"https:\/\/eurosdiscounts.com\/index.php\/produit\/lenovo-ordinateur-tout-en-un-v530-22icb-10us0005fr-core-i3-i3-8100t-4-go-ram-1-to-hdd-bureau-windows-10-professionnel\/\"]}]},{\"@type\":\"ImageObject\",\"inLanguage\":\"fr-FR\",\"@id\":\"https:\/\/eurosdiscounts.com\/index.php\/produit\/lenovo-ordinateur-tout-en-un-v530-22icb-10us0005fr-core-i3-i3-8100t-4-go-ram-1-to-hdd-bureau-windows-10-professionnel\/#primaryimage\",\"url\":\"https:\/\/eurosdiscounts.com\/wp-content\/uploads\/2019\/09\/c-232.jpg\",\"contentUrl\":\"https:\/\/eurosdiscounts.com\/wp-content\/uploads\/2019\/09\/c-232.jpg\",\"width\":700,\"height\":700},{\"@type\":\"BreadcrumbList\",\"@id\":\"https:\/\/eurosdiscounts.com\/index.php\/produit\/lenovo-ordinateur-tout-en-un-v530-22icb-10us0005fr-core-i3-i3-8100t-4-go-ram-1-to-hdd-bureau-windows-10-professionnel\/#breadcrumb\",\"itemListElement\":[{\"@type\":\"ListItem\",\"position\":1,\"name\":\"Accueil\",\"item\":\"https:\/\/eurosdiscounts.com\/\"},{\"@type\":\"ListItem\",\"position\":2,\"name\":\"Boutique\",\"item\":\"https:\/\/eurosdiscounts.com\/index.php\/boutique\/\"},{\"@type\":\"ListItem\",\"position\":3,\"name\":\"LENOVO Ordinateur tout-en-un V530-22ICB 10US0005FR &#8211; Core i3 i3-8100T &#8211; 4 Go RAM &#8211; 1 To HDD &#8211; Bureau &#8211; Windows 10 Professionnel\"}]},{\"@type\":\"WebSite\",\"@id\":\"https:\/\/eurosdiscounts.com\/#website\",\"url\":\"https:\/\/eurosdiscounts.com\/\",\"name\":\"Eurosdiscounts.com- Achat sur Internet a prix discount, Canap\u00e9s pas cher, Smartphone pas cher, pc portable pas cher..\",\"description\":\"Eurosdiscounts.com- Achat sur Internet a prix discount, Canap\u00e9s pas cher, Smartphone pas cher, pc portable pas cher..\",\"potentialAction\":[{\"@type\":\"SearchAction\",\"target\":{\"@type\":\"EntryPoint\",\"urlTemplate\":\"https:\/\/eurosdiscounts.com\/?s={search_term_string}\"},\"query-input\":{\"@type\":\"PropertyValueSpecification\",\"valueRequired\":true,\"valueName\":\"search_term_string\"}}],\"inLanguage\":\"fr-FR\"}]}<\/script>\n<!-- \/ Yoast SEO plugin. -->","yoast_head_json":{"title":"lenovo-ordinateur-tout-en-un-v530-22icb-10us0005fr-core-i3-i3-8100t-4-go","description":"lenovo-ordinateur-tout-en-un-v530-22icb-10us0005fr-core-i3-i3-8100t-4-go-ram-1-to-hdd-bureau-windows-10-professionnel en tr\u00e8s bon \u00e9tat.","robots":{"index":"index","follow":"follow","max-snippet":"max-snippet:-1","max-image-preview":"max-image-preview:large","max-video-preview":"max-video-preview:-1"},"canonical":"https:\/\/eurosdiscounts.com\/index.php\/produit\/lenovo-ordinateur-tout-en-un-v530-22icb-10us0005fr-core-i3-i3-8100t-4-go-ram-1-to-hdd-bureau-windows-10-professionnel\/","og_locale":"fr_FR","og_type":"article","og_title":"lenovo-ordinateur-tout-en-un-v530-22icb-10us0005fr-core-i3-i3-8100t-4-go","og_description":"lenovo-ordinateur-tout-en-un-v530-22icb-10us0005fr-core-i3-i3-8100t-4-go-ram-1-to-hdd-bureau-windows-10-professionnel en tr\u00e8s bon \u00e9tat.","og_url":"https:\/\/eurosdiscounts.com\/index.php\/produit\/lenovo-ordinateur-tout-en-un-v530-22icb-10us0005fr-core-i3-i3-8100t-4-go-ram-1-to-hdd-bureau-windows-10-professionnel\/","og_site_name":"Eurosdiscounts.com- Achat sur Internet a prix discount, Canap\u00e9s pas cher, Smartphone pas cher, pc portable pas cher..","article_modified_time":"2022-04-24T11:39:51+00:00","og_image":[{"width":700,"height":700,"url":"https:\/\/eurosdiscounts.com\/wp-content\/uploads\/2019\/09\/c-232.jpg","type":"image\/jpeg"}],"twitter_card":"summary_large_image","schema":{"@context":"https:\/\/schema.org","@graph":[{"@type":"WebPage","@id":"https:\/\/eurosdiscounts.com\/index.php\/produit\/lenovo-ordinateur-tout-en-un-v530-22icb-10us0005fr-core-i3-i3-8100t-4-go-ram-1-to-hdd-bureau-windows-10-professionnel\/","url":"https:\/\/eurosdiscounts.com\/index.php\/produit\/lenovo-ordinateur-tout-en-un-v530-22icb-10us0005fr-core-i3-i3-8100t-4-go-ram-1-to-hdd-bureau-windows-10-professionnel\/","name":"lenovo-ordinateur-tout-en-un-v530-22icb-10us0005fr-core-i3-i3-8100t-4-go","isPartOf":{"@id":"https:\/\/eurosdiscounts.com\/#website"},"primaryImageOfPage":{"@id":"https:\/\/eurosdiscounts.com\/index.php\/produit\/lenovo-ordinateur-tout-en-un-v530-22icb-10us0005fr-core-i3-i3-8100t-4-go-ram-1-to-hdd-bureau-windows-10-professionnel\/#primaryimage"},"image":{"@id":"https:\/\/eurosdiscounts.com\/index.php\/produit\/lenovo-ordinateur-tout-en-un-v530-22icb-10us0005fr-core-i3-i3-8100t-4-go-ram-1-to-hdd-bureau-windows-10-professionnel\/#primaryimage"},"thumbnailUrl":"https:\/\/eurosdiscounts.com\/wp-content\/uploads\/2019\/09\/c-232.jpg","datePublished":"2020-03-30T17:57:57+00:00","dateModified":"2022-04-24T11:39:51+00:00","description":"lenovo-ordinateur-tout-en-un-v530-22icb-10us0005fr-core-i3-i3-8100t-4-go-ram-1-to-hdd-bureau-windows-10-professionnel en tr\u00e8s bon \u00e9tat.","breadcrumb":{"@id":"https:\/\/eurosdiscounts.com\/index.php\/produit\/lenovo-ordinateur-tout-en-un-v530-22icb-10us0005fr-core-i3-i3-8100t-4-go-ram-1-to-hdd-bureau-windows-10-professionnel\/#breadcrumb"},"inLanguage":"fr-FR","potentialAction":[{"@type":"ReadAction","target":["https:\/\/eurosdiscounts.com\/index.php\/produit\/lenovo-ordinateur-tout-en-un-v530-22icb-10us0005fr-core-i3-i3-8100t-4-go-ram-1-to-hdd-bureau-windows-10-professionnel\/"]}]},{"@type":"ImageObject","inLanguage":"fr-FR","@id":"https:\/\/eurosdiscounts.com\/index.php\/produit\/lenovo-ordinateur-tout-en-un-v530-22icb-10us0005fr-core-i3-i3-8100t-4-go-ram-1-to-hdd-bureau-windows-10-professionnel\/#primaryimage","url":"https:\/\/eurosdiscounts.com\/wp-content\/uploads\/2019\/09\/c-232.jpg","contentUrl":"https:\/\/eurosdiscounts.com\/wp-content\/uploads\/2019\/09\/c-232.jpg","width":700,"height":700},{"@type":"BreadcrumbList","@id":"https:\/\/eurosdiscounts.com\/index.php\/produit\/lenovo-ordinateur-tout-en-un-v530-22icb-10us0005fr-core-i3-i3-8100t-4-go-ram-1-to-hdd-bureau-windows-10-professionnel\/#breadcrumb","itemListElement":[{"@type":"ListItem","position":1,"name":"Accueil","item":"https:\/\/eurosdiscounts.com\/"},{"@type":"ListItem","position":2,"name":"Boutique","item":"https:\/\/eurosdiscounts.com\/index.php\/boutique\/"},{"@type":"ListItem","position":3,"name":"LENOVO Ordinateur tout-en-un V530-22ICB 10US0005FR &#8211; Core i3 i3-8100T &#8211; 4 Go RAM &#8211; 1 To HDD &#8211; Bureau &#8211; Windows 10 Professionnel"}]},{"@type":"WebSite","@id":"https:\/\/eurosdiscounts.com\/#website","url":"https:\/\/eurosdiscounts.com\/","name":"Eurosdiscounts.com- Achat sur Internet a prix discount, Canap\u00e9s pas cher, Smartphone pas cher, pc portable pas cher..","description":"Eurosdiscounts.com- Achat sur Internet a prix discount, Canap\u00e9s pas cher, Smartphone pas cher, pc portable pas cher..","potentialAction":[{"@type":"SearchAction","target":{"@type":"EntryPoint","urlTemplate":"https:\/\/eurosdiscounts.com\/?s={search_term_string}"},"query-input":{"@type":"PropertyValueSpecification","valueRequired":true,"valueName":"search_term_string"}}],"inLanguage":"fr-FR"}]}},"_links":{"self":[{"href":"https:\/\/eurosdiscounts.com\/index.php\/wp-json\/wp\/v2\/product\/14658","targetHints":{"allow":["GET"]}}],"collection":[{"href":"https:\/\/eurosdiscounts.com\/index.php\/wp-json\/wp\/v2\/product"}],"about":[{"href":"https:\/\/eurosdiscounts.com\/index.php\/wp-json\/wp\/v2\/types\/product"}],"replies":[{"embeddable":true,"href":"https:\/\/eurosdiscounts.com\/index.php\/wp-json\/wp\/v2\/comments?post=14658"}],"wp:featuredmedia":[{"embeddable":true,"href":"https:\/\/eurosdiscounts.com\/index.php\/wp-json\/wp\/v2\/media\/14842"}],"wp:attachment":[{"href":"https:\/\/eurosdiscounts.com\/index.php\/wp-json\/wp\/v2\/media?parent=14658"}],"wp:term":[{"taxonomy":"product_cat","embeddable":true,"href":"https:\/\/eurosdiscounts.com\/index.php\/wp-json\/wp\/v2\/product_cat?post=14658"},{"taxonomy":"product_tag","embeddable":true,"href":"https:\/\/eurosdiscounts.com\/index.php\/wp-json\/wp\/v2\/product_tag?post=14658"}],"curies":[{"name":"wp","href":"https:\/\/api.w.org\/{rel}","templated":true}]}}