{"id":14581,"date":"2019-09-11T03:00:59","date_gmt":"2019-09-11T01:00:59","guid":{"rendered":"https:\/\/smartsdiscount.com\/?post_type=product&amp;p=3128"},"modified":"2024-07-10T01:32:47","modified_gmt":"2024-07-09T23:32:47","slug":"brandt-dfh13534w-lave-vaisselle-posable-13-couverts-44db-a-larg-60cm","status":"publish","type":"product","link":"https:\/\/eurosdiscounts.com\/index.php\/produit\/brandt-dfh13534w-lave-vaisselle-posable-13-couverts-44db-a-larg-60cm\/","title":{"rendered":"BRANDT DFH13534W &#8211; Lave-vaisselle posable &#8211; 13 couverts &#8211; 44dB &#8211; A+++ &#8211; Larg. 60cm"},"content":{"rendered":"<table class=\"fpDescTb fpDescTbPub\">\n<tbody>\n<tr>\n<th colspan=\"2\">Informations g\u00e9n\u00e9rales sur le produit<\/th>\n<\/tr>\n<tr>\n<td>Marque<\/td>\n<td><a title=\"BRANDT\" href=\"https:\/\/www.cdiscount.com\/m-282-brandt.html\" data-link=\"SFP-ZBN-TNO-DPM\">BRANDT<\/a><\/td>\n<\/tr>\n<tr>\n<td>Nom du produit<\/td>\n<td>BRANDT DFH13534W &#8211; Lave-vaisselle posable &#8211; 13 cou<\/td>\n<\/tr>\n<tr>\n<td>Cat\u00e9gorie<\/td>\n<td>LAVE-VAISSELLE<\/td>\n<\/tr>\n<tr>\n<th colspan=\"2\">Informations sur le produit<\/th>\n<\/tr>\n<tr>\n<td>R\u00e9glages, commandes et voyants|Fonctions du minuteur<\/td>\n<td>D\u00e9part diff\u00e9r\u00e9<\/td>\n<\/tr>\n<tr>\n<th colspan=\"2\">G\u00e9n\u00e9ral<\/th>\n<\/tr>\n<tr>\n<td>Format<\/td>\n<td>Pose libre (peut \u00eatre int\u00e9gr\u00e9)<\/td>\n<\/tr>\n<tr>\n<td>Type de Produit<\/td>\n<td>Lave-vaisselle<\/td>\n<\/tr>\n<tr>\n<td>Couleur<\/td>\n<td>Blanc<\/td>\n<\/tr>\n<tr>\n<td>Nombre de couverts<\/td>\n<td>13<\/td>\n<\/tr>\n<tr>\n<td>Consommation d&rsquo;eau annuelle<\/td>\n<td>2800 litres<\/td>\n<\/tr>\n<tr>\n<td>Classe d&rsquo;efficacit\u00e9 de s\u00e9chage<\/td>\n<td>Classe A<\/td>\n<\/tr>\n<tr>\n<td>Type d&rsquo;installation<\/td>\n<td>Sous-plan<\/td>\n<\/tr>\n<tr>\n<td>Classe de lavage<\/td>\n<td>Classe A<\/td>\n<\/tr>\n<tr>\n<td>Nbre de programmes<\/td>\n<td>7<\/td>\n<\/tr>\n<tr>\n<td>Consommation d&rsquo;\u00e9nergie annuelle<\/td>\n<td>234 kWh<\/td>\n<\/tr>\n<tr>\n<td>Options et programmes sp\u00e9ciaux<\/td>\n<td>Lavage rapide, lavage intensif, auto, trempage, verre<\/td>\n<\/tr>\n<tr>\n<td>Niveau sonore maximum<\/td>\n<td>44 dB<\/td>\n<\/tr>\n<tr>\n<td>Classe \u00e9nerg\u00e9tique<\/td>\n<td>Classe A+++<\/td>\n<\/tr>\n<tr>\n<td>Dur\u00e9e du cycle de lavage standard<\/td>\n<td>175 min<\/td>\n<\/tr>\n<tr>\n<td>Nbre de param\u00e8tres de temp\u00e9rature<\/td>\n<td>6<\/td>\n<\/tr>\n<tr>\n<th colspan=\"2\">R\u00e9glages, commandes et voyants<\/th>\n<\/tr>\n<tr>\n<td>T\u00e9moins<\/td>\n<td>Agent de rin\u00e7age, sel<\/td>\n<\/tr>\n<tr>\n<td>D\u00e9part diff\u00e9r\u00e9<\/td>\n<td>24 heures<\/td>\n<\/tr>\n<tr>\n<td>Fonctions du minuteur<\/td>\n<td>D\u00e9part diff\u00e9r\u00e9<\/td>\n<\/tr>\n<tr>\n<th colspan=\"2\">Divers<\/th>\n<\/tr>\n<tr>\n<td>Fonctions personnalisables<\/td>\n<td>Panier sup\u00e9rieur r\u00e9glable<\/td>\n<\/tr>\n<tr>\n<td>Roulettes \/ pieds<\/td>\n<td>Pieds r\u00e9glables<\/td>\n<\/tr>\n<tr>\n<th colspan=\"2\">Consommation<\/th>\n<\/tr>\n<tr>\n<td>Alimentation<\/td>\n<td>230 V \/ 50 Hz<\/td>\n<\/tr>\n<tr>\n<td>Courant nominal<\/td>\n<td>10 A<\/td>\n<\/tr>\n<tr>\n<td>Puissance \u00e9lectrique<\/td>\n<td>1930 Watt<\/td>\n<\/tr>\n<tr>\n<th colspan=\"2\">Consommation d&rsquo;eau et d&rsquo;\u00e9nergie<\/th>\n<\/tr>\n<tr>\n<td>Consommation d&rsquo;\u00e9nergie par cycle<\/td>\n<td>0.82 kWh<\/td>\n<\/tr>\n<tr>\n<td>Consommation d&rsquo;eau par cycle<\/td>\n<td>10 litres<\/td>\n<\/tr>\n<tr>\n<th colspan=\"2\">Dimensions et poids<\/th>\n<\/tr>\n<tr>\n<td>Largeur<\/td>\n<td>60 cm<\/td>\n<\/tr>\n<tr>\n<td>Profondeur<\/td>\n<td>58 cm<\/td>\n<\/tr>\n<tr>\n<td>Hauteur<\/td>\n<td>85 cm<\/td>\n<\/tr>\n<tr>\n<td>Poids<\/td>\n<td>49 kg<\/td>\n<\/tr>\n<tr>\n<td>Informations sur les dimensions<\/td>\n<td>Hauteur sans le plan de travail: 81.5 cm<\/td>\n<\/tr>\n<tr>\n<th colspan=\"2\">Dimensions et poids (emball\u00e9)<\/th>\n<\/tr>\n<tr>\n<td>Largeur (emball\u00e9e)<\/td>\n<td>64.5 cm<\/td>\n<\/tr>\n<tr>\n<td>Profondeur (emball\u00e9e)<\/td>\n<td>64.5 cm<\/td>\n<\/tr>\n<tr>\n<td>Hauteur (Exp\u00e9dition)<\/td>\n<td>88.4 cm<\/td>\n<\/tr>\n<tr>\n<td>Poids (Exp\u00e9dition)<\/td>\n<td>55.5 kg<\/td>\n<\/tr>\n<tr>\n<th colspan=\"2\">Affichage<\/th>\n<\/tr>\n<tr>\n<td>Type<\/td>\n<td>Num\u00e9rique<\/td>\n<\/tr>\n<\/tbody>\n<\/table>\n","protected":false},"excerpt":{"rendered":"<p><span class=\"fpBlocTitle\">Les points forts :<\/span><\/p>\n<ul>\n<li>Garantie (\u00b2) : 2 ans &#8211; pi\u00e8ces, main d\u2019\u0153uvre et d\u00e9placement<\/li>\n<li>Pose libre (peut \u00eatre int\u00e9gr\u00e9)<\/li>\n<li>Nombre de couverts : 13<\/li>\n<li>Niveau sonore maximum : 44 dB<\/li>\n<li>Consommation d&rsquo;\u00e9nergie par cycle : 0.82 kWh<\/li>\n<\/ul>\n<div class=\"jsFpBulletPointMore\">\n<ul>\n<li>Consommation d&rsquo;eau par cycle : 10 litres<\/li>\n<li>Nbre de programmes : 7<\/li>\n<li>Fonctions du minuteur : D\u00e9part diff\u00e9r\u00e9<\/li>\n<\/ul>\n<\/div>\n","protected":false},"featured_media":3132,"comment_status":"open","ping_status":"closed","template":"","meta":[],"product_cat":[167,174],"product_tag":[],"class_list":{"0":"post-14581","1":"product","2":"type-product","3":"status-publish","4":"has-post-thumbnail","6":"product_cat-gros-electromenager","7":"product_cat-lave-vaisselle","9":"first","10":"instock","11":"sale","12":"shipping-taxable","13":"purchasable","14":"product-type-simple","15":"col-xs-6 col-sm-4","16":"col-md-3 col-lg-3","17":"un-4-cols"},"yoast_head":"<!-- This site is optimized with the Yoast SEO plugin v27.0 - https:\/\/yoast.com\/product\/yoast-seo-wordpress\/ -->\n<title>BRANDT DFH13534W - Lave-vaisselle posable - 13 couverts - 44dB - A+++ - Larg. 60cm - Eurosdiscounts.com- Achat sur Internet a prix discount, Canap\u00e9s pas cher, Smartphone pas cher, pc portable pas cher..<\/title>\n<meta name=\"robots\" content=\"index, follow, max-snippet:-1, max-image-preview:large, max-video-preview:-1\" \/>\n<link rel=\"canonical\" href=\"https:\/\/eurosdiscounts.com\/index.php\/produit\/brandt-dfh13534w-lave-vaisselle-posable-13-couverts-44db-a-larg-60cm\/\" \/>\n<meta property=\"og:locale\" content=\"fr_FR\" \/>\n<meta property=\"og:type\" content=\"article\" \/>\n<meta property=\"og:title\" content=\"BRANDT DFH13534W - Lave-vaisselle posable - 13 couverts - 44dB - A+++ - Larg. 60cm - Eurosdiscounts.com- Achat sur Internet a prix discount, Canap\u00e9s pas cher, Smartphone pas cher, pc portable pas cher..\" \/>\n<meta property=\"og:description\" content=\"Les points forts :  Garantie (\u00b2) : 2 ans - pi\u00e8ces, main d\u2019\u0153uvre et d\u00e9placement  Pose libre (peut \u00eatre int\u00e9gr\u00e9)  Nombre de couverts : 13  Niveau sonore maximum : 44 dB  Consommation d&#039;\u00e9nergie par cycle : 0.82 kWh   Consommation d&#039;eau par cycle : 10 litres  Nbre de programmes : 7  Fonctions du minuteur : D\u00e9part diff\u00e9r\u00e9\" \/>\n<meta property=\"og:url\" content=\"https:\/\/eurosdiscounts.com\/index.php\/produit\/brandt-dfh13534w-lave-vaisselle-posable-13-couverts-44db-a-larg-60cm\/\" \/>\n<meta property=\"og:site_name\" content=\"Eurosdiscounts.com- Achat sur Internet a prix discount, Canap\u00e9s pas cher, Smartphone pas cher, pc portable pas cher..\" \/>\n<meta property=\"article:modified_time\" content=\"2024-07-09T23:32:47+00:00\" \/>\n<meta property=\"og:image\" content=\"https:\/\/eurosdiscounts.com\/wp-content\/uploads\/2019\/09\/c-48.jpg\" \/>\n\t<meta property=\"og:image:width\" content=\"700\" \/>\n\t<meta property=\"og:image:height\" content=\"700\" \/>\n\t<meta property=\"og:image:type\" content=\"image\/jpeg\" \/>\n<meta name=\"twitter:card\" content=\"summary_large_image\" \/>\n<meta name=\"twitter:label1\" content=\"Dur\u00e9e de lecture estim\u00e9e\" \/>\n\t<meta name=\"twitter:data1\" content=\"1 minute\" \/>\n<script type=\"application\/ld+json\" class=\"yoast-schema-graph\">{\"@context\":\"https:\/\/schema.org\",\"@graph\":[{\"@type\":\"WebPage\",\"@id\":\"https:\/\/eurosdiscounts.com\/index.php\/produit\/brandt-dfh13534w-lave-vaisselle-posable-13-couverts-44db-a-larg-60cm\/\",\"url\":\"https:\/\/eurosdiscounts.com\/index.php\/produit\/brandt-dfh13534w-lave-vaisselle-posable-13-couverts-44db-a-larg-60cm\/\",\"name\":\"BRANDT DFH13534W - Lave-vaisselle posable - 13 couverts - 44dB - A+++ - Larg. 60cm - Eurosdiscounts.com- Achat sur Internet a prix discount, Canap\u00e9s pas cher, Smartphone pas cher, pc portable pas cher..\",\"isPartOf\":{\"@id\":\"https:\/\/eurosdiscounts.com\/#website\"},\"primaryImageOfPage\":{\"@id\":\"https:\/\/eurosdiscounts.com\/index.php\/produit\/brandt-dfh13534w-lave-vaisselle-posable-13-couverts-44db-a-larg-60cm\/#primaryimage\"},\"image\":{\"@id\":\"https:\/\/eurosdiscounts.com\/index.php\/produit\/brandt-dfh13534w-lave-vaisselle-posable-13-couverts-44db-a-larg-60cm\/#primaryimage\"},\"thumbnailUrl\":\"https:\/\/eurosdiscounts.com\/wp-content\/uploads\/2019\/09\/c-48.jpg\",\"datePublished\":\"2019-09-11T01:00:59+00:00\",\"dateModified\":\"2024-07-09T23:32:47+00:00\",\"breadcrumb\":{\"@id\":\"https:\/\/eurosdiscounts.com\/index.php\/produit\/brandt-dfh13534w-lave-vaisselle-posable-13-couverts-44db-a-larg-60cm\/#breadcrumb\"},\"inLanguage\":\"fr-FR\",\"potentialAction\":[{\"@type\":\"ReadAction\",\"target\":[\"https:\/\/eurosdiscounts.com\/index.php\/produit\/brandt-dfh13534w-lave-vaisselle-posable-13-couverts-44db-a-larg-60cm\/\"]}]},{\"@type\":\"ImageObject\",\"inLanguage\":\"fr-FR\",\"@id\":\"https:\/\/eurosdiscounts.com\/index.php\/produit\/brandt-dfh13534w-lave-vaisselle-posable-13-couverts-44db-a-larg-60cm\/#primaryimage\",\"url\":\"https:\/\/eurosdiscounts.com\/wp-content\/uploads\/2019\/09\/c-48.jpg\",\"contentUrl\":\"https:\/\/eurosdiscounts.com\/wp-content\/uploads\/2019\/09\/c-48.jpg\",\"width\":700,\"height\":700},{\"@type\":\"BreadcrumbList\",\"@id\":\"https:\/\/eurosdiscounts.com\/index.php\/produit\/brandt-dfh13534w-lave-vaisselle-posable-13-couverts-44db-a-larg-60cm\/#breadcrumb\",\"itemListElement\":[{\"@type\":\"ListItem\",\"position\":1,\"name\":\"Accueil\",\"item\":\"https:\/\/eurosdiscounts.com\/\"},{\"@type\":\"ListItem\",\"position\":2,\"name\":\"Boutique\",\"item\":\"https:\/\/eurosdiscounts.com\/index.php\/boutique\/\"},{\"@type\":\"ListItem\",\"position\":3,\"name\":\"BRANDT DFH13534W &#8211; Lave-vaisselle posable &#8211; 13 couverts &#8211; 44dB &#8211; A+++ &#8211; Larg. 60cm\"}]},{\"@type\":\"WebSite\",\"@id\":\"https:\/\/eurosdiscounts.com\/#website\",\"url\":\"https:\/\/eurosdiscounts.com\/\",\"name\":\"Eurosdiscounts.com- Achat sur Internet a prix discount, Canap\u00e9s pas cher, Smartphone pas cher, pc portable pas cher..\",\"description\":\"Eurosdiscounts.com- Achat sur Internet a prix discount, Canap\u00e9s pas cher, Smartphone pas cher, pc portable pas cher..\",\"potentialAction\":[{\"@type\":\"SearchAction\",\"target\":{\"@type\":\"EntryPoint\",\"urlTemplate\":\"https:\/\/eurosdiscounts.com\/?s={search_term_string}\"},\"query-input\":{\"@type\":\"PropertyValueSpecification\",\"valueRequired\":true,\"valueName\":\"search_term_string\"}}],\"inLanguage\":\"fr-FR\"}]}<\/script>\n<!-- \/ Yoast SEO plugin. -->","yoast_head_json":{"title":"BRANDT DFH13534W - Lave-vaisselle posable - 13 couverts - 44dB - A+++ - Larg. 60cm - Eurosdiscounts.com- Achat sur Internet a prix discount, Canap\u00e9s pas cher, Smartphone pas cher, pc portable pas cher..","robots":{"index":"index","follow":"follow","max-snippet":"max-snippet:-1","max-image-preview":"max-image-preview:large","max-video-preview":"max-video-preview:-1"},"canonical":"https:\/\/eurosdiscounts.com\/index.php\/produit\/brandt-dfh13534w-lave-vaisselle-posable-13-couverts-44db-a-larg-60cm\/","og_locale":"fr_FR","og_type":"article","og_title":"BRANDT DFH13534W - Lave-vaisselle posable - 13 couverts - 44dB - A+++ - Larg. 60cm - Eurosdiscounts.com- Achat sur Internet a prix discount, Canap\u00e9s pas cher, Smartphone pas cher, pc portable pas cher..","og_description":"Les points forts :  Garantie (\u00b2) : 2 ans - pi\u00e8ces, main d\u2019\u0153uvre et d\u00e9placement  Pose libre (peut \u00eatre int\u00e9gr\u00e9)  Nombre de couverts : 13  Niveau sonore maximum : 44 dB  Consommation d'\u00e9nergie par cycle : 0.82 kWh   Consommation d'eau par cycle : 10 litres  Nbre de programmes : 7  Fonctions du minuteur : D\u00e9part diff\u00e9r\u00e9","og_url":"https:\/\/eurosdiscounts.com\/index.php\/produit\/brandt-dfh13534w-lave-vaisselle-posable-13-couverts-44db-a-larg-60cm\/","og_site_name":"Eurosdiscounts.com- Achat sur Internet a prix discount, Canap\u00e9s pas cher, Smartphone pas cher, pc portable pas cher..","article_modified_time":"2024-07-09T23:32:47+00:00","og_image":[{"width":700,"height":700,"url":"https:\/\/eurosdiscounts.com\/wp-content\/uploads\/2019\/09\/c-48.jpg","type":"image\/jpeg"}],"twitter_card":"summary_large_image","twitter_misc":{"Dur\u00e9e de lecture estim\u00e9e":"1 minute"},"schema":{"@context":"https:\/\/schema.org","@graph":[{"@type":"WebPage","@id":"https:\/\/eurosdiscounts.com\/index.php\/produit\/brandt-dfh13534w-lave-vaisselle-posable-13-couverts-44db-a-larg-60cm\/","url":"https:\/\/eurosdiscounts.com\/index.php\/produit\/brandt-dfh13534w-lave-vaisselle-posable-13-couverts-44db-a-larg-60cm\/","name":"BRANDT DFH13534W - Lave-vaisselle posable - 13 couverts - 44dB - A+++ - Larg. 60cm - Eurosdiscounts.com- Achat sur Internet a prix discount, Canap\u00e9s pas cher, Smartphone pas cher, pc portable pas cher..","isPartOf":{"@id":"https:\/\/eurosdiscounts.com\/#website"},"primaryImageOfPage":{"@id":"https:\/\/eurosdiscounts.com\/index.php\/produit\/brandt-dfh13534w-lave-vaisselle-posable-13-couverts-44db-a-larg-60cm\/#primaryimage"},"image":{"@id":"https:\/\/eurosdiscounts.com\/index.php\/produit\/brandt-dfh13534w-lave-vaisselle-posable-13-couverts-44db-a-larg-60cm\/#primaryimage"},"thumbnailUrl":"https:\/\/eurosdiscounts.com\/wp-content\/uploads\/2019\/09\/c-48.jpg","datePublished":"2019-09-11T01:00:59+00:00","dateModified":"2024-07-09T23:32:47+00:00","breadcrumb":{"@id":"https:\/\/eurosdiscounts.com\/index.php\/produit\/brandt-dfh13534w-lave-vaisselle-posable-13-couverts-44db-a-larg-60cm\/#breadcrumb"},"inLanguage":"fr-FR","potentialAction":[{"@type":"ReadAction","target":["https:\/\/eurosdiscounts.com\/index.php\/produit\/brandt-dfh13534w-lave-vaisselle-posable-13-couverts-44db-a-larg-60cm\/"]}]},{"@type":"ImageObject","inLanguage":"fr-FR","@id":"https:\/\/eurosdiscounts.com\/index.php\/produit\/brandt-dfh13534w-lave-vaisselle-posable-13-couverts-44db-a-larg-60cm\/#primaryimage","url":"https:\/\/eurosdiscounts.com\/wp-content\/uploads\/2019\/09\/c-48.jpg","contentUrl":"https:\/\/eurosdiscounts.com\/wp-content\/uploads\/2019\/09\/c-48.jpg","width":700,"height":700},{"@type":"BreadcrumbList","@id":"https:\/\/eurosdiscounts.com\/index.php\/produit\/brandt-dfh13534w-lave-vaisselle-posable-13-couverts-44db-a-larg-60cm\/#breadcrumb","itemListElement":[{"@type":"ListItem","position":1,"name":"Accueil","item":"https:\/\/eurosdiscounts.com\/"},{"@type":"ListItem","position":2,"name":"Boutique","item":"https:\/\/eurosdiscounts.com\/index.php\/boutique\/"},{"@type":"ListItem","position":3,"name":"BRANDT DFH13534W &#8211; Lave-vaisselle posable &#8211; 13 couverts &#8211; 44dB &#8211; A+++ &#8211; Larg. 60cm"}]},{"@type":"WebSite","@id":"https:\/\/eurosdiscounts.com\/#website","url":"https:\/\/eurosdiscounts.com\/","name":"Eurosdiscounts.com- Achat sur Internet a prix discount, Canap\u00e9s pas cher, Smartphone pas cher, pc portable pas cher..","description":"Eurosdiscounts.com- Achat sur Internet a prix discount, Canap\u00e9s pas cher, Smartphone pas cher, pc portable pas cher..","potentialAction":[{"@type":"SearchAction","target":{"@type":"EntryPoint","urlTemplate":"https:\/\/eurosdiscounts.com\/?s={search_term_string}"},"query-input":{"@type":"PropertyValueSpecification","valueRequired":true,"valueName":"search_term_string"}}],"inLanguage":"fr-FR"}]}},"_links":{"self":[{"href":"https:\/\/eurosdiscounts.com\/index.php\/wp-json\/wp\/v2\/product\/14581","targetHints":{"allow":["GET"]}}],"collection":[{"href":"https:\/\/eurosdiscounts.com\/index.php\/wp-json\/wp\/v2\/product"}],"about":[{"href":"https:\/\/eurosdiscounts.com\/index.php\/wp-json\/wp\/v2\/types\/product"}],"replies":[{"embeddable":true,"href":"https:\/\/eurosdiscounts.com\/index.php\/wp-json\/wp\/v2\/comments?post=14581"}],"wp:featuredmedia":[{"embeddable":true,"href":"https:\/\/eurosdiscounts.com\/index.php\/wp-json\/wp\/v2\/media\/3132"}],"wp:attachment":[{"href":"https:\/\/eurosdiscounts.com\/index.php\/wp-json\/wp\/v2\/media?parent=14581"}],"wp:term":[{"taxonomy":"product_cat","embeddable":true,"href":"https:\/\/eurosdiscounts.com\/index.php\/wp-json\/wp\/v2\/product_cat?post=14581"},{"taxonomy":"product_tag","embeddable":true,"href":"https:\/\/eurosdiscounts.com\/index.php\/wp-json\/wp\/v2\/product_tag?post=14581"}],"curies":[{"name":"wp","href":"https:\/\/api.w.org\/{rel}","templated":true}]}}