{"id":14531,"date":"2020-03-21T17:57:35","date_gmt":"2020-03-21T16:57:35","guid":{"rendered":"https:\/\/smartsdiscount.com\/?post_type=product&amp;p=14531"},"modified":"2023-02-04T17:19:44","modified_gmt":"2023-02-04T16:19:44","slug":"whirlpool-w55tm6110x-refrigerateur-congelateur-haut-240l-19842-froid-statique-a-l-54cm-x-h-160cm-inox","status":"publish","type":"product","link":"https:\/\/eurosdiscounts.com\/index.php\/produit\/whirlpool-w55tm6110x-refrigerateur-congelateur-haut-240l-19842-froid-statique-a-l-54cm-x-h-160cm-inox\/","title":{"rendered":"WHIRLPOOL W55TM6110X &#8211; R\u00e9frig\u00e9rateur cong\u00e9lateur haut &#8211; 240L (198+42) &#8211; Froid statique &#8211; A+ &#8211; L 54cm x H 160cm &#8211; Inox"},"content":{"rendered":"<p><span class=\"fpBlocTitle\">Les points forts :<\/span><\/p>\n<ul>\n<li>Garantie (\u00b2) : 2 ans \u2013 pi\u00e8ces, main d\u2019\u0153uvre et d\u00e9placement<\/li>\n<li>Type(s) de froid : Froid statique<\/li>\n<li>Volume utile total : 240 litres<\/li>\n<li>Nombre d\u2019\u00e9toiles du compartiment cong\u00e9lation : ****<\/li>\n<li>Type d\u2019installation : Emplacement int\u00e9rieur<\/li>\n<\/ul>\n<div class=\"jsFpBulletPointMore\">\n<ul>\n<li>Niveau sonore maximal : 42 dB<\/li>\n<li>Couleur : Inox<\/li>\n<li>Portes r\u00e9versibles : Oui<\/li>\n<\/ul>\n<\/div>\n","protected":false},"excerpt":{"rendered":"<table class=\"fpDescTb fpDescTbPub\">\n<tbody>\n<tr>\n<th colspan=\"2\">INFORMATIONS G\u00c9N\u00c9RALES SUR LE PRODUIT<\/th>\n<\/tr>\n<tr>\n<td>Marque<\/td>\n<td><a title=\"WHIRLPOOL\" href=\"https:\/\/www.cdiscount.com\/m-230-whirlpool.html\" data-link=\"SFP-ZBN-TNO-DPM\">WHIRLPOOL<\/a><\/td>\n<\/tr>\n<tr>\n<td>Nom du produit<\/td>\n<td>WHIRLPOOL W55TM6110X \u2013 R\u00e9frig\u00e9rateur cong\u00e9lateur h<\/td>\n<\/tr>\n<tr>\n<td>Cat\u00e9gorie<\/td>\n<td>R\u00c9FRIG\u00c9RATEUR CLASSIQUE<\/td>\n<\/tr>\n<tr>\n<th colspan=\"2\">G\u00c9N\u00c9RAL<\/th>\n<\/tr>\n<tr>\n<td>Type de Produit<\/td>\n<td>R\u00e9frig\u00e9rateur\/cong\u00e9lateur \u2013 cong\u00e9lateur haut<\/td>\n<\/tr>\n<tr>\n<td>Cat\u00e9gorie de r\u00e9frig\u00e9rateur<\/td>\n<td>R\u00e9frig\u00e9rateur-cong\u00e9lateur<\/td>\n<\/tr>\n<tr>\n<td>Classe \u00e9nerg\u00e9tique<\/td>\n<td>Classe A+<\/td>\n<\/tr>\n<tr>\n<td>Consommation d\u2019\u00e9nergie annuelle<\/td>\n<td>230 kWh<\/td>\n<\/tr>\n<tr>\n<td>Volume utile total<\/td>\n<td>240 litres<\/td>\n<\/tr>\n<tr>\n<td>Volume utile de r\u00e9frig\u00e9rateur<\/td>\n<td>198 litres<\/td>\n<\/tr>\n<tr>\n<td>Volume utile de cong\u00e9lateur<\/td>\n<td>42 litres<\/td>\n<\/tr>\n<tr>\n<td>Classe climatique<\/td>\n<td>N-ST<\/td>\n<\/tr>\n<tr>\n<td>Nombre d\u2019\u00e9toiles du compartiment cong\u00e9lation<\/td>\n<td>****<\/td>\n<\/tr>\n<tr>\n<td>Niveau sonore maximum<\/td>\n<td>42 dB<\/td>\n<\/tr>\n<tr>\n<td>Format<\/td>\n<td>Pose libre (peut \u00eatre int\u00e9gr\u00e9)<\/td>\n<\/tr>\n<tr>\n<td>Couleur<\/td>\n<td>Inox<\/td>\n<\/tr>\n<tr>\n<td>Nombre de portes<\/td>\n<td>2<\/td>\n<\/tr>\n<tr>\n<td>Portes r\u00e9versibles<\/td>\n<td>Oui<\/td>\n<\/tr>\n<tr>\n<td>Autonomie en cas de coupure<\/td>\n<td>21 hrs<\/td>\n<\/tr>\n<tr>\n<td>Contr\u00f4le<\/td>\n<td>M\u00e9canique<\/td>\n<\/tr>\n<tr>\n<td>Nombre de compresseurs<\/td>\n<td>1<\/td>\n<\/tr>\n<tr>\n<td>Type(s) de froid<\/td>\n<td>Froid statique<\/td>\n<\/tr>\n<tr>\n<td>D\u00e9givrage automatique<\/td>\n<td>Oui \u2013 r\u00e9frig\u00e9rateur<\/td>\n<\/tr>\n<tr>\n<td>Gaz r\u00e9frig\u00e9rant<\/td>\n<td>R 600 A<\/td>\n<\/tr>\n<tr>\n<td>Charni\u00e8re de porte<\/td>\n<td>Droite<\/td>\n<\/tr>\n<tr>\n<td>Type d\u2019installation<\/td>\n<td>Emplacement int\u00e9rieur<\/td>\n<\/tr>\n<tr>\n<td>Type de produit<\/td>\n<td>R\u00e9frig\u00e9rateur\/cong\u00e9lateur \u2013 cong\u00e9lateur haut<\/td>\n<\/tr>\n<tr>\n<th colspan=\"2\">CARACT\u00c9RISTIQUES DU R\u00c9FRIG\u00c9RATEUR<\/th>\n<\/tr>\n<tr>\n<td>Eclairage int\u00e9rieur du r\u00e9frig\u00e9rateur<\/td>\n<td>Oui<\/td>\n<\/tr>\n<tr>\n<td>Nombre d\u2019\u00e9tag\u00e8res du r\u00e9frig\u00e9rateur<\/td>\n<td>4<\/td>\n<\/tr>\n<tr>\n<td>Nombre de tiroirs du r\u00e9frig\u00e9rateur<\/td>\n<td>1<\/td>\n<\/tr>\n<tr>\n<td>Nombre de compartiments de porte du r\u00e9frig\u00e9rateur<\/td>\n<td>4<\/td>\n<\/tr>\n<tr>\n<td>Caract\u00e9ristiques des \u00e9tag\u00e8res\/compartiments du r\u00e9frig\u00e9rateur<\/td>\n<td>4 x \u00e9tag\u00e8re \u2013 verre<br \/>\n1 x bac \u00e0 l\u00e9gumes \u2013 transparent<br \/>\n1 x rangement bouteille dans porte<br \/>\n3 x \u00e9tag\u00e8re \u2013 ajustable<\/td>\n<\/tr>\n<tr>\n<td>Entreposage int\u00e9rieur<\/td>\n<td>Oui<\/td>\n<\/tr>\n<tr>\n<th colspan=\"2\">DIVERS<\/th>\n<\/tr>\n<tr>\n<td>Roulettes \/ pieds<\/td>\n<td>Pieds avants r\u00e9glables<\/td>\n<\/tr>\n<tr>\n<td>Normes de conformit\u00e9<\/td>\n<td>Directive 1060\/2010\/EU<\/td>\n<\/tr>\n<tr>\n<th colspan=\"2\">CONSOMMATION<\/th>\n<\/tr>\n<tr>\n<td>Longueur du cordon<\/td>\n<td>1.5 m<\/td>\n<\/tr>\n<tr>\n<td>Puissance \u00e9lectrique<\/td>\n<td>144 Watt<\/td>\n<\/tr>\n<tr>\n<td>Alimentation<\/td>\n<td>220 \u2013 240 V \/ 50 Hz<\/td>\n<\/tr>\n<tr>\n<td>Consommation d\u2019\u00e9nergie<\/td>\n<td>0.63 kWh<\/td>\n<\/tr>\n<tr>\n<td>Courant nominal<\/td>\n<td>0.7 A<\/td>\n<\/tr>\n<tr>\n<td>Type de prise<\/td>\n<td>Schuko<\/td>\n<\/tr>\n<tr>\n<th colspan=\"2\">DIMENSIONS ET POIDS<\/th>\n<\/tr>\n<tr>\n<td>Largeur<\/td>\n<td>54 cm<\/td>\n<\/tr>\n<tr>\n<td>Profondeur<\/td>\n<td>57 cm<\/td>\n<\/tr>\n<tr>\n<td>Hauteur<\/td>\n<td>160 cm<\/td>\n<\/tr>\n<tr>\n<td>Poids<\/td>\n<td>42 kg<\/td>\n<\/tr>\n<tr>\n<th colspan=\"2\">DIMENSIONS ET POIDS (EMBALL\u00c9)<\/th>\n<\/tr>\n<tr>\n<td>Poids (Exp\u00e9dition)<\/td>\n<td>45.6 kg<\/td>\n<\/tr>\n<tr>\n<td>Largeur (emball\u00e9e)<\/td>\n<td>57.8 cm<\/td>\n<\/tr>\n<tr>\n<td>Profondeur (emball\u00e9e)<\/td>\n<td>60 cm<\/td>\n<\/tr>\n<tr>\n<td>Hauteur (Exp\u00e9dition)<\/td>\n<td>166.9 cm<\/td>\n<\/tr>\n<tr>\n<th colspan=\"2\">CARACT\u00c9RISTIQUES DU CONG\u00c9LATEUR<\/th>\n<\/tr>\n<tr>\n<td>Nombre d\u2019\u00e9tag\u00e8res du cong\u00e9lateur<\/td>\n<td>1<\/td>\n<\/tr>\n<tr>\n<td>Capacit\u00e9 de cong\u00e9lation<\/td>\n<td>2 kg \/ 24 h<\/td>\n<\/tr>\n<tr>\n<td>Carat\u00e9ristiques des \u00e9tag\u00e8res\/compartiments du cong\u00e9lateur<\/td>\n<td>1 x \u00e9tag\u00e8re \u2013 verre<\/td>\n<\/tr>\n<\/tbody>\n<\/table>\n","protected":false},"featured_media":14996,"comment_status":"open","ping_status":"closed","template":"","meta":[],"product_cat":[156,191],"product_tag":[],"class_list":{"0":"post-14531","1":"product","2":"type-product","3":"status-publish","4":"has-post-thumbnail","6":"product_cat-bons-plans","7":"product_cat-refrigerateurs","9":"first","10":"instock","11":"sale","12":"shipping-taxable","13":"purchasable","14":"product-type-simple","15":"col-xs-6 col-sm-4","16":"col-md-3 col-lg-3","17":"un-4-cols"},"yoast_head":"<!-- This site is optimized with the Yoast SEO plugin v27.0 - https:\/\/yoast.com\/product\/yoast-seo-wordpress\/ -->\n<title>whirlpool-w55tm6110x-refrigerateur-congelateur-haut-240l-19842-froid<\/title>\n<meta name=\"description\" content=\"Les points forts :Garantie (\u00b2) : 2 ans - pi\u00e8ces, main d\u2019\u0153uvre et d\u00e9placementType(s) de froid : Froid statiqueVolume utile total : 240 litres\" \/>\n<meta name=\"robots\" content=\"index, follow, max-snippet:-1, max-image-preview:large, max-video-preview:-1\" \/>\n<link rel=\"canonical\" href=\"https:\/\/eurosdiscounts.com\/index.php\/produit\/whirlpool-w55tm6110x-refrigerateur-congelateur-haut-240l-19842-froid-statique-a-l-54cm-x-h-160cm-inox\/\" \/>\n<meta property=\"og:locale\" content=\"fr_FR\" \/>\n<meta property=\"og:type\" content=\"article\" \/>\n<meta property=\"og:title\" content=\"whirlpool-w55tm6110x-refrigerateur-congelateur-haut-240l-19842-froid\" \/>\n<meta property=\"og:description\" content=\"Les points forts :Garantie (\u00b2) : 2 ans - pi\u00e8ces, main d\u2019\u0153uvre et d\u00e9placementType(s) de froid : Froid statiqueVolume utile total : 240 litres\" \/>\n<meta property=\"og:url\" content=\"https:\/\/eurosdiscounts.com\/index.php\/produit\/whirlpool-w55tm6110x-refrigerateur-congelateur-haut-240l-19842-froid-statique-a-l-54cm-x-h-160cm-inox\/\" \/>\n<meta property=\"og:site_name\" content=\"Eurosdiscounts.com- Achat sur Internet a prix discount, Canap\u00e9s pas cher, Smartphone pas cher, pc portable pas cher..\" \/>\n<meta property=\"article:modified_time\" content=\"2023-02-04T16:19:44+00:00\" \/>\n<meta property=\"og:image\" content=\"https:\/\/eurosdiscounts.com\/wp-content\/uploads\/2020\/03\/c-16.jpg\" \/>\n\t<meta property=\"og:image:width\" content=\"700\" \/>\n\t<meta property=\"og:image:height\" content=\"700\" \/>\n\t<meta property=\"og:image:type\" content=\"image\/jpeg\" \/>\n<meta name=\"twitter:card\" content=\"summary_large_image\" \/>\n<script type=\"application\/ld+json\" class=\"yoast-schema-graph\">{\"@context\":\"https:\/\/schema.org\",\"@graph\":[{\"@type\":\"WebPage\",\"@id\":\"https:\/\/eurosdiscounts.com\/index.php\/produit\/whirlpool-w55tm6110x-refrigerateur-congelateur-haut-240l-19842-froid-statique-a-l-54cm-x-h-160cm-inox\/\",\"url\":\"https:\/\/eurosdiscounts.com\/index.php\/produit\/whirlpool-w55tm6110x-refrigerateur-congelateur-haut-240l-19842-froid-statique-a-l-54cm-x-h-160cm-inox\/\",\"name\":\"whirlpool-w55tm6110x-refrigerateur-congelateur-haut-240l-19842-froid\",\"isPartOf\":{\"@id\":\"https:\/\/eurosdiscounts.com\/#website\"},\"primaryImageOfPage\":{\"@id\":\"https:\/\/eurosdiscounts.com\/index.php\/produit\/whirlpool-w55tm6110x-refrigerateur-congelateur-haut-240l-19842-froid-statique-a-l-54cm-x-h-160cm-inox\/#primaryimage\"},\"image\":{\"@id\":\"https:\/\/eurosdiscounts.com\/index.php\/produit\/whirlpool-w55tm6110x-refrigerateur-congelateur-haut-240l-19842-froid-statique-a-l-54cm-x-h-160cm-inox\/#primaryimage\"},\"thumbnailUrl\":\"https:\/\/eurosdiscounts.com\/wp-content\/uploads\/2020\/03\/c-16.jpg\",\"datePublished\":\"2020-03-21T16:57:35+00:00\",\"dateModified\":\"2023-02-04T16:19:44+00:00\",\"description\":\"Les points forts :Garantie (\u00b2) : 2 ans - pi\u00e8ces, main d\u2019\u0153uvre et d\u00e9placementType(s) de froid : Froid statiqueVolume utile total : 240 litres\",\"breadcrumb\":{\"@id\":\"https:\/\/eurosdiscounts.com\/index.php\/produit\/whirlpool-w55tm6110x-refrigerateur-congelateur-haut-240l-19842-froid-statique-a-l-54cm-x-h-160cm-inox\/#breadcrumb\"},\"inLanguage\":\"fr-FR\",\"potentialAction\":[{\"@type\":\"ReadAction\",\"target\":[\"https:\/\/eurosdiscounts.com\/index.php\/produit\/whirlpool-w55tm6110x-refrigerateur-congelateur-haut-240l-19842-froid-statique-a-l-54cm-x-h-160cm-inox\/\"]}]},{\"@type\":\"ImageObject\",\"inLanguage\":\"fr-FR\",\"@id\":\"https:\/\/eurosdiscounts.com\/index.php\/produit\/whirlpool-w55tm6110x-refrigerateur-congelateur-haut-240l-19842-froid-statique-a-l-54cm-x-h-160cm-inox\/#primaryimage\",\"url\":\"https:\/\/eurosdiscounts.com\/wp-content\/uploads\/2020\/03\/c-16.jpg\",\"contentUrl\":\"https:\/\/eurosdiscounts.com\/wp-content\/uploads\/2020\/03\/c-16.jpg\",\"width\":700,\"height\":700},{\"@type\":\"BreadcrumbList\",\"@id\":\"https:\/\/eurosdiscounts.com\/index.php\/produit\/whirlpool-w55tm6110x-refrigerateur-congelateur-haut-240l-19842-froid-statique-a-l-54cm-x-h-160cm-inox\/#breadcrumb\",\"itemListElement\":[{\"@type\":\"ListItem\",\"position\":1,\"name\":\"Accueil\",\"item\":\"https:\/\/eurosdiscounts.com\/\"},{\"@type\":\"ListItem\",\"position\":2,\"name\":\"Boutique\",\"item\":\"https:\/\/eurosdiscounts.com\/index.php\/boutique\/\"},{\"@type\":\"ListItem\",\"position\":3,\"name\":\"WHIRLPOOL W55TM6110X &#8211; R\u00e9frig\u00e9rateur cong\u00e9lateur haut &#8211; 240L (198+42) &#8211; Froid statique &#8211; A+ &#8211; L 54cm x H 160cm &#8211; Inox\"}]},{\"@type\":\"WebSite\",\"@id\":\"https:\/\/eurosdiscounts.com\/#website\",\"url\":\"https:\/\/eurosdiscounts.com\/\",\"name\":\"Eurosdiscounts.com- Achat sur Internet a prix discount, Canap\u00e9s pas cher, Smartphone pas cher, pc portable pas cher..\",\"description\":\"Eurosdiscounts.com- Achat sur Internet a prix discount, Canap\u00e9s pas cher, Smartphone pas cher, pc portable pas cher..\",\"potentialAction\":[{\"@type\":\"SearchAction\",\"target\":{\"@type\":\"EntryPoint\",\"urlTemplate\":\"https:\/\/eurosdiscounts.com\/?s={search_term_string}\"},\"query-input\":{\"@type\":\"PropertyValueSpecification\",\"valueRequired\":true,\"valueName\":\"search_term_string\"}}],\"inLanguage\":\"fr-FR\"}]}<\/script>\n<!-- \/ Yoast SEO plugin. -->","yoast_head_json":{"title":"whirlpool-w55tm6110x-refrigerateur-congelateur-haut-240l-19842-froid","description":"Les points forts :Garantie (\u00b2) : 2 ans - pi\u00e8ces, main d\u2019\u0153uvre et d\u00e9placementType(s) de froid : Froid statiqueVolume utile total : 240 litres","robots":{"index":"index","follow":"follow","max-snippet":"max-snippet:-1","max-image-preview":"max-image-preview:large","max-video-preview":"max-video-preview:-1"},"canonical":"https:\/\/eurosdiscounts.com\/index.php\/produit\/whirlpool-w55tm6110x-refrigerateur-congelateur-haut-240l-19842-froid-statique-a-l-54cm-x-h-160cm-inox\/","og_locale":"fr_FR","og_type":"article","og_title":"whirlpool-w55tm6110x-refrigerateur-congelateur-haut-240l-19842-froid","og_description":"Les points forts :Garantie (\u00b2) : 2 ans - pi\u00e8ces, main d\u2019\u0153uvre et d\u00e9placementType(s) de froid : Froid statiqueVolume utile total : 240 litres","og_url":"https:\/\/eurosdiscounts.com\/index.php\/produit\/whirlpool-w55tm6110x-refrigerateur-congelateur-haut-240l-19842-froid-statique-a-l-54cm-x-h-160cm-inox\/","og_site_name":"Eurosdiscounts.com- Achat sur Internet a prix discount, Canap\u00e9s pas cher, Smartphone pas cher, pc portable pas cher..","article_modified_time":"2023-02-04T16:19:44+00:00","og_image":[{"width":700,"height":700,"url":"https:\/\/eurosdiscounts.com\/wp-content\/uploads\/2020\/03\/c-16.jpg","type":"image\/jpeg"}],"twitter_card":"summary_large_image","schema":{"@context":"https:\/\/schema.org","@graph":[{"@type":"WebPage","@id":"https:\/\/eurosdiscounts.com\/index.php\/produit\/whirlpool-w55tm6110x-refrigerateur-congelateur-haut-240l-19842-froid-statique-a-l-54cm-x-h-160cm-inox\/","url":"https:\/\/eurosdiscounts.com\/index.php\/produit\/whirlpool-w55tm6110x-refrigerateur-congelateur-haut-240l-19842-froid-statique-a-l-54cm-x-h-160cm-inox\/","name":"whirlpool-w55tm6110x-refrigerateur-congelateur-haut-240l-19842-froid","isPartOf":{"@id":"https:\/\/eurosdiscounts.com\/#website"},"primaryImageOfPage":{"@id":"https:\/\/eurosdiscounts.com\/index.php\/produit\/whirlpool-w55tm6110x-refrigerateur-congelateur-haut-240l-19842-froid-statique-a-l-54cm-x-h-160cm-inox\/#primaryimage"},"image":{"@id":"https:\/\/eurosdiscounts.com\/index.php\/produit\/whirlpool-w55tm6110x-refrigerateur-congelateur-haut-240l-19842-froid-statique-a-l-54cm-x-h-160cm-inox\/#primaryimage"},"thumbnailUrl":"https:\/\/eurosdiscounts.com\/wp-content\/uploads\/2020\/03\/c-16.jpg","datePublished":"2020-03-21T16:57:35+00:00","dateModified":"2023-02-04T16:19:44+00:00","description":"Les points forts :Garantie (\u00b2) : 2 ans - pi\u00e8ces, main d\u2019\u0153uvre et d\u00e9placementType(s) de froid : Froid statiqueVolume utile total : 240 litres","breadcrumb":{"@id":"https:\/\/eurosdiscounts.com\/index.php\/produit\/whirlpool-w55tm6110x-refrigerateur-congelateur-haut-240l-19842-froid-statique-a-l-54cm-x-h-160cm-inox\/#breadcrumb"},"inLanguage":"fr-FR","potentialAction":[{"@type":"ReadAction","target":["https:\/\/eurosdiscounts.com\/index.php\/produit\/whirlpool-w55tm6110x-refrigerateur-congelateur-haut-240l-19842-froid-statique-a-l-54cm-x-h-160cm-inox\/"]}]},{"@type":"ImageObject","inLanguage":"fr-FR","@id":"https:\/\/eurosdiscounts.com\/index.php\/produit\/whirlpool-w55tm6110x-refrigerateur-congelateur-haut-240l-19842-froid-statique-a-l-54cm-x-h-160cm-inox\/#primaryimage","url":"https:\/\/eurosdiscounts.com\/wp-content\/uploads\/2020\/03\/c-16.jpg","contentUrl":"https:\/\/eurosdiscounts.com\/wp-content\/uploads\/2020\/03\/c-16.jpg","width":700,"height":700},{"@type":"BreadcrumbList","@id":"https:\/\/eurosdiscounts.com\/index.php\/produit\/whirlpool-w55tm6110x-refrigerateur-congelateur-haut-240l-19842-froid-statique-a-l-54cm-x-h-160cm-inox\/#breadcrumb","itemListElement":[{"@type":"ListItem","position":1,"name":"Accueil","item":"https:\/\/eurosdiscounts.com\/"},{"@type":"ListItem","position":2,"name":"Boutique","item":"https:\/\/eurosdiscounts.com\/index.php\/boutique\/"},{"@type":"ListItem","position":3,"name":"WHIRLPOOL W55TM6110X &#8211; R\u00e9frig\u00e9rateur cong\u00e9lateur haut &#8211; 240L (198+42) &#8211; Froid statique &#8211; A+ &#8211; L 54cm x H 160cm &#8211; Inox"}]},{"@type":"WebSite","@id":"https:\/\/eurosdiscounts.com\/#website","url":"https:\/\/eurosdiscounts.com\/","name":"Eurosdiscounts.com- Achat sur Internet a prix discount, Canap\u00e9s pas cher, Smartphone pas cher, pc portable pas cher..","description":"Eurosdiscounts.com- Achat sur Internet a prix discount, Canap\u00e9s pas cher, Smartphone pas cher, pc portable pas cher..","potentialAction":[{"@type":"SearchAction","target":{"@type":"EntryPoint","urlTemplate":"https:\/\/eurosdiscounts.com\/?s={search_term_string}"},"query-input":{"@type":"PropertyValueSpecification","valueRequired":true,"valueName":"search_term_string"}}],"inLanguage":"fr-FR"}]}},"_links":{"self":[{"href":"https:\/\/eurosdiscounts.com\/index.php\/wp-json\/wp\/v2\/product\/14531","targetHints":{"allow":["GET"]}}],"collection":[{"href":"https:\/\/eurosdiscounts.com\/index.php\/wp-json\/wp\/v2\/product"}],"about":[{"href":"https:\/\/eurosdiscounts.com\/index.php\/wp-json\/wp\/v2\/types\/product"}],"replies":[{"embeddable":true,"href":"https:\/\/eurosdiscounts.com\/index.php\/wp-json\/wp\/v2\/comments?post=14531"}],"wp:featuredmedia":[{"embeddable":true,"href":"https:\/\/eurosdiscounts.com\/index.php\/wp-json\/wp\/v2\/media\/14996"}],"wp:attachment":[{"href":"https:\/\/eurosdiscounts.com\/index.php\/wp-json\/wp\/v2\/media?parent=14531"}],"wp:term":[{"taxonomy":"product_cat","embeddable":true,"href":"https:\/\/eurosdiscounts.com\/index.php\/wp-json\/wp\/v2\/product_cat?post=14531"},{"taxonomy":"product_tag","embeddable":true,"href":"https:\/\/eurosdiscounts.com\/index.php\/wp-json\/wp\/v2\/product_tag?post=14531"}],"curies":[{"name":"wp","href":"https:\/\/api.w.org\/{rel}","templated":true}]}}