{"id":14345,"date":"2020-03-08T21:11:58","date_gmt":"2020-03-08T20:11:58","guid":{"rendered":"https:\/\/smartsdiscount.com\/?post_type=product&amp;p=14345"},"modified":"2023-02-03T15:38:52","modified_gmt":"2023-02-03T14:38:52","slug":"canape-dangle-convertible-3-places-fox-coloris-gris","status":"publish","type":"product","link":"https:\/\/eurosdiscounts.com\/index.php\/produit\/canape-dangle-convertible-3-places-fox-coloris-gris\/","title":{"rendered":"Canap\u00e9 d&rsquo;angle convertible 3 places FOX coloris gris"},"content":{"rendered":"<div class=\"detailCaracts\">\n<table class=\"productSpecifications\">\n<tbody>\n<tr>\n<td class=\"titleCaract\" colspan=\"2\">\n<h3>Description<\/h3>\n<\/td>\n<\/tr>\n<tr class=\"col\">\n<td><strong>Origine de Fabrication<\/strong><\/td>\n<td>Europe<\/td>\n<\/tr>\n<tr class=\"col\">\n<td><strong>Nombre de places<\/strong><\/td>\n<td>3 pl<\/td>\n<\/tr>\n<tr class=\"col\">\n<td><strong>Accoudoirs r\u00e9glables<\/strong><\/td>\n<td>Non<\/td>\n<\/tr>\n<tr class=\"col\">\n<td><strong>T\u00e9ti\u00e8res \/ appuie-t\u00eates ajustables<\/strong><\/td>\n<td>Non<\/td>\n<\/tr>\n<tr class=\"col\">\n<td><strong>Type<\/strong><\/td>\n<td>convertible<\/td>\n<\/tr>\n<tr class=\"col\">\n<td><strong>Style<\/strong><\/td>\n<td>Fonctionnel<\/td>\n<\/tr>\n<tr class=\"col\">\n<td><strong>Cot\u00e9 d&rsquo;angle<\/strong><\/td>\n<td>r\u00e9versible<\/td>\n<\/tr>\n<tr class=\"col\">\n<td><strong>Liseuse<\/strong><\/td>\n<td>non<\/td>\n<\/tr>\n<tr class=\"col\">\n<td><strong>Coussin(s) cale-reins<\/strong><\/td>\n<td>Non<\/td>\n<\/tr>\n<tr class=\"col\">\n<td><strong>Coffre de rangement<\/strong><\/td>\n<td>Non<\/td>\n<\/tr>\n<tr class=\"col col-last\">\n<td><strong>Type<\/strong><\/td>\n<td>Si\u00e8ge complet<\/td>\n<\/tr>\n<\/tbody>\n<\/table>\n<\/div>\n<div class=\"detailCaracts\">\n<table class=\"productSpecifications\">\n<tbody>\n<tr>\n<td class=\"titleCaract\" colspan=\"2\">\n<h3>Coloris<\/h3>\n<\/td>\n<\/tr>\n<tr class=\"col col-last\">\n<td><strong>Coloris<\/strong><\/td>\n<td>gris<\/td>\n<\/tr>\n<\/tbody>\n<\/table>\n<\/div>\n<div class=\"detailCaracts\">\n<table class=\"productSpecifications\">\n<tbody>\n<tr>\n<td class=\"titleCaract\" colspan=\"2\">\n<h3>\u00a0Dimensions et poids<\/h3>\n<\/td>\n<\/tr>\n<tr class=\"col\">\n<td><strong>Dimension colis 3<\/strong><\/td>\n<td>84x19x59<\/td>\n<\/tr>\n<tr class=\"col\">\n<td><strong>Dimension couchage (cm : larg. x long. x epaiss.)<\/strong><\/td>\n<td>139x224x14<\/td>\n<\/tr>\n<tr class=\"col\">\n<td><strong>Dimension colis<\/strong><\/td>\n<td>143x48x74<\/td>\n<\/tr>\n<tr class=\"col\">\n<td><strong>Dimension colis 2<\/strong><\/td>\n<td>122x36x79<\/td>\n<\/tr>\n<tr class=\"col\">\n<td><strong>Poids total colis<\/strong><\/td>\n<td>97 kg<\/td>\n<\/tr>\n<tr class=\"col\">\n<td><strong>Epaisseur matelas<\/strong><\/td>\n<td>14 cm<\/td>\n<\/tr>\n<tr class=\"col\">\n<td><strong>Profondeur<\/strong><\/td>\n<td>84 cm<\/td>\n<\/tr>\n<tr class=\"col\">\n<td><strong>Hauteur<\/strong><\/td>\n<td>92 cm<\/td>\n<\/tr>\n<tr class=\"col col-last\">\n<td><strong>Largeur<\/strong><\/td>\n<td>176 cm<\/td>\n<\/tr>\n<\/tbody>\n<\/table>\n<\/div>\n<div class=\"detailCaracts\">\n<table class=\"productSpecifications\">\n<tbody>\n<tr>\n<td class=\"titleCaract\" colspan=\"2\">\n<h3>Mati\u00e8res et finitions<\/h3>\n<\/td>\n<\/tr>\n<tr class=\"col\">\n<td><strong>Rev\u00eatement<\/strong><\/td>\n<td>tissu<\/td>\n<\/tr>\n<tr class=\"col\">\n<td><strong>Rev\u00eatement caisse<\/strong><\/td>\n<td>100% polyester<\/td>\n<\/tr>\n<tr class=\"col\">\n<td><strong>Suspension<\/strong><\/td>\n<td>Ressorts zig-zag<\/td>\n<\/tr>\n<tr class=\"col\">\n<td><strong>Technologie matelas<\/strong><\/td>\n<td>Mousse poly\u00e9ther<\/td>\n<\/tr>\n<tr class=\"col\">\n<td><strong>Mati\u00e8re garnissage<\/strong><\/td>\n<td>Mousse poly\u00e9ther<\/td>\n<\/tr>\n<tr class=\"col\">\n<td><strong>Rev\u00eatement couette\/assise<\/strong><\/td>\n<td>100% polyester<\/td>\n<\/tr>\n<tr class=\"col\">\n<td><strong>Mati\u00e8re pieds<\/strong><\/td>\n<td>Plastique<\/td>\n<\/tr>\n<tr class=\"col\">\n<td><strong>Mati\u00e8re structure<\/strong><\/td>\n<td>Panneaux de fibres et panneaux de particules<\/td>\n<\/tr>\n<tr class=\"col col-last\">\n<td><strong>Autres teintes disponibles<\/strong><\/td>\n<td>Non<\/td>\n<\/tr>\n<\/tbody>\n<\/table>\n<\/div>\n<div class=\"detailCaracts\">\n<table class=\"productSpecifications\">\n<tbody>\n<tr>\n<td class=\"titleCaract\" colspan=\"2\">\n<h3>Services<\/h3>\n<\/td>\n<\/tr>\n<tr class=\"col\">\n<td><strong>Disponibilit\u00e9 pi\u00e8ces d\u00e9tach\u00e9es<\/strong><\/td>\n<td>Non disponible<\/td>\n<\/tr>\n<tr class=\"col col-last\">\n<td><strong>Garantie<\/strong><\/td>\n<td>GAR 2 ANS PIECES<\/td>\n<\/tr>\n<\/tbody>\n<\/table>\n<\/div>\n<div class=\"detailCaracts\">\n<table class=\"productSpecifications\">\n<tbody>\n<tr>\n<td class=\"titleCaract\" colspan=\"2\">\n<h3>Description<\/h3>\n<\/td>\n<\/tr>\n<tr class=\"col col-last\">\n<td><strong>Usage<\/strong><\/td>\n<td>Int\u00e9rieur<\/td>\n<\/tr>\n<\/tbody>\n<\/table>\n<\/div>\n","protected":false},"excerpt":{"rendered":"<h3 class=\"costum-list-style\">Description du produit<\/h3>\n<ul class=\"ui-tabs-nav ui-helper-reset ui-helper-clearfix ui-widget-header ui-corner-all\" role=\"tablist\">\n<li>Extensible (176 \u00e0 224 cm)<\/li>\n<li>Converstible<\/li>\n<li>R\u00e9versible<\/li>\n<\/ul>\n<p class=\"normal\">FOX ANG.CV REV. TISSU GRIS<\/p>\n","protected":false},"featured_media":15095,"comment_status":"open","ping_status":"closed","template":"","meta":[],"product_cat":[156,214],"product_tag":[],"class_list":{"0":"post-14345","1":"product","2":"type-product","3":"status-publish","4":"has-post-thumbnail","6":"product_cat-bons-plans","7":"product_cat-canapes","9":"first","10":"instock","11":"sale","12":"shipping-taxable","13":"purchasable","14":"product-type-simple","15":"col-xs-6 col-sm-4","16":"col-md-3 col-lg-3","17":"un-4-cols"},"yoast_head":"<!-- This site is optimized with the Yoast SEO plugin v27.0 - https:\/\/yoast.com\/product\/yoast-seo-wordpress\/ -->\n<title>canape-dangle-convertible-3-places-fox-coloris-gris<\/title>\n<meta name=\"description\" content=\"Canap\u00e9 d&#039;angle convertible 3 places FOX coloris gris tr\u00e8s confortable\" \/>\n<meta name=\"robots\" content=\"index, follow, max-snippet:-1, max-image-preview:large, max-video-preview:-1\" \/>\n<link rel=\"canonical\" href=\"https:\/\/eurosdiscounts.com\/index.php\/produit\/canape-dangle-convertible-3-places-fox-coloris-gris\/\" \/>\n<meta property=\"og:locale\" content=\"fr_FR\" \/>\n<meta property=\"og:type\" content=\"article\" \/>\n<meta property=\"og:title\" content=\"canape-dangle-convertible-3-places-fox-coloris-gris\" \/>\n<meta property=\"og:description\" content=\"Canap\u00e9 d&#039;angle convertible 3 places FOX coloris gris tr\u00e8s confortable\" \/>\n<meta property=\"og:url\" content=\"https:\/\/eurosdiscounts.com\/index.php\/produit\/canape-dangle-convertible-3-places-fox-coloris-gris\/\" \/>\n<meta property=\"og:site_name\" content=\"Eurosdiscounts.com- Achat sur Internet a prix discount, Canap\u00e9s pas cher, Smartphone pas cher, pc portable pas cher..\" \/>\n<meta property=\"article:modified_time\" content=\"2023-02-03T14:38:52+00:00\" \/>\n<meta property=\"og:image\" content=\"https:\/\/eurosdiscounts.com\/wp-content\/uploads\/2020\/03\/c-27.jpg\" \/>\n\t<meta property=\"og:image:width\" content=\"800\" \/>\n\t<meta property=\"og:image:height\" content=\"600\" \/>\n\t<meta property=\"og:image:type\" content=\"image\/jpeg\" \/>\n<meta name=\"twitter:card\" content=\"summary_large_image\" \/>\n<meta name=\"twitter:label1\" content=\"Dur\u00e9e de lecture estim\u00e9e\" \/>\n\t<meta name=\"twitter:data1\" content=\"1 minute\" \/>\n<script type=\"application\/ld+json\" class=\"yoast-schema-graph\">{\"@context\":\"https:\/\/schema.org\",\"@graph\":[{\"@type\":\"WebPage\",\"@id\":\"https:\/\/eurosdiscounts.com\/index.php\/produit\/canape-dangle-convertible-3-places-fox-coloris-gris\/\",\"url\":\"https:\/\/eurosdiscounts.com\/index.php\/produit\/canape-dangle-convertible-3-places-fox-coloris-gris\/\",\"name\":\"canape-dangle-convertible-3-places-fox-coloris-gris\",\"isPartOf\":{\"@id\":\"https:\/\/eurosdiscounts.com\/#website\"},\"primaryImageOfPage\":{\"@id\":\"https:\/\/eurosdiscounts.com\/index.php\/produit\/canape-dangle-convertible-3-places-fox-coloris-gris\/#primaryimage\"},\"image\":{\"@id\":\"https:\/\/eurosdiscounts.com\/index.php\/produit\/canape-dangle-convertible-3-places-fox-coloris-gris\/#primaryimage\"},\"thumbnailUrl\":\"https:\/\/eurosdiscounts.com\/wp-content\/uploads\/2020\/03\/c-27.jpg\",\"datePublished\":\"2020-03-08T20:11:58+00:00\",\"dateModified\":\"2023-02-03T14:38:52+00:00\",\"description\":\"Canap\u00e9 d'angle convertible 3 places FOX coloris gris tr\u00e8s confortable\",\"breadcrumb\":{\"@id\":\"https:\/\/eurosdiscounts.com\/index.php\/produit\/canape-dangle-convertible-3-places-fox-coloris-gris\/#breadcrumb\"},\"inLanguage\":\"fr-FR\",\"potentialAction\":[{\"@type\":\"ReadAction\",\"target\":[\"https:\/\/eurosdiscounts.com\/index.php\/produit\/canape-dangle-convertible-3-places-fox-coloris-gris\/\"]}]},{\"@type\":\"ImageObject\",\"inLanguage\":\"fr-FR\",\"@id\":\"https:\/\/eurosdiscounts.com\/index.php\/produit\/canape-dangle-convertible-3-places-fox-coloris-gris\/#primaryimage\",\"url\":\"https:\/\/eurosdiscounts.com\/wp-content\/uploads\/2020\/03\/c-27.jpg\",\"contentUrl\":\"https:\/\/eurosdiscounts.com\/wp-content\/uploads\/2020\/03\/c-27.jpg\",\"width\":800,\"height\":600},{\"@type\":\"BreadcrumbList\",\"@id\":\"https:\/\/eurosdiscounts.com\/index.php\/produit\/canape-dangle-convertible-3-places-fox-coloris-gris\/#breadcrumb\",\"itemListElement\":[{\"@type\":\"ListItem\",\"position\":1,\"name\":\"Accueil\",\"item\":\"https:\/\/eurosdiscounts.com\/\"},{\"@type\":\"ListItem\",\"position\":2,\"name\":\"Boutique\",\"item\":\"https:\/\/eurosdiscounts.com\/index.php\/boutique\/\"},{\"@type\":\"ListItem\",\"position\":3,\"name\":\"Canap\u00e9 d&rsquo;angle convertible 3 places FOX coloris gris\"}]},{\"@type\":\"WebSite\",\"@id\":\"https:\/\/eurosdiscounts.com\/#website\",\"url\":\"https:\/\/eurosdiscounts.com\/\",\"name\":\"Eurosdiscounts.com- Achat sur Internet a prix discount, Canap\u00e9s pas cher, Smartphone pas cher, pc portable pas cher..\",\"description\":\"Eurosdiscounts.com- Achat sur Internet a prix discount, Canap\u00e9s pas cher, Smartphone pas cher, pc portable pas cher..\",\"potentialAction\":[{\"@type\":\"SearchAction\",\"target\":{\"@type\":\"EntryPoint\",\"urlTemplate\":\"https:\/\/eurosdiscounts.com\/?s={search_term_string}\"},\"query-input\":{\"@type\":\"PropertyValueSpecification\",\"valueRequired\":true,\"valueName\":\"search_term_string\"}}],\"inLanguage\":\"fr-FR\"}]}<\/script>\n<!-- \/ Yoast SEO plugin. -->","yoast_head_json":{"title":"canape-dangle-convertible-3-places-fox-coloris-gris","description":"Canap\u00e9 d'angle convertible 3 places FOX coloris gris tr\u00e8s confortable","robots":{"index":"index","follow":"follow","max-snippet":"max-snippet:-1","max-image-preview":"max-image-preview:large","max-video-preview":"max-video-preview:-1"},"canonical":"https:\/\/eurosdiscounts.com\/index.php\/produit\/canape-dangle-convertible-3-places-fox-coloris-gris\/","og_locale":"fr_FR","og_type":"article","og_title":"canape-dangle-convertible-3-places-fox-coloris-gris","og_description":"Canap\u00e9 d'angle convertible 3 places FOX coloris gris tr\u00e8s confortable","og_url":"https:\/\/eurosdiscounts.com\/index.php\/produit\/canape-dangle-convertible-3-places-fox-coloris-gris\/","og_site_name":"Eurosdiscounts.com- Achat sur Internet a prix discount, Canap\u00e9s pas cher, Smartphone pas cher, pc portable pas cher..","article_modified_time":"2023-02-03T14:38:52+00:00","og_image":[{"width":800,"height":600,"url":"https:\/\/eurosdiscounts.com\/wp-content\/uploads\/2020\/03\/c-27.jpg","type":"image\/jpeg"}],"twitter_card":"summary_large_image","twitter_misc":{"Dur\u00e9e de lecture estim\u00e9e":"1 minute"},"schema":{"@context":"https:\/\/schema.org","@graph":[{"@type":"WebPage","@id":"https:\/\/eurosdiscounts.com\/index.php\/produit\/canape-dangle-convertible-3-places-fox-coloris-gris\/","url":"https:\/\/eurosdiscounts.com\/index.php\/produit\/canape-dangle-convertible-3-places-fox-coloris-gris\/","name":"canape-dangle-convertible-3-places-fox-coloris-gris","isPartOf":{"@id":"https:\/\/eurosdiscounts.com\/#website"},"primaryImageOfPage":{"@id":"https:\/\/eurosdiscounts.com\/index.php\/produit\/canape-dangle-convertible-3-places-fox-coloris-gris\/#primaryimage"},"image":{"@id":"https:\/\/eurosdiscounts.com\/index.php\/produit\/canape-dangle-convertible-3-places-fox-coloris-gris\/#primaryimage"},"thumbnailUrl":"https:\/\/eurosdiscounts.com\/wp-content\/uploads\/2020\/03\/c-27.jpg","datePublished":"2020-03-08T20:11:58+00:00","dateModified":"2023-02-03T14:38:52+00:00","description":"Canap\u00e9 d'angle convertible 3 places FOX coloris gris tr\u00e8s confortable","breadcrumb":{"@id":"https:\/\/eurosdiscounts.com\/index.php\/produit\/canape-dangle-convertible-3-places-fox-coloris-gris\/#breadcrumb"},"inLanguage":"fr-FR","potentialAction":[{"@type":"ReadAction","target":["https:\/\/eurosdiscounts.com\/index.php\/produit\/canape-dangle-convertible-3-places-fox-coloris-gris\/"]}]},{"@type":"ImageObject","inLanguage":"fr-FR","@id":"https:\/\/eurosdiscounts.com\/index.php\/produit\/canape-dangle-convertible-3-places-fox-coloris-gris\/#primaryimage","url":"https:\/\/eurosdiscounts.com\/wp-content\/uploads\/2020\/03\/c-27.jpg","contentUrl":"https:\/\/eurosdiscounts.com\/wp-content\/uploads\/2020\/03\/c-27.jpg","width":800,"height":600},{"@type":"BreadcrumbList","@id":"https:\/\/eurosdiscounts.com\/index.php\/produit\/canape-dangle-convertible-3-places-fox-coloris-gris\/#breadcrumb","itemListElement":[{"@type":"ListItem","position":1,"name":"Accueil","item":"https:\/\/eurosdiscounts.com\/"},{"@type":"ListItem","position":2,"name":"Boutique","item":"https:\/\/eurosdiscounts.com\/index.php\/boutique\/"},{"@type":"ListItem","position":3,"name":"Canap\u00e9 d&rsquo;angle convertible 3 places FOX coloris gris"}]},{"@type":"WebSite","@id":"https:\/\/eurosdiscounts.com\/#website","url":"https:\/\/eurosdiscounts.com\/","name":"Eurosdiscounts.com- Achat sur Internet a prix discount, Canap\u00e9s pas cher, Smartphone pas cher, pc portable pas cher..","description":"Eurosdiscounts.com- Achat sur Internet a prix discount, Canap\u00e9s pas cher, Smartphone pas cher, pc portable pas cher..","potentialAction":[{"@type":"SearchAction","target":{"@type":"EntryPoint","urlTemplate":"https:\/\/eurosdiscounts.com\/?s={search_term_string}"},"query-input":{"@type":"PropertyValueSpecification","valueRequired":true,"valueName":"search_term_string"}}],"inLanguage":"fr-FR"}]}},"_links":{"self":[{"href":"https:\/\/eurosdiscounts.com\/index.php\/wp-json\/wp\/v2\/product\/14345","targetHints":{"allow":["GET"]}}],"collection":[{"href":"https:\/\/eurosdiscounts.com\/index.php\/wp-json\/wp\/v2\/product"}],"about":[{"href":"https:\/\/eurosdiscounts.com\/index.php\/wp-json\/wp\/v2\/types\/product"}],"replies":[{"embeddable":true,"href":"https:\/\/eurosdiscounts.com\/index.php\/wp-json\/wp\/v2\/comments?post=14345"}],"wp:featuredmedia":[{"embeddable":true,"href":"https:\/\/eurosdiscounts.com\/index.php\/wp-json\/wp\/v2\/media\/15095"}],"wp:attachment":[{"href":"https:\/\/eurosdiscounts.com\/index.php\/wp-json\/wp\/v2\/media?parent=14345"}],"wp:term":[{"taxonomy":"product_cat","embeddable":true,"href":"https:\/\/eurosdiscounts.com\/index.php\/wp-json\/wp\/v2\/product_cat?post=14345"},{"taxonomy":"product_tag","embeddable":true,"href":"https:\/\/eurosdiscounts.com\/index.php\/wp-json\/wp\/v2\/product_tag?post=14345"}],"curies":[{"name":"wp","href":"https:\/\/api.w.org\/{rel}","templated":true}]}}